{"id":972,"date":"2016-03-13T12:05:17","date_gmt":"2016-03-13T11:05:17","guid":{"rendered":"http:\/\/marret.co\/?page_id=972"},"modified":"2017-11-30T16:58:35","modified_gmt":"2017-11-30T15:58:35","slug":"la-visite-du-roi-de-bulgarie","status":"publish","type":"page","link":"https:\/\/lesgravereaux.marret.co\/index.php\/des-roseraies\/la-roseraie-de-bagatelle\/la-visite-du-roi-de-bulgarie\/","title":{"rendered":"La visite du Roi de Bulgarie"},"content":{"rendered":"<p>Le 24 juin 1910, le roi Ferdinand de Bulgarie et son \u00e9pouse, la reine \u00c9l\u00e9onora, ont visit\u00e9 la roseraie de Bagatelle.<\/p>\n<p><a href=\"https:\/\/i0.wp.com\/marret.co\/wp-content\/uploads\/2016\/03\/1910-06-24-Les-souverains-bulgares-a-Bagatelle-132b_wp.jpg\" rel=\"attachment wp-att-964\"><img data-recalc-dims=\"1\" loading=\"lazy\" decoding=\"async\" data-attachment-id=\"964\" data-permalink=\"https:\/\/lesgravereaux.marret.co\/index.php\/des-roseraies\/la-roseraie-de-bagatelle\/la-visite-du-roi-de-bulgarie\/olympus-digital-camera-3\/\" data-orig-file=\"https:\/\/i0.wp.com\/lesgravereaux.marret.co\/wp-content\/uploads\/2016\/03\/1910-06-24-Les-souverains-bulgares-a-Bagatelle-132b_wp.jpg?fit=1575%2C1106&amp;ssl=1\" data-orig-size=\"1575,1106\" data-comments-opened=\"1\" data-image-meta=\"{&quot;aperture&quot;:&quot;2.9&quot;,&quot;credit&quot;:&quot;&quot;,&quot;camera&quot;:&quot;X100,D540Z,C310Z&quot;,&quot;caption&quot;:&quot;OLYMPUS DIGITAL CAMERA&quot;,&quot;created_timestamp&quot;:&quot;1201082627&quot;,&quot;copyright&quot;:&quot;&quot;,&quot;focal_length&quot;:&quot;5.8&quot;,&quot;iso&quot;:&quot;50&quot;,&quot;shutter_speed&quot;:&quot;0.025&quot;,&quot;title&quot;:&quot;OLYMPUS DIGITAL CAMERA&quot;,&quot;orientation&quot;:&quot;1&quot;}\" data-image-title=\"1910-06-24 Les souverains bulgares \u00e0 Bagatelle &amp;#8211; 132\" data-image-description=\"\" data-image-caption=\"\" data-medium-file=\"https:\/\/i0.wp.com\/lesgravereaux.marret.co\/wp-content\/uploads\/2016\/03\/1910-06-24-Les-souverains-bulgares-a-Bagatelle-132b_wp.jpg?fit=300%2C211&amp;ssl=1\" data-large-file=\"https:\/\/i0.wp.com\/lesgravereaux.marret.co\/wp-content\/uploads\/2016\/03\/1910-06-24-Les-souverains-bulgares-a-Bagatelle-132b_wp.jpg?fit=640%2C449&amp;ssl=1\" width=\"400\" height=\"281\" class=\"wp-image-964 alignleft\" alt=\"1910-06-24 Les souverains bulgares \u00e0 Bagatelle - 132\" src=\"https:\/\/i0.wp.com\/marret.co\/wp-content\/uploads\/2016\/03\/1910-06-24-Les-souverains-bulgares-a-Bagatelle-132b_wp-1024x719.jpg?resize=400%2C281\" data-wp-pid=\"964\" srcset=\"https:\/\/i0.wp.com\/lesgravereaux.marret.co\/wp-content\/uploads\/2016\/03\/1910-06-24-Les-souverains-bulgares-a-Bagatelle-132b_wp.jpg?resize=1024%2C719&amp;ssl=1 1024w, https:\/\/i0.wp.com\/lesgravereaux.marret.co\/wp-content\/uploads\/2016\/03\/1910-06-24-Les-souverains-bulgares-a-Bagatelle-132b_wp.jpg?resize=300%2C211&amp;ssl=1 300w, https:\/\/i0.wp.com\/lesgravereaux.marret.co\/wp-content\/uploads\/2016\/03\/1910-06-24-Les-souverains-bulgares-a-Bagatelle-132b_wp.jpg?resize=768%2C539&amp;ssl=1 768w, https:\/\/i0.wp.com\/lesgravereaux.marret.co\/wp-content\/uploads\/2016\/03\/1910-06-24-Les-souverains-bulgares-a-Bagatelle-132b_wp.jpg?resize=800%2C562&amp;ssl=1 800w, https:\/\/i0.wp.com\/lesgravereaux.marret.co\/wp-content\/uploads\/2016\/03\/1910-06-24-Les-souverains-bulgares-a-Bagatelle-132b_wp.jpg?resize=600%2C421&amp;ssl=1 600w, https:\/\/i0.wp.com\/lesgravereaux.marret.co\/wp-content\/uploads\/2016\/03\/1910-06-24-Les-souverains-bulgares-a-Bagatelle-132b_wp.jpg?w=1575&amp;ssl=1 1575w, https:\/\/i0.wp.com\/lesgravereaux.marret.co\/wp-content\/uploads\/2016\/03\/1910-06-24-Les-souverains-bulgares-a-Bagatelle-132b_wp.jpg?w=1280&amp;ssl=1 1280w\" sizes=\"auto, (max-width: 400px) 100vw, 400px\" \/><\/a><\/p>\n<p>&nbsp;<\/p>\n<p>Au premier plan, la reine \u00c9l\u00e9onora et le roi Ferdinand de Bulgarie; derri\u00e8re eux et au centre, Jules Gravereaux<\/p>\n<p><em><span style=\"font-size: 10pt;\">Source : archives priv\u00e9es<\/span><\/em><\/p>\n<p>&nbsp;<\/p>\n<p>&nbsp;<\/p>\n<p>Le Figaro du 25 juin 1910 raconte :<\/p>\n<p><em>\u00ab [&#8230;] Les souverains sont arriv\u00e9s en automobile, vers onze heures, \u00e0 la roseraie, accompagn\u00e9s de Mme Stancioff, du g\u00e9n\u00e9ral Goiran, du comte de Bourboulon et du lieutenant-colonel Griache.<\/em><\/p>\n<p><em>\u00ab Ils y ont \u00e9t\u00e9 accueillis par MM. Bellan, Gay, Froment-Meurice, Dausset et plusieurs de leurs coll\u00e8gues du Conseil municipal&nbsp;: Armand Bernard, Forestier, conservateur du bois de Boulogne; Gravereau, le c\u00e9l\u00e8bre rosi\u00e9riste de L&rsquo;Hay; Falcou, Georges Cain, Roger Bouvard, et quelques artistes de la Soci\u00e9t\u00e9 nationale des beaux-arts et du Comit\u00e9 de l&rsquo;exposition des portraits d&rsquo;enfants, MM. Roll, Albert Besnard et Mme Besnard, Prinet, Montenard, Raguet, etc., etc.<\/em><\/p>\n<p><em>\u00ab Le Roi, en complet bleu marine et chapeau de feutre, portait \u00e0 la boutonni\u00e8re un \u0153illet jaune; la Reine avait une toilette fort seyante de tussor blanc et une toque de paille violette, garnie de larges rubans. La suite, en tenue de ville.<\/em><\/p>\n<p><em>\u00ab M. Forestier, qui guidait Leurs Majest\u00e9s au milieu des parterres et sous les tonnelles tout en roses, a pr\u00e9sent\u00e9 au Roi plusieurs fleurs, issues de la premi\u00e8re grande roseraie fran\u00e7aise, celle pr\u00e9cis\u00e9ment qu&rsquo;en son domaine de Neuilly, le roi Louis-Philippe avait form\u00e9e de graines et de boutures provenant du jardin qu&rsquo;avait cultiv\u00e9, \u00e0 La Malmaison, l&rsquo;imp\u00e9ratrice Jos\u00e9phine.<\/em><\/p>\n<p><em>\u00ab Redout\u00e9, le fameux peintre de roses, avait trouv\u00e9 ses mod\u00e8les dans la belle collection de Neuilly, et comme M. Forestier rappelait \u00e0 Sa Majest\u00e9 ce d\u00e9tail, le Roi r\u00e9pondit aussit\u00f4t que Redout\u00e9 fut le professeur de peinture de sa m\u00e8re et qu&rsquo;il conservait beaucoup d&rsquo;originaux de lui.<\/em><\/p>\n<p><em>\u00ab \u00c0 c\u00f4t\u00e9 de ces roses, dont l&rsquo;histoire ne pouvait manquer de les int\u00e9resser, les souverains ont admir\u00e9 certaines vari\u00e9t\u00e9s rares et fort belles; M. Forestier en a form\u00e9 une gerbe, dans laquelle se trouvaient, avec des \u00ab&nbsp;\u00c9toile de France&nbsp;\u00bb, quelques \u00ab&nbsp;Prince de Bulgarie&nbsp;\u00bb, aux p\u00e9tales d&rsquo;une jolie nuance or et feu, et il l&rsquo;a offerte \u00e0 la Reine, pendant que le Roi discutait avec M. Gravereau une question de greffe et d&rsquo;hybridation, devant une superbe plate-bande de roses de Kazanlick dont les Bulgares font leurs c\u00e9l\u00e8bres parfums.<\/em><\/p>\n<p><em>\u00ab Mais une averse interrompit la promenade, et l&rsquo;on se r\u00e9fugia sous le kiosque rustique d&rsquo;o\u00f9 jadis l&#8217;empereur Napol\u00e9on III et le marquis de Herford assistaient aux le\u00e7ons d&rsquo;\u00e9quitation du Prince imp\u00e9rial, sur la pelouse qui est devenue aujourd&rsquo;hui cette roseraie de Bagatelle.&nbsp;[&#8230;] \u00bb<\/em><\/p>\n<p>Le Petit Journal ajoute :<\/p>\n<p><em>\u00ab [&#8230;] Quoique la visite ait \u00e9t\u00e9 bien tardive, la rose ayant d\u00e9j\u00e0 tenu toutes ses promesses printani\u00e8res, la roseraie a paru int\u00e9resser particuli\u00e8rement le roi et la reine.<\/em><\/p>\n<p><em> \u00ab M. Forestier a pr\u00e9sent\u00e9 aux souverains le parrain de cette collection, M. Jules Gravereaux, qui, lors de la cr\u00e9ation de ce jardin, a donn\u00e9 \u00e0 la ville dix mille plants vari\u00e9s des plus rares et des plus beaux, provenant de sa roseraie de L&rsquo;Hay.<\/em><\/p>\n<p><em> \u00ab Le roi a \u00e9cout\u00e9 avec int\u00e9r\u00eat les explications donn\u00e9es; on lui a notamment montr\u00e9 une vari\u00e9t\u00e9 de roses de Bulgarie rapport\u00e9es du Kasaulick, et qui hybrid\u00e9e avec une rose du Japon, a donn\u00e9 une rose dite \u00ab&nbsp;<strong>Parfum de L&rsquo;Hay<\/strong>&nbsp;\u00bb. La Reine a orn\u00e9 son corsage, en tussor blanc, d&rsquo;un sp\u00e9cimen de cette fleur.&nbsp;[&#8230;]&nbsp;\u00bb<\/em><\/p>\n<p>Et dans l&rsquo;Illustration du 2 juillet 1910, une photo de cette visite illustre la page couverture&#8230;<\/p>\n<p><a href=\"https:\/\/i0.wp.com\/marret.co\/wp-content\/uploads\/2016\/03\/1910-07-02-LIllustration_wp.jpg\" rel=\"attachment wp-att-965\"><img data-recalc-dims=\"1\" loading=\"lazy\" decoding=\"async\" data-attachment-id=\"965\" data-permalink=\"https:\/\/lesgravereaux.marret.co\/index.php\/des-roseraies\/la-roseraie-de-bagatelle\/la-visite-du-roi-de-bulgarie\/1910-07-02-lillustration_wp\/\" data-orig-file=\"https:\/\/i0.wp.com\/lesgravereaux.marret.co\/wp-content\/uploads\/2016\/03\/1910-07-02-LIllustration_wp.jpg?fit=2088%2C3000&amp;ssl=1\" data-orig-size=\"2088,3000\" data-comments-opened=\"1\" data-image-meta=\"{&quot;aperture&quot;:&quot;0&quot;,&quot;credit&quot;:&quot;&quot;,&quot;camera&quot;:&quot;&quot;,&quot;caption&quot;:&quot;&quot;,&quot;created_timestamp&quot;:&quot;0&quot;,&quot;copyright&quot;:&quot;&quot;,&quot;focal_length&quot;:&quot;0&quot;,&quot;iso&quot;:&quot;0&quot;,&quot;shutter_speed&quot;:&quot;0&quot;,&quot;title&quot;:&quot;&quot;,&quot;orientation&quot;:&quot;1&quot;}\" data-image-title=\"1910-07-02 L&amp;rsquo;Illustration_wp\" data-image-description=\"\" data-image-caption=\"\" data-medium-file=\"https:\/\/i0.wp.com\/lesgravereaux.marret.co\/wp-content\/uploads\/2016\/03\/1910-07-02-LIllustration_wp.jpg?fit=209%2C300&amp;ssl=1\" data-large-file=\"https:\/\/i0.wp.com\/lesgravereaux.marret.co\/wp-content\/uploads\/2016\/03\/1910-07-02-LIllustration_wp.jpg?fit=640%2C919&amp;ssl=1\" width=\"640\" height=\"919\" class=\"alignnone size-large wp-image-965\" alt=\"1910-07-02 L'Illustration_wp\" src=\"https:\/\/i0.wp.com\/marret.co\/wp-content\/uploads\/2016\/03\/1910-07-02-LIllustration_wp-713x1024.jpg?resize=640%2C919\" data-wp-pid=\"965\" srcset=\"https:\/\/i0.wp.com\/lesgravereaux.marret.co\/wp-content\/uploads\/2016\/03\/1910-07-02-LIllustration_wp.jpg?resize=713%2C1024&amp;ssl=1 713w, https:\/\/i0.wp.com\/lesgravereaux.marret.co\/wp-content\/uploads\/2016\/03\/1910-07-02-LIllustration_wp.jpg?resize=209%2C300&amp;ssl=1 209w, https:\/\/i0.wp.com\/lesgravereaux.marret.co\/wp-content\/uploads\/2016\/03\/1910-07-02-LIllustration_wp.jpg?resize=768%2C1103&amp;ssl=1 768w, https:\/\/i0.wp.com\/lesgravereaux.marret.co\/wp-content\/uploads\/2016\/03\/1910-07-02-LIllustration_wp.jpg?resize=800%2C1149&amp;ssl=1 800w, https:\/\/i0.wp.com\/lesgravereaux.marret.co\/wp-content\/uploads\/2016\/03\/1910-07-02-LIllustration_wp.jpg?resize=418%2C600&amp;ssl=1 418w, https:\/\/i0.wp.com\/lesgravereaux.marret.co\/wp-content\/uploads\/2016\/03\/1910-07-02-LIllustration_wp.jpg?w=1280&amp;ssl=1 1280w, https:\/\/i0.wp.com\/lesgravereaux.marret.co\/wp-content\/uploads\/2016\/03\/1910-07-02-LIllustration_wp.jpg?w=1920&amp;ssl=1 1920w\" sizes=\"auto, (max-width: 640px) 100vw, 640px\" \/><\/a><\/p>\n<p>Le Petit Parisien en fait autant le 10 juillet 1910!<\/p>\n<p><a href=\"https:\/\/i0.wp.com\/marret.co\/wp-content\/uploads\/2016\/03\/1910-07-10-Le-Petit-Parisien_wp.jpg\" rel=\"attachment wp-att-974\"><img data-recalc-dims=\"1\" loading=\"lazy\" decoding=\"async\" data-attachment-id=\"974\" data-permalink=\"https:\/\/lesgravereaux.marret.co\/index.php\/des-roseraies\/la-roseraie-de-bagatelle\/la-visite-du-roi-de-bulgarie\/1910-07-10-le-petit-parisien_wp\/\" data-orig-file=\"https:\/\/i0.wp.com\/lesgravereaux.marret.co\/wp-content\/uploads\/2016\/03\/1910-07-10-Le-Petit-Parisien_wp.jpg?fit=1941%2C3000&amp;ssl=1\" data-orig-size=\"1941,3000\" data-comments-opened=\"1\" data-image-meta=\"{&quot;aperture&quot;:&quot;0&quot;,&quot;credit&quot;:&quot;&quot;,&quot;camera&quot;:&quot;&quot;,&quot;caption&quot;:&quot;&quot;,&quot;created_timestamp&quot;:&quot;0&quot;,&quot;copyright&quot;:&quot;&quot;,&quot;focal_length&quot;:&quot;0&quot;,&quot;iso&quot;:&quot;0&quot;,&quot;shutter_speed&quot;:&quot;0&quot;,&quot;title&quot;:&quot;&quot;,&quot;orientation&quot;:&quot;1&quot;}\" data-image-title=\"1910-07-10 Le Petit Parisien_wp\" data-image-description=\"\" data-image-caption=\"\" data-medium-file=\"https:\/\/i0.wp.com\/lesgravereaux.marret.co\/wp-content\/uploads\/2016\/03\/1910-07-10-Le-Petit-Parisien_wp.jpg?fit=194%2C300&amp;ssl=1\" data-large-file=\"https:\/\/i0.wp.com\/lesgravereaux.marret.co\/wp-content\/uploads\/2016\/03\/1910-07-10-Le-Petit-Parisien_wp.jpg?fit=640%2C988&amp;ssl=1\" width=\"640\" height=\"988\" class=\"alignnone size-large wp-image-974\" alt=\"1910-07-10 Le Petit Parisien_wp\" src=\"https:\/\/i0.wp.com\/marret.co\/wp-content\/uploads\/2016\/03\/1910-07-10-Le-Petit-Parisien_wp-663x1024.jpg?resize=640%2C988\" data-wp-pid=\"974\" srcset=\"https:\/\/i0.wp.com\/lesgravereaux.marret.co\/wp-content\/uploads\/2016\/03\/1910-07-10-Le-Petit-Parisien_wp.jpg?resize=663%2C1024&amp;ssl=1 663w, https:\/\/i0.wp.com\/lesgravereaux.marret.co\/wp-content\/uploads\/2016\/03\/1910-07-10-Le-Petit-Parisien_wp.jpg?resize=194%2C300&amp;ssl=1 194w, https:\/\/i0.wp.com\/lesgravereaux.marret.co\/wp-content\/uploads\/2016\/03\/1910-07-10-Le-Petit-Parisien_wp.jpg?resize=768%2C1187&amp;ssl=1 768w, https:\/\/i0.wp.com\/lesgravereaux.marret.co\/wp-content\/uploads\/2016\/03\/1910-07-10-Le-Petit-Parisien_wp.jpg?resize=388%2C600&amp;ssl=1 388w, https:\/\/i0.wp.com\/lesgravereaux.marret.co\/wp-content\/uploads\/2016\/03\/1910-07-10-Le-Petit-Parisien_wp.jpg?w=1941&amp;ssl=1 1941w, https:\/\/i0.wp.com\/lesgravereaux.marret.co\/wp-content\/uploads\/2016\/03\/1910-07-10-Le-Petit-Parisien_wp.jpg?w=1280&amp;ssl=1 1280w\" sizes=\"auto, (max-width: 640px) 100vw, 640px\" \/><\/a><\/p>\n<p>&nbsp;<\/p>\n<p>&nbsp;<\/p>\n","protected":false},"excerpt":{"rendered":"<p>Le 24 juin 1910, le roi Ferdinand de Bulgarie et son \u00e9pouse, la reine \u00c9l\u00e9onora, ont visit\u00e9 la roseraie de Bagatelle. &nbsp; Au premier plan, la reine \u00c9l\u00e9onora et le roi Ferdinand de Bulgarie; derri\u00e8re eux et au centre, Jules &hellip; <a href=\"https:\/\/lesgravereaux.marret.co\/index.php\/des-roseraies\/la-roseraie-de-bagatelle\/la-visite-du-roi-de-bulgarie\/\">Continuer la lecture <span class=\"meta-nav\">&rarr;<\/span><\/a><\/p>\n","protected":false},"author":1,"featured_media":0,"parent":958,"menu_order":0,"comment_status":"closed","ping_status":"closed","template":"","meta":{"ngg_post_thumbnail":0,"jetpack_post_was_ever_published":false,"footnotes":""},"class_list":["post-972","page","type-page","status-publish","hentry"],"jetpack_sharing_enabled":true,"jetpack_shortlink":"https:\/\/wp.me\/P7ERyi-fG","jetpack-related-posts":[{"id":66,"url":"https:\/\/lesgravereaux.marret.co\/","url_meta":{"origin":972,"position":0},"title":"Les Gravereaux","author":"marretgravereaux","date":"24 octobre 2015","format":false,"excerpt":"Ce site est d\u00e9di\u00e9 aux descendants de Jean Baptiste GRAVEREAU (GRAVEREAU, GRAVEROT ou GRAVEREAUX ) dont certains, tels Jules Gravereaux ou Jean-Claude Pascal, connurent la c\u00e9l\u00e9brit\u00e9\u2026 Exposition sur le Mus\u00e9e de la Rose En 2024, les Archives d\u00e9partementales du Val-de-Marne ont tenu une exposition \u00e0 la Roseraie du Val-de-Marne sous\u2026","rel":"","context":"Article similaire","block_context":{"text":"Article similaire","link":""},"img":{"alt_text":"Roses de Malmaison - p01b_wp","src":"https:\/\/i0.wp.com\/lesgravereaux.marret.co\/wp-content\/uploads\/2016\/03\/Roses-de-Malmaison-p01b_wp.jpg?resize=350%2C200","width":350,"height":200},"classes":[]},{"id":801,"url":"https:\/\/lesgravereaux.marret.co\/index.php\/jules-gravereaux\/des-evenements-de-sa-vie\/","url_meta":{"origin":972,"position":1},"title":"Des \u00e9v\u00e8nements de sa vie","author":"marretgravereaux","date":"10 mars 2016","format":false,"excerpt":"\u00a0 1er mai 1844\u00a0: Na\u00eet \u00e0 Vitry-sur-Seine. 16 mars 1856\u00a0: Commence son premier emploi, chez Mr Caillaut rue du Bac. 5 septembre 1864\u00a0: Entre au Bon March\u00e9. 20 f\u00e9vrier 1866\u00a0: Quitte volontairement le Bon March\u00e9 pour entrer au Louvre. 1870\u00a0: Fait son service militaire dans la Garde Nationale de la\u2026","rel":"","context":"Article similaire","block_context":{"text":"Article similaire","link":""},"img":{"alt_text":"Roses de Malmaison - p03_wp","src":"https:\/\/i0.wp.com\/marret.co\/wp-content\/uploads\/2016\/03\/Roses-de-Malmaison-p03_wp.jpg?resize=350%2C200","width":350,"height":200},"classes":[]},{"id":571,"url":"https:\/\/lesgravereaux.marret.co\/index.php\/571-2\/","url_meta":{"origin":972,"position":2},"title":"Les f\u00eates \u00e0 L&rsquo;Ha\u00ff","author":"marretgravereaux","date":"7 mars 2016","format":false,"excerpt":"Jules Gravereaux aimait recevoir, non seulement sa famille, mais aussi les membres de nombreuses associations auxquelles il ouvrit la porte du domaine de L'Ha\u00ff, pour une simple visite de la roseraie ou pour un spectacle au th\u00e9\u00e2tre de\u00a0verdure. Bien qu'incomplet, le calendrier ci-apr\u00e8s donne une id\u00e9e de ces r\u00e9ceptions qui\u2026","rel":"","context":"Article similaire","block_context":{"text":"Article similaire","link":""},"img":{"alt_text":"","src":"https:\/\/i0.wp.com\/lesgravereaux.marret.co\/wp-content\/uploads\/2016\/04\/LHay-Visite-de-la-roseraie-47-J-843_wp-1024x759.jpg?resize=350%2C200","width":350,"height":200,"srcset":"https:\/\/i0.wp.com\/lesgravereaux.marret.co\/wp-content\/uploads\/2016\/04\/LHay-Visite-de-la-roseraie-47-J-843_wp-1024x759.jpg?resize=350%2C200 1x, https:\/\/i0.wp.com\/lesgravereaux.marret.co\/wp-content\/uploads\/2016\/04\/LHay-Visite-de-la-roseraie-47-J-843_wp-1024x759.jpg?resize=525%2C300 1.5x"},"classes":[]},{"id":1435,"url":"https:\/\/lesgravereaux.marret.co\/index.php\/jules-gravereaux\/portraits-de-jules-gravereaux\/le-buste-de-jules-gravereaux\/1435-2\/","url_meta":{"origin":972,"position":3},"title":"L&rsquo;inauguration du buste de Jules Gravereaux","author":"marretgravereaux","date":"9 avril 2016","format":false,"excerpt":"Discours de Sophie Hasquenoph, Maire adjointe de L'Ha\u00ff, charg\u00e9e de la Culture,\u00a0 du devoir de m\u00e9moire et des Anciens Combattants Monsieur le sous-pr\u00e9fet, Mesdames, messieurs les membres de la famille Gravereaux, Mesdames, messieurs les \u00e9lus, Chers amis, C\u2019est vraiment avec un tr\u00e8s grand plaisir que je vous accueille ce matin,\u2026","rel":"","context":"Article similaire","block_context":{"text":"Article similaire","link":""},"img":{"alt_text":"2010-05 L'Ha\u00ff_287 - RLM1129_wp","src":"https:\/\/i0.wp.com\/lesgravereaux.marret.co\/wp-content\/uploads\/2016\/04\/2010-05-LHa%C3%BF_287-RLM1129_wp-768x1024.jpg?resize=350%2C200","width":350,"height":200},"classes":[]},{"id":2001,"url":"https:\/\/lesgravereaux.marret.co\/index.php\/jules-gravereaux\/1294-2\/des-roses\/aux-noms-de-la-rose\/","url_meta":{"origin":972,"position":4},"title":"Aux noms de la rose&#8230;","author":"marretgravereaux","date":"25 avril 2016","format":false,"excerpt":"Jules Gravereaux a cr\u00e9\u00e9 plus d'une centaine de roses et il a donn\u00e9 \u00e0 celles-ci le nom de membres de sa famille, d'amis ou de personnes connues, ainsi que de certains lieux ou \u00e9v\u00e8nements. Diverses recherches ont permis d'identifier, de fa\u00e7on certaine ou probable, les personnes vis\u00e9es... Si vous avez\u2026","rel":"","context":"Article similaire","block_context":{"text":"Article similaire","link":""},"img":{"alt_text":"1902 RdlH - Catalogue p91A_wp","src":"https:\/\/i0.wp.com\/lesgravereaux.marret.co\/wp-content\/uploads\/2016\/04\/1902-RdlH-Catalogue-p91A_wp-628x1024.jpg?resize=350%2C200","width":350,"height":200},"classes":[]},{"id":1968,"url":"https:\/\/lesgravereaux.marret.co\/index.php\/jules-gravereaux\/jules-gravereaux-ses-ecrits\/1901-rapport-sur-la-culture-des-roses-dans-la-peninsule-des-balkans\/1901-rapport-sur-la-culture-des-roses\/","url_meta":{"origin":972,"position":5},"title":"1901 &#8211; La culture des roses dans les Balkans (commentaire)","author":"marretgravereaux","date":"25 avril 2016","format":false,"excerpt":"GRAVEREAUX, Jules. Rapport sur la culture des roses dans la p\u00e9ninsule des Balkans \/ par J. Gravereaux. Extrait du Bulletin du Minist\u00e8re de l'Agriculture, 1901, no\u00a03. Paris\u00a0: Impr. nationale, 1901.- 9\u00a0p.; 27\u00a0cm. ~~~~~~~ L\u2019auteur est cet amateur qui a fond\u00e9 la Roseraie de l\u2019Hay (Seine), d\u00e9j\u00e0 c\u00e9l\u00e8bre quoique de cr\u00e9ation\u2026","rel":"","context":"Article similaire","block_context":{"text":"Article similaire","link":""},"img":{"alt_text":"1901 La culture des roses p02 - YH069_wp","src":"https:\/\/i0.wp.com\/lesgravereaux.marret.co\/wp-content\/uploads\/2016\/04\/1901-La-culture-des-roses-p02-YH069_wp-741x1024.jpg?resize=350%2C200","width":350,"height":200},"classes":[]}],"_links":{"self":[{"href":"https:\/\/lesgravereaux.marret.co\/index.php\/wp-json\/wp\/v2\/pages\/972","targetHints":{"allow":["GET"]}}],"collection":[{"href":"https:\/\/lesgravereaux.marret.co\/index.php\/wp-json\/wp\/v2\/pages"}],"about":[{"href":"https:\/\/lesgravereaux.marret.co\/index.php\/wp-json\/wp\/v2\/types\/page"}],"author":[{"embeddable":true,"href":"https:\/\/lesgravereaux.marret.co\/index.php\/wp-json\/wp\/v2\/users\/1"}],"replies":[{"embeddable":true,"href":"https:\/\/lesgravereaux.marret.co\/index.php\/wp-json\/wp\/v2\/comments?post=972"}],"version-history":[{"count":0,"href":"https:\/\/lesgravereaux.marret.co\/index.php\/wp-json\/wp\/v2\/pages\/972\/revisions"}],"up":[{"embeddable":true,"href":"https:\/\/lesgravereaux.marret.co\/index.php\/wp-json\/wp\/v2\/pages\/958"}],"wp:attachment":[{"href":"https:\/\/lesgravereaux.marret.co\/index.php\/wp-json\/wp\/v2\/media?parent=972"}],"curies":[{"name":"wp","href":"https:\/\/api.w.org\/{rel}","templated":true}]}}