{"id":958,"date":"2016-03-13T11:33:57","date_gmt":"2016-03-13T10:33:57","guid":{"rendered":"http:\/\/marret.co\/?page_id=958"},"modified":"2016-06-12T17:02:53","modified_gmt":"2016-06-12T16:02:53","slug":"la-roseraie-de-bagatelle","status":"publish","type":"page","link":"https:\/\/lesgravereaux.marret.co\/index.php\/des-roseraies\/la-roseraie-de-bagatelle\/","title":{"rendered":"La roseraie de Bagatelle"},"content":{"rendered":"<p>D\u00e8s l&rsquo;acquisition de Bagatelle par la ville de Paris, en janvier 1905, le conservateur des Parcs et Jardins, J.C.N. Forestier,\u00a0proposa d&rsquo;y constituer une collection de plantes de pleine terre. Pour la roseraie, il fit appel \u00e0 Jules Gravereaux, propri\u00e9taire de la roseraie de L&rsquo;Ha\u00ff. Celui-ci en devint l\u2019initiateur, le conseiller sp\u00e9cial et le principal donateur.<\/p>\n<p style=\"text-align: left;\"><a href=\"https:\/\/i0.wp.com\/marret.co\/wp-content\/uploads\/2016\/03\/Plaque-hommage-a-Jules-Gravereaux_wp.jpg\" rel=\"attachment wp-att-966\"><img data-recalc-dims=\"1\" loading=\"lazy\" decoding=\"async\" data-attachment-id=\"966\" data-permalink=\"https:\/\/lesgravereaux.marret.co\/index.php\/des-roseraies\/la-roseraie-de-bagatelle\/plaque-hommage-a-jules-gravereaux_wp\/\" data-orig-file=\"https:\/\/i0.wp.com\/lesgravereaux.marret.co\/wp-content\/uploads\/2016\/03\/Plaque-hommage-a-Jules-Gravereaux_wp.jpg?fit=591%2C443&amp;ssl=1\" data-orig-size=\"591,443\" data-comments-opened=\"1\" data-image-meta=\"{&quot;aperture&quot;:&quot;4.3&quot;,&quot;credit&quot;:&quot;&quot;,&quot;camera&quot;:&quot;PENTAX Optio S&quot;,&quot;caption&quot;:&quot;&quot;,&quot;created_timestamp&quot;:&quot;1239561539&quot;,&quot;copyright&quot;:&quot;&quot;,&quot;focal_length&quot;:&quot;5.8&quot;,&quot;iso&quot;:&quot;0&quot;,&quot;shutter_speed&quot;:&quot;0.001&quot;,&quot;title&quot;:&quot;&quot;,&quot;orientation&quot;:&quot;1&quot;}\" data-image-title=\"Bagatelle &amp;#8211; Plaque hommage a Jules Gravereaux_wp\" data-image-description=\"\" data-image-caption=\"\" data-medium-file=\"https:\/\/i0.wp.com\/lesgravereaux.marret.co\/wp-content\/uploads\/2016\/03\/Plaque-hommage-a-Jules-Gravereaux_wp.jpg?fit=300%2C225&amp;ssl=1\" data-large-file=\"https:\/\/i0.wp.com\/lesgravereaux.marret.co\/wp-content\/uploads\/2016\/03\/Plaque-hommage-a-Jules-Gravereaux_wp.jpg?fit=591%2C443&amp;ssl=1\" class=\"wp-image-966 alignright\" src=\"https:\/\/i0.wp.com\/marret.co\/wp-content\/uploads\/2016\/03\/Plaque-hommage-a-Jules-Gravereaux_wp.jpg?resize=301%2C225\" alt=\"Bagatelle - Plaque hommage a Jules Gravereaux_wp\" width=\"301\" height=\"225\" data-wp-pid=\"966\" srcset=\"https:\/\/i0.wp.com\/lesgravereaux.marret.co\/wp-content\/uploads\/2016\/03\/Plaque-hommage-a-Jules-Gravereaux_wp.jpg?w=591&amp;ssl=1 591w, https:\/\/i0.wp.com\/lesgravereaux.marret.co\/wp-content\/uploads\/2016\/03\/Plaque-hommage-a-Jules-Gravereaux_wp.jpg?resize=300%2C225&amp;ssl=1 300w\" sizes=\"auto, (max-width: 301px) 100vw, 301px\" \/><\/a><em>\u00ab\u00a0En 1906, l&rsquo;installation d&rsquo;une collection de roses \u00e9tait en pr\u00e9paration. C&rsquo;est en 1907 qu&rsquo;elle put \u00eatre rapidement consti\u00adtu\u00e9e, gr\u00e2ce au concours de M. Jules Gravereaux qui avait r\u00e9uni dans sa propri\u00e9t\u00e9 de L&rsquo;Hay une collection \u00e0 peu pr\u00e8s compl\u00e8te des types, des esp\u00e8ces et de la plus grande partie des 12.000 va\u00adri\u00e9t\u00e9s de roses. Il offrit g\u00e9n\u00e9reusement une s\u00e9lection des esp\u00e8ces botaniques et des <strong>1.200 <\/strong>meilleures vari\u00e9t\u00e9s de rosiers alors connus; ainsi on put dessiner, arr\u00eater le trac\u00e9 et constituer sans retard la premi\u00e8re collection de la Roseraie.\u00a0\u00bb<\/em><\/p>\n<p style=\"text-align: right;\"><span style=\"font-size: 10pt;\">Source: Forestier, J.C.N. Bagatelle et ses jardins.<\/span><\/p>\n<p><em><a href=\"https:\/\/i0.wp.com\/marret.co\/wp-content\/uploads\/2016\/03\/1907-06-01-La-vie-a-la-campagne-pCCLXV_wp.jpg\" rel=\"attachment wp-att-962\"><img data-recalc-dims=\"1\" loading=\"lazy\" decoding=\"async\" data-attachment-id=\"962\" data-permalink=\"https:\/\/lesgravereaux.marret.co\/index.php\/des-roseraies\/la-roseraie-de-bagatelle\/1907-06-01-la-vie-a-la-campagne-pcclxv_wp\/\" data-orig-file=\"https:\/\/i0.wp.com\/lesgravereaux.marret.co\/wp-content\/uploads\/2016\/03\/1907-06-01-La-vie-a-la-campagne-pCCLXV_wp.jpg?fit=1575%2C1138&amp;ssl=1\" data-orig-size=\"1575,1138\" data-comments-opened=\"1\" data-image-meta=\"{&quot;aperture&quot;:&quot;0&quot;,&quot;credit&quot;:&quot;&quot;,&quot;camera&quot;:&quot;&quot;,&quot;caption&quot;:&quot;&quot;,&quot;created_timestamp&quot;:&quot;0&quot;,&quot;copyright&quot;:&quot;&quot;,&quot;focal_length&quot;:&quot;0&quot;,&quot;iso&quot;:&quot;0&quot;,&quot;shutter_speed&quot;:&quot;0&quot;,&quot;title&quot;:&quot;&quot;,&quot;orientation&quot;:&quot;1&quot;}\" data-image-title=\"1907-06-01 La vie a la campagne pCCLXV_wp\" data-image-description=\"\" data-image-caption=\"\" data-medium-file=\"https:\/\/i0.wp.com\/lesgravereaux.marret.co\/wp-content\/uploads\/2016\/03\/1907-06-01-La-vie-a-la-campagne-pCCLXV_wp.jpg?fit=300%2C217&amp;ssl=1\" data-large-file=\"https:\/\/i0.wp.com\/lesgravereaux.marret.co\/wp-content\/uploads\/2016\/03\/1907-06-01-La-vie-a-la-campagne-pCCLXV_wp.jpg?fit=640%2C463&amp;ssl=1\" class=\"wp-image-962 alignleft\" src=\"https:\/\/i0.wp.com\/marret.co\/wp-content\/uploads\/2016\/03\/1907-06-01-La-vie-a-la-campagne-pCCLXV_wp-1024x740.jpg?resize=352%2C255\" alt=\"1907-06-01 La vie a la campagne pCCLXV_wp\" width=\"352\" height=\"255\" data-wp-pid=\"962\" srcset=\"https:\/\/i0.wp.com\/lesgravereaux.marret.co\/wp-content\/uploads\/2016\/03\/1907-06-01-La-vie-a-la-campagne-pCCLXV_wp.jpg?resize=1024%2C740&amp;ssl=1 1024w, https:\/\/i0.wp.com\/lesgravereaux.marret.co\/wp-content\/uploads\/2016\/03\/1907-06-01-La-vie-a-la-campagne-pCCLXV_wp.jpg?resize=300%2C217&amp;ssl=1 300w, https:\/\/i0.wp.com\/lesgravereaux.marret.co\/wp-content\/uploads\/2016\/03\/1907-06-01-La-vie-a-la-campagne-pCCLXV_wp.jpg?resize=768%2C555&amp;ssl=1 768w, https:\/\/i0.wp.com\/lesgravereaux.marret.co\/wp-content\/uploads\/2016\/03\/1907-06-01-La-vie-a-la-campagne-pCCLXV_wp.jpg?resize=800%2C578&amp;ssl=1 800w, https:\/\/i0.wp.com\/lesgravereaux.marret.co\/wp-content\/uploads\/2016\/03\/1907-06-01-La-vie-a-la-campagne-pCCLXV_wp.jpg?resize=600%2C434&amp;ssl=1 600w, https:\/\/i0.wp.com\/lesgravereaux.marret.co\/wp-content\/uploads\/2016\/03\/1907-06-01-La-vie-a-la-campagne-pCCLXV_wp.jpg?w=1575&amp;ssl=1 1575w, https:\/\/i0.wp.com\/lesgravereaux.marret.co\/wp-content\/uploads\/2016\/03\/1907-06-01-La-vie-a-la-campagne-pCCLXV_wp.jpg?w=1280&amp;ssl=1 1280w\" sizes=\"auto, (max-width: 352px) 100vw, 352px\" \/><\/a><\/em><\/p>\n<p>&nbsp;<\/p>\n<p>&nbsp;<\/p>\n<p>Plan de la roseraie \u00e0 son origine<\/p>\n<p><span style=\"font-size: 10pt;\">Source: La vie \u00e0 la campagne,\u00a01er juin 1907.<\/span><\/p>\n<p>&nbsp;<\/p>\n<p>&nbsp;<\/p>\n<p><em>\u00ab\u00a0La roseraie que nous connaissons est une simplification du premier projet de Forestier qui devait \u00eatre \u00e0 la mani\u00e8re du th\u00e9\u00e2tre de rose de L&rsquo;Hay. Jug\u00e9 trop co\u00fbteux, Forestier revoit sa copie, il int\u00e8gre alors dans un dessin simple les \u00e9l\u00e9ments d&rsquo;architecture utilis\u00e9s par E. Andr\u00e9 dans la roseraie de May, pergola, cha\u00eenes, pyl\u00f4nes, tiges, pleureurs, bois&#8230;, au b\u00e9n\u00e9fice de la clart\u00e9, du rythme, de l&rsquo;harmonie et de son id\u00e9e, cr\u00e9er un amphith\u00e9\u00e2tre de roses.<\/em><\/p>\n<p><em>\u00ab\u00a0Afin de s\u00e9lectionner et montrer les roses nouvelles \u00e0 int\u00e9grer dans la collection de Bagatelle, Gravereaux r\u00e9serve dans le projet de Forestier les plates-bandes centrales de la roseraie pour pr\u00e9senter au public les derni\u00e8res nouveaut\u00e9s. Cette id\u00e9e est une transposition de la visite annuelle qu&rsquo;organisait \u00e0 L&rsquo;Hay en juin J.\u00a0Gravereaux, il plantait dans des plates-bandes qu&rsquo;il d\u00e9nommait son purgatoire les roses nouvelles collect\u00e9es aupr\u00e8s des rosi\u00e9ristes. Il s\u00e9lectionnait ainsi les rosiers qu&rsquo;il introduisait dans sa collection permanente.<\/em><\/p>\n<p><em>\u00ab\u00a0Le Journal des Roses \u00e9crivait en novembre 1906 : \u00ab\u00a0Monsieur Gravereaux a eu l&rsquo;ing\u00e9nieuse id\u00e9e de faire sur des plates-bandes sp\u00e9ciales des \u00ab\u00a0groupes de 4 \u00e0 5 sujets des nouveaut\u00e9s mises au commerce depuis les deux derni\u00e8res ann\u00e9es. De cette fa\u00e7on le public pourra se rendre compte de la valeur des plantes.\u00a0\u00bb<\/em><\/p>\n<p style=\"text-align: right;\"><span style=\"font-size: 10pt;\">Source\u00a0: Mand\u00f4, Bernard. Bagatelle aura 100 ans en 2007. Roses et roseraies, janvier 2007.<\/span><\/p>\n<p style=\"text-align: left;\"><span style=\"font-size: 12pt;\"><a href=\"https:\/\/i0.wp.com\/marret.co\/wp-content\/uploads\/2016\/03\/030-9-Paris-Bois-de-Boulogne-La-Roseraie-de-Bagatelle_wp.jpg\" rel=\"attachment wp-att-961\"><img data-recalc-dims=\"1\" loading=\"lazy\" decoding=\"async\" data-attachment-id=\"961\" data-permalink=\"https:\/\/lesgravereaux.marret.co\/index.php\/des-roseraies\/la-roseraie-de-bagatelle\/030-9-paris-bois-de-boulogne-la-roseraie-de-bagatelle_wp\/\" data-orig-file=\"https:\/\/i0.wp.com\/lesgravereaux.marret.co\/wp-content\/uploads\/2016\/03\/030-9-Paris-Bois-de-Boulogne-La-Roseraie-de-Bagatelle_wp.jpg?fit=1102%2C704&amp;ssl=1\" data-orig-size=\"1102,704\" data-comments-opened=\"1\" data-image-meta=\"{&quot;aperture&quot;:&quot;0&quot;,&quot;credit&quot;:&quot;&quot;,&quot;camera&quot;:&quot;&quot;,&quot;caption&quot;:&quot;&quot;,&quot;created_timestamp&quot;:&quot;0&quot;,&quot;copyright&quot;:&quot;&quot;,&quot;focal_length&quot;:&quot;0&quot;,&quot;iso&quot;:&quot;0&quot;,&quot;shutter_speed&quot;:&quot;0&quot;,&quot;title&quot;:&quot;&quot;,&quot;orientation&quot;:&quot;1&quot;}\" data-image-title=\"030 9 Paris Bois de Boulogne &amp;#8211; La Roseraie de Bagatelle_wp\" data-image-description=\"\" data-image-caption=\"\" data-medium-file=\"https:\/\/i0.wp.com\/lesgravereaux.marret.co\/wp-content\/uploads\/2016\/03\/030-9-Paris-Bois-de-Boulogne-La-Roseraie-de-Bagatelle_wp.jpg?fit=300%2C192&amp;ssl=1\" data-large-file=\"https:\/\/i0.wp.com\/lesgravereaux.marret.co\/wp-content\/uploads\/2016\/03\/030-9-Paris-Bois-de-Boulogne-La-Roseraie-de-Bagatelle_wp.jpg?fit=640%2C409&amp;ssl=1\" class=\"alignnone size-large wp-image-961\" src=\"https:\/\/i0.wp.com\/marret.co\/wp-content\/uploads\/2016\/03\/030-9-Paris-Bois-de-Boulogne-La-Roseraie-de-Bagatelle_wp-1024x654.jpg?resize=640%2C409\" alt=\"030 9 Paris Bois de Boulogne - La Roseraie de Bagatelle_wp\" width=\"640\" height=\"409\" data-wp-pid=\"961\" srcset=\"https:\/\/i0.wp.com\/lesgravereaux.marret.co\/wp-content\/uploads\/2016\/03\/030-9-Paris-Bois-de-Boulogne-La-Roseraie-de-Bagatelle_wp.jpg?resize=1024%2C654&amp;ssl=1 1024w, https:\/\/i0.wp.com\/lesgravereaux.marret.co\/wp-content\/uploads\/2016\/03\/030-9-Paris-Bois-de-Boulogne-La-Roseraie-de-Bagatelle_wp.jpg?resize=300%2C192&amp;ssl=1 300w, https:\/\/i0.wp.com\/lesgravereaux.marret.co\/wp-content\/uploads\/2016\/03\/030-9-Paris-Bois-de-Boulogne-La-Roseraie-de-Bagatelle_wp.jpg?resize=768%2C491&amp;ssl=1 768w, https:\/\/i0.wp.com\/lesgravereaux.marret.co\/wp-content\/uploads\/2016\/03\/030-9-Paris-Bois-de-Boulogne-La-Roseraie-de-Bagatelle_wp.jpg?resize=800%2C511&amp;ssl=1 800w, https:\/\/i0.wp.com\/lesgravereaux.marret.co\/wp-content\/uploads\/2016\/03\/030-9-Paris-Bois-de-Boulogne-La-Roseraie-de-Bagatelle_wp.jpg?resize=600%2C383&amp;ssl=1 600w, https:\/\/i0.wp.com\/lesgravereaux.marret.co\/wp-content\/uploads\/2016\/03\/030-9-Paris-Bois-de-Boulogne-La-Roseraie-de-Bagatelle_wp.jpg?w=1102&amp;ssl=1 1102w\" sizes=\"auto, (max-width: 640px) 100vw, 640px\" \/><\/a><\/span><\/p>\n","protected":false},"excerpt":{"rendered":"<p>D\u00e8s l&rsquo;acquisition de Bagatelle par la ville de Paris, en janvier 1905, le conservateur des Parcs et Jardins, J.C.N. Forestier,\u00a0proposa d&rsquo;y constituer une collection de plantes de pleine terre. Pour la roseraie, il fit appel \u00e0 Jules Gravereaux, propri\u00e9taire de &hellip; <a href=\"https:\/\/lesgravereaux.marret.co\/index.php\/des-roseraies\/la-roseraie-de-bagatelle\/\">Continuer la lecture <span class=\"meta-nav\">&rarr;<\/span><\/a><\/p>\n","protected":false},"author":1,"featured_media":0,"parent":2036,"menu_order":0,"comment_status":"closed","ping_status":"closed","template":"","meta":{"ngg_post_thumbnail":0,"jetpack_post_was_ever_published":false,"footnotes":""},"class_list":["post-958","page","type-page","status-publish","hentry"],"jetpack_sharing_enabled":true,"jetpack_shortlink":"https:\/\/wp.me\/P7ERyi-fs","jetpack-related-posts":[{"id":2036,"url":"https:\/\/lesgravereaux.marret.co\/index.php\/des-roseraies\/","url_meta":{"origin":958,"position":0},"title":"D&rsquo;autres roseraies","author":"marretgravereaux","date":"26 avril 2016","format":false,"excerpt":"Collectionneur de roses, Jules Gravereaux commence par en rassembler quelques-unes d\u00e8s 1894 dans son jardin de L\u2019Ha\u00ff; avec l\u2019aide du paysagiste \u00c9douard Andr\u00e9, il les installe une peu plus tard, dans ce qui est le 1er jardin \u00e0 leur \u00eatre exclusivement consacr\u00e9e, une roseraie \u2013 on parlait \u00e0 l\u2019\u00e9poque de\u2026","rel":"","context":"Article similaire","block_context":{"text":"Article similaire","link":""},"img":{"alt_text":"Jules Gravereaux - OG1332b","src":"https:\/\/i0.wp.com\/lesgravereaux.marret.co\/wp-content\/uploads\/2015\/10\/Jules-Gravereaux-OG1332b.jpg?resize=350%2C200","width":350,"height":200},"classes":[]},{"id":1211,"url":"https:\/\/lesgravereaux.marret.co\/index.php\/jules-gravereaux\/jules-gravereaux-et-lhay-documents-et-references\/","url_meta":{"origin":958,"position":1},"title":"Jules Gravereaux et l&rsquo;Ha\u00ff &#8211; Documents et r\u00e9f\u00e9rences","author":"marretgravereaux","date":"18 mars 2016","format":false,"excerpt":"S\u2019il ne fallait mentionner qu\u2019un ouvrage \u00e0 lire pour conna\u00eetre l\u2019histoire de Jules Gravereaux et de la roseraie de L\u2019Ha\u00ff, ce serait certainement celui de Nadine Villalobos\u00a0: Floril\u00e8ge, la roseraie du Val-de-Marne \u00e0 L\u2019Ha\u00ff-les-Roses. Villa-Lobos, Nadine et B\u00e9atrice Pichon-Clarisse. Floril\u00e8ge \u00e0 L'Ha\u00ff-les-Roses - La roseraie du Val-de-Marne. Imprimerie Nationale, 2006.\u2026","rel":"","context":"Article similaire","block_context":{"text":"Article similaire","link":""},"img":{"alt_text":"Florilege c0_wp","src":"https:\/\/i0.wp.com\/marret.co\/wp-content\/uploads\/2016\/03\/Florilege-c0_wp-899x1024.jpg?resize=350%2C200","width":350,"height":200},"classes":[]},{"id":801,"url":"https:\/\/lesgravereaux.marret.co\/index.php\/jules-gravereaux\/des-evenements-de-sa-vie\/","url_meta":{"origin":958,"position":2},"title":"Des \u00e9v\u00e8nements de sa vie","author":"marretgravereaux","date":"10 mars 2016","format":false,"excerpt":"\u00a0 1er mai 1844\u00a0: Na\u00eet \u00e0 Vitry-sur-Seine. 16 mars 1856\u00a0: Commence son premier emploi, chez Mr Caillaut rue du Bac. 5 septembre 1864\u00a0: Entre au Bon March\u00e9. 20 f\u00e9vrier 1866\u00a0: Quitte volontairement le Bon March\u00e9 pour entrer au Louvre. 1870\u00a0: Fait son service militaire dans la Garde Nationale de la\u2026","rel":"","context":"Article similaire","block_context":{"text":"Article similaire","link":""},"img":{"alt_text":"Roses de Malmaison - p03_wp","src":"https:\/\/i0.wp.com\/marret.co\/wp-content\/uploads\/2016\/03\/Roses-de-Malmaison-p03_wp.jpg?resize=350%2C200","width":350,"height":200},"classes":[]},{"id":3720,"url":"https:\/\/lesgravereaux.marret.co\/index.php\/jules-gravereaux\/jules-gravereaux-honneurs-et-medailles\/","url_meta":{"origin":958,"position":3},"title":"Jules Gravereaux &#8211; Honneurs et m\u00e9dailles","author":"marretgravereaux","date":"19 juin 2016","format":false,"excerpt":"Jules Gravereaux a acquis la propri\u00e9t\u00e9 de L\u2019Ha\u00ff en 1892 et il commen\u00e7a \u00e0 y installer une collection de roses vers 1894. Mais ce n\u2019est qu\u2019en 1899 qu\u2019\u00c9douard Andr\u00e9, architecte-paysager reconnu cr\u00e9a la premi\u00e8re roseraie. Celle-ci acquit tr\u00e8s rapidement une notori\u00e9t\u00e9 internationale, la publication de l\u2019inventaire des collections et l\u2019article\u2026","rel":"","context":"Article similaire","block_context":{"text":"Article similaire","link":""},"img":{"alt_text":"Jules Gravereaux - OG053c","src":"https:\/\/i0.wp.com\/lesgravereaux.marret.co\/wp-content\/uploads\/2015\/10\/Jules-Gravereaux-OG053c-e1466353135600-649x1024.jpg?resize=350%2C200","width":350,"height":200},"classes":[]},{"id":1798,"url":"https:\/\/lesgravereaux.marret.co\/index.php\/jules-gravereaux\/jules-gravereaux-ses-ecrits\/","url_meta":{"origin":958,"position":4},"title":"Jules Gravereaux &#8211; Ses \u00e9crits","author":"marretgravereaux","date":"23 avril 2016","format":false,"excerpt":"Jules Gravereaux\u00a0s'est aussi fait conna\u00eetre dans le monde de la rose comme un auteur. De 1899 \u00e0 1914, il a publi\u00e9 trois inventaires de la roseraie, les r\u00e9sultats de plusieurs de ses recherches ainsi que divers articles dans des revues horticoles. Toutefois,\u00a0par humilit\u00e9 et par respect pour ses collaborateurs, un\u2026","rel":"","context":"Article similaire","block_context":{"text":"Article similaire","link":""},"img":{"alt_text":"File0032a","src":"https:\/\/i0.wp.com\/lesgravereaux.marret.co\/wp-content\/uploads\/2015\/10\/File0032a.jpg?resize=350%2C200","width":350,"height":200},"classes":[]},{"id":1270,"url":"https:\/\/lesgravereaux.marret.co\/index.php\/jules-gravereaux\/portraits-de-jules-gravereaux\/a-la-une\/","url_meta":{"origin":958,"position":5},"title":"Jules Gravereaux \u00e0 la une","author":"marretgravereaux","date":"19 mars 2016","format":false,"excerpt":"Dans son\u00a0num\u00e9ro du 1er\u00a0juin 1907, la revue La Vie \u00e0 la Campagne affiche un portrait de Jules Gravereaux, \u00e0 la une de sa section informative\u2026 Elle le pr\u00e9sente dans son bas de vignette. JULES GRAVEREAUX. Chevalier de la L\u00e9gion d'Honneur, Officier du M\u00e9rite Agricole, propri\u00e9taire de la Roseraie de l'Hay\u2026","rel":"","context":"Article similaire","block_context":{"text":"Article similaire","link":""},"img":{"alt_text":"1907-06-01 La vie a la campagne a_wp","src":"https:\/\/i0.wp.com\/marret.co\/wp-content\/uploads\/2016\/03\/1907-06-01-La-vie-a-la-campagne-a_wp-726x1024.jpg?resize=350%2C200","width":350,"height":200},"classes":[]}],"_links":{"self":[{"href":"https:\/\/lesgravereaux.marret.co\/index.php\/wp-json\/wp\/v2\/pages\/958","targetHints":{"allow":["GET"]}}],"collection":[{"href":"https:\/\/lesgravereaux.marret.co\/index.php\/wp-json\/wp\/v2\/pages"}],"about":[{"href":"https:\/\/lesgravereaux.marret.co\/index.php\/wp-json\/wp\/v2\/types\/page"}],"author":[{"embeddable":true,"href":"https:\/\/lesgravereaux.marret.co\/index.php\/wp-json\/wp\/v2\/users\/1"}],"replies":[{"embeddable":true,"href":"https:\/\/lesgravereaux.marret.co\/index.php\/wp-json\/wp\/v2\/comments?post=958"}],"version-history":[{"count":0,"href":"https:\/\/lesgravereaux.marret.co\/index.php\/wp-json\/wp\/v2\/pages\/958\/revisions"}],"up":[{"embeddable":true,"href":"https:\/\/lesgravereaux.marret.co\/index.php\/wp-json\/wp\/v2\/pages\/2036"}],"wp:attachment":[{"href":"https:\/\/lesgravereaux.marret.co\/index.php\/wp-json\/wp\/v2\/media?parent=958"}],"curies":[{"name":"wp","href":"https:\/\/api.w.org\/{rel}","templated":true}]}}