{"id":865,"date":"2016-03-11T22:44:32","date_gmt":"2016-03-11T21:44:32","guid":{"rendered":"http:\/\/marret.co\/?page_id=865"},"modified":"2017-07-01T17:04:40","modified_gmt":"2017-07-01T16:04:40","slug":"anatole-gravereaux","status":"publish","type":"page","link":"https:\/\/lesgravereaux.marret.co\/index.php\/jules-gravereaux\/jules-gravereaux-ses-ancetres\/jean-narcisse-mathurin-gravereaux\/anatole-gravereaux\/","title":{"rendered":"Anatole Gravereaux"},"content":{"rendered":"<p>Pierre <strong>Anatole<\/strong> Gravereaux \u00e9tait le troisi\u00e8me enfant (hormis les mort-n\u00e9s) de <a href=\"https:\/\/lesgravereaux.marret.co\/index.php\/jules-gravereaux\/jules-gravereaux-ses-ancetres\/jean-narcisse-mathurin-gravereaux\/\">Jean-Narcisse Mathurin Gravereaux<\/a> et Marie Henriette Gervais.<\/p>\n<p>N\u00e9 le 9 janvier 1842 \u00e0 Vitry-sur-Seine, il serait parti en Alg\u00e9rie \u2013 pour des motifs inconnus, a-t-on dit \u2013 vers 1860.<\/p>\n<p>Il travaillait chez un certain monsieur Lemoine, menuisier \u00e0 l\u2019Arbah, lorsqu\u2019il est d\u00e9c\u00e9d\u00e9 le 1<sup>er<\/sup>&nbsp;juillet 1889.<\/p>\n<p>Une plaque \u00e0 sa m\u00e9moire a \u00e9t\u00e9 plac\u00e9e dans la chapelle de L\u2019Ha\u00ff.<\/p>\n<p><u>Descendants<\/u><\/p>\n<p>On ne lui conna\u00eet aucune descendance<\/p>\n","protected":false},"excerpt":{"rendered":"<p>Pierre Anatole Gravereaux \u00e9tait le troisi\u00e8me enfant (hormis les mort-n\u00e9s) de Jean-Narcisse Mathurin Gravereaux et Marie Henriette Gervais. N\u00e9 le 9 janvier 1842 \u00e0 Vitry-sur-Seine, il serait parti en Alg\u00e9rie \u2013 pour des motifs inconnus, a-t-on dit \u2013 vers 1860. &hellip; <a href=\"https:\/\/lesgravereaux.marret.co\/index.php\/jules-gravereaux\/jules-gravereaux-ses-ancetres\/jean-narcisse-mathurin-gravereaux\/anatole-gravereaux\/\">Continuer la lecture <span class=\"meta-nav\">&rarr;<\/span><\/a><\/p>\n","protected":false},"author":1,"featured_media":0,"parent":829,"menu_order":0,"comment_status":"closed","ping_status":"closed","template":"","meta":{"ngg_post_thumbnail":0,"jetpack_post_was_ever_published":false,"footnotes":""},"class_list":["post-865","page","type-page","status-publish","hentry"],"jetpack_sharing_enabled":true,"jetpack_shortlink":"https:\/\/wp.me\/P7ERyi-dX","jetpack-related-posts":[{"id":829,"url":"https:\/\/lesgravereaux.marret.co\/index.php\/jules-gravereaux\/jules-gravereaux-ses-ancetres\/jean-narcisse-mathurin-gravereaux\/","url_meta":{"origin":865,"position":0},"title":"Jean Narcisse Mathurin Gravereaux","author":"marretgravereaux","date":"11 mars 2016","format":false,"excerpt":"Jean-Narcisse Mathurin Gravereaux est n\u00e9 \u00e0 Vitry-sur-Seine, le 14 f\u00e9vrier 1806. Tout comme son p\u00e8re, Germain S\u00e9bastien Graverot, \u00a0il travaille comme menuisier. Le 17 f\u00e9vrier 1829, il \u00e9pouse, \u00e0 Vitry-sur-Seine, Marie Henriette Gervais. Ils eurent sept enfants. Malheureusement, les trois premiers moururent \u00e0 l\u2019accouchement. Puis vinrent\u00a0: D\u00e9sir\u00e9e Henriette Marie, n\u00e9e\u2026","rel":"","context":"Article similaire","block_context":{"text":"Article similaire","link":""},"img":{"alt_text":"","src":"","width":0,"height":0},"classes":[]},{"id":1042,"url":"https:\/\/lesgravereaux.marret.co\/index.php\/la-roseraie-de-lhay\/la-chapelle\/","url_meta":{"origin":865,"position":1},"title":"La chapelle","author":"marretgravereaux","date":"13 mars 2016","format":false,"excerpt":"\u00c0 l\u2019origine, ce b\u00e2timent servait de grange, voire d\u2019appentis pour entreposer les outils de jardinage servant \u00e0 entretenir le jardin et le potager de la propri\u00e9t\u00e9. Jules Gravereaux a d\u00e9cid\u00e9 de le transformer et d\u2019en faire une chapelle, obtenant de l\u2019Archev\u00each\u00e9, en 1905, que des messes y soient dites\u2026 Apr\u00e8s\u2026","rel":"","context":"Article similaire","block_context":{"text":"Article similaire","link":""},"img":{"alt_text":"1905-01-16 Archeveche de Paris - Autorisation de celebration_wp","src":"https:\/\/i0.wp.com\/marret.co\/wp-content\/uploads\/2016\/03\/1905-01-16-Archeveche-de-Paris-Autorisation-de-celebration_wp-609x1024.jpg?resize=350%2C200","width":350,"height":200},"classes":[]},{"id":2108,"url":"https:\/\/lesgravereaux.marret.co\/index.php\/la-famille-gravereaux\/1983-la-famille-gravereaux-h-ballu\/","url_meta":{"origin":865,"position":2},"title":"1983 &#8211; La famille Gravereaux  (H. Ballu)","author":"marretgravereaux","date":"1 mai 2016","format":false,"excerpt":"La famille de Jules Gravereaux et Laure Thuillier\u00a0en 1983 \u00a0 En 1983, H\u00e9l\u00e8ne Ballu fait \u00e9diter, \u00e0 compte d'auteur, une brochure sur la famille Gravereaux qu'elle distribue \u00e0 tous les descendants de Jules Gravereaux ainsi qu'\u00e0 quelques collat\u00e9raux.\u00a0Henri Gravereaux - son oncle -\u00a0avait r\u00e9dig\u00e9 des notes g\u00e9n\u00e9alogiques en 1943; H\u00e9l\u00e8ne\u2026","rel":"","context":"Article similaire","block_context":{"text":"Article similaire","link":""},"img":{"alt_text":"1983 Ballu, H\u00e9l\u00e8ne - Brochure c0","src":"https:\/\/i0.wp.com\/lesgravereaux.marret.co\/wp-content\/uploads\/2016\/05\/1983-Ballu-H%C3%A9l%C3%A8ne-Brochure-c0.jpg?resize=350%2C200","width":350,"height":200},"classes":[]},{"id":863,"url":"https:\/\/lesgravereaux.marret.co\/index.php\/jules-gravereaux\/jules-gravereaux-ses-ancetres\/jean-narcisse-mathurin-gravereaux\/narcisse-gravereaux\/","url_meta":{"origin":865,"position":3},"title":"Narcisse Gravereaux","author":"marretgravereaux","date":"11 mars 2016","format":false,"excerpt":"Louis Narcisse Gravereaux \u00e9tait le deuxi\u00e8me enfant (hormis les mort-n\u00e9s) de Jean-Narcisse Mathurin Gravereaux et Marie Henriette Gervais. Il est n\u00e9 le 4 d\u00e9cembre 1837 \u00e0 Vitry-sur-Seine. Le 7 d\u00e9cembre 1871, il \u00e9pousait Mathilde Thuillier; deux ans apr\u00e8s son fr\u00e8re, Jules \u00e9pousait sa belle-s\u0153ur Laure\u2026 Dipl\u00f4m\u00e9 des Beaux-Arts, il est\u2026","rel":"","context":"Article similaire","block_context":{"text":"Article similaire","link":""},"img":{"alt_text":"","src":"https:\/\/i0.wp.com\/lesgravereaux.marret.co\/wp-content\/uploads\/2019\/02\/Gravereaux-Narcisse-01a_wp.jpg?resize=350%2C200","width":350,"height":200},"classes":[]},{"id":651,"url":"https:\/\/lesgravereaux.marret.co\/index.php\/la-famille-gravereaux\/claude-gravereaux\/","url_meta":{"origin":865,"position":4},"title":"Claude Gravereaux","author":"marretgravereaux","date":"7 mars 2016","format":false,"excerpt":"Claude GRAVEREAUX est n\u00e9 le 2 mai 1913. Il est le quatri\u00e8me enfant de\u00a0Paul Louis Gravereaux (27\u00a0janvier\u00a01876 \u2013 1934) et de Claire Marguerite Bonnevey (1881 - 1971). En 1936, il \u00e9pouse Jacqueline Hollingsworth. Joueur de hockey sur gazon, il fait partie de l\u2019\u00e9quipe de France lors des Jeux olympiques de\u2026","rel":"","context":"Article similaire","block_context":{"text":"Article similaire","link":""},"img":{"alt_text":"Unforgettable New Canaanites - Warren Allen Smith - p101c","src":"https:\/\/i0.wp.com\/marret.co\/wp-content\/uploads\/2016\/03\/Unforgettable-New-Canaanites-Warren-Allen-Smith-p101c.jpg?resize=350%2C200","width":350,"height":200},"classes":[]},{"id":2559,"url":"https:\/\/lesgravereaux.marret.co\/index.php\/la-famille-gravereaux\/robert-gravereaux\/robert-gravereaux-portraitiste\/","url_meta":{"origin":865,"position":5},"title":"Robert Gravereaux, portraitiste?","author":"marretgravereaux","date":"12 mai 2016","format":false,"excerpt":"Robert Gravereaux aime dessiner son p\u00e8re et en montrer les traits distinctifs... Mais il fait aussi partie des scouts et, au cours des activit\u00e9s, son carnet \u00e0 la main, il en esquisse les portraits. Et au fil de ses rencontres, il dessine, il s'essaie... \u00a0","rel":"","context":"Article similaire","block_context":{"text":"Article similaire","link":""},"img":{"alt_text":"1928 Gravereaux, Robert - Carnet 05_wp","src":"https:\/\/i0.wp.com\/lesgravereaux.marret.co\/wp-content\/uploads\/2016\/05\/1928-Gravereaux-Robert-Carnet-05_wp-591x1024.jpg?resize=350%2C200","width":350,"height":200},"classes":[]}],"_links":{"self":[{"href":"https:\/\/lesgravereaux.marret.co\/index.php\/wp-json\/wp\/v2\/pages\/865","targetHints":{"allow":["GET"]}}],"collection":[{"href":"https:\/\/lesgravereaux.marret.co\/index.php\/wp-json\/wp\/v2\/pages"}],"about":[{"href":"https:\/\/lesgravereaux.marret.co\/index.php\/wp-json\/wp\/v2\/types\/page"}],"author":[{"embeddable":true,"href":"https:\/\/lesgravereaux.marret.co\/index.php\/wp-json\/wp\/v2\/users\/1"}],"replies":[{"embeddable":true,"href":"https:\/\/lesgravereaux.marret.co\/index.php\/wp-json\/wp\/v2\/comments?post=865"}],"version-history":[{"count":0,"href":"https:\/\/lesgravereaux.marret.co\/index.php\/wp-json\/wp\/v2\/pages\/865\/revisions"}],"up":[{"embeddable":true,"href":"https:\/\/lesgravereaux.marret.co\/index.php\/wp-json\/wp\/v2\/pages\/829"}],"wp:attachment":[{"href":"https:\/\/lesgravereaux.marret.co\/index.php\/wp-json\/wp\/v2\/media?parent=865"}],"curies":[{"name":"wp","href":"https:\/\/api.w.org\/{rel}","templated":true}]}}