{"id":863,"date":"2016-03-11T22:41:14","date_gmt":"2016-03-11T21:41:14","guid":{"rendered":"http:\/\/marret.co\/?page_id=863"},"modified":"2019-03-01T19:36:16","modified_gmt":"2019-03-01T18:36:16","slug":"narcisse-gravereaux","status":"publish","type":"page","link":"https:\/\/lesgravereaux.marret.co\/index.php\/jules-gravereaux\/jules-gravereaux-ses-ancetres\/jean-narcisse-mathurin-gravereaux\/narcisse-gravereaux\/","title":{"rendered":"Narcisse Gravereaux"},"content":{"rendered":"<div id=\"attachment_6087\" style=\"width: 259px\" class=\"wp-caption alignright\"><a href=\"https:\/\/i0.wp.com\/lesgravereaux.marret.co\/wp-content\/uploads\/2019\/02\/Gravereaux-Narcisse-01a_wp.jpg?ssl=1\"><img data-recalc-dims=\"1\" loading=\"lazy\" decoding=\"async\" aria-describedby=\"caption-attachment-6087\" data-attachment-id=\"6087\" data-permalink=\"https:\/\/lesgravereaux.marret.co\/index.php\/jules-gravereaux\/jules-gravereaux-ses-ancetres\/jean-narcisse-mathurin-gravereaux\/narcisse-gravereaux\/gravereaux-narcisse-01a_wp\/\" data-orig-file=\"https:\/\/i0.wp.com\/lesgravereaux.marret.co\/wp-content\/uploads\/2019\/02\/Gravereaux-Narcisse-01a_wp.jpg?fit=635%2C886&amp;ssl=1\" data-orig-size=\"635,886\" data-comments-opened=\"1\" data-image-meta=\"{&quot;aperture&quot;:&quot;0&quot;,&quot;credit&quot;:&quot;&quot;,&quot;camera&quot;:&quot;&quot;,&quot;caption&quot;:&quot;&quot;,&quot;created_timestamp&quot;:&quot;0&quot;,&quot;copyright&quot;:&quot;&quot;,&quot;focal_length&quot;:&quot;0&quot;,&quot;iso&quot;:&quot;0&quot;,&quot;shutter_speed&quot;:&quot;0&quot;,&quot;title&quot;:&quot;&quot;,&quot;orientation&quot;:&quot;1&quot;}\" data-image-title=\"Gravereaux, Narcisse 01a_wp\" data-image-description=\"&lt;p&gt;Recueil de photographies d&amp;rsquo;architectes admis \u00e0 la Soci\u00e9t\u00e9 Centrale des Architectes entre 1887 et 1892&lt;\/p&gt;\n\" data-image-caption=\"&lt;p&gt;Source :  Acad\u00e9mie d\u2019Architecture, collections priv\u00e9es&lt;\/p&gt;\n\" data-medium-file=\"https:\/\/i0.wp.com\/lesgravereaux.marret.co\/wp-content\/uploads\/2019\/02\/Gravereaux-Narcisse-01a_wp.jpg?fit=215%2C300&amp;ssl=1\" data-large-file=\"https:\/\/i0.wp.com\/lesgravereaux.marret.co\/wp-content\/uploads\/2019\/02\/Gravereaux-Narcisse-01a_wp.jpg?fit=635%2C886&amp;ssl=1\" class=\" wp-image-6087\" src=\"https:\/\/i0.wp.com\/lesgravereaux.marret.co\/wp-content\/uploads\/2019\/02\/Gravereaux-Narcisse-01a_wp.jpg?resize=249%2C347&#038;ssl=1\" alt=\"\" width=\"249\" height=\"347\" data-wp-pid=\"6087\" srcset=\"https:\/\/i0.wp.com\/lesgravereaux.marret.co\/wp-content\/uploads\/2019\/02\/Gravereaux-Narcisse-01a_wp.jpg?w=635&amp;ssl=1 635w, https:\/\/i0.wp.com\/lesgravereaux.marret.co\/wp-content\/uploads\/2019\/02\/Gravereaux-Narcisse-01a_wp.jpg?resize=215%2C300&amp;ssl=1 215w, https:\/\/i0.wp.com\/lesgravereaux.marret.co\/wp-content\/uploads\/2019\/02\/Gravereaux-Narcisse-01a_wp.jpg?resize=430%2C600&amp;ssl=1 430w\" sizes=\"auto, (max-width: 249px) 100vw, 249px\" \/><\/a><p id=\"caption-attachment-6087\" class=\"wp-caption-text\"><em><span style=\"font-size: 10pt;\">Source : Acad\u00e9mie d\u2019Architecture<\/span><\/em><\/p><\/div>\n<p>Louis <strong>Narcisse<\/strong> Gravereaux \u00e9tait le deuxi\u00e8me enfant (hormis les mort-n\u00e9s) de <a href=\"https:\/\/lesgravereaux.marret.co\/index.php\/jules-gravereaux\/jules-gravereaux-ses-ancetres\/jean-narcisse-mathurin-gravereaux\/\">Jean-Narcisse Mathurin Gravereaux<\/a> et Marie Henriette Gervais.<\/p>\n<p>Il est n\u00e9 le 4 d\u00e9cembre 1837 \u00e0 Vitry-sur-Seine.<\/p>\n<p>Le 7 d\u00e9cembre 1871, il \u00e9pousait Mathilde Thuillier; deux ans apr\u00e8s son fr\u00e8re, Jules \u00e9pousait sa belle-s\u0153ur Laure\u2026<\/p>\n<p>Dipl\u00f4m\u00e9 des Beaux-Arts, il est devenu inspecteur de l\u2019agence des travaux du Palais de Justice en 1866. Il quitta l\u2019Administration en 1873 pour succ\u00e9der \u00e0 L\u00e9onard Kauffmann. Narcisse Gravereaux participa \u00e0 la construction d\u2019un grand nombre d\u2019immeubles de rapport et de maisons particuli\u00e8res tant \u00e0 Paris qu\u2019en province.<\/p>\n<p>Il est d\u00e9c\u00e9d\u00e9 le 2 f\u00e9vrier 1900.<\/p>\n<p><u>Descendants<\/u><\/p>\n<p>Ils portent les patronymes GRAVEREAUX, mais aussi ANCELOT, GRASSET, LANGLOIS, et MOUREAUX.<\/p>\n<p>L\u2019un d&rsquo;eux, <a href=\"https:\/\/lesgravereaux.marret.co\/index.php\/la-famille-gravereaux\/claude-gravereaux\/\">Claude Gravereaux<\/a> a \u00e9pous\u00e9 Jacqueline Hollingsworth et est all\u00e9 s\u2019installer aux \u00c9tats-Unis o\u00f9 il est d\u00e9c\u00e9d\u00e9. Ses enfants et leurs descendants constituent la branche \u00ab&nbsp;<em>am\u00e9ricaine<\/em>&nbsp;\u00bb des Gravereaux.<\/p>\n","protected":false},"excerpt":{"rendered":"<p>Louis Narcisse Gravereaux \u00e9tait le deuxi\u00e8me enfant (hormis les mort-n\u00e9s) de Jean-Narcisse Mathurin Gravereaux et Marie Henriette Gervais. Il est n\u00e9 le 4 d\u00e9cembre 1837 \u00e0 Vitry-sur-Seine. Le 7 d\u00e9cembre 1871, il \u00e9pousait Mathilde Thuillier; deux ans apr\u00e8s son fr\u00e8re, &hellip; <a href=\"https:\/\/lesgravereaux.marret.co\/index.php\/jules-gravereaux\/jules-gravereaux-ses-ancetres\/jean-narcisse-mathurin-gravereaux\/narcisse-gravereaux\/\">Continuer la lecture <span class=\"meta-nav\">&rarr;<\/span><\/a><\/p>\n","protected":false},"author":1,"featured_media":0,"parent":829,"menu_order":0,"comment_status":"closed","ping_status":"closed","template":"","meta":{"ngg_post_thumbnail":0,"jetpack_post_was_ever_published":false,"footnotes":""},"class_list":["post-863","page","type-page","status-publish","hentry"],"jetpack_sharing_enabled":true,"jetpack_shortlink":"https:\/\/wp.me\/P7ERyi-dV","jetpack-related-posts":[{"id":861,"url":"https:\/\/lesgravereaux.marret.co\/index.php\/jules-gravereaux\/jules-gravereaux-ses-ancetres\/jean-narcisse-mathurin-gravereaux\/desiree-gravereaux\/","url_meta":{"origin":863,"position":0},"title":"D\u00e9sir\u00e9e Gravereaux","author":"marretgravereaux","date":"11 mars 2016","format":false,"excerpt":"Henriette Marie D\u00e9sir\u00e9e Gravereaux \u00e9tait l\u2019a\u00een\u00e9e des enfants (apr\u00e8s es enfants mort-n\u00e9s) de Jean-Narcisse Mathurin Gravereaux et Marie Henriette Gervais. Elle est n\u00e9e le 15 avril 1834 \u00e0 Vitry-sur-Seine. Le 30 avril 1853, elle \u00e9pousait Fran\u00e7ois Touchet \u00e0 Vitry-sur-Seine. Elle est d\u00e9c\u00e9d\u00e9e \u00e0 Paris le 7 d\u00e9cembre 1895. Descendants Ils\u2026","rel":"","context":"Article similaire","block_context":{"text":"Article similaire","link":""},"img":{"alt_text":"","src":"","width":0,"height":0},"classes":[]},{"id":829,"url":"https:\/\/lesgravereaux.marret.co\/index.php\/jules-gravereaux\/jules-gravereaux-ses-ancetres\/jean-narcisse-mathurin-gravereaux\/","url_meta":{"origin":863,"position":1},"title":"Jean Narcisse Mathurin Gravereaux","author":"marretgravereaux","date":"11 mars 2016","format":false,"excerpt":"Jean-Narcisse Mathurin Gravereaux est n\u00e9 \u00e0 Vitry-sur-Seine, le 14 f\u00e9vrier 1806. Tout comme son p\u00e8re, Germain S\u00e9bastien Graverot, \u00a0il travaille comme menuisier. Le 17 f\u00e9vrier 1829, il \u00e9pouse, \u00e0 Vitry-sur-Seine, Marie Henriette Gervais. Ils eurent sept enfants. Malheureusement, les trois premiers moururent \u00e0 l\u2019accouchement. Puis vinrent\u00a0: D\u00e9sir\u00e9e Henriette Marie, n\u00e9e\u2026","rel":"","context":"Article similaire","block_context":{"text":"Article similaire","link":""},"img":{"alt_text":"","src":"","width":0,"height":0},"classes":[]},{"id":853,"url":"https:\/\/lesgravereaux.marret.co\/index.php\/jules-gravereaux\/jules-gravereaux-ses-ancetres\/jean-narcisse-mathurin-gravereaux\/le-deces-de-jean-narcisse-mathurin-gravereaux\/","url_meta":{"origin":863,"position":2},"title":"Le d\u00e9c\u00e8s de Jean Narcisse Mathurin Gravereaux","author":"marretgravereaux","date":"11 mars 2016","format":false,"excerpt":"\u00ab\u00a0Du dix neuf D\u00e9cembre mil huit cent soixante dix neuf \u00e0 deux heures et demie du matin, acte de d\u00e9c\u00e8s de\u00a0Jean, Narcisse, Mathurin, Gravereaux\u00a0\u00e2g\u00e9 de soixante treize ans, Propri\u00e9taire, n\u00e9 \u00e0 Vitry y d\u00e9c\u00e9d\u00e9 aujourd'hui \u00e0 onze heures du matin, rue Saint Aubin n\u00b09, son domicile, \u00c9poux de Marie, Henriette,\u2026","rel":"","context":"Article similaire","block_context":{"text":"Article similaire","link":""},"img":{"alt_text":"1879-12-19 GRAVEREAUX, Jean Narcisse Mathurin - Deces_wp","src":"https:\/\/i0.wp.com\/marret.co\/wp-content\/uploads\/2016\/03\/1879-12-19-GRAVEREAUX-Jean-Narcisse-Mathurin-Deces_wp-1024x858.jpg?resize=350%2C200","width":350,"height":200},"classes":[]},{"id":865,"url":"https:\/\/lesgravereaux.marret.co\/index.php\/jules-gravereaux\/jules-gravereaux-ses-ancetres\/jean-narcisse-mathurin-gravereaux\/anatole-gravereaux\/","url_meta":{"origin":863,"position":3},"title":"Anatole Gravereaux","author":"marretgravereaux","date":"11 mars 2016","format":false,"excerpt":"Pierre Anatole Gravereaux \u00e9tait le troisi\u00e8me enfant (hormis les mort-n\u00e9s) de Jean-Narcisse Mathurin Gravereaux et Marie Henriette Gervais. N\u00e9 le 9 janvier 1842 \u00e0 Vitry-sur-Seine, il serait parti en Alg\u00e9rie \u2013 pour des motifs inconnus, a-t-on dit \u2013 vers 1860. Il travaillait chez un certain monsieur Lemoine, menuisier \u00e0 l\u2019Arbah,\u2026","rel":"","context":"Article similaire","block_context":{"text":"Article similaire","link":""},"img":{"alt_text":"","src":"","width":0,"height":0},"classes":[]},{"id":849,"url":"https:\/\/lesgravereaux.marret.co\/index.php\/jules-gravereaux\/jules-gravereaux-ses-ancetres\/jean-narcisse-mathurin-gravereaux\/la-naissance-de-jean-narcisse-mathurin-gravereaux\/","url_meta":{"origin":863,"position":4},"title":"La naissance de Jean Narcisse Mathurin Gravereaux","author":"marretgravereaux","date":"11 mars 2016","format":false,"excerpt":"\u00ab\u00a0Du quinzi\u00e8me jour du mois de f\u00e9vrier de L'an mil huit cent Six, neuf heures du matin; acte de naissance de jean narcisse Mathurin, n\u00e9 hier, \u00e0 une heure du matin; fils de Germain S\u00e9bastien Gravereaux, menuisier demeurant a Vitry rue d'arnatal n\u00b0 6, et de Marie Marguerite Queneau Son\u2026","rel":"","context":"Article similaire","block_context":{"text":"Article similaire","link":""},"img":{"alt_text":"1806-02-15 GRAVEREAUX, Jean Narcisse Mathurin - Naissance_wp","src":"https:\/\/i0.wp.com\/marret.co\/wp-content\/uploads\/2016\/03\/1806-02-15-GRAVEREAUX-Jean-Narcisse-Mathurin-Naissance_wp-1024x782.jpg?resize=350%2C200","width":350,"height":200},"classes":[]},{"id":904,"url":"https:\/\/lesgravereaux.marret.co\/index.php\/la-famille-gravereaux\/narcisse-gravereaux-larchitecte\/","url_meta":{"origin":863,"position":5},"title":"Germain-L\u00e9andre Gravereaux, l&rsquo;architecte","author":"marretgravereaux","date":"12 mars 2016","format":false,"excerpt":"N\u00e9 le 28 mai 1856 \u00e0 Paris, Germain-L\u00e9andre Gravereaux \u00e9tait le 5e enfant de L\u00e9andre Fran\u00e7ois Gravereaux, ma\u00eetre menuisier, et \u00c9lisabeth Vlietynck. Il \u00e9pousa Aline Epron le 1er septembre 1885 avec laquelle il eut deux enfants\u00a0: L\u00e9andre et Germain. Germain-L\u00e9andre Gravereaux effectua ses \u00e9tudes \u00e0 l'\u00c9cole Sp\u00e9ciale d'Architecture o\u00f9 il\u2026","rel":"","context":"Article similaire","block_context":{"text":"Article similaire","link":""},"img":{"alt_text":"","src":"https:\/\/i0.wp.com\/lesgravereaux.marret.co\/wp-content\/uploads\/2019\/02\/Gravereaux-Germain-L%C3%A9andre-01.jpg?resize=350%2C200","width":350,"height":200},"classes":[]}],"_links":{"self":[{"href":"https:\/\/lesgravereaux.marret.co\/index.php\/wp-json\/wp\/v2\/pages\/863","targetHints":{"allow":["GET"]}}],"collection":[{"href":"https:\/\/lesgravereaux.marret.co\/index.php\/wp-json\/wp\/v2\/pages"}],"about":[{"href":"https:\/\/lesgravereaux.marret.co\/index.php\/wp-json\/wp\/v2\/types\/page"}],"author":[{"embeddable":true,"href":"https:\/\/lesgravereaux.marret.co\/index.php\/wp-json\/wp\/v2\/users\/1"}],"replies":[{"embeddable":true,"href":"https:\/\/lesgravereaux.marret.co\/index.php\/wp-json\/wp\/v2\/comments?post=863"}],"version-history":[{"count":0,"href":"https:\/\/lesgravereaux.marret.co\/index.php\/wp-json\/wp\/v2\/pages\/863\/revisions"}],"up":[{"embeddable":true,"href":"https:\/\/lesgravereaux.marret.co\/index.php\/wp-json\/wp\/v2\/pages\/829"}],"wp:attachment":[{"href":"https:\/\/lesgravereaux.marret.co\/index.php\/wp-json\/wp\/v2\/media?parent=863"}],"curies":[{"name":"wp","href":"https:\/\/api.w.org\/{rel}","templated":true}]}}