{"id":853,"date":"2016-03-11T22:23:59","date_gmt":"2016-03-11T21:23:59","guid":{"rendered":"http:\/\/marret.co\/?page_id=853"},"modified":"2016-03-11T22:23:59","modified_gmt":"2016-03-11T21:23:59","slug":"le-deces-de-jean-narcisse-mathurin-gravereaux","status":"publish","type":"page","link":"https:\/\/lesgravereaux.marret.co\/index.php\/jules-gravereaux\/jules-gravereaux-ses-ancetres\/jean-narcisse-mathurin-gravereaux\/le-deces-de-jean-narcisse-mathurin-gravereaux\/","title":{"rendered":"Le d\u00e9c\u00e8s de Jean Narcisse Mathurin Gravereaux"},"content":{"rendered":"<p><a href=\"https:\/\/i0.wp.com\/marret.co\/wp-content\/uploads\/2016\/03\/1879-12-19-GRAVEREAUX-Jean-Narcisse-Mathurin-Deces_wp.jpg\" rel=\"attachment wp-att-779\"><img data-recalc-dims=\"1\" loading=\"lazy\" decoding=\"async\" data-attachment-id=\"779\" data-permalink=\"https:\/\/lesgravereaux.marret.co\/index.php\/jules-gravereaux\/jules-gravereaux-ses-ancetres\/jean-narcisse-mathurin-gravereaux\/le-deces-de-jean-narcisse-mathurin-gravereaux\/1879-12-19-gravereaux-jean-narcisse-mathurin-deces_wp\/\" data-orig-file=\"https:\/\/i0.wp.com\/lesgravereaux.marret.co\/wp-content\/uploads\/2016\/03\/1879-12-19-GRAVEREAUX-Jean-Narcisse-Mathurin-Deces_wp.jpg?fit=1575%2C1320&amp;ssl=1\" data-orig-size=\"1575,1320\" data-comments-opened=\"1\" data-image-meta=\"{&quot;aperture&quot;:&quot;0&quot;,&quot;credit&quot;:&quot;1996-98 AccuSoft Inc., All right&quot;,&quot;camera&quot;:&quot;&quot;,&quot;caption&quot;:&quot;&quot;,&quot;created_timestamp&quot;:&quot;0&quot;,&quot;copyright&quot;:&quot;&quot;,&quot;focal_length&quot;:&quot;0&quot;,&quot;iso&quot;:&quot;0&quot;,&quot;shutter_speed&quot;:&quot;0&quot;,&quot;title&quot;:&quot;&quot;,&quot;orientation&quot;:&quot;1&quot;}\" data-image-title=\"1879-12-19 GRAVEREAUX, Jean Narcisse Mathurin &amp;#8211; Deces_wp\" data-image-description=\"\" data-image-caption=\"\" data-medium-file=\"https:\/\/i0.wp.com\/lesgravereaux.marret.co\/wp-content\/uploads\/2016\/03\/1879-12-19-GRAVEREAUX-Jean-Narcisse-Mathurin-Deces_wp.jpg?fit=300%2C251&amp;ssl=1\" data-large-file=\"https:\/\/i0.wp.com\/lesgravereaux.marret.co\/wp-content\/uploads\/2016\/03\/1879-12-19-GRAVEREAUX-Jean-Narcisse-Mathurin-Deces_wp.jpg?fit=640%2C536&amp;ssl=1\" class=\"wp-image-779 alignleft\" src=\"https:\/\/i0.wp.com\/marret.co\/wp-content\/uploads\/2016\/03\/1879-12-19-GRAVEREAUX-Jean-Narcisse-Mathurin-Deces_wp-1024x858.jpg?resize=401%2C336\" alt=\"1879-12-19 GRAVEREAUX, Jean Narcisse Mathurin - Deces_wp\" width=\"401\" height=\"336\" data-wp-pid=\"779\" srcset=\"https:\/\/i0.wp.com\/lesgravereaux.marret.co\/wp-content\/uploads\/2016\/03\/1879-12-19-GRAVEREAUX-Jean-Narcisse-Mathurin-Deces_wp.jpg?resize=1024%2C858&amp;ssl=1 1024w, https:\/\/i0.wp.com\/lesgravereaux.marret.co\/wp-content\/uploads\/2016\/03\/1879-12-19-GRAVEREAUX-Jean-Narcisse-Mathurin-Deces_wp.jpg?resize=300%2C251&amp;ssl=1 300w, https:\/\/i0.wp.com\/lesgravereaux.marret.co\/wp-content\/uploads\/2016\/03\/1879-12-19-GRAVEREAUX-Jean-Narcisse-Mathurin-Deces_wp.jpg?resize=768%2C644&amp;ssl=1 768w, https:\/\/i0.wp.com\/lesgravereaux.marret.co\/wp-content\/uploads\/2016\/03\/1879-12-19-GRAVEREAUX-Jean-Narcisse-Mathurin-Deces_wp.jpg?resize=800%2C670&amp;ssl=1 800w, https:\/\/i0.wp.com\/lesgravereaux.marret.co\/wp-content\/uploads\/2016\/03\/1879-12-19-GRAVEREAUX-Jean-Narcisse-Mathurin-Deces_wp.jpg?resize=600%2C503&amp;ssl=1 600w, https:\/\/i0.wp.com\/lesgravereaux.marret.co\/wp-content\/uploads\/2016\/03\/1879-12-19-GRAVEREAUX-Jean-Narcisse-Mathurin-Deces_wp.jpg?w=1575&amp;ssl=1 1575w, https:\/\/i0.wp.com\/lesgravereaux.marret.co\/wp-content\/uploads\/2016\/03\/1879-12-19-GRAVEREAUX-Jean-Narcisse-Mathurin-Deces_wp.jpg?w=1280&amp;ssl=1 1280w\" sizes=\"auto, (max-width: 401px) 100vw, 401px\" \/><\/a><em>\u00ab\u00a0Du dix neuf D\u00e9cembre mil huit cent soixante dix neuf \u00e0 deux heures et demie du matin, acte de d\u00e9c\u00e8s de\u00a0<strong>Jean, Narcisse<\/strong>, <strong>Mathurin<\/strong>, <strong>Gravereaux<\/strong>\u00a0\u00e2g\u00e9 de soixante treize ans, Propri\u00e9taire, n\u00e9 \u00e0 Vitry y d\u00e9c\u00e9d\u00e9 aujourd&rsquo;hui \u00e0 onze heures du matin, rue Saint Aubin n\u00b09, son domicile, \u00c9poux de Marie, Henriette, Gervais, \u00e2g\u00e9e de soixante treize ans, m\u00eame qualit\u00e9, domicili\u00e9e comme dessus, fils de Germain S\u00e9bastien, Gravereaux et de Marie, Marguerite, Qu\u00e9neau, son \u00e9pouse, tous deux d\u00e9c\u00e9d\u00e9s. Constat\u00e9 par nous officier de l&rsquo;\u00c9tat civil de la commune de Vitry-sur-Seine, sur la d\u00e9claration des sieurs Louis, Narcisse, Gravereaux, \u00e2g\u00e9 de quarante un ans, Architecte, demeurant \u00e0 Paris, rue Hippolyte Lebas n\u00b0 12, fils du d\u00e9funt et Louis, Levasseur, \u00e2g\u00e9 de soixante trois ans, treillageur, demeurant \u00e0 Vitry, rue Saint Aubin n\u00b0 11, beau fr\u00e8re du d\u00e9funt, Lesquels ont sign\u00e9 avec nous apr\u00e8s lecture faite du pr\u00e9sent acte.\u00a0\u00bb<\/em><\/p>\n<p style=\"text-align: right;\"><span style=\"font-size: 10pt;\">Source : Archives d\u00e9partementales du Val-de-Marne<\/span><\/p>\n","protected":false},"excerpt":{"rendered":"<p>\u00ab\u00a0Du dix neuf D\u00e9cembre mil huit cent soixante dix neuf \u00e0 deux heures et demie du matin, acte de d\u00e9c\u00e8s de\u00a0Jean, Narcisse, Mathurin, Gravereaux\u00a0\u00e2g\u00e9 de soixante treize ans, Propri\u00e9taire, n\u00e9 \u00e0 Vitry y d\u00e9c\u00e9d\u00e9 aujourd&rsquo;hui \u00e0 onze heures du matin, &hellip; <a href=\"https:\/\/lesgravereaux.marret.co\/index.php\/jules-gravereaux\/jules-gravereaux-ses-ancetres\/jean-narcisse-mathurin-gravereaux\/le-deces-de-jean-narcisse-mathurin-gravereaux\/\">Continuer la lecture <span class=\"meta-nav\">&rarr;<\/span><\/a><\/p>\n","protected":false},"author":1,"featured_media":0,"parent":829,"menu_order":0,"comment_status":"closed","ping_status":"closed","template":"","meta":{"ngg_post_thumbnail":0,"jetpack_post_was_ever_published":false,"footnotes":""},"class_list":["post-853","page","type-page","status-publish","hentry"],"jetpack_sharing_enabled":true,"jetpack_shortlink":"https:\/\/wp.me\/P7ERyi-dL","jetpack-related-posts":[{"id":849,"url":"https:\/\/lesgravereaux.marret.co\/index.php\/jules-gravereaux\/jules-gravereaux-ses-ancetres\/jean-narcisse-mathurin-gravereaux\/la-naissance-de-jean-narcisse-mathurin-gravereaux\/","url_meta":{"origin":853,"position":0},"title":"La naissance de Jean Narcisse Mathurin Gravereaux","author":"marretgravereaux","date":"11 mars 2016","format":false,"excerpt":"\u00ab\u00a0Du quinzi\u00e8me jour du mois de f\u00e9vrier de L'an mil huit cent Six, neuf heures du matin; acte de naissance de jean narcisse Mathurin, n\u00e9 hier, \u00e0 une heure du matin; fils de Germain S\u00e9bastien Gravereaux, menuisier demeurant a Vitry rue d'arnatal n\u00b0 6, et de Marie Marguerite Queneau Son\u2026","rel":"","context":"Article similaire","block_context":{"text":"Article similaire","link":""},"img":{"alt_text":"1806-02-15 GRAVEREAUX, Jean Narcisse Mathurin - Naissance_wp","src":"https:\/\/i0.wp.com\/marret.co\/wp-content\/uploads\/2016\/03\/1806-02-15-GRAVEREAUX-Jean-Narcisse-Mathurin-Naissance_wp-1024x782.jpg?resize=350%2C200","width":350,"height":200},"classes":[]},{"id":851,"url":"https:\/\/lesgravereaux.marret.co\/index.php\/jules-gravereaux\/jules-gravereaux-ses-ancetres\/jean-narcisse-mathurin-gravereaux\/le-mariage-de-jean-narcisse-mathurin-gravereaux-et-de-marie-gervais\/","url_meta":{"origin":853,"position":1},"title":"Le mariage de Jean Narcisse Mathurin Gravereaux et de Marie Gervais","author":"marretgravereaux","date":"11 mars 2016","format":false,"excerpt":"\u00ab\u00a0L An mil huit cent vingt neuf le dix sept f\u00e9vrier heure de midi, Pardevant nous Dominique Louis Sassey adjoint au Maire de la Commune de Vitry-sur-Seine, faisant les fonctions d'officier public de l'\u00e9tat civil : Sont comparus les Sieurs Gravereaux Jean Narcisse Mathurin menuisier domicili\u00e9 \u00e0 Vitry, y n\u00e9\u2026","rel":"","context":"Article similaire","block_context":{"text":"Article similaire","link":""},"img":{"alt_text":"1829-02-17 GRAVEREAUX-GERVAIS - Mariage_wp","src":"https:\/\/i0.wp.com\/marret.co\/wp-content\/uploads\/2016\/03\/1829-02-17-GRAVEREAUX-GERVAIS-Mariage_wp-664x1024.jpg?resize=350%2C200","width":350,"height":200},"classes":[]},{"id":722,"url":"https:\/\/lesgravereaux.marret.co\/index.php\/jules-gravereaux\/des-evenements-de-sa-vie\/jules-gravereaux-son-mariage\/","url_meta":{"origin":853,"position":2},"title":"Jules Gravereaux &#8211; son mariage","author":"marretgravereaux","date":"8 mars 2016","format":false,"excerpt":"\u00ab\u00a0Du Samedi neuf Ao\u00fbt mil huit cent soixante treize, onze heures du matin En la Mairie du Neuvi\u00e8me arrondissement de Paris. Acte de Mariage de : Jules GRAVEREAUX, employ\u00e9 de commerce, \u00e2g\u00e9 de vingt-neuf ans, n\u00e9 \u00e0 Vitry sur Seine (Seine) le premier Mai mil huit cent quarante-quatre, demeurant rue\u2026","rel":"","context":"Article similaire","block_context":{"text":"Article similaire","link":""},"img":{"alt_text":"Flash","src":"https:\/\/i0.wp.com\/marret.co\/wp-content\/uploads\/2016\/03\/1873-08-09-Gravereaux-Jules-Thuillier-AMP_wp-701x1024.jpg?resize=350%2C200","width":350,"height":200},"classes":[]},{"id":829,"url":"https:\/\/lesgravereaux.marret.co\/index.php\/jules-gravereaux\/jules-gravereaux-ses-ancetres\/jean-narcisse-mathurin-gravereaux\/","url_meta":{"origin":853,"position":3},"title":"Jean Narcisse Mathurin Gravereaux","author":"marretgravereaux","date":"11 mars 2016","format":false,"excerpt":"Jean-Narcisse Mathurin Gravereaux est n\u00e9 \u00e0 Vitry-sur-Seine, le 14 f\u00e9vrier 1806. Tout comme son p\u00e8re, Germain S\u00e9bastien Graverot, \u00a0il travaille comme menuisier. Le 17 f\u00e9vrier 1829, il \u00e9pouse, \u00e0 Vitry-sur-Seine, Marie Henriette Gervais. Ils eurent sept enfants. Malheureusement, les trois premiers moururent \u00e0 l\u2019accouchement. Puis vinrent\u00a0: D\u00e9sir\u00e9e Henriette Marie, n\u00e9e\u2026","rel":"","context":"Article similaire","block_context":{"text":"Article similaire","link":""},"img":{"alt_text":"","src":"","width":0,"height":0},"classes":[]},{"id":845,"url":"https:\/\/lesgravereaux.marret.co\/index.php\/jules-gravereaux\/jules-gravereaux-ses-ancetres\/germain-sebastien-graverot\/le-deces-de-germain-sebastien-graverot\/","url_meta":{"origin":853,"position":4},"title":"Le d\u00e9c\u00e8s de Germain S\u00e9bastien Gravereaux","author":"marretgravereaux","date":"11 mars 2016","format":false,"excerpt":"\u00ab\u00a0L'An mil huit cent cinquante six, le onze f\u00e9vrier onze heures du matin, acte de d\u00e9c\u00e8s de Germain, S\u00e9bastien, Gravereaux,\u00a0sans profession, ag\u00e9 de quatre vingt six ans, n\u00e9 \u00e0 Vitry-sur-Seine le sept f\u00e9vrier mil sept cent soixante dix, y d\u00e9c\u00e9d\u00e9, le onze \u00e0 dix heures du soir, en son domicile\u2026","rel":"","context":"Article similaire","block_context":{"text":"Article similaire","link":""},"img":{"alt_text":"1856-02-11 GRAVEREAUX, Germain Sebastien - Deces_wp","src":"https:\/\/i0.wp.com\/marret.co\/wp-content\/uploads\/2016\/03\/1856-02-11-GRAVEREAUX-Germain-Sebastien-Deces_wp-1024x912.jpg?resize=350%2C200","width":350,"height":200},"classes":[]},{"id":863,"url":"https:\/\/lesgravereaux.marret.co\/index.php\/jules-gravereaux\/jules-gravereaux-ses-ancetres\/jean-narcisse-mathurin-gravereaux\/narcisse-gravereaux\/","url_meta":{"origin":853,"position":5},"title":"Narcisse Gravereaux","author":"marretgravereaux","date":"11 mars 2016","format":false,"excerpt":"Louis Narcisse Gravereaux \u00e9tait le deuxi\u00e8me enfant (hormis les mort-n\u00e9s) de Jean-Narcisse Mathurin Gravereaux et Marie Henriette Gervais. Il est n\u00e9 le 4 d\u00e9cembre 1837 \u00e0 Vitry-sur-Seine. Le 7 d\u00e9cembre 1871, il \u00e9pousait Mathilde Thuillier; deux ans apr\u00e8s son fr\u00e8re, Jules \u00e9pousait sa belle-s\u0153ur Laure\u2026 Dipl\u00f4m\u00e9 des Beaux-Arts, il est\u2026","rel":"","context":"Article similaire","block_context":{"text":"Article similaire","link":""},"img":{"alt_text":"","src":"https:\/\/i0.wp.com\/lesgravereaux.marret.co\/wp-content\/uploads\/2019\/02\/Gravereaux-Narcisse-01a_wp.jpg?resize=350%2C200","width":350,"height":200},"classes":[]}],"_links":{"self":[{"href":"https:\/\/lesgravereaux.marret.co\/index.php\/wp-json\/wp\/v2\/pages\/853","targetHints":{"allow":["GET"]}}],"collection":[{"href":"https:\/\/lesgravereaux.marret.co\/index.php\/wp-json\/wp\/v2\/pages"}],"about":[{"href":"https:\/\/lesgravereaux.marret.co\/index.php\/wp-json\/wp\/v2\/types\/page"}],"author":[{"embeddable":true,"href":"https:\/\/lesgravereaux.marret.co\/index.php\/wp-json\/wp\/v2\/users\/1"}],"replies":[{"embeddable":true,"href":"https:\/\/lesgravereaux.marret.co\/index.php\/wp-json\/wp\/v2\/comments?post=853"}],"version-history":[{"count":0,"href":"https:\/\/lesgravereaux.marret.co\/index.php\/wp-json\/wp\/v2\/pages\/853\/revisions"}],"up":[{"embeddable":true,"href":"https:\/\/lesgravereaux.marret.co\/index.php\/wp-json\/wp\/v2\/pages\/829"}],"wp:attachment":[{"href":"https:\/\/lesgravereaux.marret.co\/index.php\/wp-json\/wp\/v2\/media?parent=853"}],"curies":[{"name":"wp","href":"https:\/\/api.w.org\/{rel}","templated":true}]}}