{"id":851,"date":"2016-03-11T22:20:36","date_gmt":"2016-03-11T21:20:36","guid":{"rendered":"http:\/\/marret.co\/?page_id=851"},"modified":"2016-03-11T22:20:36","modified_gmt":"2016-03-11T21:20:36","slug":"le-mariage-de-jean-narcisse-mathurin-gravereaux-et-de-marie-gervais","status":"publish","type":"page","link":"https:\/\/lesgravereaux.marret.co\/index.php\/jules-gravereaux\/jules-gravereaux-ses-ancetres\/jean-narcisse-mathurin-gravereaux\/le-mariage-de-jean-narcisse-mathurin-gravereaux-et-de-marie-gervais\/","title":{"rendered":"Le mariage de Jean Narcisse Mathurin Gravereaux et de Marie Gervais"},"content":{"rendered":"<p><a href=\"https:\/\/i0.wp.com\/marret.co\/wp-content\/uploads\/2016\/03\/1829-02-17-GRAVEREAUX-GERVAIS-Mariage_wp.jpg\" rel=\"attachment wp-att-780\"><img data-recalc-dims=\"1\" loading=\"lazy\" decoding=\"async\" data-attachment-id=\"780\" data-permalink=\"https:\/\/lesgravereaux.marret.co\/index.php\/jules-gravereaux\/jules-gravereaux-ses-ancetres\/jean-narcisse-mathurin-gravereaux\/le-mariage-de-jean-narcisse-mathurin-gravereaux-et-de-marie-gervais\/1829-02-17-gravereaux-gervais-mariage_wp\/\" data-orig-file=\"https:\/\/i0.wp.com\/lesgravereaux.marret.co\/wp-content\/uploads\/2016\/03\/1829-02-17-GRAVEREAUX-GERVAIS-Mariage_wp.jpg?fit=1022%2C1575&amp;ssl=1\" data-orig-size=\"1022,1575\" data-comments-opened=\"1\" data-image-meta=\"{&quot;aperture&quot;:&quot;0&quot;,&quot;credit&quot;:&quot;1996-98 AccuSoft Inc., All right&quot;,&quot;camera&quot;:&quot;&quot;,&quot;caption&quot;:&quot;&quot;,&quot;created_timestamp&quot;:&quot;0&quot;,&quot;copyright&quot;:&quot;&quot;,&quot;focal_length&quot;:&quot;0&quot;,&quot;iso&quot;:&quot;0&quot;,&quot;shutter_speed&quot;:&quot;0&quot;,&quot;title&quot;:&quot;&quot;,&quot;orientation&quot;:&quot;1&quot;}\" data-image-title=\"1829-02-17 GRAVEREAUX-GERVAIS &amp;#8211; Mariage_wp\" data-image-description=\"\" data-image-caption=\"\" data-medium-file=\"https:\/\/i0.wp.com\/lesgravereaux.marret.co\/wp-content\/uploads\/2016\/03\/1829-02-17-GRAVEREAUX-GERVAIS-Mariage_wp.jpg?fit=195%2C300&amp;ssl=1\" data-large-file=\"https:\/\/i0.wp.com\/lesgravereaux.marret.co\/wp-content\/uploads\/2016\/03\/1829-02-17-GRAVEREAUX-GERVAIS-Mariage_wp.jpg?fit=640%2C987&amp;ssl=1\" class=\"wp-image-780 alignleft\" src=\"https:\/\/i0.wp.com\/marret.co\/wp-content\/uploads\/2016\/03\/1829-02-17-GRAVEREAUX-GERVAIS-Mariage_wp-664x1024.jpg?resize=400%2C617\" alt=\"1829-02-17 GRAVEREAUX-GERVAIS - Mariage_wp\" width=\"400\" height=\"617\" data-wp-pid=\"780\" srcset=\"https:\/\/i0.wp.com\/lesgravereaux.marret.co\/wp-content\/uploads\/2016\/03\/1829-02-17-GRAVEREAUX-GERVAIS-Mariage_wp.jpg?resize=664%2C1024&amp;ssl=1 664w, https:\/\/i0.wp.com\/lesgravereaux.marret.co\/wp-content\/uploads\/2016\/03\/1829-02-17-GRAVEREAUX-GERVAIS-Mariage_wp.jpg?resize=195%2C300&amp;ssl=1 195w, https:\/\/i0.wp.com\/lesgravereaux.marret.co\/wp-content\/uploads\/2016\/03\/1829-02-17-GRAVEREAUX-GERVAIS-Mariage_wp.jpg?resize=768%2C1184&amp;ssl=1 768w, https:\/\/i0.wp.com\/lesgravereaux.marret.co\/wp-content\/uploads\/2016\/03\/1829-02-17-GRAVEREAUX-GERVAIS-Mariage_wp.jpg?resize=779%2C1200&amp;ssl=1 779w, https:\/\/i0.wp.com\/lesgravereaux.marret.co\/wp-content\/uploads\/2016\/03\/1829-02-17-GRAVEREAUX-GERVAIS-Mariage_wp.jpg?resize=389%2C600&amp;ssl=1 389w, https:\/\/i0.wp.com\/lesgravereaux.marret.co\/wp-content\/uploads\/2016\/03\/1829-02-17-GRAVEREAUX-GERVAIS-Mariage_wp.jpg?w=1022&amp;ssl=1 1022w\" sizes=\"auto, (max-width: 400px) 100vw, 400px\" \/><\/a><em>\u00ab\u00a0L An mil huit cent vingt neuf le dix sept f\u00e9vrier heure de midi, Pardevant nous Dominique Louis Sassey adjoint au Maire de la Commune de Vitry-sur-Seine, faisant les fonctions d&rsquo;officier public de l&rsquo;\u00e9tat civil : Sont comparus les Sieurs Gravereaux Jean Narcisse Mathurin menuisier domicili\u00e9 \u00e0 Vitry, y n\u00e9 le quatorze f\u00e9vrier mil huit cent six fils mineur de Germain S\u00e9bastien Gravereaux menuisier ag\u00e9 de cinquante neuf anset de Marie Marguerite Queneau son \u00e9pouse ag\u00e9e de cinquante et un ans domicili\u00e9s tous deux \u00e0 Vitry, cy pr\u00e9sents et consentants.<\/em><\/p>\n<p><em>La Dame Gervais Marie Henriette domicili\u00e9e \u00e0 Vitry chez ses parents (p\u00e8re et m\u00e8re) y n\u00e9e le premier ao\u00fbt mil huit cent six, fille majeure de Cyr Jean Gervais p\u00e9pini\u00e9riste ag\u00e9 de quarante trois ans et de Marie \u00c9l\u00e9onore Leclerc son \u00e9pouse ag\u00e9e de quarante trois ans domicili\u00e9s tous deux \u00e0 Vitry ci-pr\u00e9sents et consentants<\/em><\/p>\n<p><em>Lesquels nous ont requis de proc\u00e9der \u00e0 la c\u00e9l\u00e9bration du mariage projet\u00e9 entre eux, et dont les publications ont \u00e9t\u00e9 faites devant la principale porte de la Mairie de Vitry sur Seine, les Dimanches vingt cinq janvier et premier f\u00e9vrier pr\u00e9sente ann\u00e9e aux heures de midi.<\/em><\/p>\n<p><em>Aucune opposition audit mariage ne nous ayant \u00e9t\u00e9 signifi\u00e9e, faisant droit \u00e0 leur r\u00e9quisition, apr\u00e8s avoir donn\u00e9 lecture des actes de naissance des futurs \u00e9poux et du chapitre six du code civil intitul\u00e9 du mariage, Avons demand\u00e9 au futur \u00e9poux et \u00e0 la future \u00e9pouse d&rsquo;\u00eatre [&#8230;] de prendre pour \u00e9poux et pour femme, chacun d&rsquo;eux ayant r\u00e9pondu s\u00e9par\u00e9ment affirmativement<\/em><\/p>\n<p><em>D\u00e9clarons au nom de la loi<\/em><em>\u00a0que\u00a0Gravereaux\u00a0Jean Narcisse Mathurin et DameGervais\u00a0Marie Henriette\u00a0sont unis par le mariage. De tout ce que dessus avons dress\u00e9 acte en pr\u00e9sence de 1\u00b0 Gravereaux Jean Marie menuisier ag\u00e9 de trente ans domicili\u00e9 \u00e0 Paris rue du faubourg St Denis n\u00b0 9 fr\u00e8re de l&rsquo;\u00e9poux. 2\u00b0 de Rouveau Cosme Marie serrurier m\u00e9canicien ag\u00e9 de trente trois ans domicili\u00e9 \u00e0 Paris rue d&rsquo;Austerlitz n\u00b0 1 beau fr\u00e8re de l&rsquo;\u00e9poux, de Pinson Simon Germain Mtre ma\u00e7on ag\u00e9 de quarant huit ans domicili\u00e9 \u00e0 Vitry oncle paternel de l&rsquo;\u00e9pouse. 4\u00b0 et de Amiot Jean Charles p\u00e9pini\u00e9riste ag\u00e9 de quarant six ans domicili\u00e9 \u00e0 Vitry ami de l&rsquo;\u00e9pouse. Lesquels ont sign\u00e9 avec nous et les parties contractantes apr\u00e8s lecture faite except\u00e9 le Sr Amiot qui a d\u00e9clar\u00e9 ne savoir \u00e9crire ni sign\u00e9 [&#8230;] interpell\u00e9 par nous.\u00a0\u00bb<\/em><\/p>\n<p style=\"text-align: right;\"><span style=\"font-size: 10pt;\">Source : Archives d\u00e9partementales du Val-de-Marne<\/span><\/p>\n","protected":false},"excerpt":{"rendered":"<p>\u00ab\u00a0L An mil huit cent vingt neuf le dix sept f\u00e9vrier heure de midi, Pardevant nous Dominique Louis Sassey adjoint au Maire de la Commune de Vitry-sur-Seine, faisant les fonctions d&rsquo;officier public de l&rsquo;\u00e9tat civil : Sont comparus les Sieurs &hellip; <a href=\"https:\/\/lesgravereaux.marret.co\/index.php\/jules-gravereaux\/jules-gravereaux-ses-ancetres\/jean-narcisse-mathurin-gravereaux\/le-mariage-de-jean-narcisse-mathurin-gravereaux-et-de-marie-gervais\/\">Continuer la lecture <span class=\"meta-nav\">&rarr;<\/span><\/a><\/p>\n","protected":false},"author":1,"featured_media":0,"parent":829,"menu_order":0,"comment_status":"closed","ping_status":"closed","template":"","meta":{"ngg_post_thumbnail":0,"jetpack_post_was_ever_published":false,"footnotes":""},"class_list":["post-851","page","type-page","status-publish","hentry"],"jetpack_sharing_enabled":true,"jetpack_shortlink":"https:\/\/wp.me\/P7ERyi-dJ","jetpack-related-posts":[{"id":849,"url":"https:\/\/lesgravereaux.marret.co\/index.php\/jules-gravereaux\/jules-gravereaux-ses-ancetres\/jean-narcisse-mathurin-gravereaux\/la-naissance-de-jean-narcisse-mathurin-gravereaux\/","url_meta":{"origin":851,"position":0},"title":"La naissance de Jean Narcisse Mathurin Gravereaux","author":"marretgravereaux","date":"11 mars 2016","format":false,"excerpt":"\u00ab\u00a0Du quinzi\u00e8me jour du mois de f\u00e9vrier de L'an mil huit cent Six, neuf heures du matin; acte de naissance de jean narcisse Mathurin, n\u00e9 hier, \u00e0 une heure du matin; fils de Germain S\u00e9bastien Gravereaux, menuisier demeurant a Vitry rue d'arnatal n\u00b0 6, et de Marie Marguerite Queneau Son\u2026","rel":"","context":"Article similaire","block_context":{"text":"Article similaire","link":""},"img":{"alt_text":"1806-02-15 GRAVEREAUX, Jean Narcisse Mathurin - Naissance_wp","src":"https:\/\/i0.wp.com\/marret.co\/wp-content\/uploads\/2016\/03\/1806-02-15-GRAVEREAUX-Jean-Narcisse-Mathurin-Naissance_wp-1024x782.jpg?resize=350%2C200","width":350,"height":200},"classes":[]},{"id":853,"url":"https:\/\/lesgravereaux.marret.co\/index.php\/jules-gravereaux\/jules-gravereaux-ses-ancetres\/jean-narcisse-mathurin-gravereaux\/le-deces-de-jean-narcisse-mathurin-gravereaux\/","url_meta":{"origin":851,"position":1},"title":"Le d\u00e9c\u00e8s de Jean Narcisse Mathurin Gravereaux","author":"marretgravereaux","date":"11 mars 2016","format":false,"excerpt":"\u00ab\u00a0Du dix neuf D\u00e9cembre mil huit cent soixante dix neuf \u00e0 deux heures et demie du matin, acte de d\u00e9c\u00e8s de\u00a0Jean, Narcisse, Mathurin, Gravereaux\u00a0\u00e2g\u00e9 de soixante treize ans, Propri\u00e9taire, n\u00e9 \u00e0 Vitry y d\u00e9c\u00e9d\u00e9 aujourd'hui \u00e0 onze heures du matin, rue Saint Aubin n\u00b09, son domicile, \u00c9poux de Marie, Henriette,\u2026","rel":"","context":"Article similaire","block_context":{"text":"Article similaire","link":""},"img":{"alt_text":"1879-12-19 GRAVEREAUX, Jean Narcisse Mathurin - Deces_wp","src":"https:\/\/i0.wp.com\/marret.co\/wp-content\/uploads\/2016\/03\/1879-12-19-GRAVEREAUX-Jean-Narcisse-Mathurin-Deces_wp-1024x858.jpg?resize=350%2C200","width":350,"height":200},"classes":[]},{"id":829,"url":"https:\/\/lesgravereaux.marret.co\/index.php\/jules-gravereaux\/jules-gravereaux-ses-ancetres\/jean-narcisse-mathurin-gravereaux\/","url_meta":{"origin":851,"position":2},"title":"Jean Narcisse Mathurin Gravereaux","author":"marretgravereaux","date":"11 mars 2016","format":false,"excerpt":"Jean-Narcisse Mathurin Gravereaux est n\u00e9 \u00e0 Vitry-sur-Seine, le 14 f\u00e9vrier 1806. Tout comme son p\u00e8re, Germain S\u00e9bastien Graverot, \u00a0il travaille comme menuisier. Le 17 f\u00e9vrier 1829, il \u00e9pouse, \u00e0 Vitry-sur-Seine, Marie Henriette Gervais. Ils eurent sept enfants. Malheureusement, les trois premiers moururent \u00e0 l\u2019accouchement. Puis vinrent\u00a0: D\u00e9sir\u00e9e Henriette Marie, n\u00e9e\u2026","rel":"","context":"Article similaire","block_context":{"text":"Article similaire","link":""},"img":{"alt_text":"","src":"","width":0,"height":0},"classes":[]},{"id":722,"url":"https:\/\/lesgravereaux.marret.co\/index.php\/jules-gravereaux\/des-evenements-de-sa-vie\/jules-gravereaux-son-mariage\/","url_meta":{"origin":851,"position":3},"title":"Jules Gravereaux &#8211; son mariage","author":"marretgravereaux","date":"8 mars 2016","format":false,"excerpt":"\u00ab\u00a0Du Samedi neuf Ao\u00fbt mil huit cent soixante treize, onze heures du matin En la Mairie du Neuvi\u00e8me arrondissement de Paris. Acte de Mariage de : Jules GRAVEREAUX, employ\u00e9 de commerce, \u00e2g\u00e9 de vingt-neuf ans, n\u00e9 \u00e0 Vitry sur Seine (Seine) le premier Mai mil huit cent quarante-quatre, demeurant rue\u2026","rel":"","context":"Article similaire","block_context":{"text":"Article similaire","link":""},"img":{"alt_text":"Flash","src":"https:\/\/i0.wp.com\/marret.co\/wp-content\/uploads\/2016\/03\/1873-08-09-Gravereaux-Jules-Thuillier-AMP_wp-701x1024.jpg?resize=350%2C200","width":350,"height":200},"classes":[]},{"id":715,"url":"https:\/\/lesgravereaux.marret.co\/index.php\/jules-gravereaux\/des-evenements-de-sa-vie\/jules-gravereaux-sa-naissance\/","url_meta":{"origin":851,"position":4},"title":"Jules Gravereaux &#8211; sa naissance","author":"marretgravereaux","date":"8 mars 2016","format":false,"excerpt":"\u00a0 \u00ab\u00a0L'An mil huit cent quarante quatre, le deux mai, neuf heures du matin, pardevant nous, Sassey, (Dominique, Louis), chevalier de la l\u00e9gion d'honneur, adjoint au maire de Vitry, d\u00e9l\u00e9gu\u00e9 pour remplir les fonctions d'officier public de l'\u00c9tat civil, est comparu le Sr Gravereaux, (Jean, Narcisse), menuisier, \u00e2g\u00e9 de trente\u2026","rel":"","context":"Article similaire","block_context":{"text":"Article similaire","link":""},"img":{"alt_text":"1844-05-02 GRAVEREAUX, Jules - Naissance_wp","src":"https:\/\/i0.wp.com\/marret.co\/wp-content\/uploads\/2016\/03\/1844-05-02-GRAVEREAUX-Jules-Naissance_wp-1024x575.jpg?resize=350%2C200","width":350,"height":200},"classes":[]},{"id":865,"url":"https:\/\/lesgravereaux.marret.co\/index.php\/jules-gravereaux\/jules-gravereaux-ses-ancetres\/jean-narcisse-mathurin-gravereaux\/anatole-gravereaux\/","url_meta":{"origin":851,"position":5},"title":"Anatole Gravereaux","author":"marretgravereaux","date":"11 mars 2016","format":false,"excerpt":"Pierre Anatole Gravereaux \u00e9tait le troisi\u00e8me enfant (hormis les mort-n\u00e9s) de Jean-Narcisse Mathurin Gravereaux et Marie Henriette Gervais. N\u00e9 le 9 janvier 1842 \u00e0 Vitry-sur-Seine, il serait parti en Alg\u00e9rie \u2013 pour des motifs inconnus, a-t-on dit \u2013 vers 1860. Il travaillait chez un certain monsieur Lemoine, menuisier \u00e0 l\u2019Arbah,\u2026","rel":"","context":"Article similaire","block_context":{"text":"Article similaire","link":""},"img":{"alt_text":"","src":"","width":0,"height":0},"classes":[]}],"_links":{"self":[{"href":"https:\/\/lesgravereaux.marret.co\/index.php\/wp-json\/wp\/v2\/pages\/851","targetHints":{"allow":["GET"]}}],"collection":[{"href":"https:\/\/lesgravereaux.marret.co\/index.php\/wp-json\/wp\/v2\/pages"}],"about":[{"href":"https:\/\/lesgravereaux.marret.co\/index.php\/wp-json\/wp\/v2\/types\/page"}],"author":[{"embeddable":true,"href":"https:\/\/lesgravereaux.marret.co\/index.php\/wp-json\/wp\/v2\/users\/1"}],"replies":[{"embeddable":true,"href":"https:\/\/lesgravereaux.marret.co\/index.php\/wp-json\/wp\/v2\/comments?post=851"}],"version-history":[{"count":0,"href":"https:\/\/lesgravereaux.marret.co\/index.php\/wp-json\/wp\/v2\/pages\/851\/revisions"}],"up":[{"embeddable":true,"href":"https:\/\/lesgravereaux.marret.co\/index.php\/wp-json\/wp\/v2\/pages\/829"}],"wp:attachment":[{"href":"https:\/\/lesgravereaux.marret.co\/index.php\/wp-json\/wp\/v2\/media?parent=851"}],"curies":[{"name":"wp","href":"https:\/\/api.w.org\/{rel}","templated":true}]}}