{"id":845,"date":"2016-03-11T22:09:14","date_gmt":"2016-03-11T21:09:14","guid":{"rendered":"http:\/\/marret.co\/?page_id=845"},"modified":"2016-03-11T22:11:51","modified_gmt":"2016-03-11T21:11:51","slug":"le-deces-de-germain-sebastien-graverot","status":"publish","type":"page","link":"https:\/\/lesgravereaux.marret.co\/index.php\/jules-gravereaux\/jules-gravereaux-ses-ancetres\/germain-sebastien-graverot\/le-deces-de-germain-sebastien-graverot\/","title":{"rendered":"Le d\u00e9c\u00e8s de Germain S\u00e9bastien Gravereaux"},"content":{"rendered":"<p><a href=\"https:\/\/i0.wp.com\/marret.co\/wp-content\/uploads\/2016\/03\/1856-02-11-GRAVEREAUX-Germain-Sebastien-Deces_wp.jpg\" rel=\"attachment wp-att-777\"><img data-recalc-dims=\"1\" loading=\"lazy\" decoding=\"async\" data-attachment-id=\"777\" data-permalink=\"https:\/\/lesgravereaux.marret.co\/index.php\/jules-gravereaux\/jules-gravereaux-ses-ancetres\/germain-sebastien-graverot\/le-deces-de-germain-sebastien-graverot\/1856-02-11-gravereaux-germain-sebastien-deces_wp\/\" data-orig-file=\"https:\/\/i0.wp.com\/lesgravereaux.marret.co\/wp-content\/uploads\/2016\/03\/1856-02-11-GRAVEREAUX-Germain-Sebastien-Deces_wp.jpg?fit=1181%2C1052&amp;ssl=1\" data-orig-size=\"1181,1052\" data-comments-opened=\"1\" data-image-meta=\"{&quot;aperture&quot;:&quot;0&quot;,&quot;credit&quot;:&quot;1996-98 AccuSoft Inc., All right&quot;,&quot;camera&quot;:&quot;&quot;,&quot;caption&quot;:&quot;&quot;,&quot;created_timestamp&quot;:&quot;0&quot;,&quot;copyright&quot;:&quot;&quot;,&quot;focal_length&quot;:&quot;0&quot;,&quot;iso&quot;:&quot;0&quot;,&quot;shutter_speed&quot;:&quot;0&quot;,&quot;title&quot;:&quot;&quot;,&quot;orientation&quot;:&quot;1&quot;}\" data-image-title=\"1856-02-11 GRAVEREAUX, Germain Sebastien &amp;#8211; Deces_wp\" data-image-description=\"\" data-image-caption=\"\" data-medium-file=\"https:\/\/i0.wp.com\/lesgravereaux.marret.co\/wp-content\/uploads\/2016\/03\/1856-02-11-GRAVEREAUX-Germain-Sebastien-Deces_wp.jpg?fit=300%2C267&amp;ssl=1\" data-large-file=\"https:\/\/i0.wp.com\/lesgravereaux.marret.co\/wp-content\/uploads\/2016\/03\/1856-02-11-GRAVEREAUX-Germain-Sebastien-Deces_wp.jpg?fit=640%2C570&amp;ssl=1\" class=\"wp-image-777 alignleft\" src=\"https:\/\/i0.wp.com\/marret.co\/wp-content\/uploads\/2016\/03\/1856-02-11-GRAVEREAUX-Germain-Sebastien-Deces_wp-1024x912.jpg?resize=401%2C357\" alt=\"1856-02-11 GRAVEREAUX, Germain Sebastien - Deces_wp\" width=\"401\" height=\"357\" data-wp-pid=\"777\" srcset=\"https:\/\/i0.wp.com\/lesgravereaux.marret.co\/wp-content\/uploads\/2016\/03\/1856-02-11-GRAVEREAUX-Germain-Sebastien-Deces_wp.jpg?resize=1024%2C912&amp;ssl=1 1024w, https:\/\/i0.wp.com\/lesgravereaux.marret.co\/wp-content\/uploads\/2016\/03\/1856-02-11-GRAVEREAUX-Germain-Sebastien-Deces_wp.jpg?resize=300%2C267&amp;ssl=1 300w, https:\/\/i0.wp.com\/lesgravereaux.marret.co\/wp-content\/uploads\/2016\/03\/1856-02-11-GRAVEREAUX-Germain-Sebastien-Deces_wp.jpg?resize=768%2C684&amp;ssl=1 768w, https:\/\/i0.wp.com\/lesgravereaux.marret.co\/wp-content\/uploads\/2016\/03\/1856-02-11-GRAVEREAUX-Germain-Sebastien-Deces_wp.jpg?resize=800%2C713&amp;ssl=1 800w, https:\/\/i0.wp.com\/lesgravereaux.marret.co\/wp-content\/uploads\/2016\/03\/1856-02-11-GRAVEREAUX-Germain-Sebastien-Deces_wp.jpg?resize=600%2C534&amp;ssl=1 600w, https:\/\/i0.wp.com\/lesgravereaux.marret.co\/wp-content\/uploads\/2016\/03\/1856-02-11-GRAVEREAUX-Germain-Sebastien-Deces_wp.jpg?w=1181&amp;ssl=1 1181w\" sizes=\"auto, (max-width: 401px) 100vw, 401px\" \/><\/a><em>\u00ab\u00a0L&rsquo;An mil huit cent cinquante six, le onze f\u00e9vrier onze heures du matin, acte de d\u00e9c\u00e8s de <u>Germain, <\/u><u>S\u00e9bastien, Gravereaux,<\/u>\u00a0sans profession, ag\u00e9 de quatre vingt six ans, n\u00e9 \u00e0 Vitry-sur-Seine le sept f\u00e9vrier mil sept cent soixante dix, y d\u00e9c\u00e9d\u00e9, le onze \u00e0 dix heures du soir, en son domicile rue St Aubin, fils de feu Jean Baptiste Gravereaux et de Marie Jeanne Collinet, mari\u00e9s au dit Vitry-sur-Seine le vingt et un juillet mil sept cent quatre vingt sept, \u00e0 Marie Marguerite Quenot, aujourd&rsquo;hui sa veuve, sans profession, ag\u00e9e de soixante dix sept ans, demeurant comme dessus, constat\u00e9 par nous, Pierre Lamoureux, maire, officier de l&rsquo;\u00e9tat civil de cette commune, Chevalier de la L\u00e9gion d&rsquo;honneur, sur la d\u00e9claration des Sieurs Jules, D\u00e9sir\u00e9 Baude, marchand de bois, ag\u00e9 de cinquante ans, et de Louis Levasseur, tourneur menuisier, ag\u00e9 de trente neuf ans, tous deux gendres du d\u00e9funt et domicili\u00e9s \u00e0 Vitry, Lesquels ont sign\u00e9 avec nous le pr\u00e9sent acte de d\u00e9c\u00e8s apr\u00e8s lecture faite.\u00a0\u00bb<\/em><\/p>\n<p style=\"text-align: right;\"><span style=\"font-size: 10pt;\">Source : Archives d\u00e9partementales du Val-de-Marne<\/span><\/p>\n","protected":false},"excerpt":{"rendered":"<p>\u00ab\u00a0L&rsquo;An mil huit cent cinquante six, le onze f\u00e9vrier onze heures du matin, acte de d\u00e9c\u00e8s de Germain, S\u00e9bastien, Gravereaux,\u00a0sans profession, ag\u00e9 de quatre vingt six ans, n\u00e9 \u00e0 Vitry-sur-Seine le sept f\u00e9vrier mil sept cent soixante dix, y d\u00e9c\u00e9d\u00e9, &hellip; <a href=\"https:\/\/lesgravereaux.marret.co\/index.php\/jules-gravereaux\/jules-gravereaux-ses-ancetres\/germain-sebastien-graverot\/le-deces-de-germain-sebastien-graverot\/\">Continuer la lecture <span class=\"meta-nav\">&rarr;<\/span><\/a><\/p>\n","protected":false},"author":1,"featured_media":0,"parent":787,"menu_order":0,"comment_status":"closed","ping_status":"closed","template":"","meta":{"ngg_post_thumbnail":0,"jetpack_post_was_ever_published":false,"footnotes":""},"class_list":["post-845","page","type-page","status-publish","hentry"],"jetpack_sharing_enabled":true,"jetpack_shortlink":"https:\/\/wp.me\/P7ERyi-dD","jetpack-related-posts":[{"id":842,"url":"https:\/\/lesgravereaux.marret.co\/index.php\/jules-gravereaux\/jules-gravereaux-ses-ancetres\/germain-sebastien-graverot\/le-mariage-de-germain-sebastien-graverot-et-de-marie-marguerite-quenault\/","url_meta":{"origin":845,"position":0},"title":"Le mariage de Germain S\u00e9bastien Graverot et de Marie-Marguerite Quenault","author":"marretgravereaux","date":"11 mars 2016","format":false,"excerpt":"\u00ab\u00a0Le troy thermidor En cinque de la republique francaise une et indivisible acte de mariage de jermain S\u00e9bastien Gravelot menuisier demeurent dent cette commune rue de la petite fontaine n\u00b02 ag\u00e9 de vingt huit ans Sixmois fils de jean baptiste gravelot d\u00e9c\u00e9d\u00e9 a la commune de Vitry le quinze aoux\u2026","rel":"","context":"Article similaire","block_context":{"text":"Article similaire","link":""},"img":{"alt_text":"1797-07-21 Gravereaux, Quenault - Mariage2_wp","src":"https:\/\/i0.wp.com\/marret.co\/wp-content\/uploads\/2016\/03\/1797-07-21-Gravereaux-Quenault-Mariage2_wp-490x1024.jpg?resize=350%2C200","width":350,"height":200},"classes":[]},{"id":853,"url":"https:\/\/lesgravereaux.marret.co\/index.php\/jules-gravereaux\/jules-gravereaux-ses-ancetres\/jean-narcisse-mathurin-gravereaux\/le-deces-de-jean-narcisse-mathurin-gravereaux\/","url_meta":{"origin":845,"position":1},"title":"Le d\u00e9c\u00e8s de Jean Narcisse Mathurin Gravereaux","author":"marretgravereaux","date":"11 mars 2016","format":false,"excerpt":"\u00ab\u00a0Du dix neuf D\u00e9cembre mil huit cent soixante dix neuf \u00e0 deux heures et demie du matin, acte de d\u00e9c\u00e8s de\u00a0Jean, Narcisse, Mathurin, Gravereaux\u00a0\u00e2g\u00e9 de soixante treize ans, Propri\u00e9taire, n\u00e9 \u00e0 Vitry y d\u00e9c\u00e9d\u00e9 aujourd'hui \u00e0 onze heures du matin, rue Saint Aubin n\u00b09, son domicile, \u00c9poux de Marie, Henriette,\u2026","rel":"","context":"Article similaire","block_context":{"text":"Article similaire","link":""},"img":{"alt_text":"1879-12-19 GRAVEREAUX, Jean Narcisse Mathurin - Deces_wp","src":"https:\/\/i0.wp.com\/marret.co\/wp-content\/uploads\/2016\/03\/1879-12-19-GRAVEREAUX-Jean-Narcisse-Mathurin-Deces_wp-1024x858.jpg?resize=350%2C200","width":350,"height":200},"classes":[]},{"id":851,"url":"https:\/\/lesgravereaux.marret.co\/index.php\/jules-gravereaux\/jules-gravereaux-ses-ancetres\/jean-narcisse-mathurin-gravereaux\/le-mariage-de-jean-narcisse-mathurin-gravereaux-et-de-marie-gervais\/","url_meta":{"origin":845,"position":2},"title":"Le mariage de Jean Narcisse Mathurin Gravereaux et de Marie Gervais","author":"marretgravereaux","date":"11 mars 2016","format":false,"excerpt":"\u00ab\u00a0L An mil huit cent vingt neuf le dix sept f\u00e9vrier heure de midi, Pardevant nous Dominique Louis Sassey adjoint au Maire de la Commune de Vitry-sur-Seine, faisant les fonctions d'officier public de l'\u00e9tat civil : Sont comparus les Sieurs Gravereaux Jean Narcisse Mathurin menuisier domicili\u00e9 \u00e0 Vitry, y n\u00e9\u2026","rel":"","context":"Article similaire","block_context":{"text":"Article similaire","link":""},"img":{"alt_text":"1829-02-17 GRAVEREAUX-GERVAIS - Mariage_wp","src":"https:\/\/i0.wp.com\/marret.co\/wp-content\/uploads\/2016\/03\/1829-02-17-GRAVEREAUX-GERVAIS-Mariage_wp-664x1024.jpg?resize=350%2C200","width":350,"height":200},"classes":[]},{"id":724,"url":"https:\/\/lesgravereaux.marret.co\/index.php\/jules-gravereaux\/des-evenements-de-sa-vie\/jules-gravereaux-son-deces\/","url_meta":{"origin":845,"position":3},"title":"Jules Gravereaux &#8211; son d\u00e9c\u00e8s","author":"marretgravereaux","date":"8 mars 2016","format":false,"excerpt":"\u00a0 \u00ab\u00a0Le vingt-trois Mars mil neuf cent seize, dix heures et demie du matin est d\u00e9c\u00e9d\u00e9 en son domicile 4\u00a0Avenue de Villars\u00a0: Jules, Gravereaux, propri\u00e9taire, officier de la L\u00e9gion d'honneur, n\u00e9 \u00e0 Vitry-sur-Seine (Seine) le premier mai mil huit cent quarante quatre; fils de Jean-Narcisse, Gravereaux et de Marie, Henriette,\u2026","rel":"","context":"Article similaire","block_context":{"text":"Article similaire","link":""},"img":{"alt_text":"1916-03-24 Gravereaux, Jules - Deces (AMP)_wp","src":"https:\/\/i0.wp.com\/marret.co\/wp-content\/uploads\/2016\/03\/1916-03-24-Gravereaux-Jules-Deces-AMP_wp-1024x425.jpg?resize=350%2C200","width":350,"height":200},"classes":[]},{"id":722,"url":"https:\/\/lesgravereaux.marret.co\/index.php\/jules-gravereaux\/des-evenements-de-sa-vie\/jules-gravereaux-son-mariage\/","url_meta":{"origin":845,"position":4},"title":"Jules Gravereaux &#8211; son mariage","author":"marretgravereaux","date":"8 mars 2016","format":false,"excerpt":"\u00ab\u00a0Du Samedi neuf Ao\u00fbt mil huit cent soixante treize, onze heures du matin En la Mairie du Neuvi\u00e8me arrondissement de Paris. Acte de Mariage de : Jules GRAVEREAUX, employ\u00e9 de commerce, \u00e2g\u00e9 de vingt-neuf ans, n\u00e9 \u00e0 Vitry sur Seine (Seine) le premier Mai mil huit cent quarante-quatre, demeurant rue\u2026","rel":"","context":"Article similaire","block_context":{"text":"Article similaire","link":""},"img":{"alt_text":"Flash","src":"https:\/\/i0.wp.com\/marret.co\/wp-content\/uploads\/2016\/03\/1873-08-09-Gravereaux-Jules-Thuillier-AMP_wp-701x1024.jpg?resize=350%2C200","width":350,"height":200},"classes":[]},{"id":837,"url":"https:\/\/lesgravereaux.marret.co\/index.php\/jules-gravereaux\/jules-gravereaux-ses-ancetres\/germain-sebastien-graverot\/le-bapteme-de-germain-sebastien-graverot\/","url_meta":{"origin":845,"position":5},"title":"Le bapt\u00eame de Germain S\u00e9bastien Graverot","author":"marretgravereaux","date":"11 mars 2016","format":false,"excerpt":"\u00ab\u00a0Du Jeudy huiti\u00e8me jour de f\u00e9vrier mil sept cent soixante et dix par nous pr\u00eatre vicaire de cette paroisse soussign\u00e9 a \u00e9t\u00e9 baptis\u00e9 germain Sebastien n\u00e9 hier du l\u00e9gitime mariage de jean baptiste Graverot [...] menuisier, et de marie jeanne collinet [...] de cette paroisse [de denys claude [...] marchand\u2026","rel":"","context":"Article similaire","block_context":{"text":"Article similaire","link":""},"img":{"alt_text":"Maxthon","src":"https:\/\/i0.wp.com\/marret.co\/wp-content\/uploads\/2016\/03\/1770-02-08-GRAVEROT-Germain-Sebastien-Bapteme_wp-1024x281.jpg?resize=350%2C200","width":350,"height":200},"classes":[]}],"_links":{"self":[{"href":"https:\/\/lesgravereaux.marret.co\/index.php\/wp-json\/wp\/v2\/pages\/845","targetHints":{"allow":["GET"]}}],"collection":[{"href":"https:\/\/lesgravereaux.marret.co\/index.php\/wp-json\/wp\/v2\/pages"}],"about":[{"href":"https:\/\/lesgravereaux.marret.co\/index.php\/wp-json\/wp\/v2\/types\/page"}],"author":[{"embeddable":true,"href":"https:\/\/lesgravereaux.marret.co\/index.php\/wp-json\/wp\/v2\/users\/1"}],"replies":[{"embeddable":true,"href":"https:\/\/lesgravereaux.marret.co\/index.php\/wp-json\/wp\/v2\/comments?post=845"}],"version-history":[{"count":0,"href":"https:\/\/lesgravereaux.marret.co\/index.php\/wp-json\/wp\/v2\/pages\/845\/revisions"}],"up":[{"embeddable":true,"href":"https:\/\/lesgravereaux.marret.co\/index.php\/wp-json\/wp\/v2\/pages\/787"}],"wp:attachment":[{"href":"https:\/\/lesgravereaux.marret.co\/index.php\/wp-json\/wp\/v2\/media?parent=845"}],"curies":[{"name":"wp","href":"https:\/\/api.w.org\/{rel}","templated":true}]}}