{"id":837,"date":"2016-03-11T21:57:47","date_gmt":"2016-03-11T20:57:47","guid":{"rendered":"http:\/\/marret.co\/?page_id=837"},"modified":"2016-03-11T22:01:27","modified_gmt":"2016-03-11T21:01:27","slug":"le-bapteme-de-germain-sebastien-graverot","status":"publish","type":"page","link":"https:\/\/lesgravereaux.marret.co\/index.php\/jules-gravereaux\/jules-gravereaux-ses-ancetres\/germain-sebastien-graverot\/le-bapteme-de-germain-sebastien-graverot\/","title":{"rendered":"Le bapt\u00eame de Germain S\u00e9bastien Graverot"},"content":{"rendered":"<p><a href=\"https:\/\/i0.wp.com\/marret.co\/wp-content\/uploads\/2016\/03\/1770-02-08-GRAVEROT-Germain-Sebastien-Bapteme_wp.jpg\" rel=\"attachment wp-att-775\"><img data-recalc-dims=\"1\" loading=\"lazy\" decoding=\"async\" data-attachment-id=\"775\" data-permalink=\"https:\/\/lesgravereaux.marret.co\/index.php\/jules-gravereaux\/jules-gravereaux-ses-ancetres\/germain-sebastien-graverot\/le-bapteme-de-germain-sebastien-graverot\/maxthon-3\/\" data-orig-file=\"https:\/\/i0.wp.com\/lesgravereaux.marret.co\/wp-content\/uploads\/2016\/03\/1770-02-08-GRAVEROT-Germain-Sebastien-Bapteme_wp.jpg?fit=1575%2C432&amp;ssl=1\" data-orig-size=\"1575,432\" data-comments-opened=\"1\" data-image-meta=\"{&quot;aperture&quot;:&quot;0&quot;,&quot;credit&quot;:&quot;Jean-Luc&quot;,&quot;camera&quot;:&quot;&quot;,&quot;caption&quot;:&quot;&quot;,&quot;created_timestamp&quot;:&quot;0&quot;,&quot;copyright&quot;:&quot;&quot;,&quot;focal_length&quot;:&quot;0&quot;,&quot;iso&quot;:&quot;0&quot;,&quot;shutter_speed&quot;:&quot;0&quot;,&quot;title&quot;:&quot;Maxthon&quot;,&quot;orientation&quot;:&quot;1&quot;}\" data-image-title=\"Maxthon\" data-image-description=\"\" data-image-caption=\"\" data-medium-file=\"https:\/\/i0.wp.com\/lesgravereaux.marret.co\/wp-content\/uploads\/2016\/03\/1770-02-08-GRAVEROT-Germain-Sebastien-Bapteme_wp.jpg?fit=300%2C82&amp;ssl=1\" data-large-file=\"https:\/\/i0.wp.com\/lesgravereaux.marret.co\/wp-content\/uploads\/2016\/03\/1770-02-08-GRAVEROT-Germain-Sebastien-Bapteme_wp.jpg?fit=640%2C176&amp;ssl=1\" class=\"wp-image-775 alignleft\" src=\"https:\/\/i0.wp.com\/marret.co\/wp-content\/uploads\/2016\/03\/1770-02-08-GRAVEROT-Germain-Sebastien-Bapteme_wp-1024x281.jpg?resize=400%2C110\" alt=\"Maxthon\" width=\"400\" height=\"110\" data-wp-pid=\"775\" srcset=\"https:\/\/i0.wp.com\/lesgravereaux.marret.co\/wp-content\/uploads\/2016\/03\/1770-02-08-GRAVEROT-Germain-Sebastien-Bapteme_wp.jpg?resize=1024%2C281&amp;ssl=1 1024w, https:\/\/i0.wp.com\/lesgravereaux.marret.co\/wp-content\/uploads\/2016\/03\/1770-02-08-GRAVEROT-Germain-Sebastien-Bapteme_wp.jpg?resize=300%2C82&amp;ssl=1 300w, https:\/\/i0.wp.com\/lesgravereaux.marret.co\/wp-content\/uploads\/2016\/03\/1770-02-08-GRAVEROT-Germain-Sebastien-Bapteme_wp.jpg?resize=768%2C211&amp;ssl=1 768w, https:\/\/i0.wp.com\/lesgravereaux.marret.co\/wp-content\/uploads\/2016\/03\/1770-02-08-GRAVEROT-Germain-Sebastien-Bapteme_wp.jpg?resize=800%2C219&amp;ssl=1 800w, https:\/\/i0.wp.com\/lesgravereaux.marret.co\/wp-content\/uploads\/2016\/03\/1770-02-08-GRAVEROT-Germain-Sebastien-Bapteme_wp.jpg?resize=600%2C165&amp;ssl=1 600w, https:\/\/i0.wp.com\/lesgravereaux.marret.co\/wp-content\/uploads\/2016\/03\/1770-02-08-GRAVEROT-Germain-Sebastien-Bapteme_wp.jpg?w=1575&amp;ssl=1 1575w, https:\/\/i0.wp.com\/lesgravereaux.marret.co\/wp-content\/uploads\/2016\/03\/1770-02-08-GRAVEROT-Germain-Sebastien-Bapteme_wp.jpg?w=1280&amp;ssl=1 1280w\" sizes=\"auto, (max-width: 400px) 100vw, 400px\" \/><\/a><em>\u00ab\u00a0Du Jeudy huiti\u00e8me jour de f\u00e9vrier mil sept cent soixante et dix par nous pr\u00eatre vicaire de cette paroisse soussign\u00e9 a \u00e9t\u00e9 baptis\u00e9 germain Sebastien n\u00e9 hier du l\u00e9gitime mariage de jean baptiste Graverot [&#8230;] menuisier, et de marie jeanne collinet [&#8230;] de cette paroisse [de denys claude [&#8230;] marchand d&rsquo;arbres de la paroisse de Sainr gervais de ce lieu qui ont sign\u00e9 avec nous [&#8230;] pr\u00e9sent\u00a0\u00bb<\/em><\/p>\n<p style=\"text-align: right;\"><span style=\"font-size: 10pt;\">Source : Archives d\u00e9partementales du Val-de-Marne<\/span><\/p>\n","protected":false},"excerpt":{"rendered":"<p>\u00ab\u00a0Du Jeudy huiti\u00e8me jour de f\u00e9vrier mil sept cent soixante et dix par nous pr\u00eatre vicaire de cette paroisse soussign\u00e9 a \u00e9t\u00e9 baptis\u00e9 germain Sebastien n\u00e9 hier du l\u00e9gitime mariage de jean baptiste Graverot [&#8230;] menuisier, et de marie jeanne &hellip; <a href=\"https:\/\/lesgravereaux.marret.co\/index.php\/jules-gravereaux\/jules-gravereaux-ses-ancetres\/germain-sebastien-graverot\/le-bapteme-de-germain-sebastien-graverot\/\">Continuer la lecture <span class=\"meta-nav\">&rarr;<\/span><\/a><\/p>\n","protected":false},"author":1,"featured_media":0,"parent":787,"menu_order":0,"comment_status":"closed","ping_status":"closed","template":"","meta":{"ngg_post_thumbnail":0,"jetpack_post_was_ever_published":false,"footnotes":""},"class_list":["post-837","page","type-page","status-publish","hentry"],"jetpack_sharing_enabled":true,"jetpack_shortlink":"https:\/\/wp.me\/P7ERyi-dv","jetpack-related-posts":[{"id":845,"url":"https:\/\/lesgravereaux.marret.co\/index.php\/jules-gravereaux\/jules-gravereaux-ses-ancetres\/germain-sebastien-graverot\/le-deces-de-germain-sebastien-graverot\/","url_meta":{"origin":837,"position":0},"title":"Le d\u00e9c\u00e8s de Germain S\u00e9bastien Gravereaux","author":"marretgravereaux","date":"11 mars 2016","format":false,"excerpt":"\u00ab\u00a0L'An mil huit cent cinquante six, le onze f\u00e9vrier onze heures du matin, acte de d\u00e9c\u00e8s de Germain, S\u00e9bastien, Gravereaux,\u00a0sans profession, ag\u00e9 de quatre vingt six ans, n\u00e9 \u00e0 Vitry-sur-Seine le sept f\u00e9vrier mil sept cent soixante dix, y d\u00e9c\u00e9d\u00e9, le onze \u00e0 dix heures du soir, en son domicile\u2026","rel":"","context":"Article similaire","block_context":{"text":"Article similaire","link":""},"img":{"alt_text":"1856-02-11 GRAVEREAUX, Germain Sebastien - Deces_wp","src":"https:\/\/i0.wp.com\/marret.co\/wp-content\/uploads\/2016\/03\/1856-02-11-GRAVEREAUX-Germain-Sebastien-Deces_wp-1024x912.jpg?resize=350%2C200","width":350,"height":200},"classes":[]},{"id":768,"url":"https:\/\/lesgravereaux.marret.co\/index.php\/jules-gravereaux\/jules-gravereaux-ses-ancetres\/jean-baptiste-gravereau\/le-deces-de-jean-baptiste-gravereau\/","url_meta":{"origin":837,"position":1},"title":"Le d\u00e9c\u00e8s de Jean-Baptiste Gravereau","author":"marretgravereaux","date":"9 mars 2016","format":false,"excerpt":"\u00ab Du jeudy quinze aout mil sept cent soixante et onze [...] pr\u00eatre Docteur de Sorbonne, Cur\u00e9 de cette paroisse soussign\u00e9 a \u00e9t\u00e9 inhum\u00e9 [...] le cimeti\u00e8re de cette \u00e9glise le Corps de jean baptiste graverot Menuisier, ag\u00e9 de trente huit ans environ d\u00e9c\u00e9d\u00e9 hier, \u00e9poux de marie jeanne collinet\u2026","rel":"","context":"Article similaire","block_context":{"text":"Article similaire","link":""},"img":{"alt_text":"Maxthon","src":"https:\/\/i0.wp.com\/marret.co\/wp-content\/uploads\/2016\/03\/1771-08-15-GRAVEREAUX-Jean-Baptiste-Deces_wp-1024x382.jpg?resize=350%2C200","width":350,"height":200},"classes":[]},{"id":842,"url":"https:\/\/lesgravereaux.marret.co\/index.php\/jules-gravereaux\/jules-gravereaux-ses-ancetres\/germain-sebastien-graverot\/le-mariage-de-germain-sebastien-graverot-et-de-marie-marguerite-quenault\/","url_meta":{"origin":837,"position":2},"title":"Le mariage de Germain S\u00e9bastien Graverot et de Marie-Marguerite Quenault","author":"marretgravereaux","date":"11 mars 2016","format":false,"excerpt":"\u00ab\u00a0Le troy thermidor En cinque de la republique francaise une et indivisible acte de mariage de jermain S\u00e9bastien Gravelot menuisier demeurent dent cette commune rue de la petite fontaine n\u00b02 ag\u00e9 de vingt huit ans Sixmois fils de jean baptiste gravelot d\u00e9c\u00e9d\u00e9 a la commune de Vitry le quinze aoux\u2026","rel":"","context":"Article similaire","block_context":{"text":"Article similaire","link":""},"img":{"alt_text":"1797-07-21 Gravereaux, Quenault - Mariage2_wp","src":"https:\/\/i0.wp.com\/marret.co\/wp-content\/uploads\/2016\/03\/1797-07-21-Gravereaux-Quenault-Mariage2_wp-490x1024.jpg?resize=350%2C200","width":350,"height":200},"classes":[]},{"id":787,"url":"https:\/\/lesgravereaux.marret.co\/index.php\/jules-gravereaux\/jules-gravereaux-ses-ancetres\/germain-sebastien-graverot\/","url_meta":{"origin":837,"position":3},"title":"Germain S\u00e9bastien Graverot","author":"marretgravereaux","date":"10 mars 2016","format":false,"excerpt":"Germain S\u00e9bastien Graverot est n\u00e9 \u00e0 Vitry-sur-Seine, le 7 f\u00e9vrier 1770. Tout comme son p\u00e8re, Jean Baptiste Gravereau, il travaille comme menuisier. Le 21 juillet 1797, il \u00e9pouse Marie Marguerite Quenault, \u00e0 Vitry-sur-Seine. Ils eurent onze enfants : Marie Marguerite, n\u00e9e le 19 messidor an VI (7 juillet 1798) et\u2026","rel":"","context":"Article similaire","block_context":{"text":"Article similaire","link":""},"img":{"alt_text":"","src":"","width":0,"height":0},"classes":[]},{"id":770,"url":"https:\/\/lesgravereaux.marret.co\/index.php\/jules-gravereaux\/jules-gravereaux-ses-ancetres\/jean-baptiste-gravereau\/le-mariage-de-jean-baptiste-gravereau-et-marie-collinet\/","url_meta":{"origin":837,"position":4},"title":"Le mariage de Jean-Baptiste Gravereau et Marie Collinet","author":"marretgravereaux","date":"9 mars 2016","format":false,"excerpt":"\u00ab\u00a0Le Lundy, Septi\u00e8me jour de juillet mil sept cent soixante et six, apr\u00e8s les publications de trois bans en cette \u00e9glise, aux [...] officielles par trois fois le dimanche ou f\u00eates diff\u00e9rentes, les quatre, onze et dix-huit May derniers, sans oppositions, les fiancailles c\u00e9l\u00e9br\u00e9es hier, vus l'extrait mortuaire du p\u00e8re,\u2026","rel":"","context":"Article similaire","block_context":{"text":"Article similaire","link":""},"img":{"alt_text":"Maxthon","src":"https:\/\/i0.wp.com\/marret.co\/wp-content\/uploads\/2016\/03\/1766-07-07-GRAVEREAUX-Jean-et-Marie-COLLINET-Mariage_wp-1024x936.jpg?resize=350%2C200","width":350,"height":200},"classes":[]},{"id":829,"url":"https:\/\/lesgravereaux.marret.co\/index.php\/jules-gravereaux\/jules-gravereaux-ses-ancetres\/jean-narcisse-mathurin-gravereaux\/","url_meta":{"origin":837,"position":5},"title":"Jean Narcisse Mathurin Gravereaux","author":"marretgravereaux","date":"11 mars 2016","format":false,"excerpt":"Jean-Narcisse Mathurin Gravereaux est n\u00e9 \u00e0 Vitry-sur-Seine, le 14 f\u00e9vrier 1806. Tout comme son p\u00e8re, Germain S\u00e9bastien Graverot, \u00a0il travaille comme menuisier. Le 17 f\u00e9vrier 1829, il \u00e9pouse, \u00e0 Vitry-sur-Seine, Marie Henriette Gervais. Ils eurent sept enfants. Malheureusement, les trois premiers moururent \u00e0 l\u2019accouchement. Puis vinrent\u00a0: D\u00e9sir\u00e9e Henriette Marie, n\u00e9e\u2026","rel":"","context":"Article similaire","block_context":{"text":"Article similaire","link":""},"img":{"alt_text":"","src":"","width":0,"height":0},"classes":[]}],"_links":{"self":[{"href":"https:\/\/lesgravereaux.marret.co\/index.php\/wp-json\/wp\/v2\/pages\/837","targetHints":{"allow":["GET"]}}],"collection":[{"href":"https:\/\/lesgravereaux.marret.co\/index.php\/wp-json\/wp\/v2\/pages"}],"about":[{"href":"https:\/\/lesgravereaux.marret.co\/index.php\/wp-json\/wp\/v2\/types\/page"}],"author":[{"embeddable":true,"href":"https:\/\/lesgravereaux.marret.co\/index.php\/wp-json\/wp\/v2\/users\/1"}],"replies":[{"embeddable":true,"href":"https:\/\/lesgravereaux.marret.co\/index.php\/wp-json\/wp\/v2\/comments?post=837"}],"version-history":[{"count":0,"href":"https:\/\/lesgravereaux.marret.co\/index.php\/wp-json\/wp\/v2\/pages\/837\/revisions"}],"up":[{"embeddable":true,"href":"https:\/\/lesgravereaux.marret.co\/index.php\/wp-json\/wp\/v2\/pages\/787"}],"wp:attachment":[{"href":"https:\/\/lesgravereaux.marret.co\/index.php\/wp-json\/wp\/v2\/media?parent=837"}],"curies":[{"name":"wp","href":"https:\/\/api.w.org\/{rel}","templated":true}]}}