{"id":829,"date":"2016-03-11T14:38:21","date_gmt":"2016-03-11T13:38:21","guid":{"rendered":"http:\/\/marret.co\/?page_id=829"},"modified":"2017-07-01T16:41:35","modified_gmt":"2017-07-01T15:41:35","slug":"jean-narcisse-mathurin-gravereaux","status":"publish","type":"page","link":"https:\/\/lesgravereaux.marret.co\/index.php\/jules-gravereaux\/jules-gravereaux-ses-ancetres\/jean-narcisse-mathurin-gravereaux\/","title":{"rendered":"Jean Narcisse Mathurin Gravereaux"},"content":{"rendered":"<p>Jean-Narcisse Mathurin Gravereaux est n\u00e9 \u00e0 Vitry-sur-Seine, le 14 f\u00e9vrier 1806.<\/p>\n<p>Tout comme son p\u00e8re, <a href=\"https:\/\/lesgravereaux.marret.co\/index.php\/jules-gravereaux\/jules-gravereaux-ses-ancetres\/germain-sebastien-graverot\/\">Germain S\u00e9bastien Graverot<\/a>, &nbsp;il travaille comme menuisier.<\/p>\n<p>Le 17 f\u00e9vrier 1829, il \u00e9pouse, \u00e0 Vitry-sur-Seine, Marie Henriette Gervais.<\/p>\n<p>Ils eurent sept enfants. Malheureusement, les trois premiers moururent \u00e0 l\u2019accouchement.<\/p>\n<p>Puis vinrent&nbsp;:<\/p>\n<ul>\n<li><a href=\"https:\/\/lesgravereaux.marret.co\/index.php\/jules-gravereaux\/jules-gravereaux-ses-ancetres\/jean-narcisse-mathurin-gravereaux\/desiree-gravereaux\/\">D\u00e9sir\u00e9e <\/a>Henriette Marie, n\u00e9e le 15 avril 1834. Elle \u00e9pousera Fran\u00e7ois Touchet, le 30 avril 1853. D\u00e9sir\u00e9e est d\u00e9c\u00e9d\u00e9e le 7&nbsp;d\u00e9cembre 1895.<\/li>\n<li><a href=\"https:\/\/lesgravereaux.marret.co\/index.php\/jules-gravereaux\/jules-gravereaux-ses-ancetres\/jean-narcisse-mathurin-gravereaux\/narcisse-gravereaux\/\">Narcisse<\/a> Louis, n\u00e9 le 4 d\u00e9cembre 1837. Le 7&nbsp;d\u00e9cembre 1871, il \u00e9pousera Mathilde Thuillier. Architecte \u00e0 Paris, il conseillera son fr\u00e8re Jules dans l\u2019acquisition et la r\u00e9novation d\u2019immeubles. Narcisse est d\u00e9c\u00e9d\u00e9 le 2&nbsp;f\u00e9vrier 1900.<\/li>\n<li><a href=\"https:\/\/lesgravereaux.marret.co\/index.php\/jules-gravereaux\/jules-gravereaux-ses-ancetres\/jean-narcisse-mathurin-gravereaux\/anatole-gravereaux\/\">Anatole<\/a> Pierre, n\u00e9 le 9 janvier 1842. Il \u00e9migrera en Alg\u00e9rie pour des raisons toujours inconnues et y mourra le 1<sup>er<\/sup> septembre 1869.<\/li>\n<li><a href=\"https:\/\/lesgravereaux.marret.co\/index.php\/jules-gravereaux\/\">Jules<\/a> L\u00e9opold, n\u00e9 le 1<sup>er<\/sup>mai 1844. Il \u00e9pousera Laure Thuillier, le 9&nbsp;ao\u00fbt 1873. Jules est d\u00e9c\u00e9d\u00e9 le 23&nbsp;mars 1916.<\/li>\n<\/ul>\n<p>Tous naquirent, comme leur p\u00e8re, \u00e0 Vitry-sur-Seine.<\/p>\n<p>Narcisse et Jules \u00e9pous\u00e8rent deux s\u0153urs.<\/p>\n<p>Jean-Narcisse Mathurin Gravereaux&nbsp;a \u00e9t\u00e9 conseiller municipal de Vitry-sur-Seine de 1860 \u00e0 1870.<\/p>\n<p>Jean-Narcisse Mathurin Gravereaux est d\u00e9c\u00e9d\u00e9 \u00e0 Vitry-sur-Seine le 19&nbsp;d\u00e9cembre&nbsp;1879.<\/p>\n","protected":false},"excerpt":{"rendered":"<p>Jean-Narcisse Mathurin Gravereaux est n\u00e9 \u00e0 Vitry-sur-Seine, le 14 f\u00e9vrier 1806. Tout comme son p\u00e8re, Germain S\u00e9bastien Graverot, &nbsp;il travaille comme menuisier. Le 17 f\u00e9vrier 1829, il \u00e9pouse, \u00e0 Vitry-sur-Seine, Marie Henriette Gervais. Ils eurent sept enfants. Malheureusement, les trois &hellip; <a href=\"https:\/\/lesgravereaux.marret.co\/index.php\/jules-gravereaux\/jules-gravereaux-ses-ancetres\/jean-narcisse-mathurin-gravereaux\/\">Continuer la lecture <span class=\"meta-nav\">&rarr;<\/span><\/a><\/p>\n","protected":false},"author":1,"featured_media":0,"parent":815,"menu_order":0,"comment_status":"closed","ping_status":"closed","template":"","meta":{"ngg_post_thumbnail":0,"jetpack_post_was_ever_published":false,"footnotes":""},"class_list":["post-829","page","type-page","status-publish","hentry"],"jetpack_sharing_enabled":true,"jetpack_shortlink":"https:\/\/wp.me\/P7ERyi-dn","jetpack-related-posts":[{"id":861,"url":"https:\/\/lesgravereaux.marret.co\/index.php\/jules-gravereaux\/jules-gravereaux-ses-ancetres\/jean-narcisse-mathurin-gravereaux\/desiree-gravereaux\/","url_meta":{"origin":829,"position":0},"title":"D\u00e9sir\u00e9e Gravereaux","author":"marretgravereaux","date":"11 mars 2016","format":false,"excerpt":"Henriette Marie D\u00e9sir\u00e9e Gravereaux \u00e9tait l\u2019a\u00een\u00e9e des enfants (apr\u00e8s es enfants mort-n\u00e9s) de Jean-Narcisse Mathurin Gravereaux et Marie Henriette Gervais. Elle est n\u00e9e le 15 avril 1834 \u00e0 Vitry-sur-Seine. Le 30 avril 1853, elle \u00e9pousait Fran\u00e7ois Touchet \u00e0 Vitry-sur-Seine. Elle est d\u00e9c\u00e9d\u00e9e \u00e0 Paris le 7 d\u00e9cembre 1895. Descendants Ils\u2026","rel":"","context":"Article similaire","block_context":{"text":"Article similaire","link":""},"img":{"alt_text":"","src":"","width":0,"height":0},"classes":[]},{"id":863,"url":"https:\/\/lesgravereaux.marret.co\/index.php\/jules-gravereaux\/jules-gravereaux-ses-ancetres\/jean-narcisse-mathurin-gravereaux\/narcisse-gravereaux\/","url_meta":{"origin":829,"position":1},"title":"Narcisse Gravereaux","author":"marretgravereaux","date":"11 mars 2016","format":false,"excerpt":"Louis Narcisse Gravereaux \u00e9tait le deuxi\u00e8me enfant (hormis les mort-n\u00e9s) de Jean-Narcisse Mathurin Gravereaux et Marie Henriette Gervais. Il est n\u00e9 le 4 d\u00e9cembre 1837 \u00e0 Vitry-sur-Seine. Le 7 d\u00e9cembre 1871, il \u00e9pousait Mathilde Thuillier; deux ans apr\u00e8s son fr\u00e8re, Jules \u00e9pousait sa belle-s\u0153ur Laure\u2026 Dipl\u00f4m\u00e9 des Beaux-Arts, il est\u2026","rel":"","context":"Article similaire","block_context":{"text":"Article similaire","link":""},"img":{"alt_text":"","src":"https:\/\/i0.wp.com\/lesgravereaux.marret.co\/wp-content\/uploads\/2019\/02\/Gravereaux-Narcisse-01a_wp.jpg?resize=350%2C200","width":350,"height":200},"classes":[]},{"id":787,"url":"https:\/\/lesgravereaux.marret.co\/index.php\/jules-gravereaux\/jules-gravereaux-ses-ancetres\/germain-sebastien-graverot\/","url_meta":{"origin":829,"position":2},"title":"Germain S\u00e9bastien Graverot","author":"marretgravereaux","date":"10 mars 2016","format":false,"excerpt":"Germain S\u00e9bastien Graverot est n\u00e9 \u00e0 Vitry-sur-Seine, le 7 f\u00e9vrier 1770. Tout comme son p\u00e8re, Jean Baptiste Gravereau, il travaille comme menuisier. Le 21 juillet 1797, il \u00e9pouse Marie Marguerite Quenault, \u00e0 Vitry-sur-Seine. Ils eurent onze enfants : Marie Marguerite, n\u00e9e le 19 messidor an VI (7 juillet 1798) et\u2026","rel":"","context":"Article similaire","block_context":{"text":"Article similaire","link":""},"img":{"alt_text":"","src":"","width":0,"height":0},"classes":[]},{"id":853,"url":"https:\/\/lesgravereaux.marret.co\/index.php\/jules-gravereaux\/jules-gravereaux-ses-ancetres\/jean-narcisse-mathurin-gravereaux\/le-deces-de-jean-narcisse-mathurin-gravereaux\/","url_meta":{"origin":829,"position":3},"title":"Le d\u00e9c\u00e8s de Jean Narcisse Mathurin Gravereaux","author":"marretgravereaux","date":"11 mars 2016","format":false,"excerpt":"\u00ab\u00a0Du dix neuf D\u00e9cembre mil huit cent soixante dix neuf \u00e0 deux heures et demie du matin, acte de d\u00e9c\u00e8s de\u00a0Jean, Narcisse, Mathurin, Gravereaux\u00a0\u00e2g\u00e9 de soixante treize ans, Propri\u00e9taire, n\u00e9 \u00e0 Vitry y d\u00e9c\u00e9d\u00e9 aujourd'hui \u00e0 onze heures du matin, rue Saint Aubin n\u00b09, son domicile, \u00c9poux de Marie, Henriette,\u2026","rel":"","context":"Article similaire","block_context":{"text":"Article similaire","link":""},"img":{"alt_text":"1879-12-19 GRAVEREAUX, Jean Narcisse Mathurin - Deces_wp","src":"https:\/\/i0.wp.com\/marret.co\/wp-content\/uploads\/2016\/03\/1879-12-19-GRAVEREAUX-Jean-Narcisse-Mathurin-Deces_wp-1024x858.jpg?resize=350%2C200","width":350,"height":200},"classes":[]},{"id":851,"url":"https:\/\/lesgravereaux.marret.co\/index.php\/jules-gravereaux\/jules-gravereaux-ses-ancetres\/jean-narcisse-mathurin-gravereaux\/le-mariage-de-jean-narcisse-mathurin-gravereaux-et-de-marie-gervais\/","url_meta":{"origin":829,"position":4},"title":"Le mariage de Jean Narcisse Mathurin Gravereaux et de Marie Gervais","author":"marretgravereaux","date":"11 mars 2016","format":false,"excerpt":"\u00ab\u00a0L An mil huit cent vingt neuf le dix sept f\u00e9vrier heure de midi, Pardevant nous Dominique Louis Sassey adjoint au Maire de la Commune de Vitry-sur-Seine, faisant les fonctions d'officier public de l'\u00e9tat civil : Sont comparus les Sieurs Gravereaux Jean Narcisse Mathurin menuisier domicili\u00e9 \u00e0 Vitry, y n\u00e9\u2026","rel":"","context":"Article similaire","block_context":{"text":"Article similaire","link":""},"img":{"alt_text":"1829-02-17 GRAVEREAUX-GERVAIS - Mariage_wp","src":"https:\/\/i0.wp.com\/marret.co\/wp-content\/uploads\/2016\/03\/1829-02-17-GRAVEREAUX-GERVAIS-Mariage_wp-664x1024.jpg?resize=350%2C200","width":350,"height":200},"classes":[]},{"id":865,"url":"https:\/\/lesgravereaux.marret.co\/index.php\/jules-gravereaux\/jules-gravereaux-ses-ancetres\/jean-narcisse-mathurin-gravereaux\/anatole-gravereaux\/","url_meta":{"origin":829,"position":5},"title":"Anatole Gravereaux","author":"marretgravereaux","date":"11 mars 2016","format":false,"excerpt":"Pierre Anatole Gravereaux \u00e9tait le troisi\u00e8me enfant (hormis les mort-n\u00e9s) de Jean-Narcisse Mathurin Gravereaux et Marie Henriette Gervais. N\u00e9 le 9 janvier 1842 \u00e0 Vitry-sur-Seine, il serait parti en Alg\u00e9rie \u2013 pour des motifs inconnus, a-t-on dit \u2013 vers 1860. Il travaillait chez un certain monsieur Lemoine, menuisier \u00e0 l\u2019Arbah,\u2026","rel":"","context":"Article similaire","block_context":{"text":"Article similaire","link":""},"img":{"alt_text":"","src":"","width":0,"height":0},"classes":[]}],"_links":{"self":[{"href":"https:\/\/lesgravereaux.marret.co\/index.php\/wp-json\/wp\/v2\/pages\/829","targetHints":{"allow":["GET"]}}],"collection":[{"href":"https:\/\/lesgravereaux.marret.co\/index.php\/wp-json\/wp\/v2\/pages"}],"about":[{"href":"https:\/\/lesgravereaux.marret.co\/index.php\/wp-json\/wp\/v2\/types\/page"}],"author":[{"embeddable":true,"href":"https:\/\/lesgravereaux.marret.co\/index.php\/wp-json\/wp\/v2\/users\/1"}],"replies":[{"embeddable":true,"href":"https:\/\/lesgravereaux.marret.co\/index.php\/wp-json\/wp\/v2\/comments?post=829"}],"version-history":[{"count":0,"href":"https:\/\/lesgravereaux.marret.co\/index.php\/wp-json\/wp\/v2\/pages\/829\/revisions"}],"up":[{"embeddable":true,"href":"https:\/\/lesgravereaux.marret.co\/index.php\/wp-json\/wp\/v2\/pages\/815"}],"wp:attachment":[{"href":"https:\/\/lesgravereaux.marret.co\/index.php\/wp-json\/wp\/v2\/media?parent=829"}],"curies":[{"name":"wp","href":"https:\/\/api.w.org\/{rel}","templated":true}]}}