{"id":807,"date":"2016-03-10T23:11:56","date_gmt":"2016-03-10T22:11:56","guid":{"rendered":"http:\/\/marret.co\/?page_id=807"},"modified":"2018-01-29T19:08:31","modified_gmt":"2018-01-29T18:08:31","slug":"portraits-de-jules-gravereaux","status":"publish","type":"page","link":"https:\/\/lesgravereaux.marret.co\/index.php\/jules-gravereaux\/portraits-de-jules-gravereaux\/","title":{"rendered":"Portraits de Jules Gravereaux"},"content":{"rendered":"<h3 style=\"padding-left: 30px;\"><strong>Tableau<\/strong><\/h3>\n<p style=\"text-align: center;\"><a href=\"https:\/\/i0.wp.com\/marret.co\/wp-content\/uploads\/2016\/03\/Renouard-Charles-Paul-47-J-245_wp.jpg\" rel=\"attachment wp-att-750\"><img data-recalc-dims=\"1\" loading=\"lazy\" decoding=\"async\" data-attachment-id=\"750\" data-permalink=\"https:\/\/lesgravereaux.marret.co\/index.php\/jules-gravereaux\/portraits-de-jules-gravereaux\/jules-gravereaux-dans-la-roseraie-renouard\/renouard-charles-paul-47-j-245_wp\/\" data-orig-file=\"https:\/\/i0.wp.com\/lesgravereaux.marret.co\/wp-content\/uploads\/2016\/03\/Renouard-Charles-Paul-47-J-245_wp.jpg?fit=1575%2C1143&amp;ssl=1\" data-orig-size=\"1575,1143\" data-comments-opened=\"1\" data-image-meta=\"{&quot;aperture&quot;:&quot;0&quot;,&quot;credit&quot;:&quot;&quot;,&quot;camera&quot;:&quot;&quot;,&quot;caption&quot;:&quot;&quot;,&quot;created_timestamp&quot;:&quot;0&quot;,&quot;copyright&quot;:&quot;&quot;,&quot;focal_length&quot;:&quot;0&quot;,&quot;iso&quot;:&quot;0&quot;,&quot;shutter_speed&quot;:&quot;0&quot;,&quot;title&quot;:&quot;&quot;,&quot;orientation&quot;:&quot;1&quot;}\" data-image-title=\"Renouard, Charles-Paul (47 J 245)_wp\" data-image-description=\"\" data-image-caption=\"\" data-medium-file=\"https:\/\/i0.wp.com\/lesgravereaux.marret.co\/wp-content\/uploads\/2016\/03\/Renouard-Charles-Paul-47-J-245_wp.jpg?fit=300%2C218&amp;ssl=1\" data-large-file=\"https:\/\/i0.wp.com\/lesgravereaux.marret.co\/wp-content\/uploads\/2016\/03\/Renouard-Charles-Paul-47-J-245_wp.jpg?fit=640%2C464&amp;ssl=1\" width=\"251\" height=\"182\" class=\"wp-image-750 alignleft\" alt=\"Renouard, Charles-Paul (47 J 245)_wp\" src=\"https:\/\/i0.wp.com\/marret.co\/wp-content\/uploads\/2016\/03\/Renouard-Charles-Paul-47-J-245_wp-1024x743.jpg?resize=251%2C182\" data-wp-pid=\"750\" srcset=\"https:\/\/i0.wp.com\/lesgravereaux.marret.co\/wp-content\/uploads\/2016\/03\/Renouard-Charles-Paul-47-J-245_wp.jpg?resize=1024%2C743&amp;ssl=1 1024w, https:\/\/i0.wp.com\/lesgravereaux.marret.co\/wp-content\/uploads\/2016\/03\/Renouard-Charles-Paul-47-J-245_wp.jpg?resize=300%2C218&amp;ssl=1 300w, https:\/\/i0.wp.com\/lesgravereaux.marret.co\/wp-content\/uploads\/2016\/03\/Renouard-Charles-Paul-47-J-245_wp.jpg?resize=768%2C557&amp;ssl=1 768w, https:\/\/i0.wp.com\/lesgravereaux.marret.co\/wp-content\/uploads\/2016\/03\/Renouard-Charles-Paul-47-J-245_wp.jpg?resize=800%2C581&amp;ssl=1 800w, https:\/\/i0.wp.com\/lesgravereaux.marret.co\/wp-content\/uploads\/2016\/03\/Renouard-Charles-Paul-47-J-245_wp.jpg?resize=600%2C435&amp;ssl=1 600w, https:\/\/i0.wp.com\/lesgravereaux.marret.co\/wp-content\/uploads\/2016\/03\/Renouard-Charles-Paul-47-J-245_wp.jpg?w=1575&amp;ssl=1 1575w, https:\/\/i0.wp.com\/lesgravereaux.marret.co\/wp-content\/uploads\/2016\/03\/Renouard-Charles-Paul-47-J-245_wp.jpg?w=1280&amp;ssl=1 1280w\" sizes=\"auto, (max-width: 251px) 100vw, 251px\" \/><\/a><span style=\"font-size: 12pt;\">Portrait de Jules Gravereaux<br \/>\ndans la roseraie de L\u2019Ha\u00ff&nbsp;&nbsp;<\/span><\/p>\n<p><span style=\"font-size: 12pt;\">par Charles-Paul RENOUARD (1841-1919)&nbsp;<\/span><\/p>\n<p><em>Source : Archives d\u00e9partementales<br \/>\ndu Val-de-Marne<\/em><\/p>\n<p>&nbsp;<\/p>\n<h3 style=\"padding-left: 30px;\"><strong>M\u00e9daille<\/strong><\/h3>\n<p><a href=\"https:\/\/i0.wp.com\/marret.co\/wp-content\/uploads\/2016\/03\/Jules-Gravereaux-Medaille-bronze-detouree.jpg\" rel=\"attachment wp-att-348\"><img data-recalc-dims=\"1\" loading=\"lazy\" decoding=\"async\" data-attachment-id=\"348\" data-permalink=\"https:\/\/lesgravereaux.marret.co\/index.php\/jules-gravereaux\/jules-gravereaux-au-bon-marche\/jules-gravereaux-medaille-bronze-detouree\/\" data-orig-file=\"https:\/\/i0.wp.com\/lesgravereaux.marret.co\/wp-content\/uploads\/2016\/03\/Jules-Gravereaux-Medaille-bronze-detouree.jpg?fit=630%2C630&amp;ssl=1\" data-orig-size=\"630,630\" data-comments-opened=\"1\" data-image-meta=\"{&quot;aperture&quot;:&quot;0&quot;,&quot;credit&quot;:&quot;&quot;,&quot;camera&quot;:&quot;&quot;,&quot;caption&quot;:&quot;&quot;,&quot;created_timestamp&quot;:&quot;0&quot;,&quot;copyright&quot;:&quot;&quot;,&quot;focal_length&quot;:&quot;0&quot;,&quot;iso&quot;:&quot;0&quot;,&quot;shutter_speed&quot;:&quot;0&quot;,&quot;title&quot;:&quot;&quot;,&quot;orientation&quot;:&quot;1&quot;}\" data-image-title=\"Jules Gravereaux &amp;#8211; Medaille (bronze) detouree\" data-image-description=\"\" data-image-caption=\"\" data-medium-file=\"https:\/\/i0.wp.com\/lesgravereaux.marret.co\/wp-content\/uploads\/2016\/03\/Jules-Gravereaux-Medaille-bronze-detouree.jpg?fit=300%2C300&amp;ssl=1\" data-large-file=\"https:\/\/i0.wp.com\/lesgravereaux.marret.co\/wp-content\/uploads\/2016\/03\/Jules-Gravereaux-Medaille-bronze-detouree.jpg?fit=630%2C630&amp;ssl=1\" width=\"244\" height=\"328\" class=\"wp-image-348 alignright\" alt=\"Jules Gravereaux - Medaille (bronze) detouree\" src=\"https:\/\/i0.wp.com\/marret.co\/wp-content\/uploads\/2016\/03\/Jules-Gravereaux-Medaille-bronze-detouree.jpg?resize=244%2C328\" data-wp-pid=\"348\"><\/a><\/p>\n<p>M\u00e9daille&nbsp;(38mm, fini bronze)<br \/>\ncon\u00e7ue par Jean-Luc Marret et frapp\u00e9e par l&rsquo;atelier mon\u00e9taire&nbsp;<em>Pressed Metal Products<\/em>&nbsp;de Vancouver (Canada).<\/p>\n<p style=\"text-align: right;\"><em>Pour plus de d\u00e9tails et commande<\/em><br \/>\n<em><a href=\"https:\/\/lesgravereaux.marret.co\/index.php\/contact-edimestre\/\" target=\"_blank\" rel=\"noopener\"> s&rsquo;adresser \u00e0&nbsp;Jean-Luc Marret<\/a>.<\/em><\/p>\n<h3>&nbsp;<\/h3>\n<h3 style=\"padding-left: 30px;\"><strong>Buste<\/strong><\/h3>\n<p><a href=\"https:\/\/i0.wp.com\/marret.co\/wp-content\/uploads\/2016\/03\/Buste-Waymark_wp.jpg\" rel=\"attachment wp-att-810\"><img data-recalc-dims=\"1\" loading=\"lazy\" decoding=\"async\" data-attachment-id=\"810\" data-permalink=\"https:\/\/lesgravereaux.marret.co\/index.php\/jules-gravereaux\/portraits-de-jules-gravereaux\/buste-waymark_wp\/\" data-orig-file=\"https:\/\/i0.wp.com\/lesgravereaux.marret.co\/wp-content\/uploads\/2016\/03\/Buste-Waymark_wp.jpg?fit=879%2C1181&amp;ssl=1\" data-orig-size=\"879,1181\" data-comments-opened=\"1\" data-image-meta=\"{&quot;aperture&quot;:&quot;0&quot;,&quot;credit&quot;:&quot;&quot;,&quot;camera&quot;:&quot;&quot;,&quot;caption&quot;:&quot;&quot;,&quot;created_timestamp&quot;:&quot;0&quot;,&quot;copyright&quot;:&quot;&quot;,&quot;focal_length&quot;:&quot;0&quot;,&quot;iso&quot;:&quot;0&quot;,&quot;shutter_speed&quot;:&quot;0&quot;,&quot;title&quot;:&quot;&quot;,&quot;orientation&quot;:&quot;1&quot;}\" data-image-title=\"Buste (Waymark)_wp\" data-image-description=\"\" data-image-caption=\"\" data-medium-file=\"https:\/\/i0.wp.com\/lesgravereaux.marret.co\/wp-content\/uploads\/2016\/03\/Buste-Waymark_wp.jpg?fit=223%2C300&amp;ssl=1\" data-large-file=\"https:\/\/i0.wp.com\/lesgravereaux.marret.co\/wp-content\/uploads\/2016\/03\/Buste-Waymark_wp.jpg?fit=640%2C860&amp;ssl=1\" width=\"234\" height=\"315\" class=\"wp-image-810 alignleft\" alt=\"Buste (Waymark)_wp\" src=\"https:\/\/i0.wp.com\/marret.co\/wp-content\/uploads\/2016\/03\/Buste-Waymark_wp-762x1024.jpg?resize=234%2C315\" data-wp-pid=\"810\" srcset=\"https:\/\/i0.wp.com\/lesgravereaux.marret.co\/wp-content\/uploads\/2016\/03\/Buste-Waymark_wp.jpg?resize=762%2C1024&amp;ssl=1 762w, https:\/\/i0.wp.com\/lesgravereaux.marret.co\/wp-content\/uploads\/2016\/03\/Buste-Waymark_wp.jpg?resize=223%2C300&amp;ssl=1 223w, https:\/\/i0.wp.com\/lesgravereaux.marret.co\/wp-content\/uploads\/2016\/03\/Buste-Waymark_wp.jpg?resize=768%2C1032&amp;ssl=1 768w, https:\/\/i0.wp.com\/lesgravereaux.marret.co\/wp-content\/uploads\/2016\/03\/Buste-Waymark_wp.jpg?resize=800%2C1075&amp;ssl=1 800w, https:\/\/i0.wp.com\/lesgravereaux.marret.co\/wp-content\/uploads\/2016\/03\/Buste-Waymark_wp.jpg?resize=447%2C600&amp;ssl=1 447w, https:\/\/i0.wp.com\/lesgravereaux.marret.co\/wp-content\/uploads\/2016\/03\/Buste-Waymark_wp.jpg?w=879&amp;ssl=1 879w\" sizes=\"auto, (max-width: 234px) 100vw, 234px\" \/><\/a><\/p>\n<p>R\u00e9alis\u00e9 en 1914 par Ren\u00e9 Carillon<\/p>\n<p>Restaur\u00e9 et r\u00e9install\u00e9 en 2010 dans la roseraie de L&rsquo;Ha\u00ff-les-Roses<\/p>\n<p>&nbsp;<\/p>\n<p>&nbsp;<\/p>\n<p>&nbsp;<\/p>\n<p style=\"padding-left: 30px;\"><span style=\"color: #000080;\"><strong>Photos<\/strong><\/span><\/p>\n<p><a href=\"https:\/\/i0.wp.com\/marret.co\/wp-content\/uploads\/2016\/03\/File3745-OG053_wp.jpg\" rel=\"attachment wp-att-599\"><img data-recalc-dims=\"1\" loading=\"lazy\" decoding=\"async\" data-attachment-id=\"599\" data-permalink=\"https:\/\/lesgravereaux.marret.co\/index.php\/la-roseraie-de-lhay\/file3745-og053_wp\/\" data-orig-file=\"https:\/\/i0.wp.com\/lesgravereaux.marret.co\/wp-content\/uploads\/2016\/03\/File3745-OG053_wp.jpg?fit=1538%2C2362&amp;ssl=1\" data-orig-size=\"1538,2362\" data-comments-opened=\"1\" data-image-meta=\"{&quot;aperture&quot;:&quot;0&quot;,&quot;credit&quot;:&quot;&quot;,&quot;camera&quot;:&quot;&quot;,&quot;caption&quot;:&quot;&quot;,&quot;created_timestamp&quot;:&quot;1155162242&quot;,&quot;copyright&quot;:&quot;&quot;,&quot;focal_length&quot;:&quot;0&quot;,&quot;iso&quot;:&quot;0&quot;,&quot;shutter_speed&quot;:&quot;0&quot;,&quot;title&quot;:&quot;&quot;,&quot;orientation&quot;:&quot;1&quot;}\" data-image-title=\"Jules Gravereaux &amp;#8211; OG053_wp\" data-image-description=\"\" data-image-caption=\"\" data-medium-file=\"https:\/\/i0.wp.com\/lesgravereaux.marret.co\/wp-content\/uploads\/2016\/03\/File3745-OG053_wp.jpg?fit=195%2C300&amp;ssl=1\" data-large-file=\"https:\/\/i0.wp.com\/lesgravereaux.marret.co\/wp-content\/uploads\/2016\/03\/File3745-OG053_wp.jpg?fit=640%2C983&amp;ssl=1\" width=\"234\" height=\"315\" class=\"wp-image-599 alignleft\" alt=\"Jules Gravereaux - OG053_wp\" src=\"https:\/\/i0.wp.com\/marret.co\/wp-content\/uploads\/2016\/03\/File3745-OG053_wp-667x1024.jpg?resize=234%2C315\" data-wp-pid=\"599\"><\/a><\/p>\n<p><a href=\"https:\/\/i0.wp.com\/marret.co\/wp-content\/uploads\/2015\/10\/Jules-Gravereaux-JLM0071.jpg\" rel=\"attachment wp-att-41\"><img data-recalc-dims=\"1\" loading=\"lazy\" decoding=\"async\" data-attachment-id=\"41\" data-permalink=\"https:\/\/lesgravereaux.marret.co\/index.php\/la-roseraie-de-lhay\/jules-gravereaux-jlm0071\/\" data-orig-file=\"https:\/\/i0.wp.com\/lesgravereaux.marret.co\/wp-content\/uploads\/2015\/10\/Jules-Gravereaux-JLM0071.jpg?fit=2452%2C3395&amp;ssl=1\" data-orig-size=\"2452,3395\" data-comments-opened=\"1\" data-image-meta=\"{&quot;aperture&quot;:&quot;0&quot;,&quot;credit&quot;:&quot;&quot;,&quot;camera&quot;:&quot;&quot;,&quot;caption&quot;:&quot;&quot;,&quot;created_timestamp&quot;:&quot;0&quot;,&quot;copyright&quot;:&quot;&quot;,&quot;focal_length&quot;:&quot;0&quot;,&quot;iso&quot;:&quot;0&quot;,&quot;shutter_speed&quot;:&quot;0&quot;,&quot;title&quot;:&quot;&quot;,&quot;orientation&quot;:&quot;0&quot;}\" data-image-title=\"Jules Gravereaux &amp;#8211; JLM0071\" data-image-description=\"\" data-image-caption=\"\" data-medium-file=\"https:\/\/i0.wp.com\/lesgravereaux.marret.co\/wp-content\/uploads\/2015\/10\/Jules-Gravereaux-JLM0071.jpg?fit=217%2C300&amp;ssl=1\" data-large-file=\"https:\/\/i0.wp.com\/lesgravereaux.marret.co\/wp-content\/uploads\/2015\/10\/Jules-Gravereaux-JLM0071.jpg?fit=640%2C886&amp;ssl=1\" width=\"234\" height=\"315\" class=\"alignnone wp-image-41\" alt=\"Jules Gravereaux - JLM0071\" src=\"https:\/\/i0.wp.com\/marret.co\/wp-content\/uploads\/2015\/10\/Jules-Gravereaux-JLM0071-740x1024.jpg?resize=234%2C315\" data-wp-pid=\"41\"><\/a><\/p>\n<p><a href=\"https:\/\/i0.wp.com\/marret.co\/wp-content\/uploads\/2016\/03\/1907-06-01-La-vie-a-la-campagne-a_wp.jpg\" rel=\"attachment wp-att-304\"><img data-recalc-dims=\"1\" loading=\"lazy\" decoding=\"async\" data-attachment-id=\"304\" data-permalink=\"https:\/\/lesgravereaux.marret.co\/index.php\/la-roseraie-de-lhay\/souvenirs-de-lhay\/1907-06-01-la-vie-a-la-campagne-a_wp\/\" data-orig-file=\"https:\/\/i0.wp.com\/lesgravereaux.marret.co\/wp-content\/uploads\/2016\/03\/1907-06-01-La-vie-a-la-campagne-a_wp.jpg?fit=1117%2C1575&amp;ssl=1\" data-orig-size=\"1117,1575\" data-comments-opened=\"1\" data-image-meta=\"{&quot;aperture&quot;:&quot;0&quot;,&quot;credit&quot;:&quot;&quot;,&quot;camera&quot;:&quot;&quot;,&quot;caption&quot;:&quot;&quot;,&quot;created_timestamp&quot;:&quot;0&quot;,&quot;copyright&quot;:&quot;&quot;,&quot;focal_length&quot;:&quot;0&quot;,&quot;iso&quot;:&quot;0&quot;,&quot;shutter_speed&quot;:&quot;0&quot;,&quot;title&quot;:&quot;&quot;,&quot;orientation&quot;:&quot;1&quot;}\" data-image-title=\"1907-06-01 La vie a la campagne a_wp\" data-image-description=\"\" data-image-caption=\"\" data-medium-file=\"https:\/\/i0.wp.com\/lesgravereaux.marret.co\/wp-content\/uploads\/2016\/03\/1907-06-01-La-vie-a-la-campagne-a_wp.jpg?fit=213%2C300&amp;ssl=1\" data-large-file=\"https:\/\/i0.wp.com\/lesgravereaux.marret.co\/wp-content\/uploads\/2016\/03\/1907-06-01-La-vie-a-la-campagne-a_wp.jpg?fit=640%2C903&amp;ssl=1\" width=\"234\" height=\"315\" class=\"wp-image-304 alignleft\" alt=\"1907-06-01 La vie a la campagne a_wp\" src=\"https:\/\/i0.wp.com\/marret.co\/wp-content\/uploads\/2016\/03\/1907-06-01-La-vie-a-la-campagne-a_wp-726x1024.jpg?resize=234%2C315\" data-wp-pid=\"304\"><\/a><\/p>\n<p>\u00c0 la une de<br \/>\n<em>la Vie \u00e0 la Campagne<\/em><br \/>\n1er juin 1907<\/p>\n<p><a href=\"https:\/\/i0.wp.com\/marret.co\/wp-content\/uploads\/2015\/10\/Jules-Gravereaux-OG053d.jpg\" rel=\"attachment wp-att-44\"><img data-recalc-dims=\"1\" loading=\"lazy\" decoding=\"async\" data-attachment-id=\"44\" data-permalink=\"https:\/\/lesgravereaux.marret.co\/index.php\/jules-gravereaux\/portraits-de-jules-gravereaux\/jules-gravereaux-og053d\/\" data-orig-file=\"https:\/\/i0.wp.com\/lesgravereaux.marret.co\/wp-content\/uploads\/2015\/10\/Jules-Gravereaux-OG053d.jpg?fit=1680%2C2574&amp;ssl=1\" data-orig-size=\"1680,2574\" data-comments-opened=\"1\" data-image-meta=\"{&quot;aperture&quot;:&quot;0&quot;,&quot;credit&quot;:&quot;&quot;,&quot;camera&quot;:&quot;&quot;,&quot;caption&quot;:&quot;&quot;,&quot;created_timestamp&quot;:&quot;0&quot;,&quot;copyright&quot;:&quot;&quot;,&quot;focal_length&quot;:&quot;0&quot;,&quot;iso&quot;:&quot;0&quot;,&quot;shutter_speed&quot;:&quot;0&quot;,&quot;title&quot;:&quot;&quot;,&quot;orientation&quot;:&quot;1&quot;}\" data-image-title=\"Jules Gravereaux &amp;#8211; OG053d\" data-image-description=\"\" data-image-caption=\"\" data-medium-file=\"https:\/\/i0.wp.com\/lesgravereaux.marret.co\/wp-content\/uploads\/2015\/10\/Jules-Gravereaux-OG053d.jpg?fit=196%2C300&amp;ssl=1\" data-large-file=\"https:\/\/i0.wp.com\/lesgravereaux.marret.co\/wp-content\/uploads\/2015\/10\/Jules-Gravereaux-OG053d.jpg?fit=640%2C981&amp;ssl=1\" width=\"234\" height=\"315\" class=\"alignnone wp-image-44\" alt=\"Jules Gravereaux - OG053d\" src=\"https:\/\/i0.wp.com\/marret.co\/wp-content\/uploads\/2015\/10\/Jules-Gravereaux-OG053d-668x1024.jpg?resize=234%2C315\" data-wp-pid=\"44\"><\/a><\/p>\n<p><img data-recalc-dims=\"1\" loading=\"lazy\" decoding=\"async\" data-attachment-id=\"46\" data-permalink=\"https:\/\/lesgravereaux.marret.co\/index.php\/la-famille-gravereaux\/jules-gravereaux-et-laure-thuillier-gv0066b\/\" data-orig-file=\"https:\/\/i0.wp.com\/lesgravereaux.marret.co\/wp-content\/uploads\/2015\/10\/Jules-Gravereaux-et-Laure-Thuillier-GV0066b.jpg?fit=2000%2C1722&amp;ssl=1\" data-orig-size=\"2000,1722\" data-comments-opened=\"1\" data-image-meta=\"{&quot;aperture&quot;:&quot;5.6&quot;,&quot;credit&quot;:&quot;&quot;,&quot;camera&quot;:&quot;Canon EOS 550D&quot;,&quot;caption&quot;:&quot;&quot;,&quot;created_timestamp&quot;:&quot;1270262569&quot;,&quot;copyright&quot;:&quot;&quot;,&quot;focal_length&quot;:&quot;47&quot;,&quot;iso&quot;:&quot;400&quot;,&quot;shutter_speed&quot;:&quot;0.016666666666667&quot;,&quot;title&quot;:&quot;&quot;,&quot;orientation&quot;:&quot;1&quot;}\" data-image-title=\"Jules Gravereaux et Laure Thuillier &amp;#8211; GV0066b\" data-image-description=\"\" data-image-caption=\"\" data-medium-file=\"https:\/\/i0.wp.com\/lesgravereaux.marret.co\/wp-content\/uploads\/2015\/10\/Jules-Gravereaux-et-Laure-Thuillier-GV0066b.jpg?fit=300%2C258&amp;ssl=1\" data-large-file=\"https:\/\/i0.wp.com\/lesgravereaux.marret.co\/wp-content\/uploads\/2015\/10\/Jules-Gravereaux-et-Laure-Thuillier-GV0066b.jpg?fit=640%2C551&amp;ssl=1\" width=\"234\" height=\"315\" class=\"wp-image-46 alignleft\" alt=\"Jules Gravereaux et Laure Thuillier - GV0066b\" src=\"https:\/\/i0.wp.com\/marret.co\/wp-content\/uploads\/2015\/10\/Jules-Gravereaux-et-Laure-Thuillier-GV0066b-1024x882.jpg?resize=234%2C315\" data-wp-pid=\"46\"><\/p>\n<p>&nbsp;<\/p>\n<p>Avec son \u00e9pouse Laure Thuillier<\/p>\n<p><a href=\"https:\/\/i0.wp.com\/marret.co\/wp-content\/uploads\/2016\/03\/Roses-de-Malmaison-p04_wp.jpg\" rel=\"attachment wp-att-632\"><img data-recalc-dims=\"1\" loading=\"lazy\" decoding=\"async\" data-attachment-id=\"632\" data-permalink=\"https:\/\/lesgravereaux.marret.co\/index.php\/2016\/03\/09\/des-videos-sur-lhay-et-les-roses\/roses-de-malmaison-p04_wp\/\" data-orig-file=\"https:\/\/i0.wp.com\/lesgravereaux.marret.co\/wp-content\/uploads\/2016\/03\/Roses-de-Malmaison-p04_wp.jpg?fit=291%2C295&amp;ssl=1\" data-orig-size=\"291,295\" data-comments-opened=\"1\" data-image-meta=\"{&quot;aperture&quot;:&quot;0&quot;,&quot;credit&quot;:&quot;&quot;,&quot;camera&quot;:&quot;HP Scanjet 4800&quot;,&quot;caption&quot;:&quot;&quot;,&quot;created_timestamp&quot;:&quot;1173795052&quot;,&quot;copyright&quot;:&quot;&quot;,&quot;focal_length&quot;:&quot;0&quot;,&quot;iso&quot;:&quot;0&quot;,&quot;shutter_speed&quot;:&quot;0&quot;,&quot;title&quot;:&quot;&quot;,&quot;orientation&quot;:&quot;1&quot;}\" data-image-title=\"Roses de Malmaison &amp;#8211; p04_wp\" data-image-description=\"\" data-image-caption=\"\" data-medium-file=\"https:\/\/i0.wp.com\/lesgravereaux.marret.co\/wp-content\/uploads\/2016\/03\/Roses-de-Malmaison-p04_wp.jpg?fit=291%2C295&amp;ssl=1\" data-large-file=\"https:\/\/i0.wp.com\/lesgravereaux.marret.co\/wp-content\/uploads\/2016\/03\/Roses-de-Malmaison-p04_wp.jpg?fit=291%2C295&amp;ssl=1\" width=\"67\" height=\"68\" class=\"alignnone wp-image-632\" alt=\"Roses de Malmaison - p04_wp\" src=\"https:\/\/i0.wp.com\/marret.co\/wp-content\/uploads\/2016\/03\/Roses-de-Malmaison-p04_wp.jpg?resize=67%2C68\" data-wp-pid=\"632\" srcset=\"https:\/\/i0.wp.com\/lesgravereaux.marret.co\/wp-content\/uploads\/2016\/03\/Roses-de-Malmaison-p04_wp.jpg?w=291&amp;ssl=1 291w, https:\/\/i0.wp.com\/lesgravereaux.marret.co\/wp-content\/uploads\/2016\/03\/Roses-de-Malmaison-p04_wp.jpg?resize=150%2C150&amp;ssl=1 150w\" sizes=\"auto, (max-width: 67px) 100vw, 67px\" \/><\/a><\/p>\n<p>&nbsp;<\/p>\n","protected":false},"excerpt":{"rendered":"<p>Tableau Portrait de Jules Gravereaux dans la roseraie de L\u2019Ha\u00ff&nbsp;&nbsp; par Charles-Paul RENOUARD (1841-1919)&nbsp; Source : Archives d\u00e9partementales du Val-de-Marne &nbsp; M\u00e9daille M\u00e9daille&nbsp;(38mm, fini bronze) con\u00e7ue par Jean-Luc Marret et frapp\u00e9e par l&rsquo;atelier mon\u00e9taire&nbsp;Pressed Metal Products&nbsp;de Vancouver (Canada). Pour plus &hellip; <a href=\"https:\/\/lesgravereaux.marret.co\/index.php\/jules-gravereaux\/portraits-de-jules-gravereaux\/\">Continuer la lecture <span class=\"meta-nav\">&rarr;<\/span><\/a><\/p>\n","protected":false},"author":1,"featured_media":0,"parent":566,"menu_order":0,"comment_status":"closed","ping_status":"closed","template":"","meta":{"ngg_post_thumbnail":0,"jetpack_post_was_ever_published":false,"footnotes":""},"class_list":["post-807","page","type-page","status-publish","hentry"],"jetpack_sharing_enabled":true,"jetpack_shortlink":"https:\/\/wp.me\/P7ERyi-d1","jetpack-related-posts":[{"id":815,"url":"https:\/\/lesgravereaux.marret.co\/index.php\/jules-gravereaux\/jules-gravereaux-ses-ancetres\/","url_meta":{"origin":807,"position":0},"title":"Jules Gravereaux &#8211; Ses anc\u00eatres","author":"marretgravereaux","date":"11 mars 2016","format":false,"excerpt":"","rel":"","context":"Article similaire","block_context":{"text":"Article similaire","link":""},"img":{"alt_text":"GRAVEREAUX, Jules - Ascendance patronymique","src":"https:\/\/i0.wp.com\/marret.co\/wp-content\/uploads\/2016\/03\/Gravereaux-Jules-Ascendance-patronymique-529x1024.jpg?resize=350%2C200","width":350,"height":200,"srcset":"https:\/\/i0.wp.com\/marret.co\/wp-content\/uploads\/2016\/03\/Gravereaux-Jules-Ascendance-patronymique-529x1024.jpg?resize=350%2C200 1x, https:\/\/i0.wp.com\/marret.co\/wp-content\/uploads\/2016\/03\/Gravereaux-Jules-Ascendance-patronymique-529x1024.jpg?resize=525%2C300 1.5x"},"classes":[]},{"id":2409,"url":"https:\/\/lesgravereaux.marret.co\/index.php\/jules-gravereaux\/1294-2\/des-roses\/des-roses-honorifiques-au-nom-de-gravereaux\/","url_meta":{"origin":807,"position":1},"title":"Des roses honorifiques au nom de Gravereaux","author":"marretgravereaux","date":"10 mai 2016","format":false,"excerpt":"Cr\u00e9ateur et collectionneur de roses, Jules Gravereaux s'est fait rapidement une grande r\u00e9putation parmi les horticulteurs amateurs de roses. Plusieurs rosi\u00e9ristes ont donc d\u00e9cid\u00e9 de donner son nom \u00e0 l'un des cultivars qu'ils avaient obtenus... Henri Gravereaux ayant poursuivi l\u2019\u0153uvre de son p\u00e8re, son nom (ou celui de sa fille)\u2026","rel":"","context":"Article similaire","block_context":{"text":"Article similaire","link":""},"img":{"alt_text":"Colonel Gravereaux (AmiRoses)_wp","src":"https:\/\/i0.wp.com\/lesgravereaux.marret.co\/wp-content\/uploads\/2016\/05\/Colonel-Gravereaux-AmiRoses_wp.jpg?resize=350%2C200","width":350,"height":200},"classes":[]},{"id":4625,"url":"https:\/\/lesgravereaux.marret.co\/index.php\/jules-gravereaux\/jules-gravereaux-honneurs-et-medailles\/jules-gravereaux-honore-par-la-societe-nationale-dacclimatation\/","url_meta":{"origin":807,"position":2},"title":"Jules Gravereaux honor\u00e9 par la Soci\u00e9t\u00e9 nationale d&rsquo;Acclimatation","author":"marretgravereaux","date":"20 juillet 2016","format":false,"excerpt":"\u00a0 M\u00e9daille cr\u00e9\u00e9e par Pierre-Jean David d'Angers en 1831, (argent, 155 mm)\u00a0 \u00a0 \u00a0 \u00a0 \u00a0 \u00a0 \u00a0","rel":"","context":"Article similaire","block_context":{"text":"Article similaire","link":""},"img":{"alt_text":"1905-01 Soci\u00e9t\u00e9 nationale d'acclimatation c1","src":"https:\/\/i0.wp.com\/lesgravereaux.marret.co\/wp-content\/uploads\/2016\/07\/1905-01-Soci%C3%A9t%C3%A9-nationale-dacclimatation-c1_wp.jpg?resize=350%2C200","width":350,"height":200},"classes":[]},{"id":577,"url":"https:\/\/lesgravereaux.marret.co\/index.php\/jules-gravereaux\/portraits-de-jules-gravereaux\/le-buste-de-jules-gravereaux\/","url_meta":{"origin":807,"position":3},"title":"Le buste de Jules Gravereaux","author":"marretgravereaux","date":"7 mars 2016","format":false,"excerpt":"En 1914, le sculpteur Carillon ex\u00e9cutait un buste de Jules Gravereaux... Pr\u00e9sent\u00e9 au Salon des artistes fran\u00e7ais de cette ann\u00e9e-l\u00e0, il y fut remarqu\u00e9, comme le souligne Lucien Klotz, critique \u00e0 La Presse\u00a0: \u00ab\u00a0M. Carion a expos\u00e9 le buste de M. Gravereaux, propri\u00e9taire de la roseraie L'Hay, le plus beau\u2026","rel":"","context":"Article similaire","block_context":{"text":"Article similaire","link":""},"img":{"alt_text":"1914 Carillon, Rene - Buste de Jules Gravereaux 2_wp","src":"https:\/\/i0.wp.com\/marret.co\/wp-content\/uploads\/2016\/03\/1914-Carillon-Rene-Buste-de-Jules-Gravereaux-2_wp-846x1024.jpg?resize=350%2C200","width":350,"height":200},"classes":[]},{"id":3709,"url":"https:\/\/lesgravereaux.marret.co\/index.php\/jules-gravereaux\/des-evenements-de-sa-vie\/jules-gravereaux-son-deces\/lhay-les-roses-lavenue-jules-gravereaux\/","url_meta":{"origin":807,"position":4},"title":"L&rsquo;Ha\u00ff-les-Roses &#8211; L&rsquo;avenue Jules Gravereaux","author":"marretgravereaux","date":"17 juin 2016","format":false,"excerpt":"Dans les semaines qui ont suivi le d\u00e9c\u00e8s de Jules Gravereaux, la ville de L\u2019Ha\u00ff-les-Roses a jug\u00e9 bon de l\u2019honorer de fa\u00e7on toute particuli\u00e8re\u2026 (3e Bur.) \u2014 Administration communale. \u2014 Bry-sur-Marne, L'Ha\u00ff-les-Roses, Nogent-sur-Marne et Saint-Maur\u00a0: d\u00e9nominations de voies publiques. (D\u00e9crets.) Par d\u00e9cret du 30 ao\u00fbt 1916 a \u00e9t\u00e9 approuv\u00e9e la\u2026","rel":"","context":"Article similaire","block_context":{"text":"Article similaire","link":""},"img":{"alt_text":"Paris (D\u00e9partement). Recueil des actes administratifs, bulletin","src":"https:\/\/i0.wp.com\/lesgravereaux.marret.co\/wp-content\/uploads\/2016\/06\/1916-08-Actes-administratifs-Pr%C3%A9fecture-de-la-Seine-3_wp.jpg?resize=350%2C200","width":350,"height":200},"classes":[]},{"id":1274,"url":"https:\/\/lesgravereaux.marret.co\/index.php\/jules-gravereaux\/portraits-de-jules-gravereaux\/une-medaille-en-lhonneur-de-jules-gravereaux\/","url_meta":{"origin":807,"position":5},"title":"Une m\u00e9daille en l&rsquo;honneur de Jules Gravereaux","author":"marretgravereaux","date":"19 mars 2016","format":false,"excerpt":"Jean-Luc Marret, l\u2019arri\u00e8re-petit-fils de Jules Gravereaux, a fait frapper une m\u00e9daille en l\u2019honneur de son a\u00efeul. Pour ceux qui souhaiteraient en obtenir un exemplaire, contacter l'\u00e9dimestre responsable de ce site. Avers Au centre, le portrait de Jules Gravereaux, avec l\u2019ann\u00e9e de sa naissance et celle de son d\u00e9c\u00e8s, soulign\u00e9es par\u2026","rel":"","context":"Article similaire","block_context":{"text":"Article similaire","link":""},"img":{"alt_text":"Jules Gravereaux - Medaille (bronze) detouree","src":"https:\/\/i0.wp.com\/marret.co\/wp-content\/uploads\/2016\/03\/Jules-Gravereaux-Medaille-bronze-detouree.jpg?resize=350%2C200","width":350,"height":200},"classes":[]}],"_links":{"self":[{"href":"https:\/\/lesgravereaux.marret.co\/index.php\/wp-json\/wp\/v2\/pages\/807","targetHints":{"allow":["GET"]}}],"collection":[{"href":"https:\/\/lesgravereaux.marret.co\/index.php\/wp-json\/wp\/v2\/pages"}],"about":[{"href":"https:\/\/lesgravereaux.marret.co\/index.php\/wp-json\/wp\/v2\/types\/page"}],"author":[{"embeddable":true,"href":"https:\/\/lesgravereaux.marret.co\/index.php\/wp-json\/wp\/v2\/users\/1"}],"replies":[{"embeddable":true,"href":"https:\/\/lesgravereaux.marret.co\/index.php\/wp-json\/wp\/v2\/comments?post=807"}],"version-history":[{"count":0,"href":"https:\/\/lesgravereaux.marret.co\/index.php\/wp-json\/wp\/v2\/pages\/807\/revisions"}],"up":[{"embeddable":true,"href":"https:\/\/lesgravereaux.marret.co\/index.php\/wp-json\/wp\/v2\/pages\/566"}],"wp:attachment":[{"href":"https:\/\/lesgravereaux.marret.co\/index.php\/wp-json\/wp\/v2\/media?parent=807"}],"curies":[{"name":"wp","href":"https:\/\/api.w.org\/{rel}","templated":true}]}}