{"id":801,"date":"2016-03-10T19:06:40","date_gmt":"2016-03-10T18:06:40","guid":{"rendered":"http:\/\/marret.co\/?page_id=801"},"modified":"2016-03-10T19:06:40","modified_gmt":"2016-03-10T18:06:40","slug":"des-evenements-de-sa-vie","status":"publish","type":"page","link":"https:\/\/lesgravereaux.marret.co\/index.php\/jules-gravereaux\/des-evenements-de-sa-vie\/","title":{"rendered":"Des \u00e9v\u00e8nements de sa vie"},"content":{"rendered":"<p>&nbsp;<\/p>\n<table>\n<tbody>\n<tr>\n<td width=\"177\">1<sup><span style=\"font-size: small;\">er<\/span><\/sup> mai 1844\u00a0:<\/td>\n<td width=\"552\">Na\u00eet \u00e0 Vitry-sur-Seine.<\/td>\n<\/tr>\n<tr>\n<td width=\"177\">16 mars 1856\u00a0:<\/td>\n<td width=\"552\">Commence son premier emploi, chez Mr Caillaut rue du Bac.<\/td>\n<\/tr>\n<tr>\n<td width=\"177\">5 septembre 1864\u00a0:<\/td>\n<td width=\"552\">Entre au Bon March\u00e9.<\/td>\n<\/tr>\n<tr>\n<td width=\"177\">20 f\u00e9vrier 1866\u00a0:<\/td>\n<td width=\"552\">Quitte volontairement le Bon March\u00e9 pour entrer au Louvre.<\/td>\n<\/tr>\n<tr>\n<td width=\"177\">1870\u00a0:<\/td>\n<td width=\"552\">Fait son service militaire dans la Garde Nationale de la Seine (18<sup><span style=\"font-size: small;\">e<\/span><\/sup> bataillon, 2e compagnie).<\/td>\n<\/tr>\n<tr>\n<td width=\"177\">19 mai 1870\u00a0:<\/td>\n<td width=\"552\">Rentre \u00e0 nouveau au Bon March\u00e9, premier au comptoir d&rsquo;ombrelles, sortant du Magasin de la Paix.<\/td>\n<\/tr>\n<tr>\n<td width=\"177\">1871\u00a0:<\/td>\n<td width=\"552\">Est nomm\u00e9 administrateur au Bon March\u00e9.<\/td>\n<\/tr>\n<tr>\n<td width=\"177\">1880\u00a0:<\/td>\n<td width=\"552\">Agit comme ex\u00e9cuteur testamentaire de Mme Boucicaut.<\/td>\n<\/tr>\n<tr>\n<td width=\"177\">25 novembre 1884\u00a0:<\/td>\n<td width=\"552\">Ach\u00e8te l&rsquo;immeuble de l&rsquo;avenue de Villars.<\/td>\n<\/tr>\n<tr>\n<td width=\"177\">1888\u00a0:<\/td>\n<td width=\"552\">Adh\u00e8re \u00e0 la Soci\u00e9t\u00e9 fran\u00e7aise de photographie<\/td>\n<\/tr>\n<tr>\n<td width=\"177\">31 juillet 1888\u00a0:<\/td>\n<td width=\"552\">Quitte le Bon March\u00e9 apr\u00e8s 20 ann\u00e9es de pr\u00e9sence et prend sa retraite.<\/td>\n<\/tr>\n<tr>\n<td width=\"177\">1892\u00a0:<\/td>\n<td width=\"552\">Ach\u00e8te une propri\u00e9t\u00e9 de L\u2019Ha\u00ff.<\/td>\n<\/tr>\n<tr>\n<td width=\"177\">1899\u00a0:<\/td>\n<td width=\"552\">Publie la <em>Collection botanique de la roseraie de L&rsquo;Hay au 15 d\u00e9cembre 1899. Classification de F. Cr\u00e9pin<\/em>.-<\/td>\n<\/tr>\n<tr>\n<td width=\"177\">1900\u00a0:<\/td>\n<td width=\"552\">Publie le <em>Catalogue 1900. Roseraie de L&rsquo;Hay<\/em>.<\/td>\n<\/tr>\n<tr>\n<td width=\"177\">1899\u00a0:<\/td>\n<td width=\"552\">Soupert et Notting l&rsquo;honorent en cr\u00e9ant une rose appel\u00e9e \u00ab\u00a0Rosomane Gravereaux\u00a0\u00bb.<\/td>\n<\/tr>\n<tr>\n<td width=\"177\">1900\u00a0:<\/td>\n<td width=\"552\">Soupert et Notting, obtenteurs luxembourgeois de roses, cr\u00e9ent la rose \u00ab\u00a0Mme Jules Gravereaux\u00a0\u00bb.<\/td>\n<\/tr>\n<tr>\n<td width=\"177\">1900\u00a0:<\/td>\n<td width=\"552\">Joseph Pernet-Ducher l&rsquo;honore en cr\u00e9ant une rose appel\u00e9e \u00ab\u00a0Rodophile Gravereaux\u00a0\u00bb.<\/td>\n<\/tr>\n<tr>\n<td width=\"177\">13 juillet 1900\u00a0:<\/td>\n<td width=\"552\">Est nomm\u00e9 Chevalier \u00e0 l\u2019Ordre du M\u00e9rite agricole.<\/td>\n<\/tr>\n<tr>\n<td width=\"177\">1901\u00a0:<\/td>\n<td width=\"552\">Est charg\u00e9 de mission, par le ministre de l&rsquo;Agriculture, pour l&rsquo;\u00e9tude des roses dans les Balkans. Il publie son <em>Rapport sur la culture des roses dans la p\u00e9ninsule des Balkans<\/em>.<\/td>\n<\/tr>\n<tr>\n<td width=\"177\">1901\u00a0:<\/td>\n<td width=\"552\">Cr\u00e9e la rose \u00ab\u00a0Rose \u00e0 parfum de L&rsquo;Ha\u00ff\u00a0\u00bb.<\/td>\n<\/tr>\n<tr>\n<td width=\"177\">1902\u00a0:<\/td>\n<td width=\"552\">Publie <em>Les Roses cultiv\u00e9es \u00e0 L&rsquo;Hay en 1902. Essai de classement<\/em>.<\/td>\n<\/tr>\n<tr>\n<td width=\"177\">3 juin 1902\u00a0:<\/td>\n<td width=\"552\">Est nomm\u00e9 Chevalier \u00e0 l&rsquo;ordre national de la L\u00e9gion d&rsquo;honneur.<\/td>\n<\/tr>\n<tr>\n<td width=\"177\">1903\u00a0:<\/td>\n<td width=\"552\">Contribue \u00e0 la cr\u00e9ation de la Roseraie de Sangerhausen par le don de nombreuses roses.<\/td>\n<\/tr>\n<tr>\n<td width=\"177\">3 ao\u00fbt 1904\u00a0:<\/td>\n<td width=\"552\">Est nomm\u00e9 Officier \u00e0 l\u2019Ordre du M\u00e9rite agricole.<\/td>\n<\/tr>\n<tr>\n<td width=\"177\">1905\u00a0:<\/td>\n<td width=\"552\">Publie <em>Les Roses \u00e0 parfum et la fabrication de l&rsquo;essence \u00e0 la roseraie de L&rsquo;Hay de 1901 \u00e0 1905<\/em>.<\/td>\n<\/tr>\n<tr>\n<td width=\"177\">1905\u00a0:<\/td>\n<td width=\"552\">Publie le <em>Manuel pour la description des rosiers cultiv\u00e9s \u00e0 la Roseraie de L\u2019Ha\u00ff<\/em><\/td>\n<\/tr>\n<tr>\n<td width=\"177\">1905\u00a0:<\/td>\n<td width=\"552\">Contribue \u00e0 la cr\u00e9ation de la Roseraie de Bagatelle par le don de plusieurs milliers de roses.<\/td>\n<\/tr>\n<tr>\n<td width=\"177\">1906\u00a0:<\/td>\n<td width=\"552\">Publie La Rose dans les sciences, dans les lettres et dans les arts. Documents pour servir \u00e0 l&rsquo;histoire de la rose r\u00e9unis au 1er mai 1906.<\/td>\n<\/tr>\n<tr>\n<td width=\"177\">17 juin 1906\u00a0:<\/td>\n<td width=\"552\">Inaugure le Th\u00e9\u00e2tre des Roses lors de la F\u00eate des Rosati.<\/td>\n<\/tr>\n<tr>\n<td width=\"177\">1908\u00a0:<\/td>\n<td width=\"552\">Jean Croibier (&amp; fils) l\u2019honore en cr\u00e9ant une rose appel\u00e9e \u00ab\u00a0Commandeur Jules Gravereaux\u00a0\u00bb<\/td>\n<\/tr>\n<tr>\n<td width=\"177\">1908\u00a0:<\/td>\n<td width=\"552\">Joaquim Fontes l\u2019honore en cr\u00e9ant la rose \u00ab\u00a0Rhodologue Jules Gravereaux\u00a0\u00bb.<\/td>\n<\/tr>\n<tr>\n<td width=\"177\">26 ao\u00fbt1908\u00a0:<\/td>\n<td width=\"552\">Est nomm\u00e9 Commandeur \u00e0 l\u2019Ordre du M\u00e9rite agricole.<\/td>\n<\/tr>\n<tr>\n<td width=\"177\">1909\u00a0:<\/td>\n<td width=\"552\">Aide \u00e0 la reconstitution de la collection de roses de La Malmaison<\/td>\n<\/tr>\n<tr>\n<td width=\"177\">26 juin 1909\u00a0:<\/td>\n<td width=\"552\">Re\u00e7oit une M\u00e9daille d&rsquo;or de la ville de Paris pour sa contribution \u00e0 la roseraie de Bagatelle.<\/td>\n<\/tr>\n<tr>\n<td width=\"177\">1910\u00a0:<\/td>\n<td width=\"552\">Publie un <em>Guide pour servir \u00e0 la visite de notre exposition r\u00e9trospective de la rose<\/em>.<\/td>\n<\/tr>\n<tr>\n<td width=\"177\">1910\u00a0:<\/td>\n<td width=\"552\">Participe \u00e0 la publication de Les plus belles roses au d\u00e9but du XXe si\u00e8cle par la Soci\u00e9t\u00e9 nationale d\u2019horticulture de France (S.N.H.F.)\u00bb<\/td>\n<\/tr>\n<tr>\n<td width=\"177\">17 mai 1910\u00a0:<\/td>\n<td width=\"552\">Est nomm\u00e9 Officier \u00e0 l&rsquo;ordre national de la L\u00e9gion d&rsquo;honneur.<\/td>\n<\/tr>\n<tr>\n<td width=\"177\">24 juin 1910\u00a0:<\/td>\n<td width=\"552\">Accompagne le Roi de Bulgarie lors de la visite de la roseraie de Bagatelle.<\/td>\n<\/tr>\n<tr>\n<td width=\"177\">1910\u00a0:<\/td>\n<td width=\"552\">Est d\u00e9cor\u00e9 par l&rsquo;Empereur d&rsquo;Allemagne et re\u00e7oit la M\u00e9daille de 4e classe de l&rsquo;ordre de l&rsquo;Aigle Rouge.<\/td>\n<\/tr>\n<tr>\n<td width=\"177\">1912\u00a0:<\/td>\n<td width=\"552\">Publie <em>Les Roses de l&rsquo;imp\u00e9ratrice Jos\u00e9phine \u00e0 La Malmaison<\/em>.<\/td>\n<\/tr>\n<tr>\n<td width=\"177\">1914\u00a0:<\/td>\n<td width=\"552\">Cr\u00e9e la Roseraie de l&rsquo;\u00c9lys\u00e9e, \u00e0 la demande de Madame Raymond Poincar\u00e9<\/td>\n<\/tr>\n<tr>\n<td width=\"177\">23 mars 1916\u00a0:<\/td>\n<td width=\"552\">D\u00e9c\u00e8de dans sa maison de l\u2019avenue de Villars.<\/td>\n<\/tr>\n<tr>\n<td width=\"177\">25 mars 1916\u00a0:<\/td>\n<td width=\"552\">Est inhum\u00e9 au cimeti\u00e8re Montparnasse.<\/td>\n<\/tr>\n<\/tbody>\n<\/table>\n<p>&nbsp;<\/p>\n<p><a href=\"https:\/\/i0.wp.com\/marret.co\/wp-content\/uploads\/2016\/03\/Roses-de-Malmaison-p03_wp.jpg\" rel=\"attachment wp-att-631\"><img data-recalc-dims=\"1\" loading=\"lazy\" decoding=\"async\" data-attachment-id=\"631\" data-permalink=\"https:\/\/lesgravereaux.marret.co\/index.php\/jules-gravereaux\/des-evenements-de-sa-vie\/roses-de-malmaison-p03_wp\/\" data-orig-file=\"https:\/\/i0.wp.com\/lesgravereaux.marret.co\/wp-content\/uploads\/2016\/03\/Roses-de-Malmaison-p03_wp.jpg?fit=295%2C202&amp;ssl=1\" data-orig-size=\"295,202\" data-comments-opened=\"1\" data-image-meta=\"{&quot;aperture&quot;:&quot;0&quot;,&quot;credit&quot;:&quot;&quot;,&quot;camera&quot;:&quot;HP Scanjet 4800&quot;,&quot;caption&quot;:&quot;&quot;,&quot;created_timestamp&quot;:&quot;1173794967&quot;,&quot;copyright&quot;:&quot;&quot;,&quot;focal_length&quot;:&quot;0&quot;,&quot;iso&quot;:&quot;0&quot;,&quot;shutter_speed&quot;:&quot;0&quot;,&quot;title&quot;:&quot;&quot;,&quot;orientation&quot;:&quot;1&quot;}\" data-image-title=\"Roses de Malmaison &amp;#8211; p03_wp\" data-image-description=\"\" data-image-caption=\"\" data-medium-file=\"https:\/\/i0.wp.com\/lesgravereaux.marret.co\/wp-content\/uploads\/2016\/03\/Roses-de-Malmaison-p03_wp.jpg?fit=295%2C202&amp;ssl=1\" data-large-file=\"https:\/\/i0.wp.com\/lesgravereaux.marret.co\/wp-content\/uploads\/2016\/03\/Roses-de-Malmaison-p03_wp.jpg?fit=295%2C202&amp;ssl=1\" class=\" wp-image-631 aligncenter\" src=\"https:\/\/i0.wp.com\/marret.co\/wp-content\/uploads\/2016\/03\/Roses-de-Malmaison-p03_wp.jpg?resize=232%2C159\" alt=\"Roses de Malmaison - p03_wp\" width=\"232\" height=\"159\" data-wp-pid=\"631\" \/><\/a><\/p>\n","protected":false},"excerpt":{"rendered":"<p>&nbsp; 1er mai 1844\u00a0: Na\u00eet \u00e0 Vitry-sur-Seine. 16 mars 1856\u00a0: Commence son premier emploi, chez Mr Caillaut rue du Bac. 5 septembre 1864\u00a0: Entre au Bon March\u00e9. 20 f\u00e9vrier 1866\u00a0: Quitte volontairement le Bon March\u00e9 pour entrer au Louvre. 1870\u00a0: &hellip; <a href=\"https:\/\/lesgravereaux.marret.co\/index.php\/jules-gravereaux\/des-evenements-de-sa-vie\/\">Continuer la lecture <span class=\"meta-nav\">&rarr;<\/span><\/a><\/p>\n","protected":false},"author":1,"featured_media":0,"parent":566,"menu_order":0,"comment_status":"closed","ping_status":"closed","template":"","meta":{"ngg_post_thumbnail":0,"jetpack_post_was_ever_published":false,"footnotes":""},"class_list":["post-801","page","type-page","status-publish","hentry"],"jetpack_sharing_enabled":true,"jetpack_shortlink":"https:\/\/wp.me\/P7ERyi-cV","jetpack-related-posts":[{"id":566,"url":"https:\/\/lesgravereaux.marret.co\/index.php\/jules-gravereaux\/","url_meta":{"origin":801,"position":0},"title":"Jules Gravereaux","author":"marretgravereaux","date":"7 mars 2016","format":false,"excerpt":"Jules GRAVEREAUX voit le jour le mercredi 1er mai 1844 \u00e0 Vitry-sur-Seine; il est le troisi\u00e8me enfant de Jean Narcisse Mathurin Gravereaux et Marie Henriette Gervais. Il commence \u00e0 travailler \u00e0 l\u2019\u00e2ge de 12 ans, d\u00e9butant chez une merci\u00e8re de la rue du Bac, madame Caillaut. En 1864, Jules Gravereaux\u2026","rel":"","context":"Article similaire","block_context":{"text":"Article similaire","link":""},"img":{"alt_text":"Jules Gravereaux - JLM0071a","src":"https:\/\/i0.wp.com\/marret.co\/wp-content\/uploads\/2015\/10\/Jules-Gravereaux-JLM0071a-740x1024.jpg?resize=350%2C200","width":350,"height":200},"classes":[]},{"id":731,"url":"https:\/\/lesgravereaux.marret.co\/index.php\/jules-gravereaux\/jules-gravereaux-au-bon-marche\/","url_meta":{"origin":801,"position":1},"title":"Jules Gravereaux au Bon March\u00e9","author":"marretgravereaux","date":"8 mars 2016","format":false,"excerpt":"Article \u00e9crit par Jean-Luc Marret, sous le titre de \u00ab Le Bon March\u00e9 de Jules Gravereaux \u00bb et publi\u00e9\u00a0dans le Bulletin de l'Association des Amis du Vieux L'Ha\u00ff en juin 2011 Cr\u00e9er la roseraie de L\u2019Ha\u00ff et l\u2019entretenir pendant pr\u00e8s d\u2019un quart de si\u00e8cle, comme l\u2019a fait Jules Gravereaux, n\u00e9cessite\u2026","rel":"","context":"Article similaire","block_context":{"text":"Article similaire","link":""},"img":{"alt_text":"Jules Gravereaux - OG1332b","src":"https:\/\/i0.wp.com\/marret.co\/wp-content\/uploads\/2015\/10\/Jules-Gravereaux-OG1332b.jpg?resize=350%2C200","width":350,"height":200},"classes":[]},{"id":557,"url":"https:\/\/lesgravereaux.marret.co\/index.php\/jules-gravereaux\/jules-gravereaux-ses-ecrits\/557-2\/","url_meta":{"origin":801,"position":2},"title":"Le carnet de Jules Gravereaux","author":"marretgravereaux","date":"7 mars 2016","format":false,"excerpt":"Pendant une grande partie de sa vie, Jules Gravereaux a consign\u00e9, dans un petit carnet, les \u00e9v\u00e8nements qui marquaient son quotidien\u00a0: naissances et d\u00e9c\u00e8s, maladies de ses enfants,\u00a0r\u00e9sultats professionnels, informations financi\u00e8res ou \u00e9v\u00e8nements publics. L'ensemble de ces notes personnelles, consign\u00e9es dans une sorte d'agenda perp\u00e9tuel, permet de suivre le parcours\u2026","rel":"","context":"Article similaire","block_context":{"text":"Article similaire","link":""},"img":{"alt_text":"Carnet - couverture_wp","src":"https:\/\/i0.wp.com\/marret.co\/wp-content\/uploads\/2016\/03\/Carnet-couverture_wp-1024x728.jpg?resize=350%2C200","width":350,"height":200},"classes":[]},{"id":2001,"url":"https:\/\/lesgravereaux.marret.co\/index.php\/jules-gravereaux\/1294-2\/des-roses\/aux-noms-de-la-rose\/","url_meta":{"origin":801,"position":3},"title":"Aux noms de la rose&#8230;","author":"marretgravereaux","date":"25 avril 2016","format":false,"excerpt":"Jules Gravereaux a cr\u00e9\u00e9 plus d'une centaine de roses et il a donn\u00e9 \u00e0 celles-ci le nom de membres de sa famille, d'amis ou de personnes connues, ainsi que de certains lieux ou \u00e9v\u00e8nements. Diverses recherches ont permis d'identifier, de fa\u00e7on certaine ou probable, les personnes vis\u00e9es... Si vous avez\u2026","rel":"","context":"Article similaire","block_context":{"text":"Article similaire","link":""},"img":{"alt_text":"1902 RdlH - Catalogue p91A_wp","src":"https:\/\/i0.wp.com\/lesgravereaux.marret.co\/wp-content\/uploads\/2016\/04\/1902-RdlH-Catalogue-p91A_wp-628x1024.jpg?resize=350%2C200","width":350,"height":200},"classes":[]},{"id":610,"url":"https:\/\/lesgravereaux.marret.co\/index.php\/jules-gravereaux\/jules-gravereaux-au-bon-marche\/jules-gravereaux-heritier-boucicaut\/","url_meta":{"origin":801,"position":4},"title":"Jules Gravereaux, h\u00e9ritier Boucicaut?","author":"marretgravereaux","date":"7 mars 2016","format":false,"excerpt":"Une partie de la fortune de Jules Gravereaux lui provient de madame Boucicaut, mais \u00e9tait-ce peu ou beaucoup? Un extrait du Testament mystique de celle-ci nous en apprend davantage\u2026\u00a0 \u00a0 Ceci est mon testament, auquel j\u2019entends donner la forme mystique. J\u2019institue pour ma l\u00e9gataire universelle l\u2019administration de l\u2019Assistance publique, dont\u2026","rel":"","context":"Article similaire","block_context":{"text":"Article similaire","link":""},"img":{"alt_text":"Testament de madame Boucicaut (1886) p01_wp","src":"https:\/\/i0.wp.com\/marret.co\/wp-content\/uploads\/2016\/03\/Testament-de-madame-Boucicaut-1886-p01_wp.jpg?resize=350%2C200","width":350,"height":200},"classes":[]},{"id":3745,"url":"https:\/\/lesgravereaux.marret.co\/index.php\/jules-gravereaux\/jules-gravereaux-honneurs-et-medailles\/jules-gravereaux-nomme-a-lordre-de-la-legion-dhonneur\/","url_meta":{"origin":801,"position":5},"title":"Jules Gravereaux nomm\u00e9 \u00e0 l&rsquo;Ordre de la L\u00e9gion d&rsquo;honneur","author":"marretgravereaux","date":"20 juin 2016","format":false,"excerpt":"Chevalier de la L\u00e9gion d\u2019honneur Par d\u00e9crets du Pr\u00e9sident de la R\u00e9publique en date du 3 juin 1902, rendus sur la proposition du ministre de l'Agriculture, apr\u00e8s d\u00e9claration du Conseil de l'ordre national de la L\u00e9gion d'honneur, en date du 2 juin 1902, portant que les nominations qui font l'objet\u2026","rel":"","context":"Article similaire","block_context":{"text":"Article similaire","link":""},"img":{"alt_text":"L\u00e9gion d'honneur - Chevalier (m\u00e9daille)_wp","src":"https:\/\/i0.wp.com\/lesgravereaux.marret.co\/wp-content\/uploads\/2016\/06\/L%C3%A9gion-dhonneur-Chevalier-m%C3%A9daille_wp.jpg?resize=350%2C200","width":350,"height":200},"classes":[]}],"_links":{"self":[{"href":"https:\/\/lesgravereaux.marret.co\/index.php\/wp-json\/wp\/v2\/pages\/801","targetHints":{"allow":["GET"]}}],"collection":[{"href":"https:\/\/lesgravereaux.marret.co\/index.php\/wp-json\/wp\/v2\/pages"}],"about":[{"href":"https:\/\/lesgravereaux.marret.co\/index.php\/wp-json\/wp\/v2\/types\/page"}],"author":[{"embeddable":true,"href":"https:\/\/lesgravereaux.marret.co\/index.php\/wp-json\/wp\/v2\/users\/1"}],"replies":[{"embeddable":true,"href":"https:\/\/lesgravereaux.marret.co\/index.php\/wp-json\/wp\/v2\/comments?post=801"}],"version-history":[{"count":0,"href":"https:\/\/lesgravereaux.marret.co\/index.php\/wp-json\/wp\/v2\/pages\/801\/revisions"}],"up":[{"embeddable":true,"href":"https:\/\/lesgravereaux.marret.co\/index.php\/wp-json\/wp\/v2\/pages\/566"}],"wp:attachment":[{"href":"https:\/\/lesgravereaux.marret.co\/index.php\/wp-json\/wp\/v2\/media?parent=801"}],"curies":[{"name":"wp","href":"https:\/\/api.w.org\/{rel}","templated":true}]}}