{"id":787,"date":"2016-03-10T11:05:38","date_gmt":"2016-03-10T10:05:38","guid":{"rendered":"http:\/\/marret.co\/?page_id=787"},"modified":"2017-07-01T17:05:32","modified_gmt":"2017-07-01T16:05:32","slug":"germain-sebastien-graverot","status":"publish","type":"page","link":"https:\/\/lesgravereaux.marret.co\/index.php\/jules-gravereaux\/jules-gravereaux-ses-ancetres\/germain-sebastien-graverot\/","title":{"rendered":"Germain S\u00e9bastien Graverot"},"content":{"rendered":"<p>Germain S\u00e9bastien Graverot est n\u00e9 \u00e0 Vitry-sur-Seine, le 7 f\u00e9vrier 1770.<\/p>\n<p>Tout comme son p\u00e8re, <a href=\"https:\/\/lesgravereaux.marret.co\/index.php\/jules-gravereaux\/jules-gravereaux-ses-ancetres\/jean-baptiste-gravereau\/\">Jean Baptiste Gravereau<\/a>, il travaille comme menuisier.<\/p>\n<p>Le 21 juillet 1797, il \u00e9pouse Marie Marguerite Quenault, \u00e0 Vitry-sur-Seine.<\/p>\n<p>Ils eurent onze enfants :<\/p>\n<ul>\n<li>Marie Marguerite, n\u00e9e le 19 messidor an VI (7 juillet 1798) et d\u00e9c\u00e9d\u00e9e le 15 messidor an VIII (4 juillet 1800).<\/li>\n<li>Jean Marie, n\u00e9 le 7 niv\u00f4se an VIII (28 d\u00e9cembre 1799). Il a \u00e9pous\u00e9 Anne Marguerite Desperche. Jean-Marie est d\u00e9c\u00e9d\u00e9 le 26&nbsp;juillet 1837.<\/li>\n<li>Marie Marguerite Eug\u00e9nie, n\u00e9e le 19 messidor IX (8 juillet 1801).<\/li>\n<li>Auguste Antoine, n\u00e9 le 19 vend\u00e9miaire an XI (11 octobre 1802) et d\u00e9c\u00e9d\u00e9 le 8 vend\u00e9miaire an XII (1er octobre 1803).<\/li>\n<li>Agla\u00e9 L\u00e9onie, n\u00e9e le 13 fructidor an XI (31 ao\u00fbt 1803). Elle a \u00e9pous\u00e9, le 13 ao\u00fbt 1827, Cosme Rouveau. Agla\u00e9 L\u00e9onie est d\u00e9c\u00e9d\u00e9e le 16 mai 1859.<\/li>\n<li><a href=\"https:\/\/lesgravereaux.marret.co\/index.php\/jules-gravereaux\/jules-gravereaux-ses-ancetres\/jean-narcisse-mathurin-gravereaux\/\">Jean Narcisse Mathurin<\/a>, n\u00e9 le 14 f\u00e9vrier 1806. Il a \u00e9pous\u00e9, le 17 f\u00e9vrier 1829, Marie Henriette Gervais. Jean Narcisse Mathurin est d\u00e9c\u00e9d\u00e9 \u00e0 Vitry-sur-Seine le 19 d\u00e9cembre 1879.<\/li>\n<li>Marie Athalie, n\u00e9e le 25 septembre 1807. Elle a \u00e9pous\u00e9, le 5 novembre 1829, Louis Joseph Decoin, puis, le 17&nbsp;mai 1847, Joseph Nicolas Millan. Marie Athalie est d\u00e9c\u00e9d\u00e9e en 1900, peut-\u00eatre en Alg\u00e9rie.<\/li>\n<li>Claude Hippolyte, n\u00e9 le 29 septembre 1809 et d\u00e9c\u00e9d\u00e9 le 27 avril 1813.<\/li>\n<li>Ad\u00e8le C\u00e9cile, n\u00e9e le 13 octobre 1811. Elle a \u00e9pous\u00e9, le 25 juillet 1831, Jules D\u00e9sir\u00e9 Baude. Ad\u00e8le C\u00e9cile est d\u00e9c\u00e9d\u00e9e le 14 septembre 1873.<\/li>\n<li>Marie-Luce, n\u00e9e le 20 janvier 1817. Elle a \u00e9pous\u00e9, le 12 mai 1838, Louis Levasseur. Marie-Luce est d\u00e9c\u00e9d\u00e9e le 13 avril 1879.<\/li>\n<li>L\u00e9andre Fran\u00e7ois, n\u00e9 le 29 novembre 1819. Il a \u00e9pous\u00e9 \u00c9lisabeth Vlietynck, le 23 ao\u00fbt 1845. L\u00e9andre est d\u00e9c\u00e9d\u00e9 \u00e0 Paris le 10 avril 1902.<\/li>\n<\/ul>\n<p>Germain S\u00e9bastien Graverot est d\u00e9c\u00e9d\u00e9 \u00e0 Vitry-sur-Seine le 11 f\u00e9vrier 1856.<\/p>\n","protected":false},"excerpt":{"rendered":"<p>Germain S\u00e9bastien Graverot est n\u00e9 \u00e0 Vitry-sur-Seine, le 7 f\u00e9vrier 1770. Tout comme son p\u00e8re, Jean Baptiste Gravereau, il travaille comme menuisier. Le 21 juillet 1797, il \u00e9pouse Marie Marguerite Quenault, \u00e0 Vitry-sur-Seine. Ils eurent onze enfants : Marie Marguerite, &hellip; <a href=\"https:\/\/lesgravereaux.marret.co\/index.php\/jules-gravereaux\/jules-gravereaux-ses-ancetres\/germain-sebastien-graverot\/\">Continuer la lecture <span class=\"meta-nav\">&rarr;<\/span><\/a><\/p>\n","protected":false},"author":1,"featured_media":0,"parent":815,"menu_order":0,"comment_status":"closed","ping_status":"closed","template":"","meta":{"ngg_post_thumbnail":0,"jetpack_post_was_ever_published":false,"footnotes":""},"class_list":["post-787","page","type-page","status-publish","hentry"],"jetpack_sharing_enabled":true,"jetpack_shortlink":"https:\/\/wp.me\/P7ERyi-cH","jetpack-related-posts":[{"id":763,"url":"https:\/\/lesgravereaux.marret.co\/index.php\/jules-gravereaux\/jules-gravereaux-ses-ancetres\/jean-baptiste-gravereau\/","url_meta":{"origin":787,"position":0},"title":"Jean-Baptiste Gravereau","author":"marretgravereaux","date":"9 mars 2016","format":false,"excerpt":"Fils de Jean Gravereau, Jean Baptiste Gravereau est probablement n\u00e9 dans le Libournais (peut-\u00eatre \u00e0 Prignac-et-Marcamps) en 1733. Il se serait install\u00e9 vers 1750 \u00e0 Vitry-sur-Seine, y travaillant comme menuisier. Le 7 juillet 1766, il \u00e9pouse Marie Collinet \u00e0 l'\u00e9glise Saint-Germain de Vitry-sur-Seine Ils eurent trois enfants\u00a0: Charles Jean Baptiste,\u2026","rel":"","context":"Article similaire","block_context":{"text":"Article similaire","link":""},"img":{"alt_text":"","src":"","width":0,"height":0},"classes":[]},{"id":842,"url":"https:\/\/lesgravereaux.marret.co\/index.php\/jules-gravereaux\/jules-gravereaux-ses-ancetres\/germain-sebastien-graverot\/le-mariage-de-germain-sebastien-graverot-et-de-marie-marguerite-quenault\/","url_meta":{"origin":787,"position":1},"title":"Le mariage de Germain S\u00e9bastien Graverot et de Marie-Marguerite Quenault","author":"marretgravereaux","date":"11 mars 2016","format":false,"excerpt":"\u00ab\u00a0Le troy thermidor En cinque de la republique francaise une et indivisible acte de mariage de jermain S\u00e9bastien Gravelot menuisier demeurent dent cette commune rue de la petite fontaine n\u00b02 ag\u00e9 de vingt huit ans Sixmois fils de jean baptiste gravelot d\u00e9c\u00e9d\u00e9 a la commune de Vitry le quinze aoux\u2026","rel":"","context":"Article similaire","block_context":{"text":"Article similaire","link":""},"img":{"alt_text":"1797-07-21 Gravereaux, Quenault - Mariage2_wp","src":"https:\/\/i0.wp.com\/marret.co\/wp-content\/uploads\/2016\/03\/1797-07-21-Gravereaux-Quenault-Mariage2_wp-490x1024.jpg?resize=350%2C200","width":350,"height":200},"classes":[]},{"id":829,"url":"https:\/\/lesgravereaux.marret.co\/index.php\/jules-gravereaux\/jules-gravereaux-ses-ancetres\/jean-narcisse-mathurin-gravereaux\/","url_meta":{"origin":787,"position":2},"title":"Jean Narcisse Mathurin Gravereaux","author":"marretgravereaux","date":"11 mars 2016","format":false,"excerpt":"Jean-Narcisse Mathurin Gravereaux est n\u00e9 \u00e0 Vitry-sur-Seine, le 14 f\u00e9vrier 1806. Tout comme son p\u00e8re, Germain S\u00e9bastien Graverot, \u00a0il travaille comme menuisier. Le 17 f\u00e9vrier 1829, il \u00e9pouse, \u00e0 Vitry-sur-Seine, Marie Henriette Gervais. Ils eurent sept enfants. Malheureusement, les trois premiers moururent \u00e0 l\u2019accouchement. Puis vinrent\u00a0: D\u00e9sir\u00e9e Henriette Marie, n\u00e9e\u2026","rel":"","context":"Article similaire","block_context":{"text":"Article similaire","link":""},"img":{"alt_text":"","src":"","width":0,"height":0},"classes":[]},{"id":845,"url":"https:\/\/lesgravereaux.marret.co\/index.php\/jules-gravereaux\/jules-gravereaux-ses-ancetres\/germain-sebastien-graverot\/le-deces-de-germain-sebastien-graverot\/","url_meta":{"origin":787,"position":3},"title":"Le d\u00e9c\u00e8s de Germain S\u00e9bastien Gravereaux","author":"marretgravereaux","date":"11 mars 2016","format":false,"excerpt":"\u00ab\u00a0L'An mil huit cent cinquante six, le onze f\u00e9vrier onze heures du matin, acte de d\u00e9c\u00e8s de Germain, S\u00e9bastien, Gravereaux,\u00a0sans profession, ag\u00e9 de quatre vingt six ans, n\u00e9 \u00e0 Vitry-sur-Seine le sept f\u00e9vrier mil sept cent soixante dix, y d\u00e9c\u00e9d\u00e9, le onze \u00e0 dix heures du soir, en son domicile\u2026","rel":"","context":"Article similaire","block_context":{"text":"Article similaire","link":""},"img":{"alt_text":"1856-02-11 GRAVEREAUX, Germain Sebastien - Deces_wp","src":"https:\/\/i0.wp.com\/marret.co\/wp-content\/uploads\/2016\/03\/1856-02-11-GRAVEREAUX-Germain-Sebastien-Deces_wp-1024x912.jpg?resize=350%2C200","width":350,"height":200},"classes":[]},{"id":853,"url":"https:\/\/lesgravereaux.marret.co\/index.php\/jules-gravereaux\/jules-gravereaux-ses-ancetres\/jean-narcisse-mathurin-gravereaux\/le-deces-de-jean-narcisse-mathurin-gravereaux\/","url_meta":{"origin":787,"position":4},"title":"Le d\u00e9c\u00e8s de Jean Narcisse Mathurin Gravereaux","author":"marretgravereaux","date":"11 mars 2016","format":false,"excerpt":"\u00ab\u00a0Du dix neuf D\u00e9cembre mil huit cent soixante dix neuf \u00e0 deux heures et demie du matin, acte de d\u00e9c\u00e8s de\u00a0Jean, Narcisse, Mathurin, Gravereaux\u00a0\u00e2g\u00e9 de soixante treize ans, Propri\u00e9taire, n\u00e9 \u00e0 Vitry y d\u00e9c\u00e9d\u00e9 aujourd'hui \u00e0 onze heures du matin, rue Saint Aubin n\u00b09, son domicile, \u00c9poux de Marie, Henriette,\u2026","rel":"","context":"Article similaire","block_context":{"text":"Article similaire","link":""},"img":{"alt_text":"1879-12-19 GRAVEREAUX, Jean Narcisse Mathurin - Deces_wp","src":"https:\/\/i0.wp.com\/marret.co\/wp-content\/uploads\/2016\/03\/1879-12-19-GRAVEREAUX-Jean-Narcisse-Mathurin-Deces_wp-1024x858.jpg?resize=350%2C200","width":350,"height":200},"classes":[]},{"id":851,"url":"https:\/\/lesgravereaux.marret.co\/index.php\/jules-gravereaux\/jules-gravereaux-ses-ancetres\/jean-narcisse-mathurin-gravereaux\/le-mariage-de-jean-narcisse-mathurin-gravereaux-et-de-marie-gervais\/","url_meta":{"origin":787,"position":5},"title":"Le mariage de Jean Narcisse Mathurin Gravereaux et de Marie Gervais","author":"marretgravereaux","date":"11 mars 2016","format":false,"excerpt":"\u00ab\u00a0L An mil huit cent vingt neuf le dix sept f\u00e9vrier heure de midi, Pardevant nous Dominique Louis Sassey adjoint au Maire de la Commune de Vitry-sur-Seine, faisant les fonctions d'officier public de l'\u00e9tat civil : Sont comparus les Sieurs Gravereaux Jean Narcisse Mathurin menuisier domicili\u00e9 \u00e0 Vitry, y n\u00e9\u2026","rel":"","context":"Article similaire","block_context":{"text":"Article similaire","link":""},"img":{"alt_text":"1829-02-17 GRAVEREAUX-GERVAIS - Mariage_wp","src":"https:\/\/i0.wp.com\/marret.co\/wp-content\/uploads\/2016\/03\/1829-02-17-GRAVEREAUX-GERVAIS-Mariage_wp-664x1024.jpg?resize=350%2C200","width":350,"height":200},"classes":[]}],"_links":{"self":[{"href":"https:\/\/lesgravereaux.marret.co\/index.php\/wp-json\/wp\/v2\/pages\/787","targetHints":{"allow":["GET"]}}],"collection":[{"href":"https:\/\/lesgravereaux.marret.co\/index.php\/wp-json\/wp\/v2\/pages"}],"about":[{"href":"https:\/\/lesgravereaux.marret.co\/index.php\/wp-json\/wp\/v2\/types\/page"}],"author":[{"embeddable":true,"href":"https:\/\/lesgravereaux.marret.co\/index.php\/wp-json\/wp\/v2\/users\/1"}],"replies":[{"embeddable":true,"href":"https:\/\/lesgravereaux.marret.co\/index.php\/wp-json\/wp\/v2\/comments?post=787"}],"version-history":[{"count":0,"href":"https:\/\/lesgravereaux.marret.co\/index.php\/wp-json\/wp\/v2\/pages\/787\/revisions"}],"up":[{"embeddable":true,"href":"https:\/\/lesgravereaux.marret.co\/index.php\/wp-json\/wp\/v2\/pages\/815"}],"wp:attachment":[{"href":"https:\/\/lesgravereaux.marret.co\/index.php\/wp-json\/wp\/v2\/media?parent=787"}],"curies":[{"name":"wp","href":"https:\/\/api.w.org\/{rel}","templated":true}]}}