{"id":770,"date":"2016-03-09T17:59:07","date_gmt":"2016-03-09T16:59:07","guid":{"rendered":"http:\/\/marret.co\/?page_id=770"},"modified":"2016-03-09T17:59:07","modified_gmt":"2016-03-09T16:59:07","slug":"le-mariage-de-jean-baptiste-gravereau-et-marie-collinet","status":"publish","type":"page","link":"https:\/\/lesgravereaux.marret.co\/index.php\/jules-gravereaux\/jules-gravereaux-ses-ancetres\/jean-baptiste-gravereau\/le-mariage-de-jean-baptiste-gravereau-et-marie-collinet\/","title":{"rendered":"Le mariage de Jean-Baptiste Gravereau et Marie Collinet"},"content":{"rendered":"<p><a href=\"https:\/\/i0.wp.com\/marret.co\/wp-content\/uploads\/2016\/03\/1766-07-07-GRAVEREAUX-Jean-et-Marie-COLLINET-Mariage_wp.jpg\" rel=\"attachment wp-att-766\"><img data-recalc-dims=\"1\" loading=\"lazy\" decoding=\"async\" data-attachment-id=\"766\" data-permalink=\"https:\/\/lesgravereaux.marret.co\/index.php\/jules-gravereaux\/jules-gravereaux-ses-ancetres\/jean-baptiste-gravereau\/le-mariage-de-jean-baptiste-gravereau-et-marie-collinet\/maxthon\/\" data-orig-file=\"https:\/\/i0.wp.com\/lesgravereaux.marret.co\/wp-content\/uploads\/2016\/03\/1766-07-07-GRAVEREAUX-Jean-et-Marie-COLLINET-Mariage_wp.jpg?fit=1575%2C1439&amp;ssl=1\" data-orig-size=\"1575,1439\" data-comments-opened=\"1\" data-image-meta=\"{&quot;aperture&quot;:&quot;0&quot;,&quot;credit&quot;:&quot;Jean-Luc&quot;,&quot;camera&quot;:&quot;&quot;,&quot;caption&quot;:&quot;&quot;,&quot;created_timestamp&quot;:&quot;0&quot;,&quot;copyright&quot;:&quot;&quot;,&quot;focal_length&quot;:&quot;0&quot;,&quot;iso&quot;:&quot;0&quot;,&quot;shutter_speed&quot;:&quot;0&quot;,&quot;title&quot;:&quot;Maxthon&quot;,&quot;orientation&quot;:&quot;1&quot;}\" data-image-title=\"Maxthon\" data-image-description=\"\" data-image-caption=\"\" data-medium-file=\"https:\/\/i0.wp.com\/lesgravereaux.marret.co\/wp-content\/uploads\/2016\/03\/1766-07-07-GRAVEREAUX-Jean-et-Marie-COLLINET-Mariage_wp.jpg?fit=300%2C274&amp;ssl=1\" data-large-file=\"https:\/\/i0.wp.com\/lesgravereaux.marret.co\/wp-content\/uploads\/2016\/03\/1766-07-07-GRAVEREAUX-Jean-et-Marie-COLLINET-Mariage_wp.jpg?fit=640%2C585&amp;ssl=1\" class=\"wp-image-766 alignleft\" src=\"https:\/\/i0.wp.com\/marret.co\/wp-content\/uploads\/2016\/03\/1766-07-07-GRAVEREAUX-Jean-et-Marie-COLLINET-Mariage_wp-1024x936.jpg?resize=403%2C368\" alt=\"Maxthon\" width=\"403\" height=\"368\" data-wp-pid=\"766\" srcset=\"https:\/\/i0.wp.com\/lesgravereaux.marret.co\/wp-content\/uploads\/2016\/03\/1766-07-07-GRAVEREAUX-Jean-et-Marie-COLLINET-Mariage_wp.jpg?resize=1024%2C936&amp;ssl=1 1024w, https:\/\/i0.wp.com\/lesgravereaux.marret.co\/wp-content\/uploads\/2016\/03\/1766-07-07-GRAVEREAUX-Jean-et-Marie-COLLINET-Mariage_wp.jpg?resize=300%2C274&amp;ssl=1 300w, https:\/\/i0.wp.com\/lesgravereaux.marret.co\/wp-content\/uploads\/2016\/03\/1766-07-07-GRAVEREAUX-Jean-et-Marie-COLLINET-Mariage_wp.jpg?resize=768%2C702&amp;ssl=1 768w, https:\/\/i0.wp.com\/lesgravereaux.marret.co\/wp-content\/uploads\/2016\/03\/1766-07-07-GRAVEREAUX-Jean-et-Marie-COLLINET-Mariage_wp.jpg?resize=800%2C731&amp;ssl=1 800w, https:\/\/i0.wp.com\/lesgravereaux.marret.co\/wp-content\/uploads\/2016\/03\/1766-07-07-GRAVEREAUX-Jean-et-Marie-COLLINET-Mariage_wp.jpg?resize=600%2C548&amp;ssl=1 600w, https:\/\/i0.wp.com\/lesgravereaux.marret.co\/wp-content\/uploads\/2016\/03\/1766-07-07-GRAVEREAUX-Jean-et-Marie-COLLINET-Mariage_wp.jpg?w=1575&amp;ssl=1 1575w, https:\/\/i0.wp.com\/lesgravereaux.marret.co\/wp-content\/uploads\/2016\/03\/1766-07-07-GRAVEREAUX-Jean-et-Marie-COLLINET-Mariage_wp.jpg?w=1280&amp;ssl=1 1280w\" sizes=\"auto, (max-width: 403px) 100vw, 403px\" \/><\/a><\/p>\n<p><em>\u00ab\u00a0Le Lundy, Septi\u00e8me jour de juillet mil sept cent soixante et six, apr\u00e8s les publications de trois bans en cette \u00e9glise, aux [&#8230;] officielles par trois fois le dimanche ou f\u00eates diff\u00e9rentes, les quatre, onze et dix-huit May derniers, sans oppositions, les fiancailles c\u00e9l\u00e9br\u00e9es hier, vus l&rsquo;extrait mortuaire du p\u00e8re, et l&rsquo;acte de pr\u00e9sentation de la m\u00e8re de l&rsquo;\u00e9poux Cydessous Nomm\u00e9, v\u00fb son extrait baptistaire, v\u00fb l&rsquo;extrait baptistaire de l&rsquo;\u00e9pouse Cydessous nomm\u00e9e , ont \u00e9t\u00e9 mari\u00e9s par nous pr\u00eatre docteur de Sorbonne et Cur\u00e9 de cette paroisse Soussign\u00e9\u00a0\u00a0et ont recu de nous la b\u00e9n\u00e9diction nuptiale, apr\u00e8s avoir[&#8230;] Consentement mutuel, d&rsquo;une part, jean gravereaux, ag\u00e9 de ternte trois ans, Menuisier, fils de feu jean gravereaux et de Marie Guiet, et de d&rsquo;autre part Marie Jeanne Collinet ag\u00e9e de vingt deux ans, fille de feu Louis Collinet, charron et d&rsquo;agn\u00e8s chatenay, tous deux de cette paroisse, assist\u00e9s des t\u00e9moins Cy apr\u00e8s \u00e9nonc\u00e9s qui nous ont attest\u00e9 [&#8230;] libert\u00e9, catholicit\u00e9 et le domicile des parties [&#8230;] pour l&rsquo;\u00e9pouse Jacques [&#8230;] bourgeois, [&#8230;] Germain de [&#8230;] de cette paroisse, philippe fortin, charron, demeurant en cette paroisse du c\u00f4t\u00e9 de l&rsquo;\u00e9poux, [&#8230;] Jean Joseph Barri\u00e9s [&#8230;] fiscal de ce [&#8230;] Jean Jacques Chapelle son oncle vigneron demeurant en cette paroisse lesquels ont tous sign\u00e9s et [&#8230;].\u00a0\u00bb\u00a0<\/em><\/p>\n<p style=\"text-align: right;\"><span style=\"font-size: 10pt;\">Source\u00a0: Archives d\u00e9partementales du Val-de-Marne<\/span><\/p>\n","protected":false},"excerpt":{"rendered":"<p>\u00ab\u00a0Le Lundy, Septi\u00e8me jour de juillet mil sept cent soixante et six, apr\u00e8s les publications de trois bans en cette \u00e9glise, aux [&#8230;] officielles par trois fois le dimanche ou f\u00eates diff\u00e9rentes, les quatre, onze et dix-huit May derniers, sans &hellip; <a href=\"https:\/\/lesgravereaux.marret.co\/index.php\/jules-gravereaux\/jules-gravereaux-ses-ancetres\/jean-baptiste-gravereau\/le-mariage-de-jean-baptiste-gravereau-et-marie-collinet\/\">Continuer la lecture <span class=\"meta-nav\">&rarr;<\/span><\/a><\/p>\n","protected":false},"author":1,"featured_media":0,"parent":763,"menu_order":0,"comment_status":"closed","ping_status":"closed","template":"","meta":{"ngg_post_thumbnail":0,"jetpack_post_was_ever_published":false,"footnotes":""},"class_list":["post-770","page","type-page","status-publish","hentry"],"jetpack_sharing_enabled":true,"jetpack_shortlink":"https:\/\/wp.me\/P7ERyi-cq","jetpack-related-posts":[{"id":851,"url":"https:\/\/lesgravereaux.marret.co\/index.php\/jules-gravereaux\/jules-gravereaux-ses-ancetres\/jean-narcisse-mathurin-gravereaux\/le-mariage-de-jean-narcisse-mathurin-gravereaux-et-de-marie-gervais\/","url_meta":{"origin":770,"position":0},"title":"Le mariage de Jean Narcisse Mathurin Gravereaux et de Marie Gervais","author":"marretgravereaux","date":"11 mars 2016","format":false,"excerpt":"\u00ab\u00a0L An mil huit cent vingt neuf le dix sept f\u00e9vrier heure de midi, Pardevant nous Dominique Louis Sassey adjoint au Maire de la Commune de Vitry-sur-Seine, faisant les fonctions d'officier public de l'\u00e9tat civil : Sont comparus les Sieurs Gravereaux Jean Narcisse Mathurin menuisier domicili\u00e9 \u00e0 Vitry, y n\u00e9\u2026","rel":"","context":"Article similaire","block_context":{"text":"Article similaire","link":""},"img":{"alt_text":"1829-02-17 GRAVEREAUX-GERVAIS - Mariage_wp","src":"https:\/\/i0.wp.com\/marret.co\/wp-content\/uploads\/2016\/03\/1829-02-17-GRAVEREAUX-GERVAIS-Mariage_wp-664x1024.jpg?resize=350%2C200","width":350,"height":200},"classes":[]},{"id":4932,"url":"https:\/\/lesgravereaux.marret.co\/index.php\/jean-claude-pascal\/jean-claude-pascal-le-chanteur\/nous-les-amoureux\/","url_meta":{"origin":770,"position":1},"title":"Nous les amoureux","author":"marretgravereaux","date":"18 septembre 2016","format":false,"excerpt":"Le premier disque de Jean-Claude Pascal D\u00e9j\u00e0 (La Voix de son Ma\u00eetre\u00a0 \/ Path\u00e9-Marconi), daterait de 1955; mais c\u2019est six ans plus tard que sa carri\u00e8re s\u2019envole\u2026 Le Concours Eurovision de la chanson 1961 a lieu \u00e0 Cannes, dans le Palais des Festivals, le samedi 18 mars et seize pays\u2026","rel":"","context":"Article similaire","block_context":{"text":"Article similaire","link":""},"img":{"alt_text":"Partition - Nous les amoureux wp","src":"https:\/\/i0.wp.com\/lesgravereaux.marret.co\/wp-content\/uploads\/2016\/05\/Partition-Nous-les-amoureux-wp-796x1024.jpg?resize=350%2C200","width":350,"height":200},"classes":[]},{"id":581,"url":"https:\/\/lesgravereaux.marret.co\/index.php\/jules-gravereaux\/portraits-de-jules-gravereaux\/le-buste-de-jules-gravereaux\/le-buste-de-jules-gravereaux-sa-renaissance\/","url_meta":{"origin":770,"position":2},"title":"Le buste de Jules Gravereaux &#8211; sa renaissance","author":"marretgravereaux","date":"7 mars 2016","format":false,"excerpt":"Petite histoire du buste... par\u00a0Jean-Gilles Engerrand ancien pr\u00e9sident des Amis du vieux L'Ha\u00ff Photos\u00a0: Association des Amis du Vieux L'Ha\u00ff \u00ab\u00a0\u00c0 l'origine, le buste de Jules Gravereaux se trouvait sur une st\u00e8le au fond de ce que l'on nomme aujourd'hui le parking du square Allende. \u00c0 cet endroit, tous les\u2026","rel":"","context":"Article similaire","block_context":{"text":"Article similaire","link":""},"img":{"alt_text":"1914 Carillon, Rene - Buste de Jules Gravereaux avant restauration_wp","src":"https:\/\/i0.wp.com\/marret.co\/wp-content\/uploads\/2016\/03\/1914-Carillon-Rene-Buste-de-Jules-Gravereaux-avant-restauration_wp.jpg?resize=350%2C200","width":350,"height":200},"classes":[]},{"id":853,"url":"https:\/\/lesgravereaux.marret.co\/index.php\/jules-gravereaux\/jules-gravereaux-ses-ancetres\/jean-narcisse-mathurin-gravereaux\/le-deces-de-jean-narcisse-mathurin-gravereaux\/","url_meta":{"origin":770,"position":3},"title":"Le d\u00e9c\u00e8s de Jean Narcisse Mathurin Gravereaux","author":"marretgravereaux","date":"11 mars 2016","format":false,"excerpt":"\u00ab\u00a0Du dix neuf D\u00e9cembre mil huit cent soixante dix neuf \u00e0 deux heures et demie du matin, acte de d\u00e9c\u00e8s de\u00a0Jean, Narcisse, Mathurin, Gravereaux\u00a0\u00e2g\u00e9 de soixante treize ans, Propri\u00e9taire, n\u00e9 \u00e0 Vitry y d\u00e9c\u00e9d\u00e9 aujourd'hui \u00e0 onze heures du matin, rue Saint Aubin n\u00b09, son domicile, \u00c9poux de Marie, Henriette,\u2026","rel":"","context":"Article similaire","block_context":{"text":"Article similaire","link":""},"img":{"alt_text":"1879-12-19 GRAVEREAUX, Jean Narcisse Mathurin - Deces_wp","src":"https:\/\/i0.wp.com\/marret.co\/wp-content\/uploads\/2016\/03\/1879-12-19-GRAVEREAUX-Jean-Narcisse-Mathurin-Deces_wp-1024x858.jpg?resize=350%2C200","width":350,"height":200},"classes":[]},{"id":1595,"url":"https:\/\/lesgravereaux.marret.co\/index.php\/571-2\/17-juin-1906-la-fete-des-rosati\/","url_meta":{"origin":770,"position":4},"title":"17 juin 1906 &#8211; La f\u00eate des Rosati","author":"marretgravereaux","date":"20 avril 2016","format":false,"excerpt":"En 1905, Jules Gravereaux rencontre les Rosati et se lie d\u2019amiti\u00e9 avec eux. Comme ceux-ci ne disposent pas de lieu de repr\u00e9sentation, il d\u00e9cide de faire construire un th\u00e9\u00e2tre de verdure dans la roseraie et de l\u2019inaugurer lors de leur f\u00eate annuelle. Le 17 juin 1906, les Rosati se retrouvent\u2026","rel":"","context":"Article similaire","block_context":{"text":"Article similaire","link":""},"img":{"alt_text":"Java Printing","src":"https:\/\/i0.wp.com\/lesgravereaux.marret.co\/wp-content\/uploads\/2016\/04\/1906-06-16-Le-Petit-Parisien_wp.jpg?resize=350%2C200","width":350,"height":200},"classes":[]},{"id":722,"url":"https:\/\/lesgravereaux.marret.co\/index.php\/jules-gravereaux\/des-evenements-de-sa-vie\/jules-gravereaux-son-mariage\/","url_meta":{"origin":770,"position":5},"title":"Jules Gravereaux &#8211; son mariage","author":"marretgravereaux","date":"8 mars 2016","format":false,"excerpt":"\u00ab\u00a0Du Samedi neuf Ao\u00fbt mil huit cent soixante treize, onze heures du matin En la Mairie du Neuvi\u00e8me arrondissement de Paris. Acte de Mariage de : Jules GRAVEREAUX, employ\u00e9 de commerce, \u00e2g\u00e9 de vingt-neuf ans, n\u00e9 \u00e0 Vitry sur Seine (Seine) le premier Mai mil huit cent quarante-quatre, demeurant rue\u2026","rel":"","context":"Article similaire","block_context":{"text":"Article similaire","link":""},"img":{"alt_text":"Flash","src":"https:\/\/i0.wp.com\/marret.co\/wp-content\/uploads\/2016\/03\/1873-08-09-Gravereaux-Jules-Thuillier-AMP_wp-701x1024.jpg?resize=350%2C200","width":350,"height":200},"classes":[]}],"_links":{"self":[{"href":"https:\/\/lesgravereaux.marret.co\/index.php\/wp-json\/wp\/v2\/pages\/770","targetHints":{"allow":["GET"]}}],"collection":[{"href":"https:\/\/lesgravereaux.marret.co\/index.php\/wp-json\/wp\/v2\/pages"}],"about":[{"href":"https:\/\/lesgravereaux.marret.co\/index.php\/wp-json\/wp\/v2\/types\/page"}],"author":[{"embeddable":true,"href":"https:\/\/lesgravereaux.marret.co\/index.php\/wp-json\/wp\/v2\/users\/1"}],"replies":[{"embeddable":true,"href":"https:\/\/lesgravereaux.marret.co\/index.php\/wp-json\/wp\/v2\/comments?post=770"}],"version-history":[{"count":0,"href":"https:\/\/lesgravereaux.marret.co\/index.php\/wp-json\/wp\/v2\/pages\/770\/revisions"}],"up":[{"embeddable":true,"href":"https:\/\/lesgravereaux.marret.co\/index.php\/wp-json\/wp\/v2\/pages\/763"}],"wp:attachment":[{"href":"https:\/\/lesgravereaux.marret.co\/index.php\/wp-json\/wp\/v2\/media?parent=770"}],"curies":[{"name":"wp","href":"https:\/\/api.w.org\/{rel}","templated":true}]}}