{"id":763,"date":"2016-03-09T17:20:57","date_gmt":"2016-03-09T16:20:57","guid":{"rendered":"http:\/\/marret.co\/?page_id=763"},"modified":"2017-07-01T16:36:18","modified_gmt":"2017-07-01T15:36:18","slug":"jean-baptiste-gravereau","status":"publish","type":"page","link":"https:\/\/lesgravereaux.marret.co\/index.php\/jules-gravereaux\/jules-gravereaux-ses-ancetres\/jean-baptiste-gravereau\/","title":{"rendered":"Jean-Baptiste Gravereau"},"content":{"rendered":"<p>Fils de Jean Gravereau, Jean Baptiste Gravereau est probablement n\u00e9 dans le Libournais (peut-\u00eatre \u00e0 Prignac-et-Marcamps) en 1733. Il se serait install\u00e9 vers 1750 \u00e0 Vitry-sur-Seine, y travaillant comme menuisier.<\/p>\n<p>Le 7 juillet 1766, <a href=\"https:\/\/lesgravereaux.marret.co\/index.php\/jules-gravereaux\/jules-gravereaux-ses-ancetres\/jean-baptiste-gravereau\/le-mariage-de-jean-baptiste-gravereau-et-marie-collinet\/\">il \u00e9pouse Marie Collinet <\/a>\u00e0 l&rsquo;\u00e9glise Saint-Germain de Vitry-sur-Seine<\/p>\n<p>Ils eurent trois enfants&nbsp;:<\/p>\n<ul>\n<li>Charles Jean Baptiste, n\u00e9 le 23&nbsp;janvier 1767, \u00e0 Vitry-sur-Seine .<\/li>\n<li>Jean Baptiste Honor\u00e9, n\u00e9 le 2&nbsp;janvier 1768, \u00e0 Vitry-sur-Seine et d\u00e9c\u00e9d\u00e9, au m\u00eame endroit,&nbsp;le 5 octobre 1774.<\/li>\n<li>Germain S\u00e9bastien, n\u00e9 le 7&nbsp;f\u00e9vrier 1770, \u00e0 Vitry-sur-Seine . Il y a \u00e9pous\u00e9 Marie Marguerite Quenault, le&nbsp;3&nbsp;thermidor an&nbsp;V (21 juillet 1797). Germain S\u00e9bastien est d\u00e9c\u00e9d\u00e9 \u00e0 Vitry-sur-Seine, le 11 f\u00e9vrier 1856.<\/li>\n<\/ul>\n<p>Jean Baptiste Gravereaux est <a href=\"https:\/\/lesgravereaux.marret.co\/index.php\/jules-gravereaux\/jules-gravereaux-ses-ancetres\/jean-baptiste-gravereau\/le-deces-de-jean-baptiste-gravereau\/\">d\u00e9c\u00e9d\u00e9 \u00e0 Vitry-sur-Seine<\/a>, le 14 ao\u00fbt 1771 et il fut inhum\u00e9 le lendemain dans le cimeti\u00e8re local.<\/p>\n<p>Marie Collinet est devenue veuve alors qu&rsquo;elle n&rsquo;avait que vingt-sept ans. Elle s&rsquo;est remari\u00e9e, deux mois apr\u00e8s, avec Jean Vayres, dont elle a eu une fille, Marie-Jeanne, en 1774.<\/p>\n","protected":false},"excerpt":{"rendered":"<p>Fils de Jean Gravereau, Jean Baptiste Gravereau est probablement n\u00e9 dans le Libournais (peut-\u00eatre \u00e0 Prignac-et-Marcamps) en 1733. Il se serait install\u00e9 vers 1750 \u00e0 Vitry-sur-Seine, y travaillant comme menuisier. Le 7 juillet 1766, il \u00e9pouse Marie Collinet \u00e0 l&rsquo;\u00e9glise &hellip; <a href=\"https:\/\/lesgravereaux.marret.co\/index.php\/jules-gravereaux\/jules-gravereaux-ses-ancetres\/jean-baptiste-gravereau\/\">Continuer la lecture <span class=\"meta-nav\">&rarr;<\/span><\/a><\/p>\n","protected":false},"author":1,"featured_media":0,"parent":815,"menu_order":0,"comment_status":"closed","ping_status":"closed","template":"","meta":{"ngg_post_thumbnail":0,"jetpack_post_was_ever_published":false,"footnotes":""},"class_list":["post-763","page","type-page","status-publish","hentry"],"jetpack_sharing_enabled":true,"jetpack_shortlink":"https:\/\/wp.me\/P7ERyi-cj","jetpack-related-posts":[{"id":787,"url":"https:\/\/lesgravereaux.marret.co\/index.php\/jules-gravereaux\/jules-gravereaux-ses-ancetres\/germain-sebastien-graverot\/","url_meta":{"origin":763,"position":0},"title":"Germain S\u00e9bastien Graverot","author":"marretgravereaux","date":"10 mars 2016","format":false,"excerpt":"Germain S\u00e9bastien Graverot est n\u00e9 \u00e0 Vitry-sur-Seine, le 7 f\u00e9vrier 1770. Tout comme son p\u00e8re, Jean Baptiste Gravereau, il travaille comme menuisier. Le 21 juillet 1797, il \u00e9pouse Marie Marguerite Quenault, \u00e0 Vitry-sur-Seine. Ils eurent onze enfants : Marie Marguerite, n\u00e9e le 19 messidor an VI (7 juillet 1798) et\u2026","rel":"","context":"Article similaire","block_context":{"text":"Article similaire","link":""},"img":{"alt_text":"","src":"","width":0,"height":0},"classes":[]},{"id":829,"url":"https:\/\/lesgravereaux.marret.co\/index.php\/jules-gravereaux\/jules-gravereaux-ses-ancetres\/jean-narcisse-mathurin-gravereaux\/","url_meta":{"origin":763,"position":1},"title":"Jean Narcisse Mathurin Gravereaux","author":"marretgravereaux","date":"11 mars 2016","format":false,"excerpt":"Jean-Narcisse Mathurin Gravereaux est n\u00e9 \u00e0 Vitry-sur-Seine, le 14 f\u00e9vrier 1806. Tout comme son p\u00e8re, Germain S\u00e9bastien Graverot, \u00a0il travaille comme menuisier. Le 17 f\u00e9vrier 1829, il \u00e9pouse, \u00e0 Vitry-sur-Seine, Marie Henriette Gervais. Ils eurent sept enfants. Malheureusement, les trois premiers moururent \u00e0 l\u2019accouchement. Puis vinrent\u00a0: D\u00e9sir\u00e9e Henriette Marie, n\u00e9e\u2026","rel":"","context":"Article similaire","block_context":{"text":"Article similaire","link":""},"img":{"alt_text":"","src":"","width":0,"height":0},"classes":[]},{"id":845,"url":"https:\/\/lesgravereaux.marret.co\/index.php\/jules-gravereaux\/jules-gravereaux-ses-ancetres\/germain-sebastien-graverot\/le-deces-de-germain-sebastien-graverot\/","url_meta":{"origin":763,"position":2},"title":"Le d\u00e9c\u00e8s de Germain S\u00e9bastien Gravereaux","author":"marretgravereaux","date":"11 mars 2016","format":false,"excerpt":"\u00ab\u00a0L'An mil huit cent cinquante six, le onze f\u00e9vrier onze heures du matin, acte de d\u00e9c\u00e8s de Germain, S\u00e9bastien, Gravereaux,\u00a0sans profession, ag\u00e9 de quatre vingt six ans, n\u00e9 \u00e0 Vitry-sur-Seine le sept f\u00e9vrier mil sept cent soixante dix, y d\u00e9c\u00e9d\u00e9, le onze \u00e0 dix heures du soir, en son domicile\u2026","rel":"","context":"Article similaire","block_context":{"text":"Article similaire","link":""},"img":{"alt_text":"1856-02-11 GRAVEREAUX, Germain Sebastien - Deces_wp","src":"https:\/\/i0.wp.com\/marret.co\/wp-content\/uploads\/2016\/03\/1856-02-11-GRAVEREAUX-Germain-Sebastien-Deces_wp-1024x912.jpg?resize=350%2C200","width":350,"height":200},"classes":[]},{"id":842,"url":"https:\/\/lesgravereaux.marret.co\/index.php\/jules-gravereaux\/jules-gravereaux-ses-ancetres\/germain-sebastien-graverot\/le-mariage-de-germain-sebastien-graverot-et-de-marie-marguerite-quenault\/","url_meta":{"origin":763,"position":3},"title":"Le mariage de Germain S\u00e9bastien Graverot et de Marie-Marguerite Quenault","author":"marretgravereaux","date":"11 mars 2016","format":false,"excerpt":"\u00ab\u00a0Le troy thermidor En cinque de la republique francaise une et indivisible acte de mariage de jermain S\u00e9bastien Gravelot menuisier demeurent dent cette commune rue de la petite fontaine n\u00b02 ag\u00e9 de vingt huit ans Sixmois fils de jean baptiste gravelot d\u00e9c\u00e9d\u00e9 a la commune de Vitry le quinze aoux\u2026","rel":"","context":"Article similaire","block_context":{"text":"Article similaire","link":""},"img":{"alt_text":"1797-07-21 Gravereaux, Quenault - Mariage2_wp","src":"https:\/\/i0.wp.com\/marret.co\/wp-content\/uploads\/2016\/03\/1797-07-21-Gravereaux-Quenault-Mariage2_wp-490x1024.jpg?resize=350%2C200","width":350,"height":200},"classes":[]},{"id":645,"url":"https:\/\/lesgravereaux.marret.co\/index.php\/la-famille-gravereaux\/","url_meta":{"origin":763,"position":4},"title":"La famille Gravereaux","author":"marretgravereaux","date":"7 mars 2016","format":false,"excerpt":"Les origines de Gravereaux \u2013et de ses ascendants \u2013 ne sont pas encore connues. On sait seulement que son arri\u00e8re grand-p\u00e8re, Jean Baptiste GRAVEREAU est probablement n\u00e9 dans le Libournais (peut-\u00eatre \u00e0 Prignac-et-Marcamps) en 1733 et qu\u2019il se serait install\u00e9 vers 1750 \u00e0 Vitry-sur-Seine, y travaillant comme menuisier. Si les\u2026","rel":"","context":"Article similaire","block_context":{"text":"Article similaire","link":""},"img":{"alt_text":"Album Jules Gravereaux - pA-02 (Vitry 1889) _wp","src":"https:\/\/i0.wp.com\/marret.co\/wp-content\/uploads\/2016\/03\/Album-Jules-Gravereaux-pA-02-Vitry-1889-_wp.jpg?resize=350%2C200","width":350,"height":200},"classes":[]},{"id":851,"url":"https:\/\/lesgravereaux.marret.co\/index.php\/jules-gravereaux\/jules-gravereaux-ses-ancetres\/jean-narcisse-mathurin-gravereaux\/le-mariage-de-jean-narcisse-mathurin-gravereaux-et-de-marie-gervais\/","url_meta":{"origin":763,"position":5},"title":"Le mariage de Jean Narcisse Mathurin Gravereaux et de Marie Gervais","author":"marretgravereaux","date":"11 mars 2016","format":false,"excerpt":"\u00ab\u00a0L An mil huit cent vingt neuf le dix sept f\u00e9vrier heure de midi, Pardevant nous Dominique Louis Sassey adjoint au Maire de la Commune de Vitry-sur-Seine, faisant les fonctions d'officier public de l'\u00e9tat civil : Sont comparus les Sieurs Gravereaux Jean Narcisse Mathurin menuisier domicili\u00e9 \u00e0 Vitry, y n\u00e9\u2026","rel":"","context":"Article similaire","block_context":{"text":"Article similaire","link":""},"img":{"alt_text":"1829-02-17 GRAVEREAUX-GERVAIS - Mariage_wp","src":"https:\/\/i0.wp.com\/marret.co\/wp-content\/uploads\/2016\/03\/1829-02-17-GRAVEREAUX-GERVAIS-Mariage_wp-664x1024.jpg?resize=350%2C200","width":350,"height":200},"classes":[]}],"_links":{"self":[{"href":"https:\/\/lesgravereaux.marret.co\/index.php\/wp-json\/wp\/v2\/pages\/763","targetHints":{"allow":["GET"]}}],"collection":[{"href":"https:\/\/lesgravereaux.marret.co\/index.php\/wp-json\/wp\/v2\/pages"}],"about":[{"href":"https:\/\/lesgravereaux.marret.co\/index.php\/wp-json\/wp\/v2\/types\/page"}],"author":[{"embeddable":true,"href":"https:\/\/lesgravereaux.marret.co\/index.php\/wp-json\/wp\/v2\/users\/1"}],"replies":[{"embeddable":true,"href":"https:\/\/lesgravereaux.marret.co\/index.php\/wp-json\/wp\/v2\/comments?post=763"}],"version-history":[{"count":0,"href":"https:\/\/lesgravereaux.marret.co\/index.php\/wp-json\/wp\/v2\/pages\/763\/revisions"}],"up":[{"embeddable":true,"href":"https:\/\/lesgravereaux.marret.co\/index.php\/wp-json\/wp\/v2\/pages\/815"}],"wp:attachment":[{"href":"https:\/\/lesgravereaux.marret.co\/index.php\/wp-json\/wp\/v2\/media?parent=763"}],"curies":[{"name":"wp","href":"https:\/\/api.w.org\/{rel}","templated":true}]}}