{"id":722,"date":"2016-03-08T17:33:22","date_gmt":"2016-03-08T16:33:22","guid":{"rendered":"http:\/\/marret.co\/?page_id=722"},"modified":"2016-06-12T16:50:01","modified_gmt":"2016-06-12T15:50:01","slug":"jules-gravereaux-son-mariage","status":"publish","type":"page","link":"https:\/\/lesgravereaux.marret.co\/index.php\/jules-gravereaux\/des-evenements-de-sa-vie\/jules-gravereaux-son-mariage\/","title":{"rendered":"Jules Gravereaux &#8211; son mariage"},"content":{"rendered":"<p><em><a href=\"https:\/\/i0.wp.com\/marret.co\/wp-content\/uploads\/2016\/03\/1873-08-09-Gravereaux-Jules-Thuillier-AMP_wp.jpg\" rel=\"attachment wp-att-718\"><img data-recalc-dims=\"1\" loading=\"lazy\" decoding=\"async\" data-attachment-id=\"718\" data-permalink=\"https:\/\/lesgravereaux.marret.co\/index.php\/jules-gravereaux\/des-evenements-de-sa-vie\/jules-gravereaux-son-mariage\/flash\/\" data-orig-file=\"https:\/\/i0.wp.com\/lesgravereaux.marret.co\/wp-content\/uploads\/2016\/03\/1873-08-09-Gravereaux-Jules-Thuillier-AMP_wp.jpg?fit=1575%2C2302&amp;ssl=1\" data-orig-size=\"1575,2302\" data-comments-opened=\"1\" data-image-meta=\"{&quot;aperture&quot;:&quot;0&quot;,&quot;credit&quot;:&quot;Jean-Luc&quot;,&quot;camera&quot;:&quot;&quot;,&quot;caption&quot;:&quot;&quot;,&quot;created_timestamp&quot;:&quot;0&quot;,&quot;copyright&quot;:&quot;&quot;,&quot;focal_length&quot;:&quot;0&quot;,&quot;iso&quot;:&quot;0&quot;,&quot;shutter_speed&quot;:&quot;0&quot;,&quot;title&quot;:&quot;Flash&quot;,&quot;orientation&quot;:&quot;1&quot;}\" data-image-title=\"Flash\" data-image-description=\"\" data-image-caption=\"\" data-medium-file=\"https:\/\/i0.wp.com\/lesgravereaux.marret.co\/wp-content\/uploads\/2016\/03\/1873-08-09-Gravereaux-Jules-Thuillier-AMP_wp.jpg?fit=205%2C300&amp;ssl=1\" data-large-file=\"https:\/\/i0.wp.com\/lesgravereaux.marret.co\/wp-content\/uploads\/2016\/03\/1873-08-09-Gravereaux-Jules-Thuillier-AMP_wp.jpg?fit=640%2C935&amp;ssl=1\" class=\"wp-image-718 alignright\" src=\"https:\/\/i0.wp.com\/marret.co\/wp-content\/uploads\/2016\/03\/1873-08-09-Gravereaux-Jules-Thuillier-AMP_wp-701x1024.jpg?resize=400%2C584\" alt=\"Flash\" width=\"400\" height=\"584\" data-wp-pid=\"718\" srcset=\"https:\/\/i0.wp.com\/lesgravereaux.marret.co\/wp-content\/uploads\/2016\/03\/1873-08-09-Gravereaux-Jules-Thuillier-AMP_wp.jpg?resize=701%2C1024&amp;ssl=1 701w, https:\/\/i0.wp.com\/lesgravereaux.marret.co\/wp-content\/uploads\/2016\/03\/1873-08-09-Gravereaux-Jules-Thuillier-AMP_wp.jpg?resize=205%2C300&amp;ssl=1 205w, https:\/\/i0.wp.com\/lesgravereaux.marret.co\/wp-content\/uploads\/2016\/03\/1873-08-09-Gravereaux-Jules-Thuillier-AMP_wp.jpg?resize=768%2C1122&amp;ssl=1 768w, https:\/\/i0.wp.com\/lesgravereaux.marret.co\/wp-content\/uploads\/2016\/03\/1873-08-09-Gravereaux-Jules-Thuillier-AMP_wp.jpg?resize=800%2C1169&amp;ssl=1 800w, https:\/\/i0.wp.com\/lesgravereaux.marret.co\/wp-content\/uploads\/2016\/03\/1873-08-09-Gravereaux-Jules-Thuillier-AMP_wp.jpg?resize=411%2C600&amp;ssl=1 411w, https:\/\/i0.wp.com\/lesgravereaux.marret.co\/wp-content\/uploads\/2016\/03\/1873-08-09-Gravereaux-Jules-Thuillier-AMP_wp.jpg?w=1575&amp;ssl=1 1575w, https:\/\/i0.wp.com\/lesgravereaux.marret.co\/wp-content\/uploads\/2016\/03\/1873-08-09-Gravereaux-Jules-Thuillier-AMP_wp.jpg?w=1280&amp;ssl=1 1280w\" sizes=\"auto, (max-width: 400px) 100vw, 400px\" \/><\/a>\u00ab\u00a0Du Samedi neuf Ao\u00fbt mil huit cent soixante treize, onze heures du matin En la Mairie du Neuvi\u00e8me arrondissement de Paris.<\/em><\/p>\n<p><em>Acte de Mariage de : Jules GRAVEREAUX, employ\u00e9 de commerce, \u00e2g\u00e9 de vingt-neuf ans, n\u00e9 \u00e0 Vitry sur Seine (Seine) le premier Mai mil huit cent quarante-quatre, demeurant rue de Seine 91, majeur fils de Jean Narcisse Mathurin Gravereaux, propri\u00e9taire et de Marie Henriette Gervais, son \u00e9pouse, demeurant \u00e0 Vitry, pr\u00e9sents et consentants<\/em><\/p>\n<p><em>Et de Laure Marie Alexandrine THUILLIER, sans profession, \u00e2g\u00e9e de vingt ans, n\u00e9e \u00e0 Paris le trente D\u00e9cembre mil huit cent cinquante deux, demeurant \u00e0 Paris avec ses p\u00e8re et m\u00e8re rue du faubg Montmartre 63, mineure fille de Alexis Eug\u00e8ne Thuillier tr\u00e9sorier de la Soci\u00e9t\u00e9 des artistes dramatiques et de Philiberte H\u00e9lo\u00efse Gautier son \u00e9pouse pr\u00e9sents et consentants lesquels nous attestent l\u2019exactitude des \u00e9nonciations ci-dessous relatives \u00e0 la naissance et \u00e0 la filiation de la future<\/em><\/p>\n<p><em>Nous Jean Jacques Alfred Dutartre adjoint au Maire<\/em><\/p>\n<p><em>Vu l\u2019acte de naissance du futur l\u2019acte de bapt\u00eame de la future lui tenant lieu d\u2019acte de naissance les actes des publications faites en cette Mairie et en celle du sixi\u00e8me arrondissement de Paris les dimanches six et treize Juillet dernier sans opposition<\/em><\/p>\n<p><em>Les futurs et leurs parents nous ont d\u00e9clar\u00e9 qu\u2019il n\u2019a pas \u00e9t\u00e9 fait de contrat de mariage<\/em><\/p>\n<p><em>Apr\u00e8s avoir donn\u00e9 lecture aux parties comparantes du chapitre six du Code Civil titre du mariage des pi\u00e8ces sus-\u00e9nonc\u00e9es d\u00fbment sign\u00e9es et paraph\u00e9es pour rester d\u00e9pos\u00e9es aux Archives de l\u2019\u00c9tat Civil avons demand\u00e9 aux futurs s\u2019ils veulent se prendre pour mari et femme et Chacun d\u2019eux ayant r\u00e9pondu s\u00e9par\u00e9ment et affirmativement<\/em><\/p>\n<p><em>Avons prononc\u00e9 au nom de la loi que Jules Gravereaux et Laure Marie Alexandrine Thuillier sont unis en mariage [\u2026] ce que dessus fait publiquement et en pr\u00e9sence de MM. Louis Levasseur propri\u00e9taire, \u00e2g\u00e9 de cinquante six ans demeurant \u00e0 Vitry (Seine) oncle de l\u2019\u00e9poux, Cyr Fran\u00e7ois Gervais, propri\u00e9taire, \u00e2g\u00e9 de soixante cinq ans, demeurant \u00e0 Vitry oncle de l\u2019\u00e9poux Isidore Justin S\u00e9verin baron Taylor, ancien s\u00e9nateur membre de l\u2019Institut, commandeur de la l\u00e9gion d\u2019honneur \u00e2g\u00e9 de quatre-vingt quatre ans, demeurant rue de Bondy 68, Hugues D\u00e9sir\u00e9 Marie Bouff\u00e9 artiste dramatique \u00e2g\u00e9 de soixante douze ans demeurant rue Lafontaine 16, lesquels ont sign\u00e9 avec les \u00e9poux parents et nous Maire apr\u00e8s lecture faite, le t\u00e9moin Bouff\u00e9, oncle de l\u2019\u00e9pouse Thuillier\u00a0\u00bb<\/em><\/p>\n<p style=\"text-align: right;\"><span style=\"font-size: 10pt;\">Source : Archives municipales de Paris<\/span><\/p>\n","protected":false},"excerpt":{"rendered":"<p>\u00ab\u00a0Du Samedi neuf Ao\u00fbt mil huit cent soixante treize, onze heures du matin En la Mairie du Neuvi\u00e8me arrondissement de Paris. Acte de Mariage de : Jules GRAVEREAUX, employ\u00e9 de commerce, \u00e2g\u00e9 de vingt-neuf ans, n\u00e9 \u00e0 Vitry sur Seine &hellip; <a href=\"https:\/\/lesgravereaux.marret.co\/index.php\/jules-gravereaux\/des-evenements-de-sa-vie\/jules-gravereaux-son-mariage\/\">Continuer la lecture <span class=\"meta-nav\">&rarr;<\/span><\/a><\/p>\n","protected":false},"author":1,"featured_media":0,"parent":801,"menu_order":0,"comment_status":"closed","ping_status":"closed","template":"","meta":{"ngg_post_thumbnail":0,"jetpack_post_was_ever_published":false,"footnotes":""},"class_list":["post-722","page","type-page","status-publish","hentry"],"jetpack_sharing_enabled":true,"jetpack_shortlink":"https:\/\/wp.me\/P7ERyi-bE","jetpack-related-posts":[{"id":724,"url":"https:\/\/lesgravereaux.marret.co\/index.php\/jules-gravereaux\/des-evenements-de-sa-vie\/jules-gravereaux-son-deces\/","url_meta":{"origin":722,"position":0},"title":"Jules Gravereaux &#8211; son d\u00e9c\u00e8s","author":"marretgravereaux","date":"8 mars 2016","format":false,"excerpt":"\u00a0 \u00ab\u00a0Le vingt-trois Mars mil neuf cent seize, dix heures et demie du matin est d\u00e9c\u00e9d\u00e9 en son domicile 4\u00a0Avenue de Villars\u00a0: Jules, Gravereaux, propri\u00e9taire, officier de la L\u00e9gion d'honneur, n\u00e9 \u00e0 Vitry-sur-Seine (Seine) le premier mai mil huit cent quarante quatre; fils de Jean-Narcisse, Gravereaux et de Marie, Henriette,\u2026","rel":"","context":"Article similaire","block_context":{"text":"Article similaire","link":""},"img":{"alt_text":"1916-03-24 Gravereaux, Jules - Deces (AMP)_wp","src":"https:\/\/i0.wp.com\/marret.co\/wp-content\/uploads\/2016\/03\/1916-03-24-Gravereaux-Jules-Deces-AMP_wp-1024x425.jpg?resize=350%2C200","width":350,"height":200},"classes":[]},{"id":851,"url":"https:\/\/lesgravereaux.marret.co\/index.php\/jules-gravereaux\/jules-gravereaux-ses-ancetres\/jean-narcisse-mathurin-gravereaux\/le-mariage-de-jean-narcisse-mathurin-gravereaux-et-de-marie-gervais\/","url_meta":{"origin":722,"position":1},"title":"Le mariage de Jean Narcisse Mathurin Gravereaux et de Marie Gervais","author":"marretgravereaux","date":"11 mars 2016","format":false,"excerpt":"\u00ab\u00a0L An mil huit cent vingt neuf le dix sept f\u00e9vrier heure de midi, Pardevant nous Dominique Louis Sassey adjoint au Maire de la Commune de Vitry-sur-Seine, faisant les fonctions d'officier public de l'\u00e9tat civil : Sont comparus les Sieurs Gravereaux Jean Narcisse Mathurin menuisier domicili\u00e9 \u00e0 Vitry, y n\u00e9\u2026","rel":"","context":"Article similaire","block_context":{"text":"Article similaire","link":""},"img":{"alt_text":"1829-02-17 GRAVEREAUX-GERVAIS - Mariage_wp","src":"https:\/\/i0.wp.com\/marret.co\/wp-content\/uploads\/2016\/03\/1829-02-17-GRAVEREAUX-GERVAIS-Mariage_wp-664x1024.jpg?resize=350%2C200","width":350,"height":200},"classes":[]},{"id":845,"url":"https:\/\/lesgravereaux.marret.co\/index.php\/jules-gravereaux\/jules-gravereaux-ses-ancetres\/germain-sebastien-graverot\/le-deces-de-germain-sebastien-graverot\/","url_meta":{"origin":722,"position":2},"title":"Le d\u00e9c\u00e8s de Germain S\u00e9bastien Gravereaux","author":"marretgravereaux","date":"11 mars 2016","format":false,"excerpt":"\u00ab\u00a0L'An mil huit cent cinquante six, le onze f\u00e9vrier onze heures du matin, acte de d\u00e9c\u00e8s de Germain, S\u00e9bastien, Gravereaux,\u00a0sans profession, ag\u00e9 de quatre vingt six ans, n\u00e9 \u00e0 Vitry-sur-Seine le sept f\u00e9vrier mil sept cent soixante dix, y d\u00e9c\u00e9d\u00e9, le onze \u00e0 dix heures du soir, en son domicile\u2026","rel":"","context":"Article similaire","block_context":{"text":"Article similaire","link":""},"img":{"alt_text":"1856-02-11 GRAVEREAUX, Germain Sebastien - Deces_wp","src":"https:\/\/i0.wp.com\/marret.co\/wp-content\/uploads\/2016\/03\/1856-02-11-GRAVEREAUX-Germain-Sebastien-Deces_wp-1024x912.jpg?resize=350%2C200","width":350,"height":200},"classes":[]},{"id":853,"url":"https:\/\/lesgravereaux.marret.co\/index.php\/jules-gravereaux\/jules-gravereaux-ses-ancetres\/jean-narcisse-mathurin-gravereaux\/le-deces-de-jean-narcisse-mathurin-gravereaux\/","url_meta":{"origin":722,"position":3},"title":"Le d\u00e9c\u00e8s de Jean Narcisse Mathurin Gravereaux","author":"marretgravereaux","date":"11 mars 2016","format":false,"excerpt":"\u00ab\u00a0Du dix neuf D\u00e9cembre mil huit cent soixante dix neuf \u00e0 deux heures et demie du matin, acte de d\u00e9c\u00e8s de\u00a0Jean, Narcisse, Mathurin, Gravereaux\u00a0\u00e2g\u00e9 de soixante treize ans, Propri\u00e9taire, n\u00e9 \u00e0 Vitry y d\u00e9c\u00e9d\u00e9 aujourd'hui \u00e0 onze heures du matin, rue Saint Aubin n\u00b09, son domicile, \u00c9poux de Marie, Henriette,\u2026","rel":"","context":"Article similaire","block_context":{"text":"Article similaire","link":""},"img":{"alt_text":"1879-12-19 GRAVEREAUX, Jean Narcisse Mathurin - Deces_wp","src":"https:\/\/i0.wp.com\/marret.co\/wp-content\/uploads\/2016\/03\/1879-12-19-GRAVEREAUX-Jean-Narcisse-Mathurin-Deces_wp-1024x858.jpg?resize=350%2C200","width":350,"height":200},"classes":[]},{"id":842,"url":"https:\/\/lesgravereaux.marret.co\/index.php\/jules-gravereaux\/jules-gravereaux-ses-ancetres\/germain-sebastien-graverot\/le-mariage-de-germain-sebastien-graverot-et-de-marie-marguerite-quenault\/","url_meta":{"origin":722,"position":4},"title":"Le mariage de Germain S\u00e9bastien Graverot et de Marie-Marguerite Quenault","author":"marretgravereaux","date":"11 mars 2016","format":false,"excerpt":"\u00ab\u00a0Le troy thermidor En cinque de la republique francaise une et indivisible acte de mariage de jermain S\u00e9bastien Gravelot menuisier demeurent dent cette commune rue de la petite fontaine n\u00b02 ag\u00e9 de vingt huit ans Sixmois fils de jean baptiste gravelot d\u00e9c\u00e9d\u00e9 a la commune de Vitry le quinze aoux\u2026","rel":"","context":"Article similaire","block_context":{"text":"Article similaire","link":""},"img":{"alt_text":"1797-07-21 Gravereaux, Quenault - Mariage2_wp","src":"https:\/\/i0.wp.com\/marret.co\/wp-content\/uploads\/2016\/03\/1797-07-21-Gravereaux-Quenault-Mariage2_wp-490x1024.jpg?resize=350%2C200","width":350,"height":200},"classes":[]},{"id":849,"url":"https:\/\/lesgravereaux.marret.co\/index.php\/jules-gravereaux\/jules-gravereaux-ses-ancetres\/jean-narcisse-mathurin-gravereaux\/la-naissance-de-jean-narcisse-mathurin-gravereaux\/","url_meta":{"origin":722,"position":5},"title":"La naissance de Jean Narcisse Mathurin Gravereaux","author":"marretgravereaux","date":"11 mars 2016","format":false,"excerpt":"\u00ab\u00a0Du quinzi\u00e8me jour du mois de f\u00e9vrier de L'an mil huit cent Six, neuf heures du matin; acte de naissance de jean narcisse Mathurin, n\u00e9 hier, \u00e0 une heure du matin; fils de Germain S\u00e9bastien Gravereaux, menuisier demeurant a Vitry rue d'arnatal n\u00b0 6, et de Marie Marguerite Queneau Son\u2026","rel":"","context":"Article similaire","block_context":{"text":"Article similaire","link":""},"img":{"alt_text":"1806-02-15 GRAVEREAUX, Jean Narcisse Mathurin - Naissance_wp","src":"https:\/\/i0.wp.com\/marret.co\/wp-content\/uploads\/2016\/03\/1806-02-15-GRAVEREAUX-Jean-Narcisse-Mathurin-Naissance_wp-1024x782.jpg?resize=350%2C200","width":350,"height":200},"classes":[]}],"_links":{"self":[{"href":"https:\/\/lesgravereaux.marret.co\/index.php\/wp-json\/wp\/v2\/pages\/722","targetHints":{"allow":["GET"]}}],"collection":[{"href":"https:\/\/lesgravereaux.marret.co\/index.php\/wp-json\/wp\/v2\/pages"}],"about":[{"href":"https:\/\/lesgravereaux.marret.co\/index.php\/wp-json\/wp\/v2\/types\/page"}],"author":[{"embeddable":true,"href":"https:\/\/lesgravereaux.marret.co\/index.php\/wp-json\/wp\/v2\/users\/1"}],"replies":[{"embeddable":true,"href":"https:\/\/lesgravereaux.marret.co\/index.php\/wp-json\/wp\/v2\/comments?post=722"}],"version-history":[{"count":0,"href":"https:\/\/lesgravereaux.marret.co\/index.php\/wp-json\/wp\/v2\/pages\/722\/revisions"}],"up":[{"embeddable":true,"href":"https:\/\/lesgravereaux.marret.co\/index.php\/wp-json\/wp\/v2\/pages\/801"}],"wp:attachment":[{"href":"https:\/\/lesgravereaux.marret.co\/index.php\/wp-json\/wp\/v2\/media?parent=722"}],"curies":[{"name":"wp","href":"https:\/\/api.w.org\/{rel}","templated":true}]}}