{"id":688,"date":"2016-03-08T11:55:15","date_gmt":"2016-03-08T10:55:15","guid":{"rendered":"http:\/\/marret.co\/?page_id=688"},"modified":"2016-06-17T22:10:33","modified_gmt":"2016-06-17T21:10:33","slug":"le-deces-de-jules-gravereaux","status":"publish","type":"page","link":"https:\/\/lesgravereaux.marret.co\/index.php\/jules-gravereaux\/des-evenements-de-sa-vie\/jules-gravereaux-son-deces\/le-deces-de-jules-gravereaux\/","title":{"rendered":"Le d\u00e9c\u00e8s de Jules Gravereaux &#8211; dans la presse fran\u00e7aise"},"content":{"rendered":"<p style=\"padding-left: 30px;\"><a href=\"https:\/\/i0.wp.com\/marret.co\/wp-content\/uploads\/2016\/03\/1916-03-25-Gravereaux-Jules-Enterrement-JLM0348_wp.jpg\" rel=\"attachment wp-att-690\"><img data-recalc-dims=\"1\" loading=\"lazy\" decoding=\"async\" data-attachment-id=\"690\" data-permalink=\"https:\/\/lesgravereaux.marret.co\/index.php\/jules-gravereaux\/des-evenements-de-sa-vie\/jules-gravereaux-son-deces\/le-deces-de-jules-gravereaux\/1916-03-25-gravereaux-jules-enterrement-jlm0348_wp\/\" data-orig-file=\"https:\/\/i0.wp.com\/lesgravereaux.marret.co\/wp-content\/uploads\/2016\/03\/1916-03-25-Gravereaux-Jules-Enterrement-JLM0348_wp.jpg?fit=1575%2C1089&amp;ssl=1\" data-orig-size=\"1575,1089\" data-comments-opened=\"1\" data-image-meta=\"{&quot;aperture&quot;:&quot;0&quot;,&quot;credit&quot;:&quot;&quot;,&quot;camera&quot;:&quot;&quot;,&quot;caption&quot;:&quot;&quot;,&quot;created_timestamp&quot;:&quot;1155917964&quot;,&quot;copyright&quot;:&quot;&quot;,&quot;focal_length&quot;:&quot;0&quot;,&quot;iso&quot;:&quot;0&quot;,&quot;shutter_speed&quot;:&quot;0&quot;,&quot;title&quot;:&quot;&quot;,&quot;orientation&quot;:&quot;1&quot;}\" data-image-title=\"1916-03-25 Gravereaux, Jules &amp;#8211; Enterrement &amp;#8211; JLM0348_wp\" data-image-description=\"\" data-image-caption=\"\" data-medium-file=\"https:\/\/i0.wp.com\/lesgravereaux.marret.co\/wp-content\/uploads\/2016\/03\/1916-03-25-Gravereaux-Jules-Enterrement-JLM0348_wp.jpg?fit=300%2C207&amp;ssl=1\" data-large-file=\"https:\/\/i0.wp.com\/lesgravereaux.marret.co\/wp-content\/uploads\/2016\/03\/1916-03-25-Gravereaux-Jules-Enterrement-JLM0348_wp.jpg?fit=640%2C443&amp;ssl=1\" class=\"wp-image-690 alignright\" src=\"https:\/\/i0.wp.com\/marret.co\/wp-content\/uploads\/2016\/03\/1916-03-25-Gravereaux-Jules-Enterrement-JLM0348_wp-1024x708.jpg?resize=426%2C294\" alt=\"1916-03-25 Gravereaux, Jules - Enterrement - JLM0348_wp\" width=\"426\" height=\"294\" data-wp-pid=\"690\" srcset=\"https:\/\/i0.wp.com\/lesgravereaux.marret.co\/wp-content\/uploads\/2016\/03\/1916-03-25-Gravereaux-Jules-Enterrement-JLM0348_wp.jpg?resize=1024%2C708&amp;ssl=1 1024w, https:\/\/i0.wp.com\/lesgravereaux.marret.co\/wp-content\/uploads\/2016\/03\/1916-03-25-Gravereaux-Jules-Enterrement-JLM0348_wp.jpg?resize=300%2C207&amp;ssl=1 300w, https:\/\/i0.wp.com\/lesgravereaux.marret.co\/wp-content\/uploads\/2016\/03\/1916-03-25-Gravereaux-Jules-Enterrement-JLM0348_wp.jpg?resize=768%2C531&amp;ssl=1 768w, https:\/\/i0.wp.com\/lesgravereaux.marret.co\/wp-content\/uploads\/2016\/03\/1916-03-25-Gravereaux-Jules-Enterrement-JLM0348_wp.jpg?resize=800%2C553&amp;ssl=1 800w, https:\/\/i0.wp.com\/lesgravereaux.marret.co\/wp-content\/uploads\/2016\/03\/1916-03-25-Gravereaux-Jules-Enterrement-JLM0348_wp.jpg?resize=600%2C415&amp;ssl=1 600w, https:\/\/i0.wp.com\/lesgravereaux.marret.co\/wp-content\/uploads\/2016\/03\/1916-03-25-Gravereaux-Jules-Enterrement-JLM0348_wp.jpg?w=1575&amp;ssl=1 1575w, https:\/\/i0.wp.com\/lesgravereaux.marret.co\/wp-content\/uploads\/2016\/03\/1916-03-25-Gravereaux-Jules-Enterrement-JLM0348_wp.jpg?w=1280&amp;ssl=1 1280w\" sizes=\"auto, (max-width: 426px) 100vw, 426px\" \/><\/a><\/p>\n<p style=\"padding-left: 30px;\">Jules Gravereaux est d\u00e9c\u00e9d\u00e9 le 23 mars 1916, \u00e0 son domicile du 4, avenue de Villars.\u00a0Ses obs\u00e8ques eurent lieu deux jours plus tard, en l&rsquo;\u00e9glise Saint-Fran\u00e7ois-Xavier.<\/p>\n<p>&nbsp;<\/p>\n<p>&nbsp;<\/p>\n<p>Dans les journaux, plusieurs hommages lui furent rendus&#8230;<\/p>\n<p style=\"padding-left: 30px;\"><em>Avant-hier ont \u00e9t\u00e9, c\u00e9l\u00e9br\u00e9es, \u00e0 midi, en l&rsquo;\u00e9glise Saint-Fran\u00e7ois-Xavier, en pr\u00e9sence d&rsquo;une assistance nombreuse, les obs\u00e8ques de M.\u00a0Jules Gravereaux, ancien administrateur du Bon March\u00e9, officier de, la L\u00e9gion d\u2019honneur, dont nous avons annonc\u00e9 la mort.<\/em><\/p>\n<p style=\"padding-left: 30px;\"><em>Bien que, de son vivant, il n\u2019aim\u00e2t pas la louange et qu&rsquo;il d\u00e9sir\u00e2t partir sans bruit, on ne saurait le voir dispara\u00eetre sans l\u2019accompagner de l&rsquo;expression du regret unanime des amis des fleurs. Il fut, en effet, l\u2019ap\u00f4tre des roses. Il les aima en grand seigneur et en artiste. Il leur consacra les ann\u00e9es de sa retraite en cr\u00e9ant la fameuse roseraie de l\u2019Hay o\u00f9, sur plus de v1ngt-c1nq hectares, il avait r\u00e9uni, dans ce coin riant des environs de Paris, et dans un cadre artistique exquis, pr\u00e8s de 9,000 vari\u00e9t\u00e9s de roses, allant de la rose sauvage \u00e0 la derni\u00e8re cr\u00e9ation des p\u00e9pini\u00e9ristes. Dans le m\u00eame site, il avait group\u00e9 en deux mus\u00e9es champ\u00eatres tout ce qui avait \u00e9t\u00e9 \u00e9crit en prose ou en vers sur sa fleur aim\u00e9e.<\/em><\/p>\n<p style=\"padding-left: 30px;\"><em>L\u00e0, dans un d\u00e9cor unique, parmi l\u2019enchantement et l\u2019\u00e9closion d&rsquo;un million de roses \u00e9panouies le long des charmilles, des parterres et des plates-bandes, il avait donn\u00e9, il y a quelques ann\u00e9es, une matin\u00e9e d\u00e9licieuse, la \u00ab\u00a0Journ\u00e9e de la Rose\u00a0\u00bb. S. A. I. la grande duchesse Vladimir l&rsquo;honorait de sa pr\u00e9sence et l&rsquo;\u00e9lite des soci\u00e9t\u00e9s s\u2019y \u00e9tait donn\u00e9 rendez-vous. Les artistes les plus f\u00eat\u00e9es de Paris y apparurent, sur un th\u00e9\u00e2tre de verdure, chacune costum\u00e9e en sa rose pr\u00e9f\u00e9r\u00e9e; elles chant\u00e8rent ou r\u00e9cit\u00e8rent en l\u2019honneur de la Reine des Fleurs. Le comte Robert de Montesquiou y fit, dans un langage digne du sujet et de la journ\u00e9e, l&rsquo;histoire et l&rsquo;apologie de la Rose.<\/em><\/p>\n<p style=\"padding-left: 30px;\"><em>M. <\/em><em>Gravereaux \u00e9tait \u00e9galement le cr\u00e9ateur de la roseraie de Bagatelle, au bois de Boulogne, filiale de l\u2019Hay, et avait reconstitu\u00e9, dans le parc de la Malmaison, les vari\u00e9t\u00e9s de roses que cultivait l\u2019imp\u00e9ratrice Jos\u00e9phine.<\/em><\/p>\n<p style=\"padding-left: 30px;\"><em>Maintenant, les roses de ces diff\u00e9rents parterres seront en deuil et pencheront leurs corolles, car leur ap\u00f4tre, leur grand ami n&rsquo;est plus, et sa tombe vient de se refermer sur lui en simplicit\u00e9 et sans bruit. Mais quand viendra l&rsquo;\u00e9poque des \u00e9closions, la rose \u00ab\u00a0France\u00a0\u00bb et la rose \u00ab\u00a0la Victoire\u00a0\u00bb qu&rsquo;il aimait \u00e0 cultiver avec un soin plus sp\u00e9cial et une plus grande abondance depuis la guerre maintiendront glorieusement son nom et son souvenir dans le rajeunissement de la roseraie de l\u2019Hay.<\/em><\/p>\n<p style=\"text-align: right;\">Le Figaro, 27 mars 1916.<\/p>\n<hr \/>\n<p style=\"padding-left: 30px;\"><em>Les\u00a0roses\u00a0de\u00a0l&rsquo;Hay\u00a0penchent\u00a0leurs\u00a0corolles.\u00a0M.\u00a0Jules\u00a0Gravereaux,\u00a0celui\u00a0que\u00a0l&rsquo;on appela\u00a0\u00ab\u00a0l&rsquo;Ap\u00f4tre\u00a0des\u00a0Roses\u00a0\u00bb\u00a0et\u00a0dont\u00a0une\u00a0rosette\u00a0c&rsquo;\u00e9tait\u00a0justice\u00a0ornait\u00a0la boutonni\u00e8re,\u00a0vient\u00a0de\u00a0s&rsquo;\u00e9teindre.\u00a0La\u00a0roseraie\u00a0qu&rsquo;il\u00a0avait\u00a0cr\u00e9\u00e9e\u00a0est,\u00a0comme\u00a0on\u00a0le sait,\u00a0l&rsquo;une\u00a0des\u00a0plus\u00a0riches\u00a0qui\u00a0soient\u00a0et\u00a0les\u00a09,000\u00a0vari\u00e9t\u00e9s\u00a0qui\u00a0y\u00a0\u00e9closent embaument\u00a0l&rsquo;air\u00a0de\u00a0ce\u00a0joli\u00a0coin\u00a0des\u00a0environs\u00a0de\u00a0Paris,\u00a0qu&rsquo;un\u00a0d\u00e9cret\u00a0officiel\u00a0baptisa du\u00a0nom\u00a0gracieux\u00a0de\u00a0l&rsquo;Hay\u00a0des\u00a0Roses.<\/em><\/p>\n<p style=\"padding-left: 30px;\"><em>Le\u00a0patriotisme\u00a0aussi\u00a0y\u00a0a\u00a0des\u00a0racines\u00a0profondes\u00a0et\u00a0aujourd&rsquo;hui\u00a0que\u00a0la\u00a0plaie\u00a0est rouverte,\u00a0dans\u00a0ce\u00a0sol\u00a0arros\u00e9\u00a0du\u00a0sang\u00a0des\u00a0n\u00f4tres\u00a0en\u00a01870,\u00a0M.\u00a0Gravereaux\u00a0ne\u00a0voulut plus\u00a0rien\u00a0qui\u00a0rappel\u00e2t\u00a0l&rsquo;ennemi\u00a0abhorr\u00e9\u00a0et\u00a0r\u00e9solut\u00a0de\u00a0bannir\u00a0de\u00a0ses\u00a0parterres toute\u00a0fleur\u00a0d&rsquo;origine\u00a0allemande.\u00a0Chez\u00a0lui\u00a0plus\u00a0de\u00a0ces\u00a0mariages\u00a0hybrides\u00a0qui,\u00a0m\u00eame dans\u00a0un\u00a0parfum,\u00a0devait\u00a0nous\u00a0apporter\u00a0un\u00a0relent\u00a0de\u00a0l\u00e0-bas.\u00a0Arrach\u00e9es\u00a0les\u00a0roses Reine\u00a0Olga\u00a0de\u00a0Wurtemberg\u00a0les\u00a0\u00ab\u00a0Roi\u00a0de\u00a0Bavi\u00e8re\u00a0\u00bb, les\u00a0\u00ab\u00a0Frau\u00a0Druschki\u00a0\u00bb,\u00a0les\u00ab\u00a0Kaiserin\u00a0Augusta-Victoria\u00a0\u00bb.\u00a0Foul\u00e9es\u00a0au\u00a0pied,\u00a0les\u00a0\u00ab\u00a0Wilhelm\u00a0II\u00a0\u00bb\u00a0qui,\u00a0par\u00a0un symbolisme\u00a0frappant,\u00a0sont\u00a0d&rsquo;un\u00a0rouge\u00a0de\u00a0sang;\u00a0les\u00a0\u00ab\u00a0Ferdinand\u00a0de\u00a0Bulgarie\u00a0\u00bb, d&rsquo;un\u00a0jaune\u00a0de\u00a0tra\u00eetrise.<\/em><\/p>\n<p style=\"padding-left: 30px;\"><em>D\u00e9sormais,\u00a0la\u00a0France\u00a0\u2014\u00a0que\u00a0chez\u00a0eux,\u00a0m\u00eame\u00a0avant\u00a0la\u00a0guerre,\u00a0ils\u00a0avaient,\u00a0\u00f4 sacril\u00e8ge,\u00a0baptis\u00e9e\u00a0\u00ab\u00a0Otto\u00a0von\u00a0Bismarck\u00a0\u00bb\u00a0sera\u00a0reine\u00a0des\u00a0plates-bandes\u00a0avec\u00a0pour s\u0153ur\u00a0la\u00a0rose\u00a0\u00ab\u00a0Victoire\u00a0\u00bb\u00a0que\u00a0l&rsquo;on\u00a0voit\u00a0na\u00eetre\u00a0d\u00e9j\u00e0\u00a0et\u00a0qui\u00a0fleurira,\u00a0h\u00e9las\u00a0sur\u00a0la tombe\u00a0de\u00a0celui\u00a0qui\u00a0l&rsquo;a\u00a0cr\u00e9\u00e9e.\u00a0P.\u00a0R.<\/em><\/p>\n<p style=\"text-align: right;\">Le Gaulois, 25\u00a0mars\u00a01916.<br \/>\nLes Annales politiques et litt\u00e9raires, 9\u00a0avril\u00a01916.<\/p>\n<hr \/>\n<p style=\"padding-left: 30px;\"><em>Les\u00a0obs\u00e8ques\u00a0de\u00a0M.\u00a0Jules\u00a0Gravereaux,\u00a0ancien\u00a0administrateur\u00a0du\u00a0Bon-March\u00e9,\u00a0ont eu\u00a0lieu,\u00a0en\u00a0pr\u00e9sence\u00a0d&rsquo;une\u00a0nombreuse\u00a0assistance,\u00a0en\u00a0l&rsquo;\u00e9glise\u00a0Saint-Fran\u00e7ois-Xavier.<\/em><\/p>\n<p style=\"text-align: right;\">Journal des d\u00e9bats politiques et litt\u00e9raires, 28 mars 1916.<\/p>\n<hr \/>\n<p style=\"padding-left: 30px;\"><em>LE\u00a0GRAND\u00a0ROSI\u00c9RISTE<\/em><\/p>\n<p style=\"padding-left: 30px;\"><em>La\u00a0mort\u00a0de\u00a0M.\u00a0Jules\u00a0Gravereaux\u00a0met\u00a0en\u00a0deuil\u00a0la\u00a0petite\u00a0cit\u00e9\u00a0de\u00a0L&rsquo;Hay-les-Roses-et, dans\u00a0le\u00a0monde\u00a0entier,\u00a0tous\u00a0les\u00a0amis\u00a0de\u00a0la\u00a0reine\u00a0des\u00a0fleurs.\u00a0C&rsquo;est\u00a0que\u00a0M.\u00a0Jules Gravereaux\u00a0n&rsquo;\u00e9tait\u00a0pas\u00a0un\u00a0rosi\u00e9riste\u00a0ordinaire\u00a0:\u00a0il\u00a0\u00e9tait,\u00a0par\u00a0excellence,\u00a0le rosi\u00e9riste.\u00a0Il\u00a0avait\u00a0vou\u00e9\u00a0un\u00a0vrai\u00a0culte\u00a0\u00e0\u00a0la\u00a0Rose.\u00a0Son\u00a0noble\u00a0domaine\u00a0de\u00a0L&rsquo;Hay\u00a0\u00e9tait comme\u00a0un\u00a0miraculeux\u00a0autel\u00a0consacr\u00e9\u00a0\u00e0\u00a0la\u00a0magnifique\u00a0d\u00e9esse\u00a0dont\u00a0les\u00a0couleurs\u00a0et les\u00a0parfums\u00a0enchantaient\u00a0le\u00a0grand\u00a0et\u00a0beau\u00a0vieillard.<\/em><\/p>\n<p style=\"padding-left: 30px;\"><em>M. Jules\u00a0Gravereaux\u00a0pr\u00e9parait\u00a0la\u00a0rose\u00a0de\u00a0La\u00a0Victoire\u00a0:\u00a0il\u00a0y\u00a0travaillait,\u00a0c&rsquo;est\u00a0le\u00a0cas de\u00a0le\u00a0dire,\u00a0avec\u00a0amour,\u00a0surveillant\u00a0les\u00a0nombreuses\u00a0op\u00e9rations\u00a0d&rsquo;un\u00a0\u0153il\u00a0exerc\u00e9,\u00a0et si\u00a0soigneusement;\u00a0dans\u00a0l&rsquo;espoir\u00a0que\u00a0cette\u00a0rose\u00a0serait\u00a0la\u00a0plus\u00a0belle\u00a0du\u00a0monde.<\/em><\/p>\n<p style=\"padding-left: 30px;\"><em>M. Jules\u00a0Gravereaux n&rsquo;est\u00a0plus!&#8230;\u00a0La\u00a0rose\u00a0La\u00a0Victoire\u00a0fleurira\u00a0ses\u00a0splendides p\u00e9tales\u00a0:\u00a0il\u00a0a\u00a0trop\u00a0bien\u00a0pr\u00e9par\u00e9\u00a0sa\u00a0venue\u00a0dans\u00a0la\u00a0roseraie\u00a0de\u00a0L&rsquo;Hay\u00a0pour\u00a0qu&rsquo;il\u00a0n&rsquo;en soit pas ainsi. Et,\u00a0le\u00a0jour\u00a0o\u00f9\u00a0les\u00a0troupes\u00a0victorieuses\u00a0d\u00e9fileront\u00a0sous\u00a0l&rsquo;Arc\u00a0de\u00a0Triomphe,\u00a0en souvenir\u00a0du\u00a0bon\u00a0Fran\u00e7ais\u00a0de\u00a0France\u00a0qui\u00a0l&rsquo;avait\u00a0imagin\u00e9\u00a0nous\u00a0fleurirons\u00a0La Marseillaise\u00a0de\u00a0Rude\u00a0des\u00a0roses\u00a0de\u00a0L&rsquo;Hay,\u00a0des\u00a0roses\u00a0de\u00a0La\u00a0Victoire.<\/em><\/p>\n<p style=\"text-align: right;\">La Renaissance, 1<sup>er<\/sup>\u00a0avril 1916.<\/p>\n<hr \/>\n<p style=\"padding-left: 30px;\"><strong><em>Jules\u00a0Gravereaux<\/em><\/strong><\/p>\n<p style=\"padding-left: 30px;\"><em>Hier\u00a0ont\u00a0eu\u00a0lieu\u00a0\u00e0\u00a0l&rsquo;\u00e9glise\u00a0Saint-Fran\u00e7ois-Xavier\u00a0les\u00a0obs\u00e8ques\u00a0de\u00a0M.\u00a0Gravereaux, ancien\u00a0administrateur\u00a0du\u00a0Bon\u00a0March\u00e9.\u00a0M.\u00a0Gravereaux\u00a0avait\u00a0consacr\u00e9\u00a0les\u00a0loisirs de\u00a0sa\u00a0retraite\u00a0\u00e0\u00a0la\u00a0cr\u00e9ation\u00a0de\u00a0la\u00a0fameuse\u00a0roseraie\u00a0de\u00a0l&rsquo;Hay,\u00a0o\u00f9\u00a0sur\u00a0plus\u00a0de\u00a0vingt-cinq\u00a0hectares\u00a0il\u00a0avait\u00a0rassembl\u00e9,\u00a0dans\u00a0un\u00a0admirable\u00a0cadre\u00a0artistique,\u00a0toutes\u00a0les vari\u00e9t\u00e9s\u00a0de\u00a0roses\u00a0connues,\u00a0depuis\u00a0l&rsquo;\u00e9glantine\u00a0jusqu&rsquo;\u00e0\u00a0la\u00a0derni\u00e8re\u00a0cr\u00e9ation\u00a0des rosi\u00e9ristes\u00a0contemporains.\u00a0Il\u00a0en\u00a0avait\u00a0fait\u00a0une\u00a0merveille\u00a0unique\u00a0au\u00a0monde.\u00a0Pr\u00e9s\u00a0de l\u00e0,\u00a0dans\u00a0deux\u00a0mus\u00e9es\u00a0rustiques,\u00a0\u00e9tait\u00a0rassembl\u00e9\u00a0tout\u00a0ce\u00a0qui\u00a0a\u00a0\u00e9t\u00e9\u00a0\u00e9crit\u00a0et\u00a0rim\u00e9\u00a0sur la\u00a0rose,\u00a0ou\u00a0\u00e0\u00a0peu\u00a0pr\u00e8s.<\/em><\/p>\n<p style=\"padding-left: 30px;\"><em>M. Gravereaux\u00a0\u00e9tait\u00a0le\u00a0cr\u00e9ateur\u00a0de\u00a0la\u00a0roseraie\u00a0de\u00a0Bagatelle au\u00a0bois\u00a0de\u00a0Boulogne, filiale\u00a0de l\u2019Hay.\u00a0\u00c0\u00a0la\u00a0Malmaison,\u00a0c&rsquo;est\u00a0encore\u00a0lui\u00a0qui\u00a0par\u00a0un\u00a0travail\u00a0curieux\u00a0avait reconstitu\u00e9\u00a0dans\u00a0le\u00a0parc\u00a0toutes\u00a0les\u00a0vari\u00e9t\u00e9s\u00a0de\u00a0roses\u00a0que\u00a0cultivait\u00a0l&rsquo;imp\u00e9ratrice Jos\u00e9phine.\u00a0Cet\u00a0amoureux\u00a0des\u00a0roses,\u00a0qui\u00a0les\u00a0aima\u00a0en\u00a0grand\u00a0seigneur\u00a0et\u00a0en\u00a0artiste, s&rsquo;est\u00a0\u00e9teint\u00a0dans\u00a0sa\u00a0soixante-douzi\u00e8me\u00a0ann\u00e9e.\u00a0L.\u00a0C.<\/em><\/p>\n<p style=\"text-align: right;\">Le Temps, 27 mars 1916.<\/p>\n<hr \/>\n<p style=\"text-align: justify;\">La Soci\u00e9t\u00e9 nationale d&rsquo;horticulture de France (S.N.H.F.) fit \u00e9galement son \u00e9loge, D\u00e9sir\u00e9 Bois pr\u00e9sentant une <a href=\"https:\/\/lesgravereaux.marret.co\/index.php\/jules-gravereaux\/des-evenements-de-sa-vie\/jules-gravereaux-son-deces\/biographie-de-jules-gravereaux-par-david-bois\/\">notice biographique de Jules Gravereaux<\/a>.<\/p>\n","protected":false},"excerpt":{"rendered":"<p>Jules Gravereaux est d\u00e9c\u00e9d\u00e9 le 23 mars 1916, \u00e0 son domicile du 4, avenue de Villars.\u00a0Ses obs\u00e8ques eurent lieu deux jours plus tard, en l&rsquo;\u00e9glise Saint-Fran\u00e7ois-Xavier. &nbsp; &nbsp; Dans les journaux, plusieurs hommages lui furent rendus&#8230; Avant-hier ont \u00e9t\u00e9, c\u00e9l\u00e9br\u00e9es, &hellip; <a href=\"https:\/\/lesgravereaux.marret.co\/index.php\/jules-gravereaux\/des-evenements-de-sa-vie\/jules-gravereaux-son-deces\/le-deces-de-jules-gravereaux\/\">Continuer la lecture <span class=\"meta-nav\">&rarr;<\/span><\/a><\/p>\n","protected":false},"author":1,"featured_media":0,"parent":724,"menu_order":0,"comment_status":"closed","ping_status":"closed","template":"","meta":{"ngg_post_thumbnail":0,"jetpack_post_was_ever_published":false,"footnotes":""},"class_list":["post-688","page","type-page","status-publish","hentry"],"jetpack_sharing_enabled":true,"jetpack_shortlink":"https:\/\/wp.me\/P7ERyi-b6","jetpack-related-posts":[{"id":5282,"url":"https:\/\/lesgravereaux.marret.co\/index.php\/jules-gravereaux\/des-evenements-de-sa-vie\/jules-gravereaux-son-mariage\/laure-thuillier\/","url_meta":{"origin":688,"position":0},"title":"Laure Thuillier","author":"marretgravereaux","date":"21 avril 2017","format":false,"excerpt":"Fille d\u2019Alexis Eug\u00e8ne Thuillier et de H\u00e9lo\u00efse Philiberte Gautier, Laure Marie Alexandrine THUILLIER na\u00eet le jeudi 30 d\u00e9cembre 1852 \u00e0 Paris. Elle vient d\u2019avoir 21\u00a0ans lorsqu\u2019elle \u00e9pouse Jules Gravereaux, le 9\u00a0ao\u00fbt 1873. Ce serait \u00e0 elle que l\u2019on doit la carri\u00e8re de Jules Gravereaux dans le monde des rosi\u00e9ristes. Sa\u2026","rel":"","context":"Article similaire","block_context":{"text":"Article similaire","link":""},"img":{"alt_text":"","src":"https:\/\/i0.wp.com\/lesgravereaux.marret.co\/wp-content\/uploads\/2015\/10\/Jules-Gravereaux-et-Laure-Thuillier-GV0066b-1024x882.jpg?resize=350%2C200","width":350,"height":200},"classes":[]},{"id":3709,"url":"https:\/\/lesgravereaux.marret.co\/index.php\/jules-gravereaux\/des-evenements-de-sa-vie\/jules-gravereaux-son-deces\/lhay-les-roses-lavenue-jules-gravereaux\/","url_meta":{"origin":688,"position":1},"title":"L&rsquo;Ha\u00ff-les-Roses &#8211; L&rsquo;avenue Jules Gravereaux","author":"marretgravereaux","date":"17 juin 2016","format":false,"excerpt":"Dans les semaines qui ont suivi le d\u00e9c\u00e8s de Jules Gravereaux, la ville de L\u2019Ha\u00ff-les-Roses a jug\u00e9 bon de l\u2019honorer de fa\u00e7on toute particuli\u00e8re\u2026 (3e Bur.) \u2014 Administration communale. \u2014 Bry-sur-Marne, L'Ha\u00ff-les-Roses, Nogent-sur-Marne et Saint-Maur\u00a0: d\u00e9nominations de voies publiques. (D\u00e9crets.) Par d\u00e9cret du 30 ao\u00fbt 1916 a \u00e9t\u00e9 approuv\u00e9e la\u2026","rel":"","context":"Article similaire","block_context":{"text":"Article similaire","link":""},"img":{"alt_text":"Paris (D\u00e9partement). Recueil des actes administratifs, bulletin","src":"https:\/\/i0.wp.com\/lesgravereaux.marret.co\/wp-content\/uploads\/2016\/06\/1916-08-Actes-administratifs-Pr%C3%A9fecture-de-la-Seine-3_wp.jpg?resize=350%2C200","width":350,"height":200},"classes":[]},{"id":1211,"url":"https:\/\/lesgravereaux.marret.co\/index.php\/jules-gravereaux\/jules-gravereaux-et-lhay-documents-et-references\/","url_meta":{"origin":688,"position":2},"title":"Jules Gravereaux et l&rsquo;Ha\u00ff &#8211; Documents et r\u00e9f\u00e9rences","author":"marretgravereaux","date":"18 mars 2016","format":false,"excerpt":"S\u2019il ne fallait mentionner qu\u2019un ouvrage \u00e0 lire pour conna\u00eetre l\u2019histoire de Jules Gravereaux et de la roseraie de L\u2019Ha\u00ff, ce serait certainement celui de Nadine Villalobos\u00a0: Floril\u00e8ge, la roseraie du Val-de-Marne \u00e0 L\u2019Ha\u00ff-les-Roses. Villa-Lobos, Nadine et B\u00e9atrice Pichon-Clarisse. Floril\u00e8ge \u00e0 L'Ha\u00ff-les-Roses - La roseraie du Val-de-Marne. Imprimerie Nationale, 2006.\u2026","rel":"","context":"Article similaire","block_context":{"text":"Article similaire","link":""},"img":{"alt_text":"Florilege c0_wp","src":"https:\/\/i0.wp.com\/marret.co\/wp-content\/uploads\/2016\/03\/Florilege-c0_wp-899x1024.jpg?resize=350%2C200","width":350,"height":200},"classes":[]},{"id":2377,"url":"https:\/\/lesgravereaux.marret.co\/index.php\/la-famille-gravereaux\/la-famille-gravereaux-au-theatre\/","url_meta":{"origin":688,"position":3},"title":"La famille Gravereaux au th\u00e9\u00e2tre","author":"marretgravereaux","date":"9 mai 2016","format":false,"excerpt":"En se mariant avec Laure Thuillier, Jules Gravereaux entrait dans une famille au talent artistique ind\u00e9niable. Sa belle-s\u0153ur, Louise Victoire Thuillier avait remport\u00e9 un premier prix de piano et un 1er prix de solf\u00e8ge au Conservatoire; elle fit d\u2019ailleurs carri\u00e8re \u00e0 l\u2019Op\u00e9ra-Comique et \u00e0 la Gait\u00e9 Lyrique, o\u00f9 elle cr\u00e9a\u2026","rel":"","context":"Article similaire","block_context":{"text":"Article similaire","link":""},"img":{"alt_text":"1903-03-30 Gravereaux, Jules - Spectacle (Journal des debats) 2_wp","src":"https:\/\/i0.wp.com\/lesgravereaux.marret.co\/wp-content\/uploads\/2016\/05\/1903-03-30-Gravereaux-Jules-Spectacle-Journal-des-debats-2_wp-1024x683.jpg?resize=350%2C200","width":350,"height":200},"classes":[]},{"id":581,"url":"https:\/\/lesgravereaux.marret.co\/index.php\/jules-gravereaux\/portraits-de-jules-gravereaux\/le-buste-de-jules-gravereaux\/le-buste-de-jules-gravereaux-sa-renaissance\/","url_meta":{"origin":688,"position":4},"title":"Le buste de Jules Gravereaux &#8211; sa renaissance","author":"marretgravereaux","date":"7 mars 2016","format":false,"excerpt":"Petite histoire du buste... par\u00a0Jean-Gilles Engerrand ancien pr\u00e9sident des Amis du vieux L'Ha\u00ff Photos\u00a0: Association des Amis du Vieux L'Ha\u00ff \u00ab\u00a0\u00c0 l'origine, le buste de Jules Gravereaux se trouvait sur une st\u00e8le au fond de ce que l'on nomme aujourd'hui le parking du square Allende. \u00c0 cet endroit, tous les\u2026","rel":"","context":"Article similaire","block_context":{"text":"Article similaire","link":""},"img":{"alt_text":"1914 Carillon, Rene - Buste de Jules Gravereaux avant restauration_wp","src":"https:\/\/i0.wp.com\/marret.co\/wp-content\/uploads\/2016\/03\/1914-Carillon-Rene-Buste-de-Jules-Gravereaux-avant-restauration_wp.jpg?resize=350%2C200","width":350,"height":200},"classes":[]},{"id":829,"url":"https:\/\/lesgravereaux.marret.co\/index.php\/jules-gravereaux\/jules-gravereaux-ses-ancetres\/jean-narcisse-mathurin-gravereaux\/","url_meta":{"origin":688,"position":5},"title":"Jean Narcisse Mathurin Gravereaux","author":"marretgravereaux","date":"11 mars 2016","format":false,"excerpt":"Jean-Narcisse Mathurin Gravereaux est n\u00e9 \u00e0 Vitry-sur-Seine, le 14 f\u00e9vrier 1806. Tout comme son p\u00e8re, Germain S\u00e9bastien Graverot, \u00a0il travaille comme menuisier. Le 17 f\u00e9vrier 1829, il \u00e9pouse, \u00e0 Vitry-sur-Seine, Marie Henriette Gervais. Ils eurent sept enfants. Malheureusement, les trois premiers moururent \u00e0 l\u2019accouchement. Puis vinrent\u00a0: D\u00e9sir\u00e9e Henriette Marie, n\u00e9e\u2026","rel":"","context":"Article similaire","block_context":{"text":"Article similaire","link":""},"img":{"alt_text":"","src":"","width":0,"height":0},"classes":[]}],"_links":{"self":[{"href":"https:\/\/lesgravereaux.marret.co\/index.php\/wp-json\/wp\/v2\/pages\/688","targetHints":{"allow":["GET"]}}],"collection":[{"href":"https:\/\/lesgravereaux.marret.co\/index.php\/wp-json\/wp\/v2\/pages"}],"about":[{"href":"https:\/\/lesgravereaux.marret.co\/index.php\/wp-json\/wp\/v2\/types\/page"}],"author":[{"embeddable":true,"href":"https:\/\/lesgravereaux.marret.co\/index.php\/wp-json\/wp\/v2\/users\/1"}],"replies":[{"embeddable":true,"href":"https:\/\/lesgravereaux.marret.co\/index.php\/wp-json\/wp\/v2\/comments?post=688"}],"version-history":[{"count":0,"href":"https:\/\/lesgravereaux.marret.co\/index.php\/wp-json\/wp\/v2\/pages\/688\/revisions"}],"up":[{"embeddable":true,"href":"https:\/\/lesgravereaux.marret.co\/index.php\/wp-json\/wp\/v2\/pages\/724"}],"wp:attachment":[{"href":"https:\/\/lesgravereaux.marret.co\/index.php\/wp-json\/wp\/v2\/media?parent=688"}],"curies":[{"name":"wp","href":"https:\/\/api.w.org\/{rel}","templated":true}]}}