{"id":651,"date":"2016-03-07T18:09:45","date_gmt":"2016-03-07T17:09:45","guid":{"rendered":"http:\/\/marret.co\/?page_id=651"},"modified":"2017-07-01T16:11:01","modified_gmt":"2017-07-01T15:11:01","slug":"claude-gravereaux","status":"publish","type":"page","link":"https:\/\/lesgravereaux.marret.co\/index.php\/la-famille-gravereaux\/claude-gravereaux\/","title":{"rendered":"Claude Gravereaux"},"content":{"rendered":"<p>Claude GRAVEREAUX est n\u00e9 le 2 mai 1913. Il est le quatri\u00e8me enfant de&nbsp;Paul Louis Gravereaux (27&nbsp;janvier&nbsp;1876 \u2013 1934) et de Claire Marguerite Bonnevey (1881 &#8211; 1971). En 1936, il \u00e9pouse Jacqueline Hollingsworth.<\/p>\n<p><a href=\"https:\/\/i0.wp.com\/marret.co\/wp-content\/uploads\/2016\/03\/Unforgettable-New-Canaanites-Warren-Allen-Smith-p101c.jpg\" rel=\"attachment wp-att-384\"><img data-recalc-dims=\"1\" loading=\"lazy\" decoding=\"async\" data-attachment-id=\"384\" data-permalink=\"https:\/\/lesgravereaux.marret.co\/unforgettable-new-canaanites-warren-allen-smith-p101c\/\" data-orig-file=\"https:\/\/i0.wp.com\/lesgravereaux.marret.co\/wp-content\/uploads\/2016\/03\/Unforgettable-New-Canaanites-Warren-Allen-Smith-p101c.jpg?fit=475%2C596&amp;ssl=1\" data-orig-size=\"475,596\" data-comments-opened=\"1\" data-image-meta=\"{&quot;aperture&quot;:&quot;0&quot;,&quot;credit&quot;:&quot;&quot;,&quot;camera&quot;:&quot;&quot;,&quot;caption&quot;:&quot;&quot;,&quot;created_timestamp&quot;:&quot;0&quot;,&quot;copyright&quot;:&quot;&quot;,&quot;focal_length&quot;:&quot;0&quot;,&quot;iso&quot;:&quot;0&quot;,&quot;shutter_speed&quot;:&quot;0&quot;,&quot;title&quot;:&quot;&quot;,&quot;orientation&quot;:&quot;1&quot;}\" data-image-title=\"Unforgettable New Canaanites &amp;#8211; Warren Allen Smith &amp;#8211; p101c\" data-image-description=\"\" data-image-caption=\"\" data-medium-file=\"https:\/\/i0.wp.com\/lesgravereaux.marret.co\/wp-content\/uploads\/2016\/03\/Unforgettable-New-Canaanites-Warren-Allen-Smith-p101c.jpg?fit=239%2C300&amp;ssl=1\" data-large-file=\"https:\/\/i0.wp.com\/lesgravereaux.marret.co\/wp-content\/uploads\/2016\/03\/Unforgettable-New-Canaanites-Warren-Allen-Smith-p101c.jpg?fit=475%2C596&amp;ssl=1\" width=\"185\" height=\"232\" class=\"wp-image-384 alignleft\" alt=\"Unforgettable New Canaanites - Warren Allen Smith - p101c\" src=\"https:\/\/i0.wp.com\/marret.co\/wp-content\/uploads\/2016\/03\/Unforgettable-New-Canaanites-Warren-Allen-Smith-p101c.jpg?resize=185%2C232\" data-wp-pid=\"384\" srcset=\"https:\/\/i0.wp.com\/lesgravereaux.marret.co\/wp-content\/uploads\/2016\/03\/Unforgettable-New-Canaanites-Warren-Allen-Smith-p101c.jpg?w=475&amp;ssl=1 475w, https:\/\/i0.wp.com\/lesgravereaux.marret.co\/wp-content\/uploads\/2016\/03\/Unforgettable-New-Canaanites-Warren-Allen-Smith-p101c.jpg?resize=239%2C300&amp;ssl=1 239w\" sizes=\"auto, (max-width: 185px) 100vw, 185px\" \/><\/a><\/p>\n<p>Joueur de hockey sur gazon, il fait partie de l\u2019\u00e9quipe de France lors des Jeux olympiques de Berlin en 1936; la France finira au quatri\u00e8me rang. En 1937, il participera aussi \u00e0 plusieurs matchs internationaux.<\/p>\n<p>Engag\u00e9 volontaire dans l\u2019arm\u00e9e fran\u00e7aise en 1939, il est bless\u00e9 et fait prisonnier \u00e0 Namur en 1940, mais s\u2019\u00e9vade peu apr\u00e8s. Quelques mois plus tard, il quitte la France et s\u2019installe aux \u00c9tats-Unis. Soign\u00e9 pour sa blessure de guerre, il s\u2019engage dans l\u2019arm\u00e9e fran\u00e7aise de lib\u00e9ration et part pour le Maroc. Mais une rechute l\u2019oblige \u00e0 \u00eatre hospitalis\u00e9. Son \u00e9tat \u00e9tant jug\u00e9 d\u00e9sesp\u00e9r\u00e9, il s\u2019organise pour revenir aux \u00c9tats-Unis o\u00f9 il meurt le 21 novembre 1943. Consid\u00e9r\u00e9 comme <a href=\"https:\/\/lesgravereaux.marret.co\/index.php\/la-famille-gravereaux\/claude-gravereaux\/claude-gravereaux-heros-de-guerre\/\">h\u00e9ros de guerre <\/a>aux Etats-Unis, il fut <a href=\"https:\/\/lesgravereaux.marret.co\/index.php\/la-famille-gravereaux\/claude-gravereaux\/claude-gravereaux-honore-par-les-etats-unis\/\">honor\u00e9<\/a> \u00e0 titre de <em>Militaire fran\u00e7ais d\u00e9c\u00e9d\u00e9 aux \u00c9tats-Unis au cours de la guerre 1939-1945<\/em>.<\/p>\n<p>Il a eu trois enfants&nbsp;: John (n\u00e9 le 8 octobre 1937), Daniel (n\u00e9 le 3 mars 1939) et Stephen (n\u00e9 le 3 juillet 1941).<\/p>\n<div class=\"sites-canvas-main\" id=\"sites-canvas-main\">&nbsp;<\/div>\n","protected":false},"excerpt":{"rendered":"<p>Claude GRAVEREAUX est n\u00e9 le 2 mai 1913. Il est le quatri\u00e8me enfant de&nbsp;Paul Louis Gravereaux (27&nbsp;janvier&nbsp;1876 \u2013 1934) et de Claire Marguerite Bonnevey (1881 &#8211; 1971). En 1936, il \u00e9pouse Jacqueline Hollingsworth. Joueur de hockey sur gazon, il fait &hellip; <a href=\"https:\/\/lesgravereaux.marret.co\/index.php\/la-famille-gravereaux\/claude-gravereaux\/\">Continuer la lecture <span class=\"meta-nav\">&rarr;<\/span><\/a><\/p>\n","protected":false},"author":1,"featured_media":0,"parent":645,"menu_order":0,"comment_status":"closed","ping_status":"closed","template":"","meta":{"ngg_post_thumbnail":0,"jetpack_post_was_ever_published":false,"footnotes":""},"class_list":["post-651","page","type-page","status-publish","hentry"],"jetpack_sharing_enabled":true,"jetpack_shortlink":"https:\/\/wp.me\/P7ERyi-av","jetpack-related-posts":[{"id":1159,"url":"https:\/\/lesgravereaux.marret.co\/index.php\/la-famille-gravereaux\/gerard-gravereaux\/","url_meta":{"origin":651,"position":0},"title":"G\u00e9rard Gravereaux","author":"marretgravereaux","date":"17 mars 2016","format":false,"excerpt":"Henry-G\u00e9rard Gravereaux na\u00eet le 31\u00a0octobre 1906. Apr\u00e8s un baccalaur\u00e9at \u00e8s lettres, il \u00e9tudie \u00e0 l\u2019\u00c9cole des Sciences politiques avant de rentrer aux \u00c9tablissements Gravereaux, l\u2019entreprise cr\u00e9\u00e9e par son p\u00e8re. \u00ab\u00a0G\u00e9rard, apr\u00e8s un court passage \u00e0 Sciences-Po, entrait comme apprenti patronnier chez Depond, achet\u00e9 en 1925, dans la petite usine de\u2026","rel":"","context":"Article similaire","block_context":{"text":"Article similaire","link":""},"img":{"alt_text":"Gerard gravereaux - OG1601_wp","src":"https:\/\/i0.wp.com\/marret.co\/wp-content\/uploads\/2016\/03\/Gerard-gravereaux-OG1601_wp-787x1024.jpg?resize=350%2C200","width":350,"height":200},"classes":[]},{"id":1146,"url":"https:\/\/lesgravereaux.marret.co\/index.php\/la-famille-gravereaux\/claude-gravereaux\/claude-gravereaux-heros-de-guerre\/","url_meta":{"origin":651,"position":1},"title":"Claude Gravereaux, h\u00e9ros de guerre","author":"marretgravereaux","date":"16 mars 2016","format":false,"excerpt":"L\u2019Arm\u00e9e donne des fun\u00e9railles militaires ici au \u00ab\u00a0symbole d\u2019une volont\u00e9\u00a0fran\u00e7aise imp\u00e9rissable\u00a0\u00bb Traduction de l\u2019article faite par Anne Gravereaux Le Lieutenant Claude Gravereaux, bless\u00e9 \u00e0 Namur en 1940, s\u2019\u00e9tait engag\u00e9 \u00e0 nouveau pour aider les forces des \u00c9tats-Unis en Afrique Le Lieutenant Claude Gravereaux, un soldat de la France Libre qui\u2026","rel":"","context":"Article similaire","block_context":{"text":"Article similaire","link":""},"img":{"alt_text":"1943-11-25 New-York Times (OG) v2a_wp","src":"https:\/\/i0.wp.com\/marret.co\/wp-content\/uploads\/2016\/03\/1943-11-25-New-York-Times-OG-v2a_wp.jpg?resize=350%2C200","width":350,"height":200},"classes":[]},{"id":3625,"url":"https:\/\/lesgravereaux.marret.co\/index.php\/la-famille-gravereaux\/raymond-gravereaux\/","url_meta":{"origin":651,"position":2},"title":"Raymond Gravereaux","author":"marretgravereaux","date":"15 juin 2016","format":false,"excerpt":"Raymond Gravereaux na\u00eet le 31 ao\u00fbt 1905 \u00e0 Croissy-sur-Seine. Il entre \u00e0 l\u2019\u00c9cole des Beaux-Arts en 1924 et y obtient son dipl\u00f4me en 1930. Le concours du Prix de Rome le passionne et il s\u2019y pr\u00e9sente en 1929 (th\u00e8me\u00a0: Un palais de l\u2019Institut), 1930 (th\u00e8me\u00a0: Une \u00e9cole sup\u00e9rieure des beaux-arts)\u2026","rel":"","context":"Article similaire","block_context":{"text":"Article similaire","link":""},"img":{"alt_text":"1931 Gravereaux, Raymond - Dessin Prix de Rome (2011-10_048)_wp","src":"https:\/\/i0.wp.com\/lesgravereaux.marret.co\/wp-content\/uploads\/2016\/06\/1931-Gravereaux-Raymond-Dessin-Prix-de-Rome-2011-10_048_wp-1024x424.jpg?resize=350%2C200","width":350,"height":200},"classes":[]},{"id":645,"url":"https:\/\/lesgravereaux.marret.co\/index.php\/la-famille-gravereaux\/","url_meta":{"origin":651,"position":3},"title":"La famille Gravereaux","author":"marretgravereaux","date":"7 mars 2016","format":false,"excerpt":"Les origines de Gravereaux \u2013et de ses ascendants \u2013 ne sont pas encore connues. On sait seulement que son arri\u00e8re grand-p\u00e8re, Jean Baptiste GRAVEREAU est probablement n\u00e9 dans le Libournais (peut-\u00eatre \u00e0 Prignac-et-Marcamps) en 1733 et qu\u2019il se serait install\u00e9 vers 1750 \u00e0 Vitry-sur-Seine, y travaillant comme menuisier. Si les\u2026","rel":"","context":"Article similaire","block_context":{"text":"Article similaire","link":""},"img":{"alt_text":"Album Jules Gravereaux - pA-02 (Vitry 1889) _wp","src":"https:\/\/i0.wp.com\/marret.co\/wp-content\/uploads\/2016\/03\/Album-Jules-Gravereaux-pA-02-Vitry-1889-_wp.jpg?resize=350%2C200","width":350,"height":200},"classes":[]},{"id":863,"url":"https:\/\/lesgravereaux.marret.co\/index.php\/jules-gravereaux\/jules-gravereaux-ses-ancetres\/jean-narcisse-mathurin-gravereaux\/narcisse-gravereaux\/","url_meta":{"origin":651,"position":4},"title":"Narcisse Gravereaux","author":"marretgravereaux","date":"11 mars 2016","format":false,"excerpt":"Louis Narcisse Gravereaux \u00e9tait le deuxi\u00e8me enfant (hormis les mort-n\u00e9s) de Jean-Narcisse Mathurin Gravereaux et Marie Henriette Gervais. Il est n\u00e9 le 4 d\u00e9cembre 1837 \u00e0 Vitry-sur-Seine. Le 7 d\u00e9cembre 1871, il \u00e9pousait Mathilde Thuillier; deux ans apr\u00e8s son fr\u00e8re, Jules \u00e9pousait sa belle-s\u0153ur Laure\u2026 Dipl\u00f4m\u00e9 des Beaux-Arts, il est\u2026","rel":"","context":"Article similaire","block_context":{"text":"Article similaire","link":""},"img":{"alt_text":"","src":"https:\/\/i0.wp.com\/lesgravereaux.marret.co\/wp-content\/uploads\/2019\/02\/Gravereaux-Narcisse-01a_wp.jpg?resize=350%2C200","width":350,"height":200},"classes":[]},{"id":2309,"url":"https:\/\/lesgravereaux.marret.co\/index.php\/la-famille-gravereaux\/gerard-gravereaux\/henry-gerard-gravereaux-sexpose\/femmes-portraits-et-nus-cannes-1985-1986\/","url_meta":{"origin":651,"position":5},"title":"Femmes, portraits et nus (Cannes, 1985-1986)","author":"marretgravereaux","date":"7 mai 2016","format":false,"excerpt":"La Malmaison, Cannes. 14\u00a0d\u00e9cembre 1985 \u00a0\u2013 9\u00a0f\u00e9vrier 1986. \u00ab\u00a0Femmes\u2026, portraits et nus\u00a0\u00bb. [Exposition de groupe] Henry-G\u00e9rard GRAVEREAUX . Paris 1906N\u00e9 \u00e0 Paris dans une famille d'industriels. Etudes secondaires, baccalaur\u00e9at \u00e8s lettres et Ecole des Sciences Politiques.Premi\u00e8res \u00e9tudes de dessin \u00e0 l'Acad\u00e9mie Julian de 1924 \u00e0 1925. En 1937, se consacre\u2026","rel":"","context":"Article similaire","block_context":{"text":"Article similaire","link":""},"img":{"alt_text":"","src":"https:\/\/i0.wp.com\/lesgravereaux.marret.co\/wp-content\/uploads\/2018\/12\/1985-1986-Femmes-Portraits-et-Nus-%C3%89tude_wp.jpg?resize=350%2C200&ssl=1","width":350,"height":200,"srcset":"https:\/\/i0.wp.com\/lesgravereaux.marret.co\/wp-content\/uploads\/2018\/12\/1985-1986-Femmes-Portraits-et-Nus-%C3%89tude_wp.jpg?resize=350%2C200&ssl=1 1x, https:\/\/i0.wp.com\/lesgravereaux.marret.co\/wp-content\/uploads\/2018\/12\/1985-1986-Femmes-Portraits-et-Nus-%C3%89tude_wp.jpg?resize=525%2C300&ssl=1 1.5x"},"classes":[]}],"_links":{"self":[{"href":"https:\/\/lesgravereaux.marret.co\/index.php\/wp-json\/wp\/v2\/pages\/651","targetHints":{"allow":["GET"]}}],"collection":[{"href":"https:\/\/lesgravereaux.marret.co\/index.php\/wp-json\/wp\/v2\/pages"}],"about":[{"href":"https:\/\/lesgravereaux.marret.co\/index.php\/wp-json\/wp\/v2\/types\/page"}],"author":[{"embeddable":true,"href":"https:\/\/lesgravereaux.marret.co\/index.php\/wp-json\/wp\/v2\/users\/1"}],"replies":[{"embeddable":true,"href":"https:\/\/lesgravereaux.marret.co\/index.php\/wp-json\/wp\/v2\/comments?post=651"}],"version-history":[{"count":0,"href":"https:\/\/lesgravereaux.marret.co\/index.php\/wp-json\/wp\/v2\/pages\/651\/revisions"}],"up":[{"embeddable":true,"href":"https:\/\/lesgravereaux.marret.co\/index.php\/wp-json\/wp\/v2\/pages\/645"}],"wp:attachment":[{"href":"https:\/\/lesgravereaux.marret.co\/index.php\/wp-json\/wp\/v2\/media?parent=651"}],"curies":[{"name":"wp","href":"https:\/\/api.w.org\/{rel}","templated":true}]}}