{"id":6107,"date":"2019-03-04T11:28:57","date_gmt":"2019-03-04T10:28:57","guid":{"rendered":"http:\/\/lesgravereaux.marret.co\/?page_id=6107"},"modified":"2019-03-04T11:28:57","modified_gmt":"2019-03-04T10:28:57","slug":"argenton-la-nouvelle-usine-des-baignettes","status":"publish","type":"page","link":"https:\/\/lesgravereaux.marret.co\/index.php\/les-etablissements-gravereaux\/argenton-la-sogec\/argenton-la-nouvelle-usine-des-baignettes\/","title":{"rendered":"Argenton &#8211; La nouvelle usine des Baignettes"},"content":{"rendered":"<h2><strong><span style=\"font-size: 14pt;\">Une construction esth\u00e9tique et fonctionnelle<\/span><\/strong><\/h2>\n<p style=\"text-align: center;\">L&rsquo;usine des \u00c9tablissements GRAVEREAUX \u00e0 Argenton-sur-Creuse (Indre)<br \/>\n&nbsp;&nbsp; Architecte&nbsp;: Michel BODIN<\/p>\n<p style=\"text-align: right;\"><em><span style=\"font-size: 10pt;\">Extrait d&rsquo;article de revue<\/span><\/em><\/p>\n<p><a href=\"https:\/\/i0.wp.com\/lesgravereaux.marret.co\/wp-content\/uploads\/2019\/03\/Usine-des-Baignettes-Dessin-2a_wp.jpg?ssl=1\"><img data-recalc-dims=\"1\" loading=\"lazy\" decoding=\"async\" data-attachment-id=\"6094\" data-permalink=\"https:\/\/lesgravereaux.marret.co\/index.php\/les-etablissements-gravereaux\/argenton-la-sogec\/argenton-la-nouvelle-usine-des-baignettes\/usine-des-baignettes-dessin-2a_wp\/\" data-orig-file=\"https:\/\/i0.wp.com\/lesgravereaux.marret.co\/wp-content\/uploads\/2019\/03\/Usine-des-Baignettes-Dessin-2a_wp.jpg?fit=886%2C297&amp;ssl=1\" data-orig-size=\"886,297\" data-comments-opened=\"1\" data-image-meta=\"{&quot;aperture&quot;:&quot;0&quot;,&quot;credit&quot;:&quot;&quot;,&quot;camera&quot;:&quot;&quot;,&quot;caption&quot;:&quot;&quot;,&quot;created_timestamp&quot;:&quot;0&quot;,&quot;copyright&quot;:&quot;&quot;,&quot;focal_length&quot;:&quot;0&quot;,&quot;iso&quot;:&quot;0&quot;,&quot;shutter_speed&quot;:&quot;0&quot;,&quot;title&quot;:&quot;&quot;,&quot;orientation&quot;:&quot;1&quot;}\" data-image-title=\"Usine des Baignettes &amp;#8211; Dessin 2a_wp\" data-image-description=\"\" data-image-caption=\"\" data-medium-file=\"https:\/\/i0.wp.com\/lesgravereaux.marret.co\/wp-content\/uploads\/2019\/03\/Usine-des-Baignettes-Dessin-2a_wp.jpg?fit=300%2C101&amp;ssl=1\" data-large-file=\"https:\/\/i0.wp.com\/lesgravereaux.marret.co\/wp-content\/uploads\/2019\/03\/Usine-des-Baignettes-Dessin-2a_wp.jpg?fit=640%2C215&amp;ssl=1\" class=\"wp-image-6094 alignright\" src=\"https:\/\/i0.wp.com\/lesgravereaux.marret.co\/wp-content\/uploads\/2019\/03\/Usine-des-Baignettes-Dessin-2a_wp.jpg?resize=318%2C107&#038;ssl=1\" alt=\"\" width=\"318\" height=\"107\" data-wp-pid=\"6094\" srcset=\"https:\/\/i0.wp.com\/lesgravereaux.marret.co\/wp-content\/uploads\/2019\/03\/Usine-des-Baignettes-Dessin-2a_wp.jpg?w=886&amp;ssl=1 886w, https:\/\/i0.wp.com\/lesgravereaux.marret.co\/wp-content\/uploads\/2019\/03\/Usine-des-Baignettes-Dessin-2a_wp.jpg?resize=300%2C101&amp;ssl=1 300w, https:\/\/i0.wp.com\/lesgravereaux.marret.co\/wp-content\/uploads\/2019\/03\/Usine-des-Baignettes-Dessin-2a_wp.jpg?resize=768%2C257&amp;ssl=1 768w, https:\/\/i0.wp.com\/lesgravereaux.marret.co\/wp-content\/uploads\/2019\/03\/Usine-des-Baignettes-Dessin-2a_wp.jpg?resize=800%2C268&amp;ssl=1 800w, https:\/\/i0.wp.com\/lesgravereaux.marret.co\/wp-content\/uploads\/2019\/03\/Usine-des-Baignettes-Dessin-2a_wp.jpg?resize=600%2C201&amp;ssl=1 600w\" sizes=\"auto, (max-width: 318px) 100vw, 318px\" \/><\/a>La construction \u00e0 Argenton-sur-Creuse de la nouvelle usine des \u00c9tablissements GRAVEREAUX repr\u00e9sente une nouvelle \u00e9tape de l&rsquo;expansion d&rsquo;une firme ancienne qui, sp\u00e9cialis\u00e9e \u00e0 l&rsquo;origine dans la fabrication des faux-cols, a d\u00e9velopp\u00e9 parall\u00e8lement depuis plus de 50 ans diff\u00e9rents d\u00e9partements de confections de lingerie masculine et f\u00e9minine ainsi que de v\u00eatements pour enfants.<\/p>\n<p>C&rsquo;est en 1910 que Monsieur Ren\u00e9 Gravereaux fonde, \u00e0 Boulogne-sur-Seine, une entreprise consacr\u00e9e \u00e0 la fabrication des faux-cols. Quatre ans plus tard, elle prend la t\u00eate de la production fran\u00e7aise avec deux mille douzaines de ces articles par jour.<\/p>\n<p>Rapidement les \u00c9ts Gravereaux d\u00e9cident de mettre leur exp\u00e9rience au service de la confection de chemises sous la marque \u00ab&nbsp;Triplefil&nbsp;\u00bb de la lingerie pour dames sous celle de \u00ab&nbsp;Bellafil&nbsp;\u00bb et des v\u00eatements pour enfants qui seront marqu\u00e9s \u00ab&nbsp;Babyfil&nbsp;\u00bb et \u00ab&nbsp;Harryland&nbsp;\u00bb. Puis, pour compl\u00e9ter la gamme de ses fabrications, la soci\u00e9t\u00e9 lance des chemises de tr\u00e8s haute qualit\u00e9, sous la signature du Couturier Pierre Cardin et, derni\u00e8rement, cr\u00e9e un rayon \u00ab&nbsp;Teen Age&nbsp;\u00bb sous la marque \u00ab&nbsp;Tip Top Universit\u00e9&nbsp;\u00bb.<\/p>\n<p>En 1963, les \u00c9ts Gravereaux d\u00e9cident de concentrer leur activit\u00e9 du Centre de la France dans une usine principale implant\u00e9e sur un terrain de 4&nbsp;ha, \u00e0 1&nbsp;km de la charmante cit\u00e9 d&rsquo;Argenton-sur-Creuse.<\/p>\n<p>Le b\u00e2timent principal \u00e9tudi\u00e9 en fonction d&rsquo;imp\u00e9ratifs fonctionnels et esth\u00e9tiques est parfaitement int\u00e9gr\u00e9 dans un site qui compte parmi les plus beaux de France. L&rsquo;implantation des ateliers et les techniques de fabrication mises en \u0153uvre permettent d&rsquo;atteindre une production mensuelle de 80.000&nbsp;pi\u00e8ces couvrant la large gamme d&rsquo;articles des diff\u00e9rents d\u00e9partements de la firme.<\/p>\n<p>La Soci\u00e9t\u00e9 GRAVEREAUX dispose d\u00e9sormais, avec cette usine, de l&rsquo;outil qui lui permettra de soutenir sa progression et de confirmer la position qu&rsquo;elle a su acqu\u00e9rir dans cette branche de l&rsquo;\u00e9conomie nationale.<\/p>\n<div id=\"metaslider-id-6109\" style=\"max-width: 500px; margin: 0 auto;\" class=\"ml-slider-3-105-0 metaslider metaslider-flex metaslider-6109 ml-slider ms-theme-default nav-hidden\" role=\"region\" aria-label=\"Les Baignettes\" data-height=\"400\" data-width=\"500\">\n    <div id=\"metaslider_container_6109\">\n        <div id=\"metaslider_6109\" class=\"flexslider\">\n            <ul class='slides'>\n                <li style=\"display: block; width: 100%;\" class=\"slide-6124 ms-image \" aria-roledescription=\"slide\" data-date=\"2019-03-03 19:45:58\" data-filename=\"Usine-des-Baignettes-Dessin-1_wp-500x400.jpg\" data-slide-type=\"image\"><img data-recalc-dims=\"1\" loading=\"lazy\" decoding=\"async\" src=\"https:\/\/i0.wp.com\/lesgravereaux.marret.co\/wp-content\/uploads\/2019\/03\/Usine-des-Baignettes-Dessin-1_wp.jpg?resize=500%2C400&#038;ssl=1\" height=\"400\" width=\"500\" alt=\"\" class=\"slider-6109 slide-6124 msDefaultImage\" title=\"Usine des Baignettes - Dessin 1_wp\" \/><\/li>\n                <li style=\"display: none; width: 100%;\" class=\"slide-6123 ms-image \" aria-roledescription=\"slide\" data-date=\"2019-03-03 19:45:58\" data-filename=\"Usine-des-Baignettes-Dessin-2_wp-500x400.jpg\" data-slide-type=\"image\"><img data-recalc-dims=\"1\" loading=\"lazy\" decoding=\"async\" src=\"https:\/\/i0.wp.com\/lesgravereaux.marret.co\/wp-content\/uploads\/2019\/03\/Usine-des-Baignettes-Dessin-2_wp.jpg?resize=500%2C400&#038;ssl=1\" height=\"400\" width=\"500\" alt=\"\" class=\"slider-6109 slide-6123 msDefaultImage\" title=\"Usine des Baignettes - Dessin 2_wp\" \/><\/li>\n                <li style=\"display: none; width: 100%;\" class=\"slide-6122 ms-image \" aria-roledescription=\"slide\" data-date=\"2019-03-03 19:45:58\" data-filename=\"Usine-des-Baignettes-Dessin-2a_wp-371x297.jpg\" data-slide-type=\"image\"><img data-recalc-dims=\"1\" loading=\"lazy\" decoding=\"async\" src=\"https:\/\/i0.wp.com\/lesgravereaux.marret.co\/wp-content\/uploads\/2019\/03\/Usine-des-Baignettes-Dessin-2a_wp.jpg?resize=500%2C400&#038;ssl=1\" height=\"400\" width=\"500\" alt=\"\" class=\"slider-6109 slide-6122 msDefaultImage\" title=\"Usine des Baignettes - Dessin 2a_wp\" \/><\/li>\n                <li style=\"display: none; width: 100%;\" class=\"slide-6121 ms-image \" aria-roledescription=\"slide\" data-date=\"2019-03-03 19:45:57\" data-filename=\"Usine-des-Baignettes-Photo-01_wp-500x400.jpg\" data-slide-type=\"image\"><img data-recalc-dims=\"1\" loading=\"lazy\" decoding=\"async\" src=\"https:\/\/i0.wp.com\/lesgravereaux.marret.co\/wp-content\/uploads\/2019\/03\/Usine-des-Baignettes-Photo-01_wp.jpg?resize=500%2C400&#038;ssl=1\" height=\"400\" width=\"500\" alt=\"\" class=\"slider-6109 slide-6121 msDefaultImage\" title=\"Usine des Baignettes - Photo 01_wp\" \/><\/li>\n                <li style=\"display: none; width: 100%;\" class=\"slide-6120 ms-image \" aria-roledescription=\"slide\" data-date=\"2019-03-03 19:45:56\" data-filename=\"Usine-des-Baignettes-Photo-02_wp-500x400.jpg\" data-slide-type=\"image\"><img data-recalc-dims=\"1\" loading=\"lazy\" decoding=\"async\" src=\"https:\/\/i0.wp.com\/lesgravereaux.marret.co\/wp-content\/uploads\/2019\/03\/Usine-des-Baignettes-Photo-02_wp.jpg?resize=500%2C400&#038;ssl=1\" height=\"400\" width=\"500\" alt=\"\" class=\"slider-6109 slide-6120 msDefaultImage\" title=\"Usine des Baignettes - Photo 02_wp\" \/><\/li>\n                <li style=\"display: none; width: 100%;\" class=\"slide-6119 ms-image \" aria-roledescription=\"slide\" data-date=\"2019-03-03 19:45:55\" data-filename=\"Usine-des-Baignettes-Photo-03_wp-500x400.jpg\" data-slide-type=\"image\"><img data-recalc-dims=\"1\" loading=\"lazy\" decoding=\"async\" src=\"https:\/\/i0.wp.com\/lesgravereaux.marret.co\/wp-content\/uploads\/2019\/03\/Usine-des-Baignettes-Photo-03_wp.jpg?resize=500%2C400&#038;ssl=1\" height=\"400\" width=\"500\" alt=\"\" class=\"slider-6109 slide-6119 msDefaultImage\" title=\"Usine des Baignettes - Photo 03_wp\" \/><\/li>\n                <li style=\"display: none; width: 100%;\" class=\"slide-6118 ms-image \" aria-roledescription=\"slide\" data-date=\"2019-03-03 19:45:55\" data-filename=\"Usine-des-Baignettes-Photo-04_wp-500x400.jpg\" data-slide-type=\"image\"><img data-recalc-dims=\"1\" loading=\"lazy\" decoding=\"async\" src=\"https:\/\/i0.wp.com\/lesgravereaux.marret.co\/wp-content\/uploads\/2019\/03\/Usine-des-Baignettes-Photo-04_wp.jpg?resize=500%2C400&#038;ssl=1\" height=\"400\" width=\"500\" alt=\"\" class=\"slider-6109 slide-6118 msDefaultImage\" title=\"Usine des Baignettes - Photo 04_wp\" \/><\/li>\n                <li style=\"display: none; width: 100%;\" class=\"slide-6117 ms-image \" aria-roledescription=\"slide\" data-date=\"2019-03-03 19:45:55\" data-filename=\"Usine-des-Baignettes-Photo-05_wp-500x400.jpg\" data-slide-type=\"image\"><img data-recalc-dims=\"1\" loading=\"lazy\" decoding=\"async\" src=\"https:\/\/i0.wp.com\/lesgravereaux.marret.co\/wp-content\/uploads\/2019\/03\/Usine-des-Baignettes-Photo-05_wp.jpg?resize=500%2C400&#038;ssl=1\" height=\"400\" width=\"500\" alt=\"\" class=\"slider-6109 slide-6117 msDefaultImage\" title=\"Usine des Baignettes - Photo 05_wp\" \/><\/li>\n                <li style=\"display: none; width: 100%;\" class=\"slide-6116 ms-image \" aria-roledescription=\"slide\" data-date=\"2019-03-03 19:45:55\" data-filename=\"Usine-des-Baignettes-Photo-06_wp-500x400.jpg\" data-slide-type=\"image\"><img data-recalc-dims=\"1\" loading=\"lazy\" decoding=\"async\" src=\"https:\/\/i0.wp.com\/lesgravereaux.marret.co\/wp-content\/uploads\/2019\/03\/Usine-des-Baignettes-Photo-06_wp.jpg?resize=500%2C400&#038;ssl=1\" height=\"400\" width=\"500\" alt=\"\" class=\"slider-6109 slide-6116 msDefaultImage\" title=\"Usine des Baignettes - Photo 06_wp\" \/><\/li>\n                <li style=\"display: none; width: 100%;\" class=\"slide-6115 ms-image \" aria-roledescription=\"slide\" data-date=\"2019-03-03 19:45:55\" data-filename=\"Usine-des-Baignettes-Photo-07_wp-500x400.jpg\" data-slide-type=\"image\"><img data-recalc-dims=\"1\" loading=\"lazy\" decoding=\"async\" src=\"https:\/\/i0.wp.com\/lesgravereaux.marret.co\/wp-content\/uploads\/2019\/03\/Usine-des-Baignettes-Photo-07_wp.jpg?resize=500%2C400&#038;ssl=1\" height=\"400\" width=\"500\" alt=\"\" class=\"slider-6109 slide-6115 msDefaultImage\" title=\"Usine des Baignettes - Photo 07_wp\" \/><\/li>\n                <li style=\"display: none; width: 100%;\" class=\"slide-6114 ms-image \" aria-roledescription=\"slide\" data-date=\"2019-03-03 19:45:55\" data-filename=\"Usine-des-Baignettes-Photo-08_wp-500x400.jpg\" data-slide-type=\"image\"><img data-recalc-dims=\"1\" loading=\"lazy\" decoding=\"async\" src=\"https:\/\/i0.wp.com\/lesgravereaux.marret.co\/wp-content\/uploads\/2019\/03\/Usine-des-Baignettes-Photo-08_wp.jpg?resize=500%2C400&#038;ssl=1\" height=\"400\" width=\"500\" alt=\"\" class=\"slider-6109 slide-6114 msDefaultImage\" title=\"Usine des Baignettes - Photo 08_wp\" \/><\/li>\n                <li style=\"display: none; width: 100%;\" class=\"slide-6113 ms-image \" aria-roledescription=\"slide\" data-date=\"2019-03-03 19:45:55\" data-filename=\"Usine-des-Baignettes-Photo-09_wp-500x400.jpg\" data-slide-type=\"image\"><img data-recalc-dims=\"1\" loading=\"lazy\" decoding=\"async\" src=\"https:\/\/i0.wp.com\/lesgravereaux.marret.co\/wp-content\/uploads\/2019\/03\/Usine-des-Baignettes-Photo-09_wp.jpg?resize=500%2C400&#038;ssl=1\" height=\"400\" width=\"500\" alt=\"\" class=\"slider-6109 slide-6113 msDefaultImage\" title=\"Usine des Baignettes - Photo 09_wp\" \/><\/li>\n                <li style=\"display: none; width: 100%;\" class=\"slide-6112 ms-image \" aria-roledescription=\"slide\" data-date=\"2019-03-03 19:45:55\" data-filename=\"Usine-des-Baignettes-Photo-10_wp-500x400.jpg\" data-slide-type=\"image\"><img data-recalc-dims=\"1\" loading=\"lazy\" decoding=\"async\" src=\"https:\/\/i0.wp.com\/lesgravereaux.marret.co\/wp-content\/uploads\/2019\/03\/Usine-des-Baignettes-Photo-10_wp.jpg?resize=500%2C400&#038;ssl=1\" height=\"400\" width=\"500\" alt=\"\" class=\"slider-6109 slide-6112 msDefaultImage\" title=\"Usine des Baignettes - Photo 10_wp\" \/><\/li>\n                <li style=\"display: none; width: 100%;\" class=\"slide-6111 ms-image \" aria-roledescription=\"slide\" data-date=\"2019-03-03 19:45:55\" data-filename=\"Usine-des-Baignettes-Photo-11_wp-500x400.jpg\" data-slide-type=\"image\"><img data-recalc-dims=\"1\" loading=\"lazy\" decoding=\"async\" src=\"https:\/\/i0.wp.com\/lesgravereaux.marret.co\/wp-content\/uploads\/2019\/03\/Usine-des-Baignettes-Photo-11_wp.jpg?resize=500%2C400&#038;ssl=1\" height=\"400\" width=\"500\" alt=\"\" class=\"slider-6109 slide-6111 msDefaultImage\" title=\"Usine des Baignettes - Photo 11_wp\" \/><\/li>\n                <li style=\"display: none; width: 100%;\" class=\"slide-6110 ms-image \" aria-roledescription=\"slide\" data-date=\"2019-03-03 19:45:54\" data-filename=\"Usine-des-Baignettes-Photo-12_wp-500x400.jpg\" data-slide-type=\"image\"><img data-recalc-dims=\"1\" loading=\"lazy\" decoding=\"async\" src=\"https:\/\/i0.wp.com\/lesgravereaux.marret.co\/wp-content\/uploads\/2019\/03\/Usine-des-Baignettes-Photo-12_wp.jpg?resize=500%2C400&#038;ssl=1\" height=\"400\" width=\"500\" alt=\"\" class=\"slider-6109 slide-6110 msDefaultImage\" title=\"Usine des Baignettes - Photo 12_wp\" \/><\/li>\n            <\/ul>\n        <\/div>\n        \n    <\/div>\n<\/div>\n<p>Lire l&rsquo;article au complet : <a href=\"https:\/\/lesgravereaux.marret.co\/wp-content\/uploads\/2019\/03\/1964v-Une-construction-esth\u00e9tique-1.pdf\">1964v Une construction esth\u00e9tique 1<\/a><\/p>\n","protected":false},"excerpt":{"rendered":"<p>Une construction esth\u00e9tique et fonctionnelle L&rsquo;usine des \u00c9tablissements GRAVEREAUX \u00e0 Argenton-sur-Creuse (Indre) &nbsp;&nbsp; Architecte&nbsp;: Michel BODIN Extrait d&rsquo;article de revue La construction \u00e0 Argenton-sur-Creuse de la nouvelle usine des \u00c9tablissements GRAVEREAUX repr\u00e9sente une nouvelle \u00e9tape de l&rsquo;expansion d&rsquo;une firme ancienne &hellip; <a href=\"https:\/\/lesgravereaux.marret.co\/index.php\/les-etablissements-gravereaux\/argenton-la-sogec\/argenton-la-nouvelle-usine-des-baignettes\/\">Continuer la lecture <span class=\"meta-nav\">&rarr;<\/span><\/a><\/p>\n","protected":false},"author":1,"featured_media":0,"parent":2832,"menu_order":0,"comment_status":"closed","ping_status":"closed","template":"","meta":{"ngg_post_thumbnail":0,"jetpack_post_was_ever_published":false,"footnotes":""},"class_list":["post-6107","page","type-page","status-publish","hentry"],"jetpack_sharing_enabled":true,"jetpack_shortlink":"https:\/\/wp.me\/P7ERyi-1Av","jetpack-related-posts":[{"id":4488,"url":"https:\/\/lesgravereaux.marret.co\/index.php\/les-etablissements-gravereaux\/argenton-la-sogec\/1948-inauguration-de-la-nouvelle-usine-dargenton\/","url_meta":{"origin":6107,"position":0},"title":"1948 &#8211; Inauguration de la nouvelle usine d&rsquo;Argenton","author":"marretgravereaux","date":"11 juillet 2016","format":false,"excerpt":"En 1944, la famille Gravereaux ach\u00e8te\u00a0avec\u00a0la SOGEC (Soci\u00e9t\u00e9 G\u00e9n\u00e9rale d\u2019\u00c9quipement et de Confection) et, avec elle, le b\u00e2timent de\u00a0la manufacture Brillaud-Lemelle, au c\u0153ur de la\u00a0ville d'Argenton-sur-Creuse. R\u00e9am\u00e9nag\u00e9, celui-ci\u00a0devient\u00a0le centre des activit\u00e9s des \u00c9tablissements Gravereaux dans la Creuse. L'usine est officiellement inaugur\u00e9e en\u00a01948; la revue du CETIH (Centre d\u2019\u00c9tudes Techniques des\u2026","rel":"","context":"Article similaire","block_context":{"text":"Article similaire","link":""},"img":{"alt_text":"1948-05 Revue du CETIH - Inauguration_wp","src":"https:\/\/i0.wp.com\/lesgravereaux.marret.co\/wp-content\/uploads\/2016\/07\/1948-05-Revue-du-CETIH-Inauguration_wp-752x1024.jpg?resize=350%2C200","width":350,"height":200,"srcset":"https:\/\/i0.wp.com\/lesgravereaux.marret.co\/wp-content\/uploads\/2016\/07\/1948-05-Revue-du-CETIH-Inauguration_wp-752x1024.jpg?resize=350%2C200 1x, https:\/\/i0.wp.com\/lesgravereaux.marret.co\/wp-content\/uploads\/2016\/07\/1948-05-Revue-du-CETIH-Inauguration_wp-752x1024.jpg?resize=525%2C300 1.5x"},"classes":[]},{"id":2832,"url":"https:\/\/lesgravereaux.marret.co\/index.php\/les-etablissements-gravereaux\/argenton-la-sogec\/","url_meta":{"origin":6107,"position":1},"title":"Argenton &#8211; La SOGEC","author":"marretgravereaux","date":"20 mai 2016","format":false,"excerpt":"ou les \u00c9tablissements Gravereaux dans la Creuse Les \u00c9tablissements Gravereaux faisaient affaire, d\u00e8s 1930, avec un fa\u00e7onnier, propri\u00e9taire de deux ateliers, \u00e0 Argenton et \u00e0 Levroux. En 1940, pr\u00e9voyant l\u2019arriv\u00e9e des Allemands en r\u00e9gion parisienne, Ren\u00e9 Gravereaux d\u00e9cide de transf\u00e9rer les produits finis et les tissus de l\u2019usine de Boulogne-sur-Seine\u2026","rel":"","context":"Article similaire","block_context":{"text":"Article similaire","link":""},"img":{"alt_text":"","src":"https:\/\/i0.wp.com\/lesgravereaux.marret.co\/wp-content\/uploads\/2017\/06\/Argenton-et-la-Creuse-01.jpg?resize=350%2C200","width":350,"height":200},"classes":[]},{"id":3909,"url":"https:\/\/lesgravereaux.marret.co\/index.php\/les-etablissements-gravereaux\/argenton-la-sogec\/avril-1958-promotion-a-argenton\/","url_meta":{"origin":6107,"position":2},"title":"avril 1958 &#8211; Promotion \u00e0 Argenton","author":"marretgravereaux","date":"22 juin 2016","format":false,"excerpt":"En avril 1958, les \u00c9tablissements Gravereaux organisent une journ\u00e9e de promotion dans leur usine d\u2019Argenton. Celle-ci se d\u00e9roule autour de six activit\u00e9s : L'accueil, propice \u00e0 des\u00a0rencontres Une\u00a0visite\u00a0de l\u2019usine La promotion des produits des \u00c9tablissements Gravereaux Leur pr\u00e9sentation Un\u00a0d\u00e9fil\u00e9\u00a0de mode Des\u00a0repas Les photos pr\u00e9sent\u00e9es ici proviennent, pour la plupart, des\u2026","rel":"","context":"Article similaire","block_context":{"text":"Article similaire","link":""},"img":{"alt_text":"EtsGrA-OG(MdlC)1629w_wp","src":"https:\/\/i0.wp.com\/lesgravereaux.marret.co\/wp-content\/uploads\/2016\/05\/EtsGrA-OGMdlC1629w_wp.jpg?resize=350%2C200","width":350,"height":200},"classes":[]},{"id":4497,"url":"https:\/\/lesgravereaux.marret.co\/index.php\/les-etablissements-gravereaux\/les-etablissements-gravereaux-dans-la-presse\/","url_meta":{"origin":6107,"position":3},"title":"Les \u00c9tablissements Gravereaux&#8230; dans la presse","author":"marretgravereaux","date":"12 juillet 2016","format":false,"excerpt":"Au cours de son demi-si\u00e8cle d'existence, la Maison Gravereaux a fait l'objet de plusieurs reportages dans la presse \u00e9crite ou audiovisuelle. Les plus importants sont indiqu\u00e9s ci-apr\u00e8s; la liste\u00a0est certainement incompl\u00e8te et le lecteur est invit\u00e9 \u00e0 communiquer avec l'\u00e9dimestre responsable de ce site pour lui en sugg\u00e9rer d'autres. 1938,\u2026","rel":"","context":"Article similaire","block_context":{"text":"Article similaire","link":""},"img":{"alt_text":"","src":"","width":0,"height":0},"classes":[]},{"id":4506,"url":"https:\/\/lesgravereaux.marret.co\/index.php\/les-etablissements-gravereaux\/les-etablissements-gravereaux-dans-la-presse\/visite-a-lusine-triplefil\/","url_meta":{"origin":6107,"position":4},"title":"Visite \u00e0 l&rsquo;usine Triplefil","author":"marretgravereaux","date":"12 juillet 2016","format":false,"excerpt":"\u00a0 Dans les ann\u00e9es 1960, une revue - probablement V\u00eatir - juge opportun de publier un reportage sur la fabrication des chemises et d\u00e9cide de le faire dans l'usine des \u00c9tablissements Gravereaux \u00e0 Argenton-sur-Creuse. \u00a0 L'article complet, en version PDF\u00a0: 196x Vetir - Visite usine \u00a0","rel":"","context":"Article similaire","block_context":{"text":"Article similaire","link":""},"img":{"alt_text":"Visite \u00e0 l'usine Triplefil p64_wp","src":"https:\/\/i0.wp.com\/lesgravereaux.marret.co\/wp-content\/uploads\/2016\/07\/Visite-%C3%A0-lusine-Triplefil-p64_wp-799x1024.jpg?resize=350%2C200","width":350,"height":200},"classes":[]},{"id":2990,"url":"https:\/\/lesgravereaux.marret.co\/index.php\/les-etablissements-gravereaux\/argenton-la-sogec\/28-septembre-1964-inauguration-de-lusine-aux-baignettes\/","url_meta":{"origin":6107,"position":5},"title":"28 septembre 1964 &#8211; Inauguration de l&rsquo;usine aux Baignettes","author":"marretgravereaux","date":"22 mai 2016","format":false,"excerpt":"En 1957, les \u00c9tablissements Gravereaux d\u00e9cident de regrouper leurs divers ateliers et projettent la construction d\u2019une nouvelle usine \u00e0 Argenton-sur-Creuse, dans le quartier des Baignettes. Mais ce n\u2019est qu\u2019en 1963-1964 que celle-ci sera b\u00e2tie. L\u2019inauguration, en grande pompe, est pr\u00e9vue pour le 28 septembre 1964. Plusieurs invit\u00e9s sp\u00e9ciaux doivent venir\u2026","rel":"","context":"Article similaire","block_context":{"text":"Article similaire","link":""},"img":{"alt_text":"1964-09-21 Ets Gr - Invitation_wp","src":"https:\/\/i0.wp.com\/lesgravereaux.marret.co\/wp-content\/uploads\/2016\/05\/1964-09-21-Ets-Gr-Invitation_wp-782x1024.jpg?resize=350%2C200","width":350,"height":200},"classes":[]}],"_links":{"self":[{"href":"https:\/\/lesgravereaux.marret.co\/index.php\/wp-json\/wp\/v2\/pages\/6107","targetHints":{"allow":["GET"]}}],"collection":[{"href":"https:\/\/lesgravereaux.marret.co\/index.php\/wp-json\/wp\/v2\/pages"}],"about":[{"href":"https:\/\/lesgravereaux.marret.co\/index.php\/wp-json\/wp\/v2\/types\/page"}],"author":[{"embeddable":true,"href":"https:\/\/lesgravereaux.marret.co\/index.php\/wp-json\/wp\/v2\/users\/1"}],"replies":[{"embeddable":true,"href":"https:\/\/lesgravereaux.marret.co\/index.php\/wp-json\/wp\/v2\/comments?post=6107"}],"version-history":[{"count":0,"href":"https:\/\/lesgravereaux.marret.co\/index.php\/wp-json\/wp\/v2\/pages\/6107\/revisions"}],"up":[{"embeddable":true,"href":"https:\/\/lesgravereaux.marret.co\/index.php\/wp-json\/wp\/v2\/pages\/2832"}],"wp:attachment":[{"href":"https:\/\/lesgravereaux.marret.co\/index.php\/wp-json\/wp\/v2\/media?parent=6107"}],"curies":[{"name":"wp","href":"https:\/\/api.w.org\/{rel}","templated":true}]}}