{"id":603,"date":"2016-03-07T12:59:39","date_gmt":"2016-03-07T11:59:39","guid":{"rendered":"http:\/\/marret.co\/?page_id=603"},"modified":"2016-07-14T00:24:19","modified_gmt":"2016-07-13T23:24:19","slug":"croissy-la-propriete-ancelot-gravereaux","status":"publish","type":"page","link":"https:\/\/lesgravereaux.marret.co\/index.php\/la-famille-gravereaux\/croissy-la-propriete-ancelot-gravereaux\/","title":{"rendered":"Croissy &#8211; la propri\u00e9t\u00e9 Ancelot-Gravereaux"},"content":{"rendered":"<p>En 1883, Beno\u00eet-Donatien Caillau fait l\u2019acquisition d\u2019une maison \u00e0 Croissy-sur-Seine.<\/p>\n<p style=\"padding-left: 30px;\"><em>\u00ab\u00a0D&rsquo;une propri\u00e9t\u00e9 sise \u00e0 Croissy, canton de Saint-Germain-en-Laye, arrondissement de Versailles (Seine-et-Oise, le long de la Seine, berge de la Prairie, comprenant\u00a0: une maison d&rsquo;habitation \u00e9lev\u00e9e sur caves, d&rsquo;un rez-de-chauss\u00e9e, d&rsquo;un premier \u00e9tage carr\u00e9 et d\u2019un deuxi\u00e8me \u00e9tage mansard\u00e9\u00a0: Corps de b\u00e2timent servant de communs renfermant le logement du jardinier et les \u00e9curies, et remises, serre chaude, jardin. Le tout d&rsquo;une contenance superficielle de sept mille six cent soixante-six m\u00e8tres vingt-huit centi\u00e8mes d\u2019apr\u00e8s les titres, tient par devant \u00e0 la berge, au chemin de halage, par derri\u00e8re, MM.\u00a0Campenon et Desmarets, d\u2019un c\u00f4t\u00e9 \u00e0 gauche \u00e0 l&rsquo;avenue Jos\u00e9phine et d&rsquo;autre c\u00f4t\u00e9 \u00e0 droite, aux repr\u00e9sentants de M.\u00a0L\u00e9vy. \u00bb<\/em><\/p>\n<p style=\"padding-left: 60px;\"><span style=\"color: #000080;\"> Les d\u00e9tails de la vente apparaissent dans une <a href=\"https:\/\/lesgravereaux.marret.co\/index.php\/la-famille-gravereaux\/croissy-la-propriete-ancelot-gravereaux\/1883-acquisition-de-la-propriete-de-croissy-par-benoit-donatien-caillau\/\">publication<\/a> d&rsquo;un journal local<em>,<br \/>\nLe Courrier de Versailles.<\/em><\/span><\/p>\n<p>Apr\u00e8s sa mort, son \u00e9pouse, Marie-Jos\u00e9phine Jodon, continuera \u00e0 y habiter et au d\u00e9c\u00e8s de celle-ci, en 1902, c&rsquo;est sa petite-fille, Marthe Ancelot, qui en h\u00e9ritera. Ren\u00e9 Gravereaux, son mari, agrandira cette propri\u00e9t\u00e9 en faisant l\u2019acquisition d\u2019un terrain, avec deux maisons, sis avenue Augier.<\/p>\n<p><a href=\"https:\/\/i0.wp.com\/marret.co\/wp-content\/uploads\/2016\/03\/Croissy-Vue-prise-dans-lile_wp.jpg\" rel=\"attachment wp-att-437\"><img data-recalc-dims=\"1\" loading=\"lazy\" decoding=\"async\" data-attachment-id=\"437\" data-permalink=\"https:\/\/lesgravereaux.marret.co\/croissy-vue-prise-dans-lile_wp\/\" data-orig-file=\"https:\/\/i0.wp.com\/lesgravereaux.marret.co\/wp-content\/uploads\/2016\/03\/Croissy-Vue-prise-dans-lile_wp.jpg?fit=1575%2C1017&amp;ssl=1\" data-orig-size=\"1575,1017\" data-comments-opened=\"1\" data-image-meta=\"{&quot;aperture&quot;:&quot;0&quot;,&quot;credit&quot;:&quot;&quot;,&quot;camera&quot;:&quot;&quot;,&quot;caption&quot;:&quot;&quot;,&quot;created_timestamp&quot;:&quot;0&quot;,&quot;copyright&quot;:&quot;&quot;,&quot;focal_length&quot;:&quot;0&quot;,&quot;iso&quot;:&quot;0&quot;,&quot;shutter_speed&quot;:&quot;0&quot;,&quot;title&quot;:&quot;&quot;,&quot;orientation&quot;:&quot;1&quot;}\" data-image-title=\"Croissy &amp;#8211; Vue prise dans l&amp;rsquo;ile_wp\" data-image-description=\"\" data-image-caption=\"\" data-medium-file=\"https:\/\/i0.wp.com\/lesgravereaux.marret.co\/wp-content\/uploads\/2016\/03\/Croissy-Vue-prise-dans-lile_wp.jpg?fit=300%2C194&amp;ssl=1\" data-large-file=\"https:\/\/i0.wp.com\/lesgravereaux.marret.co\/wp-content\/uploads\/2016\/03\/Croissy-Vue-prise-dans-lile_wp.jpg?fit=640%2C413&amp;ssl=1\" class=\"wp-image-437 alignleft\" src=\"https:\/\/i0.wp.com\/marret.co\/wp-content\/uploads\/2016\/03\/Croissy-Vue-prise-dans-lile_wp-1024x661.jpg?resize=501%2C323\" alt=\"Croissy - Vue prise dans l'ile_wp\" width=\"501\" height=\"323\" data-wp-pid=\"437\" srcset=\"https:\/\/i0.wp.com\/lesgravereaux.marret.co\/wp-content\/uploads\/2016\/03\/Croissy-Vue-prise-dans-lile_wp.jpg?resize=1024%2C661&amp;ssl=1 1024w, https:\/\/i0.wp.com\/lesgravereaux.marret.co\/wp-content\/uploads\/2016\/03\/Croissy-Vue-prise-dans-lile_wp.jpg?resize=300%2C194&amp;ssl=1 300w, https:\/\/i0.wp.com\/lesgravereaux.marret.co\/wp-content\/uploads\/2016\/03\/Croissy-Vue-prise-dans-lile_wp.jpg?resize=768%2C496&amp;ssl=1 768w, https:\/\/i0.wp.com\/lesgravereaux.marret.co\/wp-content\/uploads\/2016\/03\/Croissy-Vue-prise-dans-lile_wp.jpg?resize=800%2C517&amp;ssl=1 800w, https:\/\/i0.wp.com\/lesgravereaux.marret.co\/wp-content\/uploads\/2016\/03\/Croissy-Vue-prise-dans-lile_wp.jpg?resize=600%2C387&amp;ssl=1 600w, https:\/\/i0.wp.com\/lesgravereaux.marret.co\/wp-content\/uploads\/2016\/03\/Croissy-Vue-prise-dans-lile_wp.jpg?w=1575&amp;ssl=1 1575w, https:\/\/i0.wp.com\/lesgravereaux.marret.co\/wp-content\/uploads\/2016\/03\/Croissy-Vue-prise-dans-lile_wp.jpg?w=1280&amp;ssl=1 1280w\" sizes=\"auto, (max-width: 501px) 100vw, 501px\" \/><\/a><\/p>\n<p><span style=\"font-size: 10pt;\">\u00c0 gauche, la \u00ab\u00a0grande maison\u00a0\u00bb, b\u00e2timent principal de la propri\u00e9t\u00e9; \u00e0 droite, la maison acquise par Raymond Gravereaux, avant que celui-ci la d\u00e9molisse pour faire construire la sienne.<\/span><\/p>\n<p>&nbsp;<\/p>\n<p>\u00c0 la fin des ann\u00e9es 1920, Madeleine Gravereaux (la s\u0153ur de Ren\u00e9) et son mari, Lucien Villeminot, achet\u00e8rent aussi une maison \u00e0 Croissy, voisine de la propri\u00e9t\u00e9 Gravereaux-Ancelot. Dans les ann\u00e9es 1950, <a href=\"https:\/\/lesgravereaux.marret.co\/index.php\/la-famille-gravereaux\/raymond-gravereaux\/\">Raymond Gravereaux <\/a>devint aussi r\u00e9sident de Croissy, ayant acquis la propri\u00e9t\u00e9 contig\u00fce \u00e0 celle de ses parents.<\/p>\n<p><a href=\"https:\/\/i0.wp.com\/marret.co\/wp-content\/uploads\/2016\/03\/Croissy-Tombe-Gravereaux-2009-01_032a_wp.jpg\" rel=\"attachment wp-att-436\"><img data-recalc-dims=\"1\" loading=\"lazy\" decoding=\"async\" data-attachment-id=\"436\" data-permalink=\"https:\/\/lesgravereaux.marret.co\/sony-dsc-3\/\" data-orig-file=\"https:\/\/i0.wp.com\/lesgravereaux.marret.co\/wp-content\/uploads\/2016\/03\/Croissy-Tombe-Gravereaux-2009-01_032a_wp.jpg?fit=1575%2C875&amp;ssl=1\" data-orig-size=\"1575,875\" data-comments-opened=\"1\" data-image-meta=\"{&quot;aperture&quot;:&quot;4.5&quot;,&quot;credit&quot;:&quot;&quot;,&quot;camera&quot;:&quot;DSLR-A100&quot;,&quot;caption&quot;:&quot;SONY DSC&quot;,&quot;created_timestamp&quot;:&quot;1232205967&quot;,&quot;copyright&quot;:&quot;&quot;,&quot;focal_length&quot;:&quot;28&quot;,&quot;iso&quot;:&quot;100&quot;,&quot;shutter_speed&quot;:&quot;0.02&quot;,&quot;title&quot;:&quot;SONY DSC&quot;,&quot;orientation&quot;:&quot;1&quot;}\" data-image-title=\"\" data-image-description=\"\" data-image-caption=\"\" data-medium-file=\"https:\/\/i0.wp.com\/lesgravereaux.marret.co\/wp-content\/uploads\/2016\/03\/Croissy-Tombe-Gravereaux-2009-01_032a_wp.jpg?fit=300%2C167&amp;ssl=1\" data-large-file=\"https:\/\/i0.wp.com\/lesgravereaux.marret.co\/wp-content\/uploads\/2016\/03\/Croissy-Tombe-Gravereaux-2009-01_032a_wp.jpg?fit=640%2C356&amp;ssl=1\" class=\"wp-image-436 alignright\" src=\"https:\/\/i0.wp.com\/marret.co\/wp-content\/uploads\/2016\/03\/Croissy-Tombe-Gravereaux-2009-01_032a_wp-1024x569.jpg?resize=300%2C167\" alt=\"\" width=\"300\" height=\"167\" data-wp-pid=\"436\" srcset=\"https:\/\/i0.wp.com\/lesgravereaux.marret.co\/wp-content\/uploads\/2016\/03\/Croissy-Tombe-Gravereaux-2009-01_032a_wp.jpg?resize=1024%2C569&amp;ssl=1 1024w, https:\/\/i0.wp.com\/lesgravereaux.marret.co\/wp-content\/uploads\/2016\/03\/Croissy-Tombe-Gravereaux-2009-01_032a_wp.jpg?resize=300%2C167&amp;ssl=1 300w, https:\/\/i0.wp.com\/lesgravereaux.marret.co\/wp-content\/uploads\/2016\/03\/Croissy-Tombe-Gravereaux-2009-01_032a_wp.jpg?resize=768%2C427&amp;ssl=1 768w, https:\/\/i0.wp.com\/lesgravereaux.marret.co\/wp-content\/uploads\/2016\/03\/Croissy-Tombe-Gravereaux-2009-01_032a_wp.jpg?resize=800%2C444&amp;ssl=1 800w, https:\/\/i0.wp.com\/lesgravereaux.marret.co\/wp-content\/uploads\/2016\/03\/Croissy-Tombe-Gravereaux-2009-01_032a_wp.jpg?resize=600%2C333&amp;ssl=1 600w, https:\/\/i0.wp.com\/lesgravereaux.marret.co\/wp-content\/uploads\/2016\/03\/Croissy-Tombe-Gravereaux-2009-01_032a_wp.jpg?w=1575&amp;ssl=1 1575w, https:\/\/i0.wp.com\/lesgravereaux.marret.co\/wp-content\/uploads\/2016\/03\/Croissy-Tombe-Gravereaux-2009-01_032a_wp.jpg?w=1280&amp;ssl=1 1280w\" sizes=\"auto, (max-width: 300px) 100vw, 300px\" \/><\/a>Au fil des ans, de nombreux membres de la famille y pass\u00e8rent des vacances, certains y habit\u00e8rent en permanence; des bapt\u00eames ainsi des mariages y furent c\u00e9l\u00e9br\u00e9s et plusieurs y ont \u00e9t\u00e9 enterr\u00e9s. Quelques-uns y demeurent encore actuellement.<br \/>\nPendant plus d\u2019un si\u00e8cle, l\u2019histoire de la famille Gravereaux est donc associ\u00e9e \u00e0 la ville de Croissy.<\/p>\n<p><a href=\"https:\/\/i0.wp.com\/marret.co\/wp-content\/uploads\/2016\/03\/Panneau-Croissy-GL006_wp.jpg\" rel=\"attachment wp-att-438\"><img data-recalc-dims=\"1\" loading=\"lazy\" decoding=\"async\" data-attachment-id=\"438\" data-permalink=\"https:\/\/lesgravereaux.marret.co\/olympus-digital-camera\/\" data-orig-file=\"https:\/\/i0.wp.com\/lesgravereaux.marret.co\/wp-content\/uploads\/2016\/03\/Panneau-Croissy-GL006_wp.jpg?fit=1102%2C827&amp;ssl=1\" data-orig-size=\"1102,827\" data-comments-opened=\"1\" data-image-meta=\"{&quot;aperture&quot;:&quot;3.1&quot;,&quot;credit&quot;:&quot;&quot;,&quot;camera&quot;:&quot;X200,D560Z,C350Z&quot;,&quot;caption&quot;:&quot;OLYMPUS DIGITAL CAMERA&quot;,&quot;created_timestamp&quot;:&quot;1230992178&quot;,&quot;copyright&quot;:&quot;&quot;,&quot;focal_length&quot;:&quot;5.8&quot;,&quot;iso&quot;:&quot;64&quot;,&quot;shutter_speed&quot;:&quot;0.00625&quot;,&quot;title&quot;:&quot;OLYMPUS DIGITAL CAMERA&quot;,&quot;orientation&quot;:&quot;1&quot;}\" data-image-title=\"Panneau-Croissy-GL006_wp\" data-image-description=\"\" data-image-caption=\"\" data-medium-file=\"https:\/\/i0.wp.com\/lesgravereaux.marret.co\/wp-content\/uploads\/2016\/03\/Panneau-Croissy-GL006_wp.jpg?fit=300%2C225&amp;ssl=1\" data-large-file=\"https:\/\/i0.wp.com\/lesgravereaux.marret.co\/wp-content\/uploads\/2016\/03\/Panneau-Croissy-GL006_wp.jpg?fit=640%2C480&amp;ssl=1\" class=\"wp-image-438 aligncenter\" src=\"https:\/\/i0.wp.com\/marret.co\/wp-content\/uploads\/2016\/03\/Panneau-Croissy-GL006_wp-1024x768.jpg?resize=202%2C151\" alt=\"\" width=\"202\" height=\"151\" data-wp-pid=\"438\" srcset=\"https:\/\/i0.wp.com\/lesgravereaux.marret.co\/wp-content\/uploads\/2016\/03\/Panneau-Croissy-GL006_wp.jpg?resize=1024%2C768&amp;ssl=1 1024w, https:\/\/i0.wp.com\/lesgravereaux.marret.co\/wp-content\/uploads\/2016\/03\/Panneau-Croissy-GL006_wp.jpg?resize=300%2C225&amp;ssl=1 300w, https:\/\/i0.wp.com\/lesgravereaux.marret.co\/wp-content\/uploads\/2016\/03\/Panneau-Croissy-GL006_wp.jpg?resize=768%2C576&amp;ssl=1 768w, https:\/\/i0.wp.com\/lesgravereaux.marret.co\/wp-content\/uploads\/2016\/03\/Panneau-Croissy-GL006_wp.jpg?resize=800%2C600&amp;ssl=1 800w, https:\/\/i0.wp.com\/lesgravereaux.marret.co\/wp-content\/uploads\/2016\/03\/Panneau-Croissy-GL006_wp.jpg?resize=600%2C450&amp;ssl=1 600w, https:\/\/i0.wp.com\/lesgravereaux.marret.co\/wp-content\/uploads\/2016\/03\/Panneau-Croissy-GL006_wp.jpg?w=1102&amp;ssl=1 1102w\" sizes=\"auto, (max-width: 202px) 100vw, 202px\" \/><\/a><\/p>\n<hr \/>\n<p style=\"text-align: center;\"><strong>L&rsquo;acquisition de Ren\u00e9 Gravereaux&#8230;<\/strong><\/p>\n<p><a href=\"https:\/\/i0.wp.com\/marret.co\/wp-content\/uploads\/2016\/03\/Croissy-Cadastre_wp.jpg\" rel=\"attachment wp-att-445\"><img data-recalc-dims=\"1\" loading=\"lazy\" decoding=\"async\" data-attachment-id=\"445\" data-permalink=\"https:\/\/lesgravereaux.marret.co\/croissy-cadastre_wp\/\" data-orig-file=\"https:\/\/i0.wp.com\/lesgravereaux.marret.co\/wp-content\/uploads\/2016\/03\/Croissy-Cadastre_wp.jpg?fit=3000%2C2277&amp;ssl=1\" data-orig-size=\"3000,2277\" data-comments-opened=\"1\" data-image-meta=\"{&quot;aperture&quot;:&quot;0&quot;,&quot;credit&quot;:&quot;&quot;,&quot;camera&quot;:&quot;&quot;,&quot;caption&quot;:&quot;&quot;,&quot;created_timestamp&quot;:&quot;0&quot;,&quot;copyright&quot;:&quot;&quot;,&quot;focal_length&quot;:&quot;0&quot;,&quot;iso&quot;:&quot;0&quot;,&quot;shutter_speed&quot;:&quot;0&quot;,&quot;title&quot;:&quot;&quot;,&quot;orientation&quot;:&quot;1&quot;}\" data-image-title=\"Croissy &amp;#8211; Cadastre_wp\" data-image-description=\"\" data-image-caption=\"\" data-medium-file=\"https:\/\/i0.wp.com\/lesgravereaux.marret.co\/wp-content\/uploads\/2016\/03\/Croissy-Cadastre_wp.jpg?fit=300%2C228&amp;ssl=1\" data-large-file=\"https:\/\/i0.wp.com\/lesgravereaux.marret.co\/wp-content\/uploads\/2016\/03\/Croissy-Cadastre_wp.jpg?fit=640%2C486&amp;ssl=1\" class=\"alignnone size-large wp-image-445\" src=\"https:\/\/i0.wp.com\/marret.co\/wp-content\/uploads\/2016\/03\/Croissy-Cadastre_wp-1024x777.jpg?resize=640%2C486\" alt=\"Croissy - Cadastre_wp\" width=\"640\" height=\"486\" data-wp-pid=\"445\" srcset=\"https:\/\/i0.wp.com\/lesgravereaux.marret.co\/wp-content\/uploads\/2016\/03\/Croissy-Cadastre_wp.jpg?resize=1024%2C777&amp;ssl=1 1024w, https:\/\/i0.wp.com\/lesgravereaux.marret.co\/wp-content\/uploads\/2016\/03\/Croissy-Cadastre_wp.jpg?resize=300%2C228&amp;ssl=1 300w, https:\/\/i0.wp.com\/lesgravereaux.marret.co\/wp-content\/uploads\/2016\/03\/Croissy-Cadastre_wp.jpg?resize=768%2C583&amp;ssl=1 768w, https:\/\/i0.wp.com\/lesgravereaux.marret.co\/wp-content\/uploads\/2016\/03\/Croissy-Cadastre_wp.jpg?resize=800%2C607&amp;ssl=1 800w, https:\/\/i0.wp.com\/lesgravereaux.marret.co\/wp-content\/uploads\/2016\/03\/Croissy-Cadastre_wp.jpg?resize=600%2C455&amp;ssl=1 600w, https:\/\/i0.wp.com\/lesgravereaux.marret.co\/wp-content\/uploads\/2016\/03\/Croissy-Cadastre_wp.jpg?w=1280&amp;ssl=1 1280w, https:\/\/i0.wp.com\/lesgravereaux.marret.co\/wp-content\/uploads\/2016\/03\/Croissy-Cadastre_wp.jpg?w=1920&amp;ssl=1 1920w\" sizes=\"auto, (max-width: 640px) 100vw, 640px\" \/><\/a><\/p>\n","protected":false},"excerpt":{"rendered":"<p>En 1883, Beno\u00eet-Donatien Caillau fait l\u2019acquisition d\u2019une maison \u00e0 Croissy-sur-Seine. \u00ab\u00a0D&rsquo;une propri\u00e9t\u00e9 sise \u00e0 Croissy, canton de Saint-Germain-en-Laye, arrondissement de Versailles (Seine-et-Oise, le long de la Seine, berge de la Prairie, comprenant\u00a0: une maison d&rsquo;habitation \u00e9lev\u00e9e sur caves, d&rsquo;un rez-de-chauss\u00e9e, &hellip; <a href=\"https:\/\/lesgravereaux.marret.co\/index.php\/la-famille-gravereaux\/croissy-la-propriete-ancelot-gravereaux\/\">Continuer la lecture <span class=\"meta-nav\">&rarr;<\/span><\/a><\/p>\n","protected":false},"author":1,"featured_media":0,"parent":645,"menu_order":0,"comment_status":"closed","ping_status":"closed","template":"","meta":{"ngg_post_thumbnail":0,"jetpack_post_was_ever_published":false,"footnotes":""},"class_list":["post-603","page","type-page","status-publish","hentry"],"jetpack_sharing_enabled":true,"jetpack_shortlink":"https:\/\/wp.me\/P7ERyi-9J","jetpack-related-posts":[{"id":4541,"url":"https:\/\/lesgravereaux.marret.co\/index.php\/la-famille-gravereaux\/croissy-la-propriete-ancelot-gravereaux\/1883-acquisition-de-la-propriete-de-croissy-par-benoit-donatien-caillau\/","url_meta":{"origin":603,"position":0},"title":"1883 &#8211; Acquisition de la propri\u00e9t\u00e9 de Croissy par Beno\u00eet Donatien Caillau","author":"marretgravereaux","date":"14 juillet 2016","format":false,"excerpt":"Le 18 mai 1883, Beno\u00eet-Donatien Caillau se porte acqu\u00e9reur de la propri\u00e9t\u00e9 ant\u00e9rieurement d\u00e9tenue par un banquier de l'\u00e9poque, Aaron Victor Saint-Paul (1820-1888); celui-ci a\u00a0\u00e9t\u00e9\u00a0tr\u00e9sorier du Consistoire Isra\u00e9lite de Paris et le fondateur de nombreuses \u0153uvres de bienfaisance. Il avait fait \u00e9difier la \u00ab\u00a0grande\u00a0\u00bb maison en 1858... Comme la vente\u00a0\u00e9t\u00e9\u2026","rel":"","context":"Article similaire","block_context":{"text":"Article similaire","link":""},"img":{"alt_text":"Croissy-sur-Seine - Berge de la Prairie (vers 1900) T_wp","src":"https:\/\/i0.wp.com\/lesgravereaux.marret.co\/wp-content\/uploads\/2016\/07\/Croissy-sur-Seine-Berge-de-la-Prairie-vers-1900-T_wp.jpg?resize=350%2C200","width":350,"height":200},"classes":[]},{"id":1238,"url":"https:\/\/lesgravereaux.marret.co\/index.php\/la-famille-gravereaux\/croissy-la-propriete-ancelot-gravereaux\/la-propriete-de-croissy-vu-par\/","url_meta":{"origin":603,"position":1},"title":"Croissy, vu par&#8230; Raymond Gravereaux et Gilles Thin","author":"marretgravereaux","date":"19 mars 2016","format":false,"excerpt":"Raymond Gravereaux et Gilles Thin, son gendre, ont peint \u2014 chacun \u00e0 leur \u00e9poque et \u00e0 leur fa\u00e7on \u2014 une partie de la propri\u00e9t\u00e9 de Croissy... . La grande maison par\u00a0Raymond Gravereaux juin 1925 (collection Jean-Luc Marret) . Le salon par\u00a0Raymond Gravereaux 1930 (collection Jean-Luc Marret) \u00a0 . Le billard\u2026","rel":"","context":"Article similaire","block_context":{"text":"Article similaire","link":""},"img":{"alt_text":"1925-06 GRAVEREAUX, Raymond - La grande maison de Croissy a wp","src":"https:\/\/i0.wp.com\/marret.co\/wp-content\/uploads\/2016\/02\/1925-06-GRAVEREAUX-Raymond-La-grande-maison-de-Croissy-a-wp-1024x860.jpg?resize=350%2C200","width":350,"height":200},"classes":[]},{"id":3640,"url":"https:\/\/lesgravereaux.marret.co\/index.php\/la-famille-gravereaux\/raymond-gravereaux\/raymond-gravereaux-dessins-et-peintures\/","url_meta":{"origin":603,"position":2},"title":"Raymond Gravereaux &#8211; Dessins et peintures","author":"marretgravereaux","date":"16 juin 2016","format":false,"excerpt":"Dans les ann\u00e9es 1920, Raymond Gravereaux se pr\u00e9pare \u00e0 devenir architecte et l'\u00c9cole des Beaux-Arts est sa porte d'entr\u00e9e. Il d\u00e9veloppe d\u00e9j\u00e0 ses talents de dessinateur en crayonnant et peignant, chaque fois que l'occasion se pr\u00e9sente. La propri\u00e9t\u00e9 de ses parents ou les lieux qu'il visite sont autant d'opportunit\u00e9s pour\u2026","rel":"","context":"Article similaire","block_context":{"text":"Article similaire","link":""},"img":{"alt_text":"1925-06 GRAVEREAUX, Raymond - La grande maison de Croissy a wp","src":"https:\/\/i0.wp.com\/lesgravereaux.marret.co\/wp-content\/uploads\/2016\/02\/1925-06-GRAVEREAUX-Raymond-La-grande-maison-de-Croissy-a-wp-1024x860.jpg?resize=350%2C200","width":350,"height":200},"classes":[]},{"id":2481,"url":"https:\/\/lesgravereaux.marret.co\/index.php\/la-famille-gravereaux\/robert-gravereaux\/","url_meta":{"origin":603,"position":3},"title":"Robert Gravereaux","author":"marretgravereaux","date":"11 mai 2016","format":false,"excerpt":"Robert Gravereaux est n\u00e9 \u00e0 Croissy-sur-Seine, le 27 mai 1917. Lieutenant au 5e\u00a0Bataillon de chasseurs \u00e0 pied, il a\u00a0\u00e9t\u00e9 bless\u00e9 \u00e0 Boulogne-sur-Mer, lors du si\u00e8ge de la ville par les Allemands, le 25\u00a0mai\u00a01940; il d\u00e9c\u00e8de de ses blessures le 28\u00a0mai. Le Matin, 25 octobre 1940 \u00a0 \u00a0 Le dossier \u00ab\u00a0M\u00e9moire\u2026","rel":"","context":"Article similaire","block_context":{"text":"Article similaire","link":""},"img":{"alt_text":"Le Matin - 25 octobre 1940","src":"https:\/\/i0.wp.com\/lesgravereaux.marret.co\/wp-content\/uploads\/2016\/05\/1940-10-25-Gravereaux-Robert-D%C3%A9c%C3%A8s-Le-Matin_wp.jpg?resize=350%2C200","width":350,"height":200},"classes":[]},{"id":2531,"url":"https:\/\/lesgravereaux.marret.co\/index.php\/la-famille-gravereaux\/robert-gravereaux\/croissy-vu-par-robert-gravereaux\/","url_meta":{"origin":603,"position":4},"title":"Croissy&#8230; vu par Robert Gravereaux","author":"marretgravereaux","date":"12 mai 2016","format":false,"excerpt":"Croissy, son jardin familial, les gens qui y passent, tout est pr\u00e9texte pour des aquarelles. Et Robert Gravereaux ne se prive pas de sortir son carnet\u2026 \u00a0 \u00a0 \u00a0 \u00a0","rel":"","context":"Article similaire","block_context":{"text":"Article similaire","link":""},"img":{"alt_text":"Gravereaux, Robert 11-1a wp","src":"https:\/\/i0.wp.com\/lesgravereaux.marret.co\/wp-content\/uploads\/2016\/05\/Gravereaux-Robert-11-1a-wp-1024x629.jpg?resize=350%2C200","width":350,"height":200},"classes":[]},{"id":654,"url":"https:\/\/lesgravereaux.marret.co\/index.php\/jean-claude-pascal\/","url_meta":{"origin":603,"position":5},"title":"Jean-Claude Pascal","author":"marretgravereaux","date":"7 mars 2016","format":false,"excerpt":"Jean-Claude VILLEMINOT est n\u00e9 \u00e0 Paris le 24 octobre 1927.Il est le fils de Roger Maurice No\u00ebl VILLEMINOT (23 d\u00e9cembre 1903 \u2013 28 mars 1928) et de Arlette Jeanne Marie Madeleine LEMOINE (18 ao\u00fbt 1908 \u2014 29 janvier 2009). Son p\u00e8re \u00e9tant d\u00e9c\u00e9d\u00e9 alors qu\u2019il n\u2019a que quelques mois, il\u2026","rel":"","context":"Article similaire","block_context":{"text":"Article similaire","link":""},"img":{"alt_text":"2004 Jean-Claude Pascal - Sa garde-robe, de l'etre au paraitre c4a","src":"https:\/\/i0.wp.com\/marret.co\/wp-content\/uploads\/2016\/03\/2004-Jean-Claude-Pascal-Sa-garde-robe-de-letre-au-paraitre-c4a-713x1024.jpg?resize=350%2C200","width":350,"height":200},"classes":[]}],"_links":{"self":[{"href":"https:\/\/lesgravereaux.marret.co\/index.php\/wp-json\/wp\/v2\/pages\/603","targetHints":{"allow":["GET"]}}],"collection":[{"href":"https:\/\/lesgravereaux.marret.co\/index.php\/wp-json\/wp\/v2\/pages"}],"about":[{"href":"https:\/\/lesgravereaux.marret.co\/index.php\/wp-json\/wp\/v2\/types\/page"}],"author":[{"embeddable":true,"href":"https:\/\/lesgravereaux.marret.co\/index.php\/wp-json\/wp\/v2\/users\/1"}],"replies":[{"embeddable":true,"href":"https:\/\/lesgravereaux.marret.co\/index.php\/wp-json\/wp\/v2\/comments?post=603"}],"version-history":[{"count":0,"href":"https:\/\/lesgravereaux.marret.co\/index.php\/wp-json\/wp\/v2\/pages\/603\/revisions"}],"up":[{"embeddable":true,"href":"https:\/\/lesgravereaux.marret.co\/index.php\/wp-json\/wp\/v2\/pages\/645"}],"wp:attachment":[{"href":"https:\/\/lesgravereaux.marret.co\/index.php\/wp-json\/wp\/v2\/media?parent=603"}],"curies":[{"name":"wp","href":"https:\/\/api.w.org\/{rel}","templated":true}]}}