{"id":5960,"date":"2018-12-26T18:53:26","date_gmt":"2018-12-26T17:53:26","guid":{"rendered":"http:\/\/lesgravereaux.marret.co\/?page_id=5960"},"modified":"2019-02-27T09:41:04","modified_gmt":"2019-02-27T08:41:04","slug":"1959-henry-gerard-gravereaux-expose-a-paris","status":"publish","type":"page","link":"https:\/\/lesgravereaux.marret.co\/index.php\/la-famille-gravereaux\/gerard-gravereaux\/henry-gerard-gravereaux-sexpose\/1959-henry-gerard-gravereaux-expose-a-paris\/","title":{"rendered":"1959 &#8211; Henry-G\u00e9rard Gravereaux expose \u00e0 Paris"},"content":{"rendered":"\r\n<h4 class=\"wp-block-heading\"><strong>Galerie Paul C\u00e9zanne, Paris. 12&nbsp;mars \u2013 28&nbsp;mars 1959.<\/strong><\/h4>\r\n\r\n\r\n\r\n<figure class=\"wp-block-image is-resized\"><img data-recalc-dims=\"1\" loading=\"lazy\" decoding=\"async\" data-attachment-id=\"5873\" data-permalink=\"https:\/\/lesgravereaux.marret.co\/1959-03-12-exposition-henry-gerard-gravereaux-vernissage-2a_wp\/\" data-orig-file=\"https:\/\/i0.wp.com\/lesgravereaux.marret.co\/wp-content\/uploads\/2018\/12\/1959-03-12-Exposition-Henry-G%C3%A9rard-Gravereaux-Vernissage-2a_wp.jpg?fit=1575%2C682&amp;ssl=1\" data-orig-size=\"1575,682\" data-comments-opened=\"1\" data-image-meta=\"{&quot;aperture&quot;:&quot;0&quot;,&quot;credit&quot;:&quot;&quot;,&quot;camera&quot;:&quot;&quot;,&quot;caption&quot;:&quot;&quot;,&quot;created_timestamp&quot;:&quot;0&quot;,&quot;copyright&quot;:&quot;&quot;,&quot;focal_length&quot;:&quot;0&quot;,&quot;iso&quot;:&quot;0&quot;,&quot;shutter_speed&quot;:&quot;0&quot;,&quot;title&quot;:&quot;&quot;,&quot;orientation&quot;:&quot;1&quot;}\" data-image-title=\"1959-03-12 Exposition Henry G\u00e9rard Gravereaux &amp;#8211; Vernissage 2a_wp\" data-image-description=\"\" data-image-caption=\"\" data-medium-file=\"https:\/\/i0.wp.com\/lesgravereaux.marret.co\/wp-content\/uploads\/2018\/12\/1959-03-12-Exposition-Henry-G%C3%A9rard-Gravereaux-Vernissage-2a_wp.jpg?fit=300%2C130&amp;ssl=1\" data-large-file=\"https:\/\/i0.wp.com\/lesgravereaux.marret.co\/wp-content\/uploads\/2018\/12\/1959-03-12-Exposition-Henry-G%C3%A9rard-Gravereaux-Vernissage-2a_wp.jpg?fit=640%2C277&amp;ssl=1\" class=\"wp-image-5873\" src=\"https:\/\/i0.wp.com\/lesgravereaux.marret.co\/wp-content\/uploads\/2018\/12\/1959-03-12-Exposition-Henry-G%C3%A9rard-Gravereaux-Vernissage-2a_wp.jpg?resize=444%2C191&#038;ssl=1\" alt=\"\" width=\"444\" height=\"191\" srcset=\"https:\/\/i0.wp.com\/lesgravereaux.marret.co\/wp-content\/uploads\/2018\/12\/1959-03-12-Exposition-Henry-G%C3%A9rard-Gravereaux-Vernissage-2a_wp.jpg?resize=1024%2C443&amp;ssl=1 1024w, https:\/\/i0.wp.com\/lesgravereaux.marret.co\/wp-content\/uploads\/2018\/12\/1959-03-12-Exposition-Henry-G%C3%A9rard-Gravereaux-Vernissage-2a_wp.jpg?resize=300%2C130&amp;ssl=1 300w, https:\/\/i0.wp.com\/lesgravereaux.marret.co\/wp-content\/uploads\/2018\/12\/1959-03-12-Exposition-Henry-G%C3%A9rard-Gravereaux-Vernissage-2a_wp.jpg?resize=800%2C346&amp;ssl=1 800w, https:\/\/i0.wp.com\/lesgravereaux.marret.co\/wp-content\/uploads\/2018\/12\/1959-03-12-Exposition-Henry-G%C3%A9rard-Gravereaux-Vernissage-2a_wp.jpg?resize=600%2C260&amp;ssl=1 600w, https:\/\/i0.wp.com\/lesgravereaux.marret.co\/wp-content\/uploads\/2018\/12\/1959-03-12-Exposition-Henry-G%C3%A9rard-Gravereaux-Vernissage-2a_wp.jpg?w=1575&amp;ssl=1 1575w, https:\/\/i0.wp.com\/lesgravereaux.marret.co\/wp-content\/uploads\/2018\/12\/1959-03-12-Exposition-Henry-G%C3%A9rard-Gravereaux-Vernissage-2a_wp.jpg?w=1280&amp;ssl=1 1280w\" sizes=\"auto, (max-width: 444px) 100vw, 444px\" \/><\/figure>\r\n\r\n\r\n\r\n<div class=\"wp-block-image\">\r\n<figure class=\"aligncenter is-resized\"><img data-recalc-dims=\"1\" loading=\"lazy\" decoding=\"async\" data-attachment-id=\"5875\" data-permalink=\"https:\/\/lesgravereaux.marret.co\/1959-03-12-exposition-henry-gerard-gravereaux-vernissage-4a_wp\/\" data-orig-file=\"https:\/\/i0.wp.com\/lesgravereaux.marret.co\/wp-content\/uploads\/2018\/12\/1959-03-12-Exposition-Henry-G%C3%A9rard-Gravereaux-Vernissage-4a_wp.jpg?fit=1575%2C704&amp;ssl=1\" data-orig-size=\"1575,704\" data-comments-opened=\"1\" data-image-meta=\"{&quot;aperture&quot;:&quot;0&quot;,&quot;credit&quot;:&quot;&quot;,&quot;camera&quot;:&quot;&quot;,&quot;caption&quot;:&quot;&quot;,&quot;created_timestamp&quot;:&quot;0&quot;,&quot;copyright&quot;:&quot;&quot;,&quot;focal_length&quot;:&quot;0&quot;,&quot;iso&quot;:&quot;0&quot;,&quot;shutter_speed&quot;:&quot;0&quot;,&quot;title&quot;:&quot;&quot;,&quot;orientation&quot;:&quot;1&quot;}\" data-image-title=\"1959-03-12 Exposition Henry G\u00e9rard Gravereaux &amp;#8211; Vernissage 4a_wp\" data-image-description=\"\" data-image-caption=\"\" data-medium-file=\"https:\/\/i0.wp.com\/lesgravereaux.marret.co\/wp-content\/uploads\/2018\/12\/1959-03-12-Exposition-Henry-G%C3%A9rard-Gravereaux-Vernissage-4a_wp.jpg?fit=300%2C134&amp;ssl=1\" data-large-file=\"https:\/\/i0.wp.com\/lesgravereaux.marret.co\/wp-content\/uploads\/2018\/12\/1959-03-12-Exposition-Henry-G%C3%A9rard-Gravereaux-Vernissage-4a_wp.jpg?fit=640%2C286&amp;ssl=1\" class=\"wp-image-5875\" src=\"https:\/\/i0.wp.com\/lesgravereaux.marret.co\/wp-content\/uploads\/2018\/12\/1959-03-12-Exposition-Henry-G%C3%A9rard-Gravereaux-Vernissage-4a_wp.jpg?resize=438%2C196&#038;ssl=1\" alt=\"\" width=\"438\" height=\"196\" srcset=\"https:\/\/i0.wp.com\/lesgravereaux.marret.co\/wp-content\/uploads\/2018\/12\/1959-03-12-Exposition-Henry-G%C3%A9rard-Gravereaux-Vernissage-4a_wp.jpg?resize=1024%2C458&amp;ssl=1 1024w, https:\/\/i0.wp.com\/lesgravereaux.marret.co\/wp-content\/uploads\/2018\/12\/1959-03-12-Exposition-Henry-G%C3%A9rard-Gravereaux-Vernissage-4a_wp.jpg?resize=300%2C134&amp;ssl=1 300w, https:\/\/i0.wp.com\/lesgravereaux.marret.co\/wp-content\/uploads\/2018\/12\/1959-03-12-Exposition-Henry-G%C3%A9rard-Gravereaux-Vernissage-4a_wp.jpg?resize=768%2C343&amp;ssl=1 768w, https:\/\/i0.wp.com\/lesgravereaux.marret.co\/wp-content\/uploads\/2018\/12\/1959-03-12-Exposition-Henry-G%C3%A9rard-Gravereaux-Vernissage-4a_wp.jpg?resize=800%2C358&amp;ssl=1 800w, https:\/\/i0.wp.com\/lesgravereaux.marret.co\/wp-content\/uploads\/2018\/12\/1959-03-12-Exposition-Henry-G%C3%A9rard-Gravereaux-Vernissage-4a_wp.jpg?resize=600%2C268&amp;ssl=1 600w, https:\/\/i0.wp.com\/lesgravereaux.marret.co\/wp-content\/uploads\/2018\/12\/1959-03-12-Exposition-Henry-G%C3%A9rard-Gravereaux-Vernissage-4a_wp.jpg?w=1575&amp;ssl=1 1575w, https:\/\/i0.wp.com\/lesgravereaux.marret.co\/wp-content\/uploads\/2018\/12\/1959-03-12-Exposition-Henry-G%C3%A9rard-Gravereaux-Vernissage-4a_wp.jpg?w=1280&amp;ssl=1 1280w\" sizes=\"auto, (max-width: 438px) 100vw, 438px\" \/><\/figure>\r\n<\/div>\r\n\r\n\r\n\r\n<figure class=\"wp-block-image is-resized\"><img data-recalc-dims=\"1\" loading=\"lazy\" decoding=\"async\" data-attachment-id=\"5874\" data-permalink=\"https:\/\/lesgravereaux.marret.co\/1959-03-12-exposition-henry-gerard-gravereaux-vernissage-3a_wp\/\" data-orig-file=\"https:\/\/i0.wp.com\/lesgravereaux.marret.co\/wp-content\/uploads\/2018\/12\/1959-03-12-Exposition-Henry-G%C3%A9rard-Gravereaux-Vernissage-3a_wp.jpg?fit=1582%2C728&amp;ssl=1\" data-orig-size=\"1582,728\" data-comments-opened=\"1\" data-image-meta=\"{&quot;aperture&quot;:&quot;0&quot;,&quot;credit&quot;:&quot;&quot;,&quot;camera&quot;:&quot;&quot;,&quot;caption&quot;:&quot;&quot;,&quot;created_timestamp&quot;:&quot;0&quot;,&quot;copyright&quot;:&quot;&quot;,&quot;focal_length&quot;:&quot;0&quot;,&quot;iso&quot;:&quot;0&quot;,&quot;shutter_speed&quot;:&quot;0&quot;,&quot;title&quot;:&quot;&quot;,&quot;orientation&quot;:&quot;1&quot;}\" data-image-title=\"1959-03-12 Exposition Henry G\u00e9rard Gravereaux &amp;#8211; Vernissage 3a_wp\" data-image-description=\"\" data-image-caption=\"\" data-medium-file=\"https:\/\/i0.wp.com\/lesgravereaux.marret.co\/wp-content\/uploads\/2018\/12\/1959-03-12-Exposition-Henry-G%C3%A9rard-Gravereaux-Vernissage-3a_wp.jpg?fit=300%2C138&amp;ssl=1\" data-large-file=\"https:\/\/i0.wp.com\/lesgravereaux.marret.co\/wp-content\/uploads\/2018\/12\/1959-03-12-Exposition-Henry-G%C3%A9rard-Gravereaux-Vernissage-3a_wp.jpg?fit=640%2C294&amp;ssl=1\" class=\"wp-image-5874\" src=\"https:\/\/i0.wp.com\/lesgravereaux.marret.co\/wp-content\/uploads\/2018\/12\/1959-03-12-Exposition-Henry-G%C3%A9rard-Gravereaux-Vernissage-3a_wp.jpg?resize=440%2C202&#038;ssl=1\" alt=\"\" width=\"440\" height=\"202\" srcset=\"https:\/\/i0.wp.com\/lesgravereaux.marret.co\/wp-content\/uploads\/2018\/12\/1959-03-12-Exposition-Henry-G%C3%A9rard-Gravereaux-Vernissage-3a_wp.jpg?resize=1024%2C471&amp;ssl=1 1024w, https:\/\/i0.wp.com\/lesgravereaux.marret.co\/wp-content\/uploads\/2018\/12\/1959-03-12-Exposition-Henry-G%C3%A9rard-Gravereaux-Vernissage-3a_wp.jpg?resize=300%2C138&amp;ssl=1 300w, https:\/\/i0.wp.com\/lesgravereaux.marret.co\/wp-content\/uploads\/2018\/12\/1959-03-12-Exposition-Henry-G%C3%A9rard-Gravereaux-Vernissage-3a_wp.jpg?resize=768%2C353&amp;ssl=1 768w, https:\/\/i0.wp.com\/lesgravereaux.marret.co\/wp-content\/uploads\/2018\/12\/1959-03-12-Exposition-Henry-G%C3%A9rard-Gravereaux-Vernissage-3a_wp.jpg?resize=800%2C368&amp;ssl=1 800w, https:\/\/i0.wp.com\/lesgravereaux.marret.co\/wp-content\/uploads\/2018\/12\/1959-03-12-Exposition-Henry-G%C3%A9rard-Gravereaux-Vernissage-3a_wp.jpg?resize=600%2C276&amp;ssl=1 600w, https:\/\/i0.wp.com\/lesgravereaux.marret.co\/wp-content\/uploads\/2018\/12\/1959-03-12-Exposition-Henry-G%C3%A9rard-Gravereaux-Vernissage-3a_wp.jpg?w=1582&amp;ssl=1 1582w, https:\/\/i0.wp.com\/lesgravereaux.marret.co\/wp-content\/uploads\/2018\/12\/1959-03-12-Exposition-Henry-G%C3%A9rard-Gravereaux-Vernissage-3a_wp.jpg?w=1280&amp;ssl=1 1280w\" sizes=\"auto, (max-width: 440px) 100vw, 440px\" \/><\/figure>\r\n\r\n\r\n\r\n<div class=\"wp-block-image\">\r\n<figure class=\"aligncenter is-resized\"><img data-recalc-dims=\"1\" loading=\"lazy\" decoding=\"async\" data-attachment-id=\"1175\" data-permalink=\"https:\/\/lesgravereaux.marret.co\/index.php\/la-famille-gravereaux\/gerard-gravereaux\/henry-gerard-gravereaux-sexpose\/1959-exposition-gerard-gravereaux_wp\/\" data-orig-file=\"https:\/\/i0.wp.com\/lesgravereaux.marret.co\/wp-content\/uploads\/2016\/03\/1959-Exposition-Gerard-Gravereaux_wp.jpg?fit=1189%2C1575&amp;ssl=1\" data-orig-size=\"1189,1575\" data-comments-opened=\"1\" data-image-meta=\"{&quot;aperture&quot;:&quot;0&quot;,&quot;credit&quot;:&quot;&quot;,&quot;camera&quot;:&quot;&quot;,&quot;caption&quot;:&quot;&quot;,&quot;created_timestamp&quot;:&quot;0&quot;,&quot;copyright&quot;:&quot;&quot;,&quot;focal_length&quot;:&quot;0&quot;,&quot;iso&quot;:&quot;0&quot;,&quot;shutter_speed&quot;:&quot;0&quot;,&quot;title&quot;:&quot;&quot;,&quot;orientation&quot;:&quot;1&quot;}\" data-image-title=\"1959 Exposition Gerard Gravereaux_wp\" data-image-description=\"\" data-image-caption=\"\" data-medium-file=\"https:\/\/i0.wp.com\/lesgravereaux.marret.co\/wp-content\/uploads\/2016\/03\/1959-Exposition-Gerard-Gravereaux_wp.jpg?fit=226%2C300&amp;ssl=1\" data-large-file=\"https:\/\/i0.wp.com\/lesgravereaux.marret.co\/wp-content\/uploads\/2016\/03\/1959-Exposition-Gerard-Gravereaux_wp.jpg?fit=640%2C848&amp;ssl=1\" class=\"wp-image-1175\" src=\"https:\/\/i0.wp.com\/lesgravereaux.marret.co\/wp-content\/uploads\/2016\/03\/1959-Exposition-Gerard-Gravereaux_wp.jpg?resize=442%2C585&#038;ssl=1\" alt=\"\" width=\"442\" height=\"585\" srcset=\"https:\/\/i0.wp.com\/lesgravereaux.marret.co\/wp-content\/uploads\/2016\/03\/1959-Exposition-Gerard-Gravereaux_wp.jpg?resize=773%2C1024&amp;ssl=1 773w, https:\/\/i0.wp.com\/lesgravereaux.marret.co\/wp-content\/uploads\/2016\/03\/1959-Exposition-Gerard-Gravereaux_wp.jpg?resize=226%2C300&amp;ssl=1 226w, https:\/\/i0.wp.com\/lesgravereaux.marret.co\/wp-content\/uploads\/2016\/03\/1959-Exposition-Gerard-Gravereaux_wp.jpg?resize=768%2C1017&amp;ssl=1 768w, https:\/\/i0.wp.com\/lesgravereaux.marret.co\/wp-content\/uploads\/2016\/03\/1959-Exposition-Gerard-Gravereaux_wp.jpg?resize=800%2C1060&amp;ssl=1 800w, https:\/\/i0.wp.com\/lesgravereaux.marret.co\/wp-content\/uploads\/2016\/03\/1959-Exposition-Gerard-Gravereaux_wp.jpg?resize=453%2C600&amp;ssl=1 453w, https:\/\/i0.wp.com\/lesgravereaux.marret.co\/wp-content\/uploads\/2016\/03\/1959-Exposition-Gerard-Gravereaux_wp.jpg?w=1189&amp;ssl=1 1189w\" sizes=\"auto, (max-width: 442px) 100vw, 442px\" \/><\/figure>\r\n<\/div>\r\n","protected":false},"excerpt":{"rendered":"<p>Galerie Paul C\u00e9zanne, Paris. 12&nbsp;mars \u2013 28&nbsp;mars 1959.<\/p>\n","protected":false},"author":1,"featured_media":0,"parent":1172,"menu_order":0,"comment_status":"closed","ping_status":"closed","template":"","meta":{"ngg_post_thumbnail":0,"jetpack_post_was_ever_published":false,"footnotes":""},"class_list":["post-5960","page","type-page","status-publish","hentry"],"jetpack_sharing_enabled":true,"jetpack_shortlink":"https:\/\/wp.me\/P7ERyi-1y8","jetpack-related-posts":[{"id":1172,"url":"https:\/\/lesgravereaux.marret.co\/index.php\/la-famille-gravereaux\/gerard-gravereaux\/henry-gerard-gravereaux-sexpose\/","url_meta":{"origin":5960,"position":0},"title":"Henry-G\u00e9rard Gravereaux s&rsquo;expose&#8230;","author":"marretgravereaux","date":"17 mars 2016","format":false,"excerpt":"Henry-G\u00e9rard Gravereaux est passionn\u00e9 par la peinture d\u00e8s sa jeunesse et il effectue plusieurs ann\u00e9es d\u2019\u00e9tude \u00e0 l\u2019Acad\u00e9mie Julian. Tout en \u0153uvrant professionnellement au sein de l\u2019entreprise familiale, il continue \u00e0 peindre - ce qu\u2019il fera toute sa vie \u2013et participe \u00e0 plusieurs expositions. La liste - non exhaustive \u2013\u2026","rel":"","context":"Article similaire","block_context":{"text":"Article similaire","link":""},"img":{"alt_text":"","src":"https:\/\/i0.wp.com\/lesgravereaux.marret.co\/wp-content\/uploads\/2018\/12\/Henry-G%C3%A9rard-Gravereaux-Dessin-177x244_wp.jpg?resize=350%2C200&ssl=1","width":350,"height":200,"srcset":"https:\/\/i0.wp.com\/lesgravereaux.marret.co\/wp-content\/uploads\/2018\/12\/Henry-G%C3%A9rard-Gravereaux-Dessin-177x244_wp.jpg?resize=350%2C200&ssl=1 1x, https:\/\/i0.wp.com\/lesgravereaux.marret.co\/wp-content\/uploads\/2018\/12\/Henry-G%C3%A9rard-Gravereaux-Dessin-177x244_wp.jpg?resize=525%2C300&ssl=1 1.5x, https:\/\/i0.wp.com\/lesgravereaux.marret.co\/wp-content\/uploads\/2018\/12\/Henry-G%C3%A9rard-Gravereaux-Dessin-177x244_wp.jpg?resize=700%2C400&ssl=1 2x"},"classes":[]},{"id":5938,"url":"https:\/\/lesgravereaux.marret.co\/index.php\/la-famille-gravereaux\/gerard-gravereaux\/henry-gerard-gravereaux-sexpose\/1951-henry-gerard-a-cannes\/","url_meta":{"origin":5960,"position":1},"title":"1951 &#8211; Henry-G\u00e9rard expose \u00e0 Cannes","author":"marretgravereaux","date":"24 d\u00e9cembre 2018","format":false,"excerpt":"Galerie Martin-Gruson, Cannes. 28\u00a0mars \u2013 11\u00a0avril 1951. Un extrait de la Critique parisienne\u00a0: L'un des m\u00e9rites d'Henry-G\u00e9rard est d'avoir voulu travailler en solitaire, loin de Paris, sans montrer \u00e0 personne le r\u00e9sultat de ses recherches. Aussi l'\u0153uvre qu'il expose est-elle proprement surprenante... Elle accuse encore et surtout un style, celui\u2026","rel":"","context":"Article similaire","block_context":{"text":"Article similaire","link":""},"img":{"alt_text":"","src":"https:\/\/i0.wp.com\/lesgravereaux.marret.co\/wp-content\/uploads\/2018\/12\/1951-03-28-Exposition-Henry-G%C3%A9rard-Vernissage-1_wp.jpg?resize=350%2C200&ssl=1","width":350,"height":200,"srcset":"https:\/\/i0.wp.com\/lesgravereaux.marret.co\/wp-content\/uploads\/2018\/12\/1951-03-28-Exposition-Henry-G%C3%A9rard-Vernissage-1_wp.jpg?resize=350%2C200&ssl=1 1x, https:\/\/i0.wp.com\/lesgravereaux.marret.co\/wp-content\/uploads\/2018\/12\/1951-03-28-Exposition-Henry-G%C3%A9rard-Vernissage-1_wp.jpg?resize=525%2C300&ssl=1 1.5x, https:\/\/i0.wp.com\/lesgravereaux.marret.co\/wp-content\/uploads\/2018\/12\/1951-03-28-Exposition-Henry-G%C3%A9rard-Vernissage-1_wp.jpg?resize=700%2C400&ssl=1 2x"},"classes":[]},{"id":22898,"url":"https:\/\/lesgravereaux.marret.co\/index.php\/la-famille-gravereaux\/gerard-gravereaux\/henry-gerard-gravereaux-sexpose\/henry-gerard-revient-exposer-a-paris-1956\/","url_meta":{"origin":5960,"position":2},"title":"Henry G\u00e9rard revient exposer \u00e0 Paris (1956)","author":"marretgravereaux","date":"14 mars 2022","format":false,"excerpt":"Galerie Coard, Paris. 4 d\u00e9cembre \u2013 18 d\u00e9cembre 1956 Dans la presse","rel":"","context":"Article similaire","block_context":{"text":"Article similaire","link":""},"img":{"alt_text":"","src":"https:\/\/i0.wp.com\/lesgravereaux.marret.co\/wp-content\/uploads\/2022\/03\/1956-12-04-Exposition-Henry-Gerard-Gravereaux-Vernissage-2-3a-300x247.jpg?resize=350%2C200","width":350,"height":200},"classes":[]},{"id":5902,"url":"https:\/\/lesgravereaux.marret.co\/index.php\/la-famille-gravereaux\/gerard-gravereaux\/henry-gerard-gravereaux-sexpose\/1950-henry-gerard-expose-a-paris\/","url_meta":{"origin":5960,"position":3},"title":"1950 &#8211; Henry-G\u00e9rard expose \u00e0 Paris","author":"marretgravereaux","date":"24 d\u00e9cembre 2018","format":false,"excerpt":"Galerie Drouant-David, Paris. 18\u00a0avril \u2013 2\u00a0mai 1950 Apr\u00e8s avoir travaill\u00e9 seul, pendant des ann\u00e9es, dans ce midi qu'il affectionne particuli\u00e8rement Henry-G\u00e9rard vient chercher \u00e0 Paris une cons\u00e9cration m\u00e9rit\u00e9e. On souhaiterait qu'en une \u00e9poque o\u00f9 il est de bon ton d'arriver vite, souvent m\u00eame avant que d'\u00eatre parti, l'exemple d'Henry-G\u00e9rard, qui\u2026","rel":"","context":"Article similaire","block_context":{"text":"Article similaire","link":""},"img":{"alt_text":"","src":"https:\/\/i0.wp.com\/lesgravereaux.marret.co\/wp-content\/uploads\/2018\/12\/1950-04-18-Exposition-Henry-G%C3%A9rard-Vernissage-1_wp.jpg?resize=350%2C200&ssl=1","width":350,"height":200,"srcset":"https:\/\/i0.wp.com\/lesgravereaux.marret.co\/wp-content\/uploads\/2018\/12\/1950-04-18-Exposition-Henry-G%C3%A9rard-Vernissage-1_wp.jpg?resize=350%2C200&ssl=1 1x, https:\/\/i0.wp.com\/lesgravereaux.marret.co\/wp-content\/uploads\/2018\/12\/1950-04-18-Exposition-Henry-G%C3%A9rard-Vernissage-1_wp.jpg?resize=525%2C300&ssl=1 1.5x, https:\/\/i0.wp.com\/lesgravereaux.marret.co\/wp-content\/uploads\/2018\/12\/1950-04-18-Exposition-Henry-G%C3%A9rard-Vernissage-1_wp.jpg?resize=700%2C400&ssl=1 2x, https:\/\/i0.wp.com\/lesgravereaux.marret.co\/wp-content\/uploads\/2018\/12\/1950-04-18-Exposition-Henry-G%C3%A9rard-Vernissage-1_wp.jpg?resize=1050%2C600&ssl=1 3x, https:\/\/i0.wp.com\/lesgravereaux.marret.co\/wp-content\/uploads\/2018\/12\/1950-04-18-Exposition-Henry-G%C3%A9rard-Vernissage-1_wp.jpg?resize=1400%2C800&ssl=1 4x"},"classes":[]},{"id":2309,"url":"https:\/\/lesgravereaux.marret.co\/index.php\/la-famille-gravereaux\/gerard-gravereaux\/henry-gerard-gravereaux-sexpose\/femmes-portraits-et-nus-cannes-1985-1986\/","url_meta":{"origin":5960,"position":4},"title":"Femmes, portraits et nus (Cannes, 1985-1986)","author":"marretgravereaux","date":"7 mai 2016","format":false,"excerpt":"La Malmaison, Cannes. 14\u00a0d\u00e9cembre 1985 \u00a0\u2013 9\u00a0f\u00e9vrier 1986. \u00ab\u00a0Femmes\u2026, portraits et nus\u00a0\u00bb. [Exposition de groupe] Henry-G\u00e9rard GRAVEREAUX . Paris 1906N\u00e9 \u00e0 Paris dans une famille d'industriels. Etudes secondaires, baccalaur\u00e9at \u00e8s lettres et Ecole des Sciences Politiques.Premi\u00e8res \u00e9tudes de dessin \u00e0 l'Acad\u00e9mie Julian de 1924 \u00e0 1925. En 1937, se consacre\u2026","rel":"","context":"Article similaire","block_context":{"text":"Article similaire","link":""},"img":{"alt_text":"","src":"https:\/\/i0.wp.com\/lesgravereaux.marret.co\/wp-content\/uploads\/2018\/12\/1985-1986-Femmes-Portraits-et-Nus-%C3%89tude_wp.jpg?resize=350%2C200&ssl=1","width":350,"height":200,"srcset":"https:\/\/i0.wp.com\/lesgravereaux.marret.co\/wp-content\/uploads\/2018\/12\/1985-1986-Femmes-Portraits-et-Nus-%C3%89tude_wp.jpg?resize=350%2C200&ssl=1 1x, https:\/\/i0.wp.com\/lesgravereaux.marret.co\/wp-content\/uploads\/2018\/12\/1985-1986-Femmes-Portraits-et-Nus-%C3%89tude_wp.jpg?resize=525%2C300&ssl=1 1.5x"},"classes":[]},{"id":3625,"url":"https:\/\/lesgravereaux.marret.co\/index.php\/la-famille-gravereaux\/raymond-gravereaux\/","url_meta":{"origin":5960,"position":5},"title":"Raymond Gravereaux","author":"marretgravereaux","date":"15 juin 2016","format":false,"excerpt":"Raymond Gravereaux na\u00eet le 31 ao\u00fbt 1905 \u00e0 Croissy-sur-Seine. Il entre \u00e0 l\u2019\u00c9cole des Beaux-Arts en 1924 et y obtient son dipl\u00f4me en 1930. Le concours du Prix de Rome le passionne et il s\u2019y pr\u00e9sente en 1929 (th\u00e8me\u00a0: Un palais de l\u2019Institut), 1930 (th\u00e8me\u00a0: Une \u00e9cole sup\u00e9rieure des beaux-arts)\u2026","rel":"","context":"Article similaire","block_context":{"text":"Article similaire","link":""},"img":{"alt_text":"1931 Gravereaux, Raymond - Dessin Prix de Rome (2011-10_048)_wp","src":"https:\/\/i0.wp.com\/lesgravereaux.marret.co\/wp-content\/uploads\/2016\/06\/1931-Gravereaux-Raymond-Dessin-Prix-de-Rome-2011-10_048_wp-1024x424.jpg?resize=350%2C200","width":350,"height":200},"classes":[]}],"_links":{"self":[{"href":"https:\/\/lesgravereaux.marret.co\/index.php\/wp-json\/wp\/v2\/pages\/5960","targetHints":{"allow":["GET"]}}],"collection":[{"href":"https:\/\/lesgravereaux.marret.co\/index.php\/wp-json\/wp\/v2\/pages"}],"about":[{"href":"https:\/\/lesgravereaux.marret.co\/index.php\/wp-json\/wp\/v2\/types\/page"}],"author":[{"embeddable":true,"href":"https:\/\/lesgravereaux.marret.co\/index.php\/wp-json\/wp\/v2\/users\/1"}],"replies":[{"embeddable":true,"href":"https:\/\/lesgravereaux.marret.co\/index.php\/wp-json\/wp\/v2\/comments?post=5960"}],"version-history":[{"count":0,"href":"https:\/\/lesgravereaux.marret.co\/index.php\/wp-json\/wp\/v2\/pages\/5960\/revisions"}],"up":[{"embeddable":true,"href":"https:\/\/lesgravereaux.marret.co\/index.php\/wp-json\/wp\/v2\/pages\/1172"}],"wp:attachment":[{"href":"https:\/\/lesgravereaux.marret.co\/index.php\/wp-json\/wp\/v2\/media?parent=5960"}],"curies":[{"name":"wp","href":"https:\/\/api.w.org\/{rel}","templated":true}]}}