{"id":589,"date":"2016-03-07T12:30:53","date_gmt":"2016-03-07T11:30:53","guid":{"rendered":"http:\/\/marret.co\/?page_id=589"},"modified":"2016-03-07T12:33:29","modified_gmt":"2016-03-07T11:33:29","slug":"jules-gravereaux-journaliste","status":"publish","type":"page","link":"https:\/\/lesgravereaux.marret.co\/index.php\/jules-gravereaux\/jules-gravereaux-journaliste\/","title":{"rendered":"Jules Gravereaux, journaliste?"},"content":{"rendered":"<p>Peut-on dire de Jules Gravereaux qu&rsquo;il \u00e9tait journaliste? Oui, si l\u2019on se fie \u00e0 l\u2019<em>Annuaire de la Presse fran\u00e7aise et \u00e9trang\u00e8re et du monde politique<\/em>, \u00e9dition de 1909.<\/p>\n<p>Il fait en effet partie de ceux qui y sont mentionn\u00e9s et r\u00e9pertori\u00e9s&#8230; comme ayant \u00e9t\u00e9 d\u00e9cor\u00e9s en 1908 et nomm\u00e9s <strong>Commandeurs au M\u00e9rite agricole<\/strong>. Encore plus surprenant (peut-\u00eatre&#8230;), il est qualifi\u00e9 de <strong>publiciste rosi\u00e9riste<\/strong> \u00e0 L\u2019Ha\u00ff!<\/p>\n<p><a href=\"https:\/\/i0.wp.com\/marret.co\/wp-content\/uploads\/2016\/03\/1909-Annuaire-de-la-presse-francaise-p283_wp.jpg\" rel=\"attachment wp-att-391\"><img data-recalc-dims=\"1\" loading=\"lazy\" decoding=\"async\" data-attachment-id=\"391\" data-permalink=\"https:\/\/lesgravereaux.marret.co\/1909-annuaire-de-la-presse-francaise-p283_wp-2\/\" data-orig-file=\"https:\/\/i0.wp.com\/lesgravereaux.marret.co\/wp-content\/uploads\/2016\/03\/1909-Annuaire-de-la-presse-francaise-p283_wp.jpg?fit=827%2C405&amp;ssl=1\" data-orig-size=\"827,405\" data-comments-opened=\"1\" data-image-meta=\"{&quot;aperture&quot;:&quot;0&quot;,&quot;credit&quot;:&quot;&quot;,&quot;camera&quot;:&quot;&quot;,&quot;caption&quot;:&quot;&quot;,&quot;created_timestamp&quot;:&quot;0&quot;,&quot;copyright&quot;:&quot;&quot;,&quot;focal_length&quot;:&quot;0&quot;,&quot;iso&quot;:&quot;0&quot;,&quot;shutter_speed&quot;:&quot;0&quot;,&quot;title&quot;:&quot;&quot;,&quot;orientation&quot;:&quot;1&quot;}\" data-image-title=\"1909 Annuaire de la presse francaise p283_wp\" data-image-description=\"\" data-image-caption=\"\" data-medium-file=\"https:\/\/i0.wp.com\/lesgravereaux.marret.co\/wp-content\/uploads\/2016\/03\/1909-Annuaire-de-la-presse-francaise-p283_wp.jpg?fit=300%2C147&amp;ssl=1\" data-large-file=\"https:\/\/i0.wp.com\/lesgravereaux.marret.co\/wp-content\/uploads\/2016\/03\/1909-Annuaire-de-la-presse-francaise-p283_wp.jpg?fit=640%2C313&amp;ssl=1\" class=\"alignnone wp-image-391\" src=\"https:\/\/i0.wp.com\/marret.co\/wp-content\/uploads\/2016\/03\/1909-Annuaire-de-la-presse-francaise-p283_wp.jpg?resize=593%2C290\" alt=\"1909 Annuaire de la presse francaise p283_wp\" width=\"593\" height=\"290\" data-wp-pid=\"391\" srcset=\"https:\/\/i0.wp.com\/lesgravereaux.marret.co\/wp-content\/uploads\/2016\/03\/1909-Annuaire-de-la-presse-francaise-p283_wp.jpg?w=827&amp;ssl=1 827w, https:\/\/i0.wp.com\/lesgravereaux.marret.co\/wp-content\/uploads\/2016\/03\/1909-Annuaire-de-la-presse-francaise-p283_wp.jpg?resize=300%2C147&amp;ssl=1 300w, https:\/\/i0.wp.com\/lesgravereaux.marret.co\/wp-content\/uploads\/2016\/03\/1909-Annuaire-de-la-presse-francaise-p283_wp.jpg?resize=768%2C376&amp;ssl=1 768w, https:\/\/i0.wp.com\/lesgravereaux.marret.co\/wp-content\/uploads\/2016\/03\/1909-Annuaire-de-la-presse-francaise-p283_wp.jpg?resize=800%2C392&amp;ssl=1 800w, https:\/\/i0.wp.com\/lesgravereaux.marret.co\/wp-content\/uploads\/2016\/03\/1909-Annuaire-de-la-presse-francaise-p283_wp.jpg?resize=600%2C294&amp;ssl=1 600w\" sizes=\"auto, (max-width: 593px) 100vw, 593px\" \/><\/a><\/p>\n","protected":false},"excerpt":{"rendered":"<p>Peut-on dire de Jules Gravereaux qu&rsquo;il \u00e9tait journaliste? Oui, si l\u2019on se fie \u00e0 l\u2019Annuaire de la Presse fran\u00e7aise et \u00e9trang\u00e8re et du monde politique, \u00e9dition de 1909. Il fait en effet partie de ceux qui y sont mentionn\u00e9s et &hellip; <a href=\"https:\/\/lesgravereaux.marret.co\/index.php\/jules-gravereaux\/jules-gravereaux-journaliste\/\">Continuer la lecture <span class=\"meta-nav\">&rarr;<\/span><\/a><\/p>\n","protected":false},"author":1,"featured_media":0,"parent":566,"menu_order":0,"comment_status":"closed","ping_status":"closed","template":"","meta":{"ngg_post_thumbnail":0,"jetpack_post_was_ever_published":false,"footnotes":""},"class_list":["post-589","page","type-page","status-publish","hentry"],"jetpack_sharing_enabled":true,"jetpack_shortlink":"https:\/\/wp.me\/P7ERyi-9v","jetpack-related-posts":[{"id":5400,"url":"https:\/\/lesgravereaux.marret.co\/index.php\/jules-gravereaux\/jules-gravereaux-honneurs-et-medailles\/jules-gravereaux-a-lexposition-universelle-de-1900\/","url_meta":{"origin":589,"position":0},"title":"Jules Gravereaux, \u00e0 l&rsquo;Exposition universelle de 1900","author":"marretgravereaux","date":"14 ao\u00fbt 2017","format":false,"excerpt":"En 1900, Jules Gravereaux a cr\u00e9\u00e9 la roseraie de L\u2019Ha\u00ff, r\u00e9uni dans celle-ci une imposante collection de roses et r\u00e9dig\u00e9 ses premi\u00e8res publications. Il d\u00e9cide de participer \u00e0 l\u2019Exposition Universelle Internationale et il s\u2019inscrit dans le groupe VIII destin\u00e9 \u00e0 l\u2019horticulture; plus pr\u00e9cis\u00e9ment, dans la classe 43 r\u00e9serv\u00e9e au Mat\u00e9riel\u2026","rel":"","context":"Article similaire","block_context":{"text":"Article similaire","link":""},"img":{"alt_text":"","src":"https:\/\/i0.wp.com\/lesgravereaux.marret.co\/wp-content\/uploads\/2017\/08\/Chaplain-Exposition-universelle-1900-63mm-24-2a_wp.jpg?resize=350%2C200","width":350,"height":200},"classes":[]},{"id":2001,"url":"https:\/\/lesgravereaux.marret.co\/index.php\/jules-gravereaux\/1294-2\/des-roses\/aux-noms-de-la-rose\/","url_meta":{"origin":589,"position":1},"title":"Aux noms de la rose&#8230;","author":"marretgravereaux","date":"25 avril 2016","format":false,"excerpt":"Jules Gravereaux a cr\u00e9\u00e9 plus d'une centaine de roses et il a donn\u00e9 \u00e0 celles-ci le nom de membres de sa famille, d'amis ou de personnes connues, ainsi que de certains lieux ou \u00e9v\u00e8nements. Diverses recherches ont permis d'identifier, de fa\u00e7on certaine ou probable, les personnes vis\u00e9es... Si vous avez\u2026","rel":"","context":"Article similaire","block_context":{"text":"Article similaire","link":""},"img":{"alt_text":"1902 RdlH - Catalogue p91A_wp","src":"https:\/\/i0.wp.com\/lesgravereaux.marret.co\/wp-content\/uploads\/2016\/04\/1902-RdlH-Catalogue-p91A_wp-628x1024.jpg?resize=350%2C200","width":350,"height":200},"classes":[]},{"id":2377,"url":"https:\/\/lesgravereaux.marret.co\/index.php\/la-famille-gravereaux\/la-famille-gravereaux-au-theatre\/","url_meta":{"origin":589,"position":2},"title":"La famille Gravereaux au th\u00e9\u00e2tre","author":"marretgravereaux","date":"9 mai 2016","format":false,"excerpt":"En se mariant avec Laure Thuillier, Jules Gravereaux entrait dans une famille au talent artistique ind\u00e9niable. Sa belle-s\u0153ur, Louise Victoire Thuillier avait remport\u00e9 un premier prix de piano et un 1er prix de solf\u00e8ge au Conservatoire; elle fit d\u2019ailleurs carri\u00e8re \u00e0 l\u2019Op\u00e9ra-Comique et \u00e0 la Gait\u00e9 Lyrique, o\u00f9 elle cr\u00e9a\u2026","rel":"","context":"Article similaire","block_context":{"text":"Article similaire","link":""},"img":{"alt_text":"1903-03-30 Gravereaux, Jules - Spectacle (Journal des debats) 2_wp","src":"https:\/\/i0.wp.com\/lesgravereaux.marret.co\/wp-content\/uploads\/2016\/05\/1903-03-30-Gravereaux-Jules-Spectacle-Journal-des-debats-2_wp-1024x683.jpg?resize=350%2C200","width":350,"height":200},"classes":[]},{"id":863,"url":"https:\/\/lesgravereaux.marret.co\/index.php\/jules-gravereaux\/jules-gravereaux-ses-ancetres\/jean-narcisse-mathurin-gravereaux\/narcisse-gravereaux\/","url_meta":{"origin":589,"position":3},"title":"Narcisse Gravereaux","author":"marretgravereaux","date":"11 mars 2016","format":false,"excerpt":"Louis Narcisse Gravereaux \u00e9tait le deuxi\u00e8me enfant (hormis les mort-n\u00e9s) de Jean-Narcisse Mathurin Gravereaux et Marie Henriette Gervais. Il est n\u00e9 le 4 d\u00e9cembre 1837 \u00e0 Vitry-sur-Seine. Le 7 d\u00e9cembre 1871, il \u00e9pousait Mathilde Thuillier; deux ans apr\u00e8s son fr\u00e8re, Jules \u00e9pousait sa belle-s\u0153ur Laure\u2026 Dipl\u00f4m\u00e9 des Beaux-Arts, il est\u2026","rel":"","context":"Article similaire","block_context":{"text":"Article similaire","link":""},"img":{"alt_text":"","src":"https:\/\/i0.wp.com\/lesgravereaux.marret.co\/wp-content\/uploads\/2019\/02\/Gravereaux-Narcisse-01a_wp.jpg?resize=350%2C200","width":350,"height":200},"classes":[]},{"id":752,"url":"https:\/\/lesgravereaux.marret.co\/index.php\/jules-gravereaux\/portraits-de-jules-gravereaux\/jules-gravereaux-dans-la-roseraie-renouard\/","url_meta":{"origin":589,"position":4},"title":"Portrait de Jules Gravereaux dans sa roseraie","author":"marretgravereaux","date":"8 mars 2016","format":false,"excerpt":"\u00a0 Jules Gravereaux dans la roseraie de L\u2019Ha\u00ff par Charles-Paul RENOUARD(1841-1919) Huile (H : 1,29\u00a0m - L :\u00a01,745\u00a0m) Photo : Archives d\u00e9partementales du Val-de-Marne\u00a0- Fonds de la Rose (47J245) Expos\u00e9 lors du Salon de la Soci\u00e9t\u00e9 nationale des Beaux-Arts, en 1908, ce tableau fut remarqu\u00e9 des critiques : \u00ab\u00a0Paul Renouard\u2026","rel":"","context":"Article similaire","block_context":{"text":"Article similaire","link":""},"img":{"alt_text":"Renouard, Charles-Paul (47 J 245)_wp","src":"https:\/\/i0.wp.com\/marret.co\/wp-content\/uploads\/2016\/03\/Renouard-Charles-Paul-47-J-245_wp-1024x743.jpg?resize=350%2C200","width":350,"height":200},"classes":[]},{"id":763,"url":"https:\/\/lesgravereaux.marret.co\/index.php\/jules-gravereaux\/jules-gravereaux-ses-ancetres\/jean-baptiste-gravereau\/","url_meta":{"origin":589,"position":5},"title":"Jean-Baptiste Gravereau","author":"marretgravereaux","date":"9 mars 2016","format":false,"excerpt":"Fils de Jean Gravereau, Jean Baptiste Gravereau est probablement n\u00e9 dans le Libournais (peut-\u00eatre \u00e0 Prignac-et-Marcamps) en 1733. Il se serait install\u00e9 vers 1750 \u00e0 Vitry-sur-Seine, y travaillant comme menuisier. Le 7 juillet 1766, il \u00e9pouse Marie Collinet \u00e0 l'\u00e9glise Saint-Germain de Vitry-sur-Seine Ils eurent trois enfants\u00a0: Charles Jean Baptiste,\u2026","rel":"","context":"Article similaire","block_context":{"text":"Article similaire","link":""},"img":{"alt_text":"","src":"","width":0,"height":0},"classes":[]}],"_links":{"self":[{"href":"https:\/\/lesgravereaux.marret.co\/index.php\/wp-json\/wp\/v2\/pages\/589","targetHints":{"allow":["GET"]}}],"collection":[{"href":"https:\/\/lesgravereaux.marret.co\/index.php\/wp-json\/wp\/v2\/pages"}],"about":[{"href":"https:\/\/lesgravereaux.marret.co\/index.php\/wp-json\/wp\/v2\/types\/page"}],"author":[{"embeddable":true,"href":"https:\/\/lesgravereaux.marret.co\/index.php\/wp-json\/wp\/v2\/users\/1"}],"replies":[{"embeddable":true,"href":"https:\/\/lesgravereaux.marret.co\/index.php\/wp-json\/wp\/v2\/comments?post=589"}],"version-history":[{"count":0,"href":"https:\/\/lesgravereaux.marret.co\/index.php\/wp-json\/wp\/v2\/pages\/589\/revisions"}],"up":[{"embeddable":true,"href":"https:\/\/lesgravereaux.marret.co\/index.php\/wp-json\/wp\/v2\/pages\/566"}],"wp:attachment":[{"href":"https:\/\/lesgravereaux.marret.co\/index.php\/wp-json\/wp\/v2\/media?parent=589"}],"curies":[{"name":"wp","href":"https:\/\/api.w.org\/{rel}","templated":true}]}}