{"id":583,"date":"2016-03-07T12:24:28","date_gmt":"2016-03-07T11:24:28","guid":{"rendered":"http:\/\/marret.co\/?page_id=583"},"modified":"2016-03-07T19:20:27","modified_gmt":"2016-03-07T18:20:27","slug":"jules-gravereaux-artiste-peintre","status":"publish","type":"page","link":"https:\/\/lesgravereaux.marret.co\/index.php\/jules-gravereaux\/jules-gravereaux-artiste-peintre\/","title":{"rendered":"Jules Gravereaux, artiste-peintre"},"content":{"rendered":"<h4><span style=\"font-size: 12pt;\">Jules GRAVEREAUX s\u2019est longtemps int\u00e9ress\u00e9 \u00e0 la photographie. On sait qu\u2019en 1888 \u2014 au moment o\u00f9 il a pris sa retraite du Bon March\u00e9 \u2014, il est devenu membre de la Soci\u00e9t\u00e9 fran\u00e7aise de photographie; et qu\u2019il s\u2019est am\u00e9nag\u00e9 une chambre noire \u00e0 L\u2019Ha\u00ff peu apr\u00e8s son installation. Son \u00e9pouse, Laure Thuillier, trouvait d\u2019ailleurs qu\u2019il y passait trop de temps et elle l\u2019a incit\u00e9 \u00e0 faire d\u2019autres choses\u2026 comme de cultiver des fleurs!<\/span><\/h4>\n<p>Mais bien avant \u2013 ce que l\u2019on ignore g\u00e9n\u00e9ralement \u2014, il s\u2019\u00e9tait int\u00e9ress\u00e9 \u00e0 la peinture. C\u2019est ainsi qu\u2019au salon de 1882, organis\u00e9 par la Soci\u00e9t\u00e9 des artistes fran\u00e7ais, il avait expos\u00e9 une miniature,\u00a0<em>Portrait de Mme\u00a0G<\/em>\u2026, repr\u00e9sentant probablement sa femme (Laure Thuillier) ou sa m\u00e8re (Marie Gervais).<\/p>\n<p>Et ant\u00e9rieurement, les roses avaient constitu\u00e9 l\u2019un de ses sujets de pr\u00e9dilection. Dans le Mus\u00e9e qu\u2019il a organis\u00e9 dans la roseraie, il pr\u00e9sentait d\u2019ailleurs deux de ses dessins\u00a0:<\/p>\n<p><a href=\"https:\/\/i0.wp.com\/marret.co\/wp-content\/uploads\/2016\/03\/Gravereaux-Jules-47-J-292_wp.jpg\" rel=\"attachment wp-att-530\"><img data-recalc-dims=\"1\" loading=\"lazy\" decoding=\"async\" data-attachment-id=\"530\" data-permalink=\"https:\/\/lesgravereaux.marret.co\/index.php\/jules-gravereaux\/jules-gravereaux-artiste-peintre\/gravereaux-jules-47-j-292_wp\/\" data-orig-file=\"https:\/\/i0.wp.com\/lesgravereaux.marret.co\/wp-content\/uploads\/2016\/03\/Gravereaux-Jules-47-J-292_wp.jpg?fit=1050%2C1575&amp;ssl=1\" data-orig-size=\"1050,1575\" data-comments-opened=\"1\" data-image-meta=\"{&quot;aperture&quot;:&quot;0&quot;,&quot;credit&quot;:&quot;&quot;,&quot;camera&quot;:&quot;&quot;,&quot;caption&quot;:&quot;&quot;,&quot;created_timestamp&quot;:&quot;0&quot;,&quot;copyright&quot;:&quot;&quot;,&quot;focal_length&quot;:&quot;0&quot;,&quot;iso&quot;:&quot;0&quot;,&quot;shutter_speed&quot;:&quot;0&quot;,&quot;title&quot;:&quot;&quot;,&quot;orientation&quot;:&quot;1&quot;}\" data-image-title=\"Gravereaux, Jules (47 J 292)_wp\" data-image-description=\"\" data-image-caption=\"\" data-medium-file=\"https:\/\/i0.wp.com\/lesgravereaux.marret.co\/wp-content\/uploads\/2016\/03\/Gravereaux-Jules-47-J-292_wp.jpg?fit=200%2C300&amp;ssl=1\" data-large-file=\"https:\/\/i0.wp.com\/lesgravereaux.marret.co\/wp-content\/uploads\/2016\/03\/Gravereaux-Jules-47-J-292_wp.jpg?fit=640%2C960&amp;ssl=1\" class=\"wp-image-530 alignleft\" src=\"https:\/\/i0.wp.com\/marret.co\/wp-content\/uploads\/2016\/03\/Gravereaux-Jules-47-J-292_wp-683x1024.jpg?resize=275%2C412\" alt=\"Gravereaux, Jules (47 J 292)_wp\" width=\"275\" height=\"412\" data-wp-pid=\"530\" srcset=\"https:\/\/i0.wp.com\/lesgravereaux.marret.co\/wp-content\/uploads\/2016\/03\/Gravereaux-Jules-47-J-292_wp.jpg?resize=683%2C1024&amp;ssl=1 683w, https:\/\/i0.wp.com\/lesgravereaux.marret.co\/wp-content\/uploads\/2016\/03\/Gravereaux-Jules-47-J-292_wp.jpg?resize=200%2C300&amp;ssl=1 200w, https:\/\/i0.wp.com\/lesgravereaux.marret.co\/wp-content\/uploads\/2016\/03\/Gravereaux-Jules-47-J-292_wp.jpg?resize=768%2C1152&amp;ssl=1 768w, https:\/\/i0.wp.com\/lesgravereaux.marret.co\/wp-content\/uploads\/2016\/03\/Gravereaux-Jules-47-J-292_wp.jpg?resize=800%2C1200&amp;ssl=1 800w, https:\/\/i0.wp.com\/lesgravereaux.marret.co\/wp-content\/uploads\/2016\/03\/Gravereaux-Jules-47-J-292_wp.jpg?resize=400%2C600&amp;ssl=1 400w, https:\/\/i0.wp.com\/lesgravereaux.marret.co\/wp-content\/uploads\/2016\/03\/Gravereaux-Jules-47-J-292_wp.jpg?w=1050&amp;ssl=1 1050w\" sizes=\"auto, (max-width: 275px) 100vw, 275px\" \/><\/a><\/p>\n<p><span style=\"font-size: 12pt;\"><em>Roses dans un m\u00e9daillon \u2013 1883.<br \/>\nGouache sur papier<br \/>\n(H : 45 cm; L : 31,5 cm)<\/em><\/span><\/p>\n<p><a href=\"https:\/\/i0.wp.com\/marret.co\/wp-content\/uploads\/2016\/03\/Gravereaux-Jules-47-J-293_wp.jpg\" rel=\"attachment wp-att-531\"><img data-recalc-dims=\"1\" loading=\"lazy\" decoding=\"async\" data-attachment-id=\"531\" data-permalink=\"https:\/\/lesgravereaux.marret.co\/gravereaux-jules-47-j-293_wp\/\" data-orig-file=\"https:\/\/i0.wp.com\/lesgravereaux.marret.co\/wp-content\/uploads\/2016\/03\/Gravereaux-Jules-47-J-293_wp.jpg?fit=1099%2C1575&amp;ssl=1\" data-orig-size=\"1099,1575\" data-comments-opened=\"1\" data-image-meta=\"{&quot;aperture&quot;:&quot;0&quot;,&quot;credit&quot;:&quot;&quot;,&quot;camera&quot;:&quot;&quot;,&quot;caption&quot;:&quot;&quot;,&quot;created_timestamp&quot;:&quot;0&quot;,&quot;copyright&quot;:&quot;&quot;,&quot;focal_length&quot;:&quot;0&quot;,&quot;iso&quot;:&quot;0&quot;,&quot;shutter_speed&quot;:&quot;0&quot;,&quot;title&quot;:&quot;&quot;,&quot;orientation&quot;:&quot;1&quot;}\" data-image-title=\"Gravereaux, Jules (47 J 293)_wp\" data-image-description=\"\" data-image-caption=\"\" data-medium-file=\"https:\/\/i0.wp.com\/lesgravereaux.marret.co\/wp-content\/uploads\/2016\/03\/Gravereaux-Jules-47-J-293_wp.jpg?fit=209%2C300&amp;ssl=1\" data-large-file=\"https:\/\/i0.wp.com\/lesgravereaux.marret.co\/wp-content\/uploads\/2016\/03\/Gravereaux-Jules-47-J-293_wp.jpg?fit=640%2C917&amp;ssl=1\" class=\"wp-image-531 alignright\" src=\"https:\/\/i0.wp.com\/marret.co\/wp-content\/uploads\/2016\/03\/Gravereaux-Jules-47-J-293_wp-715x1024.jpg?resize=275%2C394\" alt=\"Gravereaux, Jules (47 J 293)_wp\" width=\"275\" height=\"394\" data-wp-pid=\"531\" srcset=\"https:\/\/i0.wp.com\/lesgravereaux.marret.co\/wp-content\/uploads\/2016\/03\/Gravereaux-Jules-47-J-293_wp.jpg?resize=715%2C1024&amp;ssl=1 715w, https:\/\/i0.wp.com\/lesgravereaux.marret.co\/wp-content\/uploads\/2016\/03\/Gravereaux-Jules-47-J-293_wp.jpg?resize=209%2C300&amp;ssl=1 209w, https:\/\/i0.wp.com\/lesgravereaux.marret.co\/wp-content\/uploads\/2016\/03\/Gravereaux-Jules-47-J-293_wp.jpg?resize=768%2C1101&amp;ssl=1 768w, https:\/\/i0.wp.com\/lesgravereaux.marret.co\/wp-content\/uploads\/2016\/03\/Gravereaux-Jules-47-J-293_wp.jpg?resize=800%2C1146&amp;ssl=1 800w, https:\/\/i0.wp.com\/lesgravereaux.marret.co\/wp-content\/uploads\/2016\/03\/Gravereaux-Jules-47-J-293_wp.jpg?resize=419%2C600&amp;ssl=1 419w, https:\/\/i0.wp.com\/lesgravereaux.marret.co\/wp-content\/uploads\/2016\/03\/Gravereaux-Jules-47-J-293_wp.jpg?w=1099&amp;ssl=1 1099w\" sizes=\"auto, (max-width: 275px) 100vw, 275px\" \/><\/a><\/p>\n<div class=\"mceTemp\"><\/div>\n<p>&nbsp;<\/p>\n<p>&nbsp;<\/p>\n<p>&nbsp;<\/p>\n<p style=\"text-align: right;\">\n<p style=\"text-align: right;\"><span style=\"font-size: 12pt;\"><em>Fontaine fleurie de roses \u2013 1854.<br \/>\nCrayon rehauss\u00e9 de gouache sur papier<br \/>\n(H : 42,5 cm; L : 27,5 cm)<\/em><\/span><\/p>\n<p style=\"text-align: center;\"><span style=\"font-size: 10pt;\"><em>Photos\u00a0: Archives du Val-de-Marne &#8211; Fonds de la Rose (47J292 et 47J293)<\/em><\/span><\/p>\n","protected":false},"excerpt":{"rendered":"<p>Jules GRAVEREAUX s\u2019est longtemps int\u00e9ress\u00e9 \u00e0 la photographie. On sait qu\u2019en 1888 \u2014 au moment o\u00f9 il a pris sa retraite du Bon March\u00e9 \u2014, il est devenu membre de la Soci\u00e9t\u00e9 fran\u00e7aise de photographie; et qu\u2019il s\u2019est am\u00e9nag\u00e9 une &hellip; <a href=\"https:\/\/lesgravereaux.marret.co\/index.php\/jules-gravereaux\/jules-gravereaux-artiste-peintre\/\">Continuer la lecture <span class=\"meta-nav\">&rarr;<\/span><\/a><\/p>\n","protected":false},"author":1,"featured_media":0,"parent":566,"menu_order":0,"comment_status":"closed","ping_status":"closed","template":"","meta":{"ngg_post_thumbnail":0,"jetpack_post_was_ever_published":false,"footnotes":""},"class_list":["post-583","page","type-page","status-publish","hentry"],"jetpack_sharing_enabled":true,"jetpack_shortlink":"https:\/\/wp.me\/P7ERyi-9p","jetpack-related-posts":[{"id":5282,"url":"https:\/\/lesgravereaux.marret.co\/index.php\/jules-gravereaux\/des-evenements-de-sa-vie\/jules-gravereaux-son-mariage\/laure-thuillier\/","url_meta":{"origin":583,"position":0},"title":"Laure Thuillier","author":"marretgravereaux","date":"21 avril 2017","format":false,"excerpt":"Fille d\u2019Alexis Eug\u00e8ne Thuillier et de H\u00e9lo\u00efse Philiberte Gautier, Laure Marie Alexandrine THUILLIER na\u00eet le jeudi 30 d\u00e9cembre 1852 \u00e0 Paris. Elle vient d\u2019avoir 21\u00a0ans lorsqu\u2019elle \u00e9pouse Jules Gravereaux, le 9\u00a0ao\u00fbt 1873. Ce serait \u00e0 elle que l\u2019on doit la carri\u00e8re de Jules Gravereaux dans le monde des rosi\u00e9ristes. Sa\u2026","rel":"","context":"Article similaire","block_context":{"text":"Article similaire","link":""},"img":{"alt_text":"","src":"https:\/\/i0.wp.com\/lesgravereaux.marret.co\/wp-content\/uploads\/2015\/10\/Jules-Gravereaux-et-Laure-Thuillier-GV0066b-1024x882.jpg?resize=350%2C200","width":350,"height":200},"classes":[]},{"id":2377,"url":"https:\/\/lesgravereaux.marret.co\/index.php\/la-famille-gravereaux\/la-famille-gravereaux-au-theatre\/","url_meta":{"origin":583,"position":1},"title":"La famille Gravereaux au th\u00e9\u00e2tre","author":"marretgravereaux","date":"9 mai 2016","format":false,"excerpt":"En se mariant avec Laure Thuillier, Jules Gravereaux entrait dans une famille au talent artistique ind\u00e9niable. Sa belle-s\u0153ur, Louise Victoire Thuillier avait remport\u00e9 un premier prix de piano et un 1er prix de solf\u00e8ge au Conservatoire; elle fit d\u2019ailleurs carri\u00e8re \u00e0 l\u2019Op\u00e9ra-Comique et \u00e0 la Gait\u00e9 Lyrique, o\u00f9 elle cr\u00e9a\u2026","rel":"","context":"Article similaire","block_context":{"text":"Article similaire","link":""},"img":{"alt_text":"1903-03-30 Gravereaux, Jules - Spectacle (Journal des debats) 2_wp","src":"https:\/\/i0.wp.com\/lesgravereaux.marret.co\/wp-content\/uploads\/2016\/05\/1903-03-30-Gravereaux-Jules-Spectacle-Journal-des-debats-2_wp-1024x683.jpg?resize=350%2C200","width":350,"height":200},"classes":[]},{"id":566,"url":"https:\/\/lesgravereaux.marret.co\/index.php\/jules-gravereaux\/","url_meta":{"origin":583,"position":2},"title":"Jules Gravereaux","author":"marretgravereaux","date":"7 mars 2016","format":false,"excerpt":"Jules GRAVEREAUX voit le jour le mercredi 1er mai 1844 \u00e0 Vitry-sur-Seine; il est le troisi\u00e8me enfant de Jean Narcisse Mathurin Gravereaux et Marie Henriette Gervais. Il commence \u00e0 travailler \u00e0 l\u2019\u00e2ge de 12 ans, d\u00e9butant chez une merci\u00e8re de la rue du Bac, madame Caillaut. En 1864, Jules Gravereaux\u2026","rel":"","context":"Article similaire","block_context":{"text":"Article similaire","link":""},"img":{"alt_text":"Jules Gravereaux - JLM0071a","src":"https:\/\/i0.wp.com\/marret.co\/wp-content\/uploads\/2015\/10\/Jules-Gravereaux-JLM0071a-740x1024.jpg?resize=350%2C200","width":350,"height":200},"classes":[]},{"id":2108,"url":"https:\/\/lesgravereaux.marret.co\/index.php\/la-famille-gravereaux\/1983-la-famille-gravereaux-h-ballu\/","url_meta":{"origin":583,"position":3},"title":"1983 &#8211; La famille Gravereaux  (H. Ballu)","author":"marretgravereaux","date":"1 mai 2016","format":false,"excerpt":"La famille de Jules Gravereaux et Laure Thuillier\u00a0en 1983 \u00a0 En 1983, H\u00e9l\u00e8ne Ballu fait \u00e9diter, \u00e0 compte d'auteur, une brochure sur la famille Gravereaux qu'elle distribue \u00e0 tous les descendants de Jules Gravereaux ainsi qu'\u00e0 quelques collat\u00e9raux.\u00a0Henri Gravereaux - son oncle -\u00a0avait r\u00e9dig\u00e9 des notes g\u00e9n\u00e9alogiques en 1943; H\u00e9l\u00e8ne\u2026","rel":"","context":"Article similaire","block_context":{"text":"Article similaire","link":""},"img":{"alt_text":"1983 Ballu, H\u00e9l\u00e8ne - Brochure c0","src":"https:\/\/i0.wp.com\/lesgravereaux.marret.co\/wp-content\/uploads\/2016\/05\/1983-Ballu-H%C3%A9l%C3%A8ne-Brochure-c0.jpg?resize=350%2C200","width":350,"height":200},"classes":[]},{"id":790,"url":"https:\/\/lesgravereaux.marret.co\/index.php\/la-roseraie-de-lhay\/souvenirs-de-lhay\/","url_meta":{"origin":583,"position":4},"title":"Souvenirs de L&rsquo;Ha\u00ff","author":"marretgravereaux","date":"10 mars 2016","format":false,"excerpt":"Article publi\u00e9\u00a0 dans le Bulletin de l'Association des Amis du Vieux L'Ha\u00ff en juin 2011 Souvenirs de L'Ha\u00ff [1] [2] par H\u00e9l\u00e8ne Ballu, petite-fille de Jules Gravereaux. Un vieillard qui s\u2019\u00e9teint, c\u2019est une biblioth\u00e8que qui br\u00fble, dit-on. Comme il est encore temps, moi, H\u00e9l\u00e8ne Ballu, n\u00e9e le 11 juin 1910\u2026","rel":"","context":"Article similaire","block_context":{"text":"Article similaire","link":""},"img":{"alt_text":"GV018 - L'HAY MAISON PRINCIPALE_wp","src":"https:\/\/i0.wp.com\/marret.co\/wp-content\/uploads\/2016\/03\/GV018-LHAY-MAISON-PRINCIPALE_wp-1024x1012.jpg?resize=350%2C200","width":350,"height":200},"classes":[]},{"id":946,"url":"https:\/\/lesgravereaux.marret.co\/index.php\/jules-gravereaux\/4-avenue-de-villars\/","url_meta":{"origin":583,"position":5},"title":"4, avenue de Villars","author":"marretgravereaux","date":"13 mars 2016","format":false,"excerpt":"Le 25 novembre 1894, Jules Gravereaux ach\u00e8te l\u2019immeuble \u00ab\u00a0de Monsieur Guillaume Grohe, fabricant de meubles, et Madame-Emilie Anna Prehy, son \u00e9pouse, demeurant ensemble \u00e0 Paris, Avenue de Villars num\u00e9ro 4. Suivant proc\u00e8s-verbal d'adjudication dress\u00e9 le vingt cinq novembre mil huit cent quatre vingt quatre par Me Meighein, Notaire \u00e0 Paris\u2026","rel":"","context":"Article similaire","block_context":{"text":"Article similaire","link":""},"img":{"alt_text":"4 Av de Villars - YH020_wp","src":"https:\/\/i0.wp.com\/marret.co\/wp-content\/uploads\/2016\/03\/4-Av-de-Villars-YH020_wp-644x1024.jpg?resize=350%2C200","width":350,"height":200},"classes":[]}],"_links":{"self":[{"href":"https:\/\/lesgravereaux.marret.co\/index.php\/wp-json\/wp\/v2\/pages\/583","targetHints":{"allow":["GET"]}}],"collection":[{"href":"https:\/\/lesgravereaux.marret.co\/index.php\/wp-json\/wp\/v2\/pages"}],"about":[{"href":"https:\/\/lesgravereaux.marret.co\/index.php\/wp-json\/wp\/v2\/types\/page"}],"author":[{"embeddable":true,"href":"https:\/\/lesgravereaux.marret.co\/index.php\/wp-json\/wp\/v2\/users\/1"}],"replies":[{"embeddable":true,"href":"https:\/\/lesgravereaux.marret.co\/index.php\/wp-json\/wp\/v2\/comments?post=583"}],"version-history":[{"count":0,"href":"https:\/\/lesgravereaux.marret.co\/index.php\/wp-json\/wp\/v2\/pages\/583\/revisions"}],"up":[{"embeddable":true,"href":"https:\/\/lesgravereaux.marret.co\/index.php\/wp-json\/wp\/v2\/pages\/566"}],"wp:attachment":[{"href":"https:\/\/lesgravereaux.marret.co\/index.php\/wp-json\/wp\/v2\/media?parent=583"}],"curies":[{"name":"wp","href":"https:\/\/api.w.org\/{rel}","templated":true}]}}