{"id":581,"date":"2016-03-07T12:21:04","date_gmt":"2016-03-07T11:21:04","guid":{"rendered":"http:\/\/marret.co\/?page_id=581"},"modified":"2016-03-07T12:21:04","modified_gmt":"2016-03-07T11:21:04","slug":"le-buste-de-jules-gravereaux-sa-renaissance","status":"publish","type":"page","link":"https:\/\/lesgravereaux.marret.co\/index.php\/jules-gravereaux\/portraits-de-jules-gravereaux\/le-buste-de-jules-gravereaux\/le-buste-de-jules-gravereaux-sa-renaissance\/","title":{"rendered":"Le buste de Jules Gravereaux &#8211; sa renaissance"},"content":{"rendered":"<p style=\"text-align: center;\"><strong>Petite histoire du buste&#8230;<br \/>\n<\/strong>par\u00a0Jean-Gilles Engerrand ancien pr\u00e9sident des Amis du vieux L&rsquo;Ha\u00ff<br \/>\n<em>Photos\u00a0: Association des Amis du Vieux L&rsquo;Ha\u00ff<\/em><\/p>\n<p><em><a href=\"https:\/\/i0.wp.com\/marret.co\/wp-content\/uploads\/2016\/03\/1914-Carillon-Rene-Buste-de-Jules-Gravereaux-avant-restauration_wp.jpg\" rel=\"attachment wp-att-548\"><img data-recalc-dims=\"1\" loading=\"lazy\" decoding=\"async\" data-attachment-id=\"548\" data-permalink=\"https:\/\/lesgravereaux.marret.co\/1914-carillon-rene-buste-de-jules-gravereaux-avant-restauration_wp\/\" data-orig-file=\"https:\/\/i0.wp.com\/lesgravereaux.marret.co\/wp-content\/uploads\/2016\/03\/1914-Carillon-Rene-Buste-de-Jules-Gravereaux-avant-restauration_wp.jpg?fit=591%2C550&amp;ssl=1\" data-orig-size=\"591,550\" data-comments-opened=\"1\" data-image-meta=\"{&quot;aperture&quot;:&quot;0&quot;,&quot;credit&quot;:&quot;&quot;,&quot;camera&quot;:&quot;&quot;,&quot;caption&quot;:&quot;&quot;,&quot;created_timestamp&quot;:&quot;0&quot;,&quot;copyright&quot;:&quot;&quot;,&quot;focal_length&quot;:&quot;0&quot;,&quot;iso&quot;:&quot;0&quot;,&quot;shutter_speed&quot;:&quot;0&quot;,&quot;title&quot;:&quot;&quot;,&quot;orientation&quot;:&quot;1&quot;}\" data-image-title=\"1914 Carillon, Rene &amp;#8211; Buste de Jules Gravereaux avant restauration_wp\" data-image-description=\"\" data-image-caption=\"\" data-medium-file=\"https:\/\/i0.wp.com\/lesgravereaux.marret.co\/wp-content\/uploads\/2016\/03\/1914-Carillon-Rene-Buste-de-Jules-Gravereaux-avant-restauration_wp.jpg?fit=300%2C279&amp;ssl=1\" data-large-file=\"https:\/\/i0.wp.com\/lesgravereaux.marret.co\/wp-content\/uploads\/2016\/03\/1914-Carillon-Rene-Buste-de-Jules-Gravereaux-avant-restauration_wp.jpg?fit=591%2C550&amp;ssl=1\" class=\"wp-image-548 alignleft\" src=\"https:\/\/i0.wp.com\/marret.co\/wp-content\/uploads\/2016\/03\/1914-Carillon-Rene-Buste-de-Jules-Gravereaux-avant-restauration_wp.jpg?resize=250%2C233\" alt=\"1914 Carillon, Rene - Buste de Jules Gravereaux avant restauration_wp\" width=\"250\" height=\"233\" data-wp-pid=\"548\" srcset=\"https:\/\/i0.wp.com\/lesgravereaux.marret.co\/wp-content\/uploads\/2016\/03\/1914-Carillon-Rene-Buste-de-Jules-Gravereaux-avant-restauration_wp.jpg?w=591&amp;ssl=1 591w, https:\/\/i0.wp.com\/lesgravereaux.marret.co\/wp-content\/uploads\/2016\/03\/1914-Carillon-Rene-Buste-de-Jules-Gravereaux-avant-restauration_wp.jpg?resize=300%2C279&amp;ssl=1 300w\" sizes=\"auto, (max-width: 250px) 100vw, 250px\" \/><\/a>\u00ab\u00a0\u00c0 l&rsquo;origine, le buste de Jules Gravereaux se trouvait sur une st\u00e8le au fond de ce que l&rsquo;on nomme aujourd&rsquo;hui le parking du square Allende. \u00c0 cet endroit, tous les ans avait lieu la remise des prix de l&rsquo;\u00e9cole du Centre. C&rsquo;est \u00e0 peu pr\u00e8s tout ce qui devait s&rsquo;y passer alors.<\/em><\/p>\n<p><em>Vers le milieu des ann\u00e9es 60, la st\u00e8le a \u00e9t\u00e9 renvers\u00e9e et la t\u00eate s&rsquo;est d\u00e9tach\u00e9e du buste. Je suppose que les services techniques de la mairie de l&rsquo;\u00e9poque ont ramass\u00e9 les morceaux et les ont stock\u00e9s quelque part&#8230;<\/em><\/p>\n<p><em>En 1992 nous (les Amis du Vieux L&rsquo;Ha\u00ff) apprenions que les statues en terre cuite de 1830 qui ornaient l&rsquo;ancienne \u00e9cole derri\u00e8re l&rsquo;\u00e9glise avaient \u00e9t\u00e9 d\u00e9couvertes lors d&rsquo;un rangement aux Ateliers municipaux, avenue du G\u00e9n\u00e9ral de Gaulle et qu&rsquo;elles \u00e9taient vou\u00e9es \u00e0 la d\u00e9charge. Avec l&rsquo;accord de la Mairie, en f\u00e9vrier 1992 nous d\u00e9barquions aux Ateliers dans le but de les r\u00e9cup\u00e9rer.<\/em><\/p>\n<p><em>Ce matin l\u00e0, un samedi, nous (Jean-Michel, G\u00e9rard, Jacques et moi-m\u00eame) \u00e9tions \u00e0 pied d&rsquo;oeuvre. Derri\u00e8re un amas de planches et de gravats, en nous faufilant derri\u00e8re, nous r\u00e9cup\u00e9rions presque tous les morceaux de nos statues. Puis je fis une derni\u00e8re tentative &#8211; c&rsquo;\u00e9tait vraiment inaccessible &#8211; pour r\u00e9cup\u00e9rer une main qui visiblement manquait. Pas de main, mais je sentais comme une grosse boule au bout de mes doigts. J&rsquo;insiste. Les amis d\u00e9gagent un peu plus les panneaux de planches, je saisis la \u00ab\u00a0boule\u00a0\u00bb et la ram\u00e8ne. C&rsquo;\u00e9tait la t\u00eate de Jules.<\/em><\/p>\n<p><em>Du coup, notre petite recherche qui nous avait pris une heure en dura trois, car il fallut d\u00e9m\u00e9nager tout le coin pour retrouver enfin le buste. Et puis nous nous disions qu&rsquo;il avait peut-\u00eatre d&rsquo;autres tr\u00e9sors&#8230;.\u00a0Nous avons charg\u00e9 tout \u00e7a dans les voitures et puis stock\u00e9 les morceaux chez nous. Les statues \u00e9taient chez moi. Jules en deux morceaux devait \u00eatre chez Jacques, je crois.<\/em><\/p>\n<p><em><a href=\"https:\/\/i0.wp.com\/marret.co\/wp-content\/uploads\/2016\/03\/1914-Carillon-Rene-Buste-de-Jules-Gravereaux-apres-restauration_wp.jpg\" rel=\"attachment wp-att-547\"><img data-recalc-dims=\"1\" loading=\"lazy\" decoding=\"async\" data-attachment-id=\"547\" data-permalink=\"https:\/\/lesgravereaux.marret.co\/1914-carillon-rene-buste-de-jules-gravereaux-apres-restauration_wp\/\" data-orig-file=\"https:\/\/i0.wp.com\/lesgravereaux.marret.co\/wp-content\/uploads\/2016\/03\/1914-Carillon-Rene-Buste-de-Jules-Gravereaux-apres-restauration_wp.jpg?fit=443%2C591&amp;ssl=1\" data-orig-size=\"443,591\" data-comments-opened=\"1\" data-image-meta=\"{&quot;aperture&quot;:&quot;0&quot;,&quot;credit&quot;:&quot;&quot;,&quot;camera&quot;:&quot;&quot;,&quot;caption&quot;:&quot;&quot;,&quot;created_timestamp&quot;:&quot;0&quot;,&quot;copyright&quot;:&quot;&quot;,&quot;focal_length&quot;:&quot;0&quot;,&quot;iso&quot;:&quot;0&quot;,&quot;shutter_speed&quot;:&quot;0&quot;,&quot;title&quot;:&quot;&quot;,&quot;orientation&quot;:&quot;1&quot;}\" data-image-title=\"1914 Carillon, Rene &amp;#8211; Buste de Jules Gravereaux apres restauration_wp\" data-image-description=\"\" data-image-caption=\"\" data-medium-file=\"https:\/\/i0.wp.com\/lesgravereaux.marret.co\/wp-content\/uploads\/2016\/03\/1914-Carillon-Rene-Buste-de-Jules-Gravereaux-apres-restauration_wp.jpg?fit=225%2C300&amp;ssl=1\" data-large-file=\"https:\/\/i0.wp.com\/lesgravereaux.marret.co\/wp-content\/uploads\/2016\/03\/1914-Carillon-Rene-Buste-de-Jules-Gravereaux-apres-restauration_wp.jpg?fit=443%2C591&amp;ssl=1\" class=\"wp-image-547 alignright\" src=\"https:\/\/i0.wp.com\/marret.co\/wp-content\/uploads\/2016\/03\/1914-Carillon-Rene-Buste-de-Jules-Gravereaux-apres-restauration_wp.jpg?resize=250%2C334\" alt=\"1914 Carillon, Rene - Buste de Jules Gravereaux apres restauration_wp\" width=\"250\" height=\"334\" data-wp-pid=\"547\" srcset=\"https:\/\/i0.wp.com\/lesgravereaux.marret.co\/wp-content\/uploads\/2016\/03\/1914-Carillon-Rene-Buste-de-Jules-Gravereaux-apres-restauration_wp.jpg?w=443&amp;ssl=1 443w, https:\/\/i0.wp.com\/lesgravereaux.marret.co\/wp-content\/uploads\/2016\/03\/1914-Carillon-Rene-Buste-de-Jules-Gravereaux-apres-restauration_wp.jpg?resize=225%2C300&amp;ssl=1 225w\" sizes=\"auto, (max-width: 250px) 100vw, 250px\" \/><\/a>Par l&rsquo;interm\u00e9diaire d&rsquo;amis personnels, j&rsquo;ai trouv\u00e9 un artiste sculpteur qui savait restaurer de telles oeuvres. Nous avons commenc\u00e9 par les statues. Avec Jacques, nous allions les livrer et les r\u00e9cup\u00e9rer \u00e0 l&rsquo;autre bout de la banlieue. Puis l&rsquo;association a donn\u00e9 son \u00ab\u00a0feu vert\u00a0\u00bbpour faire de m\u00eame avec Jules. Les restaurations ont \u00e9t\u00e9 enti\u00e8rement effectu\u00e9es sur les fonds de l&rsquo;association des Amis du Vieux L&rsquo;Ha\u00ff.<\/em><\/p>\n<p><em>Pendant des ann\u00e9es nous avons demand\u00e9 \u00e0 la municipalit\u00e9 de les reprendre pour les mettre en valeur \u00e0 la mairie o\u00f9 dans tout autre lieu prot\u00e9g\u00e9 o\u00f9 les l&rsquo;Ha\u00ffssiens puissent les voir. Pas de r\u00e9ponse durant plus de 15 ans ! Une des statues a s\u00e9journ\u00e9 dans ma salle \u00e0 manger durant ce temps, l&rsquo;autre chez Jacques. Les statues ont \u00e9t\u00e9 reprises par la municipalit\u00e9 apr\u00e8s la reconstruction de la mairie.<\/em><\/p>\n<p><em>Le buste de Jules Gravereaux \u00e9tait dans notre local puis, faute de place, dehors chez G\u00e9rard. Comme quoi la restauration tient les intemp\u00e9ries! Nous le sortions \u00e0 toutes les manifestations culturelles dans la Roseraie; c&rsquo;est \u00e0 dire tous les ans. Nous avions pens\u00e9 le redonner \u00e0 la Roseraie. Le Sous-Pr\u00e9fet \u00e9tait pr\u00eat \u00e0 l&rsquo;accueillir dans la Maison Empire. Mais voil\u00e0, Madame Gravereaux a fait don du buste de son mari \u00e0 la Mairie de L&rsquo;Ha\u00ff et non au d\u00e9partement. D\u00e9partement de la Seine, \u00e0 l&rsquo;\u00e9poque. L&rsquo;Association a le document en sa possession.<\/em><\/p>\n<p><em>J&rsquo;ai donc fait un courrier au Sous-Pr\u00e9fet dans ce sens. Jules appartient \u00e0 la commune et s&rsquo;il doit quitter les Amis du Vieux L&rsquo;Ha\u00ff ce ne sera que pour que tout l&rsquo;Ha\u00ffssien puisse le voir. Depuis que nous sommes au Moulin, Jules garde notre local. Les Amis du Vieux L&rsquo;Ha\u00ff sont pr\u00eats \u00e0 se s\u00e9parer de Jules, mais il est imp\u00e9ratif que la municipalit\u00e9 respecte les volont\u00e9s de Madame Gravereaux.\u00a0\u00bb<\/em><\/p>\n<p style=\"text-align: center;\">~~~~~~~<\/p>\n","protected":false},"excerpt":{"rendered":"<p>Petite histoire du buste&#8230; par\u00a0Jean-Gilles Engerrand ancien pr\u00e9sident des Amis du vieux L&rsquo;Ha\u00ff Photos\u00a0: Association des Amis du Vieux L&rsquo;Ha\u00ff \u00ab\u00a0\u00c0 l&rsquo;origine, le buste de Jules Gravereaux se trouvait sur une st\u00e8le au fond de ce que l&rsquo;on nomme aujourd&rsquo;hui &hellip; <a href=\"https:\/\/lesgravereaux.marret.co\/index.php\/jules-gravereaux\/portraits-de-jules-gravereaux\/le-buste-de-jules-gravereaux\/le-buste-de-jules-gravereaux-sa-renaissance\/\">Continuer la lecture <span class=\"meta-nav\">&rarr;<\/span><\/a><\/p>\n","protected":false},"author":1,"featured_media":0,"parent":577,"menu_order":0,"comment_status":"closed","ping_status":"closed","template":"","meta":{"ngg_post_thumbnail":0,"jetpack_post_was_ever_published":false,"footnotes":""},"class_list":["post-581","page","type-page","status-publish","hentry"],"jetpack_sharing_enabled":true,"jetpack_shortlink":"https:\/\/wp.me\/P7ERyi-9n","jetpack-related-posts":[{"id":577,"url":"https:\/\/lesgravereaux.marret.co\/index.php\/jules-gravereaux\/portraits-de-jules-gravereaux\/le-buste-de-jules-gravereaux\/","url_meta":{"origin":581,"position":0},"title":"Le buste de Jules Gravereaux","author":"marretgravereaux","date":"7 mars 2016","format":false,"excerpt":"En 1914, le sculpteur Carillon ex\u00e9cutait un buste de Jules Gravereaux... Pr\u00e9sent\u00e9 au Salon des artistes fran\u00e7ais de cette ann\u00e9e-l\u00e0, il y fut remarqu\u00e9, comme le souligne Lucien Klotz, critique \u00e0 La Presse\u00a0: \u00ab\u00a0M. Carion a expos\u00e9 le buste de M. Gravereaux, propri\u00e9taire de la roseraie L'Hay, le plus beau\u2026","rel":"","context":"Article similaire","block_context":{"text":"Article similaire","link":""},"img":{"alt_text":"1914 Carillon, Rene - Buste de Jules Gravereaux 2_wp","src":"https:\/\/i0.wp.com\/marret.co\/wp-content\/uploads\/2016\/03\/1914-Carillon-Rene-Buste-de-Jules-Gravereaux-2_wp-846x1024.jpg?resize=350%2C200","width":350,"height":200},"classes":[]},{"id":1435,"url":"https:\/\/lesgravereaux.marret.co\/index.php\/jules-gravereaux\/portraits-de-jules-gravereaux\/le-buste-de-jules-gravereaux\/1435-2\/","url_meta":{"origin":581,"position":1},"title":"L&rsquo;inauguration du buste de Jules Gravereaux","author":"marretgravereaux","date":"9 avril 2016","format":false,"excerpt":"Discours de Sophie Hasquenoph, Maire adjointe de L'Ha\u00ff, charg\u00e9e de la Culture,\u00a0 du devoir de m\u00e9moire et des Anciens Combattants Monsieur le sous-pr\u00e9fet, Mesdames, messieurs les membres de la famille Gravereaux, Mesdames, messieurs les \u00e9lus, Chers amis, C\u2019est vraiment avec un tr\u00e8s grand plaisir que je vous accueille ce matin,\u2026","rel":"","context":"Article similaire","block_context":{"text":"Article similaire","link":""},"img":{"alt_text":"2010-05 L'Ha\u00ff_287 - RLM1129_wp","src":"https:\/\/i0.wp.com\/lesgravereaux.marret.co\/wp-content\/uploads\/2016\/04\/2010-05-LHa%C3%BF_287-RLM1129_wp-768x1024.jpg?resize=350%2C200","width":350,"height":200},"classes":[]},{"id":807,"url":"https:\/\/lesgravereaux.marret.co\/index.php\/jules-gravereaux\/portraits-de-jules-gravereaux\/","url_meta":{"origin":581,"position":2},"title":"Portraits de Jules Gravereaux","author":"marretgravereaux","date":"10 mars 2016","format":false,"excerpt":"Tableau Portrait de Jules Gravereaux dans la roseraie de L\u2019Ha\u00ff\u00a0\u00a0 par Charles-Paul RENOUARD (1841-1919)\u00a0 Source : Archives d\u00e9partementales du Val-de-Marne \u00a0 M\u00e9daille M\u00e9daille\u00a0(38mm, fini bronze) con\u00e7ue par Jean-Luc Marret et frapp\u00e9e par l'atelier mon\u00e9taire\u00a0Pressed Metal Products\u00a0de Vancouver (Canada). Pour plus de d\u00e9tails et commande s'adresser \u00e0\u00a0Jean-Luc Marret. \u00a0 Buste R\u00e9alis\u00e9\u2026","rel":"","context":"Article similaire","block_context":{"text":"Article similaire","link":""},"img":{"alt_text":"Renouard, Charles-Paul (47 J 245)_wp","src":"https:\/\/i0.wp.com\/marret.co\/wp-content\/uploads\/2016\/03\/Renouard-Charles-Paul-47-J-245_wp-1024x743.jpg?resize=350%2C200","width":350,"height":200},"classes":[]},{"id":3326,"url":"https:\/\/lesgravereaux.marret.co\/index.php\/571-2\/la-journee-de-jules-gravereaux\/","url_meta":{"origin":581,"position":3},"title":"28 mai 2016 &#8211; La journ\u00e9e de Jules Gravereaux","author":"marretgravereaux","date":"10 juin 2016","format":false,"excerpt":"La ville de L'Ha\u00ff-les-Roses, les associations locales et la famille Gravereaux avaient d\u00e9cid\u00e9 de souligner le centenaire du d\u00e9c\u00e8s de Jules Gravereaux en organisant des activit\u00e9s le 18 mai 2016\u2026 Nathalie Ferrand, auteur du livre \u00ab\u00a0Cr\u00e9ateur de roses\u00a0\u00bb a prononc\u00e9 une conf\u00e9rence sur le th\u00e8me \u00ab\u00a0Rayonnement de Jules Gravereaux en\u2026","rel":"","context":"Dans &quot;Jules Gravereaux&quot;","block_context":{"text":"Jules Gravereaux","link":"https:\/\/lesgravereaux.marret.co\/index.php\/category\/jules-gravereaux\/"},"img":{"alt_text":"File0032a","src":"https:\/\/i0.wp.com\/lesgravereaux.marret.co\/wp-content\/uploads\/2015\/10\/File0032a.jpg?resize=350%2C200","width":350,"height":200},"classes":[]},{"id":1523,"url":"https:\/\/lesgravereaux.marret.co\/index.php\/liens-utiles\/","url_meta":{"origin":581,"position":4},"title":"Liens utiles","author":"marretgravereaux","date":"10 avril 2016","format":false,"excerpt":"Les liens pour :\u00a0-\u00a0La famille Gravereaux -\u00a0Jules Gravereaux - Denis Gravereaux\u00a0-\u00a0Sylvie de Beco\u00a0-\u00a0Jean-Claude Pascal - La roseraie de l'Ha\u00ff -\u00a0Les \u00c9tablissements Gravereaux\u00a0-\u00a0Associations et organismes \u00a0 \u00a0Jules Gravereaux Wikipedia - Jules Gravereaux \u00a0\u00a0 La roseraie de l'Ha\u00ff La Roseraie du Val-de-Marne Wikipedia - La Roseraie du Val-de-Marne HelpMeFind - Roseraie du\u2026","rel":"","context":"Article similaire","block_context":{"text":"Article similaire","link":""},"img":{"alt_text":"Roses de Malmaison - p01b_wp","src":"https:\/\/i0.wp.com\/lesgravereaux.marret.co\/wp-content\/uploads\/2016\/03\/Roses-de-Malmaison-p01b_wp.jpg?resize=350%2C200","width":350,"height":200},"classes":[]},{"id":1420,"url":"https:\/\/lesgravereaux.marret.co\/index.php\/571-2\/2010-les-28-et-29-mai\/","url_meta":{"origin":581,"position":5},"title":"28 mai 2010 &#8211; Cousinade familiale","author":"marretgravereaux","date":"9 avril 2016","format":false,"excerpt":"Les dirigeants de l\u2019association \u00ab Jules GRAVEREAUX \u00bb avaient invit\u00e9 les descendants de Germain S\u00e9bastien Graverot et Marie Marguerite Quenault \u00e0 se r\u00e9unir pour une r\u00e9union familiale ainsi que pour participer \u00e0 la F\u00eate de la Rose organis\u00e9e par la ville de L\u2019Ha\u00ff. La r\u00e9ponse fut exceptionnelle et pr\u00e8s de\u2026","rel":"","context":"Article similaire","block_context":{"text":"Article similaire","link":""},"img":{"alt_text":"2010-05 L'Ha\u00ff_003 - RLM0845a_wp","src":"https:\/\/i0.wp.com\/lesgravereaux.marret.co\/wp-content\/uploads\/2016\/04\/2010-05-LHa%C3%BF_003-RLM0845a_wp-1024x768.jpg?resize=350%2C200","width":350,"height":200},"classes":[]}],"_links":{"self":[{"href":"https:\/\/lesgravereaux.marret.co\/index.php\/wp-json\/wp\/v2\/pages\/581","targetHints":{"allow":["GET"]}}],"collection":[{"href":"https:\/\/lesgravereaux.marret.co\/index.php\/wp-json\/wp\/v2\/pages"}],"about":[{"href":"https:\/\/lesgravereaux.marret.co\/index.php\/wp-json\/wp\/v2\/types\/page"}],"author":[{"embeddable":true,"href":"https:\/\/lesgravereaux.marret.co\/index.php\/wp-json\/wp\/v2\/users\/1"}],"replies":[{"embeddable":true,"href":"https:\/\/lesgravereaux.marret.co\/index.php\/wp-json\/wp\/v2\/comments?post=581"}],"version-history":[{"count":0,"href":"https:\/\/lesgravereaux.marret.co\/index.php\/wp-json\/wp\/v2\/pages\/581\/revisions"}],"up":[{"embeddable":true,"href":"https:\/\/lesgravereaux.marret.co\/index.php\/wp-json\/wp\/v2\/pages\/577"}],"wp:attachment":[{"href":"https:\/\/lesgravereaux.marret.co\/index.php\/wp-json\/wp\/v2\/media?parent=581"}],"curies":[{"name":"wp","href":"https:\/\/api.w.org\/{rel}","templated":true}]}}