{"id":577,"date":"2016-03-07T12:14:23","date_gmt":"2016-03-07T11:14:23","guid":{"rendered":"http:\/\/marret.co\/?page_id=577"},"modified":"2017-07-01T16:07:23","modified_gmt":"2017-07-01T15:07:23","slug":"le-buste-de-jules-gravereaux","status":"publish","type":"page","link":"https:\/\/lesgravereaux.marret.co\/index.php\/jules-gravereaux\/portraits-de-jules-gravereaux\/le-buste-de-jules-gravereaux\/","title":{"rendered":"Le buste de Jules Gravereaux"},"content":{"rendered":"<p><a href=\"https:\/\/i0.wp.com\/marret.co\/wp-content\/uploads\/2016\/03\/1914-Carillon-Rene-Buste-de-Jules-Gravereaux-2_wp.jpg\" rel=\"attachment wp-att-545\"><img data-recalc-dims=\"1\" loading=\"lazy\" decoding=\"async\" data-attachment-id=\"545\" data-permalink=\"https:\/\/lesgravereaux.marret.co\/1914-carillon-rene-buste-de-jules-gravereaux-2_wp\/\" data-orig-file=\"https:\/\/i0.wp.com\/lesgravereaux.marret.co\/wp-content\/uploads\/2016\/03\/1914-Carillon-Rene-Buste-de-Jules-Gravereaux-2_wp.jpg?fit=910%2C1102&amp;ssl=1\" data-orig-size=\"910,1102\" data-comments-opened=\"1\" data-image-meta=\"{&quot;aperture&quot;:&quot;0&quot;,&quot;credit&quot;:&quot;&quot;,&quot;camera&quot;:&quot;&quot;,&quot;caption&quot;:&quot;&quot;,&quot;created_timestamp&quot;:&quot;0&quot;,&quot;copyright&quot;:&quot;&quot;,&quot;focal_length&quot;:&quot;0&quot;,&quot;iso&quot;:&quot;0&quot;,&quot;shutter_speed&quot;:&quot;0&quot;,&quot;title&quot;:&quot;&quot;,&quot;orientation&quot;:&quot;1&quot;}\" data-image-title=\"1914 Carillon, Rene &amp;#8211; Buste de Jules Gravereaux 2_wp\" data-image-description=\"\" data-image-caption=\"\" data-medium-file=\"https:\/\/i0.wp.com\/lesgravereaux.marret.co\/wp-content\/uploads\/2016\/03\/1914-Carillon-Rene-Buste-de-Jules-Gravereaux-2_wp.jpg?fit=248%2C300&amp;ssl=1\" data-large-file=\"https:\/\/i0.wp.com\/lesgravereaux.marret.co\/wp-content\/uploads\/2016\/03\/1914-Carillon-Rene-Buste-de-Jules-Gravereaux-2_wp.jpg?fit=640%2C775&amp;ssl=1\" width=\"201\" height=\"243\" class=\"wp-image-545 alignleft\" alt=\"1914 Carillon, Rene - Buste de Jules Gravereaux 2_wp\" src=\"https:\/\/i0.wp.com\/marret.co\/wp-content\/uploads\/2016\/03\/1914-Carillon-Rene-Buste-de-Jules-Gravereaux-2_wp-846x1024.jpg?resize=201%2C243\" data-wp-pid=\"545\" srcset=\"https:\/\/i0.wp.com\/lesgravereaux.marret.co\/wp-content\/uploads\/2016\/03\/1914-Carillon-Rene-Buste-de-Jules-Gravereaux-2_wp.jpg?resize=846%2C1024&amp;ssl=1 846w, https:\/\/i0.wp.com\/lesgravereaux.marret.co\/wp-content\/uploads\/2016\/03\/1914-Carillon-Rene-Buste-de-Jules-Gravereaux-2_wp.jpg?resize=248%2C300&amp;ssl=1 248w, https:\/\/i0.wp.com\/lesgravereaux.marret.co\/wp-content\/uploads\/2016\/03\/1914-Carillon-Rene-Buste-de-Jules-Gravereaux-2_wp.jpg?resize=768%2C930&amp;ssl=1 768w, https:\/\/i0.wp.com\/lesgravereaux.marret.co\/wp-content\/uploads\/2016\/03\/1914-Carillon-Rene-Buste-de-Jules-Gravereaux-2_wp.jpg?resize=800%2C969&amp;ssl=1 800w, https:\/\/i0.wp.com\/lesgravereaux.marret.co\/wp-content\/uploads\/2016\/03\/1914-Carillon-Rene-Buste-de-Jules-Gravereaux-2_wp.jpg?resize=495%2C600&amp;ssl=1 495w, https:\/\/i0.wp.com\/lesgravereaux.marret.co\/wp-content\/uploads\/2016\/03\/1914-Carillon-Rene-Buste-de-Jules-Gravereaux-2_wp.jpg?w=910&amp;ssl=1 910w\" sizes=\"auto, (max-width: 201px) 100vw, 201px\" \/><\/a>En 1914, le sculpteur Carillon ex\u00e9cutait un buste de Jules Gravereaux&#8230;<\/p>\n<p><a href=\"https:\/\/i0.wp.com\/marret.co\/wp-content\/uploads\/2016\/03\/1914-Carillon-Rene-Buste-de-Jules-Gravereaux-3_wp.jpg\" rel=\"attachment wp-att-546\"><img data-recalc-dims=\"1\" loading=\"lazy\" decoding=\"async\" data-attachment-id=\"546\" data-permalink=\"https:\/\/lesgravereaux.marret.co\/1914-carillon-rene-buste-de-jules-gravereaux-3_wp\/\" data-orig-file=\"https:\/\/i0.wp.com\/lesgravereaux.marret.co\/wp-content\/uploads\/2016\/03\/1914-Carillon-Rene-Buste-de-Jules-Gravereaux-3_wp.jpg?fit=771%2C1102&amp;ssl=1\" data-orig-size=\"771,1102\" data-comments-opened=\"1\" data-image-meta=\"{&quot;aperture&quot;:&quot;0&quot;,&quot;credit&quot;:&quot;&quot;,&quot;camera&quot;:&quot;&quot;,&quot;caption&quot;:&quot;&quot;,&quot;created_timestamp&quot;:&quot;0&quot;,&quot;copyright&quot;:&quot;&quot;,&quot;focal_length&quot;:&quot;0&quot;,&quot;iso&quot;:&quot;0&quot;,&quot;shutter_speed&quot;:&quot;0&quot;,&quot;title&quot;:&quot;&quot;,&quot;orientation&quot;:&quot;1&quot;}\" data-image-title=\"1914 Carillon, Rene &amp;#8211; Buste de Jules Gravereaux 3_wp\" data-image-description=\"\" data-image-caption=\"\" data-medium-file=\"https:\/\/i0.wp.com\/lesgravereaux.marret.co\/wp-content\/uploads\/2016\/03\/1914-Carillon-Rene-Buste-de-Jules-Gravereaux-3_wp.jpg?fit=210%2C300&amp;ssl=1\" data-large-file=\"https:\/\/i0.wp.com\/lesgravereaux.marret.co\/wp-content\/uploads\/2016\/03\/1914-Carillon-Rene-Buste-de-Jules-Gravereaux-3_wp.jpg?fit=640%2C915&amp;ssl=1\" width=\"175\" height=\"250\" class=\"wp-image-546 alignright\" alt=\"1914 Carillon, Rene - Buste de Jules Gravereaux 3_wp\" src=\"https:\/\/i0.wp.com\/marret.co\/wp-content\/uploads\/2016\/03\/1914-Carillon-Rene-Buste-de-Jules-Gravereaux-3_wp-716x1024.jpg?resize=175%2C250\" data-wp-pid=\"546\" srcset=\"https:\/\/i0.wp.com\/lesgravereaux.marret.co\/wp-content\/uploads\/2016\/03\/1914-Carillon-Rene-Buste-de-Jules-Gravereaux-3_wp.jpg?resize=716%2C1024&amp;ssl=1 716w, https:\/\/i0.wp.com\/lesgravereaux.marret.co\/wp-content\/uploads\/2016\/03\/1914-Carillon-Rene-Buste-de-Jules-Gravereaux-3_wp.jpg?resize=210%2C300&amp;ssl=1 210w, https:\/\/i0.wp.com\/lesgravereaux.marret.co\/wp-content\/uploads\/2016\/03\/1914-Carillon-Rene-Buste-de-Jules-Gravereaux-3_wp.jpg?resize=768%2C1098&amp;ssl=1 768w, https:\/\/i0.wp.com\/lesgravereaux.marret.co\/wp-content\/uploads\/2016\/03\/1914-Carillon-Rene-Buste-de-Jules-Gravereaux-3_wp.jpg?resize=420%2C600&amp;ssl=1 420w, https:\/\/i0.wp.com\/lesgravereaux.marret.co\/wp-content\/uploads\/2016\/03\/1914-Carillon-Rene-Buste-de-Jules-Gravereaux-3_wp.jpg?w=771&amp;ssl=1 771w\" sizes=\"auto, (max-width: 175px) 100vw, 175px\" \/><\/a>Pr\u00e9sent\u00e9 au Salon des artistes fran\u00e7ais de cette ann\u00e9e-l\u00e0, il y fut remarqu\u00e9, comme le souligne Lucien Klotz, critique \u00e0 <em>La Presse<\/em>&nbsp;: \u00ab&nbsp;<em>M. Carion a expos\u00e9 le buste de M. Gravereaux, propri\u00e9taire de la roseraie L&rsquo;Hay, le plus beau jardin de France, o\u00f9 s&rsquo;\u00e9panouissent des milliers de rosiers. M. Carion a un rang \u00e9lev\u00e9 dans la statuaire contemporaine. Le buste de M. Gravereaux est tout \u00e0 fait magistral.<\/em><\/p>\n<p style=\"text-align: right;\"><span style=\"font-family: Arial; font-size: 10pt;\"><em><span style=\"color: #084e54; font-family: Arial;\">Cr\u00e9dit photos <\/span><span style=\"font-family: Arial;\">\u00a9 Inventaire g\u00e9n\u00e9ral, ADAGP, 1996<\/span><\/em><\/span><\/p>\n<p>La famille&nbsp;Gravereaux en fit don \u00e0 la ville de L&rsquo;Ha\u00ff-les-Roses, en 1933,&nbsp;exprimant le souhait que celui-ci soit mis en \u00e9vidence pour rendre hommage \u00e0 Jules Gravereaux et \u00e0 son \u0153uvre.<br \/>\n<a href=\"https:\/\/i0.wp.com\/marret.co\/wp-content\/uploads\/2016\/03\/1933-02-07-Gravereaux-Henri-Don-du-buste-p1_wp.jpg\" rel=\"attachment wp-att-549\"><img data-recalc-dims=\"1\" loading=\"lazy\" decoding=\"async\" data-attachment-id=\"549\" data-permalink=\"https:\/\/lesgravereaux.marret.co\/1933-02-07-gravereaux-henri-don-du-buste-p1_wp\/\" data-orig-file=\"https:\/\/i0.wp.com\/lesgravereaux.marret.co\/wp-content\/uploads\/2016\/03\/1933-02-07-Gravereaux-Henri-Don-du-buste-p1_wp.jpg?fit=787%2C545&amp;ssl=1\" data-orig-size=\"787,545\" data-comments-opened=\"1\" data-image-meta=\"{&quot;aperture&quot;:&quot;0&quot;,&quot;credit&quot;:&quot;&quot;,&quot;camera&quot;:&quot;&quot;,&quot;caption&quot;:&quot;&quot;,&quot;created_timestamp&quot;:&quot;0&quot;,&quot;copyright&quot;:&quot;&quot;,&quot;focal_length&quot;:&quot;0&quot;,&quot;iso&quot;:&quot;0&quot;,&quot;shutter_speed&quot;:&quot;0&quot;,&quot;title&quot;:&quot;&quot;,&quot;orientation&quot;:&quot;1&quot;}\" data-image-title=\"1933-02-07 Gravereaux, Henri &amp;#8211; Don du buste p1_wp\" data-image-description=\"\" data-image-caption=\"\" data-medium-file=\"https:\/\/i0.wp.com\/lesgravereaux.marret.co\/wp-content\/uploads\/2016\/03\/1933-02-07-Gravereaux-Henri-Don-du-buste-p1_wp.jpg?fit=300%2C208&amp;ssl=1\" data-large-file=\"https:\/\/i0.wp.com\/lesgravereaux.marret.co\/wp-content\/uploads\/2016\/03\/1933-02-07-Gravereaux-Henri-Don-du-buste-p1_wp.jpg?fit=640%2C443&amp;ssl=1\" width=\"290\" height=\"201\" class=\"wp-image-549 alignleft\" alt=\"1933-02-07 Gravereaux, Henri - Don du buste p1_wp\" src=\"https:\/\/i0.wp.com\/marret.co\/wp-content\/uploads\/2016\/03\/1933-02-07-Gravereaux-Henri-Don-du-buste-p1_wp.jpg?resize=290%2C201\" data-wp-pid=\"549\" srcset=\"https:\/\/i0.wp.com\/lesgravereaux.marret.co\/wp-content\/uploads\/2016\/03\/1933-02-07-Gravereaux-Henri-Don-du-buste-p1_wp.jpg?w=787&amp;ssl=1 787w, https:\/\/i0.wp.com\/lesgravereaux.marret.co\/wp-content\/uploads\/2016\/03\/1933-02-07-Gravereaux-Henri-Don-du-buste-p1_wp.jpg?resize=300%2C208&amp;ssl=1 300w, https:\/\/i0.wp.com\/lesgravereaux.marret.co\/wp-content\/uploads\/2016\/03\/1933-02-07-Gravereaux-Henri-Don-du-buste-p1_wp.jpg?resize=768%2C532&amp;ssl=1 768w, https:\/\/i0.wp.com\/lesgravereaux.marret.co\/wp-content\/uploads\/2016\/03\/1933-02-07-Gravereaux-Henri-Don-du-buste-p1_wp.jpg?resize=600%2C416&amp;ssl=1 600w\" sizes=\"auto, (max-width: 290px) 100vw, 290px\" \/><\/a><a href=\"https:\/\/i0.wp.com\/marret.co\/wp-content\/uploads\/2016\/03\/1933-02-07-Gravereaux-Henri-Don-du-buste-p2_wp.jpg\" rel=\"attachment wp-att-550\"><img data-recalc-dims=\"1\" loading=\"lazy\" decoding=\"async\" data-attachment-id=\"550\" data-permalink=\"https:\/\/lesgravereaux.marret.co\/1933-02-07-gravereaux-henri-don-du-buste-p2_wp\/\" data-orig-file=\"https:\/\/i0.wp.com\/lesgravereaux.marret.co\/wp-content\/uploads\/2016\/03\/1933-02-07-Gravereaux-Henri-Don-du-buste-p2_wp.jpg?fit=787%2C546&amp;ssl=1\" data-orig-size=\"787,546\" data-comments-opened=\"1\" data-image-meta=\"{&quot;aperture&quot;:&quot;0&quot;,&quot;credit&quot;:&quot;&quot;,&quot;camera&quot;:&quot;&quot;,&quot;caption&quot;:&quot;&quot;,&quot;created_timestamp&quot;:&quot;0&quot;,&quot;copyright&quot;:&quot;&quot;,&quot;focal_length&quot;:&quot;0&quot;,&quot;iso&quot;:&quot;0&quot;,&quot;shutter_speed&quot;:&quot;0&quot;,&quot;title&quot;:&quot;&quot;,&quot;orientation&quot;:&quot;1&quot;}\" data-image-title=\"1933-02-07 Gravereaux, Henri &amp;#8211; Don du buste p2_wp\" data-image-description=\"\" data-image-caption=\"\" data-medium-file=\"https:\/\/i0.wp.com\/lesgravereaux.marret.co\/wp-content\/uploads\/2016\/03\/1933-02-07-Gravereaux-Henri-Don-du-buste-p2_wp.jpg?fit=300%2C208&amp;ssl=1\" data-large-file=\"https:\/\/i0.wp.com\/lesgravereaux.marret.co\/wp-content\/uploads\/2016\/03\/1933-02-07-Gravereaux-Henri-Don-du-buste-p2_wp.jpg?fit=640%2C444&amp;ssl=1\" width=\"290\" height=\"201\" class=\"wp-image-550 alignright\" alt=\"1933-02-07 Gravereaux, Henri - Don du buste p2_wp\" src=\"https:\/\/i0.wp.com\/marret.co\/wp-content\/uploads\/2016\/03\/1933-02-07-Gravereaux-Henri-Don-du-buste-p2_wp.jpg?resize=290%2C201\" data-wp-pid=\"550\" srcset=\"https:\/\/i0.wp.com\/lesgravereaux.marret.co\/wp-content\/uploads\/2016\/03\/1933-02-07-Gravereaux-Henri-Don-du-buste-p2_wp.jpg?w=787&amp;ssl=1 787w, https:\/\/i0.wp.com\/lesgravereaux.marret.co\/wp-content\/uploads\/2016\/03\/1933-02-07-Gravereaux-Henri-Don-du-buste-p2_wp.jpg?resize=300%2C208&amp;ssl=1 300w, https:\/\/i0.wp.com\/lesgravereaux.marret.co\/wp-content\/uploads\/2016\/03\/1933-02-07-Gravereaux-Henri-Don-du-buste-p2_wp.jpg?resize=768%2C533&amp;ssl=1 768w, https:\/\/i0.wp.com\/lesgravereaux.marret.co\/wp-content\/uploads\/2016\/03\/1933-02-07-Gravereaux-Henri-Don-du-buste-p2_wp.jpg?resize=600%2C416&amp;ssl=1 600w\" sizes=\"auto, (max-width: 290px) 100vw, 290px\" \/><\/a><\/p>\n<p>&nbsp;<\/p>\n<p>&nbsp;<\/p>\n<p>&nbsp;<\/p>\n<p>&nbsp;<\/p>\n<p>&nbsp;<\/p>\n<p>Le buste a \u00e9t\u00e9&nbsp;<a href=\"https:\/\/lesgravereaux.marret.co\/index.php\/jules-gravereaux\/portraits-de-jules-gravereaux\/le-buste-de-jules-gravereaux\/le-buste-de-jules-gravereaux-sa-renaissance\/\">restaur\u00e9 par les Amis du Vieux L\u2019Ha\u00ff <\/a>et il a repris une place d\u2019honneur \u00e0 L&rsquo;Ha\u00ff. &nbsp;Le 29 mai 2010, il a en effet \u00e9t\u00e9 install\u00e9 sur un socle, \u00e0 l&rsquo;entr\u00e9e de la Roseraie, en pr\u00e9sence de plusieurs descendants de Jules Gravereaux.<\/p>\n<div id=\"attachment_552\" style=\"width: 650px\" class=\"wp-caption alignnone\"><a href=\"https:\/\/i0.wp.com\/marret.co\/wp-content\/uploads\/2016\/03\/2010-05-LHay_304-RLM1146_wp.jpg\" rel=\"attachment wp-att-552\"><img data-recalc-dims=\"1\" loading=\"lazy\" decoding=\"async\" aria-describedby=\"caption-attachment-552\" data-attachment-id=\"552\" data-permalink=\"https:\/\/lesgravereaux.marret.co\/2010-05-lhay_304-rlm1146_wp\/\" data-orig-file=\"https:\/\/i0.wp.com\/lesgravereaux.marret.co\/wp-content\/uploads\/2016\/03\/2010-05-LHay_304-RLM1146_wp.jpg?fit=1575%2C1181&amp;ssl=1\" data-orig-size=\"1575,1181\" data-comments-opened=\"1\" data-image-meta=\"{&quot;aperture&quot;:&quot;5.6&quot;,&quot;credit&quot;:&quot;Picasa&quot;,&quot;camera&quot;:&quot;Canon PowerShot G11&quot;,&quot;caption&quot;:&quot;&quot;,&quot;created_timestamp&quot;:&quot;1275134646&quot;,&quot;copyright&quot;:&quot;&quot;,&quot;focal_length&quot;:&quot;6.1&quot;,&quot;iso&quot;:&quot;200&quot;,&quot;shutter_speed&quot;:&quot;0.002&quot;,&quot;title&quot;:&quot;&quot;,&quot;orientation&quot;:&quot;1&quot;}\" data-image-title=\"2010-05 L&amp;rsquo;Hay_304 &amp;#8211; RLM1146_wp\" data-image-description=\"\" data-image-caption=\"&lt;p&gt;Des descendants de Jules Gravereaux et madame Sophie Hasquenoph, maire-adjointe \u00e0 la culture de L&amp;rsquo;Ha\u00ff-les-Roses entourent le buste du cr\u00e9ateur de la Roseraie&amp;#8230;&lt;br \/&gt;\nPhoto : Ren\u00e9 Le Marois&lt;\/p&gt;\n\" data-medium-file=\"https:\/\/i0.wp.com\/lesgravereaux.marret.co\/wp-content\/uploads\/2016\/03\/2010-05-LHay_304-RLM1146_wp.jpg?fit=300%2C225&amp;ssl=1\" data-large-file=\"https:\/\/i0.wp.com\/lesgravereaux.marret.co\/wp-content\/uploads\/2016\/03\/2010-05-LHay_304-RLM1146_wp.jpg?fit=640%2C480&amp;ssl=1\" width=\"640\" height=\"480\" class=\"size-large wp-image-552\" alt=\"Des descendants de Jules Gravereaux et madame Sophie Hasquenoph, maire-adjointe \u00e0 la culture de L'Ha\u00ff-les-Roses entourent le buste du cr\u00e9ateur de la Roseraie... Photo : Ren\u00e9 Le Marois\" src=\"https:\/\/i0.wp.com\/marret.co\/wp-content\/uploads\/2016\/03\/2010-05-LHay_304-RLM1146_wp-1024x768.jpg?resize=640%2C480\" data-wp-pid=\"552\" srcset=\"https:\/\/i0.wp.com\/lesgravereaux.marret.co\/wp-content\/uploads\/2016\/03\/2010-05-LHay_304-RLM1146_wp.jpg?resize=1024%2C768&amp;ssl=1 1024w, https:\/\/i0.wp.com\/lesgravereaux.marret.co\/wp-content\/uploads\/2016\/03\/2010-05-LHay_304-RLM1146_wp.jpg?resize=300%2C225&amp;ssl=1 300w, https:\/\/i0.wp.com\/lesgravereaux.marret.co\/wp-content\/uploads\/2016\/03\/2010-05-LHay_304-RLM1146_wp.jpg?resize=768%2C576&amp;ssl=1 768w, https:\/\/i0.wp.com\/lesgravereaux.marret.co\/wp-content\/uploads\/2016\/03\/2010-05-LHay_304-RLM1146_wp.jpg?resize=800%2C600&amp;ssl=1 800w, https:\/\/i0.wp.com\/lesgravereaux.marret.co\/wp-content\/uploads\/2016\/03\/2010-05-LHay_304-RLM1146_wp.jpg?resize=600%2C450&amp;ssl=1 600w, https:\/\/i0.wp.com\/lesgravereaux.marret.co\/wp-content\/uploads\/2016\/03\/2010-05-LHay_304-RLM1146_wp.jpg?w=1200&amp;ssl=1 1200w, https:\/\/i0.wp.com\/lesgravereaux.marret.co\/wp-content\/uploads\/2016\/03\/2010-05-LHay_304-RLM1146_wp.jpg?w=1575&amp;ssl=1 1575w, https:\/\/i0.wp.com\/lesgravereaux.marret.co\/wp-content\/uploads\/2016\/03\/2010-05-LHay_304-RLM1146_wp.jpg?w=1280&amp;ssl=1 1280w\" sizes=\"auto, (max-width: 640px) 100vw, 640px\" \/><\/a><p id=\"caption-attachment-552\" class=\"wp-caption-text\">Des descendants de Jules Gravereaux et madame Sophie Hasquenoph, maire-adjointe \u00e0 la culture de L&rsquo;Ha\u00ff-les-Roses entourent le buste du cr\u00e9ateur de la Roseraie&#8230;<\/p><\/div>\n<p style=\"text-align: right;\"><span style=\"font-size: 10pt;\"><em>Photo : Ren\u00e9 Le Marois<\/em><\/span><\/p>\n","protected":false},"excerpt":{"rendered":"<p>En 1914, le sculpteur Carillon ex\u00e9cutait un buste de Jules Gravereaux&#8230; Pr\u00e9sent\u00e9 au Salon des artistes fran\u00e7ais de cette ann\u00e9e-l\u00e0, il y fut remarqu\u00e9, comme le souligne Lucien Klotz, critique \u00e0 La Presse&nbsp;: \u00ab&nbsp;M. Carion a expos\u00e9 le buste de &hellip; <a href=\"https:\/\/lesgravereaux.marret.co\/index.php\/jules-gravereaux\/portraits-de-jules-gravereaux\/le-buste-de-jules-gravereaux\/\">Continuer la lecture <span class=\"meta-nav\">&rarr;<\/span><\/a><\/p>\n","protected":false},"author":1,"featured_media":0,"parent":807,"menu_order":0,"comment_status":"closed","ping_status":"closed","template":"","meta":{"ngg_post_thumbnail":0,"jetpack_post_was_ever_published":false,"footnotes":""},"class_list":["post-577","page","type-page","status-publish","hentry"],"jetpack_sharing_enabled":true,"jetpack_shortlink":"https:\/\/wp.me\/P7ERyi-9j","jetpack-related-posts":[{"id":581,"url":"https:\/\/lesgravereaux.marret.co\/index.php\/jules-gravereaux\/portraits-de-jules-gravereaux\/le-buste-de-jules-gravereaux\/le-buste-de-jules-gravereaux-sa-renaissance\/","url_meta":{"origin":577,"position":0},"title":"Le buste de Jules Gravereaux &#8211; sa renaissance","author":"marretgravereaux","date":"7 mars 2016","format":false,"excerpt":"Petite histoire du buste... par\u00a0Jean-Gilles Engerrand ancien pr\u00e9sident des Amis du vieux L'Ha\u00ff Photos\u00a0: Association des Amis du Vieux L'Ha\u00ff \u00ab\u00a0\u00c0 l'origine, le buste de Jules Gravereaux se trouvait sur une st\u00e8le au fond de ce que l'on nomme aujourd'hui le parking du square Allende. \u00c0 cet endroit, tous les\u2026","rel":"","context":"Article similaire","block_context":{"text":"Article similaire","link":""},"img":{"alt_text":"1914 Carillon, Rene - Buste de Jules Gravereaux avant restauration_wp","src":"https:\/\/i0.wp.com\/marret.co\/wp-content\/uploads\/2016\/03\/1914-Carillon-Rene-Buste-de-Jules-Gravereaux-avant-restauration_wp.jpg?resize=350%2C200","width":350,"height":200},"classes":[]},{"id":807,"url":"https:\/\/lesgravereaux.marret.co\/index.php\/jules-gravereaux\/portraits-de-jules-gravereaux\/","url_meta":{"origin":577,"position":1},"title":"Portraits de Jules Gravereaux","author":"marretgravereaux","date":"10 mars 2016","format":false,"excerpt":"Tableau Portrait de Jules Gravereaux dans la roseraie de L\u2019Ha\u00ff\u00a0\u00a0 par Charles-Paul RENOUARD (1841-1919)\u00a0 Source : Archives d\u00e9partementales du Val-de-Marne \u00a0 M\u00e9daille M\u00e9daille\u00a0(38mm, fini bronze) con\u00e7ue par Jean-Luc Marret et frapp\u00e9e par l'atelier mon\u00e9taire\u00a0Pressed Metal Products\u00a0de Vancouver (Canada). Pour plus de d\u00e9tails et commande s'adresser \u00e0\u00a0Jean-Luc Marret. \u00a0 Buste R\u00e9alis\u00e9\u2026","rel":"","context":"Article similaire","block_context":{"text":"Article similaire","link":""},"img":{"alt_text":"Renouard, Charles-Paul (47 J 245)_wp","src":"https:\/\/i0.wp.com\/marret.co\/wp-content\/uploads\/2016\/03\/Renouard-Charles-Paul-47-J-245_wp-1024x743.jpg?resize=350%2C200","width":350,"height":200},"classes":[]},{"id":3326,"url":"https:\/\/lesgravereaux.marret.co\/index.php\/571-2\/la-journee-de-jules-gravereaux\/","url_meta":{"origin":577,"position":2},"title":"28 mai 2016 &#8211; La journ\u00e9e de Jules Gravereaux","author":"marretgravereaux","date":"10 juin 2016","format":false,"excerpt":"La ville de L'Ha\u00ff-les-Roses, les associations locales et la famille Gravereaux avaient d\u00e9cid\u00e9 de souligner le centenaire du d\u00e9c\u00e8s de Jules Gravereaux en organisant des activit\u00e9s le 18 mai 2016\u2026 Nathalie Ferrand, auteur du livre \u00ab\u00a0Cr\u00e9ateur de roses\u00a0\u00bb a prononc\u00e9 une conf\u00e9rence sur le th\u00e8me \u00ab\u00a0Rayonnement de Jules Gravereaux en\u2026","rel":"","context":"Dans &quot;Jules Gravereaux&quot;","block_context":{"text":"Jules Gravereaux","link":"https:\/\/lesgravereaux.marret.co\/index.php\/category\/jules-gravereaux\/"},"img":{"alt_text":"File0032a","src":"https:\/\/i0.wp.com\/lesgravereaux.marret.co\/wp-content\/uploads\/2015\/10\/File0032a.jpg?resize=350%2C200","width":350,"height":200},"classes":[]},{"id":1435,"url":"https:\/\/lesgravereaux.marret.co\/index.php\/jules-gravereaux\/portraits-de-jules-gravereaux\/le-buste-de-jules-gravereaux\/1435-2\/","url_meta":{"origin":577,"position":3},"title":"L&rsquo;inauguration du buste de Jules Gravereaux","author":"marretgravereaux","date":"9 avril 2016","format":false,"excerpt":"Discours de Sophie Hasquenoph, Maire adjointe de L'Ha\u00ff, charg\u00e9e de la Culture,\u00a0 du devoir de m\u00e9moire et des Anciens Combattants Monsieur le sous-pr\u00e9fet, Mesdames, messieurs les membres de la famille Gravereaux, Mesdames, messieurs les \u00e9lus, Chers amis, C\u2019est vraiment avec un tr\u00e8s grand plaisir que je vous accueille ce matin,\u2026","rel":"","context":"Article similaire","block_context":{"text":"Article similaire","link":""},"img":{"alt_text":"2010-05 L'Ha\u00ff_287 - RLM1129_wp","src":"https:\/\/i0.wp.com\/lesgravereaux.marret.co\/wp-content\/uploads\/2016\/04\/2010-05-LHa%C3%BF_287-RLM1129_wp-768x1024.jpg?resize=350%2C200","width":350,"height":200},"classes":[]},{"id":1462,"url":"https:\/\/lesgravereaux.marret.co\/index.php\/571-2\/2010-les-28-et-29-mai\/la-fete-de-la-rose-2010\/","url_meta":{"origin":577,"position":4},"title":"La f\u00eate de la rose (2010) en photos","author":"marretgravereaux","date":"9 avril 2016","format":false,"excerpt":"L'inauguration du buste de Jules Gravereaux \u00a0 \u00a0 \u00a0 \u00a0 \u00a0 Le pique-nique Les peintres en canotiers... \u00a0 \u00a0 et la danse en spectacle! \u00a0 \u00a0 Photos : Ville de L'Ha\u00ff-les-Roses","rel":"","context":"Article similaire","block_context":{"text":"Article similaire","link":""},"img":{"alt_text":"2010-05-28(VdlH)_02_wp","src":"https:\/\/i0.wp.com\/lesgravereaux.marret.co\/wp-content\/uploads\/2016\/04\/2010-05-28VdlH_02_wp-1024x681.jpg?resize=350%2C200","width":350,"height":200},"classes":[]},{"id":752,"url":"https:\/\/lesgravereaux.marret.co\/index.php\/jules-gravereaux\/portraits-de-jules-gravereaux\/jules-gravereaux-dans-la-roseraie-renouard\/","url_meta":{"origin":577,"position":5},"title":"Portrait de Jules Gravereaux dans sa roseraie","author":"marretgravereaux","date":"8 mars 2016","format":false,"excerpt":"\u00a0 Jules Gravereaux dans la roseraie de L\u2019Ha\u00ff par Charles-Paul RENOUARD(1841-1919) Huile (H : 1,29\u00a0m - L :\u00a01,745\u00a0m) Photo : Archives d\u00e9partementales du Val-de-Marne\u00a0- Fonds de la Rose (47J245) Expos\u00e9 lors du Salon de la Soci\u00e9t\u00e9 nationale des Beaux-Arts, en 1908, ce tableau fut remarqu\u00e9 des critiques : \u00ab\u00a0Paul Renouard\u2026","rel":"","context":"Article similaire","block_context":{"text":"Article similaire","link":""},"img":{"alt_text":"Renouard, Charles-Paul (47 J 245)_wp","src":"https:\/\/i0.wp.com\/marret.co\/wp-content\/uploads\/2016\/03\/Renouard-Charles-Paul-47-J-245_wp-1024x743.jpg?resize=350%2C200","width":350,"height":200},"classes":[]}],"_links":{"self":[{"href":"https:\/\/lesgravereaux.marret.co\/index.php\/wp-json\/wp\/v2\/pages\/577","targetHints":{"allow":["GET"]}}],"collection":[{"href":"https:\/\/lesgravereaux.marret.co\/index.php\/wp-json\/wp\/v2\/pages"}],"about":[{"href":"https:\/\/lesgravereaux.marret.co\/index.php\/wp-json\/wp\/v2\/types\/page"}],"author":[{"embeddable":true,"href":"https:\/\/lesgravereaux.marret.co\/index.php\/wp-json\/wp\/v2\/users\/1"}],"replies":[{"embeddable":true,"href":"https:\/\/lesgravereaux.marret.co\/index.php\/wp-json\/wp\/v2\/comments?post=577"}],"version-history":[{"count":0,"href":"https:\/\/lesgravereaux.marret.co\/index.php\/wp-json\/wp\/v2\/pages\/577\/revisions"}],"up":[{"embeddable":true,"href":"https:\/\/lesgravereaux.marret.co\/index.php\/wp-json\/wp\/v2\/pages\/807"}],"wp:attachment":[{"href":"https:\/\/lesgravereaux.marret.co\/index.php\/wp-json\/wp\/v2\/media?parent=577"}],"curies":[{"name":"wp","href":"https:\/\/api.w.org\/{rel}","templated":true}]}}