{"id":5400,"date":"2017-08-14T21:47:32","date_gmt":"2017-08-14T20:47:32","guid":{"rendered":"http:\/\/lesgravereaux.marret.co\/?page_id=5400"},"modified":"2017-08-14T22:38:16","modified_gmt":"2017-08-14T21:38:16","slug":"jules-gravereaux-a-lexposition-universelle-de-1900","status":"publish","type":"page","link":"https:\/\/lesgravereaux.marret.co\/index.php\/jules-gravereaux\/jules-gravereaux-honneurs-et-medailles\/jules-gravereaux-a-lexposition-universelle-de-1900\/","title":{"rendered":"Jules Gravereaux, \u00e0 l&rsquo;Exposition universelle de 1900"},"content":{"rendered":"<p>En 1900, Jules Gravereaux a cr\u00e9\u00e9 la roseraie de L\u2019Ha\u00ff, r\u00e9uni dans celle-ci une imposante collection de roses et r\u00e9dig\u00e9 ses premi\u00e8res publications. Il d\u00e9cide de participer \u00e0 l\u2019Exposition Universelle Internationale et il s\u2019inscrit dans le groupe VIII destin\u00e9 \u00e0 l\u2019horticulture; plus pr\u00e9cis\u00e9ment, dans la classe 43 r\u00e9serv\u00e9e au <em>Mat\u00e9riel de l\u2019horticulture et de l\u2019arboriculture<\/em>\u2026<\/p>\n<p>La <em>Revue horticole<\/em> de 1900 pr\u00e9cise ainsi ce qu\u2019il expose&nbsp;: \u00ab&nbsp;Vue \u00e0 vol d\u2019oiseau de la Roseraie de l\u2019Hay, catalogue des esp\u00e8ces botaniques et des vari\u00e9t\u00e9s horticoles du genre Rosa cultiv\u00e9es dans la roseraie de l\u2019Hay.&nbsp;\u00bb<\/p>\n<p>On peut pr\u00e9sumer qu\u2019il y montre la \u00ab&nbsp;Grande \u00e9dition&nbsp;\u00bb de son catalogue de 1900, illustr\u00e9e de nombreuses aquarelles en couleur\u2026<\/p>\nngg_shortcode_0_placeholder\n<p>&nbsp;<\/p>\n<p>Comme tous les laur\u00e9ats de grands prix et de dipl\u00f4mes de m\u00e9dailles, il re\u00e7oit une m\u00e9daille en bronze frapp\u00e9e avec son nom (dans le cartouche pr\u00e9vu \u00e0 cette fin) et pr\u00e9sent\u00e9e dans un \u00e9crin de rangement. Mais ayant remport\u00e9 l\u2019un des 12&nbsp;330 dipl\u00f4mes de m\u00e9dailles d\u2019argent \u2013 il y avait environ 76&nbsp;000 exposants -, il est autoris\u00e9 \u00e0 faire frapper, \u00e0 ses frais, autant de copie de cette m\u00e9daille qu\u2019il le souhaitait. On ne sait ce qu\u2019il d\u00e9cide de faire, mais il ne semble rester aucune trace de telles m\u00e9dailles!<\/p>\n<p style=\"text-align: center;\"><a href=\"https:\/\/i0.wp.com\/lesgravereaux.marret.co\/wp-content\/uploads\/2017\/08\/Chaplain-Exposition-universelle-1900-63mm-24-2a_wp.jpg?ssl=1\"><img data-recalc-dims=\"1\" loading=\"lazy\" decoding=\"async\" data-attachment-id=\"5403\" data-permalink=\"https:\/\/lesgravereaux.marret.co\/index.php\/jules-gravereaux\/jules-gravereaux-honneurs-et-medailles\/jules-gravereaux-a-lexposition-universelle-de-1900\/chaplain-exposition-universelle-1900-63mm-24-2a_wp\/\" data-orig-file=\"https:\/\/i0.wp.com\/lesgravereaux.marret.co\/wp-content\/uploads\/2017\/08\/Chaplain-Exposition-universelle-1900-63mm-24-2a_wp.jpg?fit=878%2C886&amp;ssl=1\" data-orig-size=\"878,886\" data-comments-opened=\"1\" data-image-meta=\"{&quot;aperture&quot;:&quot;5.6&quot;,&quot;credit&quot;:&quot;&quot;,&quot;camera&quot;:&quot;Canon EOS 550D&quot;,&quot;caption&quot;:&quot;&quot;,&quot;created_timestamp&quot;:&quot;1476884633&quot;,&quot;copyright&quot;:&quot;&quot;,&quot;focal_length&quot;:&quot;120&quot;,&quot;iso&quot;:&quot;800&quot;,&quot;shutter_speed&quot;:&quot;0.005&quot;,&quot;title&quot;:&quot;&quot;,&quot;orientation&quot;:&quot;1&quot;}\" data-image-title=\"Chaplain &amp;#8211; Exposition universelle 1900 (63mm) 24-2a_wp\" data-image-description=\"\" data-image-caption=\"\" data-medium-file=\"https:\/\/i0.wp.com\/lesgravereaux.marret.co\/wp-content\/uploads\/2017\/08\/Chaplain-Exposition-universelle-1900-63mm-24-2a_wp.jpg?fit=297%2C300&amp;ssl=1\" data-large-file=\"https:\/\/i0.wp.com\/lesgravereaux.marret.co\/wp-content\/uploads\/2017\/08\/Chaplain-Exposition-universelle-1900-63mm-24-2a_wp.jpg?fit=640%2C646&amp;ssl=1\" width=\"263\" height=\"265\" class=\"alignnone wp-image-5403\" alt=\"\" src=\"https:\/\/i0.wp.com\/lesgravereaux.marret.co\/wp-content\/uploads\/2017\/08\/Chaplain-Exposition-universelle-1900-63mm-24-2a_wp.jpg?resize=263%2C265&#038;ssl=1\" data-wp-pid=\"5403\" srcset=\"https:\/\/i0.wp.com\/lesgravereaux.marret.co\/wp-content\/uploads\/2017\/08\/Chaplain-Exposition-universelle-1900-63mm-24-2a_wp.jpg?w=878&amp;ssl=1 878w, https:\/\/i0.wp.com\/lesgravereaux.marret.co\/wp-content\/uploads\/2017\/08\/Chaplain-Exposition-universelle-1900-63mm-24-2a_wp.jpg?resize=150%2C150&amp;ssl=1 150w, https:\/\/i0.wp.com\/lesgravereaux.marret.co\/wp-content\/uploads\/2017\/08\/Chaplain-Exposition-universelle-1900-63mm-24-2a_wp.jpg?resize=297%2C300&amp;ssl=1 297w, https:\/\/i0.wp.com\/lesgravereaux.marret.co\/wp-content\/uploads\/2017\/08\/Chaplain-Exposition-universelle-1900-63mm-24-2a_wp.jpg?resize=768%2C775&amp;ssl=1 768w, https:\/\/i0.wp.com\/lesgravereaux.marret.co\/wp-content\/uploads\/2017\/08\/Chaplain-Exposition-universelle-1900-63mm-24-2a_wp.jpg?resize=800%2C807&amp;ssl=1 800w, https:\/\/i0.wp.com\/lesgravereaux.marret.co\/wp-content\/uploads\/2017\/08\/Chaplain-Exposition-universelle-1900-63mm-24-2a_wp.jpg?resize=595%2C600&amp;ssl=1 595w\" sizes=\"auto, (max-width: 263px) 100vw, 263px\" \/><\/a> <a href=\"https:\/\/i0.wp.com\/lesgravereaux.marret.co\/wp-content\/uploads\/2017\/08\/Chaplain-Exposition-universelle-1900-63mm-24-1a_wp.jpg?ssl=1\">&nbsp; &nbsp;&nbsp; <img data-recalc-dims=\"1\" loading=\"lazy\" decoding=\"async\" data-attachment-id=\"5402\" data-permalink=\"https:\/\/lesgravereaux.marret.co\/index.php\/jules-gravereaux\/jules-gravereaux-honneurs-et-medailles\/jules-gravereaux-a-lexposition-universelle-de-1900\/chaplain-exposition-universelle-1900-63mm-24-1a_wp\/\" data-orig-file=\"https:\/\/i0.wp.com\/lesgravereaux.marret.co\/wp-content\/uploads\/2017\/08\/Chaplain-Exposition-universelle-1900-63mm-24-1a_wp.jpg?fit=876%2C886&amp;ssl=1\" data-orig-size=\"876,886\" data-comments-opened=\"1\" data-image-meta=\"{&quot;aperture&quot;:&quot;5.6&quot;,&quot;credit&quot;:&quot;&quot;,&quot;camera&quot;:&quot;Canon EOS 550D&quot;,&quot;caption&quot;:&quot;&quot;,&quot;created_timestamp&quot;:&quot;1476884653&quot;,&quot;copyright&quot;:&quot;&quot;,&quot;focal_length&quot;:&quot;126&quot;,&quot;iso&quot;:&quot;400&quot;,&quot;shutter_speed&quot;:&quot;0.00625&quot;,&quot;title&quot;:&quot;&quot;,&quot;orientation&quot;:&quot;1&quot;}\" data-image-title=\"Chaplain &amp;#8211; Exposition universelle 1900 (63mm) 24-1a_wp\" data-image-description=\"\" data-image-caption=\"\" data-medium-file=\"https:\/\/i0.wp.com\/lesgravereaux.marret.co\/wp-content\/uploads\/2017\/08\/Chaplain-Exposition-universelle-1900-63mm-24-1a_wp.jpg?fit=297%2C300&amp;ssl=1\" data-large-file=\"https:\/\/i0.wp.com\/lesgravereaux.marret.co\/wp-content\/uploads\/2017\/08\/Chaplain-Exposition-universelle-1900-63mm-24-1a_wp.jpg?fit=640%2C647&amp;ssl=1\" width=\"262\" height=\"265\" class=\"alignnone wp-image-5402\" alt=\"\" src=\"https:\/\/i0.wp.com\/lesgravereaux.marret.co\/wp-content\/uploads\/2017\/08\/Chaplain-Exposition-universelle-1900-63mm-24-1a_wp.jpg?resize=262%2C265&#038;ssl=1\" data-wp-pid=\"5402\" srcset=\"https:\/\/i0.wp.com\/lesgravereaux.marret.co\/wp-content\/uploads\/2017\/08\/Chaplain-Exposition-universelle-1900-63mm-24-1a_wp.jpg?w=876&amp;ssl=1 876w, https:\/\/i0.wp.com\/lesgravereaux.marret.co\/wp-content\/uploads\/2017\/08\/Chaplain-Exposition-universelle-1900-63mm-24-1a_wp.jpg?resize=297%2C300&amp;ssl=1 297w, https:\/\/i0.wp.com\/lesgravereaux.marret.co\/wp-content\/uploads\/2017\/08\/Chaplain-Exposition-universelle-1900-63mm-24-1a_wp.jpg?resize=768%2C777&amp;ssl=1 768w, https:\/\/i0.wp.com\/lesgravereaux.marret.co\/wp-content\/uploads\/2017\/08\/Chaplain-Exposition-universelle-1900-63mm-24-1a_wp.jpg?resize=800%2C809&amp;ssl=1 800w, https:\/\/i0.wp.com\/lesgravereaux.marret.co\/wp-content\/uploads\/2017\/08\/Chaplain-Exposition-universelle-1900-63mm-24-1a_wp.jpg?resize=593%2C600&amp;ssl=1 593w\" sizes=\"auto, (max-width: 262px) 100vw, 262px\" \/><\/a><\/p>\n","protected":false},"excerpt":{"rendered":"<p>En 1900, Jules Gravereaux a cr\u00e9\u00e9 la roseraie de L\u2019Ha\u00ff, r\u00e9uni dans celle-ci une imposante collection de roses et r\u00e9dig\u00e9 ses premi\u00e8res publications. Il d\u00e9cide de participer \u00e0 l\u2019Exposition Universelle Internationale et il s\u2019inscrit dans le groupe VIII destin\u00e9 \u00e0 &hellip; <a href=\"https:\/\/lesgravereaux.marret.co\/index.php\/jules-gravereaux\/jules-gravereaux-honneurs-et-medailles\/jules-gravereaux-a-lexposition-universelle-de-1900\/\">Continuer la lecture <span class=\"meta-nav\">&rarr;<\/span><\/a><\/p>\n","protected":false},"author":1,"featured_media":0,"parent":3720,"menu_order":0,"comment_status":"closed","ping_status":"closed","template":"","meta":{"ngg_post_thumbnail":0,"jetpack_post_was_ever_published":false,"footnotes":""},"class_list":["post-5400","page","type-page","status-publish","hentry"],"jetpack_sharing_enabled":true,"jetpack_shortlink":"https:\/\/wp.me\/P7ERyi-1p6","jetpack-related-posts":[{"id":1817,"url":"https:\/\/lesgravereaux.marret.co\/index.php\/jules-gravereaux\/jules-gravereaux-ses-ecrits\/1900-catalogue\/","url_meta":{"origin":5400,"position":0},"title":"1900 &#8211; Catalogue","author":"marretgravereaux","date":"23 avril 2016","format":false,"excerpt":"Un an apr\u00e8s avoir fait para\u00eetre publi\u00e9 la liste des roses qui composent sa Collection botanique, Jules Gravereaux publie un\u00a0premier catalogue de l'ensemble\u00a0des cultivars qui se trouvent dans sa roseraie. Il d\u00e9cide de pr\u00e9senter cet inventaire en deux versions\u00a0: la premi\u00e8re\u00a0constitue l'\u00e9dition courante, alors que la deuxi\u00e8me, de plus grand\u2026","rel":"","context":"Article similaire","block_context":{"text":"Article similaire","link":""},"img":{"alt_text":"1900 Catalogue PE (49J_041_002)_wp","src":"https:\/\/i0.wp.com\/lesgravereaux.marret.co\/wp-content\/uploads\/2016\/04\/1900-Catalogue-PE-49J_041_002_wp-615x1024.jpg?resize=350%2C200","width":350,"height":200},"classes":[]},{"id":1798,"url":"https:\/\/lesgravereaux.marret.co\/index.php\/jules-gravereaux\/jules-gravereaux-ses-ecrits\/","url_meta":{"origin":5400,"position":1},"title":"Jules Gravereaux &#8211; Ses \u00e9crits","author":"marretgravereaux","date":"23 avril 2016","format":false,"excerpt":"Jules Gravereaux\u00a0s'est aussi fait conna\u00eetre dans le monde de la rose comme un auteur. De 1899 \u00e0 1914, il a publi\u00e9 trois inventaires de la roseraie, les r\u00e9sultats de plusieurs de ses recherches ainsi que divers articles dans des revues horticoles. Toutefois,\u00a0par humilit\u00e9 et par respect pour ses collaborateurs, un\u2026","rel":"","context":"Article similaire","block_context":{"text":"Article similaire","link":""},"img":{"alt_text":"File0032a","src":"https:\/\/i0.wp.com\/lesgravereaux.marret.co\/wp-content\/uploads\/2015\/10\/File0032a.jpg?resize=350%2C200","width":350,"height":200},"classes":[]},{"id":3720,"url":"https:\/\/lesgravereaux.marret.co\/index.php\/jules-gravereaux\/jules-gravereaux-honneurs-et-medailles\/","url_meta":{"origin":5400,"position":2},"title":"Jules Gravereaux &#8211; Honneurs et m\u00e9dailles","author":"marretgravereaux","date":"19 juin 2016","format":false,"excerpt":"Jules Gravereaux a acquis la propri\u00e9t\u00e9 de L\u2019Ha\u00ff en 1892 et il commen\u00e7a \u00e0 y installer une collection de roses vers 1894. Mais ce n\u2019est qu\u2019en 1899 qu\u2019\u00c9douard Andr\u00e9, architecte-paysager reconnu cr\u00e9a la premi\u00e8re roseraie. Celle-ci acquit tr\u00e8s rapidement une notori\u00e9t\u00e9 internationale, la publication de l\u2019inventaire des collections et l\u2019article\u2026","rel":"","context":"Article similaire","block_context":{"text":"Article similaire","link":""},"img":{"alt_text":"Jules Gravereaux - OG053c","src":"https:\/\/i0.wp.com\/lesgravereaux.marret.co\/wp-content\/uploads\/2015\/10\/Jules-Gravereaux-OG053c-e1466353135600-649x1024.jpg?resize=350%2C200","width":350,"height":200},"classes":[]},{"id":1809,"url":"https:\/\/lesgravereaux.marret.co\/index.php\/jules-gravereaux\/jules-gravereaux-ses-ecrits\/1899-collection-botanique\/","url_meta":{"origin":5400,"position":3},"title":"1899 &#8211; Collection botanique","author":"marretgravereaux","date":"23 avril 2016","format":false,"excerpt":"Roseraie de L\u2019Ha\u00ff. Collection botanique de la roseraie de L'Hay au 15 d\u00e9cembre 1899. Classification de F. Cr\u00e9pin.-Paris [1899]. \u2014 19\u00a0p., reli\u00e9; 22\u00a0cm. ~~~~~~~ \u00a0 Catalogue de la Roseraie \u00e0 l\u2019Exposition Universelle. Liste de 500 vari\u00e9t\u00e9s de premier choix. \u00a0 \u00a0 \u00a0 \u00a0 premi\u00e8re et derni\u00e8re page du volume \u00a0\u2026","rel":"","context":"Article similaire","block_context":{"text":"Article similaire","link":""},"img":{"alt_text":"1899 Collection (47J_005_003a)_wp","src":"https:\/\/i0.wp.com\/lesgravereaux.marret.co\/wp-content\/uploads\/2016\/04\/1899-Collection-47J_005_003a_wp.jpg?resize=350%2C200","width":350,"height":200},"classes":[]},{"id":5176,"url":"https:\/\/lesgravereaux.marret.co\/index.php\/jules-gravereaux\/des-evenements-de-sa-vie\/biographie-de-jules-gravereaux-par-les-amis-des-roses\/","url_meta":{"origin":5400,"position":4},"title":"Biographie de Jules Gravereaux (par Les Amis des Roses)","author":"marretgravereaux","date":"13 f\u00e9vrier 2017","format":false,"excerpt":"Au moment o\u00f9 nous le pressentions le moins, alors que nous supposions notre Pr\u00e9sident d'honneur encore dans toute la force de sa robuste vieillesse, une fatale nouvelle nous parvint : M.\u00a0Jules Gravereaux \u00e9tait d\u00e9c\u00e9d\u00e9 le 23 mars en sein H\u00f4tel de l'avenue de Villars. Ce malheur nous fut connu trop\u2026","rel":"","context":"Article similaire","block_context":{"text":"Article similaire","link":""},"img":{"alt_text":"","src":"https:\/\/i0.wp.com\/lesgravereaux.marret.co\/wp-content\/uploads\/2017\/02\/1916-03-Les-amis-des-roses-LIII-p29_wp-667x1024.jpg?resize=350%2C200","width":350,"height":200},"classes":[]},{"id":801,"url":"https:\/\/lesgravereaux.marret.co\/index.php\/jules-gravereaux\/des-evenements-de-sa-vie\/","url_meta":{"origin":5400,"position":5},"title":"Des \u00e9v\u00e8nements de sa vie","author":"marretgravereaux","date":"10 mars 2016","format":false,"excerpt":"\u00a0 1er mai 1844\u00a0: Na\u00eet \u00e0 Vitry-sur-Seine. 16 mars 1856\u00a0: Commence son premier emploi, chez Mr Caillaut rue du Bac. 5 septembre 1864\u00a0: Entre au Bon March\u00e9. 20 f\u00e9vrier 1866\u00a0: Quitte volontairement le Bon March\u00e9 pour entrer au Louvre. 1870\u00a0: Fait son service militaire dans la Garde Nationale de la\u2026","rel":"","context":"Article similaire","block_context":{"text":"Article similaire","link":""},"img":{"alt_text":"Roses de Malmaison - p03_wp","src":"https:\/\/i0.wp.com\/marret.co\/wp-content\/uploads\/2016\/03\/Roses-de-Malmaison-p03_wp.jpg?resize=350%2C200","width":350,"height":200},"classes":[]}],"_links":{"self":[{"href":"https:\/\/lesgravereaux.marret.co\/index.php\/wp-json\/wp\/v2\/pages\/5400","targetHints":{"allow":["GET"]}}],"collection":[{"href":"https:\/\/lesgravereaux.marret.co\/index.php\/wp-json\/wp\/v2\/pages"}],"about":[{"href":"https:\/\/lesgravereaux.marret.co\/index.php\/wp-json\/wp\/v2\/types\/page"}],"author":[{"embeddable":true,"href":"https:\/\/lesgravereaux.marret.co\/index.php\/wp-json\/wp\/v2\/users\/1"}],"replies":[{"embeddable":true,"href":"https:\/\/lesgravereaux.marret.co\/index.php\/wp-json\/wp\/v2\/comments?post=5400"}],"version-history":[{"count":0,"href":"https:\/\/lesgravereaux.marret.co\/index.php\/wp-json\/wp\/v2\/pages\/5400\/revisions"}],"up":[{"embeddable":true,"href":"https:\/\/lesgravereaux.marret.co\/index.php\/wp-json\/wp\/v2\/pages\/3720"}],"wp:attachment":[{"href":"https:\/\/lesgravereaux.marret.co\/index.php\/wp-json\/wp\/v2\/media?parent=5400"}],"curies":[{"name":"wp","href":"https:\/\/api.w.org\/{rel}","templated":true}]}}