{"id":5275,"date":"2017-04-20T17:12:07","date_gmt":"2017-04-20T16:12:07","guid":{"rendered":"http:\/\/lesgravereaux.marret.co\/?page_id=5275"},"modified":"2017-04-21T09:50:57","modified_gmt":"2017-04-21T08:50:57","slug":"le-catalogue-rg-vers-1931","status":"publish","type":"page","link":"https:\/\/lesgravereaux.marret.co\/index.php\/les-etablissements-gravereaux\/les-produits-des-etablissements-gravereaux\/le-catalogue-rg-vers-1931\/","title":{"rendered":"Le catalogue RG (vers 1933)"},"content":{"rendered":"<p>Au d\u00e9but des ann\u00e9es 1930, les \u00c9tablissements Gravereaux connaissent une p\u00e9riode faste. Comptant plus de 250&nbsp;employ\u00e9s, l\u2019usine de Boulogne se consacre \u00e0 la fabrication des articles de chemiserie et de lingerie, alors que la production des \u00e9quipements militaires et de protection a \u00e9t\u00e9 regroup\u00e9e dans le Puy-de-D\u00f4me, aux usines de Brassac-les-Mines. Sainte-Florine et La Combelle.<\/p>\n<p>\u00c0 cette \u00e9poque, les cols constituent encore une part importante de la chemiserie aux \u00c9tablissements Gravereaux, mais la production a \u00e9t\u00e9 largement diversifi\u00e9e et l\u2019on fabrique \u00e9galement plastrons et manchettes, chemises, chemises de nuit, pyjamas et cale\u00e7ons. Ren\u00e9 Gravereaux privil\u00e9gie toujours les produits hauts de gamme, mais les appellations ont \u00e9t\u00e9 multipli\u00e9es. Les cols <em>Erg\u00e9<\/em>, <em>Fitswell<\/em>, <em>Stady<\/em> et <em>Stock<\/em> c\u00f4toient ceux des marques les plus r\u00e9put\u00e9es, <em>Triplefil<\/em> et <em>Van Heusen<\/em>; quant aux chemises, la marque phare est bien s\u00fbr <em>Triplefil<\/em>, mais on en fabrique \u00e9galement sous le nom de <em>Erg\u00e9<\/em>, <em>Fantaisie<\/em>, <em>Simplex<\/em> et <em>Stock<\/em>.<\/p>\n<p>Le catalogue <strong>RG<\/strong> [pour Ren\u00e9 Gravereaux] publi\u00e9 alors est repr\u00e9sentatif de cette vari\u00e9t\u00e9 de produits et de marques\u2026<\/p>\n<div id=\"metaslider-id-4117\" style=\"max-width: 390px; margin: 0 auto;\" class=\"ml-slider-3-105-0 metaslider metaslider-flex metaslider-4117 ml-slider ms-theme-default nav-hidden\" role=\"region\" aria-label=\"Catalogue RG\" data-height=\"520\" data-width=\"390\">\n    <div id=\"metaslider_container_4117\">\n        <div id=\"metaslider_4117\" class=\"flexslider\">\n            <ul class='slides'>\n                <li style=\"display: block; width: 100%;\" class=\"slide-5273 ms-image \" aria-roledescription=\"slide\" data-date=\"2017-04-19 15:54:32\" data-filename=\"Catalogue-RG-c1a_wp-390x520.jpg\" data-slide-type=\"image\"><img data-recalc-dims=\"1\" loading=\"lazy\" decoding=\"async\" src=\"https:\/\/i0.wp.com\/lesgravereaux.marret.co\/wp-content\/uploads\/2017\/04\/Catalogue-RG-c1a_wp.jpg?resize=390%2C520&#038;ssl=1\" height=\"520\" width=\"390\" alt=\"\" class=\"slider-4117 slide-5273 msDefaultImage\" \/><\/li>\n                <li style=\"display: none; width: 100%;\" class=\"slide-5272 ms-image \" aria-roledescription=\"slide\" data-date=\"2017-04-19 15:54:32\" data-filename=\"Catalogue-RG-c3a_wp-390x520.jpg\" data-slide-type=\"image\"><img data-recalc-dims=\"1\" loading=\"lazy\" decoding=\"async\" src=\"https:\/\/i0.wp.com\/lesgravereaux.marret.co\/wp-content\/uploads\/2017\/04\/Catalogue-RG-c3a_wp.jpg?resize=390%2C520&#038;ssl=1\" height=\"520\" width=\"390\" alt=\"\" class=\"slider-4117 slide-5272 msDefaultImage\" \/><\/li>\n                <li style=\"display: none; width: 100%;\" class=\"slide-5271 ms-image \" aria-roledescription=\"slide\" data-date=\"2017-04-19 15:54:32\" data-filename=\"Catalogue-RG-c5a_wp-390x520.jpg\" data-slide-type=\"image\"><img data-recalc-dims=\"1\" loading=\"lazy\" decoding=\"async\" src=\"https:\/\/i0.wp.com\/lesgravereaux.marret.co\/wp-content\/uploads\/2017\/04\/Catalogue-RG-c5a_wp.jpg?resize=390%2C520&#038;ssl=1\" height=\"520\" width=\"390\" alt=\"\" class=\"slider-4117 slide-5271 msDefaultImage\" \/><\/li>\n                <li style=\"display: none; width: 100%;\" class=\"slide-5268 ms-image \" aria-roledescription=\"slide\" data-date=\"2017-04-19 15:54:31\" data-filename=\"Catalogue-RG-p01a_wp-390x520.jpg\" data-slide-type=\"image\"><img data-recalc-dims=\"1\" loading=\"lazy\" decoding=\"async\" src=\"https:\/\/i0.wp.com\/lesgravereaux.marret.co\/wp-content\/uploads\/2017\/04\/Catalogue-RG-p01a_wp.jpg?resize=390%2C520&#038;ssl=1\" height=\"520\" width=\"390\" alt=\"\" class=\"slider-4117 slide-5268 msDefaultImage\" \/><\/li>\n                <li style=\"display: none; width: 100%;\" class=\"slide-5267 ms-image \" aria-roledescription=\"slide\" data-date=\"2017-04-19 15:54:31\" data-filename=\"Catalogue-RG-p02a_wp-390x520.jpg\" data-slide-type=\"image\"><img data-recalc-dims=\"1\" loading=\"lazy\" decoding=\"async\" src=\"https:\/\/i0.wp.com\/lesgravereaux.marret.co\/wp-content\/uploads\/2017\/04\/Catalogue-RG-p02a_wp.jpg?resize=390%2C520&#038;ssl=1\" height=\"520\" width=\"390\" alt=\"\" class=\"slider-4117 slide-5267 msDefaultImage\" \/><\/li>\n                <li style=\"display: none; width: 100%;\" class=\"slide-5266 ms-image \" aria-roledescription=\"slide\" data-date=\"2017-04-19 15:54:31\" data-filename=\"Catalogue-RG-p03a_wp-390x520.jpg\" data-slide-type=\"image\"><img data-recalc-dims=\"1\" loading=\"lazy\" decoding=\"async\" src=\"https:\/\/i0.wp.com\/lesgravereaux.marret.co\/wp-content\/uploads\/2017\/04\/Catalogue-RG-p03a_wp.jpg?resize=390%2C520&#038;ssl=1\" height=\"520\" width=\"390\" alt=\"\" class=\"slider-4117 slide-5266 msDefaultImage\" \/><\/li>\n                <li style=\"display: none; width: 100%;\" class=\"slide-5265 ms-image \" aria-roledescription=\"slide\" data-date=\"2017-04-19 15:54:31\" data-filename=\"Catalogue-RG-p04a_wp-390x520.jpg\" data-slide-type=\"image\"><img data-recalc-dims=\"1\" loading=\"lazy\" decoding=\"async\" src=\"https:\/\/i0.wp.com\/lesgravereaux.marret.co\/wp-content\/uploads\/2017\/04\/Catalogue-RG-p04a_wp.jpg?resize=390%2C520&#038;ssl=1\" height=\"520\" width=\"390\" alt=\"\" class=\"slider-4117 slide-5265 msDefaultImage\" \/><\/li>\n                <li style=\"display: none; width: 100%;\" class=\"slide-5264 ms-image \" aria-roledescription=\"slide\" data-date=\"2017-04-19 15:54:31\" data-filename=\"Catalogue-RG-p05a_wp-390x520.jpg\" data-slide-type=\"image\"><img data-recalc-dims=\"1\" loading=\"lazy\" decoding=\"async\" src=\"https:\/\/i0.wp.com\/lesgravereaux.marret.co\/wp-content\/uploads\/2017\/04\/Catalogue-RG-p05a_wp.jpg?resize=390%2C520&#038;ssl=1\" height=\"520\" width=\"390\" alt=\"\" class=\"slider-4117 slide-5264 msDefaultImage\" \/><\/li>\n                <li style=\"display: none; width: 100%;\" class=\"slide-5263 ms-image \" aria-roledescription=\"slide\" data-date=\"2017-04-19 15:54:31\" data-filename=\"Catalogue-RG-p06a_wp-390x520.jpg\" data-slide-type=\"image\"><img data-recalc-dims=\"1\" loading=\"lazy\" decoding=\"async\" src=\"https:\/\/i0.wp.com\/lesgravereaux.marret.co\/wp-content\/uploads\/2017\/04\/Catalogue-RG-p06a_wp.jpg?resize=390%2C520&#038;ssl=1\" height=\"520\" width=\"390\" alt=\"\" class=\"slider-4117 slide-5263 msDefaultImage\" \/><\/li>\n                <li style=\"display: none; width: 100%;\" class=\"slide-5262 ms-image \" aria-roledescription=\"slide\" data-date=\"2017-04-19 15:54:31\" data-filename=\"Catalogue-RG-p07a_wp-390x520.jpg\" data-slide-type=\"image\"><img data-recalc-dims=\"1\" loading=\"lazy\" decoding=\"async\" src=\"https:\/\/i0.wp.com\/lesgravereaux.marret.co\/wp-content\/uploads\/2017\/04\/Catalogue-RG-p07a_wp.jpg?resize=390%2C520&#038;ssl=1\" height=\"520\" width=\"390\" alt=\"\" class=\"slider-4117 slide-5262 msDefaultImage\" \/><\/li>\n                <li style=\"display: none; width: 100%;\" class=\"slide-5261 ms-image \" aria-roledescription=\"slide\" data-date=\"2017-04-19 15:54:31\" data-filename=\"Catalogue-RG-p08a_wp-390x520.jpg\" data-slide-type=\"image\"><img data-recalc-dims=\"1\" loading=\"lazy\" decoding=\"async\" src=\"https:\/\/i0.wp.com\/lesgravereaux.marret.co\/wp-content\/uploads\/2017\/04\/Catalogue-RG-p08a_wp.jpg?resize=390%2C520&#038;ssl=1\" height=\"520\" width=\"390\" alt=\"\" class=\"slider-4117 slide-5261 msDefaultImage\" \/><\/li>\n                <li style=\"display: none; width: 100%;\" class=\"slide-5260 ms-image \" aria-roledescription=\"slide\" data-date=\"2017-04-19 15:54:30\" data-filename=\"Catalogue-RG-p09a_wp-390x520.jpg\" data-slide-type=\"image\"><img data-recalc-dims=\"1\" loading=\"lazy\" decoding=\"async\" src=\"https:\/\/i0.wp.com\/lesgravereaux.marret.co\/wp-content\/uploads\/2017\/04\/Catalogue-RG-p09a_wp.jpg?resize=390%2C520&#038;ssl=1\" height=\"520\" width=\"390\" alt=\"\" class=\"slider-4117 slide-5260 msDefaultImage\" \/><\/li>\n                <li style=\"display: none; width: 100%;\" class=\"slide-5259 ms-image \" aria-roledescription=\"slide\" data-date=\"2017-04-19 15:54:30\" data-filename=\"Catalogue-RG-p10a_wp-390x520.jpg\" data-slide-type=\"image\"><img data-recalc-dims=\"1\" loading=\"lazy\" decoding=\"async\" src=\"https:\/\/i0.wp.com\/lesgravereaux.marret.co\/wp-content\/uploads\/2017\/04\/Catalogue-RG-p10a_wp.jpg?resize=390%2C520&#038;ssl=1\" height=\"520\" width=\"390\" alt=\"\" class=\"slider-4117 slide-5259 msDefaultImage\" \/><\/li>\n                <li style=\"display: none; width: 100%;\" class=\"slide-5258 ms-image \" aria-roledescription=\"slide\" data-date=\"2017-04-19 15:54:30\" data-filename=\"Catalogue-RG-p11a_wp-390x520.jpg\" data-slide-type=\"image\"><img data-recalc-dims=\"1\" loading=\"lazy\" decoding=\"async\" src=\"https:\/\/i0.wp.com\/lesgravereaux.marret.co\/wp-content\/uploads\/2017\/04\/Catalogue-RG-p11a_wp.jpg?resize=390%2C520&#038;ssl=1\" height=\"520\" width=\"390\" alt=\"\" class=\"slider-4117 slide-5258 msDefaultImage\" \/><\/li>\n                <li style=\"display: none; width: 100%;\" class=\"slide-5257 ms-image \" aria-roledescription=\"slide\" data-date=\"2017-04-19 15:54:30\" data-filename=\"Catalogue-RG-p12a_wp-390x520.jpg\" data-slide-type=\"image\"><img data-recalc-dims=\"1\" loading=\"lazy\" decoding=\"async\" src=\"https:\/\/i0.wp.com\/lesgravereaux.marret.co\/wp-content\/uploads\/2017\/04\/Catalogue-RG-p12a_wp.jpg?resize=390%2C520&#038;ssl=1\" height=\"520\" width=\"390\" alt=\"\" class=\"slider-4117 slide-5257 msDefaultImage\" \/><\/li>\n                <li style=\"display: none; width: 100%;\" class=\"slide-5256 ms-image \" aria-roledescription=\"slide\" data-date=\"2017-04-19 15:54:30\" data-filename=\"Catalogue-RG-p13a_wp-390x520.jpg\" data-slide-type=\"image\"><img data-recalc-dims=\"1\" loading=\"lazy\" decoding=\"async\" src=\"https:\/\/i0.wp.com\/lesgravereaux.marret.co\/wp-content\/uploads\/2017\/04\/Catalogue-RG-p13a_wp.jpg?resize=390%2C520&#038;ssl=1\" height=\"520\" width=\"390\" alt=\"\" class=\"slider-4117 slide-5256 msDefaultImage\" \/><\/li>\n                <li style=\"display: none; width: 100%;\" class=\"slide-5255 ms-image \" aria-roledescription=\"slide\" data-date=\"2017-04-19 15:54:30\" data-filename=\"Catalogue-RG-p14a_wp-390x520.jpg\" data-slide-type=\"image\"><img data-recalc-dims=\"1\" loading=\"lazy\" decoding=\"async\" src=\"https:\/\/i0.wp.com\/lesgravereaux.marret.co\/wp-content\/uploads\/2017\/04\/Catalogue-RG-p14a_wp.jpg?resize=390%2C520&#038;ssl=1\" height=\"520\" width=\"390\" alt=\"\" class=\"slider-4117 slide-5255 msDefaultImage\" \/><\/li>\n                <li style=\"display: none; width: 100%;\" class=\"slide-5254 ms-image \" aria-roledescription=\"slide\" data-date=\"2017-04-19 15:54:30\" data-filename=\"Catalogue-RG-p15a_wp-390x520.jpg\" data-slide-type=\"image\"><img data-recalc-dims=\"1\" loading=\"lazy\" decoding=\"async\" src=\"https:\/\/i0.wp.com\/lesgravereaux.marret.co\/wp-content\/uploads\/2017\/04\/Catalogue-RG-p15a_wp.jpg?resize=390%2C520&#038;ssl=1\" height=\"520\" width=\"390\" alt=\"\" class=\"slider-4117 slide-5254 msDefaultImage\" \/><\/li>\n                <li style=\"display: none; width: 100%;\" class=\"slide-5253 ms-image \" aria-roledescription=\"slide\" data-date=\"2017-04-19 15:54:30\" data-filename=\"Catalogue-RG-p16a_wp-390x520.jpg\" data-slide-type=\"image\"><img data-recalc-dims=\"1\" loading=\"lazy\" decoding=\"async\" src=\"https:\/\/i0.wp.com\/lesgravereaux.marret.co\/wp-content\/uploads\/2017\/04\/Catalogue-RG-p16a_wp.jpg?resize=390%2C520&#038;ssl=1\" height=\"520\" width=\"390\" alt=\"\" class=\"slider-4117 slide-5253 msDefaultImage\" \/><\/li>\n                <li style=\"display: none; width: 100%;\" class=\"slide-5252 ms-image \" aria-roledescription=\"slide\" data-date=\"2017-04-19 15:54:29\" data-filename=\"Catalogue-RG-p17a_wp-390x520.jpg\" data-slide-type=\"image\"><img data-recalc-dims=\"1\" loading=\"lazy\" decoding=\"async\" src=\"https:\/\/i0.wp.com\/lesgravereaux.marret.co\/wp-content\/uploads\/2017\/04\/Catalogue-RG-p17a_wp.jpg?resize=390%2C520&#038;ssl=1\" height=\"520\" width=\"390\" alt=\"\" class=\"slider-4117 slide-5252 msDefaultImage\" \/><\/li>\n                <li style=\"display: none; width: 100%;\" class=\"slide-5270 ms-image \" aria-roledescription=\"slide\" data-date=\"2017-04-19 15:54:32\" data-filename=\"Catalogue-RG-c7a_wp-390x520.jpg\" data-slide-type=\"image\"><img data-recalc-dims=\"1\" loading=\"lazy\" decoding=\"async\" src=\"https:\/\/i0.wp.com\/lesgravereaux.marret.co\/wp-content\/uploads\/2017\/04\/Catalogue-RG-c7a_wp.jpg?resize=390%2C520&#038;ssl=1\" height=\"520\" width=\"390\" alt=\"\" class=\"slider-4117 slide-5270 msDefaultImage\" \/><\/li>\n                <li style=\"display: none; width: 100%;\" class=\"slide-5269 ms-image \" aria-roledescription=\"slide\" data-date=\"2017-04-19 15:54:31\" data-filename=\"Catalogue-RG-c8a_wp-390x520.jpg\" data-slide-type=\"image\"><img data-recalc-dims=\"1\" loading=\"lazy\" decoding=\"async\" src=\"https:\/\/i0.wp.com\/lesgravereaux.marret.co\/wp-content\/uploads\/2017\/04\/Catalogue-RG-c8a_wp.jpg?resize=390%2C520&#038;ssl=1\" height=\"520\" width=\"390\" alt=\"\" class=\"slider-4117 slide-5269 msDefaultImage\" \/><\/li>\n            <\/ul>\n        <\/div>\n        \n    <\/div>\n<\/div>\n","protected":false},"excerpt":{"rendered":"<p>Au d\u00e9but des ann\u00e9es 1930, les \u00c9tablissements Gravereaux connaissent une p\u00e9riode faste. Comptant plus de 250&nbsp;employ\u00e9s, l\u2019usine de Boulogne se consacre \u00e0 la fabrication des articles de chemiserie et de lingerie, alors que la production des \u00e9quipements militaires et de &hellip; <a href=\"https:\/\/lesgravereaux.marret.co\/index.php\/les-etablissements-gravereaux\/les-produits-des-etablissements-gravereaux\/le-catalogue-rg-vers-1931\/\">Continuer la lecture <span class=\"meta-nav\">&rarr;<\/span><\/a><\/p>\n","protected":false},"author":1,"featured_media":0,"parent":3116,"menu_order":0,"comment_status":"closed","ping_status":"closed","template":"","meta":{"ngg_post_thumbnail":0,"jetpack_post_was_ever_published":false,"footnotes":""},"class_list":["post-5275","page","type-page","status-publish","hentry"],"jetpack_sharing_enabled":true,"jetpack_shortlink":"https:\/\/wp.me\/P7ERyi-1n5","jetpack-related-posts":[{"id":3116,"url":"https:\/\/lesgravereaux.marret.co\/index.php\/les-etablissements-gravereaux\/les-produits-des-etablissements-gravereaux\/","url_meta":{"origin":5275,"position":0},"title":"Les produits des \u00c9tablissements Gravereaux","author":"marretgravereaux","date":"25 mai 2016","format":false,"excerpt":"Lorsqu\u2019en 1910 Ren\u00e9 Gravereaux s\u2019associe avec Gaston Chastel, c\u2019est pour cr\u00e9er une Manufacture de cols et manchettes, avec, pour objet la fabrication, le commerce et le blanchissage \u00e0 neuf de ces articles La Premi\u00e8re Guerre mondiale am\u00e8ne la Maison Gravereaux \u00e0 se lancer dans la fabrication de masques \u00e0 gaz\u2026","rel":"","context":"Article similaire","block_context":{"text":"Article similaire","link":""},"img":{"alt_text":"1910 EtsGr - Cat p11a_wp","src":"https:\/\/i0.wp.com\/lesgravereaux.marret.co\/wp-content\/uploads\/2016\/05\/1910-EtsGr-Cat-p11a_wp.jpg?resize=350%2C200","width":350,"height":200},"classes":[]},{"id":615,"url":"https:\/\/lesgravereaux.marret.co\/index.php\/les-etablissements-gravereaux\/","url_meta":{"origin":5275,"position":1},"title":"Les \u00c9tablissements Gravereaux","author":"marretgravereaux","date":"7 mars 2016","format":false,"excerpt":"\u00a0 La \u00ab\u00a0Maison Gravereaux\u00a0\u00bb na\u00eet en 1910 alors que Ren\u00e9 Gravereaux s\u2019associe \u00e0 un fabricant de faux cols; la nouvelle soci\u00e9t\u00e9 a pour objet \u00ab\u00a0la fabrication et le commerce de faux cols, manchettes et autres articles similaires et le blanchissage sp\u00e9cial \u00e0 neuf\u00a0\u00bb. Au cours de la Premi\u00e8re Guerre mondiale,\u2026","rel":"","context":"Article similaire","block_context":{"text":"Article similaire","link":""},"img":{"alt_text":"1910 EtsGr - Cat c1a_wp","src":"https:\/\/i0.wp.com\/marret.co\/wp-content\/uploads\/2016\/03\/1910-EtsGr-Cat-c1a_wp-1-1024x729.jpg?resize=350%2C200","width":350,"height":200},"classes":[]},{"id":3131,"url":"https:\/\/lesgravereaux.marret.co\/index.php\/les-etablissements-gravereaux\/les-marques-gravereaux\/","url_meta":{"origin":5275,"position":2},"title":"Les marques Gravereaux","author":"marretgravereaux","date":"25 mai 2016","format":false,"excerpt":"Les \u00c9tablissements Gravereaux ont toujours accord\u00e9 beaucoup d\u2019importance aux marques de commerce; ils en ont donc d\u00e9pos\u00e9 un grand nombre aupr\u00e8s du Tribunal de commerce. Les deux plus importantes furent R.G. et Triplefil qui apparurent sur tous les articles, de la chemiserie aux v\u00eatements de nuit, pyjamas ou robes de\u2026","rel":"","context":"Article similaire","block_context":{"text":"Article similaire","link":""},"img":{"alt_text":"R Gravereaux - Lettre-re\u00e7u a_wp","src":"https:\/\/i0.wp.com\/lesgravereaux.marret.co\/wp-content\/uploads\/2016\/05\/R-Gravereaux-Lettre-re%C3%A7u-a_wp.jpg?resize=350%2C200","width":350,"height":200},"classes":[]},{"id":2660,"url":"https:\/\/lesgravereaux.marret.co\/index.php\/les-etablissements-gravereaux\/les-produits-des-etablissements-gravereaux\/les-premiers-cols\/","url_meta":{"origin":5275,"position":3},"title":"Les premiers cols","author":"marretgravereaux","date":"15 mai 2016","format":false,"excerpt":"L\u2019histoire des \u00c9tablissements Gravereaux commence en 1910 alors que Ren\u00e9 Gravereaux s\u2019associe \u00e0 un fabricant de faux-cols, Gaston Chastel, dans une entreprise sp\u00e9cialis\u00e9e dans la fabrication de faux-cols, manchettes et autres articles de lingerie, ainsi que dans le blanchissage \u00e0 neuf. Comme pr\u00e9vu lors de la constitution de la soci\u00e9t\u00e9,\u2026","rel":"","context":"Article similaire","block_context":{"text":"Article similaire","link":""},"img":{"alt_text":"1910 EtsGr - Cat p02a_wp","src":"https:\/\/i0.wp.com\/lesgravereaux.marret.co\/wp-content\/uploads\/2016\/05\/1910-EtsGr-Cat-p02a_wp-1024x638.jpg?resize=350%2C200","width":350,"height":200},"classes":[]},{"id":4477,"url":"https:\/\/lesgravereaux.marret.co\/index.php\/les-etablissements-gravereaux\/les-etablissements-gravereaux-dans-la-presse\/lindustrie-de-la-chemise-en-1938-adam-chemisier\/","url_meta":{"origin":5275,"position":4},"title":"L&rsquo;Industrie de la chemise en 1938 (Adam Chemisier)","author":"marretgravereaux","date":"11 juillet 2016","format":false,"excerpt":"En 1938, la revue Adam Chemisier organise une s\u00e9rie d\u2019enqu\u00eates et d\u2019entretiens sur l\u2019industrie de la chemise en prenant pour exemple l\u2019usine Gravereaux \u00e0 Boulogne-sur-Seine[1]. La revue indique, dans son introduction, l\u2019objectif de cette s\u00e9rie d\u2019articles\u00a0: \u00ab\u00a0Il nous a paru int\u00e9ressant de mettre sous les yeux de nos lecteurs chemisiers\u2026","rel":"","context":"Article similaire","block_context":{"text":"Article similaire","link":""},"img":{"alt_text":"1938-01 Adam Chemisier no61 p66_wp","src":"https:\/\/i0.wp.com\/lesgravereaux.marret.co\/wp-content\/uploads\/2016\/07\/1938-01-Adam-Chemisier-no61-p66_wp-685x1024.jpg?resize=350%2C200","width":350,"height":200},"classes":[]},{"id":1204,"url":"https:\/\/lesgravereaux.marret.co\/index.php\/les-etablissements-gravereaux\/les-produits-des-etablissements-gravereaux\/babyfil\/une-exposition-babyfil\/","url_meta":{"origin":5275,"position":5},"title":"Une exposition Babyfil","author":"marretgravereaux","date":"18 mars 2016","format":false,"excerpt":"En 2013, le Mus\u00e9e de la Chemiserie et de l'\u00c9l\u00e9gance masculine d'Argenton-sur-Creuse a mis \u00e0 l'honneur les produits Babyfil - la principale marque de mode enfantine des \u00c9tablissements Gravereaux \u2013 en y tenant une exposition. Babyfil, une mode enfantine argentonnaise La SOGEC, entreprise de confection dirig\u00e9e par Jean-Ren\u00e9 Gravereaux, est\u2026","rel":"","context":"Dans &quot;Les \u00c9tablissements Gravereaux&quot;","block_context":{"text":"Les \u00c9tablissements Gravereaux","link":"https:\/\/lesgravereaux.marret.co\/index.php\/category\/les-etablissements-gravereaux\/"},"img":{"alt_text":"Babyfil affiche-3_wp","src":"https:\/\/i0.wp.com\/lesgravereaux.marret.co\/wp-content\/uploads\/2016\/07\/Babyfil-affiche-3_wp-692x1024.jpg?resize=350%2C200","width":350,"height":200},"classes":[]}],"_links":{"self":[{"href":"https:\/\/lesgravereaux.marret.co\/index.php\/wp-json\/wp\/v2\/pages\/5275","targetHints":{"allow":["GET"]}}],"collection":[{"href":"https:\/\/lesgravereaux.marret.co\/index.php\/wp-json\/wp\/v2\/pages"}],"about":[{"href":"https:\/\/lesgravereaux.marret.co\/index.php\/wp-json\/wp\/v2\/types\/page"}],"author":[{"embeddable":true,"href":"https:\/\/lesgravereaux.marret.co\/index.php\/wp-json\/wp\/v2\/users\/1"}],"replies":[{"embeddable":true,"href":"https:\/\/lesgravereaux.marret.co\/index.php\/wp-json\/wp\/v2\/comments?post=5275"}],"version-history":[{"count":0,"href":"https:\/\/lesgravereaux.marret.co\/index.php\/wp-json\/wp\/v2\/pages\/5275\/revisions"}],"up":[{"embeddable":true,"href":"https:\/\/lesgravereaux.marret.co\/index.php\/wp-json\/wp\/v2\/pages\/3116"}],"wp:attachment":[{"href":"https:\/\/lesgravereaux.marret.co\/index.php\/wp-json\/wp\/v2\/media?parent=5275"}],"curies":[{"name":"wp","href":"https:\/\/api.w.org\/{rel}","templated":true}]}}