{"id":5067,"date":"2017-04-20T17:43:40","date_gmt":"2017-04-20T16:43:40","guid":{"rendered":"http:\/\/lesgravereaux.marret.co\/?page_id=5067"},"modified":"2024-04-24T16:49:59","modified_gmt":"2024-04-24T15:49:59","slug":"louise-thuillier","status":"publish","type":"page","link":"https:\/\/lesgravereaux.marret.co\/index.php\/jules-gravereaux\/des-evenements-de-sa-vie\/jules-gravereaux-son-mariage\/louise-thuillier\/","title":{"rendered":"Louise Thuillier"},"content":{"rendered":"<p><a href=\"https:\/\/i0.wp.com\/lesgravereaux.marret.co\/wp-content\/uploads\/2016\/10\/Thuillier-Louise-2a_wp.jpg?ssl=1\"><img data-recalc-dims=\"1\" loading=\"lazy\" decoding=\"async\" data-attachment-id=\"5064\" data-permalink=\"https:\/\/lesgravereaux.marret.co\/index.php\/jules-gravereaux\/des-evenements-de-sa-vie\/jules-gravereaux-son-mariage\/louise-thuillier\/thuillier-louise-2a_wp\/\" data-orig-file=\"https:\/\/i0.wp.com\/lesgravereaux.marret.co\/wp-content\/uploads\/2016\/10\/Thuillier-Louise-2a_wp.jpg?fit=887%2C1181&amp;ssl=1\" data-orig-size=\"887,1181\" data-comments-opened=\"1\" data-image-meta=\"{&quot;aperture&quot;:&quot;0&quot;,&quot;credit&quot;:&quot;&quot;,&quot;camera&quot;:&quot;&quot;,&quot;caption&quot;:&quot;&quot;,&quot;created_timestamp&quot;:&quot;0&quot;,&quot;copyright&quot;:&quot;&quot;,&quot;focal_length&quot;:&quot;0&quot;,&quot;iso&quot;:&quot;0&quot;,&quot;shutter_speed&quot;:&quot;0&quot;,&quot;title&quot;:&quot;&quot;,&quot;orientation&quot;:&quot;1&quot;}\" data-image-title=\"thuillier-louise-2a_wp\" data-image-description=\"\" data-image-caption=\"\" data-medium-file=\"https:\/\/i0.wp.com\/lesgravereaux.marret.co\/wp-content\/uploads\/2016\/10\/Thuillier-Louise-2a_wp.jpg?fit=225%2C300&amp;ssl=1\" data-large-file=\"https:\/\/i0.wp.com\/lesgravereaux.marret.co\/wp-content\/uploads\/2016\/10\/Thuillier-Louise-2a_wp.jpg?fit=640%2C852&amp;ssl=1\" class=\"wp-image-5064 alignleft\" src=\"https:\/\/i0.wp.com\/lesgravereaux.marret.co\/wp-content\/uploads\/2016\/10\/Thuillier-Louise-2a_wp.jpg?resize=200%2C266&#038;ssl=1\" alt=\"\" width=\"200\" height=\"266\" data-wp-pid=\"5064\" srcset=\"https:\/\/i0.wp.com\/lesgravereaux.marret.co\/wp-content\/uploads\/2016\/10\/Thuillier-Louise-2a_wp.jpg?resize=769%2C1024&amp;ssl=1 769w, https:\/\/i0.wp.com\/lesgravereaux.marret.co\/wp-content\/uploads\/2016\/10\/Thuillier-Louise-2a_wp.jpg?resize=225%2C300&amp;ssl=1 225w, https:\/\/i0.wp.com\/lesgravereaux.marret.co\/wp-content\/uploads\/2016\/10\/Thuillier-Louise-2a_wp.jpg?resize=768%2C1023&amp;ssl=1 768w, https:\/\/i0.wp.com\/lesgravereaux.marret.co\/wp-content\/uploads\/2016\/10\/Thuillier-Louise-2a_wp.jpg?resize=800%2C1065&amp;ssl=1 800w, https:\/\/i0.wp.com\/lesgravereaux.marret.co\/wp-content\/uploads\/2016\/10\/Thuillier-Louise-2a_wp.jpg?resize=451%2C600&amp;ssl=1 451w, https:\/\/i0.wp.com\/lesgravereaux.marret.co\/wp-content\/uploads\/2016\/10\/Thuillier-Louise-2a_wp.jpg?w=887&amp;ssl=1 887w\" sizes=\"auto, (max-width: 200px) 100vw, 200px\" \/><\/a>Fille d\u2019Alexis Eug\u00e8ne Thuillier (1816-1893) et de H\u00e9lo\u00efse Philiberte Gautier (1825-1893), <strong>Louise Victoire Thuillier<\/strong> na\u00eet \u00e0 Paris (5<sup>e<\/sup> arrondissement) le 8 mars 1859.<\/p>\n<p>Elle d\u00e9veloppe tr\u00e8s jeune ses talents artistiques et se fait remarquer alors qu\u2019elle n\u2019a pas 18&nbsp;ans. Dans sa petite chronique du 28&nbsp;juillet&nbsp;1877, Le Monde artiste \u00e9crit&nbsp;:<\/p>\n<blockquote><p>\u00ab&nbsp;Le premier des seconds accessits de chant a \u00e9t\u00e9 obtenu par Mlle Louise Thuillier, qui a chant\u00e9 avec un grand charme l&rsquo;air des vocalises du rossignol, des Noces de Jeannette.<\/p>\n<p>Cette sympathique jeune fille, la plus jeune des concurrentes, et qui avait gagn\u00e9 pr\u00e9c\u00e9demment une premi\u00e8re m\u00e9daille de solf\u00e8ge et une m\u00e9daille de piano, appartient \u00e0 une famille d&rsquo;artistes ; c&rsquo;est la fille de M. Alexis Thuillier, l&rsquo;agent tr\u00e9sorier de l&rsquo;Association.&nbsp;\u00bb<\/p><\/blockquote>\n<p>Au cours des ann\u00e9es suivantes, elle remporte plusieurs prix&nbsp;:<\/p>\n<ul>\n<li><em>Solf\u00e8ge<\/em>&nbsp;: 3<sup>e<\/sup> m\u00e9daille (1874), 1<sup>re<\/sup> m\u00e9daille (1875)&nbsp;;<\/li>\n<li><em>Clavier<\/em>&nbsp;: 3<sup>e<\/sup> m\u00e9daille (1876)&nbsp;;<\/li>\n<li><em>Chant<\/em>&nbsp;: 2<sup>e<\/sup> accessit (1877), 1<sup>er<\/sup> prix (1878)&nbsp;;<\/li>\n<li><em>Op\u00e9ra-comique&nbsp;<\/em>: 1<sup>er<\/sup> prix (1878).<\/li>\n<\/ul>\n<p><a href=\"https:\/\/i0.wp.com\/lesgravereaux.marret.co\/wp-content\/uploads\/2016\/10\/Thuillier-Louise-1-5_wp.jpg?ssl=1\"><img data-recalc-dims=\"1\" loading=\"lazy\" decoding=\"async\" data-attachment-id=\"5062\" data-permalink=\"https:\/\/lesgravereaux.marret.co\/index.php\/jules-gravereaux\/des-evenements-de-sa-vie\/jules-gravereaux-son-mariage\/louise-thuillier\/thuillier-louise-1-5_wp\/\" data-orig-file=\"https:\/\/i0.wp.com\/lesgravereaux.marret.co\/wp-content\/uploads\/2016\/10\/Thuillier-Louise-1-5_wp.jpg?fit=792%2C1181&amp;ssl=1\" data-orig-size=\"792,1181\" data-comments-opened=\"1\" data-image-meta=\"{&quot;aperture&quot;:&quot;0&quot;,&quot;credit&quot;:&quot;&quot;,&quot;camera&quot;:&quot;&quot;,&quot;caption&quot;:&quot;&quot;,&quot;created_timestamp&quot;:&quot;0&quot;,&quot;copyright&quot;:&quot;&quot;,&quot;focal_length&quot;:&quot;0&quot;,&quot;iso&quot;:&quot;0&quot;,&quot;shutter_speed&quot;:&quot;0&quot;,&quot;title&quot;:&quot;&quot;,&quot;orientation&quot;:&quot;1&quot;}\" data-image-title=\"thuillier-louise-1-5_wp\" data-image-description=\"\" data-image-caption=\"\" data-medium-file=\"https:\/\/i0.wp.com\/lesgravereaux.marret.co\/wp-content\/uploads\/2016\/10\/Thuillier-Louise-1-5_wp.jpg?fit=201%2C300&amp;ssl=1\" data-large-file=\"https:\/\/i0.wp.com\/lesgravereaux.marret.co\/wp-content\/uploads\/2016\/10\/Thuillier-Louise-1-5_wp.jpg?fit=640%2C954&amp;ssl=1\" class=\"wp-image-5062 alignright\" src=\"https:\/\/i0.wp.com\/lesgravereaux.marret.co\/wp-content\/uploads\/2016\/10\/Thuillier-Louise-1-5_wp.jpg?resize=250%2C373&#038;ssl=1\" alt=\"thuillier-louise-1-5_wp\" width=\"250\" height=\"373\" data-wp-pid=\"5062\" srcset=\"https:\/\/i0.wp.com\/lesgravereaux.marret.co\/wp-content\/uploads\/2016\/10\/Thuillier-Louise-1-5_wp.jpg?resize=687%2C1024&amp;ssl=1 687w, https:\/\/i0.wp.com\/lesgravereaux.marret.co\/wp-content\/uploads\/2016\/10\/Thuillier-Louise-1-5_wp.jpg?resize=201%2C300&amp;ssl=1 201w, https:\/\/i0.wp.com\/lesgravereaux.marret.co\/wp-content\/uploads\/2016\/10\/Thuillier-Louise-1-5_wp.jpg?resize=768%2C1145&amp;ssl=1 768w, https:\/\/i0.wp.com\/lesgravereaux.marret.co\/wp-content\/uploads\/2016\/10\/Thuillier-Louise-1-5_wp.jpg?resize=402%2C600&amp;ssl=1 402w, https:\/\/i0.wp.com\/lesgravereaux.marret.co\/wp-content\/uploads\/2016\/10\/Thuillier-Louise-1-5_wp.jpg?w=792&amp;ssl=1 792w\" sizes=\"auto, (max-width: 250px) 100vw, 250px\" \/><\/a>Louise Thuillier entame sa carri\u00e8re \u00e0 <em>l&rsquo;Op\u00e9ra-Comique, <\/em>dans les <em>Noces de Jeannette<\/em>, le 26&nbsp;f\u00e9vrier 1879, elle y demeure jusqu\u2019en 1881, y cr\u00e9ant plusieurs r\u00f4les.<\/p>\n<p>Le 7&nbsp;mars&nbsp;1882, elle \u00e9pouse Louis Pierre Sallot, mieux connu sous son nom de sc\u00e8ne- <strong>Louis Leloir<\/strong>. Soci\u00e9taire de la Com\u00e9die-Fran\u00e7aise, celui-ci sera \u00e9galement professeur au Conservatoire et vice-pr\u00e9sident de la Soci\u00e9t\u00e9 des arts dramatiques.<\/p>\n<p>Le mariage ne les emp\u00eache pas de poursuivre leur carri\u00e8re, Louise Thuillier n\u2019interrompant la sienne que pour la naissance de leur fille Suzanne (<em>Suzy<\/em>), en 1883. Apr\u00e8s <em>l\u2019Op\u00e9ra-Comique<\/em>, c\u2019est <em>la Gait\u00e9<\/em> qui l\u2019accueille, puis<em> les Bouffes-Parisiens<\/em> et <em>les Folies-Dramatiques<\/em>&nbsp;; c\u2019est l\u00e0, en 1894, qu\u2019elle interpr\u00e8te son dernier grand r\u00f4le public, dans <em>la fille de Paillasse<\/em>, op\u00e9rette dont le livret est, pour une part, d\u00fb \u00e0 Louis Leloir&#8230;.<\/p>\n<p>Le gouvernement fran\u00e7ais lui remet les Palmes acad\u00e9miques en 1900.<\/p>\n<p><a href=\"https:\/\/i0.wp.com\/lesgravereaux.marret.co\/wp-content\/uploads\/2016\/10\/Tombe_de_Louis_Leloir_cimeti%C3%A8re_du_P%C3%A8re_Lachaise_wp.jpg?ssl=1\"><img data-recalc-dims=\"1\" loading=\"lazy\" decoding=\"async\" data-attachment-id=\"5066\" data-permalink=\"https:\/\/lesgravereaux.marret.co\/index.php\/jules-gravereaux\/des-evenements-de-sa-vie\/jules-gravereaux-son-mariage\/louise-thuillier\/tombe_de_louis_leloir_cimetiere_du_pere_lachaise_wp\/\" data-orig-file=\"https:\/\/i0.wp.com\/lesgravereaux.marret.co\/wp-content\/uploads\/2016\/10\/Tombe_de_Louis_Leloir_cimeti%C3%A8re_du_P%C3%A8re_Lachaise_wp.jpg?fit=687%2C1181&amp;ssl=1\" data-orig-size=\"687,1181\" data-comments-opened=\"1\" data-image-meta=\"{&quot;aperture&quot;:&quot;3.8&quot;,&quot;credit&quot;:&quot;&quot;,&quot;camera&quot;:&quot;COOLPIX S9400&quot;,&quot;caption&quot;:&quot;&quot;,&quot;created_timestamp&quot;:&quot;1403714277&quot;,&quot;copyright&quot;:&quot;&quot;,&quot;focal_length&quot;:&quot;5.7&quot;,&quot;iso&quot;:&quot;125&quot;,&quot;shutter_speed&quot;:&quot;0.00625&quot;,&quot;title&quot;:&quot;&quot;,&quot;orientation&quot;:&quot;1&quot;}\" data-image-title=\"Tombe Leloir &amp;#8211; Thuillier (P\u00e8re Lachaise)_wp\" data-image-description=\"\" data-image-caption=\"\" data-medium-file=\"https:\/\/i0.wp.com\/lesgravereaux.marret.co\/wp-content\/uploads\/2016\/10\/Tombe_de_Louis_Leloir_cimeti%C3%A8re_du_P%C3%A8re_Lachaise_wp.jpg?fit=175%2C300&amp;ssl=1\" data-large-file=\"https:\/\/i0.wp.com\/lesgravereaux.marret.co\/wp-content\/uploads\/2016\/10\/Tombe_de_Louis_Leloir_cimeti%C3%A8re_du_P%C3%A8re_Lachaise_wp.jpg?fit=596%2C1024&amp;ssl=1\" class=\"wp-image-5066 alignleft\" src=\"https:\/\/i0.wp.com\/lesgravereaux.marret.co\/wp-content\/uploads\/2016\/10\/Tombe_de_Louis_Leloir_cimeti%C3%A8re_du_P%C3%A8re_Lachaise_wp.jpg?resize=250%2C430&#038;ssl=1\" alt=\"Tombe Leloir - Thuillier (P\u00e8re Lachaise)_wp\" width=\"250\" height=\"430\" data-wp-pid=\"5066\" srcset=\"https:\/\/i0.wp.com\/lesgravereaux.marret.co\/wp-content\/uploads\/2016\/10\/Tombe_de_Louis_Leloir_cimeti%C3%A8re_du_P%C3%A8re_Lachaise_wp.jpg?resize=596%2C1024&amp;ssl=1 596w, https:\/\/i0.wp.com\/lesgravereaux.marret.co\/wp-content\/uploads\/2016\/10\/Tombe_de_Louis_Leloir_cimeti%C3%A8re_du_P%C3%A8re_Lachaise_wp.jpg?resize=175%2C300&amp;ssl=1 175w, https:\/\/i0.wp.com\/lesgravereaux.marret.co\/wp-content\/uploads\/2016\/10\/Tombe_de_Louis_Leloir_cimeti%C3%A8re_du_P%C3%A8re_Lachaise_wp.jpg?resize=349%2C600&amp;ssl=1 349w, https:\/\/i0.wp.com\/lesgravereaux.marret.co\/wp-content\/uploads\/2016\/10\/Tombe_de_Louis_Leloir_cimeti%C3%A8re_du_P%C3%A8re_Lachaise_wp.jpg?w=687&amp;ssl=1 687w\" sizes=\"auto, (max-width: 250px) 100vw, 250px\" \/><br \/>\n<\/a><\/p>\n<p>Louis Leloir d\u00e9c\u00e8de en 1909 \u2013 il n\u2019a que 49&nbsp;ans \u2013 alors que Louise Thuillier s\u2019\u00e9teint le 18&nbsp;janvier&nbsp;1936. Ils reposent tous deux dans une s\u00e9pulture du cimeti\u00e8re du P\u00e8re-Lachaise.<\/p>\n<p>&nbsp;<\/p>\n<p style=\"text-align: right;\"><em>(25e division)<\/em><\/p>\n","protected":false},"excerpt":{"rendered":"<p>Fille d\u2019Alexis Eug\u00e8ne Thuillier (1816-1893) et de H\u00e9lo\u00efse Philiberte Gautier (1825-1893), Louise Victoire Thuillier na\u00eet \u00e0 Paris (5e arrondissement) le 8 mars 1859. Elle d\u00e9veloppe tr\u00e8s jeune ses talents artistiques et se fait remarquer alors qu\u2019elle n\u2019a pas 18&nbsp;ans. Dans &hellip; <a href=\"https:\/\/lesgravereaux.marret.co\/index.php\/jules-gravereaux\/des-evenements-de-sa-vie\/jules-gravereaux-son-mariage\/louise-thuillier\/\">Continuer la lecture <span class=\"meta-nav\">&rarr;<\/span><\/a><\/p>\n","protected":false},"author":1,"featured_media":0,"parent":722,"menu_order":0,"comment_status":"closed","ping_status":"closed","template":"","meta":{"ngg_post_thumbnail":0,"jetpack_post_was_ever_published":false,"footnotes":""},"class_list":["post-5067","page","type-page","status-publish","hentry"],"jetpack_sharing_enabled":true,"jetpack_shortlink":"https:\/\/wp.me\/P7ERyi-1jJ","jetpack-related-posts":[{"id":5282,"url":"https:\/\/lesgravereaux.marret.co\/index.php\/jules-gravereaux\/des-evenements-de-sa-vie\/jules-gravereaux-son-mariage\/laure-thuillier\/","url_meta":{"origin":5067,"position":0},"title":"Laure Thuillier","author":"marretgravereaux","date":"21 avril 2017","format":false,"excerpt":"Fille d\u2019Alexis Eug\u00e8ne Thuillier et de H\u00e9lo\u00efse Philiberte Gautier, Laure Marie Alexandrine THUILLIER na\u00eet le jeudi 30 d\u00e9cembre 1852 \u00e0 Paris. Elle vient d\u2019avoir 21\u00a0ans lorsqu\u2019elle \u00e9pouse Jules Gravereaux, le 9\u00a0ao\u00fbt 1873. Ce serait \u00e0 elle que l\u2019on doit la carri\u00e8re de Jules Gravereaux dans le monde des rosi\u00e9ristes. Sa\u2026","rel":"","context":"Article similaire","block_context":{"text":"Article similaire","link":""},"img":{"alt_text":"","src":"https:\/\/i0.wp.com\/lesgravereaux.marret.co\/wp-content\/uploads\/2015\/10\/Jules-Gravereaux-et-Laure-Thuillier-GV0066b-1024x882.jpg?resize=350%2C200","width":350,"height":200},"classes":[]},{"id":2108,"url":"https:\/\/lesgravereaux.marret.co\/index.php\/la-famille-gravereaux\/1983-la-famille-gravereaux-h-ballu\/","url_meta":{"origin":5067,"position":1},"title":"1983 &#8211; La famille Gravereaux  (H. Ballu)","author":"marretgravereaux","date":"1 mai 2016","format":false,"excerpt":"La famille de Jules Gravereaux et Laure Thuillier\u00a0en 1983 \u00a0 En 1983, H\u00e9l\u00e8ne Ballu fait \u00e9diter, \u00e0 compte d'auteur, une brochure sur la famille Gravereaux qu'elle distribue \u00e0 tous les descendants de Jules Gravereaux ainsi qu'\u00e0 quelques collat\u00e9raux.\u00a0Henri Gravereaux - son oncle -\u00a0avait r\u00e9dig\u00e9 des notes g\u00e9n\u00e9alogiques en 1943; H\u00e9l\u00e8ne\u2026","rel":"","context":"Article similaire","block_context":{"text":"Article similaire","link":""},"img":{"alt_text":"1983 Ballu, H\u00e9l\u00e8ne - Brochure c0","src":"https:\/\/i0.wp.com\/lesgravereaux.marret.co\/wp-content\/uploads\/2016\/05\/1983-Ballu-H%C3%A9l%C3%A8ne-Brochure-c0.jpg?resize=350%2C200","width":350,"height":200},"classes":[]},{"id":557,"url":"https:\/\/lesgravereaux.marret.co\/index.php\/jules-gravereaux\/jules-gravereaux-ses-ecrits\/557-2\/","url_meta":{"origin":5067,"position":2},"title":"Le carnet de Jules Gravereaux","author":"marretgravereaux","date":"7 mars 2016","format":false,"excerpt":"Pendant une grande partie de sa vie, Jules Gravereaux a consign\u00e9, dans un petit carnet, les \u00e9v\u00e8nements qui marquaient son quotidien\u00a0: naissances et d\u00e9c\u00e8s, maladies de ses enfants,\u00a0r\u00e9sultats professionnels, informations financi\u00e8res ou \u00e9v\u00e8nements publics. L'ensemble de ces notes personnelles, consign\u00e9es dans une sorte d'agenda perp\u00e9tuel, permet de suivre le parcours\u2026","rel":"","context":"Article similaire","block_context":{"text":"Article similaire","link":""},"img":{"alt_text":"Carnet - couverture_wp","src":"https:\/\/i0.wp.com\/marret.co\/wp-content\/uploads\/2016\/03\/Carnet-couverture_wp-1024x728.jpg?resize=350%2C200","width":350,"height":200},"classes":[]},{"id":946,"url":"https:\/\/lesgravereaux.marret.co\/index.php\/jules-gravereaux\/4-avenue-de-villars\/","url_meta":{"origin":5067,"position":3},"title":"4, avenue de Villars","author":"marretgravereaux","date":"13 mars 2016","format":false,"excerpt":"Le 25 novembre 1894, Jules Gravereaux ach\u00e8te l\u2019immeuble \u00ab\u00a0de Monsieur Guillaume Grohe, fabricant de meubles, et Madame-Emilie Anna Prehy, son \u00e9pouse, demeurant ensemble \u00e0 Paris, Avenue de Villars num\u00e9ro 4. Suivant proc\u00e8s-verbal d'adjudication dress\u00e9 le vingt cinq novembre mil huit cent quatre vingt quatre par Me Meighein, Notaire \u00e0 Paris\u2026","rel":"","context":"Article similaire","block_context":{"text":"Article similaire","link":""},"img":{"alt_text":"4 Av de Villars - YH020_wp","src":"https:\/\/i0.wp.com\/marret.co\/wp-content\/uploads\/2016\/03\/4-Av-de-Villars-YH020_wp-644x1024.jpg?resize=350%2C200","width":350,"height":200},"classes":[]},{"id":2377,"url":"https:\/\/lesgravereaux.marret.co\/index.php\/la-famille-gravereaux\/la-famille-gravereaux-au-theatre\/","url_meta":{"origin":5067,"position":4},"title":"La famille Gravereaux au th\u00e9\u00e2tre","author":"marretgravereaux","date":"9 mai 2016","format":false,"excerpt":"En se mariant avec Laure Thuillier, Jules Gravereaux entrait dans une famille au talent artistique ind\u00e9niable. Sa belle-s\u0153ur, Louise Victoire Thuillier avait remport\u00e9 un premier prix de piano et un 1er prix de solf\u00e8ge au Conservatoire; elle fit d\u2019ailleurs carri\u00e8re \u00e0 l\u2019Op\u00e9ra-Comique et \u00e0 la Gait\u00e9 Lyrique, o\u00f9 elle cr\u00e9a\u2026","rel":"","context":"Article similaire","block_context":{"text":"Article similaire","link":""},"img":{"alt_text":"1903-03-30 Gravereaux, Jules - Spectacle (Journal des debats) 2_wp","src":"https:\/\/i0.wp.com\/lesgravereaux.marret.co\/wp-content\/uploads\/2016\/05\/1903-03-30-Gravereaux-Jules-Spectacle-Journal-des-debats-2_wp-1024x683.jpg?resize=350%2C200","width":350,"height":200},"classes":[]},{"id":2001,"url":"https:\/\/lesgravereaux.marret.co\/index.php\/jules-gravereaux\/1294-2\/des-roses\/aux-noms-de-la-rose\/","url_meta":{"origin":5067,"position":5},"title":"Aux noms de la rose&#8230;","author":"marretgravereaux","date":"25 avril 2016","format":false,"excerpt":"Jules Gravereaux a cr\u00e9\u00e9 plus d'une centaine de roses et il a donn\u00e9 \u00e0 celles-ci le nom de membres de sa famille, d'amis ou de personnes connues, ainsi que de certains lieux ou \u00e9v\u00e8nements. Diverses recherches ont permis d'identifier, de fa\u00e7on certaine ou probable, les personnes vis\u00e9es... Si vous avez\u2026","rel":"","context":"Article similaire","block_context":{"text":"Article similaire","link":""},"img":{"alt_text":"1902 RdlH - Catalogue p91A_wp","src":"https:\/\/i0.wp.com\/lesgravereaux.marret.co\/wp-content\/uploads\/2016\/04\/1902-RdlH-Catalogue-p91A_wp-628x1024.jpg?resize=350%2C200","width":350,"height":200},"classes":[]}],"_links":{"self":[{"href":"https:\/\/lesgravereaux.marret.co\/index.php\/wp-json\/wp\/v2\/pages\/5067","targetHints":{"allow":["GET"]}}],"collection":[{"href":"https:\/\/lesgravereaux.marret.co\/index.php\/wp-json\/wp\/v2\/pages"}],"about":[{"href":"https:\/\/lesgravereaux.marret.co\/index.php\/wp-json\/wp\/v2\/types\/page"}],"author":[{"embeddable":true,"href":"https:\/\/lesgravereaux.marret.co\/index.php\/wp-json\/wp\/v2\/users\/1"}],"replies":[{"embeddable":true,"href":"https:\/\/lesgravereaux.marret.co\/index.php\/wp-json\/wp\/v2\/comments?post=5067"}],"version-history":[{"count":1,"href":"https:\/\/lesgravereaux.marret.co\/index.php\/wp-json\/wp\/v2\/pages\/5067\/revisions"}],"predecessor-version":[{"id":23132,"href":"https:\/\/lesgravereaux.marret.co\/index.php\/wp-json\/wp\/v2\/pages\/5067\/revisions\/23132"}],"up":[{"embeddable":true,"href":"https:\/\/lesgravereaux.marret.co\/index.php\/wp-json\/wp\/v2\/pages\/722"}],"wp:attachment":[{"href":"https:\/\/lesgravereaux.marret.co\/index.php\/wp-json\/wp\/v2\/media?parent=5067"}],"curies":[{"name":"wp","href":"https:\/\/api.w.org\/{rel}","templated":true}]}}