{"id":4963,"date":"2016-09-19T22:59:43","date_gmt":"2016-09-19T21:59:43","guid":{"rendered":"http:\/\/lesgravereaux.marret.co\/?page_id=4963"},"modified":"2022-06-22T22:14:03","modified_gmt":"2022-06-22T21:14:03","slug":"a-propos-de-jean-claude-pascal","status":"publish","type":"page","link":"https:\/\/lesgravereaux.marret.co\/index.php\/jean-claude-pascal\/a-propos-de-jean-claude-pascal\/","title":{"rendered":"\u00c0 propos de Jean-Claude Pascal"},"content":{"rendered":"<h3><strong><span style=\"text-decoration: underline;\">Publications<\/span>&nbsp;:<\/strong><\/h3>\n<p>Jean-Claude Pascal se raconte dans un livre autobiographique&nbsp;:<\/p>\n<p><a href=\"https:\/\/i0.wp.com\/lesgravereaux.marret.co\/wp-content\/uploads\/2016\/02\/Le-beau-masque-c1-wp.jpg?ssl=1\"><b><img data-recalc-dims=\"1\" loading=\"lazy\" decoding=\"async\" data-attachment-id=\"277\" data-permalink=\"https:\/\/lesgravereaux.marret.co\/index.php\/jean-claude-pascal\/jean-claude-pascal-lecrivain\/le-beau-masque-c1-wp\/\" data-orig-file=\"https:\/\/i0.wp.com\/lesgravereaux.marret.co\/wp-content\/uploads\/2016\/02\/Le-beau-masque-c1-wp.jpg?fit=748%2C1181&amp;ssl=1\" data-orig-size=\"748,1181\" data-comments-opened=\"1\" data-image-meta=\"{&quot;aperture&quot;:&quot;0&quot;,&quot;credit&quot;:&quot;&quot;,&quot;camera&quot;:&quot;&quot;,&quot;caption&quot;:&quot;&quot;,&quot;created_timestamp&quot;:&quot;0&quot;,&quot;copyright&quot;:&quot;&quot;,&quot;focal_length&quot;:&quot;0&quot;,&quot;iso&quot;:&quot;0&quot;,&quot;shutter_speed&quot;:&quot;0&quot;,&quot;title&quot;:&quot;&quot;,&quot;orientation&quot;:&quot;1&quot;}\" data-image-title=\"Le beau masque c1 wp\" data-image-description=\"\" data-image-caption=\"\" data-medium-file=\"https:\/\/i0.wp.com\/lesgravereaux.marret.co\/wp-content\/uploads\/2016\/02\/Le-beau-masque-c1-wp.jpg?fit=190%2C300&amp;ssl=1\" data-large-file=\"https:\/\/i0.wp.com\/lesgravereaux.marret.co\/wp-content\/uploads\/2016\/02\/Le-beau-masque-c1-wp.jpg?fit=640%2C1010&amp;ssl=1\" class=\"wp-image-277 alignleft\" src=\"https:\/\/i0.wp.com\/lesgravereaux.marret.co\/wp-content\/uploads\/2016\/02\/Le-beau-masque-c1-wp.jpg?resize=200%2C316&#038;ssl=1\" alt=\"Le beau masque c1 wp\" width=\"200\" height=\"316\" data-wp-pid=\"277\" srcset=\"https:\/\/i0.wp.com\/lesgravereaux.marret.co\/wp-content\/uploads\/2016\/02\/Le-beau-masque-c1-wp.jpg?resize=649%2C1024&amp;ssl=1 649w, https:\/\/i0.wp.com\/lesgravereaux.marret.co\/wp-content\/uploads\/2016\/02\/Le-beau-masque-c1-wp.jpg?resize=190%2C300&amp;ssl=1 190w, https:\/\/i0.wp.com\/lesgravereaux.marret.co\/wp-content\/uploads\/2016\/02\/Le-beau-masque-c1-wp.jpg?resize=380%2C600&amp;ssl=1 380w, https:\/\/i0.wp.com\/lesgravereaux.marret.co\/wp-content\/uploads\/2016\/02\/Le-beau-masque-c1-wp.jpg?w=748&amp;ssl=1 748w\" sizes=\"auto, (max-width: 200px) 100vw, 200px\" \/><br \/>\n<\/b><\/a><\/p>\n<p>&nbsp;<\/p>\n<p>PASCAL, Jean-Claude. <em>Le beau masque<\/em>. \u00c9ditions Robert Laffont.&nbsp;1986, 346&nbsp;p.<\/p>\n<p>\u00ab&nbsp;T\u00e9moignage autobiographique d\u2019un fils de la grande bourgeoisie fran\u00e7aise qui fut successivement dessinateur-mod\u00e9liste, acteur au th\u00e9\u00e2tre, star de cin\u00e9ma, vedette de la chanson et \u00e9crivain\u2026&nbsp;\u00bb<\/p>\n<p>&nbsp;<\/p>\n<p>&nbsp;<\/p>\n<p>D\u00e9positaire des archives, des documents et des costumes de&nbsp;Jean-Claude Pascal, le <a href=\"http:\/\/www.museedelachemiserie.fr\/\" target=\"_blank\" rel=\"noopener\">Mus\u00e9e de la Chemiserie et de l&rsquo;\u00c9l\u00e9gance masculine<\/a> a publi\u00e9 deux brochures sur celui-ci&nbsp;(encore disponibles)&nbsp;:<\/p>\n<p><a href=\"https:\/\/i0.wp.com\/lesgravereaux.marret.co\/wp-content\/uploads\/2016\/03\/Anatole-Jean-Jean-Claude-Pascal-le-bel-elegant-c1-wp.jpg?ssl=1\"><img data-recalc-dims=\"1\" loading=\"lazy\" decoding=\"async\" data-attachment-id=\"331\" data-permalink=\"https:\/\/lesgravereaux.marret.co\/index.php\/jean-claude-pascal\/a-propos-de-jean-claude-pascal\/anatole-jean-jean-claude-pascal-le-bel-elegant-c1-wp\/\" data-orig-file=\"https:\/\/i0.wp.com\/lesgravereaux.marret.co\/wp-content\/uploads\/2016\/03\/Anatole-Jean-Jean-Claude-Pascal-le-bel-elegant-c1-wp.jpg?fit=833%2C1181&amp;ssl=1\" data-orig-size=\"833,1181\" data-comments-opened=\"1\" data-image-meta=\"{&quot;aperture&quot;:&quot;0&quot;,&quot;credit&quot;:&quot;&quot;,&quot;camera&quot;:&quot;&quot;,&quot;caption&quot;:&quot;&quot;,&quot;created_timestamp&quot;:&quot;0&quot;,&quot;copyright&quot;:&quot;&quot;,&quot;focal_length&quot;:&quot;0&quot;,&quot;iso&quot;:&quot;0&quot;,&quot;shutter_speed&quot;:&quot;0&quot;,&quot;title&quot;:&quot;&quot;,&quot;orientation&quot;:&quot;1&quot;}\" data-image-title=\"Anatole, Jean &amp;#8211; Jean-Claude Pascal, le bel elegant c1 wp\" data-image-description=\"\" data-image-caption=\"\" data-medium-file=\"https:\/\/i0.wp.com\/lesgravereaux.marret.co\/wp-content\/uploads\/2016\/03\/Anatole-Jean-Jean-Claude-Pascal-le-bel-elegant-c1-wp.jpg?fit=212%2C300&amp;ssl=1\" data-large-file=\"https:\/\/i0.wp.com\/lesgravereaux.marret.co\/wp-content\/uploads\/2016\/03\/Anatole-Jean-Jean-Claude-Pascal-le-bel-elegant-c1-wp.jpg?fit=640%2C908&amp;ssl=1\" class=\"wp-image-331 alignleft\" src=\"https:\/\/i0.wp.com\/lesgravereaux.marret.co\/wp-content\/uploads\/2016\/03\/Anatole-Jean-Jean-Claude-Pascal-le-bel-elegant-c1-wp.jpg?resize=202%2C286&#038;ssl=1\" alt=\"Anatole, Jean - Jean-Claude Pascal, le bel elegant c1 wp\" width=\"202\" height=\"286\" data-wp-pid=\"331\" srcset=\"https:\/\/i0.wp.com\/lesgravereaux.marret.co\/wp-content\/uploads\/2016\/03\/Anatole-Jean-Jean-Claude-Pascal-le-bel-elegant-c1-wp.jpg?resize=722%2C1024&amp;ssl=1 722w, https:\/\/i0.wp.com\/lesgravereaux.marret.co\/wp-content\/uploads\/2016\/03\/Anatole-Jean-Jean-Claude-Pascal-le-bel-elegant-c1-wp.jpg?resize=212%2C300&amp;ssl=1 212w, https:\/\/i0.wp.com\/lesgravereaux.marret.co\/wp-content\/uploads\/2016\/03\/Anatole-Jean-Jean-Claude-Pascal-le-bel-elegant-c1-wp.jpg?resize=768%2C1089&amp;ssl=1 768w, https:\/\/i0.wp.com\/lesgravereaux.marret.co\/wp-content\/uploads\/2016\/03\/Anatole-Jean-Jean-Claude-Pascal-le-bel-elegant-c1-wp.jpg?resize=800%2C1134&amp;ssl=1 800w, https:\/\/i0.wp.com\/lesgravereaux.marret.co\/wp-content\/uploads\/2016\/03\/Anatole-Jean-Jean-Claude-Pascal-le-bel-elegant-c1-wp.jpg?resize=423%2C600&amp;ssl=1 423w, https:\/\/i0.wp.com\/lesgravereaux.marret.co\/wp-content\/uploads\/2016\/03\/Anatole-Jean-Jean-Claude-Pascal-le-bel-elegant-c1-wp.jpg?w=833&amp;ssl=1 833w\" sizes=\"auto, (max-width: 202px) 100vw, 202px\" \/><\/a><\/p>\n<p>ANATOLE, Jean. <em>Jean-Claude Pascal &#8211; le bel \u00e9l\u00e9gant<\/em>. Association des Amis du Mus\u00e9e de la Chemiserie. 1996, 43&nbsp;p.<\/p>\n<blockquote><p><em>\u00ab&nbsp;Enfant sensible, issu de la grande bourgeoisie parisienne des ann\u00e9es 30, jeune premier en qu\u00eate d&rsquo;une affinit\u00e9 professionnelle, acteur et chanteur de charme des ann\u00e9es 50, \u00e9crivain de r\u00e9cits historiques des ann\u00e9es 80, Jean-Claude Pascal a men\u00e9 sa vie entre doute et d\u00e9termi\u00adnation avec audace et exigence. Prince, ou albatros, au si beau visage, que ses ailes de g\u00e9ant ont emp\u00each\u00e9 de marcher. Quelques bri\u00adbes de son histoire, ici esquiss\u00e9es, comme des embruns fugitifs.&nbsp;\u00bb<\/em><\/p><\/blockquote>\n<p>&nbsp;<\/p>\n<p><a href=\"https:\/\/i0.wp.com\/lesgravereaux.marret.co\/wp-content\/uploads\/2016\/09\/2004-Jean-Claude-Pascal-Sa-garde-robe-de-l%C3%AAtre-au-para%C3%AEtre-c1_wp.jpg?ssl=1\"><img data-recalc-dims=\"1\" loading=\"lazy\" decoding=\"async\" data-attachment-id=\"4966\" data-permalink=\"https:\/\/lesgravereaux.marret.co\/index.php\/jean-claude-pascal\/a-propos-de-jean-claude-pascal\/2004-jean-claude-pascal-sa-garde-robe-de-letre-au-paraitre-c1_wp\/\" data-orig-file=\"https:\/\/i0.wp.com\/lesgravereaux.marret.co\/wp-content\/uploads\/2016\/09\/2004-Jean-Claude-Pascal-Sa-garde-robe-de-l%C3%AAtre-au-para%C3%AEtre-c1_wp.jpg?fit=910%2C1181&amp;ssl=1\" data-orig-size=\"910,1181\" data-comments-opened=\"1\" data-image-meta=\"{&quot;aperture&quot;:&quot;0&quot;,&quot;credit&quot;:&quot;&quot;,&quot;camera&quot;:&quot;&quot;,&quot;caption&quot;:&quot;&quot;,&quot;created_timestamp&quot;:&quot;0&quot;,&quot;copyright&quot;:&quot;&quot;,&quot;focal_length&quot;:&quot;0&quot;,&quot;iso&quot;:&quot;0&quot;,&quot;shutter_speed&quot;:&quot;0&quot;,&quot;title&quot;:&quot;&quot;,&quot;orientation&quot;:&quot;1&quot;}\" data-image-title=\"2004-jean-claude-pascal-sa-garde-robe-de-letre-au-paraitre-c1_wp\" data-image-description=\"\" data-image-caption=\"\" data-medium-file=\"https:\/\/i0.wp.com\/lesgravereaux.marret.co\/wp-content\/uploads\/2016\/09\/2004-Jean-Claude-Pascal-Sa-garde-robe-de-l%C3%AAtre-au-para%C3%AEtre-c1_wp.jpg?fit=231%2C300&amp;ssl=1\" data-large-file=\"https:\/\/i0.wp.com\/lesgravereaux.marret.co\/wp-content\/uploads\/2016\/09\/2004-Jean-Claude-Pascal-Sa-garde-robe-de-l%C3%AAtre-au-para%C3%AEtre-c1_wp.jpg?fit=640%2C831&amp;ssl=1\" class=\"wp-image-4966 alignleft\" src=\"https:\/\/i0.wp.com\/lesgravereaux.marret.co\/wp-content\/uploads\/2016\/09\/2004-Jean-Claude-Pascal-Sa-garde-robe-de-l%C3%AAtre-au-para%C3%AEtre-c1_wp.jpg?resize=200%2C260&#038;ssl=1\" alt=\"2004-jean-claude-pascal-sa-garde-robe-de-letre-au-paraitre-c1_wp\" width=\"200\" height=\"260\" data-wp-pid=\"4966\" srcset=\"https:\/\/i0.wp.com\/lesgravereaux.marret.co\/wp-content\/uploads\/2016\/09\/2004-Jean-Claude-Pascal-Sa-garde-robe-de-l%C3%AAtre-au-para%C3%AEtre-c1_wp.jpg?resize=789%2C1024&amp;ssl=1 789w, https:\/\/i0.wp.com\/lesgravereaux.marret.co\/wp-content\/uploads\/2016\/09\/2004-Jean-Claude-Pascal-Sa-garde-robe-de-l%C3%AAtre-au-para%C3%AEtre-c1_wp.jpg?resize=231%2C300&amp;ssl=1 231w, https:\/\/i0.wp.com\/lesgravereaux.marret.co\/wp-content\/uploads\/2016\/09\/2004-Jean-Claude-Pascal-Sa-garde-robe-de-l%C3%AAtre-au-para%C3%AEtre-c1_wp.jpg?resize=768%2C997&amp;ssl=1 768w, https:\/\/i0.wp.com\/lesgravereaux.marret.co\/wp-content\/uploads\/2016\/09\/2004-Jean-Claude-Pascal-Sa-garde-robe-de-l%C3%AAtre-au-para%C3%AEtre-c1_wp.jpg?resize=800%2C1038&amp;ssl=1 800w, https:\/\/i0.wp.com\/lesgravereaux.marret.co\/wp-content\/uploads\/2016\/09\/2004-Jean-Claude-Pascal-Sa-garde-robe-de-l%C3%AAtre-au-para%C3%AEtre-c1_wp.jpg?resize=462%2C600&amp;ssl=1 462w, https:\/\/i0.wp.com\/lesgravereaux.marret.co\/wp-content\/uploads\/2016\/09\/2004-Jean-Claude-Pascal-Sa-garde-robe-de-l%C3%AAtre-au-para%C3%AEtre-c1_wp.jpg?w=910&amp;ssl=1 910w\" sizes=\"auto, (max-width: 200px) 100vw, 200px\" \/><\/a><i><\/i><\/p>\n<p>&nbsp;<\/p>\n<p>KOLLMANN-CAILLET, Virginie et Nathalie GAILLARD. <i>Jean-Claude Pascal&nbsp;: sa garde-robe, de l&rsquo;\u00eatre au para\u00eetre.<\/i> Catalogue de l&rsquo;exposition.&nbsp;Mus\u00e9e de la chemiserie et de l&rsquo;\u00e9l\u00e9gance masculine. 2004, 119&nbsp;p.<span class=\"Apple-converted-space\">&nbsp;<\/span><\/p>\n<p>&nbsp;<\/p>\n<p>&nbsp;<\/p>\n<p>&nbsp;<\/p>\n<p><strong><span style=\"text-decoration: underline;\">Sites Internet<\/span>&nbsp;:<\/strong><\/p>\n<p><a href=\"http:\/\/www.allocine.fr\/personne\/fichepersonne-4513\/biographie\/\" target=\"_blank\" rel=\"noopener\">AlloCin\u00e9<\/a>. <i>Jean-Claude Pascal<\/i>.<b><\/b><i><\/i><u><\/u><\/p>\n<p><a href=\"http:\/\/www.imdb.com\/name\/nm0664270\/\" target=\"_blank\" rel=\"noopener\">IMDb<\/a> (Internet Movie Database). <i>Jean-Claude Pascal<\/i>.<b><\/b><i><\/i><u><\/u><\/p>\n<p>L&rsquo;Encin\u00e9math\u00e8que. <em>Jean-Claude Pascal<\/em>, par Donatienne.<\/p>\n<p><a href=\"http:\/\/www.musicme.com\/#\/Jean-Claude-Pascal\/\" target=\"_blank\" rel=\"noopener\">musicMe<\/a>. <i>Jean-Claude Pascal<\/i>.<\/p>\n<p><a href=\"https:\/\/fr.wikipedia.org\/wiki\/Jean-Claude_Pascal\" target=\"_blank\" rel=\"noopener\">Wikipedia<\/a>. <em>Jean-Claude Pascal<\/em>.<\/p>\n<p>&nbsp;<\/p>\n<p>&nbsp;<\/p>\n<p>&nbsp;<\/p>\n<p>&nbsp;<\/p>\n","protected":false},"excerpt":{"rendered":"<p>Publications&nbsp;: Jean-Claude Pascal se raconte dans un livre autobiographique&nbsp;: &nbsp; PASCAL, Jean-Claude. Le beau masque. \u00c9ditions Robert Laffont.&nbsp;1986, 346&nbsp;p. \u00ab&nbsp;T\u00e9moignage autobiographique d\u2019un fils de la grande bourgeoisie fran\u00e7aise qui fut successivement dessinateur-mod\u00e9liste, acteur au th\u00e9\u00e2tre, star de cin\u00e9ma, vedette de &hellip; <a href=\"https:\/\/lesgravereaux.marret.co\/index.php\/jean-claude-pascal\/a-propos-de-jean-claude-pascal\/\">Continuer la lecture <span class=\"meta-nav\">&rarr;<\/span><\/a><\/p>\n","protected":false},"author":1,"featured_media":0,"parent":654,"menu_order":0,"comment_status":"closed","ping_status":"closed","template":"","meta":{"ngg_post_thumbnail":0,"jetpack_post_was_ever_published":false,"footnotes":""},"class_list":["post-4963","page","type-page","status-publish","hentry"],"jetpack_sharing_enabled":true,"jetpack_shortlink":"https:\/\/wp.me\/P7ERyi-1i3","jetpack-related-posts":[{"id":2238,"url":"https:\/\/lesgravereaux.marret.co\/index.php\/jean-claude-pascal\/jean-claude-pascal-en-videos\/","url_meta":{"origin":4963,"position":0},"title":"Jean-Claude Pascal sur les vid\u00e9os de l&rsquo;INA","author":"marretgravereaux","date":"12 juin 2016","format":false,"excerpt":"L'Institut National de l'Audiovisuel - L'Ina - est une entreprise publique culturelle de l'audiovisuel charg\u00e9e de la sauvegarde, de la valorisation et de la transmission du patrimoine audiovisuel fran\u00e7ais. Sur son site, on trouve divers enregistrements d'anciennes \u00e9missions de t\u00e9l\u00e9vision, dont plusieurs montrent\u00a0Jean-Claude Pascal; certaines de celles-ci apparaissent ci-apr\u00e8s. Jean\u2026","rel":"","context":"Article similaire","block_context":{"text":"Article similaire","link":""},"img":{"alt_text":"ina-1","src":"https:\/\/i0.wp.com\/lesgravereaux.marret.co\/wp-content\/uploads\/2016\/09\/INA-1.png?resize=350%2C200","width":350,"height":200},"classes":[]},{"id":2262,"url":"https:\/\/lesgravereaux.marret.co\/index.php\/jean-claude-pascal\/jean-claude-pascal-le-styliste\/","url_meta":{"origin":4963,"position":1},"title":"Jean-Claude Pascal, le styliste","author":"marretgravereaux","date":"7 mai 2016","format":false,"excerpt":"En juillet 1946, Jean-Claude Pascal passe des vacances sur la C\u00f4te d\u2019Azur. Il rencontre par hasard Christian Dior, alors mod\u00e9liste; celui-ci, connaissant son inactivit\u00e9, l\u2019incite \u00e0 apprendre \u00e0 dessiner. Ce sera donc avec Ren\u00e9 Gruau, dessinateur professionnel et ami commun, que Jean-Claude Pascal s\u2019ing\u00e9niera, pendant les mois suivants, \u00ab\u00a0\u00e0 noircir\u2026","rel":"","context":"Article similaire","block_context":{"text":"Article similaire","link":""},"img":{"alt_text":"JCP - Dessin 06_wp","src":"https:\/\/i0.wp.com\/lesgravereaux.marret.co\/wp-content\/uploads\/2016\/05\/JCP-Dessin-06_wp.jpg?resize=350%2C200","width":350,"height":200},"classes":[]},{"id":4858,"url":"https:\/\/lesgravereaux.marret.co\/index.php\/jean-claude-pascal\/jean-claude-pascal-le-chanteur\/jean-claude-pascal-sur-disque\/","url_meta":{"origin":4963,"position":2},"title":"Jean-Claude Pascal&#8230; sur disques","author":"marretgravereaux","date":"30 juillet 2016","format":false,"excerpt":"Pendant plus de vingt-cinq ans, Jean-Claude Pascal interpr\u00e8te de nombreuses chansons, dont une tr\u00e8s grande partie l'a d\u00e9j\u00e0 \u00e9t\u00e9\u00a0par de tr\u00e8s grands artistes, mais il y ajoute son style, sa couleur et son charme naturel. Sa carri\u00e8re conna\u00eet un \u00e9lan consid\u00e9rable lorsqu\u2019en 1961, il remporte le Grand prix Eurovision de\u2026","rel":"","context":"Article similaire","block_context":{"text":"Article similaire","link":""},"img":{"alt_text":"Partition - L'Amour c'est comme un jour 2 wp","src":"https:\/\/i0.wp.com\/lesgravereaux.marret.co\/wp-content\/uploads\/2016\/05\/Partition-LAmour-cest-comme-un-jour-2-wp-805x1024.jpg?resize=350%2C200","width":350,"height":200},"classes":[]},{"id":2138,"url":"https:\/\/lesgravereaux.marret.co\/index.php\/jean-claude-pascal\/jean-claude-pascal-le-comedien\/","url_meta":{"origin":4963,"position":3},"title":"Jean-Claude Pascal, au th\u00e9\u00e2tre","author":"marretgravereaux","date":"4 mai 2016","format":false,"excerpt":"Jean-Claude Pascal amorce sa carri\u00e8re professionnelle en \u00e9tant styliste chez de grands couturiers. Alors qu\u2019il travaille chez Robert Piguet, on lui demande de r\u00e9aliser des costumes pour le Don Juan que Louis Jouvet met en sc\u00e8ne \u00e0 l\u2019Ath\u00e9n\u00e9e. Ce sera son premier pas dans le monde du th\u00e9\u00e2tre. Le milieu\u2026","rel":"","context":"Article similaire","block_context":{"text":"Article similaire","link":""},"img":{"alt_text":"1956 Les francais a Moscou p03 wp","src":"https:\/\/i0.wp.com\/lesgravereaux.marret.co\/wp-content\/uploads\/2016\/05\/1956-Les-francais-a-Moscou-p03-wp-656x1024.jpg?resize=350%2C200","width":350,"height":200},"classes":[]},{"id":2185,"url":"https:\/\/lesgravereaux.marret.co\/index.php\/jean-claude-pascal\/jean-claude-pascal-le-comedien\/la-femme-en-blanc\/","url_meta":{"origin":4963,"position":4},"title":"La femme en blanc","author":"marretgravereaux","date":"5 mai 2016","format":false,"excerpt":"Pi\u00e8ce en trois actes de Marcel Achard, La femme en blanc a \u00e9t\u00e9 pr\u00e9sent\u00e9e pour la premi\u00e8re fois en 1933 \u00e0 Paris, au Th\u00e9\u00e2tre Michel. Jean-Claude Pascal et Ren\u00e9e Saint-Cyr l\u2019ont jou\u00e9e ensemble \u00e0 Bruxelles, en octobre 1950, au Th\u00e9\u00e2tre Royal des Galeries St-Hubert. Ils l\u2019ont reprise lors d\u2019une tourn\u00e9e\u2026","rel":"","context":"Article similaire","block_context":{"text":"Article similaire","link":""},"img":{"alt_text":"Ren\u00e9e St-Cyr (RarePixVintageActresses)_wp","src":"https:\/\/i0.wp.com\/lesgravereaux.marret.co\/wp-content\/uploads\/2016\/05\/Ren%C3%A9e-St-Cyr-RarePixVintageActresses_wp.jpg?resize=350%2C200","width":350,"height":200},"classes":[]},{"id":1523,"url":"https:\/\/lesgravereaux.marret.co\/index.php\/liens-utiles\/","url_meta":{"origin":4963,"position":5},"title":"Liens utiles","author":"marretgravereaux","date":"10 avril 2016","format":false,"excerpt":"Les liens pour :\u00a0-\u00a0La famille Gravereaux -\u00a0Jules Gravereaux - Denis Gravereaux\u00a0-\u00a0Sylvie de Beco\u00a0-\u00a0Jean-Claude Pascal - La roseraie de l'Ha\u00ff -\u00a0Les \u00c9tablissements Gravereaux\u00a0-\u00a0Associations et organismes \u00a0 \u00a0Jules Gravereaux Wikipedia - Jules Gravereaux \u00a0\u00a0 La roseraie de l'Ha\u00ff La Roseraie du Val-de-Marne Wikipedia - La Roseraie du Val-de-Marne HelpMeFind - Roseraie du\u2026","rel":"","context":"Article similaire","block_context":{"text":"Article similaire","link":""},"img":{"alt_text":"Roses de Malmaison - p01b_wp","src":"https:\/\/i0.wp.com\/lesgravereaux.marret.co\/wp-content\/uploads\/2016\/03\/Roses-de-Malmaison-p01b_wp.jpg?resize=350%2C200","width":350,"height":200},"classes":[]}],"_links":{"self":[{"href":"https:\/\/lesgravereaux.marret.co\/index.php\/wp-json\/wp\/v2\/pages\/4963","targetHints":{"allow":["GET"]}}],"collection":[{"href":"https:\/\/lesgravereaux.marret.co\/index.php\/wp-json\/wp\/v2\/pages"}],"about":[{"href":"https:\/\/lesgravereaux.marret.co\/index.php\/wp-json\/wp\/v2\/types\/page"}],"author":[{"embeddable":true,"href":"https:\/\/lesgravereaux.marret.co\/index.php\/wp-json\/wp\/v2\/users\/1"}],"replies":[{"embeddable":true,"href":"https:\/\/lesgravereaux.marret.co\/index.php\/wp-json\/wp\/v2\/comments?post=4963"}],"version-history":[{"count":3,"href":"https:\/\/lesgravereaux.marret.co\/index.php\/wp-json\/wp\/v2\/pages\/4963\/revisions"}],"predecessor-version":[{"id":22984,"href":"https:\/\/lesgravereaux.marret.co\/index.php\/wp-json\/wp\/v2\/pages\/4963\/revisions\/22984"}],"up":[{"embeddable":true,"href":"https:\/\/lesgravereaux.marret.co\/index.php\/wp-json\/wp\/v2\/pages\/654"}],"wp:attachment":[{"href":"https:\/\/lesgravereaux.marret.co\/index.php\/wp-json\/wp\/v2\/media?parent=4963"}],"curies":[{"name":"wp","href":"https:\/\/api.w.org\/{rel}","templated":true}]}}