{"id":4798,"date":"2016-07-19T19:25:18","date_gmt":"2016-07-19T18:25:18","guid":{"rendered":"http:\/\/lesgravereaux.marret.co\/?page_id=4798"},"modified":"2016-09-19T16:16:27","modified_gmt":"2016-09-19T15:16:27","slug":"r-gravereaux-collection-dete-1937","status":"publish","type":"page","link":"https:\/\/lesgravereaux.marret.co\/index.php\/les-etablissements-gravereaux\/les-produits-des-etablissements-gravereaux\/r-gravereaux-collection-dete-1937\/","title":{"rendered":"R. Gravereaux &#8211; Collection d&rsquo;\u00e9t\u00e9 (1937)"},"content":{"rendered":"<p>En 1937, la Maison Gravereaux profite de la tribune que lui offre\u00a0<em>L&rsquo;Officiel de la Chemiserie<\/em> &#8211; revue destin\u00e9e principalement aux marchands-d\u00e9taillants &#8211; pour promouvoir une partie de sa collection d&rsquo;\u00e9t\u00e9 et pr\u00e9senter les chemisettes et pyjamas qu&rsquo;elle commercialise alors&#8230;<\/p>\n<p><a href=\"https:\/\/i0.wp.com\/lesgravereaux.marret.co\/wp-content\/uploads\/2016\/07\/1937-12-LOfficiel-de-la-Chemiserie-9-p42p_wp.jpg?ssl=1\"><img data-recalc-dims=\"1\" loading=\"lazy\" decoding=\"async\" data-attachment-id=\"4789\" data-permalink=\"https:\/\/lesgravereaux.marret.co\/index.php\/les-etablissements-gravereaux\/les-produits-des-etablissements-gravereaux\/r-gravereaux-collection-dete-1937\/1937-12-lofficiel-de-la-chemiserie-9-p42p_wp\/\" data-orig-file=\"https:\/\/i0.wp.com\/lesgravereaux.marret.co\/wp-content\/uploads\/2016\/07\/1937-12-LOfficiel-de-la-Chemiserie-9-p42p_wp.jpg?fit=804%2C1181&amp;ssl=1\" data-orig-size=\"804,1181\" data-comments-opened=\"1\" data-image-meta=\"{&quot;aperture&quot;:&quot;0&quot;,&quot;credit&quot;:&quot;&quot;,&quot;camera&quot;:&quot;&quot;,&quot;caption&quot;:&quot;&quot;,&quot;created_timestamp&quot;:&quot;0&quot;,&quot;copyright&quot;:&quot;&quot;,&quot;focal_length&quot;:&quot;0&quot;,&quot;iso&quot;:&quot;0&quot;,&quot;shutter_speed&quot;:&quot;0&quot;,&quot;title&quot;:&quot;&quot;,&quot;orientation&quot;:&quot;1&quot;}\" data-image-title=\"1937-12 L&amp;rsquo;Officiel de la Chemiserie 9 p42p_wp\" data-image-description=\"\" data-image-caption=\"\" data-medium-file=\"https:\/\/i0.wp.com\/lesgravereaux.marret.co\/wp-content\/uploads\/2016\/07\/1937-12-LOfficiel-de-la-Chemiserie-9-p42p_wp.jpg?fit=204%2C300&amp;ssl=1\" data-large-file=\"https:\/\/i0.wp.com\/lesgravereaux.marret.co\/wp-content\/uploads\/2016\/07\/1937-12-LOfficiel-de-la-Chemiserie-9-p42p_wp.jpg?fit=640%2C940&amp;ssl=1\" class=\"alignnone wp-image-4789\" src=\"https:\/\/i0.wp.com\/lesgravereaux.marret.co\/wp-content\/uploads\/2016\/07\/1937-12-LOfficiel-de-la-Chemiserie-9-p42p_wp.jpg?resize=312%2C458&#038;ssl=1\" alt=\"1937-12 L'Officiel de la Chemiserie 9 p42p_wp\" width=\"312\" height=\"458\" data-wp-pid=\"4789\" srcset=\"https:\/\/i0.wp.com\/lesgravereaux.marret.co\/wp-content\/uploads\/2016\/07\/1937-12-LOfficiel-de-la-Chemiserie-9-p42p_wp.jpg?resize=697%2C1024&amp;ssl=1 697w, https:\/\/i0.wp.com\/lesgravereaux.marret.co\/wp-content\/uploads\/2016\/07\/1937-12-LOfficiel-de-la-Chemiserie-9-p42p_wp.jpg?resize=204%2C300&amp;ssl=1 204w, https:\/\/i0.wp.com\/lesgravereaux.marret.co\/wp-content\/uploads\/2016\/07\/1937-12-LOfficiel-de-la-Chemiserie-9-p42p_wp.jpg?resize=768%2C1128&amp;ssl=1 768w, https:\/\/i0.wp.com\/lesgravereaux.marret.co\/wp-content\/uploads\/2016\/07\/1937-12-LOfficiel-de-la-Chemiserie-9-p42p_wp.jpg?resize=800%2C1175&amp;ssl=1 800w, https:\/\/i0.wp.com\/lesgravereaux.marret.co\/wp-content\/uploads\/2016\/07\/1937-12-LOfficiel-de-la-Chemiserie-9-p42p_wp.jpg?resize=408%2C600&amp;ssl=1 408w, https:\/\/i0.wp.com\/lesgravereaux.marret.co\/wp-content\/uploads\/2016\/07\/1937-12-LOfficiel-de-la-Chemiserie-9-p42p_wp.jpg?w=804&amp;ssl=1 804w\" sizes=\"auto, (max-width: 312px) 100vw, 312px\" \/><\/a>\u00a0 <a href=\"https:\/\/i0.wp.com\/lesgravereaux.marret.co\/wp-content\/uploads\/2016\/07\/1937-12-LOfficiel-de-la-Chemiserie-9-p43p_wp.jpg?ssl=1\"><img data-recalc-dims=\"1\" loading=\"lazy\" decoding=\"async\" data-attachment-id=\"4790\" data-permalink=\"https:\/\/lesgravereaux.marret.co\/index.php\/les-etablissements-gravereaux\/les-produits-des-etablissements-gravereaux\/r-gravereaux-collection-dete-1937\/1937-12-lofficiel-de-la-chemiserie-9-p43p_wp\/\" data-orig-file=\"https:\/\/i0.wp.com\/lesgravereaux.marret.co\/wp-content\/uploads\/2016\/07\/1937-12-LOfficiel-de-la-Chemiserie-9-p43p_wp.jpg?fit=812%2C1181&amp;ssl=1\" data-orig-size=\"812,1181\" data-comments-opened=\"1\" data-image-meta=\"{&quot;aperture&quot;:&quot;0&quot;,&quot;credit&quot;:&quot;&quot;,&quot;camera&quot;:&quot;&quot;,&quot;caption&quot;:&quot;&quot;,&quot;created_timestamp&quot;:&quot;0&quot;,&quot;copyright&quot;:&quot;&quot;,&quot;focal_length&quot;:&quot;0&quot;,&quot;iso&quot;:&quot;0&quot;,&quot;shutter_speed&quot;:&quot;0&quot;,&quot;title&quot;:&quot;&quot;,&quot;orientation&quot;:&quot;1&quot;}\" data-image-title=\"1937-12 L&amp;rsquo;Officiel de la Chemiserie 9 p43p_wp\" data-image-description=\"\" data-image-caption=\"\" data-medium-file=\"https:\/\/i0.wp.com\/lesgravereaux.marret.co\/wp-content\/uploads\/2016\/07\/1937-12-LOfficiel-de-la-Chemiserie-9-p43p_wp.jpg?fit=206%2C300&amp;ssl=1\" data-large-file=\"https:\/\/i0.wp.com\/lesgravereaux.marret.co\/wp-content\/uploads\/2016\/07\/1937-12-LOfficiel-de-la-Chemiserie-9-p43p_wp.jpg?fit=640%2C931&amp;ssl=1\" class=\"alignnone wp-image-4790\" src=\"https:\/\/i0.wp.com\/lesgravereaux.marret.co\/wp-content\/uploads\/2016\/07\/1937-12-LOfficiel-de-la-Chemiserie-9-p43p_wp.jpg?resize=316%2C459&#038;ssl=1\" alt=\"1937-12 L'Officiel de la Chemiserie 9 p43p_wp\" width=\"316\" height=\"459\" data-wp-pid=\"4790\" srcset=\"https:\/\/i0.wp.com\/lesgravereaux.marret.co\/wp-content\/uploads\/2016\/07\/1937-12-LOfficiel-de-la-Chemiserie-9-p43p_wp.jpg?resize=704%2C1024&amp;ssl=1 704w, https:\/\/i0.wp.com\/lesgravereaux.marret.co\/wp-content\/uploads\/2016\/07\/1937-12-LOfficiel-de-la-Chemiserie-9-p43p_wp.jpg?resize=206%2C300&amp;ssl=1 206w, https:\/\/i0.wp.com\/lesgravereaux.marret.co\/wp-content\/uploads\/2016\/07\/1937-12-LOfficiel-de-la-Chemiserie-9-p43p_wp.jpg?resize=768%2C1117&amp;ssl=1 768w, https:\/\/i0.wp.com\/lesgravereaux.marret.co\/wp-content\/uploads\/2016\/07\/1937-12-LOfficiel-de-la-Chemiserie-9-p43p_wp.jpg?resize=800%2C1164&amp;ssl=1 800w, https:\/\/i0.wp.com\/lesgravereaux.marret.co\/wp-content\/uploads\/2016\/07\/1937-12-LOfficiel-de-la-Chemiserie-9-p43p_wp.jpg?resize=413%2C600&amp;ssl=1 413w, https:\/\/i0.wp.com\/lesgravereaux.marret.co\/wp-content\/uploads\/2016\/07\/1937-12-LOfficiel-de-la-Chemiserie-9-p43p_wp.jpg?w=812&amp;ssl=1 812w\" sizes=\"auto, (max-width: 316px) 100vw, 316px\" \/><\/a><\/p>\n<p style=\"text-align: center;\"><span style=\"font-size: 10pt;\"><em>Cliquer sur une image pour l&rsquo;agrandir<\/em><\/span><\/p>\n<p>&nbsp;<\/p>\n","protected":false},"excerpt":{"rendered":"<p>En 1937, la Maison Gravereaux profite de la tribune que lui offre\u00a0L&rsquo;Officiel de la Chemiserie &#8211; revue destin\u00e9e principalement aux marchands-d\u00e9taillants &#8211; pour promouvoir une partie de sa collection d&rsquo;\u00e9t\u00e9 et pr\u00e9senter les chemisettes et pyjamas qu&rsquo;elle commercialise alors&#8230; \u00a0 &hellip; <a href=\"https:\/\/lesgravereaux.marret.co\/index.php\/les-etablissements-gravereaux\/les-produits-des-etablissements-gravereaux\/r-gravereaux-collection-dete-1937\/\">Continuer la lecture <span class=\"meta-nav\">&rarr;<\/span><\/a><\/p>\n","protected":false},"author":1,"featured_media":0,"parent":3116,"menu_order":0,"comment_status":"closed","ping_status":"closed","template":"","meta":{"ngg_post_thumbnail":0,"jetpack_post_was_ever_published":false,"footnotes":""},"class_list":["post-4798","page","type-page","status-publish","hentry"],"jetpack_sharing_enabled":true,"jetpack_shortlink":"https:\/\/wp.me\/P7ERyi-1fo","jetpack-related-posts":[{"id":3131,"url":"https:\/\/lesgravereaux.marret.co\/index.php\/les-etablissements-gravereaux\/les-marques-gravereaux\/","url_meta":{"origin":4798,"position":0},"title":"Les marques Gravereaux","author":"marretgravereaux","date":"25 mai 2016","format":false,"excerpt":"Les \u00c9tablissements Gravereaux ont toujours accord\u00e9 beaucoup d\u2019importance aux marques de commerce; ils en ont donc d\u00e9pos\u00e9 un grand nombre aupr\u00e8s du Tribunal de commerce. Les deux plus importantes furent R.G. et Triplefil qui apparurent sur tous les articles, de la chemiserie aux v\u00eatements de nuit, pyjamas ou robes de\u2026","rel":"","context":"Article similaire","block_context":{"text":"Article similaire","link":""},"img":{"alt_text":"R Gravereaux - Lettre-re\u00e7u a_wp","src":"https:\/\/i0.wp.com\/lesgravereaux.marret.co\/wp-content\/uploads\/2016\/05\/R-Gravereaux-Lettre-re%C3%A7u-a_wp.jpg?resize=350%2C200","width":350,"height":200},"classes":[]},{"id":651,"url":"https:\/\/lesgravereaux.marret.co\/index.php\/la-famille-gravereaux\/claude-gravereaux\/","url_meta":{"origin":4798,"position":1},"title":"Claude Gravereaux","author":"marretgravereaux","date":"7 mars 2016","format":false,"excerpt":"Claude GRAVEREAUX est n\u00e9 le 2 mai 1913. Il est le quatri\u00e8me enfant de\u00a0Paul Louis Gravereaux (27\u00a0janvier\u00a01876 \u2013 1934) et de Claire Marguerite Bonnevey (1881 - 1971). En 1936, il \u00e9pouse Jacqueline Hollingsworth. Joueur de hockey sur gazon, il fait partie de l\u2019\u00e9quipe de France lors des Jeux olympiques de\u2026","rel":"","context":"Article similaire","block_context":{"text":"Article similaire","link":""},"img":{"alt_text":"Unforgettable New Canaanites - Warren Allen Smith - p101c","src":"https:\/\/i0.wp.com\/marret.co\/wp-content\/uploads\/2016\/03\/Unforgettable-New-Canaanites-Warren-Allen-Smith-p101c.jpg?resize=350%2C200","width":350,"height":200},"classes":[]},{"id":596,"url":"https:\/\/lesgravereaux.marret.co\/index.php\/la-roseraie-de-lhay\/","url_meta":{"origin":4798,"position":2},"title":"La roseraie de L&rsquo;Ha\u00ff","author":"marretgravereaux","date":"7 mars 2016","format":false,"excerpt":"\u00c2g\u00e9 de quarante-huit ans et jeune retrait\u00e9, Jules Gravereaux fait l'acquisition, en 1892, d'un domaine situ\u00e9 dans la commune de L'Ha\u00ff. Cette propri\u00e9t\u00e9 de onze hectares domine le vallon de la Bi\u00e8vre et la ville de Bourg-la-Reine; elle n\u2019est en outre qu\u2019\u00e0 quelques kilom\u00e8tres de Vitry-sur-Seine, l\u00e0 o\u00f9 Jules Gravereaux\u2026","rel":"","context":"Article similaire","block_context":{"text":"Article similaire","link":""},"img":{"alt_text":"Jules Gravereaux - OG053_wp","src":"https:\/\/i0.wp.com\/marret.co\/wp-content\/uploads\/2016\/03\/File3745-OG053_wp-667x1024.jpg?resize=350%2C200","width":350,"height":200},"classes":[]},{"id":606,"url":"https:\/\/lesgravereaux.marret.co\/index.php\/la-famille-gravereaux\/la-ronde-des-enfants\/","url_meta":{"origin":4798,"position":3},"title":"La ronde des enfants","author":"marretgravereaux","date":"7 mars 2016","format":false,"excerpt":"\u00c9poux de Blanche Gravereaux, Carlos Alvarez del Campo avait plusieurs talents, dont le dessin\u2026 Le 18 f\u00e9vrier 1912 (selon l\u2019indication port\u00e9e \u00e0 c\u00f4t\u00e9 de la signature \u00ab\u00a0Solray\u00a0\u00bb), il aurait dessin\u00e9 La ronde des enfants, d\u00e9diant celle-ci \u00e0 plusieurs de ses neveux et ses ni\u00e8ces. Quatre versions de cette ronde sont\u2026","rel":"","context":"Article similaire","block_context":{"text":"Article similaire","link":""},"img":{"alt_text":"GV044-2 - la ronde 1912b_wp","src":"https:\/\/i0.wp.com\/marret.co\/wp-content\/uploads\/2016\/03\/GV044-2-la-ronde-1912b_wp-1024x806.jpg?resize=350%2C200","width":350,"height":200,"srcset":"https:\/\/i0.wp.com\/marret.co\/wp-content\/uploads\/2016\/03\/GV044-2-la-ronde-1912b_wp-1024x806.jpg?resize=350%2C200 1x, https:\/\/i0.wp.com\/marret.co\/wp-content\/uploads\/2016\/03\/GV044-2-la-ronde-1912b_wp-1024x806.jpg?resize=525%2C300 1.5x"},"classes":[]},{"id":1238,"url":"https:\/\/lesgravereaux.marret.co\/index.php\/la-famille-gravereaux\/croissy-la-propriete-ancelot-gravereaux\/la-propriete-de-croissy-vu-par\/","url_meta":{"origin":4798,"position":4},"title":"Croissy, vu par&#8230; Raymond Gravereaux et Gilles Thin","author":"marretgravereaux","date":"19 mars 2016","format":false,"excerpt":"Raymond Gravereaux et Gilles Thin, son gendre, ont peint \u2014 chacun \u00e0 leur \u00e9poque et \u00e0 leur fa\u00e7on \u2014 une partie de la propri\u00e9t\u00e9 de Croissy... . La grande maison par\u00a0Raymond Gravereaux juin 1925 (collection Jean-Luc Marret) . Le salon par\u00a0Raymond Gravereaux 1930 (collection Jean-Luc Marret) \u00a0 . Le billard\u2026","rel":"","context":"Article similaire","block_context":{"text":"Article similaire","link":""},"img":{"alt_text":"1925-06 GRAVEREAUX, Raymond - La grande maison de Croissy a wp","src":"https:\/\/i0.wp.com\/marret.co\/wp-content\/uploads\/2016\/02\/1925-06-GRAVEREAUX-Raymond-La-grande-maison-de-Croissy-a-wp-1024x860.jpg?resize=350%2C200","width":350,"height":200},"classes":[]},{"id":2481,"url":"https:\/\/lesgravereaux.marret.co\/index.php\/la-famille-gravereaux\/robert-gravereaux\/","url_meta":{"origin":4798,"position":5},"title":"Robert Gravereaux","author":"marretgravereaux","date":"11 mai 2016","format":false,"excerpt":"Robert Gravereaux est n\u00e9 \u00e0 Croissy-sur-Seine, le 27 mai 1917. Lieutenant au 5e\u00a0Bataillon de chasseurs \u00e0 pied, il a\u00a0\u00e9t\u00e9 bless\u00e9 \u00e0 Boulogne-sur-Mer, lors du si\u00e8ge de la ville par les Allemands, le 25\u00a0mai\u00a01940; il d\u00e9c\u00e8de de ses blessures le 28\u00a0mai. Le Matin, 25 octobre 1940 \u00a0 \u00a0 Le dossier \u00ab\u00a0M\u00e9moire\u2026","rel":"","context":"Article similaire","block_context":{"text":"Article similaire","link":""},"img":{"alt_text":"Le Matin - 25 octobre 1940","src":"https:\/\/i0.wp.com\/lesgravereaux.marret.co\/wp-content\/uploads\/2016\/05\/1940-10-25-Gravereaux-Robert-D%C3%A9c%C3%A8s-Le-Matin_wp.jpg?resize=350%2C200","width":350,"height":200},"classes":[]}],"_links":{"self":[{"href":"https:\/\/lesgravereaux.marret.co\/index.php\/wp-json\/wp\/v2\/pages\/4798","targetHints":{"allow":["GET"]}}],"collection":[{"href":"https:\/\/lesgravereaux.marret.co\/index.php\/wp-json\/wp\/v2\/pages"}],"about":[{"href":"https:\/\/lesgravereaux.marret.co\/index.php\/wp-json\/wp\/v2\/types\/page"}],"author":[{"embeddable":true,"href":"https:\/\/lesgravereaux.marret.co\/index.php\/wp-json\/wp\/v2\/users\/1"}],"replies":[{"embeddable":true,"href":"https:\/\/lesgravereaux.marret.co\/index.php\/wp-json\/wp\/v2\/comments?post=4798"}],"version-history":[{"count":0,"href":"https:\/\/lesgravereaux.marret.co\/index.php\/wp-json\/wp\/v2\/pages\/4798\/revisions"}],"up":[{"embeddable":true,"href":"https:\/\/lesgravereaux.marret.co\/index.php\/wp-json\/wp\/v2\/pages\/3116"}],"wp:attachment":[{"href":"https:\/\/lesgravereaux.marret.co\/index.php\/wp-json\/wp\/v2\/media?parent=4798"}],"curies":[{"name":"wp","href":"https:\/\/api.w.org\/{rel}","templated":true}]}}