{"id":4541,"date":"2016-07-14T00:10:35","date_gmt":"2016-07-13T23:10:35","guid":{"rendered":"http:\/\/lesgravereaux.marret.co\/?page_id=4541"},"modified":"2016-07-14T00:14:02","modified_gmt":"2016-07-13T23:14:02","slug":"1883-acquisition-de-la-propriete-de-croissy-par-benoit-donatien-caillau","status":"publish","type":"page","link":"https:\/\/lesgravereaux.marret.co\/index.php\/la-famille-gravereaux\/croissy-la-propriete-ancelot-gravereaux\/1883-acquisition-de-la-propriete-de-croissy-par-benoit-donatien-caillau\/","title":{"rendered":"1883 &#8211; Acquisition de la propri\u00e9t\u00e9 de Croissy par Beno\u00eet Donatien Caillau"},"content":{"rendered":"<p><a href=\"https:\/\/i0.wp.com\/lesgravereaux.marret.co\/wp-content\/uploads\/2016\/07\/Croissy-sur-Seine-Berge-de-la-Prairie-vers-1900-T_wp.jpg?ssl=1\"><img data-recalc-dims=\"1\" loading=\"lazy\" decoding=\"async\" data-attachment-id=\"4544\" data-permalink=\"https:\/\/lesgravereaux.marret.co\/index.php\/la-famille-gravereaux\/croissy-la-propriete-ancelot-gravereaux\/1883-acquisition-de-la-propriete-de-croissy-par-benoit-donatien-caillau\/croissy-sur-seine-berge-de-la-prairie-vers-1900-t_wp\/\" data-orig-file=\"https:\/\/i0.wp.com\/lesgravereaux.marret.co\/wp-content\/uploads\/2016\/07\/Croissy-sur-Seine-Berge-de-la-Prairie-vers-1900-T_wp.jpg?fit=531%2C293&amp;ssl=1\" data-orig-size=\"531,293\" data-comments-opened=\"1\" data-image-meta=\"{&quot;aperture&quot;:&quot;0&quot;,&quot;credit&quot;:&quot;&quot;,&quot;camera&quot;:&quot;&quot;,&quot;caption&quot;:&quot;&quot;,&quot;created_timestamp&quot;:&quot;0&quot;,&quot;copyright&quot;:&quot;&quot;,&quot;focal_length&quot;:&quot;0&quot;,&quot;iso&quot;:&quot;0&quot;,&quot;shutter_speed&quot;:&quot;0&quot;,&quot;title&quot;:&quot;&quot;,&quot;orientation&quot;:&quot;1&quot;}\" data-image-title=\"Croissy-sur-Seine &amp;#8211; Berge de la Prairie (vers 1900) T_wp\" data-image-description=\"\" data-image-caption=\"\" data-medium-file=\"https:\/\/i0.wp.com\/lesgravereaux.marret.co\/wp-content\/uploads\/2016\/07\/Croissy-sur-Seine-Berge-de-la-Prairie-vers-1900-T_wp.jpg?fit=300%2C166&amp;ssl=1\" data-large-file=\"https:\/\/i0.wp.com\/lesgravereaux.marret.co\/wp-content\/uploads\/2016\/07\/Croissy-sur-Seine-Berge-de-la-Prairie-vers-1900-T_wp.jpg?fit=531%2C293&amp;ssl=1\" class=\"wp-image-4544 alignright\" src=\"https:\/\/i0.wp.com\/lesgravereaux.marret.co\/wp-content\/uploads\/2016\/07\/Croissy-sur-Seine-Berge-de-la-Prairie-vers-1900-T_wp.jpg?resize=250%2C138&#038;ssl=1\" alt=\"Croissy-sur-Seine - Berge de la Prairie (vers 1900) T_wp\" width=\"250\" height=\"138\" data-wp-pid=\"4544\" srcset=\"https:\/\/i0.wp.com\/lesgravereaux.marret.co\/wp-content\/uploads\/2016\/07\/Croissy-sur-Seine-Berge-de-la-Prairie-vers-1900-T_wp.jpg?w=531&amp;ssl=1 531w, https:\/\/i0.wp.com\/lesgravereaux.marret.co\/wp-content\/uploads\/2016\/07\/Croissy-sur-Seine-Berge-de-la-Prairie-vers-1900-T_wp.jpg?resize=300%2C166&amp;ssl=1 300w\" sizes=\"auto, (max-width: 250px) 100vw, 250px\" \/><\/a>Le 18 mai 1883, Beno\u00eet-Donatien Caillau se porte acqu\u00e9reur de la propri\u00e9t\u00e9 ant\u00e9rieurement d\u00e9tenue par un banquier de l&rsquo;\u00e9poque, Aaron Victor Saint-Paul (1820-1888); celui-ci a\u00a0\u00e9t\u00e9\u00a0tr\u00e9sorier du Consistoire Isra\u00e9lite de Paris et le fondateur de nombreuses \u0153uvres de bienfaisance. Il avait fait \u00e9difier la \u00ab\u00a0grande\u00a0\u00bb maison en 1858&#8230;<\/p>\n<p>Comme la vente\u00a0\u00e9t\u00e9 faite pour r\u00e9gler des probl\u00e8mes de succession ainsi que des cr\u00e9ances\u00a0hypoth\u00e9caires, elle a fait l&rsquo;objet d&rsquo;une\u00a0publication, dans la section des Purges l\u00e9gales, par<em> Le Courrier de Versailles<\/em>, le 8 juillet 1883.<\/p>\n<h2><strong><a href=\"https:\/\/i0.wp.com\/lesgravereaux.marret.co\/wp-content\/uploads\/2016\/03\/1883-07-08-Le-Courrier-de-Versailles-3_wp.jpg?ssl=1\"><img data-recalc-dims=\"1\" loading=\"lazy\" decoding=\"async\" data-attachment-id=\"435\" data-permalink=\"https:\/\/lesgravereaux.marret.co\/index.php\/la-famille-gravereaux\/croissy-la-propriete-ancelot-gravereaux\/1883-acquisition-de-la-propriete-de-croissy-par-benoit-donatien-caillau\/1883-07-08-le-courrier-de-versailles-3_wp\/\" data-orig-file=\"https:\/\/i0.wp.com\/lesgravereaux.marret.co\/wp-content\/uploads\/2016\/03\/1883-07-08-Le-Courrier-de-Versailles-3_wp.jpg?fit=357%2C827&amp;ssl=1\" data-orig-size=\"357,827\" data-comments-opened=\"1\" data-image-meta=\"{&quot;aperture&quot;:&quot;0&quot;,&quot;credit&quot;:&quot;&quot;,&quot;camera&quot;:&quot;&quot;,&quot;caption&quot;:&quot;&quot;,&quot;created_timestamp&quot;:&quot;0&quot;,&quot;copyright&quot;:&quot;&quot;,&quot;focal_length&quot;:&quot;0&quot;,&quot;iso&quot;:&quot;0&quot;,&quot;shutter_speed&quot;:&quot;0&quot;,&quot;title&quot;:&quot;&quot;,&quot;orientation&quot;:&quot;1&quot;}\" data-image-title=\"1883-07-08 Le Courrier de Versailles 3-1_wp\" data-image-description=\"\" data-image-caption=\"\" data-medium-file=\"https:\/\/i0.wp.com\/lesgravereaux.marret.co\/wp-content\/uploads\/2016\/03\/1883-07-08-Le-Courrier-de-Versailles-3_wp.jpg?fit=130%2C300&amp;ssl=1\" data-large-file=\"https:\/\/i0.wp.com\/lesgravereaux.marret.co\/wp-content\/uploads\/2016\/03\/1883-07-08-Le-Courrier-de-Versailles-3_wp.jpg?fit=357%2C827&amp;ssl=1\" class=\" wp-image-435 alignleft\" src=\"https:\/\/i0.wp.com\/lesgravereaux.marret.co\/wp-content\/uploads\/2016\/03\/1883-07-08-Le-Courrier-de-Versailles-3_wp.jpg?resize=220%2C510&#038;ssl=1\" alt=\"1883-07-08 Le Courrier de Versailles 3-1_wp\" width=\"220\" height=\"510\" data-wp-pid=\"435\" srcset=\"https:\/\/i0.wp.com\/lesgravereaux.marret.co\/wp-content\/uploads\/2016\/03\/1883-07-08-Le-Courrier-de-Versailles-3_wp.jpg?w=357&amp;ssl=1 357w, https:\/\/i0.wp.com\/lesgravereaux.marret.co\/wp-content\/uploads\/2016\/03\/1883-07-08-Le-Courrier-de-Versailles-3_wp.jpg?resize=130%2C300&amp;ssl=1 130w, https:\/\/i0.wp.com\/lesgravereaux.marret.co\/wp-content\/uploads\/2016\/03\/1883-07-08-Le-Courrier-de-Versailles-3_wp.jpg?resize=259%2C600&amp;ssl=1 259w\" sizes=\"auto, (max-width: 220px) 100vw, 220px\" \/><\/a>Purges l\u00e9gales<\/strong><\/h2>\n<p>Etude de M<sup>e <\/sup>NANSOT, avou\u00e9 \u00e0 Versailles, rue des R\u00e9servoirs, n<sup>o<\/sup>\u00a019, successeur de M. Ch. Rameau.<\/p>\n<p>On fait savoir \u00e0 tous ceux qu&rsquo;il appartiendra\u00a0:<\/p>\n<p>Que, suivant exploit du minist\u00e8re de Dumont, huissier \u00e0 Versailles, en date du cinq juillet mil huit cent quatre-vingt-trois, enregistr\u00e9;<\/p>\n<p>Notification a \u00e9t\u00e9 laite \u00e0 la requ\u00eate de M.\u00a0Beno\u00eet-Donatien Caillau, ancien n\u00e9gociant, demeurant \u00e0 Paris, rue d&rsquo;Amsterdam, n<sup>o<\/sup>\u00a069, pour lequel domicile a \u00e9t\u00e9 \u00e9lu \u00e0 Versailles, 19 rue des R\u00e9servoirs, en l&rsquo;\u00e9tude de M<sup>e<\/sup>\u00a0Nansot, avou\u00e9 pr\u00e8s le tribunal civil de premi\u00e8re instance de Versailles;<\/p>\n<p>\u00c0 M. le Procureur de la R\u00e9publique pr\u00e8s le tribunal civil de premi\u00e8re instance de Versailles, en son parquet, sis \u00e0 Versailles, au Palais de justice, place des Tribunaux;<\/p>\n<p>De l&rsquo;exp\u00e9dition d\u00fbment en forme d&rsquo;un acte dress\u00e9 au greffe du tribunal civil de Versailles, le vingt-sept juin mil huit cent quatre-vingt-trois, enregistr\u00e9, constatant le d\u00e9p\u00f4t effectu\u00e9 le m\u00eame jour, audit greffe, par M<sup>e<\/sup> Nansot, avou\u00e9 du requ\u00e9rant, de la copie d\u00fbment collationn\u00e9e, sign\u00e9e et enregistr\u00e9e, d&rsquo;un acte re\u00e7u M<sup>es<\/sup>\u00a0Tollu et Jozon, notaires \u00e0 Paris, le dix-huit mai mil huit cent quatre-vingt-trois, enregistr\u00e9; contenant vente audit sieur Caillau, par M.\u00a0Victor-Aaron Saint-Paul, propri\u00e9taire, demeurant \u00e0 Paris, rue d&rsquo;Aumale, n<sup>o<\/sup>\u00a022;<\/p>\n<p>D&rsquo;une propri\u00e9t\u00e9 sise \u00e0 Croissy, canton de Saint-Germain-en-Laye, arrondissement de Versailles (Seine-et-Oise, le long de la Seine, berge de la Prairie, comprenant\u00a0: une maison d&rsquo;habitation \u00e9lev\u00e9e sur caves, d&rsquo;un rez-de-chauss\u00e9e, d&rsquo;un premier \u00e9tage carr\u00e9 et d\u2019un deuxi\u00e8me \u00e9tage mansard\u00e9\u00a0: Corps de b\u00e2timent servant de communs renfermant le logement du jardinier et les \u00e9curies, et remises, serre chaude, jardin. Le tout d&rsquo;une contenance superficielle de sept mille six cent soixante-six m\u00e8tres vingt-huit centi\u00e8mes d\u2019apr\u00e8s les titres, tient par devant \u00e0 la berge, au chemin de halage, par derri\u00e8re, MM.\u00a0Campenon et Desmarets, d\u2019un c\u00f4t\u00e9 \u00e0 gauche \u00e0 l&rsquo;avenue Jos\u00e9phine et d&rsquo;autre c\u00f4t\u00e9 \u00e0 droite, aux repr\u00e9sentants de M.\u00a0L\u00e9vy.<\/p>\n<p><a href=\"https:\/\/i0.wp.com\/lesgravereaux.marret.co\/wp-content\/uploads\/2016\/07\/1883-07-08-Le-Courrier-de-Versailles-3-2_wp.jpg?ssl=1\"><img data-recalc-dims=\"1\" loading=\"lazy\" decoding=\"async\" data-attachment-id=\"4540\" data-permalink=\"https:\/\/lesgravereaux.marret.co\/index.php\/la-famille-gravereaux\/croissy-la-propriete-ancelot-gravereaux\/1883-acquisition-de-la-propriete-de-croissy-par-benoit-donatien-caillau\/1883-07-08-le-courrier-de-versailles-3-2_wp\/\" data-orig-file=\"https:\/\/i0.wp.com\/lesgravereaux.marret.co\/wp-content\/uploads\/2016\/07\/1883-07-08-Le-Courrier-de-Versailles-3-2_wp.jpg?fit=359%2C827&amp;ssl=1\" data-orig-size=\"359,827\" data-comments-opened=\"1\" data-image-meta=\"{&quot;aperture&quot;:&quot;0&quot;,&quot;credit&quot;:&quot;&quot;,&quot;camera&quot;:&quot;&quot;,&quot;caption&quot;:&quot;&quot;,&quot;created_timestamp&quot;:&quot;0&quot;,&quot;copyright&quot;:&quot;&quot;,&quot;focal_length&quot;:&quot;0&quot;,&quot;iso&quot;:&quot;0&quot;,&quot;shutter_speed&quot;:&quot;0&quot;,&quot;title&quot;:&quot;&quot;,&quot;orientation&quot;:&quot;1&quot;}\" data-image-title=\"1883-07-08 Le Courrier de Versailles 3-2_wp\" data-image-description=\"\" data-image-caption=\"\" data-medium-file=\"https:\/\/i0.wp.com\/lesgravereaux.marret.co\/wp-content\/uploads\/2016\/07\/1883-07-08-Le-Courrier-de-Versailles-3-2_wp.jpg?fit=130%2C300&amp;ssl=1\" data-large-file=\"https:\/\/i0.wp.com\/lesgravereaux.marret.co\/wp-content\/uploads\/2016\/07\/1883-07-08-Le-Courrier-de-Versailles-3-2_wp.jpg?fit=359%2C827&amp;ssl=1\" class=\"wp-image-4540 alignright\" src=\"https:\/\/i0.wp.com\/lesgravereaux.marret.co\/wp-content\/uploads\/2016\/07\/1883-07-08-Le-Courrier-de-Versailles-3-2_wp.jpg?resize=220%2C507&#038;ssl=1\" alt=\"1883-07-08 Le Courrier de Versailles 3-2_wp\" width=\"220\" height=\"507\" data-wp-pid=\"4540\" srcset=\"https:\/\/i0.wp.com\/lesgravereaux.marret.co\/wp-content\/uploads\/2016\/07\/1883-07-08-Le-Courrier-de-Versailles-3-2_wp.jpg?w=359&amp;ssl=1 359w, https:\/\/i0.wp.com\/lesgravereaux.marret.co\/wp-content\/uploads\/2016\/07\/1883-07-08-Le-Courrier-de-Versailles-3-2_wp.jpg?resize=130%2C300&amp;ssl=1 130w, https:\/\/i0.wp.com\/lesgravereaux.marret.co\/wp-content\/uploads\/2016\/07\/1883-07-08-Le-Courrier-de-Versailles-3-2_wp.jpg?resize=260%2C600&amp;ssl=1 260w\" sizes=\"auto, (max-width: 220px) 100vw, 220px\" \/><\/a>Cette vente a eu lieu, outre les charges g\u00e9n\u00e9rales de l&rsquo;acte de vente, et celles particuli\u00e8res \u00e0 l\u2019avenue Jos\u00e9phine, moyennant un prix principal de soixante-dix mille francs, sur lequel M.\u00a0Caillau a pay\u00e9 \u00e0 M.\u00a0 Saint-Paul une somme de vingt mille francs ainsi que le constate ledit acte de vente, qui en contient quittance. \u2014 Le surplus dudit prix, soit cinquante mille francs payables et productifs d&rsquo;int\u00e9r\u00eats (cinq pour cent par an \u00e0 partir du premier mai mil huit cent quatre-vingt-trois), dans les conditions et d\u00e9lais sp\u00e9cifi\u00e9s audit contrat.<\/p>\n<p>Avec d\u00e9claration \u00e0 M. le Procureur de la R\u00e9publique\u00a0: 1<sup>\u00b0<\/sup> que ladite notification lui \u00e9tait ainsi faite conform\u00e9ment \u00e0 l\u2019article\u00a0219 du Code civil pour parvenir \u00e0 purger l\u2019immeuble dont s&rsquo;agit de toutes hypoth\u00e8ques l\u00e9gales non inscrites pouvant le grever, et afin qu\u2019il e\u00fbt \u00e0 prendre dans le d\u00e9lai de deux mois, \u00e0 partir de ce jour, telles inscriptions d&rsquo;hypoth\u00e8ques l\u00e9gales, qu&rsquo;il aviserait au profit de tous ayant-droit, et que, faute par lui de ce faire dans ledit d\u00e9lai et icelui pass\u00e9, ledit immeuble resterait dans les mains du requ\u00e9rant franc et libre de toutes charges et hypoth\u00e8ques de cette nature;<\/p>\n<p>2<sup>\u00b0<\/sup> Que les anciens propri\u00e9taires, outre le vendeur, sont\u00a0:<\/p>\n<p style=\"padding-left: 30px;\">Pour la totalit\u00e9 de la propri\u00e9t\u00e9\u00a0:<\/p>\n<p style=\"text-align: left;\">La communaut\u00e9 d&rsquo;entre M.\u00a0Saint-Paul et Madame Ad\u00e8le Dalsace, son \u00e9pouse d\u00e9c\u00e9d\u00e9e.<\/p>\n<p style=\"padding-left: 30px;\">Pour le terrain\u00a0:<\/p>\n<ol>\n<li>Jean-Pierre-Claude-Cl\u00e9ment Labelouye et dame \u00c9lisabeth Corbel, son \u00e9pouse;<\/li>\n<li>Jean-Baptiste Ramboul, nomm\u00e9 en famille, Charles;<\/li>\n<li>Jean-Pierre Franck Ramboul;<\/li>\n<li>Auguste-Jules baron de Masse;<\/li>\n<li>le Vicomte Jacques Marie Cavaignac de Barague ou de Baragnac;<\/li>\n<li>Thomas Crosse;<\/li>\n<li>Jean-Louis Lapeyri\u00e9re et dame Rose Lavaur<\/li>\n<\/ol>\n<p>Le domaine de Croissy;<\/p>\n<p>3<sup>\u00b0<\/sup> Et que, ne connaissant pas tous ceux du chef desquels il pourrait \u00eatre pris inscription pour raison d&rsquo;hypoth\u00e8ques l\u00e9gales sur ledit immeuble le requ\u00e9rant ferait publier la pr\u00e9sente notification dans un journal d\u00e9sign\u00e9 pour les annonces judiciaires conform\u00e9ment \u00e0 la loi.<\/p>\n<p>Pour extrait\u00a0:<\/p>\n<p>(9072)\u00a0\u00a0\u00a0\u00a0\u00a0\u00a0\u00a0\u00a0\u00a0\u00a0\u00a0\u00a0\u00a0\u00a0\u00a0\u00a0 \u00a0\u00a0\u00a0\u00a0\u00a0\u00a0\u00a0\u00a0\u00a0\u00a0\u00a0\u00a0\u00a0\u00a0 Sign\u00e9\u00a0: A. NANSOT.<\/p>\n<p>&nbsp;<\/p>\n<p>&nbsp;<\/p>\n","protected":false},"excerpt":{"rendered":"<p>Le 18 mai 1883, Beno\u00eet-Donatien Caillau se porte acqu\u00e9reur de la propri\u00e9t\u00e9 ant\u00e9rieurement d\u00e9tenue par un banquier de l&rsquo;\u00e9poque, Aaron Victor Saint-Paul (1820-1888); celui-ci a\u00a0\u00e9t\u00e9\u00a0tr\u00e9sorier du Consistoire Isra\u00e9lite de Paris et le fondateur de nombreuses \u0153uvres de bienfaisance. Il avait &hellip; <a href=\"https:\/\/lesgravereaux.marret.co\/index.php\/la-famille-gravereaux\/croissy-la-propriete-ancelot-gravereaux\/1883-acquisition-de-la-propriete-de-croissy-par-benoit-donatien-caillau\/\">Continuer la lecture <span class=\"meta-nav\">&rarr;<\/span><\/a><\/p>\n","protected":false},"author":1,"featured_media":0,"parent":603,"menu_order":0,"comment_status":"closed","ping_status":"closed","template":"","meta":{"ngg_post_thumbnail":0,"jetpack_post_was_ever_published":false,"footnotes":""},"class_list":["post-4541","page","type-page","status-publish","hentry"],"jetpack_sharing_enabled":true,"jetpack_shortlink":"https:\/\/wp.me\/P7ERyi-1bf","jetpack-related-posts":[{"id":603,"url":"https:\/\/lesgravereaux.marret.co\/index.php\/la-famille-gravereaux\/croissy-la-propriete-ancelot-gravereaux\/","url_meta":{"origin":4541,"position":0},"title":"Croissy &#8211; la propri\u00e9t\u00e9 Ancelot-Gravereaux","author":"marretgravereaux","date":"7 mars 2016","format":false,"excerpt":"En 1883, Beno\u00eet-Donatien Caillau fait l\u2019acquisition d\u2019une maison \u00e0 Croissy-sur-Seine. \u00ab\u00a0D'une propri\u00e9t\u00e9 sise \u00e0 Croissy, canton de Saint-Germain-en-Laye, arrondissement de Versailles (Seine-et-Oise, le long de la Seine, berge de la Prairie, comprenant\u00a0: une maison d'habitation \u00e9lev\u00e9e sur caves, d'un rez-de-chauss\u00e9e, d'un premier \u00e9tage carr\u00e9 et d\u2019un deuxi\u00e8me \u00e9tage mansard\u00e9\u00a0: Corps\u2026","rel":"","context":"Article similaire","block_context":{"text":"Article similaire","link":""},"img":{"alt_text":"Croissy - Vue prise dans l'ile_wp","src":"https:\/\/i0.wp.com\/marret.co\/wp-content\/uploads\/2016\/03\/Croissy-Vue-prise-dans-lile_wp-1024x661.jpg?resize=350%2C200","width":350,"height":200},"classes":[]},{"id":2001,"url":"https:\/\/lesgravereaux.marret.co\/index.php\/jules-gravereaux\/1294-2\/des-roses\/aux-noms-de-la-rose\/","url_meta":{"origin":4541,"position":1},"title":"Aux noms de la rose&#8230;","author":"marretgravereaux","date":"25 avril 2016","format":false,"excerpt":"Jules Gravereaux a cr\u00e9\u00e9 plus d'une centaine de roses et il a donn\u00e9 \u00e0 celles-ci le nom de membres de sa famille, d'amis ou de personnes connues, ainsi que de certains lieux ou \u00e9v\u00e8nements. Diverses recherches ont permis d'identifier, de fa\u00e7on certaine ou probable, les personnes vis\u00e9es... Si vous avez\u2026","rel":"","context":"Article similaire","block_context":{"text":"Article similaire","link":""},"img":{"alt_text":"1902 RdlH - Catalogue p91A_wp","src":"https:\/\/i0.wp.com\/lesgravereaux.marret.co\/wp-content\/uploads\/2016\/04\/1902-RdlH-Catalogue-p91A_wp-628x1024.jpg?resize=350%2C200","width":350,"height":200},"classes":[]},{"id":5067,"url":"https:\/\/lesgravereaux.marret.co\/index.php\/jules-gravereaux\/des-evenements-de-sa-vie\/jules-gravereaux-son-mariage\/louise-thuillier\/","url_meta":{"origin":4541,"position":2},"title":"Louise Thuillier","author":"marretgravereaux","date":"20 avril 2017","format":false,"excerpt":"Fille d\u2019Alexis Eug\u00e8ne Thuillier (1816-1893) et de H\u00e9lo\u00efse Philiberte Gautier (1825-1893), Louise Victoire Thuillier na\u00eet \u00e0 Paris (5e arrondissement) le 8 mars 1859. Elle d\u00e9veloppe tr\u00e8s jeune ses talents artistiques et se fait remarquer alors qu\u2019elle n\u2019a pas 18\u00a0ans. Dans sa petite chronique du 28\u00a0juillet\u00a01877, Le Monde artiste \u00e9crit\u00a0: \u00ab\u00a0Le\u2026","rel":"","context":"Article similaire","block_context":{"text":"Article similaire","link":""},"img":{"alt_text":"","src":"https:\/\/i0.wp.com\/lesgravereaux.marret.co\/wp-content\/uploads\/2016\/10\/Thuillier-Louise-2a_wp-769x1024.jpg?resize=350%2C200","width":350,"height":200},"classes":[]},{"id":1238,"url":"https:\/\/lesgravereaux.marret.co\/index.php\/la-famille-gravereaux\/croissy-la-propriete-ancelot-gravereaux\/la-propriete-de-croissy-vu-par\/","url_meta":{"origin":4541,"position":3},"title":"Croissy, vu par&#8230; Raymond Gravereaux et Gilles Thin","author":"marretgravereaux","date":"19 mars 2016","format":false,"excerpt":"Raymond Gravereaux et Gilles Thin, son gendre, ont peint \u2014 chacun \u00e0 leur \u00e9poque et \u00e0 leur fa\u00e7on \u2014 une partie de la propri\u00e9t\u00e9 de Croissy... . La grande maison par\u00a0Raymond Gravereaux juin 1925 (collection Jean-Luc Marret) . Le salon par\u00a0Raymond Gravereaux 1930 (collection Jean-Luc Marret) \u00a0 . Le billard\u2026","rel":"","context":"Article similaire","block_context":{"text":"Article similaire","link":""},"img":{"alt_text":"1925-06 GRAVEREAUX, Raymond - La grande maison de Croissy a wp","src":"https:\/\/i0.wp.com\/marret.co\/wp-content\/uploads\/2016\/02\/1925-06-GRAVEREAUX-Raymond-La-grande-maison-de-Croissy-a-wp-1024x860.jpg?resize=350%2C200","width":350,"height":200},"classes":[]},{"id":790,"url":"https:\/\/lesgravereaux.marret.co\/index.php\/la-roseraie-de-lhay\/souvenirs-de-lhay\/","url_meta":{"origin":4541,"position":4},"title":"Souvenirs de L&rsquo;Ha\u00ff","author":"marretgravereaux","date":"10 mars 2016","format":false,"excerpt":"Article publi\u00e9\u00a0 dans le Bulletin de l'Association des Amis du Vieux L'Ha\u00ff en juin 2011 Souvenirs de L'Ha\u00ff [1] [2] par H\u00e9l\u00e8ne Ballu, petite-fille de Jules Gravereaux. Un vieillard qui s\u2019\u00e9teint, c\u2019est une biblioth\u00e8que qui br\u00fble, dit-on. Comme il est encore temps, moi, H\u00e9l\u00e8ne Ballu, n\u00e9e le 11 juin 1910\u2026","rel":"","context":"Article similaire","block_context":{"text":"Article similaire","link":""},"img":{"alt_text":"GV018 - L'HAY MAISON PRINCIPALE_wp","src":"https:\/\/i0.wp.com\/marret.co\/wp-content\/uploads\/2016\/03\/GV018-LHAY-MAISON-PRINCIPALE_wp-1024x1012.jpg?resize=350%2C200","width":350,"height":200},"classes":[]},{"id":5119,"url":"https:\/\/lesgravereaux.marret.co\/index.php\/jules-gravereaux\/jules-gravereaux-honneurs-et-medailles\/jules-gravereaux-honore-par-la-comtesse-chotek\/","url_meta":{"origin":4541,"position":5},"title":"Jules Gravereaux honor\u00e9 par la comtesse Chotek","author":"marretgravereaux","date":"30 octobre 2016","format":false,"excerpt":"\u00a0 La revue Die Gartenwelt, dans son \u00e9dition du 19 juillet 1913, informe ses lecteurs... \u00a0 Nouvelles personnelles. Gravereaux, J[ules]\u00a0; le c\u00e9l\u00e8bre obtenteur de roses fran\u00e7ais, Kordes, Wilh[elm][i], Elmshorrn en Holstein et Lambert, Peter[ii] \u00e0 Tr\u00e8ves, ont \u00e9t\u00e9 d\u00e9cor\u00e9s de l\u2019ordre personnel de la comtesse Chotek (chiffre et couronne en\u2026","rel":"","context":"Article similaire","block_context":{"text":"Article similaire","link":""},"img":{"alt_text":"1913 Die Gartenwelt p493","src":"https:\/\/i0.wp.com\/lesgravereaux.marret.co\/wp-content\/uploads\/2016\/10\/1913-Die-Gartenwelt-p493-d%C3%A9tail_wp.jpg?resize=350%2C200","width":350,"height":200},"classes":[]}],"_links":{"self":[{"href":"https:\/\/lesgravereaux.marret.co\/index.php\/wp-json\/wp\/v2\/pages\/4541","targetHints":{"allow":["GET"]}}],"collection":[{"href":"https:\/\/lesgravereaux.marret.co\/index.php\/wp-json\/wp\/v2\/pages"}],"about":[{"href":"https:\/\/lesgravereaux.marret.co\/index.php\/wp-json\/wp\/v2\/types\/page"}],"author":[{"embeddable":true,"href":"https:\/\/lesgravereaux.marret.co\/index.php\/wp-json\/wp\/v2\/users\/1"}],"replies":[{"embeddable":true,"href":"https:\/\/lesgravereaux.marret.co\/index.php\/wp-json\/wp\/v2\/comments?post=4541"}],"version-history":[{"count":0,"href":"https:\/\/lesgravereaux.marret.co\/index.php\/wp-json\/wp\/v2\/pages\/4541\/revisions"}],"up":[{"embeddable":true,"href":"https:\/\/lesgravereaux.marret.co\/index.php\/wp-json\/wp\/v2\/pages\/603"}],"wp:attachment":[{"href":"https:\/\/lesgravereaux.marret.co\/index.php\/wp-json\/wp\/v2\/media?parent=4541"}],"curies":[{"name":"wp","href":"https:\/\/api.w.org\/{rel}","templated":true}]}}