{"id":4533,"date":"2016-07-13T16:56:15","date_gmt":"2016-07-13T15:56:15","guid":{"rendered":"http:\/\/lesgravereaux.marret.co\/?page_id=4533"},"modified":"2024-04-24T16:46:24","modified_gmt":"2024-04-24T15:46:24","slug":"la-sogec-a-argenton","status":"publish","type":"page","link":"https:\/\/lesgravereaux.marret.co\/index.php\/les-etablissements-gravereaux\/argenton-la-sogec\/la-sogec-a-argenton\/","title":{"rendered":"La Sogec \u00e0 Argenton"},"content":{"rendered":"<p><a href=\"https:\/\/i0.wp.com\/lesgravereaux.marret.co\/wp-content\/uploads\/2017\/03\/1962-05-Techniques-de-lhabillement-p35_wp.jpg?ssl=1\"><img data-recalc-dims=\"1\" loading=\"lazy\" decoding=\"async\" data-attachment-id=\"5198\" data-permalink=\"https:\/\/lesgravereaux.marret.co\/index.php\/les-etablissements-gravereaux\/argenton-la-sogec\/la-sogec-a-argenton\/1962-05-techniques-de-lhabillement-p35_wp\/\" data-orig-file=\"https:\/\/i0.wp.com\/lesgravereaux.marret.co\/wp-content\/uploads\/2017\/03\/1962-05-Techniques-de-lhabillement-p35_wp.jpg?fit=768%2C1181&amp;ssl=1\" data-orig-size=\"768,1181\" data-comments-opened=\"1\" data-image-meta=\"{&quot;aperture&quot;:&quot;0&quot;,&quot;credit&quot;:&quot;&quot;,&quot;camera&quot;:&quot;&quot;,&quot;caption&quot;:&quot;&quot;,&quot;created_timestamp&quot;:&quot;0&quot;,&quot;copyright&quot;:&quot;&quot;,&quot;focal_length&quot;:&quot;0&quot;,&quot;iso&quot;:&quot;0&quot;,&quot;shutter_speed&quot;:&quot;0&quot;,&quot;title&quot;:&quot;&quot;,&quot;orientation&quot;:&quot;1&quot;}\" data-image-title=\"1962-05 Techniques de l&amp;rsquo;habillement p35_wp\" data-image-description=\"\" data-image-caption=\"\" data-medium-file=\"https:\/\/i0.wp.com\/lesgravereaux.marret.co\/wp-content\/uploads\/2017\/03\/1962-05-Techniques-de-lhabillement-p35_wp.jpg?fit=195%2C300&amp;ssl=1\" data-large-file=\"https:\/\/i0.wp.com\/lesgravereaux.marret.co\/wp-content\/uploads\/2017\/03\/1962-05-Techniques-de-lhabillement-p35_wp.jpg?fit=640%2C984&amp;ssl=1\" class=\"wp-image-5198 alignright\" src=\"https:\/\/i0.wp.com\/lesgravereaux.marret.co\/wp-content\/uploads\/2017\/03\/1962-05-Techniques-de-lhabillement-p35_wp.jpg?resize=313%2C481&#038;ssl=1\" alt=\"\" width=\"313\" height=\"481\" data-wp-pid=\"5198\" srcset=\"https:\/\/i0.wp.com\/lesgravereaux.marret.co\/wp-content\/uploads\/2017\/03\/1962-05-Techniques-de-lhabillement-p35_wp.jpg?resize=666%2C1024&amp;ssl=1 666w, https:\/\/i0.wp.com\/lesgravereaux.marret.co\/wp-content\/uploads\/2017\/03\/1962-05-Techniques-de-lhabillement-p35_wp.jpg?resize=195%2C300&amp;ssl=1 195w, https:\/\/i0.wp.com\/lesgravereaux.marret.co\/wp-content\/uploads\/2017\/03\/1962-05-Techniques-de-lhabillement-p35_wp.jpg?w=768&amp;ssl=1 768w, https:\/\/i0.wp.com\/lesgravereaux.marret.co\/wp-content\/uploads\/2017\/03\/1962-05-Techniques-de-lhabillement-p35_wp.jpg?resize=390%2C600&amp;ssl=1 390w\" sizes=\"auto, (max-width: 313px) 100vw, 313px\" \/><br \/>\n<\/a><\/p>\n<p>Les journalistes de la revue <em>Techniques de l&rsquo;habillement<\/em>&nbsp;viennent \u00e0 Argenton en 1962. Ils effectuent une visite compl\u00e8te de l&rsquo;usine de la rue Charles-Brillaud et font \u00e9tat de ce qu&rsquo;ils remarquent en suivant les diff\u00e9rentes op\u00e9rations de fabrication : la coupe, le piquage, le repassage, l&#8217;emballage et l&rsquo;exp\u00e9dition.<\/p>\n<p>&nbsp;<\/p>\n<p>L&rsquo;article complet, en version PDF :<\/p>\n<p><a href=\"https:\/\/lesgravereaux.marret.co\/wp-content\/uploads\/2017\/03\/1962-05-Techniques-de-lhabillement.pdf\">1962-05 Techniques de l&rsquo;habillement<\/a><\/p>\n","protected":false},"excerpt":{"rendered":"<p>Les journalistes de la revue Techniques de l&rsquo;habillement&nbsp;viennent \u00e0 Argenton en 1962. Ils effectuent une visite compl\u00e8te de l&rsquo;usine de la rue Charles-Brillaud et font \u00e9tat de ce qu&rsquo;ils remarquent en suivant les diff\u00e9rentes op\u00e9rations de fabrication : la coupe, &hellip; <a href=\"https:\/\/lesgravereaux.marret.co\/index.php\/les-etablissements-gravereaux\/argenton-la-sogec\/la-sogec-a-argenton\/\">Continuer la lecture <span class=\"meta-nav\">&rarr;<\/span><\/a><\/p>\n","protected":false},"author":1,"featured_media":0,"parent":2832,"menu_order":0,"comment_status":"closed","ping_status":"closed","template":"","meta":{"ngg_post_thumbnail":0,"jetpack_post_was_ever_published":false,"footnotes":""},"class_list":["post-4533","page","type-page","status-publish","hentry"],"jetpack_sharing_enabled":true,"jetpack_shortlink":"https:\/\/wp.me\/P7ERyi-1b7","jetpack-related-posts":[{"id":4497,"url":"https:\/\/lesgravereaux.marret.co\/index.php\/les-etablissements-gravereaux\/les-etablissements-gravereaux-dans-la-presse\/","url_meta":{"origin":4533,"position":0},"title":"Les \u00c9tablissements Gravereaux&#8230; dans la presse","author":"marretgravereaux","date":"12 juillet 2016","format":false,"excerpt":"Au cours de son demi-si\u00e8cle d'existence, la Maison Gravereaux a fait l'objet de plusieurs reportages dans la presse \u00e9crite ou audiovisuelle. Les plus importants sont indiqu\u00e9s ci-apr\u00e8s; la liste\u00a0est certainement incompl\u00e8te et le lecteur est invit\u00e9 \u00e0 communiquer avec l'\u00e9dimestre responsable de ce site pour lui en sugg\u00e9rer d'autres. 1938,\u2026","rel":"","context":"Article similaire","block_context":{"text":"Article similaire","link":""},"img":{"alt_text":"","src":"","width":0,"height":0},"classes":[]},{"id":4488,"url":"https:\/\/lesgravereaux.marret.co\/index.php\/les-etablissements-gravereaux\/argenton-la-sogec\/1948-inauguration-de-la-nouvelle-usine-dargenton\/","url_meta":{"origin":4533,"position":1},"title":"1948 &#8211; Inauguration de la nouvelle usine d&rsquo;Argenton","author":"marretgravereaux","date":"11 juillet 2016","format":false,"excerpt":"En 1944, la famille Gravereaux ach\u00e8te\u00a0avec\u00a0la SOGEC (Soci\u00e9t\u00e9 G\u00e9n\u00e9rale d\u2019\u00c9quipement et de Confection) et, avec elle, le b\u00e2timent de\u00a0la manufacture Brillaud-Lemelle, au c\u0153ur de la\u00a0ville d'Argenton-sur-Creuse. R\u00e9am\u00e9nag\u00e9, celui-ci\u00a0devient\u00a0le centre des activit\u00e9s des \u00c9tablissements Gravereaux dans la Creuse. L'usine est officiellement inaugur\u00e9e en\u00a01948; la revue du CETIH (Centre d\u2019\u00c9tudes Techniques des\u2026","rel":"","context":"Article similaire","block_context":{"text":"Article similaire","link":""},"img":{"alt_text":"1948-05 Revue du CETIH - Inauguration_wp","src":"https:\/\/i0.wp.com\/lesgravereaux.marret.co\/wp-content\/uploads\/2016\/07\/1948-05-Revue-du-CETIH-Inauguration_wp-752x1024.jpg?resize=350%2C200","width":350,"height":200,"srcset":"https:\/\/i0.wp.com\/lesgravereaux.marret.co\/wp-content\/uploads\/2016\/07\/1948-05-Revue-du-CETIH-Inauguration_wp-752x1024.jpg?resize=350%2C200 1x, https:\/\/i0.wp.com\/lesgravereaux.marret.co\/wp-content\/uploads\/2016\/07\/1948-05-Revue-du-CETIH-Inauguration_wp-752x1024.jpg?resize=525%2C300 1.5x"},"classes":[]},{"id":3070,"url":"https:\/\/lesgravereaux.marret.co\/index.php\/les-etablissements-gravereaux\/argenton-la-sogec\/mai-1912-les-gravereaux-a-argenton\/","url_meta":{"origin":4533,"position":2},"title":"mai 2012 &#8211; Les Gravereaux \u00e0 Argenton","author":"marretgravereaux","date":"23 mai 2016","format":false,"excerpt":"Les descendants de Ren\u00e9 Gravereaux \u2013 l\u2019industriel \u00e0 l\u2019origine des \u00c9tablissements Gravereaux \u2013 et de Jean-Ren\u00e9 Gravereaux \u2013 celui qui a implant\u00e9 l\u2019entreprise \u00e0 Argenton-sur-Creuse et qui en a \u00e9t\u00e9 l\u2019\u00e2me pendant plus d\u2019un quart de si\u00e8cle \u2013 se retrouvent\u2026 Ils en profitent pour visiter \u2014 certains pour la premi\u00e8re\u2026","rel":"","context":"Article similaire","block_context":{"text":"Article similaire","link":""},"img":{"alt_text":"2012-05-12 Argenton (VF004a)_wp","src":"https:\/\/i0.wp.com\/lesgravereaux.marret.co\/wp-content\/uploads\/2016\/05\/2012-05-12-Argenton-VF004a_wp-1024x768.jpg?resize=350%2C200","width":350,"height":200},"classes":[]},{"id":2832,"url":"https:\/\/lesgravereaux.marret.co\/index.php\/les-etablissements-gravereaux\/argenton-la-sogec\/","url_meta":{"origin":4533,"position":3},"title":"Argenton &#8211; La SOGEC","author":"marretgravereaux","date":"20 mai 2016","format":false,"excerpt":"ou les \u00c9tablissements Gravereaux dans la Creuse Les \u00c9tablissements Gravereaux faisaient affaire, d\u00e8s 1930, avec un fa\u00e7onnier, propri\u00e9taire de deux ateliers, \u00e0 Argenton et \u00e0 Levroux. En 1940, pr\u00e9voyant l\u2019arriv\u00e9e des Allemands en r\u00e9gion parisienne, Ren\u00e9 Gravereaux d\u00e9cide de transf\u00e9rer les produits finis et les tissus de l\u2019usine de Boulogne-sur-Seine\u2026","rel":"","context":"Article similaire","block_context":{"text":"Article similaire","link":""},"img":{"alt_text":"","src":"https:\/\/i0.wp.com\/lesgravereaux.marret.co\/wp-content\/uploads\/2017\/06\/Argenton-et-la-Creuse-01.jpg?resize=350%2C200","width":350,"height":200},"classes":[]},{"id":6107,"url":"https:\/\/lesgravereaux.marret.co\/index.php\/les-etablissements-gravereaux\/argenton-la-sogec\/argenton-la-nouvelle-usine-des-baignettes\/","url_meta":{"origin":4533,"position":4},"title":"Argenton &#8211; La nouvelle usine des Baignettes","author":"marretgravereaux","date":"4 mars 2019","format":false,"excerpt":"Une construction esth\u00e9tique et fonctionnelle L'usine des \u00c9tablissements GRAVEREAUX \u00e0 Argenton-sur-Creuse (Indre) \u00a0\u00a0 Architecte\u00a0: Michel BODIN Extrait d'article de revue La construction \u00e0 Argenton-sur-Creuse de la nouvelle usine des \u00c9tablissements GRAVEREAUX repr\u00e9sente une nouvelle \u00e9tape de l'expansion d'une firme ancienne qui, sp\u00e9cialis\u00e9e \u00e0 l'origine dans la fabrication des faux-cols, a\u2026","rel":"","context":"Article similaire","block_context":{"text":"Article similaire","link":""},"img":{"alt_text":"","src":"https:\/\/i0.wp.com\/lesgravereaux.marret.co\/wp-content\/uploads\/2019\/03\/Usine-des-Baignettes-Dessin-2a_wp.jpg?resize=350%2C200","width":350,"height":200},"classes":[]},{"id":3909,"url":"https:\/\/lesgravereaux.marret.co\/index.php\/les-etablissements-gravereaux\/argenton-la-sogec\/avril-1958-promotion-a-argenton\/","url_meta":{"origin":4533,"position":5},"title":"avril 1958 &#8211; Promotion \u00e0 Argenton","author":"marretgravereaux","date":"22 juin 2016","format":false,"excerpt":"En avril 1958, les \u00c9tablissements Gravereaux organisent une journ\u00e9e de promotion dans leur usine d\u2019Argenton. Celle-ci se d\u00e9roule autour de six activit\u00e9s : L'accueil, propice \u00e0 des\u00a0rencontres Une\u00a0visite\u00a0de l\u2019usine La promotion des produits des \u00c9tablissements Gravereaux Leur pr\u00e9sentation Un\u00a0d\u00e9fil\u00e9\u00a0de mode Des\u00a0repas Les photos pr\u00e9sent\u00e9es ici proviennent, pour la plupart, des\u2026","rel":"","context":"Article similaire","block_context":{"text":"Article similaire","link":""},"img":{"alt_text":"EtsGrA-OG(MdlC)1629w_wp","src":"https:\/\/i0.wp.com\/lesgravereaux.marret.co\/wp-content\/uploads\/2016\/05\/EtsGrA-OGMdlC1629w_wp.jpg?resize=350%2C200","width":350,"height":200},"classes":[]}],"_links":{"self":[{"href":"https:\/\/lesgravereaux.marret.co\/index.php\/wp-json\/wp\/v2\/pages\/4533","targetHints":{"allow":["GET"]}}],"collection":[{"href":"https:\/\/lesgravereaux.marret.co\/index.php\/wp-json\/wp\/v2\/pages"}],"about":[{"href":"https:\/\/lesgravereaux.marret.co\/index.php\/wp-json\/wp\/v2\/types\/page"}],"author":[{"embeddable":true,"href":"https:\/\/lesgravereaux.marret.co\/index.php\/wp-json\/wp\/v2\/users\/1"}],"replies":[{"embeddable":true,"href":"https:\/\/lesgravereaux.marret.co\/index.php\/wp-json\/wp\/v2\/comments?post=4533"}],"version-history":[{"count":1,"href":"https:\/\/lesgravereaux.marret.co\/index.php\/wp-json\/wp\/v2\/pages\/4533\/revisions"}],"predecessor-version":[{"id":23130,"href":"https:\/\/lesgravereaux.marret.co\/index.php\/wp-json\/wp\/v2\/pages\/4533\/revisions\/23130"}],"up":[{"embeddable":true,"href":"https:\/\/lesgravereaux.marret.co\/index.php\/wp-json\/wp\/v2\/pages\/2832"}],"wp:attachment":[{"href":"https:\/\/lesgravereaux.marret.co\/index.php\/wp-json\/wp\/v2\/media?parent=4533"}],"curies":[{"name":"wp","href":"https:\/\/api.w.org\/{rel}","templated":true}]}}