{"id":4477,"date":"2016-07-11T22:14:49","date_gmt":"2016-07-11T21:14:49","guid":{"rendered":"http:\/\/lesgravereaux.marret.co\/?page_id=4477"},"modified":"2016-07-13T16:00:08","modified_gmt":"2016-07-13T15:00:08","slug":"lindustrie-de-la-chemise-en-1938-adam-chemisier","status":"publish","type":"page","link":"https:\/\/lesgravereaux.marret.co\/index.php\/les-etablissements-gravereaux\/les-etablissements-gravereaux-dans-la-presse\/lindustrie-de-la-chemise-en-1938-adam-chemisier\/","title":{"rendered":"L&rsquo;Industrie de la chemise en 1938 (Adam Chemisier)"},"content":{"rendered":"<p>En 1938, la revue <em>Adam Chemisier<\/em> organise une s\u00e9rie d\u2019enqu\u00eates et d\u2019entretiens sur l\u2019industrie de la chemise en prenant pour exemple l\u2019usine Gravereaux \u00e0 Boulogne-sur-Seine<a href=\"https:\/\/lesgravereaux.marret.co\/wp-admin\/post-new.php?post_type=page#_ftn1\" name=\"_ftnref1\">[1]<\/a>.<\/p>\n<p><a href=\"https:\/\/i0.wp.com\/lesgravereaux.marret.co\/wp-content\/uploads\/2016\/07\/1938-01-Adam-Chemisier-no61-p66_wp.jpg?ssl=1\"><img data-recalc-dims=\"1\" loading=\"lazy\" decoding=\"async\" data-attachment-id=\"4476\" data-permalink=\"https:\/\/lesgravereaux.marret.co\/index.php\/les-etablissements-gravereaux\/les-etablissements-gravereaux-dans-la-presse\/lindustrie-de-la-chemise-en-1938-adam-chemisier\/1938-01-adam-chemisier-no61-p66_wp\/\" data-orig-file=\"https:\/\/i0.wp.com\/lesgravereaux.marret.co\/wp-content\/uploads\/2016\/07\/1938-01-Adam-Chemisier-no61-p66_wp.jpg?fit=790%2C1181&amp;ssl=1\" data-orig-size=\"790,1181\" data-comments-opened=\"1\" data-image-meta=\"{&quot;aperture&quot;:&quot;0&quot;,&quot;credit&quot;:&quot;&quot;,&quot;camera&quot;:&quot;HP Scanjet djf300&quot;,&quot;caption&quot;:&quot;&quot;,&quot;created_timestamp&quot;:&quot;1171191120&quot;,&quot;copyright&quot;:&quot;&quot;,&quot;focal_length&quot;:&quot;0&quot;,&quot;iso&quot;:&quot;0&quot;,&quot;shutter_speed&quot;:&quot;0&quot;,&quot;title&quot;:&quot;&quot;,&quot;orientation&quot;:&quot;1&quot;}\" data-image-title=\"1938-01 Adam Chemisier no61 p66_wp\" data-image-description=\"\" data-image-caption=\"\" data-medium-file=\"https:\/\/i0.wp.com\/lesgravereaux.marret.co\/wp-content\/uploads\/2016\/07\/1938-01-Adam-Chemisier-no61-p66_wp.jpg?fit=201%2C300&amp;ssl=1\" data-large-file=\"https:\/\/i0.wp.com\/lesgravereaux.marret.co\/wp-content\/uploads\/2016\/07\/1938-01-Adam-Chemisier-no61-p66_wp.jpg?fit=640%2C957&amp;ssl=1\" class=\"wp-image-4476 alignright\" src=\"https:\/\/i0.wp.com\/lesgravereaux.marret.co\/wp-content\/uploads\/2016\/07\/1938-01-Adam-Chemisier-no61-p66_wp.jpg?resize=300%2C449&#038;ssl=1\" alt=\"1938-01 Adam Chemisier no61 p66_wp\" width=\"300\" height=\"449\" data-wp-pid=\"4476\" srcset=\"https:\/\/i0.wp.com\/lesgravereaux.marret.co\/wp-content\/uploads\/2016\/07\/1938-01-Adam-Chemisier-no61-p66_wp.jpg?resize=685%2C1024&amp;ssl=1 685w, https:\/\/i0.wp.com\/lesgravereaux.marret.co\/wp-content\/uploads\/2016\/07\/1938-01-Adam-Chemisier-no61-p66_wp.jpg?resize=201%2C300&amp;ssl=1 201w, https:\/\/i0.wp.com\/lesgravereaux.marret.co\/wp-content\/uploads\/2016\/07\/1938-01-Adam-Chemisier-no61-p66_wp.jpg?resize=768%2C1148&amp;ssl=1 768w, https:\/\/i0.wp.com\/lesgravereaux.marret.co\/wp-content\/uploads\/2016\/07\/1938-01-Adam-Chemisier-no61-p66_wp.jpg?resize=401%2C600&amp;ssl=1 401w, https:\/\/i0.wp.com\/lesgravereaux.marret.co\/wp-content\/uploads\/2016\/07\/1938-01-Adam-Chemisier-no61-p66_wp.jpg?w=790&amp;ssl=1 790w\" sizes=\"auto, (max-width: 300px) 100vw, 300px\" \/><\/a>La revue indique, dans son introduction, l\u2019objectif de cette s\u00e9rie d\u2019articles\u00a0:<\/p>\n<p><em>\u00ab\u00a0Il nous a paru int\u00e9ressant de mettre sous les yeux de nos lecteurs chemisiers le fonctionnement de cette fabrication. C&rsquo;est pourquoi nous allons abandonner, pour quelques mois, notre rubrique\u00a0: Les Conseils et les Trucs du coupeur, pour faire une incursion dans le domaine du gros, et indiquer les proc\u00e9d\u00e9s modernes actuellement en usage. Nous pensons int\u00e9resser \u00e9galement par ce reportage les fabricants de moindre importance qui pourront sans doute y trouver des proc\u00e9d\u00e9s d&rsquo;organisation leur permettant d&rsquo;am\u00e9liorer le prix de revient de leur production. Pour suivre le fonctionnement int\u00e9rieur d&rsquo;une fabrique de chemises et de cols, nous allons examiner successivement et dans des articles diff\u00e9rents\u00a0:<\/em><\/p>\n<ul>\n<li><em>Les bases principales,<\/em><\/li>\n<li><em>Les diff\u00e9rents services,<\/em><\/li>\n<li><em>Le fonctionnement des ateliers<\/em><\/li>\n<\/ul>\n<p><em>afin de d\u00e9montrer aux lecteurs la n\u00e9cessit\u00e9 absolue d&rsquo;un travail suivi o\u00f9 la moindre \u00e9conomie de temps ou de m\u00e9trage est pr\u00e9f\u00e9rable \u00e0 celle que l&rsquo;on pourrait r\u00e9aliser au d\u00e9triment de la qualit\u00e9.\u00a0\u00bb<\/em><\/p>\n<p>La revue pr\u00e9sente donc et explique\u00a0:<\/p>\n<ul>\n<li>Une introduction<\/li>\n<li>La coupe des cols<\/li>\n<li>La fabrication des cols<\/li>\n<li>La confection des chemises<\/li>\n<li>Le lavage et le repassage des cols<\/li>\n<li>Le lavage et le repassage des chemises<\/li>\n<li>Le cartonnage<\/li>\n<li>Le service des exp\u00e9ditions<\/li>\n<\/ul>\n<p>L&rsquo;ensemble de ces articles est visible ici en format PDF : <a href=\"https:\/\/lesgravereaux.marret.co\/wp-content\/uploads\/2016\/07\/1938-Adam-Chemisier-Lindustrie-de-la-chemise.pdf\">1938 Adam Chemisier &#8211; L&rsquo;industrie de la chemise<\/a><\/p>\n<hr \/>\n<p><a href=\"https:\/\/lesgravereaux.marret.co\/wp-admin\/post-new.php?post_type=page#_ftnref1\" name=\"_ftn1\">[1]<\/a> On notera que les articles ont paru \u00e0 partir de janvier 1938, soit un an seulement apr\u00e8s la liquidation judiciaire de Ren\u00e9 Gravereaux et le concordat avec les cr\u00e9anciers (du 14 d\u00e9cembre 1936). On doit en d\u00e9duire que les \u00c9tablissements Gravereaux ont maintenu leur r\u00e9putation dans le domaine de la fabrication de chemises!<\/p>\n","protected":false},"excerpt":{"rendered":"<p>En 1938, la revue Adam Chemisier organise une s\u00e9rie d\u2019enqu\u00eates et d\u2019entretiens sur l\u2019industrie de la chemise en prenant pour exemple l\u2019usine Gravereaux \u00e0 Boulogne-sur-Seine[1]. La revue indique, dans son introduction, l\u2019objectif de cette s\u00e9rie d\u2019articles\u00a0: \u00ab\u00a0Il nous a paru &hellip; <a href=\"https:\/\/lesgravereaux.marret.co\/index.php\/les-etablissements-gravereaux\/les-etablissements-gravereaux-dans-la-presse\/lindustrie-de-la-chemise-en-1938-adam-chemisier\/\">Continuer la lecture <span class=\"meta-nav\">&rarr;<\/span><\/a><\/p>\n","protected":false},"author":1,"featured_media":0,"parent":4497,"menu_order":0,"comment_status":"closed","ping_status":"closed","template":"","meta":{"ngg_post_thumbnail":0,"jetpack_post_was_ever_published":false,"footnotes":""},"class_list":["post-4477","page","type-page","status-publish","hentry"],"jetpack_sharing_enabled":true,"jetpack_shortlink":"https:\/\/wp.me\/P7ERyi-1ad","jetpack-related-posts":[{"id":4497,"url":"https:\/\/lesgravereaux.marret.co\/index.php\/les-etablissements-gravereaux\/les-etablissements-gravereaux-dans-la-presse\/","url_meta":{"origin":4477,"position":0},"title":"Les \u00c9tablissements Gravereaux&#8230; dans la presse","author":"marretgravereaux","date":"12 juillet 2016","format":false,"excerpt":"Au cours de son demi-si\u00e8cle d'existence, la Maison Gravereaux a fait l'objet de plusieurs reportages dans la presse \u00e9crite ou audiovisuelle. Les plus importants sont indiqu\u00e9s ci-apr\u00e8s; la liste\u00a0est certainement incompl\u00e8te et le lecteur est invit\u00e9 \u00e0 communiquer avec l'\u00e9dimestre responsable de ce site pour lui en sugg\u00e9rer d'autres. 1938,\u2026","rel":"","context":"Article similaire","block_context":{"text":"Article similaire","link":""},"img":{"alt_text":"","src":"","width":0,"height":0},"classes":[]},{"id":2856,"url":"https:\/\/lesgravereaux.marret.co\/index.php\/les-etablissements-gravereaux\/boulogne-lusine\/","url_meta":{"origin":4477,"position":1},"title":"Boulogne &#8211; l&rsquo;usine","author":"marretgravereaux","date":"20 mai 2016","format":false,"excerpt":"Au cours de leur demi-si\u00e8cle d\u2019existence, Les \u00c9tablissements Gravereaux ont fabriqu\u00e9 leurs produits dans plusieurs manufactures et ateliers. D\u00e8s 1910, l\u2019usine de Boulogne-sur-Seine a \u00e9t\u00e9 au centre de leurs op\u00e9rations, tant pour la fabrication de cols que, pendant la guerre de 1914-1918, pour celles des masques \u00e0 gaz. Toutefois, des\u2026","rel":"","context":"Article similaire","block_context":{"text":"Article similaire","link":""},"img":{"alt_text":"Brassac-les-Mines - Ets Gravereaux 2a_wp","src":"https:\/\/i0.wp.com\/lesgravereaux.marret.co\/wp-content\/uploads\/2016\/05\/Brassac-les-Mines-Ets-Gravereaux-2a_wp.jpg?resize=350%2C200","width":350,"height":200},"classes":[]},{"id":3149,"url":"https:\/\/lesgravereaux.marret.co\/index.php\/les-etablissements-gravereaux\/les-objets-promotionnels\/","url_meta":{"origin":4477,"position":2},"title":"Les objets promotionnels","author":"marretgravereaux","date":"12 juin 2016","format":false,"excerpt":"Au fil des ans, les \u00c9tablissements Gravereaux font fabriquer et distribuer divers objets promotionnels. Une grande partie d'entre\u00a0 eux sont\u00a0distribu\u00e9s aux\u00a0clients eux-m\u00eames et\u00a0choisis alors selon la client\u00e8le vis\u00e9e... Les produits des \u00c9tablissements Gravereaux concernent\u00a0d'abord les hommes et l'on ne s'\u00e9tonnera pas que, dans les ann\u00e9es 1950-1960,\u00a0plusieurs objets s'adressent aux fumeurs\u2026","rel":"","context":"Article similaire","block_context":{"text":"Article similaire","link":""},"img":{"alt_text":"Triplefil, Marque-pages 1_wp","src":"https:\/\/i0.wp.com\/lesgravereaux.marret.co\/wp-content\/uploads\/2016\/05\/Triplefil-Marque-pages-1_wp.jpg?resize=350%2C200","width":350,"height":200},"classes":[]},{"id":4331,"url":"https:\/\/lesgravereaux.marret.co\/index.php\/les-etablissements-gravereaux\/les-produits-des-etablissements-gravereaux\/bellafil\/","url_meta":{"origin":4477,"position":3},"title":"Bellafil","author":"marretgravereaux","date":"7 juillet 2016","format":false,"excerpt":"Les \u00c9tablissements Gravereaux se sont d\u2019abord fait conna\u00eetre par leurs cols et leurs chemises pour hommes, la marque Triplefil faisant leur r\u00e9putation pendant pr\u00e8s d\u2019un demi-si\u00e8cle. Toutefois, d\u00e8s la fin des ann\u00e9es 1930, la Maison Gravereaux cherche \u00e0 diversifier sa production et elle commence \u00e0 fabriquer des v\u00eatements pour femmes,\u2026","rel":"","context":"Article similaire","block_context":{"text":"Article similaire","link":""},"img":{"alt_text":"1939-05 Adam Chemisier no76 p32-3p_wp","src":"https:\/\/i0.wp.com\/lesgravereaux.marret.co\/wp-content\/uploads\/2016\/07\/1939-05-Adam-Chemisier-no76-p32-3p_wp.jpg?resize=350%2C200","width":350,"height":200},"classes":[]},{"id":2931,"url":"https:\/\/lesgravereaux.marret.co\/index.php\/les-etablissements-gravereaux\/les-produits-des-etablissements-gravereaux\/le-materiel-de-protection-gravereaux\/les-parachutes\/","url_meta":{"origin":4477,"position":4},"title":"Les parachutes","author":"marretgravereaux","date":"22 mai 2016","format":false,"excerpt":"En 1934, les \u00c9tablissements Gravereaux entreprennent la fabrication de parachutes pour le Minist\u00e8re de l\u2019Air; \u00e0 cet effet, ils ont acquis le mat\u00e9riel et les brevets de la Maison Salone et Lucas pour 150\u00a0000\u00a0francs, en plus d\u2019une redevance sur le chiffre d\u2019affaires. Si les prototypes sont r\u00e9alis\u00e9s dans l\u2019usine de\u2026","rel":"","context":"Article similaire","block_context":{"text":"Article similaire","link":""},"img":{"alt_text":"1934-11-25 Les Ailes p16 (d\u00e9tail)_wp","src":"https:\/\/i0.wp.com\/lesgravereaux.marret.co\/wp-content\/uploads\/2016\/05\/1934-11-25-Les-Ailes-p16-d%C3%A9tail_wp.jpg?resize=350%2C200","width":350,"height":200},"classes":[]},{"id":3116,"url":"https:\/\/lesgravereaux.marret.co\/index.php\/les-etablissements-gravereaux\/les-produits-des-etablissements-gravereaux\/","url_meta":{"origin":4477,"position":5},"title":"Les produits des \u00c9tablissements Gravereaux","author":"marretgravereaux","date":"25 mai 2016","format":false,"excerpt":"Lorsqu\u2019en 1910 Ren\u00e9 Gravereaux s\u2019associe avec Gaston Chastel, c\u2019est pour cr\u00e9er une Manufacture de cols et manchettes, avec, pour objet la fabrication, le commerce et le blanchissage \u00e0 neuf de ces articles La Premi\u00e8re Guerre mondiale am\u00e8ne la Maison Gravereaux \u00e0 se lancer dans la fabrication de masques \u00e0 gaz\u2026","rel":"","context":"Article similaire","block_context":{"text":"Article similaire","link":""},"img":{"alt_text":"1910 EtsGr - Cat p11a_wp","src":"https:\/\/i0.wp.com\/lesgravereaux.marret.co\/wp-content\/uploads\/2016\/05\/1910-EtsGr-Cat-p11a_wp.jpg?resize=350%2C200","width":350,"height":200},"classes":[]}],"_links":{"self":[{"href":"https:\/\/lesgravereaux.marret.co\/index.php\/wp-json\/wp\/v2\/pages\/4477","targetHints":{"allow":["GET"]}}],"collection":[{"href":"https:\/\/lesgravereaux.marret.co\/index.php\/wp-json\/wp\/v2\/pages"}],"about":[{"href":"https:\/\/lesgravereaux.marret.co\/index.php\/wp-json\/wp\/v2\/types\/page"}],"author":[{"embeddable":true,"href":"https:\/\/lesgravereaux.marret.co\/index.php\/wp-json\/wp\/v2\/users\/1"}],"replies":[{"embeddable":true,"href":"https:\/\/lesgravereaux.marret.co\/index.php\/wp-json\/wp\/v2\/comments?post=4477"}],"version-history":[{"count":0,"href":"https:\/\/lesgravereaux.marret.co\/index.php\/wp-json\/wp\/v2\/pages\/4477\/revisions"}],"up":[{"embeddable":true,"href":"https:\/\/lesgravereaux.marret.co\/index.php\/wp-json\/wp\/v2\/pages\/4497"}],"wp:attachment":[{"href":"https:\/\/lesgravereaux.marret.co\/index.php\/wp-json\/wp\/v2\/media?parent=4477"}],"curies":[{"name":"wp","href":"https:\/\/api.w.org\/{rel}","templated":true}]}}