{"id":4427,"date":"2016-07-09T00:34:49","date_gmt":"2016-07-08T23:34:49","guid":{"rendered":"http:\/\/lesgravereaux.marret.co\/?page_id=4427"},"modified":"2017-07-01T17:13:57","modified_gmt":"2017-07-01T16:13:57","slug":"les-masques-a-gaz-pour-les-civils","status":"publish","type":"page","link":"https:\/\/lesgravereaux.marret.co\/index.php\/les-etablissements-gravereaux\/les-produits-des-etablissements-gravereaux\/le-materiel-de-protection-gravereaux\/les-masques-a-gaz-pour-les-civils\/","title":{"rendered":"Les masques \u00e0 gaz pour les civils"},"content":{"rendered":"<p><a href=\"https:\/\/i0.wp.com\/lesgravereaux.marret.co\/wp-content\/uploads\/2016\/07\/1935-07-Union-des-femmes-de-France_wp.jpg?ssl=1\"><img data-recalc-dims=\"1\" loading=\"lazy\" decoding=\"async\" data-attachment-id=\"4421\" data-permalink=\"https:\/\/lesgravereaux.marret.co\/index.php\/les-etablissements-gravereaux\/les-produits-des-etablissements-gravereaux\/le-materiel-de-protection-gravereaux\/les-masques-a-gaz-pour-les-civils\/1935-07-union-des-femmes-de-france_wp\/\" data-orig-file=\"https:\/\/i0.wp.com\/lesgravereaux.marret.co\/wp-content\/uploads\/2016\/07\/1935-07-Union-des-femmes-de-France_wp.jpg?fit=886%2C692&amp;ssl=1\" data-orig-size=\"886,692\" data-comments-opened=\"1\" data-image-meta=\"{&quot;aperture&quot;:&quot;0&quot;,&quot;credit&quot;:&quot;&quot;,&quot;camera&quot;:&quot;&quot;,&quot;caption&quot;:&quot;&quot;,&quot;created_timestamp&quot;:&quot;0&quot;,&quot;copyright&quot;:&quot;&quot;,&quot;focal_length&quot;:&quot;0&quot;,&quot;iso&quot;:&quot;0&quot;,&quot;shutter_speed&quot;:&quot;0&quot;,&quot;title&quot;:&quot;&quot;,&quot;orientation&quot;:&quot;1&quot;}\" data-image-title=\"1935-07 Union des femmes de France_wp\" data-image-description=\"\" data-image-caption=\"\" data-medium-file=\"https:\/\/i0.wp.com\/lesgravereaux.marret.co\/wp-content\/uploads\/2016\/07\/1935-07-Union-des-femmes-de-France_wp.jpg?fit=300%2C234&amp;ssl=1\" data-large-file=\"https:\/\/i0.wp.com\/lesgravereaux.marret.co\/wp-content\/uploads\/2016\/07\/1935-07-Union-des-femmes-de-France_wp.jpg?fit=640%2C500&amp;ssl=1\" width=\"301\" height=\"235\" class=\"wp-image-4421 alignright\" alt=\"1935-07 Union des femmes de France_wp\" src=\"https:\/\/i0.wp.com\/lesgravereaux.marret.co\/wp-content\/uploads\/2016\/07\/1935-07-Union-des-femmes-de-France_wp.jpg?resize=301%2C235&#038;ssl=1\" data-wp-pid=\"4421\" srcset=\"https:\/\/i0.wp.com\/lesgravereaux.marret.co\/wp-content\/uploads\/2016\/07\/1935-07-Union-des-femmes-de-France_wp.jpg?w=886&amp;ssl=1 886w, https:\/\/i0.wp.com\/lesgravereaux.marret.co\/wp-content\/uploads\/2016\/07\/1935-07-Union-des-femmes-de-France_wp.jpg?resize=300%2C234&amp;ssl=1 300w, https:\/\/i0.wp.com\/lesgravereaux.marret.co\/wp-content\/uploads\/2016\/07\/1935-07-Union-des-femmes-de-France_wp.jpg?resize=768%2C600&amp;ssl=1 768w, https:\/\/i0.wp.com\/lesgravereaux.marret.co\/wp-content\/uploads\/2016\/07\/1935-07-Union-des-femmes-de-France_wp.jpg?resize=800%2C625&amp;ssl=1 800w, https:\/\/i0.wp.com\/lesgravereaux.marret.co\/wp-content\/uploads\/2016\/07\/1935-07-Union-des-femmes-de-France_wp.jpg?resize=600%2C469&amp;ssl=1 600w\" sizes=\"auto, (max-width: 301px) 100vw, 301px\" \/><\/a>Au d\u00e9but des ann\u00e9es 1930, les \u00c9tablissements R. Gravereaux ont obtenu plusieurs march\u00e9s gouvernementaux pour l\u2019arm\u00e9e fran\u00e7aise, produisant, entre autres choses, casques, masques et parachutes. Mais ils n\u2019oublient pas pour autant tout ce qui touche la d\u00e9fense passive et, plus sp\u00e9cifiquement, les masques civils.<\/p>\n<p style=\"text-align: right;\"><span style=\"font-size: 10pt;\"><em>Revue de l&rsquo;Union des Femmes de France,&nbsp; juillet 1935<\/em><\/span><\/p>\n<p>Le parlement fran\u00e7ais avait vot\u00e9, dans les premiers mois de&nbsp;1935, la loi sur la d\u00e9fense passive. Des communiqu\u00e9s officiels ont alors paru dans la presse, mais aussi plusieurs articles d\u2019information pour rassurer la population.<\/p>\n<p><a href=\"https:\/\/i0.wp.com\/lesgravereaux.marret.co\/wp-content\/uploads\/2016\/07\/1935-05-09-Le-Matin_wp.jpg?ssl=1\"><img data-recalc-dims=\"1\" loading=\"lazy\" decoding=\"async\" data-attachment-id=\"4422\" data-permalink=\"https:\/\/lesgravereaux.marret.co\/index.php\/les-etablissements-gravereaux\/les-produits-des-etablissements-gravereaux\/le-materiel-de-protection-gravereaux\/les-masques-a-gaz-pour-les-civils\/1935-05-09-le-matin_wp\/\" data-orig-file=\"https:\/\/i0.wp.com\/lesgravereaux.marret.co\/wp-content\/uploads\/2016\/07\/1935-05-09-Le-Matin_wp.jpg?fit=312%2C886&amp;ssl=1\" data-orig-size=\"312,886\" data-comments-opened=\"1\" data-image-meta=\"{&quot;aperture&quot;:&quot;0&quot;,&quot;credit&quot;:&quot;&quot;,&quot;camera&quot;:&quot;&quot;,&quot;caption&quot;:&quot;&quot;,&quot;created_timestamp&quot;:&quot;0&quot;,&quot;copyright&quot;:&quot;&quot;,&quot;focal_length&quot;:&quot;0&quot;,&quot;iso&quot;:&quot;0&quot;,&quot;shutter_speed&quot;:&quot;0&quot;,&quot;title&quot;:&quot;&quot;,&quot;orientation&quot;:&quot;1&quot;}\" data-image-title=\"1935-05-09 Le Matin_wp\" data-image-description=\"\" data-image-caption=\"\" data-medium-file=\"https:\/\/i0.wp.com\/lesgravereaux.marret.co\/wp-content\/uploads\/2016\/07\/1935-05-09-Le-Matin_wp.jpg?fit=106%2C300&amp;ssl=1\" data-large-file=\"https:\/\/i0.wp.com\/lesgravereaux.marret.co\/wp-content\/uploads\/2016\/07\/1935-05-09-Le-Matin_wp.jpg?fit=312%2C886&amp;ssl=1\" width=\"261\" height=\"741\" class=\"wp-image-4422 alignleft\" alt=\"1935-05-09 Le Matin_wp\" src=\"https:\/\/i0.wp.com\/lesgravereaux.marret.co\/wp-content\/uploads\/2016\/07\/1935-05-09-Le-Matin_wp.jpg?resize=261%2C741&#038;ssl=1\" data-wp-pid=\"4422\" srcset=\"https:\/\/i0.wp.com\/lesgravereaux.marret.co\/wp-content\/uploads\/2016\/07\/1935-05-09-Le-Matin_wp.jpg?w=312&amp;ssl=1 312w, https:\/\/i0.wp.com\/lesgravereaux.marret.co\/wp-content\/uploads\/2016\/07\/1935-05-09-Le-Matin_wp.jpg?resize=106%2C300&amp;ssl=1 106w, https:\/\/i0.wp.com\/lesgravereaux.marret.co\/wp-content\/uploads\/2016\/07\/1935-05-09-Le-Matin_wp.jpg?resize=211%2C600&amp;ssl=1 211w\" sizes=\"auto, (max-width: 261px) 100vw, 261px\" \/><\/a><strong><em>D\u00c9FENSE PASSIVE<\/em><\/strong><br \/>\n<em> &#8211; Mesure de protection individuelle<\/em><\/p>\n<p><em>Les diff\u00e9rents communiqu\u00e9s officiels parus dans la presse montrent bien \u00e0 quel point les questions de d\u00e9fense passive sont importantes actuellement pour la population civile. Voici quelques conseils.<\/em><\/p>\n<p><em>Le masque, un des moyens de s\u00e9curit\u00e9 du civil doit poss\u00e9der deux qualit\u00e9s : confort et \u00e9tanch\u00e9it\u00e9. Il faut que le masque r\u00e9serve une place suffisamment grande \u00e0 chaque partie de la figure, que l&rsquo;on ne soit pas g\u00ean\u00e9 pour ouvrir la bouche, que le nez reste bien dans sa position normale ou sans cela une g\u00eane respiratoire se ferait vite sentir. Tou\u00adjours essayer son masque avant de l&rsquo;acheter.<\/em><\/p>\n<p><em>[&#8230;] Ces renseignements ont \u00e9t\u00e9 four\u00adnis par les services des \u00e9tablissements Gravereaux, fournisseurs des minist\u00e8res de l&rsquo;air, de l&rsquo;int\u00e9rieur, de la marine et de la guerre, sp\u00e9cialistes de toutes les questions de protection, fabricants des masques R. G. A. agr\u00e9\u00e9s par d\u00e9cision minist\u00e9rielle 21.946-1-12 et des cartouches filtrantes, licence Fernez, agr\u00e9\u00e9es par d\u00e9cision minist\u00e9rielle 26.074-23.<\/em><\/p>\n<p style=\"text-align: left;\"><span style=\"font-size: 10pt;\"><em>Le Matin, 9 mai 1935<\/em><\/span><\/p>\n<p>&nbsp;<\/p>\n<p><a href=\"https:\/\/i0.wp.com\/lesgravereaux.marret.co\/wp-content\/uploads\/2016\/07\/1935-06-Union-des-femmes-de-France-p164_wp.jpg?ssl=1\"><img data-recalc-dims=\"1\" loading=\"lazy\" decoding=\"async\" data-attachment-id=\"4420\" data-permalink=\"https:\/\/lesgravereaux.marret.co\/index.php\/les-etablissements-gravereaux\/les-produits-des-etablissements-gravereaux\/le-materiel-de-protection-gravereaux\/les-masques-a-gaz-pour-les-civils\/1935-06-union-des-femmes-de-france-p164_wp\/\" data-orig-file=\"https:\/\/i0.wp.com\/lesgravereaux.marret.co\/wp-content\/uploads\/2016\/07\/1935-06-Union-des-femmes-de-France-p164_wp.jpg?fit=728%2C886&amp;ssl=1\" data-orig-size=\"728,886\" data-comments-opened=\"1\" data-image-meta=\"{&quot;aperture&quot;:&quot;0&quot;,&quot;credit&quot;:&quot;&quot;,&quot;camera&quot;:&quot;&quot;,&quot;caption&quot;:&quot;&quot;,&quot;created_timestamp&quot;:&quot;0&quot;,&quot;copyright&quot;:&quot;&quot;,&quot;focal_length&quot;:&quot;0&quot;,&quot;iso&quot;:&quot;0&quot;,&quot;shutter_speed&quot;:&quot;0&quot;,&quot;title&quot;:&quot;&quot;,&quot;orientation&quot;:&quot;1&quot;}\" data-image-title=\"1935-06 Union des femmes de France p164_wp\" data-image-description=\"\" data-image-caption=\"\" data-medium-file=\"https:\/\/i0.wp.com\/lesgravereaux.marret.co\/wp-content\/uploads\/2016\/07\/1935-06-Union-des-femmes-de-France-p164_wp.jpg?fit=247%2C300&amp;ssl=1\" data-large-file=\"https:\/\/i0.wp.com\/lesgravereaux.marret.co\/wp-content\/uploads\/2016\/07\/1935-06-Union-des-femmes-de-France-p164_wp.jpg?fit=640%2C779&amp;ssl=1\" width=\"299\" height=\"364\" class=\"wp-image-4420 alignright\" alt=\"1935-06 Union des femmes de France p164_wp\" src=\"https:\/\/i0.wp.com\/lesgravereaux.marret.co\/wp-content\/uploads\/2016\/07\/1935-06-Union-des-femmes-de-France-p164_wp.jpg?resize=299%2C364&#038;ssl=1\" data-wp-pid=\"4420\" srcset=\"https:\/\/i0.wp.com\/lesgravereaux.marret.co\/wp-content\/uploads\/2016\/07\/1935-06-Union-des-femmes-de-France-p164_wp.jpg?w=728&amp;ssl=1 728w, https:\/\/i0.wp.com\/lesgravereaux.marret.co\/wp-content\/uploads\/2016\/07\/1935-06-Union-des-femmes-de-France-p164_wp.jpg?resize=247%2C300&amp;ssl=1 247w, https:\/\/i0.wp.com\/lesgravereaux.marret.co\/wp-content\/uploads\/2016\/07\/1935-06-Union-des-femmes-de-France-p164_wp.jpg?resize=493%2C600&amp;ssl=1 493w\" sizes=\"auto, (max-width: 299px) 100vw, 299px\" \/><\/a><\/p>\n<p>&nbsp;<\/p>\n<p>Parall\u00e8lement, les repr\u00e9sentants de la Maison Gravereaux participent \u00e0 des conf\u00e9rences sur la protection passive contre les gaz organis\u00e9es par divers groupes \u2013 telle l\u2019Union des femmes de France \u2014 et font la d\u00e9monstration de leur appareils.<\/p>\n<p style=\"text-align: right;\"><span style=\"font-size: 10pt;\"><em>Revue de l&rsquo;Union des Femmes de France, juin 1935<\/em><\/span><\/p>\n<hr>\n<p><a href=\"https:\/\/i0.wp.com\/lesgravereaux.marret.co\/wp-content\/uploads\/2016\/05\/193x-Le-masque-R.G.A-avers_wp.jpg?ssl=1\"><img data-recalc-dims=\"1\" loading=\"lazy\" decoding=\"async\" data-attachment-id=\"2620\" data-permalink=\"https:\/\/lesgravereaux.marret.co\/index.php\/les-etablissements-gravereaux\/les-produits-des-etablissements-gravereaux\/le-materiel-de-protection-gravereaux\/les-masques-a-gaz-pour-les-civils\/193x-le-masque-r-g-a-avers_wp\/\" data-orig-file=\"https:\/\/i0.wp.com\/lesgravereaux.marret.co\/wp-content\/uploads\/2016\/05\/193x-Le-masque-R.G.A-avers_wp.jpg?fit=565%2C886&amp;ssl=1\" data-orig-size=\"565,886\" data-comments-opened=\"1\" data-image-meta=\"{&quot;aperture&quot;:&quot;0&quot;,&quot;credit&quot;:&quot;&quot;,&quot;camera&quot;:&quot;HP Scanjet 4800&quot;,&quot;caption&quot;:&quot;&quot;,&quot;created_timestamp&quot;:&quot;1170344029&quot;,&quot;copyright&quot;:&quot;&quot;,&quot;focal_length&quot;:&quot;0&quot;,&quot;iso&quot;:&quot;0&quot;,&quot;shutter_speed&quot;:&quot;0&quot;,&quot;title&quot;:&quot;&quot;,&quot;orientation&quot;:&quot;1&quot;}\" data-image-title=\"193x Le masque R.G.A &amp;#8211; avers_wp\" data-image-description=\"\" data-image-caption=\"\" data-medium-file=\"https:\/\/i0.wp.com\/lesgravereaux.marret.co\/wp-content\/uploads\/2016\/05\/193x-Le-masque-R.G.A-avers_wp.jpg?fit=191%2C300&amp;ssl=1\" data-large-file=\"https:\/\/i0.wp.com\/lesgravereaux.marret.co\/wp-content\/uploads\/2016\/05\/193x-Le-masque-R.G.A-avers_wp.jpg?fit=565%2C886&amp;ssl=1\" width=\"224\" height=\"351\" class=\"wp-image-2620 alignleft\" alt=\"193x Le masque R.G.A - avers_wp\" src=\"https:\/\/i0.wp.com\/lesgravereaux.marret.co\/wp-content\/uploads\/2016\/05\/193x-Le-masque-R.G.A-avers_wp.jpg?resize=224%2C351&#038;ssl=1\" data-wp-pid=\"2620\" srcset=\"https:\/\/i0.wp.com\/lesgravereaux.marret.co\/wp-content\/uploads\/2016\/05\/193x-Le-masque-R.G.A-avers_wp.jpg?w=565&amp;ssl=1 565w, https:\/\/i0.wp.com\/lesgravereaux.marret.co\/wp-content\/uploads\/2016\/05\/193x-Le-masque-R.G.A-avers_wp.jpg?resize=191%2C300&amp;ssl=1 191w, https:\/\/i0.wp.com\/lesgravereaux.marret.co\/wp-content\/uploads\/2016\/05\/193x-Le-masque-R.G.A-avers_wp.jpg?resize=383%2C600&amp;ssl=1 383w\" sizes=\"auto, (max-width: 224px) 100vw, 224px\" \/><\/a><\/p>\n<p>&nbsp;<\/p>\n<p><span style=\"font-size: 10pt;\"><em>Carte promotionnelle<\/em><\/span><\/p>\n<p><a href=\"https:\/\/i0.wp.com\/lesgravereaux.marret.co\/wp-content\/uploads\/2016\/05\/193x-Le-masque-R.G.A-revers_wp.jpg?ssl=1\"><img data-recalc-dims=\"1\" loading=\"lazy\" decoding=\"async\" data-attachment-id=\"2621\" data-permalink=\"https:\/\/lesgravereaux.marret.co\/index.php\/les-etablissements-gravereaux\/les-produits-des-etablissements-gravereaux\/le-materiel-de-protection-gravereaux\/les-masques-a-gaz-pour-les-civils\/193x-le-masque-r-g-a-revers_wp\/\" data-orig-file=\"https:\/\/i0.wp.com\/lesgravereaux.marret.co\/wp-content\/uploads\/2016\/05\/193x-Le-masque-R.G.A-revers_wp.jpg?fit=886%2C563&amp;ssl=1\" data-orig-size=\"886,563\" data-comments-opened=\"1\" data-image-meta=\"{&quot;aperture&quot;:&quot;0&quot;,&quot;credit&quot;:&quot;&quot;,&quot;camera&quot;:&quot;HP Scanjet 4800&quot;,&quot;caption&quot;:&quot;&quot;,&quot;created_timestamp&quot;:&quot;1170503386&quot;,&quot;copyright&quot;:&quot;&quot;,&quot;focal_length&quot;:&quot;0&quot;,&quot;iso&quot;:&quot;0&quot;,&quot;shutter_speed&quot;:&quot;0&quot;,&quot;title&quot;:&quot;&quot;,&quot;orientation&quot;:&quot;1&quot;}\" data-image-title=\"193x Le masque R.G.A &amp;#8211; revers_wp\" data-image-description=\"\" data-image-caption=\"\" data-medium-file=\"https:\/\/i0.wp.com\/lesgravereaux.marret.co\/wp-content\/uploads\/2016\/05\/193x-Le-masque-R.G.A-revers_wp.jpg?fit=300%2C191&amp;ssl=1\" data-large-file=\"https:\/\/i0.wp.com\/lesgravereaux.marret.co\/wp-content\/uploads\/2016\/05\/193x-Le-masque-R.G.A-revers_wp.jpg?fit=640%2C407&amp;ssl=1\" width=\"351\" height=\"223\" class=\"alignnone wp-image-2621\" alt=\"193x Le masque R.G.A - revers_wp\" src=\"https:\/\/i0.wp.com\/lesgravereaux.marret.co\/wp-content\/uploads\/2016\/05\/193x-Le-masque-R.G.A-revers_wp.jpg?resize=351%2C223&#038;ssl=1\" data-wp-pid=\"2621\" srcset=\"https:\/\/i0.wp.com\/lesgravereaux.marret.co\/wp-content\/uploads\/2016\/05\/193x-Le-masque-R.G.A-revers_wp.jpg?w=886&amp;ssl=1 886w, https:\/\/i0.wp.com\/lesgravereaux.marret.co\/wp-content\/uploads\/2016\/05\/193x-Le-masque-R.G.A-revers_wp.jpg?resize=300%2C191&amp;ssl=1 300w, https:\/\/i0.wp.com\/lesgravereaux.marret.co\/wp-content\/uploads\/2016\/05\/193x-Le-masque-R.G.A-revers_wp.jpg?resize=768%2C488&amp;ssl=1 768w, https:\/\/i0.wp.com\/lesgravereaux.marret.co\/wp-content\/uploads\/2016\/05\/193x-Le-masque-R.G.A-revers_wp.jpg?resize=800%2C508&amp;ssl=1 800w, https:\/\/i0.wp.com\/lesgravereaux.marret.co\/wp-content\/uploads\/2016\/05\/193x-Le-masque-R.G.A-revers_wp.jpg?resize=600%2C381&amp;ssl=1 600w\" sizes=\"auto, (max-width: 351px) 100vw, 351px\" \/><\/a><\/p>\n<hr>\nngg_shortcode_0_placeholder\n<p style=\"text-align: center;\"><em><span style=\"font-size: 10pt;\">Brochure &#8211; mode d&#8217;emploi (extraits)<\/span><\/em><\/p>\n<p style=\"text-align: center;\">&nbsp;<\/p>\n","protected":false},"excerpt":{"rendered":"<p>Au d\u00e9but des ann\u00e9es 1930, les \u00c9tablissements R. Gravereaux ont obtenu plusieurs march\u00e9s gouvernementaux pour l\u2019arm\u00e9e fran\u00e7aise, produisant, entre autres choses, casques, masques et parachutes. Mais ils n\u2019oublient pas pour autant tout ce qui touche la d\u00e9fense passive et, plus &hellip; <a href=\"https:\/\/lesgravereaux.marret.co\/index.php\/les-etablissements-gravereaux\/les-produits-des-etablissements-gravereaux\/le-materiel-de-protection-gravereaux\/les-masques-a-gaz-pour-les-civils\/\">Continuer la lecture <span class=\"meta-nav\">&rarr;<\/span><\/a><\/p>\n","protected":false},"author":1,"featured_media":0,"parent":2636,"menu_order":0,"comment_status":"closed","ping_status":"closed","template":"","meta":{"ngg_post_thumbnail":0,"jetpack_post_was_ever_published":false,"footnotes":""},"class_list":["post-4427","page","type-page","status-publish","hentry"],"jetpack_sharing_enabled":true,"jetpack_shortlink":"https:\/\/wp.me\/P7ERyi-19p","jetpack-related-posts":[{"id":615,"url":"https:\/\/lesgravereaux.marret.co\/index.php\/les-etablissements-gravereaux\/","url_meta":{"origin":4427,"position":0},"title":"Les \u00c9tablissements Gravereaux","author":"marretgravereaux","date":"7 mars 2016","format":false,"excerpt":"\u00a0 La \u00ab\u00a0Maison Gravereaux\u00a0\u00bb na\u00eet en 1910 alors que Ren\u00e9 Gravereaux s\u2019associe \u00e0 un fabricant de faux cols; la nouvelle soci\u00e9t\u00e9 a pour objet \u00ab\u00a0la fabrication et le commerce de faux cols, manchettes et autres articles similaires et le blanchissage sp\u00e9cial \u00e0 neuf\u00a0\u00bb. Au cours de la Premi\u00e8re Guerre mondiale,\u2026","rel":"","context":"Article similaire","block_context":{"text":"Article similaire","link":""},"img":{"alt_text":"1910 EtsGr - Cat c1a_wp","src":"https:\/\/i0.wp.com\/marret.co\/wp-content\/uploads\/2016\/03\/1910-EtsGr-Cat-c1a_wp-1-1024x729.jpg?resize=350%2C200","width":350,"height":200},"classes":[]},{"id":2884,"url":"https:\/\/lesgravereaux.marret.co\/index.php\/les-etablissements-gravereaux\/brassac-les-mines\/","url_meta":{"origin":4427,"position":1},"title":"Brassac-les-Mines","author":"marretgravereaux","date":"20 mai 2016","format":false,"excerpt":"Pendant la Premi\u00e8re Guerre mondiale, les \u00c9tablissements Gravereaux fabriquent des masques \u00e0 gaz pour l\u2019Arm\u00e9e fran\u00e7aise. Cependant, en 1918, le Gouvernement fran\u00e7ais s\u2019inqui\u00e8te des avanc\u00e9es allemandes; l\u2019Administration de la Guerre exige donc de Ren\u00e9 Gravereaux qu\u2019il prenne les dispositions pertinentes pour pouvoir, si n\u00e9cessaire, d\u00e9m\u00e9nager son usine dans le Centre\u2026","rel":"","context":"Article similaire","block_context":{"text":"Article similaire","link":""},"img":{"alt_text":"brassac-1 - OG1726_wp","src":"https:\/\/i0.wp.com\/lesgravereaux.marret.co\/wp-content\/uploads\/2016\/05\/brassac-1-OG1726_wp.jpg?resize=350%2C200","width":350,"height":200},"classes":[]},{"id":2636,"url":"https:\/\/lesgravereaux.marret.co\/index.php\/les-etablissements-gravereaux\/les-produits-des-etablissements-gravereaux\/le-materiel-de-protection-gravereaux\/","url_meta":{"origin":4427,"position":2},"title":"Le mat\u00e9riel de protection Gravereaux","author":"marretgravereaux","date":"15 mai 2016","format":false,"excerpt":"L\u2019implication de la Maison Gravereaux dans la fabrication de mat\u00e9riel de protection date de la Premi\u00e8re Guerre mondiale. Jean-Ren\u00e9 Gravereaux raconte\u00a0: \u00ab\u00a0La guerre d\u00e9clar\u00e9e, mon p\u00e8re \u00e9tait mobilis\u00e9 \u00e0 fin ao\u00fbt 1914. [\u2026] Il devait participer au combat de Charleroi et \u00eatre d\u00e9mobilis\u00e9, tr\u00e8s rapidement, comme p\u00e8re de famille nombreuse\u2026","rel":"","context":"Article similaire","block_context":{"text":"Article similaire","link":""},"img":{"alt_text":"brassac-1 - OG1726_wp","src":"https:\/\/i0.wp.com\/lesgravereaux.marret.co\/wp-content\/uploads\/2016\/05\/brassac-1-OG1726_wp.jpg?resize=350%2C200","width":350,"height":200},"classes":[]},{"id":3116,"url":"https:\/\/lesgravereaux.marret.co\/index.php\/les-etablissements-gravereaux\/les-produits-des-etablissements-gravereaux\/","url_meta":{"origin":4427,"position":3},"title":"Les produits des \u00c9tablissements Gravereaux","author":"marretgravereaux","date":"25 mai 2016","format":false,"excerpt":"Lorsqu\u2019en 1910 Ren\u00e9 Gravereaux s\u2019associe avec Gaston Chastel, c\u2019est pour cr\u00e9er une Manufacture de cols et manchettes, avec, pour objet la fabrication, le commerce et le blanchissage \u00e0 neuf de ces articles La Premi\u00e8re Guerre mondiale am\u00e8ne la Maison Gravereaux \u00e0 se lancer dans la fabrication de masques \u00e0 gaz\u2026","rel":"","context":"Article similaire","block_context":{"text":"Article similaire","link":""},"img":{"alt_text":"1910 EtsGr - Cat p11a_wp","src":"https:\/\/i0.wp.com\/lesgravereaux.marret.co\/wp-content\/uploads\/2016\/05\/1910-EtsGr-Cat-p11a_wp.jpg?resize=350%2C200","width":350,"height":200},"classes":[]},{"id":2856,"url":"https:\/\/lesgravereaux.marret.co\/index.php\/les-etablissements-gravereaux\/boulogne-lusine\/","url_meta":{"origin":4427,"position":4},"title":"Boulogne &#8211; l&rsquo;usine","author":"marretgravereaux","date":"20 mai 2016","format":false,"excerpt":"Au cours de leur demi-si\u00e8cle d\u2019existence, Les \u00c9tablissements Gravereaux ont fabriqu\u00e9 leurs produits dans plusieurs manufactures et ateliers. D\u00e8s 1910, l\u2019usine de Boulogne-sur-Seine a \u00e9t\u00e9 au centre de leurs op\u00e9rations, tant pour la fabrication de cols que, pendant la guerre de 1914-1918, pour celles des masques \u00e0 gaz. Toutefois, des\u2026","rel":"","context":"Article similaire","block_context":{"text":"Article similaire","link":""},"img":{"alt_text":"Brassac-les-Mines - Ets Gravereaux 2a_wp","src":"https:\/\/i0.wp.com\/lesgravereaux.marret.co\/wp-content\/uploads\/2016\/05\/Brassac-les-Mines-Ets-Gravereaux-2a_wp.jpg?resize=350%2C200","width":350,"height":200},"classes":[]},{"id":3110,"url":"https:\/\/lesgravereaux.marret.co\/index.php\/les-etablissements-gravereaux\/petite-chronologie\/","url_meta":{"origin":4427,"position":5},"title":"Petite chronologie","author":"marretgravereaux","date":"24 mai 2016","format":false,"excerpt":"1910 (21 juin) Gaston Chastel et Ren\u00e9 Gravereaux cr\u00e9ent une soci\u00e9t\u00e9 en nom collectif. Ren\u00e9 Gravereaux apporte 150\u00a0000\u00a0francs et Gaston Chastel 370\u00a0000\u00a0francs. Cette entreprise - dont le si\u00e8ge social est situ\u00e9 rue du faubourg Poissonni\u00e8re - est sp\u00e9cialis\u00e9e dans la fabrication de faux-cols, manchettes, et autres articles de lingerie, ainsi\u2026","rel":"","context":"Article similaire","block_context":{"text":"Article similaire","link":""},"img":{"alt_text":"R Gravereaux - Lettre-re\u00e7u (en-t\u00eate)_wp","src":"https:\/\/i0.wp.com\/lesgravereaux.marret.co\/wp-content\/uploads\/2016\/05\/R-Gravereaux-Lettre-re%C3%A7u-en-t%C3%AAte_wp.jpg?resize=350%2C200","width":350,"height":200},"classes":[]}],"_links":{"self":[{"href":"https:\/\/lesgravereaux.marret.co\/index.php\/wp-json\/wp\/v2\/pages\/4427","targetHints":{"allow":["GET"]}}],"collection":[{"href":"https:\/\/lesgravereaux.marret.co\/index.php\/wp-json\/wp\/v2\/pages"}],"about":[{"href":"https:\/\/lesgravereaux.marret.co\/index.php\/wp-json\/wp\/v2\/types\/page"}],"author":[{"embeddable":true,"href":"https:\/\/lesgravereaux.marret.co\/index.php\/wp-json\/wp\/v2\/users\/1"}],"replies":[{"embeddable":true,"href":"https:\/\/lesgravereaux.marret.co\/index.php\/wp-json\/wp\/v2\/comments?post=4427"}],"version-history":[{"count":0,"href":"https:\/\/lesgravereaux.marret.co\/index.php\/wp-json\/wp\/v2\/pages\/4427\/revisions"}],"up":[{"embeddable":true,"href":"https:\/\/lesgravereaux.marret.co\/index.php\/wp-json\/wp\/v2\/pages\/2636"}],"wp:attachment":[{"href":"https:\/\/lesgravereaux.marret.co\/index.php\/wp-json\/wp\/v2\/media?parent=4427"}],"curies":[{"name":"wp","href":"https:\/\/api.w.org\/{rel}","templated":true}]}}