{"id":4413,"date":"2016-07-08T22:03:40","date_gmt":"2016-07-08T21:03:40","guid":{"rendered":"http:\/\/lesgravereaux.marret.co\/?page_id=4413"},"modified":"2016-07-08T22:05:50","modified_gmt":"2016-07-08T21:05:50","slug":"babyfil-la-publicite","status":"publish","type":"page","link":"https:\/\/lesgravereaux.marret.co\/index.php\/les-etablissements-gravereaux\/les-produits-des-etablissements-gravereaux\/babyfil\/babyfil-la-publicite\/","title":{"rendered":"Babyfil, la publicit\u00e9"},"content":{"rendered":"<p><a href=\"https:\/\/i0.wp.com\/lesgravereaux.marret.co\/wp-content\/uploads\/2016\/03\/Chemise-2-3-2011-22-_011_wp.jpg?ssl=1\"><img data-recalc-dims=\"1\" loading=\"lazy\" decoding=\"async\" data-attachment-id=\"506\" data-permalink=\"https:\/\/lesgravereaux.marret.co\/index.php\/les-etablissements-gravereaux\/les-produits-des-etablissements-gravereaux\/babyfil\/babyfil-la-publicite\/chemise-2-3-2011-22-_011_wp\/\" data-orig-file=\"https:\/\/i0.wp.com\/lesgravereaux.marret.co\/wp-content\/uploads\/2016\/03\/Chemise-2-3-2011-22-_011_wp.jpg?fit=1102%2C1132&amp;ssl=1\" data-orig-size=\"1102,1132\" data-comments-opened=\"1\" data-image-meta=\"{&quot;aperture&quot;:&quot;5.6&quot;,&quot;credit&quot;:&quot;&quot;,&quot;camera&quot;:&quot;Canon EOS DIGITAL REBEL XSi&quot;,&quot;caption&quot;:&quot;&quot;,&quot;created_timestamp&quot;:&quot;1323948706&quot;,&quot;copyright&quot;:&quot;&quot;,&quot;focal_length&quot;:&quot;55&quot;,&quot;iso&quot;:&quot;400&quot;,&quot;shutter_speed&quot;:&quot;0.016666666666667&quot;,&quot;title&quot;:&quot;&quot;,&quot;orientation&quot;:&quot;1&quot;}\" data-image-title=\"Chemise 2-3 (2011-22 _011)_wp\" data-image-description=\"\" data-image-caption=\"\" data-medium-file=\"https:\/\/i0.wp.com\/lesgravereaux.marret.co\/wp-content\/uploads\/2016\/03\/Chemise-2-3-2011-22-_011_wp.jpg?fit=292%2C300&amp;ssl=1\" data-large-file=\"https:\/\/i0.wp.com\/lesgravereaux.marret.co\/wp-content\/uploads\/2016\/03\/Chemise-2-3-2011-22-_011_wp.jpg?fit=640%2C657&amp;ssl=1\" class=\"wp-image-506 alignright\" src=\"https:\/\/i0.wp.com\/lesgravereaux.marret.co\/wp-content\/uploads\/2016\/03\/Chemise-2-3-2011-22-_011_wp.jpg?resize=200%2C205&#038;ssl=1\" alt=\"Chemise 2-3 (2011-22 _011)_wp\" width=\"200\" height=\"205\" data-wp-pid=\"506\" srcset=\"https:\/\/i0.wp.com\/lesgravereaux.marret.co\/wp-content\/uploads\/2016\/03\/Chemise-2-3-2011-22-_011_wp.jpg?resize=997%2C1024&amp;ssl=1 997w, https:\/\/i0.wp.com\/lesgravereaux.marret.co\/wp-content\/uploads\/2016\/03\/Chemise-2-3-2011-22-_011_wp.jpg?resize=292%2C300&amp;ssl=1 292w, https:\/\/i0.wp.com\/lesgravereaux.marret.co\/wp-content\/uploads\/2016\/03\/Chemise-2-3-2011-22-_011_wp.jpg?resize=768%2C789&amp;ssl=1 768w, https:\/\/i0.wp.com\/lesgravereaux.marret.co\/wp-content\/uploads\/2016\/03\/Chemise-2-3-2011-22-_011_wp.jpg?resize=800%2C822&amp;ssl=1 800w, https:\/\/i0.wp.com\/lesgravereaux.marret.co\/wp-content\/uploads\/2016\/03\/Chemise-2-3-2011-22-_011_wp.jpg?resize=584%2C600&amp;ssl=1 584w, https:\/\/i0.wp.com\/lesgravereaux.marret.co\/wp-content\/uploads\/2016\/03\/Chemise-2-3-2011-22-_011_wp.jpg?w=1102&amp;ssl=1 1102w\" sizes=\"auto, (max-width: 200px) 100vw, 200px\" \/><\/a>Les \u00c9tablissements Gravereaux se sont lanc\u00e9s dans la fabrication et la commercialisation des v\u00eatements pour enfants pendant la Seconde Guerre mondiale; mais ce n\u2019est qu\u2019\u00e0 partir des ann\u00e9es 1950 que la mode enfantine y a pris autant d\u2019importance, occupant, \u00e0 certains moments, plus de deux cents employ\u00e9s \u00e0 la fabrication des v\u00eatements\u00a0: layette, barboteuses, salopettes, robes, pyjamas, etc.<\/p>\n<p>Pour la commercialisation de ces produits, la Maison Gravereaux s\u2019est appuy\u00e9e sur la pr\u00e9sentation de ses collections (deux par ann\u00e9e) lors de d\u00e9fil\u00e9s de mode et la distribution par des repr\u00e9sentants. Elle en faisait en outre la promotion aupr\u00e8s des enfants eux-m\u00eames (buvards et d\u00e9coupages).<\/p>\n<p>Quant \u00e0 la publicit\u00e9 sur les produits Babyfil, elle n\u2019apparaissait que dans la presse sp\u00e9cialis\u00e9e, ces annonces montrant g\u00e9n\u00e9ralement les v\u00eatements port\u00e9s par des mannequins qui n\u2019\u00e9taient autres, la plupart du temps, que les enfants de la famille Gravereaux.<\/p>\n<p style=\"text-align: center;\"><div id=\"metaslider-id-4118\" style=\"max-width: 390px; margin: 0 auto;\" class=\"ml-slider-3-105-0 metaslider metaslider-nivo metaslider-4118 ml-slider ms-theme-default\" role=\"region\" aria-label=\"Babyfil - Pub\" data-height=\"520\" data-width=\"390\">\n    <div id=\"metaslider_container_4118\">\n        <div class='slider-wrapper theme-default'><div class='ribbon'><\/div><div id='metaslider_4118' class='nivoSlider'><img data-recalc-dims=\"1\" loading=\"lazy\" decoding=\"async\" src=\"https:\/\/i0.wp.com\/lesgravereaux.marret.co\/wp-content\/uploads\/2016\/07\/195x-xx-xx-Babyfil-3a-RLM003_wp.jpg?resize=390%2C520&#038;ssl=1\" height=\"520\" width=\"390\" alt=\"\" class=\"slider-4118 slide-4408 msDefaultImage\" \/><img data-recalc-dims=\"1\" loading=\"lazy\" decoding=\"async\" src=\"https:\/\/i0.wp.com\/lesgravereaux.marret.co\/wp-content\/uploads\/2016\/07\/195x-xx-xx-Babyfil-1b_wp.jpg?resize=390%2C520&#038;ssl=1\" height=\"520\" width=\"390\" alt=\"\" class=\"slider-4118 slide-4407 msDefaultImage\" \/><img data-recalc-dims=\"1\" loading=\"lazy\" decoding=\"async\" src=\"https:\/\/i0.wp.com\/lesgravereaux.marret.co\/wp-content\/uploads\/2016\/07\/1957-06supp-Adam-Chemisier-110-c4a-MldC_wp.jpg?resize=390%2C520&#038;ssl=1\" height=\"520\" width=\"390\" data-caption=\"Adam Chemisier n&deg;110 (suppl&eacute;ment), juin 1957\" alt=\"\" class=\"slider-4118 slide-4409 msDefaultImage\" \/><img data-recalc-dims=\"1\" loading=\"lazy\" decoding=\"async\" src=\"https:\/\/i0.wp.com\/lesgravereaux.marret.co\/wp-content\/uploads\/2016\/07\/1958-02-Cahiers-du-Jardin-des-Modes-129-p17_wp.jpg?resize=390%2C520&#038;ssl=1\" height=\"520\" width=\"390\" data-caption=\"Cahiers du Jardin des Modes n&deg;129, f&eacute;vrier 1958\" alt=\"\" class=\"slider-4118 slide-4410 msDefaultImage\" \/><img data-recalc-dims=\"1\" loading=\"lazy\" decoding=\"async\" src=\"https:\/\/i0.wp.com\/lesgravereaux.marret.co\/wp-content\/uploads\/2016\/07\/1958-08-Cahiers-du-Jardin-des-Modes-135-p5_wp.jpg?resize=390%2C520&#038;ssl=1\" height=\"520\" width=\"390\" data-caption=\"Cahiers du Jardin des Modes n&deg;135, ao&ucirc;t 1958\" alt=\"\" class=\"slider-4118 slide-4411 msDefaultImage\" \/><img data-recalc-dims=\"1\" loading=\"lazy\" decoding=\"async\" src=\"https:\/\/i0.wp.com\/lesgravereaux.marret.co\/wp-content\/uploads\/2016\/07\/1958-12-Adam-Chemisier-La-femme-et-lenfant-no117-p10_wp.jpg?resize=390%2C520&#038;ssl=1\" height=\"520\" width=\"390\" data-caption=\"Adam Chemisier n&deg;117 - La femme et l&#039;enfant, d&eacute;cembre 1958 \" alt=\"\" class=\"slider-4118 slide-4412 msDefaultImage\" \/><\/div><\/div>\n        \n    <\/div>\n<\/div><\/p>\n","protected":false},"excerpt":{"rendered":"<p>Les \u00c9tablissements Gravereaux se sont lanc\u00e9s dans la fabrication et la commercialisation des v\u00eatements pour enfants pendant la Seconde Guerre mondiale; mais ce n\u2019est qu\u2019\u00e0 partir des ann\u00e9es 1950 que la mode enfantine y a pris autant d\u2019importance, occupant, \u00e0 &hellip; <a href=\"https:\/\/lesgravereaux.marret.co\/index.php\/les-etablissements-gravereaux\/les-produits-des-etablissements-gravereaux\/babyfil\/babyfil-la-publicite\/\">Continuer la lecture <span class=\"meta-nav\">&rarr;<\/span><\/a><\/p>\n","protected":false},"author":1,"featured_media":0,"parent":2766,"menu_order":0,"comment_status":"closed","ping_status":"closed","template":"","meta":{"ngg_post_thumbnail":0,"jetpack_post_was_ever_published":false,"footnotes":""},"class_list":["post-4413","page","type-page","status-publish","hentry"],"jetpack_sharing_enabled":true,"jetpack_shortlink":"https:\/\/wp.me\/P7ERyi-19b","jetpack-related-posts":[{"id":2766,"url":"https:\/\/lesgravereaux.marret.co\/index.php\/les-etablissements-gravereaux\/les-produits-des-etablissements-gravereaux\/babyfil\/","url_meta":{"origin":4413,"position":0},"title":"Babyfil","author":"marretgravereaux","date":"19 mai 2016","format":false,"excerpt":"\u00c0 la fin de la Seconde Guerre mondiale, les \u00c9tablissements Gravereaux veulent diversifier leur production. Apr\u00e8s les cols et les chemises pour hommes, fabriqu\u00e9s principalement depuis vingt ans sous la marque\u00a0Triplefil, apr\u00e8s les v\u00eatements pour dames, largement produits et vendus pendant la guerre, la Maison Gravereaux d\u00e9cide de se lancer\u2026","rel":"","context":"Article similaire","block_context":{"text":"Article similaire","link":""},"img":{"alt_text":"Robe b\u00e9b\u00e9 1-1","src":"https:\/\/i0.wp.com\/lesgravereaux.marret.co\/wp-content\/uploads\/2016\/05\/Robe-b%C3%A9b%C3%A9-1-1-2007-33_018_wp-1024x672.jpg?resize=350%2C200","width":350,"height":200},"classes":[]},{"id":1204,"url":"https:\/\/lesgravereaux.marret.co\/index.php\/les-etablissements-gravereaux\/les-produits-des-etablissements-gravereaux\/babyfil\/une-exposition-babyfil\/","url_meta":{"origin":4413,"position":1},"title":"Une exposition Babyfil","author":"marretgravereaux","date":"18 mars 2016","format":false,"excerpt":"En 2013, le Mus\u00e9e de la Chemiserie et de l'\u00c9l\u00e9gance masculine d'Argenton-sur-Creuse a mis \u00e0 l'honneur les produits Babyfil - la principale marque de mode enfantine des \u00c9tablissements Gravereaux \u2013 en y tenant une exposition. Babyfil, une mode enfantine argentonnaise La SOGEC, entreprise de confection dirig\u00e9e par Jean-Ren\u00e9 Gravereaux, est\u2026","rel":"","context":"Dans &quot;Les \u00c9tablissements Gravereaux&quot;","block_context":{"text":"Les \u00c9tablissements Gravereaux","link":"https:\/\/lesgravereaux.marret.co\/index.php\/category\/les-etablissements-gravereaux\/"},"img":{"alt_text":"Babyfil affiche-3_wp","src":"https:\/\/i0.wp.com\/lesgravereaux.marret.co\/wp-content\/uploads\/2016\/07\/Babyfil-affiche-3_wp-692x1024.jpg?resize=350%2C200","width":350,"height":200},"classes":[]},{"id":2922,"url":"https:\/\/lesgravereaux.marret.co\/index.php\/les-etablissements-gravereaux\/les-produits-des-etablissements-gravereaux\/babyfil\/babyfil-a-cholet\/","url_meta":{"origin":4413,"position":2},"title":"Babyfil&#8230; \u00e0 Cholet","author":"marretgravereaux","date":"21 mai 2016","format":false,"excerpt":"Le Mus\u00e9e du Textile de Cholet tenait, du 3\u00a0d\u00e9cembre 2011 au 18 mars 2012, une exposition sur la mode enfantine sous le th\u00e8me \u00ab\u00a0\u00c0 fleur de peau\u00a0\u00bb. \u00c0 cette occasion et en collaboration avec le Mus\u00e9e de la Chemiserie et de l'\u00c9l\u00e9gance masculine d\u2019Argenton-sur-Creuse, il pr\u00e9sentait quelques produits et documents\u2026","rel":"","context":"Article similaire","block_context":{"text":"Article similaire","link":""},"img":{"alt_text":"\u00c0 fleur de peau - carte exposition_wp","src":"https:\/\/i0.wp.com\/lesgravereaux.marret.co\/wp-content\/uploads\/2016\/05\/%C3%80-fleur-de-peau-carte-exposition_wp.jpg?resize=350%2C200","width":350,"height":200},"classes":[]},{"id":2895,"url":"https:\/\/lesgravereaux.marret.co\/index.php\/les-etablissements-gravereaux\/les-produits-des-etablissements-gravereaux\/babyfil\/babyfil-des-decoupages\/","url_meta":{"origin":4413,"position":3},"title":"Babyfil &#8211; des d\u00e9coupages","author":"marretgravereaux","date":"21 mai 2016","format":false,"excerpt":"Pour promouvoir les produits Babyfil, les \u00c9tablissements Gravereaux ont fait imprimer et distribuer pr\u00e8s d\u2019une trentaine de buvards diff\u00e9rents, dont deux s\u00e9ries, l'une\u00a0visant particuli\u00e8rement les gar\u00e7onnets, sur l\u2019histoire de l'automobile, et, l'autre, pour les fillettes sur la mode \u00e0 travers les temps. Mais ils font \u00e9galement\u00a0produire et diffuser un jeu\u2026","rel":"","context":"Article similaire","block_context":{"text":"Article similaire","link":""},"img":{"alt_text":"Babyfil - Jeu \u00e0 d\u00e9couper c1 (1954)_wp","src":"https:\/\/i0.wp.com\/lesgravereaux.marret.co\/wp-content\/uploads\/2016\/05\/Babyfil-Jeu-%C3%A0-d%C3%A9couper-c1-1954_wp-709x1024.jpg?resize=350%2C200","width":350,"height":200},"classes":[]},{"id":2898,"url":"https:\/\/lesgravereaux.marret.co\/index.php\/les-etablissements-gravereaux\/les-produits-des-etablissements-gravereaux\/babyfil\/babyfil-des-buvards\/","url_meta":{"origin":4413,"position":4},"title":"Babyfil &#8211; des buvards","author":"marretgravereaux","date":"21 mai 2016","format":false,"excerpt":"Les \u00c9tablissements Gravereaux ont \u00e9mis environ une trentaine de buvards pour faire la promotion des produits Babyfil. Les premiers (sur cette page) ont \u00e9t\u00e9 produits individuellement. Plus tard, ils\u00a0choisissent d'en \u00e9mettre deux s\u00e9ries \u00e0 th\u00e8mes : l'une, pour les gar\u00e7ons porte sur\u00a0La belle Histoire de l'automobile, alors que l'autre, destin\u00e9e\u2026","rel":"","context":"Article similaire","block_context":{"text":"Article similaire","link":""},"img":{"alt_text":"","src":"","width":0,"height":0},"classes":[]},{"id":3116,"url":"https:\/\/lesgravereaux.marret.co\/index.php\/les-etablissements-gravereaux\/les-produits-des-etablissements-gravereaux\/","url_meta":{"origin":4413,"position":5},"title":"Les produits des \u00c9tablissements Gravereaux","author":"marretgravereaux","date":"25 mai 2016","format":false,"excerpt":"Lorsqu\u2019en 1910 Ren\u00e9 Gravereaux s\u2019associe avec Gaston Chastel, c\u2019est pour cr\u00e9er une Manufacture de cols et manchettes, avec, pour objet la fabrication, le commerce et le blanchissage \u00e0 neuf de ces articles La Premi\u00e8re Guerre mondiale am\u00e8ne la Maison Gravereaux \u00e0 se lancer dans la fabrication de masques \u00e0 gaz\u2026","rel":"","context":"Article similaire","block_context":{"text":"Article similaire","link":""},"img":{"alt_text":"1910 EtsGr - Cat p11a_wp","src":"https:\/\/i0.wp.com\/lesgravereaux.marret.co\/wp-content\/uploads\/2016\/05\/1910-EtsGr-Cat-p11a_wp.jpg?resize=350%2C200","width":350,"height":200},"classes":[]}],"_links":{"self":[{"href":"https:\/\/lesgravereaux.marret.co\/index.php\/wp-json\/wp\/v2\/pages\/4413","targetHints":{"allow":["GET"]}}],"collection":[{"href":"https:\/\/lesgravereaux.marret.co\/index.php\/wp-json\/wp\/v2\/pages"}],"about":[{"href":"https:\/\/lesgravereaux.marret.co\/index.php\/wp-json\/wp\/v2\/types\/page"}],"author":[{"embeddable":true,"href":"https:\/\/lesgravereaux.marret.co\/index.php\/wp-json\/wp\/v2\/users\/1"}],"replies":[{"embeddable":true,"href":"https:\/\/lesgravereaux.marret.co\/index.php\/wp-json\/wp\/v2\/comments?post=4413"}],"version-history":[{"count":0,"href":"https:\/\/lesgravereaux.marret.co\/index.php\/wp-json\/wp\/v2\/pages\/4413\/revisions"}],"up":[{"embeddable":true,"href":"https:\/\/lesgravereaux.marret.co\/index.php\/wp-json\/wp\/v2\/pages\/2766"}],"wp:attachment":[{"href":"https:\/\/lesgravereaux.marret.co\/index.php\/wp-json\/wp\/v2\/media?parent=4413"}],"curies":[{"name":"wp","href":"https:\/\/api.w.org\/{rel}","templated":true}]}}