{"id":4331,"date":"2016-07-07T17:33:21","date_gmt":"2016-07-07T16:33:21","guid":{"rendered":"http:\/\/lesgravereaux.marret.co\/?page_id=4331"},"modified":"2017-07-01T17:11:54","modified_gmt":"2017-07-01T16:11:54","slug":"bellafil","status":"publish","type":"page","link":"https:\/\/lesgravereaux.marret.co\/index.php\/les-etablissements-gravereaux\/les-produits-des-etablissements-gravereaux\/bellafil\/","title":{"rendered":"Bellafil"},"content":{"rendered":"<p>Les \u00c9tablissements Gravereaux se sont d\u2019abord fait conna\u00eetre par leurs cols et leurs chemises pour hommes, la marque <em>Triplefil<\/em> faisant leur r\u00e9putation pendant pr\u00e8s d\u2019un demi-si\u00e8cle. Toutefois, d\u00e8s la fin des ann\u00e9es 1930, la Maison Gravereaux cherche \u00e0 diversifier sa production et elle commence \u00e0 fabriquer des v\u00eatements pour femmes, toujours sous la marque <em>Triplefil<\/em>.<\/p>\n<p><a href=\"https:\/\/i0.wp.com\/lesgravereaux.marret.co\/wp-content\/uploads\/2016\/07\/1939-05-Adam-Chemisier-no76-p32-3p_wp.jpg?ssl=1\"><img data-recalc-dims=\"1\" loading=\"lazy\" decoding=\"async\" data-attachment-id=\"4330\" data-permalink=\"https:\/\/lesgravereaux.marret.co\/index.php\/les-etablissements-gravereaux\/les-produits-des-etablissements-gravereaux\/bellafil\/1939-05-adam-chemisier-no76-p32-3p_wp\/\" data-orig-file=\"https:\/\/i0.wp.com\/lesgravereaux.marret.co\/wp-content\/uploads\/2016\/07\/1939-05-Adam-Chemisier-no76-p32-3p_wp.jpg?fit=886%2C642&amp;ssl=1\" data-orig-size=\"886,642\" data-comments-opened=\"1\" data-image-meta=\"{&quot;aperture&quot;:&quot;0&quot;,&quot;credit&quot;:&quot;&quot;,&quot;camera&quot;:&quot;HP Scanjet djf300&quot;,&quot;caption&quot;:&quot;&quot;,&quot;created_timestamp&quot;:&quot;1171142793&quot;,&quot;copyright&quot;:&quot;&quot;,&quot;focal_length&quot;:&quot;0&quot;,&quot;iso&quot;:&quot;0&quot;,&quot;shutter_speed&quot;:&quot;0&quot;,&quot;title&quot;:&quot;&quot;,&quot;orientation&quot;:&quot;1&quot;}\" data-image-title=\"1939-05 Adam Chemisier no76 p32-3p_wp\" data-image-description=\"\" data-image-caption=\"\" data-medium-file=\"https:\/\/i0.wp.com\/lesgravereaux.marret.co\/wp-content\/uploads\/2016\/07\/1939-05-Adam-Chemisier-no76-p32-3p_wp.jpg?fit=300%2C217&amp;ssl=1\" data-large-file=\"https:\/\/i0.wp.com\/lesgravereaux.marret.co\/wp-content\/uploads\/2016\/07\/1939-05-Adam-Chemisier-no76-p32-3p_wp.jpg?fit=640%2C464&amp;ssl=1\" width=\"375\" height=\"272\" class=\"wp-image-4330 alignleft\" alt=\"1939-05 Adam Chemisier no76 p32-3p_wp\" src=\"https:\/\/i0.wp.com\/lesgravereaux.marret.co\/wp-content\/uploads\/2016\/07\/1939-05-Adam-Chemisier-no76-p32-3p_wp.jpg?resize=375%2C272&#038;ssl=1\" data-wp-pid=\"4330\" srcset=\"https:\/\/i0.wp.com\/lesgravereaux.marret.co\/wp-content\/uploads\/2016\/07\/1939-05-Adam-Chemisier-no76-p32-3p_wp.jpg?w=886&amp;ssl=1 886w, https:\/\/i0.wp.com\/lesgravereaux.marret.co\/wp-content\/uploads\/2016\/07\/1939-05-Adam-Chemisier-no76-p32-3p_wp.jpg?resize=300%2C217&amp;ssl=1 300w, https:\/\/i0.wp.com\/lesgravereaux.marret.co\/wp-content\/uploads\/2016\/07\/1939-05-Adam-Chemisier-no76-p32-3p_wp.jpg?resize=768%2C556&amp;ssl=1 768w, https:\/\/i0.wp.com\/lesgravereaux.marret.co\/wp-content\/uploads\/2016\/07\/1939-05-Adam-Chemisier-no76-p32-3p_wp.jpg?resize=800%2C580&amp;ssl=1 800w, https:\/\/i0.wp.com\/lesgravereaux.marret.co\/wp-content\/uploads\/2016\/07\/1939-05-Adam-Chemisier-no76-p32-3p_wp.jpg?resize=600%2C435&amp;ssl=1 600w\" sizes=\"auto, (max-width: 375px) 100vw, 375px\" \/><\/a><em><span style=\"font-size: 10pt;\">\u00ab&nbsp;[\u2026] trois mod\u00e8les Triplefil de<br \/>\nR. Gravereaux&nbsp;: blouse-chemisier en foulard \u00e0 petits pois blancs \u00e0 col chemisier, gorge et revers des manches \u00e0 piq\u00fbres multiples blanches; toile de soie \u00e0 rayures satin, devant plat sans gorge et col chemisier \u00e0 pointes; toile de soie unie, devant plat, col \u00e0 pointe de forme nouvelle et agr\u00e9ment\u00e9 de piq\u00fbres multiples comme la gorge boutonnante.&nbsp;\u00bb<\/span><\/em><\/p>\n<p style=\"padding-left: 30px;\"><span style=\"font-size: 10pt;\"><strong><em>Blouses et chemisiers pour la femme<\/em><\/strong><em>, in Adam Chemisier n<sup>o<\/sup>&nbsp; 76, 15&nbsp;avril&nbsp;1939.<\/em><\/span><\/p>\n<p>La Seconde Guerre mondiale am\u00e8ne d\u2019abord une quasi-fermeture de l\u2019usine puis une reprise des activit\u00e9s, mais celles-ci se modifient radicalement. Le tissu n\u00e9cessaire \u00e0 la fabrication de chemises pour hommes \u00e9tant difficile, voire impossible \u00e0 trouver, la Maison Gravereaux d\u00e9cide d\u2019orienter sa production en fonction des produits disponibles; le rayon de lingerie f\u00e9minine prend alors une extension consid\u00e9rable. Celle-ci se poursuit apr\u00e8s la guerre et Ren\u00e9 Gravereaux d\u00e9pose, en 1948, la marque <em><strong>Bellafil<\/strong><\/em> aupr\u00e8s du Tribunal de Commerce.<\/p>\n<p>Au cours des ann\u00e9es suivantes, les \u00c9tablissements Gravereaux font souvent en m\u00eame temps la promotion de leurs trois grandes marques \u2013 <em>Triplefil, Babyfil, Bellafil<\/em>. Mais on ne trouve que rarement des publicit\u00e9s qui ne sont consacr\u00e9es qu\u2019\u00e0 <em>Bellafil<\/em>.<\/p>\n<p><a href=\"https:\/\/i0.wp.com\/lesgravereaux.marret.co\/wp-content\/uploads\/2016\/07\/1956-02-Cahiers-du-Jardin-des-Modes-no105-p15_wp.jpg?ssl=1\"><img data-recalc-dims=\"1\" loading=\"lazy\" decoding=\"async\" data-attachment-id=\"4328\" data-permalink=\"https:\/\/lesgravereaux.marret.co\/index.php\/les-etablissements-gravereaux\/les-produits-des-etablissements-gravereaux\/bellafil\/1956-02-cahiers-du-jardin-des-modes-no105-p15_wp\/\" data-orig-file=\"https:\/\/i0.wp.com\/lesgravereaux.marret.co\/wp-content\/uploads\/2016\/07\/1956-02-Cahiers-du-Jardin-des-Modes-no105-p15_wp.jpg?fit=550%2C886&amp;ssl=1\" data-orig-size=\"550,886\" data-comments-opened=\"1\" data-image-meta=\"{&quot;aperture&quot;:&quot;0&quot;,&quot;credit&quot;:&quot;&quot;,&quot;camera&quot;:&quot;&quot;,&quot;caption&quot;:&quot;&quot;,&quot;created_timestamp&quot;:&quot;0&quot;,&quot;copyright&quot;:&quot;&quot;,&quot;focal_length&quot;:&quot;0&quot;,&quot;iso&quot;:&quot;0&quot;,&quot;shutter_speed&quot;:&quot;0&quot;,&quot;title&quot;:&quot;&quot;,&quot;orientation&quot;:&quot;1&quot;}\" data-image-title=\"1956-02 Cahiers du Jardin des Modes no105, p15_wp\" data-image-description=\"\" data-image-caption=\"\" data-medium-file=\"https:\/\/i0.wp.com\/lesgravereaux.marret.co\/wp-content\/uploads\/2016\/07\/1956-02-Cahiers-du-Jardin-des-Modes-no105-p15_wp.jpg?fit=186%2C300&amp;ssl=1\" data-large-file=\"https:\/\/i0.wp.com\/lesgravereaux.marret.co\/wp-content\/uploads\/2016\/07\/1956-02-Cahiers-du-Jardin-des-Modes-no105-p15_wp.jpg?fit=550%2C886&amp;ssl=1\" width=\"259\" height=\"417\" class=\"alignnone wp-image-4328\" alt=\"1956-02 Cahiers du Jardin des Modes no105, p15_wp\" src=\"https:\/\/i0.wp.com\/lesgravereaux.marret.co\/wp-content\/uploads\/2016\/07\/1956-02-Cahiers-du-Jardin-des-Modes-no105-p15_wp.jpg?resize=259%2C417&#038;ssl=1\" data-wp-pid=\"4328\" srcset=\"https:\/\/i0.wp.com\/lesgravereaux.marret.co\/wp-content\/uploads\/2016\/07\/1956-02-Cahiers-du-Jardin-des-Modes-no105-p15_wp.jpg?w=550&amp;ssl=1 550w, https:\/\/i0.wp.com\/lesgravereaux.marret.co\/wp-content\/uploads\/2016\/07\/1956-02-Cahiers-du-Jardin-des-Modes-no105-p15_wp.jpg?resize=186%2C300&amp;ssl=1 186w, https:\/\/i0.wp.com\/lesgravereaux.marret.co\/wp-content\/uploads\/2016\/07\/1956-02-Cahiers-du-Jardin-des-Modes-no105-p15_wp.jpg?resize=372%2C600&amp;ssl=1 372w\" sizes=\"auto, (max-width: 259px) 100vw, 259px\" \/><\/a>&nbsp;&nbsp; <a href=\"https:\/\/i0.wp.com\/lesgravereaux.marret.co\/wp-content\/uploads\/2016\/07\/1957-06-Adam-Chemisier-La-femme-et-lenfant-no110-p11_wp.jpg?ssl=1\"><img data-recalc-dims=\"1\" loading=\"lazy\" decoding=\"async\" data-attachment-id=\"4329\" data-permalink=\"https:\/\/lesgravereaux.marret.co\/index.php\/les-etablissements-gravereaux\/les-produits-des-etablissements-gravereaux\/bellafil\/1957-06-adam-chemisier-la-femme-et-lenfant-no110-p11_wp\/\" data-orig-file=\"https:\/\/i0.wp.com\/lesgravereaux.marret.co\/wp-content\/uploads\/2016\/07\/1957-06-Adam-Chemisier-La-femme-et-lenfant-no110-p11_wp.jpg?fit=658%2C886&amp;ssl=1\" data-orig-size=\"658,886\" data-comments-opened=\"1\" data-image-meta=\"{&quot;aperture&quot;:&quot;0&quot;,&quot;credit&quot;:&quot;&quot;,&quot;camera&quot;:&quot;&quot;,&quot;caption&quot;:&quot;&quot;,&quot;created_timestamp&quot;:&quot;0&quot;,&quot;copyright&quot;:&quot;&quot;,&quot;focal_length&quot;:&quot;0&quot;,&quot;iso&quot;:&quot;0&quot;,&quot;shutter_speed&quot;:&quot;0&quot;,&quot;title&quot;:&quot;&quot;,&quot;orientation&quot;:&quot;1&quot;}\" data-image-title=\"1957-06 Adam Chemisier &amp;#8211; La femme et l&amp;rsquo;enfant no110, p11_wp\" data-image-description=\"\" data-image-caption=\"\" data-medium-file=\"https:\/\/i0.wp.com\/lesgravereaux.marret.co\/wp-content\/uploads\/2016\/07\/1957-06-Adam-Chemisier-La-femme-et-lenfant-no110-p11_wp.jpg?fit=223%2C300&amp;ssl=1\" data-large-file=\"https:\/\/i0.wp.com\/lesgravereaux.marret.co\/wp-content\/uploads\/2016\/07\/1957-06-Adam-Chemisier-La-femme-et-lenfant-no110-p11_wp.jpg?fit=640%2C862&amp;ssl=1\" width=\"310\" height=\"418\" class=\"alignnone wp-image-4329\" alt=\"1957-06 Adam Chemisier - La femme et l'enfant no110, p11_wp\" src=\"https:\/\/i0.wp.com\/lesgravereaux.marret.co\/wp-content\/uploads\/2016\/07\/1957-06-Adam-Chemisier-La-femme-et-lenfant-no110-p11_wp.jpg?resize=310%2C418&#038;ssl=1\" data-wp-pid=\"4329\" srcset=\"https:\/\/i0.wp.com\/lesgravereaux.marret.co\/wp-content\/uploads\/2016\/07\/1957-06-Adam-Chemisier-La-femme-et-lenfant-no110-p11_wp.jpg?w=658&amp;ssl=1 658w, https:\/\/i0.wp.com\/lesgravereaux.marret.co\/wp-content\/uploads\/2016\/07\/1957-06-Adam-Chemisier-La-femme-et-lenfant-no110-p11_wp.jpg?resize=223%2C300&amp;ssl=1 223w, https:\/\/i0.wp.com\/lesgravereaux.marret.co\/wp-content\/uploads\/2016\/07\/1957-06-Adam-Chemisier-La-femme-et-lenfant-no110-p11_wp.jpg?resize=446%2C600&amp;ssl=1 446w\" sizes=\"auto, (max-width: 310px) 100vw, 310px\" \/><\/a><\/p>\n<p><em><span style=\"font-size: 10pt;\">1956-02 Cahiers du Jardin des Modes&nbsp;&nbsp;&nbsp;&nbsp;&nbsp;&nbsp;&nbsp;&nbsp;&nbsp;&nbsp;&nbsp;&nbsp;&nbsp;&nbsp;&nbsp;&nbsp; 1957-06 Adam Chemisier &#8211; La femme et l&rsquo;enfant n<sup>o<\/sup>110<\/span><\/em><\/p>\n<p>Toutefois, pour favoriser la distribution de ces produits aupr\u00e8s des d\u00e9taillants, la Maison Gravereaux fait imprimer une pochette promotionnelle avec des fiches de v\u00eatements pour dames\u2026<\/p>\nngg_shortcode_0_placeholder\n<p>&nbsp;<\/p>\n","protected":false},"excerpt":{"rendered":"<p>Les \u00c9tablissements Gravereaux se sont d\u2019abord fait conna\u00eetre par leurs cols et leurs chemises pour hommes, la marque Triplefil faisant leur r\u00e9putation pendant pr\u00e8s d\u2019un demi-si\u00e8cle. Toutefois, d\u00e8s la fin des ann\u00e9es 1930, la Maison Gravereaux cherche \u00e0 diversifier sa &hellip; <a href=\"https:\/\/lesgravereaux.marret.co\/index.php\/les-etablissements-gravereaux\/les-produits-des-etablissements-gravereaux\/bellafil\/\">Continuer la lecture <span class=\"meta-nav\">&rarr;<\/span><\/a><\/p>\n","protected":false},"author":1,"featured_media":0,"parent":3116,"menu_order":0,"comment_status":"closed","ping_status":"closed","template":"","meta":{"ngg_post_thumbnail":0,"jetpack_post_was_ever_published":false,"footnotes":""},"class_list":["post-4331","page","type-page","status-publish","hentry"],"jetpack_sharing_enabled":true,"jetpack_shortlink":"https:\/\/wp.me\/P7ERyi-17R","jetpack-related-posts":[{"id":3149,"url":"https:\/\/lesgravereaux.marret.co\/index.php\/les-etablissements-gravereaux\/les-objets-promotionnels\/","url_meta":{"origin":4331,"position":0},"title":"Les objets promotionnels","author":"marretgravereaux","date":"12 juin 2016","format":false,"excerpt":"Au fil des ans, les \u00c9tablissements Gravereaux font fabriquer et distribuer divers objets promotionnels. Une grande partie d'entre\u00a0 eux sont\u00a0distribu\u00e9s aux\u00a0clients eux-m\u00eames et\u00a0choisis alors selon la client\u00e8le vis\u00e9e... Les produits des \u00c9tablissements Gravereaux concernent\u00a0d'abord les hommes et l'on ne s'\u00e9tonnera pas que, dans les ann\u00e9es 1950-1960,\u00a0plusieurs objets s'adressent aux fumeurs\u2026","rel":"","context":"Article similaire","block_context":{"text":"Article similaire","link":""},"img":{"alt_text":"Triplefil, Marque-pages 1_wp","src":"https:\/\/i0.wp.com\/lesgravereaux.marret.co\/wp-content\/uploads\/2016\/05\/Triplefil-Marque-pages-1_wp.jpg?resize=350%2C200","width":350,"height":200},"classes":[]},{"id":2693,"url":"https:\/\/lesgravereaux.marret.co\/index.php\/les-etablissements-gravereaux\/les-produits-des-etablissements-gravereaux\/les-cols-triplefil\/","url_meta":{"origin":4331,"position":1},"title":"Les cols Triplefil","author":"marretgravereaux","date":"16 mai 2016","format":false,"excerpt":"D\u00e8s le d\u00e9but de son existence, la Maison Gravereaux\u00a0attribue un nom \u00e0 ses produits; c\u2019est ainsi que l\u2019on trouve, dans son premier catalogue publi\u00e9 en\u00a01910, un faux-col dur Ren\u00e9, des manchettes Alvarez, un faux-col mou Match, un faux-col pour femme Josette, un faux-col pour enfant G\u00e9rard ou un plastron Marchand\u2026\u2026","rel":"","context":"Article similaire","block_context":{"text":"Article similaire","link":""},"img":{"alt_text":"1910 EtsGr - Cat p11a_wp","src":"https:\/\/i0.wp.com\/lesgravereaux.marret.co\/wp-content\/uploads\/2016\/05\/1910-EtsGr-Cat-p11a_wp.jpg?resize=350%2C200","width":350,"height":200},"classes":[]},{"id":2761,"url":"https:\/\/lesgravereaux.marret.co\/index.php\/les-etablissements-gravereaux\/les-produits-des-etablissements-gravereaux\/triplefil\/","url_meta":{"origin":4331,"position":2},"title":"Triplefil","author":"marretgravereaux","date":"19 mai 2016","format":false,"excerpt":"Au d\u00e9but de son existence, la Maison Gravereaux\u00a0commercialise sa production et \u00e9tablit sa r\u00e9putation par son seul nom de famille; dans son catalogue de 1910, la Manufacture de cols et manchettes R.\u00a0Gravereaux donne bien un nom \u00e0 ses divers produits (un col\u00a0Billy, des manchettes\u00a0Alvarez, un plastron Ruy Blas, etc.), mais\u2026","rel":"","context":"Article similaire","block_context":{"text":"Article similaire","link":""},"img":{"alt_text":"1910 EtsGr - Cat p07a_wp","src":"https:\/\/i0.wp.com\/lesgravereaux.marret.co\/wp-content\/uploads\/2016\/05\/1910-EtsGr-Cat-p07a_wp.jpg?resize=350%2C200","width":350,"height":200},"classes":[]},{"id":2856,"url":"https:\/\/lesgravereaux.marret.co\/index.php\/les-etablissements-gravereaux\/boulogne-lusine\/","url_meta":{"origin":4331,"position":3},"title":"Boulogne &#8211; l&rsquo;usine","author":"marretgravereaux","date":"20 mai 2016","format":false,"excerpt":"Au cours de leur demi-si\u00e8cle d\u2019existence, Les \u00c9tablissements Gravereaux ont fabriqu\u00e9 leurs produits dans plusieurs manufactures et ateliers. D\u00e8s 1910, l\u2019usine de Boulogne-sur-Seine a \u00e9t\u00e9 au centre de leurs op\u00e9rations, tant pour la fabrication de cols que, pendant la guerre de 1914-1918, pour celles des masques \u00e0 gaz. Toutefois, des\u2026","rel":"","context":"Article similaire","block_context":{"text":"Article similaire","link":""},"img":{"alt_text":"Brassac-les-Mines - Ets Gravereaux 2a_wp","src":"https:\/\/i0.wp.com\/lesgravereaux.marret.co\/wp-content\/uploads\/2016\/05\/Brassac-les-Mines-Ets-Gravereaux-2a_wp.jpg?resize=350%2C200","width":350,"height":200},"classes":[]},{"id":4497,"url":"https:\/\/lesgravereaux.marret.co\/index.php\/les-etablissements-gravereaux\/les-etablissements-gravereaux-dans-la-presse\/","url_meta":{"origin":4331,"position":4},"title":"Les \u00c9tablissements Gravereaux&#8230; dans la presse","author":"marretgravereaux","date":"12 juillet 2016","format":false,"excerpt":"Au cours de son demi-si\u00e8cle d'existence, la Maison Gravereaux a fait l'objet de plusieurs reportages dans la presse \u00e9crite ou audiovisuelle. Les plus importants sont indiqu\u00e9s ci-apr\u00e8s; la liste\u00a0est certainement incompl\u00e8te et le lecteur est invit\u00e9 \u00e0 communiquer avec l'\u00e9dimestre responsable de ce site pour lui en sugg\u00e9rer d'autres. 1938,\u2026","rel":"","context":"Article similaire","block_context":{"text":"Article similaire","link":""},"img":{"alt_text":"","src":"","width":0,"height":0},"classes":[]},{"id":3116,"url":"https:\/\/lesgravereaux.marret.co\/index.php\/les-etablissements-gravereaux\/les-produits-des-etablissements-gravereaux\/","url_meta":{"origin":4331,"position":5},"title":"Les produits des \u00c9tablissements Gravereaux","author":"marretgravereaux","date":"25 mai 2016","format":false,"excerpt":"Lorsqu\u2019en 1910 Ren\u00e9 Gravereaux s\u2019associe avec Gaston Chastel, c\u2019est pour cr\u00e9er une Manufacture de cols et manchettes, avec, pour objet la fabrication, le commerce et le blanchissage \u00e0 neuf de ces articles La Premi\u00e8re Guerre mondiale am\u00e8ne la Maison Gravereaux \u00e0 se lancer dans la fabrication de masques \u00e0 gaz\u2026","rel":"","context":"Article similaire","block_context":{"text":"Article similaire","link":""},"img":{"alt_text":"1910 EtsGr - Cat p11a_wp","src":"https:\/\/i0.wp.com\/lesgravereaux.marret.co\/wp-content\/uploads\/2016\/05\/1910-EtsGr-Cat-p11a_wp.jpg?resize=350%2C200","width":350,"height":200},"classes":[]}],"_links":{"self":[{"href":"https:\/\/lesgravereaux.marret.co\/index.php\/wp-json\/wp\/v2\/pages\/4331","targetHints":{"allow":["GET"]}}],"collection":[{"href":"https:\/\/lesgravereaux.marret.co\/index.php\/wp-json\/wp\/v2\/pages"}],"about":[{"href":"https:\/\/lesgravereaux.marret.co\/index.php\/wp-json\/wp\/v2\/types\/page"}],"author":[{"embeddable":true,"href":"https:\/\/lesgravereaux.marret.co\/index.php\/wp-json\/wp\/v2\/users\/1"}],"replies":[{"embeddable":true,"href":"https:\/\/lesgravereaux.marret.co\/index.php\/wp-json\/wp\/v2\/comments?post=4331"}],"version-history":[{"count":0,"href":"https:\/\/lesgravereaux.marret.co\/index.php\/wp-json\/wp\/v2\/pages\/4331\/revisions"}],"up":[{"embeddable":true,"href":"https:\/\/lesgravereaux.marret.co\/index.php\/wp-json\/wp\/v2\/pages\/3116"}],"wp:attachment":[{"href":"https:\/\/lesgravereaux.marret.co\/index.php\/wp-json\/wp\/v2\/media?parent=4331"}],"curies":[{"name":"wp","href":"https:\/\/api.w.org\/{rel}","templated":true}]}}