{"id":3752,"date":"2016-06-21T00:35:26","date_gmt":"2016-06-20T23:35:26","guid":{"rendered":"http:\/\/lesgravereaux.marret.co\/?page_id=3752"},"modified":"2017-08-14T23:41:31","modified_gmt":"2017-08-14T22:41:31","slug":"la-medaille-dor-de-la-ville-de-paris-1909","status":"publish","type":"page","link":"https:\/\/lesgravereaux.marret.co\/index.php\/jules-gravereaux\/jules-gravereaux-honneurs-et-medailles\/la-medaille-dor-de-la-ville-de-paris-1909\/","title":{"rendered":"La m\u00e9daille d&rsquo;or de la ville de Paris (1909)"},"content":{"rendered":"<h3 style=\"text-align: center;\"><strong><a href=\"https:\/\/i0.wp.com\/lesgravereaux.marret.co\/wp-content\/uploads\/2016\/06\/1909-06-26-Bulletin-municipal-officiel-Titre_wp.jpg?ssl=1\"><img data-recalc-dims=\"1\" loading=\"lazy\" decoding=\"async\" data-attachment-id=\"3754\" data-permalink=\"https:\/\/lesgravereaux.marret.co\/index.php\/jules-gravereaux\/jules-gravereaux-honneurs-et-medailles\/la-medaille-dor-de-la-ville-de-paris-1909\/1909-06-26-bulletin-municipal-officiel-titre_wp\/\" data-orig-file=\"https:\/\/i0.wp.com\/lesgravereaux.marret.co\/wp-content\/uploads\/2016\/06\/1909-06-26-Bulletin-municipal-officiel-Titre_wp.jpg?fit=886%2C347&amp;ssl=1\" data-orig-size=\"886,347\" data-comments-opened=\"1\" data-image-meta=\"{&quot;aperture&quot;:&quot;0&quot;,&quot;credit&quot;:&quot;&quot;,&quot;camera&quot;:&quot;&quot;,&quot;caption&quot;:&quot;&quot;,&quot;created_timestamp&quot;:&quot;0&quot;,&quot;copyright&quot;:&quot;&quot;,&quot;focal_length&quot;:&quot;0&quot;,&quot;iso&quot;:&quot;0&quot;,&quot;shutter_speed&quot;:&quot;0&quot;,&quot;title&quot;:&quot;&quot;,&quot;orientation&quot;:&quot;1&quot;}\" data-image-title=\"1909-06-26 Bulletin municipal officiel (Titre)_wp\" data-image-description=\"\" data-image-caption=\"\" data-medium-file=\"https:\/\/i0.wp.com\/lesgravereaux.marret.co\/wp-content\/uploads\/2016\/06\/1909-06-26-Bulletin-municipal-officiel-Titre_wp.jpg?fit=300%2C117&amp;ssl=1\" data-large-file=\"https:\/\/i0.wp.com\/lesgravereaux.marret.co\/wp-content\/uploads\/2016\/06\/1909-06-26-Bulletin-municipal-officiel-Titre_wp.jpg?fit=640%2C251&amp;ssl=1\" width=\"640\" height=\"251\" class=\"alignnone size-full wp-image-3754\" alt=\"1909-06-26 Bulletin municipal officiel (Titre)_wp\" src=\"https:\/\/i0.wp.com\/lesgravereaux.marret.co\/wp-content\/uploads\/2016\/06\/1909-06-26-Bulletin-municipal-officiel-Titre_wp.jpg?resize=640%2C251&#038;ssl=1\" data-wp-pid=\"3754\" srcset=\"https:\/\/i0.wp.com\/lesgravereaux.marret.co\/wp-content\/uploads\/2016\/06\/1909-06-26-Bulletin-municipal-officiel-Titre_wp.jpg?w=886&amp;ssl=1 886w, https:\/\/i0.wp.com\/lesgravereaux.marret.co\/wp-content\/uploads\/2016\/06\/1909-06-26-Bulletin-municipal-officiel-Titre_wp.jpg?resize=300%2C117&amp;ssl=1 300w, https:\/\/i0.wp.com\/lesgravereaux.marret.co\/wp-content\/uploads\/2016\/06\/1909-06-26-Bulletin-municipal-officiel-Titre_wp.jpg?resize=768%2C301&amp;ssl=1 768w, https:\/\/i0.wp.com\/lesgravereaux.marret.co\/wp-content\/uploads\/2016\/06\/1909-06-26-Bulletin-municipal-officiel-Titre_wp.jpg?resize=800%2C313&amp;ssl=1 800w, https:\/\/i0.wp.com\/lesgravereaux.marret.co\/wp-content\/uploads\/2016\/06\/1909-06-26-Bulletin-municipal-officiel-Titre_wp.jpg?resize=600%2C235&amp;ssl=1 600w\" sizes=\"auto, (max-width: 640px) 100vw, 640px\" \/><\/a><\/strong><\/h3>\n<h3><strong>3<\/strong><strong>1. \u2013 Attribution d\u2019une m\u00e9daille d\u2019or \u00e0 M.&nbsp;Gravereaux<\/strong><\/h3>\n<p><strong>M. Quentin-Bauchart<\/strong> \u2014 Messieurs, la roseraie cr\u00e9\u00e9e \u00e0 Bagatelle en 1906, actuellement en pleine floraison, fait l&rsquo;admiration de tous. Votre jury du concours de la rose qui s\u2019y est r\u00e9cemment transport\u00e9 et qui a pu juger de l&rsquo;effort tent\u00e9, n&rsquo;a pas m\u00e9nag\u00e9 aux organisateurs ses f\u00e9licitations et ses encouragements.<\/p>\n<p>Or, cette roseraie a \u00e9t\u00e9 cr\u00e9\u00e9e par les soins de M.&nbsp;Jules Gravereaux d&rsquo;accord avec M.&nbsp;Forestier, notre d\u00e9vou\u00e9 conservateur du bois de Boulogne. M.&nbsp;Gravereaux y planta plus de quinze cents esp\u00e8ces prises parmi les dix mille vari\u00e9t\u00e9s de sa c\u00e9l\u00e8bre roseraie de L&rsquo;Ha\u00ff.<\/p>\n<p>Ce cadeau princier fut accept\u00e9 par une lettre du Pr\u00e9fet de la Seine qui disait ceci&nbsp;:<\/p>\n<blockquote><p>\u00ab&nbsp;J&rsquo;ai l&rsquo;honneur d&rsquo;accepter au nom de la ville de Paris le don gracieux que vous voulez bien lui faire et qui permettra aux Parisiens et aux visiteurs de France et de l&rsquo;\u00e9tranger ainsi qu&rsquo;\u00e0 tous ceux qui s&rsquo;int\u00e9ressent aux fleurs, de conna\u00eetre les si belles collections que vous avez r\u00e9unies.<\/p>\n<p>\u00ab&nbsp;Je suis heureux que Bagatelle puisse en cette occasion servir \u00e0 rendre vos longs travaux utiles \u00e0 tous, et particuli\u00e8rement \u00e0 Paris, en mettant sous les yeux du publie les r\u00e9sultats de l&rsquo;\u0153uvre, tr\u00e8s compl\u00e8te, que vous avez su mener \u00e0 bien \u00e0 L&rsquo;Ha\u00ff.&nbsp;\u00bb<\/p><\/blockquote>\n<p>Messieurs, aujourd&rsquo;hui que la tentative a pleinement r\u00e9ussi, que chacun peut juger de la g\u00e9n\u00e9rosit\u00e9 de l&rsquo;habile rosi\u00e9riste, cr\u00e9ateur de la roseraie de Bagatelle, il serait parfaitement injuste que la ville de Paris ne r\u00e9compens\u00e2t pas d&rsquo;une fa\u00e7on exceptionnelle le g\u00e9n\u00e9reux donateur \u00e0 qui nous devons une des curiosit\u00e9s du bois de Boulogne.<\/p>\n<p>J&rsquo;ai donc l&rsquo;honneur, au nom de mon coll\u00e8gue Paul Escudier et au mien, de vous demander, d&rsquo;accord avec M. le Pr\u00e9fet de la Seine, de d\u00e9cider qu&rsquo;une m\u00e9daille d&rsquo;or serait, par les soins du Bureau, attribu\u00e9e \u00e0 M.&nbsp;Jules Gravereaux par la ville de Paris, pour le remercier de ce qu&rsquo;il a fait pour elle.<\/p>\n<p>Je suis persuad\u00e9, Messieurs, que je r\u00e9unirai l&rsquo;unanimit\u00e9 d&rsquo;entre vous.<\/p>\n<p><strong>M. Paul Escudier. \u2014 <\/strong>Messieurs, je viens appuyer la proposition de mon coll\u00e8gue Quentin-Bauchart, \u00e0 laquelle j&rsquo;ai voulu m&rsquo;associer, car elle a pour but de rendre hommage \u00e0 la g\u00e9n\u00e9reuse initiative de M.&nbsp;Gravereaux, dont tous les Parisiens amis des roses ont approuv\u00e9 le projet et qui a contribu\u00e9 \u00e0 l&#8217;embellissement de notre beau domaine de Bagatelle.<\/p>\n<p><strong> M. le Pr\u00e9fet de la Seine. \u2014 <\/strong>J&rsquo;ai \u00e0 peine besoin de vous dire, Messieurs, que je joins mes instances les plus vives \u00e0 celles de l&rsquo;honorable M.&nbsp;Quentin-Bauchart et je pense que c&rsquo;est d&rsquo;un sentiment unanime que le Conseil accueillera les conclusions qui lui sont pr\u00e9sent\u00e9es.<\/p>\n<p>Adopt\u00e9 (1909, C.)<\/p>\n<hr>\n<p style=\"text-align: center;\"><span style=\"text-decoration: underline;\"><strong>Dans la presse&#8230;<\/strong><\/span><\/p>\n<p><a href=\"https:\/\/i0.wp.com\/lesgravereaux.marret.co\/wp-content\/uploads\/2016\/06\/1909-09-Journal-des-roses-p135_wp.jpg?ssl=1\"><img data-recalc-dims=\"1\" loading=\"lazy\" decoding=\"async\" data-attachment-id=\"3757\" data-permalink=\"https:\/\/lesgravereaux.marret.co\/index.php\/jules-gravereaux\/jules-gravereaux-honneurs-et-medailles\/la-medaille-dor-de-la-ville-de-paris-1909\/1909-1911-journal-des-roses-pdf-2\/\" data-orig-file=\"https:\/\/i0.wp.com\/lesgravereaux.marret.co\/wp-content\/uploads\/2016\/06\/1909-09-Journal-des-roses-p135_wp.jpg?fit=591%2C798&amp;ssl=1\" data-orig-size=\"591,798\" data-comments-opened=\"1\" data-image-meta=\"{&quot;aperture&quot;:&quot;0&quot;,&quot;credit&quot;:&quot;Jean-Luc&quot;,&quot;camera&quot;:&quot;&quot;,&quot;caption&quot;:&quot;&quot;,&quot;created_timestamp&quot;:&quot;0&quot;,&quot;copyright&quot;:&quot;&quot;,&quot;focal_length&quot;:&quot;0&quot;,&quot;iso&quot;:&quot;0&quot;,&quot;shutter_speed&quot;:&quot;0&quot;,&quot;title&quot;:&quot;1909-1911 Journal des roses.pdf&quot;,&quot;orientation&quot;:&quot;1&quot;}\" data-image-title=\"1909-1911 Journal des roses.pdf\" data-image-description=\"\" data-image-caption=\"\" data-medium-file=\"https:\/\/i0.wp.com\/lesgravereaux.marret.co\/wp-content\/uploads\/2016\/06\/1909-09-Journal-des-roses-p135_wp.jpg?fit=222%2C300&amp;ssl=1\" data-large-file=\"https:\/\/i0.wp.com\/lesgravereaux.marret.co\/wp-content\/uploads\/2016\/06\/1909-09-Journal-des-roses-p135_wp.jpg?fit=591%2C798&amp;ssl=1\" width=\"290\" height=\"391\" class=\"alignnone wp-image-3757\" alt=\"1909-1911 Journal des roses.pdf\" src=\"https:\/\/i0.wp.com\/lesgravereaux.marret.co\/wp-content\/uploads\/2016\/06\/1909-09-Journal-des-roses-p135_wp.jpg?resize=290%2C391&#038;ssl=1\" data-wp-pid=\"3757\" srcset=\"https:\/\/i0.wp.com\/lesgravereaux.marret.co\/wp-content\/uploads\/2016\/06\/1909-09-Journal-des-roses-p135_wp.jpg?w=591&amp;ssl=1 591w, https:\/\/i0.wp.com\/lesgravereaux.marret.co\/wp-content\/uploads\/2016\/06\/1909-09-Journal-des-roses-p135_wp.jpg?resize=222%2C300&amp;ssl=1 222w, https:\/\/i0.wp.com\/lesgravereaux.marret.co\/wp-content\/uploads\/2016\/06\/1909-09-Journal-des-roses-p135_wp.jpg?resize=444%2C600&amp;ssl=1 444w\" sizes=\"auto, (max-width: 290px) 100vw, 290px\" \/><\/a> <a href=\"https:\/\/i0.wp.com\/lesgravereaux.marret.co\/wp-content\/uploads\/2016\/06\/1909-12-15-La-vie-%C3%A0-la-campagne-pLXVI_wp.jpg?ssl=1\"><img data-recalc-dims=\"1\" loading=\"lazy\" decoding=\"async\" data-attachment-id=\"3758\" data-permalink=\"https:\/\/lesgravereaux.marret.co\/index.php\/jules-gravereaux\/jules-gravereaux-honneurs-et-medailles\/la-medaille-dor-de-la-ville-de-paris-1909\/1909-12-15-la-vie-a-la-campagne-plxvi_wp\/\" data-orig-file=\"https:\/\/i0.wp.com\/lesgravereaux.marret.co\/wp-content\/uploads\/2016\/06\/1909-12-15-La-vie-%C3%A0-la-campagne-pLXVI_wp.jpg?fit=591%2C513&amp;ssl=1\" data-orig-size=\"591,513\" data-comments-opened=\"1\" data-image-meta=\"{&quot;aperture&quot;:&quot;0&quot;,&quot;credit&quot;:&quot;&quot;,&quot;camera&quot;:&quot;&quot;,&quot;caption&quot;:&quot;&quot;,&quot;created_timestamp&quot;:&quot;0&quot;,&quot;copyright&quot;:&quot;&quot;,&quot;focal_length&quot;:&quot;0&quot;,&quot;iso&quot;:&quot;0&quot;,&quot;shutter_speed&quot;:&quot;0&quot;,&quot;title&quot;:&quot;&quot;,&quot;orientation&quot;:&quot;1&quot;}\" data-image-title=\"1909-12-15 La vie \u00e0 la campagne pLXVI_wp\" data-image-description=\"\" data-image-caption=\"\" data-medium-file=\"https:\/\/i0.wp.com\/lesgravereaux.marret.co\/wp-content\/uploads\/2016\/06\/1909-12-15-La-vie-%C3%A0-la-campagne-pLXVI_wp.jpg?fit=300%2C260&amp;ssl=1\" data-large-file=\"https:\/\/i0.wp.com\/lesgravereaux.marret.co\/wp-content\/uploads\/2016\/06\/1909-12-15-La-vie-%C3%A0-la-campagne-pLXVI_wp.jpg?fit=591%2C513&amp;ssl=1\" width=\"332\" height=\"288\" class=\"alignnone wp-image-3758\" alt=\"1909-12-15 La vie \u00e0 la campagne pLXVI_wp\" src=\"https:\/\/i0.wp.com\/lesgravereaux.marret.co\/wp-content\/uploads\/2016\/06\/1909-12-15-La-vie-%C3%A0-la-campagne-pLXVI_wp.jpg?resize=332%2C288&#038;ssl=1\" data-wp-pid=\"3758\" srcset=\"https:\/\/i0.wp.com\/lesgravereaux.marret.co\/wp-content\/uploads\/2016\/06\/1909-12-15-La-vie-%C3%A0-la-campagne-pLXVI_wp.jpg?w=591&amp;ssl=1 591w, https:\/\/i0.wp.com\/lesgravereaux.marret.co\/wp-content\/uploads\/2016\/06\/1909-12-15-La-vie-%C3%A0-la-campagne-pLXVI_wp.jpg?resize=300%2C260&amp;ssl=1 300w\" sizes=\"auto, (max-width: 332px) 100vw, 332px\" \/><\/a><\/p>\n<p><em>&nbsp;&nbsp;&nbsp;&nbsp; <span style=\"font-size: 10pt;\">Journal des Roses, septembre 1909<\/span> &nbsp; &nbsp; &nbsp; &nbsp; &nbsp; &nbsp; &nbsp; &nbsp; &nbsp; &nbsp; &nbsp; &nbsp; &nbsp; &nbsp; <span style=\"font-size: 10pt;\">La vie \u00e0 la campagne, 15 d\u00e9cembre 1909<\/span><\/em><\/p>\n<p>&nbsp;<\/p>\n","protected":false},"excerpt":{"rendered":"<p>31. \u2013 Attribution d\u2019une m\u00e9daille d\u2019or \u00e0 M.&nbsp;Gravereaux M. Quentin-Bauchart \u2014 Messieurs, la roseraie cr\u00e9\u00e9e \u00e0 Bagatelle en 1906, actuellement en pleine floraison, fait l&rsquo;admiration de tous. Votre jury du concours de la rose qui s\u2019y est r\u00e9cemment transport\u00e9 et &hellip; <a href=\"https:\/\/lesgravereaux.marret.co\/index.php\/jules-gravereaux\/jules-gravereaux-honneurs-et-medailles\/la-medaille-dor-de-la-ville-de-paris-1909\/\">Continuer la lecture <span class=\"meta-nav\">&rarr;<\/span><\/a><\/p>\n","protected":false},"author":1,"featured_media":0,"parent":3720,"menu_order":0,"comment_status":"closed","ping_status":"closed","template":"","meta":{"ngg_post_thumbnail":0,"jetpack_post_was_ever_published":false,"footnotes":""},"class_list":["post-3752","page","type-page","status-publish","hentry"],"jetpack_sharing_enabled":true,"jetpack_shortlink":"https:\/\/wp.me\/P7ERyi-Yw","jetpack-related-posts":[{"id":3720,"url":"https:\/\/lesgravereaux.marret.co\/index.php\/jules-gravereaux\/jules-gravereaux-honneurs-et-medailles\/","url_meta":{"origin":3752,"position":0},"title":"Jules Gravereaux &#8211; Honneurs et m\u00e9dailles","author":"marretgravereaux","date":"19 juin 2016","format":false,"excerpt":"Jules Gravereaux a acquis la propri\u00e9t\u00e9 de L\u2019Ha\u00ff en 1892 et il commen\u00e7a \u00e0 y installer une collection de roses vers 1894. Mais ce n\u2019est qu\u2019en 1899 qu\u2019\u00c9douard Andr\u00e9, architecte-paysager reconnu cr\u00e9a la premi\u00e8re roseraie. Celle-ci acquit tr\u00e8s rapidement une notori\u00e9t\u00e9 internationale, la publication de l\u2019inventaire des collections et l\u2019article\u2026","rel":"","context":"Article similaire","block_context":{"text":"Article similaire","link":""},"img":{"alt_text":"Jules Gravereaux - OG053c","src":"https:\/\/i0.wp.com\/lesgravereaux.marret.co\/wp-content\/uploads\/2015\/10\/Jules-Gravereaux-OG053c-e1466353135600-649x1024.jpg?resize=350%2C200","width":350,"height":200},"classes":[]},{"id":1798,"url":"https:\/\/lesgravereaux.marret.co\/index.php\/jules-gravereaux\/jules-gravereaux-ses-ecrits\/","url_meta":{"origin":3752,"position":1},"title":"Jules Gravereaux &#8211; Ses \u00e9crits","author":"marretgravereaux","date":"23 avril 2016","format":false,"excerpt":"Jules Gravereaux\u00a0s'est aussi fait conna\u00eetre dans le monde de la rose comme un auteur. De 1899 \u00e0 1914, il a publi\u00e9 trois inventaires de la roseraie, les r\u00e9sultats de plusieurs de ses recherches ainsi que divers articles dans des revues horticoles. Toutefois,\u00a0par humilit\u00e9 et par respect pour ses collaborateurs, un\u2026","rel":"","context":"Article similaire","block_context":{"text":"Article similaire","link":""},"img":{"alt_text":"File0032a","src":"https:\/\/i0.wp.com\/lesgravereaux.marret.co\/wp-content\/uploads\/2015\/10\/File0032a.jpg?resize=350%2C200","width":350,"height":200},"classes":[]},{"id":3684,"url":"https:\/\/lesgravereaux.marret.co\/index.php\/jules-gravereaux\/des-evenements-de-sa-vie\/biographie-de-jules-gravereaux-par-jean-luc-marret\/","url_meta":{"origin":3752,"position":2},"title":"Biographie de Jules Gravereaux (par Jean-Luc Marret)","author":"marretgravereaux","date":"17 juin 2016","format":false,"excerpt":"Discours d'hommage prononc\u00e9 par Jean-Luc Marret, son arri\u00e8re-petit-fils, le 23 mars 2016, au cimeti\u00e8re du Montparnasse, \u00e0 l'occasion d'une c\u00e9r\u00e9monie comm\u00e9morant le centi\u00e8me anniversaire de son d\u00e9c\u00e8s. Cadet de la famille, Jules Gravereaux na\u00eet le 1er mai 1844 \u00e0 Vitry-sur-Seine. Originaire du Bordelais, son arri\u00e8re-grand-p\u00e8re \u00e9tait venu s\u2019installer l\u00e0 un\u2026","rel":"","context":"Article similaire","block_context":{"text":"Article similaire","link":""},"img":{"alt_text":"2016-03-23 Cimeti\u00e8re Montparnasse RLM_1754a_wp","src":"https:\/\/i0.wp.com\/lesgravereaux.marret.co\/wp-content\/uploads\/2016\/06\/2016-03-23-Cimeti%C3%A8re-Montparnasse-RLM_1754a_wp.jpg?resize=350%2C200","width":350,"height":200},"classes":[]},{"id":688,"url":"https:\/\/lesgravereaux.marret.co\/index.php\/jules-gravereaux\/des-evenements-de-sa-vie\/jules-gravereaux-son-deces\/le-deces-de-jules-gravereaux\/","url_meta":{"origin":3752,"position":3},"title":"Le d\u00e9c\u00e8s de Jules Gravereaux &#8211; dans la presse fran\u00e7aise","author":"marretgravereaux","date":"8 mars 2016","format":false,"excerpt":"Jules Gravereaux est d\u00e9c\u00e9d\u00e9 le 23 mars 1916, \u00e0 son domicile du 4, avenue de Villars.\u00a0Ses obs\u00e8ques eurent lieu deux jours plus tard, en l'\u00e9glise Saint-Fran\u00e7ois-Xavier. \u00a0 \u00a0 Dans les journaux, plusieurs hommages lui furent rendus... Avant-hier ont \u00e9t\u00e9, c\u00e9l\u00e9br\u00e9es, \u00e0 midi, en l'\u00e9glise Saint-Fran\u00e7ois-Xavier, en pr\u00e9sence d'une assistance nombreuse,\u2026","rel":"","context":"Article similaire","block_context":{"text":"Article similaire","link":""},"img":{"alt_text":"1916-03-25 Gravereaux, Jules - Enterrement - JLM0348_wp","src":"https:\/\/i0.wp.com\/marret.co\/wp-content\/uploads\/2016\/03\/1916-03-25-Gravereaux-Jules-Enterrement-JLM0348_wp-1024x708.jpg?resize=350%2C200","width":350,"height":200},"classes":[]},{"id":807,"url":"https:\/\/lesgravereaux.marret.co\/index.php\/jules-gravereaux\/portraits-de-jules-gravereaux\/","url_meta":{"origin":3752,"position":4},"title":"Portraits de Jules Gravereaux","author":"marretgravereaux","date":"10 mars 2016","format":false,"excerpt":"Tableau Portrait de Jules Gravereaux dans la roseraie de L\u2019Ha\u00ff\u00a0\u00a0 par Charles-Paul RENOUARD (1841-1919)\u00a0 Source : Archives d\u00e9partementales du Val-de-Marne \u00a0 M\u00e9daille M\u00e9daille\u00a0(38mm, fini bronze) con\u00e7ue par Jean-Luc Marret et frapp\u00e9e par l'atelier mon\u00e9taire\u00a0Pressed Metal Products\u00a0de Vancouver (Canada). Pour plus de d\u00e9tails et commande s'adresser \u00e0\u00a0Jean-Luc Marret. \u00a0 Buste R\u00e9alis\u00e9\u2026","rel":"","context":"Article similaire","block_context":{"text":"Article similaire","link":""},"img":{"alt_text":"Renouard, Charles-Paul (47 J 245)_wp","src":"https:\/\/i0.wp.com\/marret.co\/wp-content\/uploads\/2016\/03\/Renouard-Charles-Paul-47-J-245_wp-1024x743.jpg?resize=350%2C200","width":350,"height":200},"classes":[]},{"id":5400,"url":"https:\/\/lesgravereaux.marret.co\/index.php\/jules-gravereaux\/jules-gravereaux-honneurs-et-medailles\/jules-gravereaux-a-lexposition-universelle-de-1900\/","url_meta":{"origin":3752,"position":5},"title":"Jules Gravereaux, \u00e0 l&rsquo;Exposition universelle de 1900","author":"marretgravereaux","date":"14 ao\u00fbt 2017","format":false,"excerpt":"En 1900, Jules Gravereaux a cr\u00e9\u00e9 la roseraie de L\u2019Ha\u00ff, r\u00e9uni dans celle-ci une imposante collection de roses et r\u00e9dig\u00e9 ses premi\u00e8res publications. Il d\u00e9cide de participer \u00e0 l\u2019Exposition Universelle Internationale et il s\u2019inscrit dans le groupe VIII destin\u00e9 \u00e0 l\u2019horticulture; plus pr\u00e9cis\u00e9ment, dans la classe 43 r\u00e9serv\u00e9e au Mat\u00e9riel\u2026","rel":"","context":"Article similaire","block_context":{"text":"Article similaire","link":""},"img":{"alt_text":"","src":"https:\/\/i0.wp.com\/lesgravereaux.marret.co\/wp-content\/uploads\/2017\/08\/Chaplain-Exposition-universelle-1900-63mm-24-2a_wp.jpg?resize=350%2C200","width":350,"height":200},"classes":[]}],"_links":{"self":[{"href":"https:\/\/lesgravereaux.marret.co\/index.php\/wp-json\/wp\/v2\/pages\/3752","targetHints":{"allow":["GET"]}}],"collection":[{"href":"https:\/\/lesgravereaux.marret.co\/index.php\/wp-json\/wp\/v2\/pages"}],"about":[{"href":"https:\/\/lesgravereaux.marret.co\/index.php\/wp-json\/wp\/v2\/types\/page"}],"author":[{"embeddable":true,"href":"https:\/\/lesgravereaux.marret.co\/index.php\/wp-json\/wp\/v2\/users\/1"}],"replies":[{"embeddable":true,"href":"https:\/\/lesgravereaux.marret.co\/index.php\/wp-json\/wp\/v2\/comments?post=3752"}],"version-history":[{"count":0,"href":"https:\/\/lesgravereaux.marret.co\/index.php\/wp-json\/wp\/v2\/pages\/3752\/revisions"}],"up":[{"embeddable":true,"href":"https:\/\/lesgravereaux.marret.co\/index.php\/wp-json\/wp\/v2\/pages\/3720"}],"wp:attachment":[{"href":"https:\/\/lesgravereaux.marret.co\/index.php\/wp-json\/wp\/v2\/media?parent=3752"}],"curies":[{"name":"wp","href":"https:\/\/api.w.org\/{rel}","templated":true}]}}