{"id":3745,"date":"2016-06-20T01:17:25","date_gmt":"2016-06-20T00:17:25","guid":{"rendered":"http:\/\/lesgravereaux.marret.co\/?page_id=3745"},"modified":"2016-07-08T22:11:39","modified_gmt":"2016-07-08T21:11:39","slug":"jules-gravereaux-nomme-a-lordre-de-la-legion-dhonneur","status":"publish","type":"page","link":"https:\/\/lesgravereaux.marret.co\/index.php\/jules-gravereaux\/jules-gravereaux-honneurs-et-medailles\/jules-gravereaux-nomme-a-lordre-de-la-legion-dhonneur\/","title":{"rendered":"Jules Gravereaux nomm\u00e9 \u00e0 l&rsquo;Ordre de la L\u00e9gion d&rsquo;honneur"},"content":{"rendered":"<p><strong><a href=\"https:\/\/i0.wp.com\/lesgravereaux.marret.co\/wp-content\/uploads\/2016\/06\/L%C3%A9gion-dhonneur-Chevalier-m%C3%A9daille_wp.jpg?ssl=1\"><img data-recalc-dims=\"1\" loading=\"lazy\" decoding=\"async\" data-attachment-id=\"3740\" data-permalink=\"https:\/\/lesgravereaux.marret.co\/index.php\/jules-gravereaux\/jules-gravereaux-honneurs-et-medailles\/jules-gravereaux-nomme-a-lordre-de-la-legion-dhonneur\/legion-dhonneur-chevalier-medaille_wp\/\" data-orig-file=\"https:\/\/i0.wp.com\/lesgravereaux.marret.co\/wp-content\/uploads\/2016\/06\/L%C3%A9gion-dhonneur-Chevalier-m%C3%A9daille_wp.jpg?fit=235%2C591&amp;ssl=1\" data-orig-size=\"235,591\" data-comments-opened=\"1\" data-image-meta=\"{&quot;aperture&quot;:&quot;0&quot;,&quot;credit&quot;:&quot;&quot;,&quot;camera&quot;:&quot;&quot;,&quot;caption&quot;:&quot;&quot;,&quot;created_timestamp&quot;:&quot;0&quot;,&quot;copyright&quot;:&quot;&quot;,&quot;focal_length&quot;:&quot;0&quot;,&quot;iso&quot;:&quot;0&quot;,&quot;shutter_speed&quot;:&quot;0&quot;,&quot;title&quot;:&quot;&quot;,&quot;orientation&quot;:&quot;1&quot;}\" data-image-title=\"L\u00e9gion d&amp;rsquo;honneur &amp;#8211; Chevalier (m\u00e9daille)_wp\" data-image-description=\"\" data-image-caption=\"\" data-medium-file=\"https:\/\/i0.wp.com\/lesgravereaux.marret.co\/wp-content\/uploads\/2016\/06\/L%C3%A9gion-dhonneur-Chevalier-m%C3%A9daille_wp.jpg?fit=119%2C300&amp;ssl=1\" data-large-file=\"https:\/\/i0.wp.com\/lesgravereaux.marret.co\/wp-content\/uploads\/2016\/06\/L%C3%A9gion-dhonneur-Chevalier-m%C3%A9daille_wp.jpg?fit=235%2C591&amp;ssl=1\" class=\"wp-image-3740 alignright\" src=\"https:\/\/i0.wp.com\/lesgravereaux.marret.co\/wp-content\/uploads\/2016\/06\/L%C3%A9gion-dhonneur-Chevalier-m%C3%A9daille_wp.jpg?resize=110%2C277&#038;ssl=1\" alt=\"L\u00e9gion d'honneur - Chevalier (m\u00e9daille)_wp\" width=\"110\" height=\"277\" data-wp-pid=\"3740\" srcset=\"https:\/\/i0.wp.com\/lesgravereaux.marret.co\/wp-content\/uploads\/2016\/06\/L%C3%A9gion-dhonneur-Chevalier-m%C3%A9daille_wp.jpg?w=235&amp;ssl=1 235w, https:\/\/i0.wp.com\/lesgravereaux.marret.co\/wp-content\/uploads\/2016\/06\/L%C3%A9gion-dhonneur-Chevalier-m%C3%A9daille_wp.jpg?resize=119%2C300&amp;ssl=1 119w\" sizes=\"auto, (max-width: 110px) 100vw, 110px\" \/><\/a>Chevalier de la L\u00e9gion d\u2019honneur<\/strong><\/p>\n<p><em> Par d\u00e9crets du Pr\u00e9sident de la R\u00e9publique en date du 3 juin 1902, rendus sur la proposition du ministre de l&rsquo;Agriculture, apr\u00e8s d\u00e9claration du Conseil de l&rsquo;ordre national de la L\u00e9gion d&rsquo;honneur, en date du 2 juin 1902, portant que les nominations qui font l&rsquo;objet des d\u00e9crets susvis\u00e9s sont faites en conformit\u00e9 des lois, d\u00e9crets et r\u00e8glements en vigueur, ont \u00e9t\u00e9 nomm\u00e9s au grade de <strong>chevalier<\/strong> de la L\u00e9gion d&rsquo;honneur\u00a0:<\/em><\/p>\n<p style=\"padding-left: 30px;\"><em> M. Gravereaux (Jules-L\u00e9opold), rosi\u00e9riste L&rsquo;Hay (Seine). Membre de la soci\u00e9t\u00e9 nationale d&rsquo;horticulture de France. Cr\u00e9ation d&rsquo;une roseraie mod\u00e8le pour l&rsquo;\u00e9tude et la classification de toutes les vari\u00e9t\u00e9s de roses. Publication sur la culture des roses. Laur\u00e9at de l&rsquo;Exposition universelle de Paris 1889 et de nombreux concours et expositions en France et \u00e0 l&rsquo;\u00e9tranger, plus de 20 ans de pratique horticole.<\/em><\/p>\n<p style=\"text-align: right;\"><em>Journal officiel, 4 juin 1902, p.\u00a03841.<\/em><\/p>\n<p style=\"text-align: left;\"><span style=\"text-decoration: underline;\">Dans la presse horticole&#8230;<\/span><\/p>\n<p><em><a href=\"https:\/\/i0.wp.com\/lesgravereaux.marret.co\/wp-content\/uploads\/2016\/06\/1902-06-10-Le-moniteur-dhorticulture-p123_wp.jpg?ssl=1\"><img data-recalc-dims=\"1\" loading=\"lazy\" decoding=\"async\" data-attachment-id=\"3744\" data-permalink=\"https:\/\/lesgravereaux.marret.co\/index.php\/jules-gravereaux\/jules-gravereaux-honneurs-et-medailles\/jules-gravereaux-nomme-a-lordre-de-la-legion-dhonneur\/1902-le-moniteur-dhorticulture-pdf\/\" data-orig-file=\"https:\/\/i0.wp.com\/lesgravereaux.marret.co\/wp-content\/uploads\/2016\/06\/1902-06-10-Le-moniteur-dhorticulture-p123_wp.jpg?fit=417%2C886&amp;ssl=1\" data-orig-size=\"417,886\" data-comments-opened=\"1\" data-image-meta=\"{&quot;aperture&quot;:&quot;0&quot;,&quot;credit&quot;:&quot;Jean-Luc&quot;,&quot;camera&quot;:&quot;&quot;,&quot;caption&quot;:&quot;&quot;,&quot;created_timestamp&quot;:&quot;0&quot;,&quot;copyright&quot;:&quot;&quot;,&quot;focal_length&quot;:&quot;0&quot;,&quot;iso&quot;:&quot;0&quot;,&quot;shutter_speed&quot;:&quot;0&quot;,&quot;title&quot;:&quot;1902 - Le moniteur d&#039;horticulture.pdf&quot;,&quot;orientation&quot;:&quot;1&quot;}\" data-image-title=\"1902 &amp;#8211; Le moniteur d&amp;rsquo;horticulture.pdf\" data-image-description=\"\" data-image-caption=\"\" data-medium-file=\"https:\/\/i0.wp.com\/lesgravereaux.marret.co\/wp-content\/uploads\/2016\/06\/1902-06-10-Le-moniteur-dhorticulture-p123_wp.jpg?fit=141%2C300&amp;ssl=1\" data-large-file=\"https:\/\/i0.wp.com\/lesgravereaux.marret.co\/wp-content\/uploads\/2016\/06\/1902-06-10-Le-moniteur-dhorticulture-p123_wp.jpg?fit=417%2C886&amp;ssl=1\" class=\"wp-image-3744 alignleft\" src=\"https:\/\/i0.wp.com\/lesgravereaux.marret.co\/wp-content\/uploads\/2016\/06\/1902-06-10-Le-moniteur-dhorticulture-p123_wp.jpg?resize=208%2C442&#038;ssl=1\" alt=\"1902 - Le moniteur d'horticulture.pdf\" width=\"208\" height=\"442\" data-wp-pid=\"3744\" srcset=\"https:\/\/i0.wp.com\/lesgravereaux.marret.co\/wp-content\/uploads\/2016\/06\/1902-06-10-Le-moniteur-dhorticulture-p123_wp.jpg?w=417&amp;ssl=1 417w, https:\/\/i0.wp.com\/lesgravereaux.marret.co\/wp-content\/uploads\/2016\/06\/1902-06-10-Le-moniteur-dhorticulture-p123_wp.jpg?resize=141%2C300&amp;ssl=1 141w, https:\/\/i0.wp.com\/lesgravereaux.marret.co\/wp-content\/uploads\/2016\/06\/1902-06-10-Le-moniteur-dhorticulture-p123_wp.jpg?resize=282%2C600&amp;ssl=1 282w\" sizes=\"auto, (max-width: 208px) 100vw, 208px\" \/><\/a><\/em><\/p>\n<p>&nbsp;<\/p>\n<p><em>Nous adressons tout particuli\u00e8rement nos plus vives f\u00e9licitations au nouveau chevalier M.\u00a0Gravereaux, car, ainsi que nous l&rsquo;avons d\u00e9j\u00e0 dit, cet amateur distingu\u00e9 a su faire un bel usage d&rsquo;une fortune honn\u00eatement acquise comme associ\u00e9 clans la maison du Bon March\u00e9, et preuve d&rsquo;une grande intelligence, en cr\u00e9ant, \u00e0 L&rsquo;Hay, une \u0153uvre qui est autant d&rsquo;utilit\u00e9 g\u00e9n\u00e9rale et scientifique que d&rsquo;agr\u00e9ment personnel, aussi cette juste r\u00e9compense sera-t-elle favorablement accueillie par le monde horticole.<\/em><\/p>\n<p style=\"text-align: right;\"><em>\u00ab\u00a0Chronique \u2013 Au Minist\u00e8re de l\u2019Agriculture\u00a0\u00bb.<br \/>\nLe Moniteur d\u2019Horticulture. 10 juin 1902, p.123.<\/em><\/p>\n<p>&nbsp;<\/p>\n<p>&nbsp;<\/p>\n<p>&nbsp;<\/p>\n<p><a href=\"https:\/\/i0.wp.com\/lesgravereaux.marret.co\/wp-content\/uploads\/2016\/06\/L%C3%A9gion-dhonneur-Officier-m%C3%A9daille_wp.jpg?ssl=1\"><img data-recalc-dims=\"1\" loading=\"lazy\" decoding=\"async\" data-attachment-id=\"3741\" data-permalink=\"https:\/\/lesgravereaux.marret.co\/index.php\/jules-gravereaux\/jules-gravereaux-honneurs-et-medailles\/jules-gravereaux-nomme-a-lordre-de-la-legion-dhonneur\/legion-dhonneur-officier-medaille_wp\/\" data-orig-file=\"https:\/\/i0.wp.com\/lesgravereaux.marret.co\/wp-content\/uploads\/2016\/06\/L%C3%A9gion-dhonneur-Officier-m%C3%A9daille_wp.jpg?fit=243%2C591&amp;ssl=1\" data-orig-size=\"243,591\" data-comments-opened=\"1\" data-image-meta=\"{&quot;aperture&quot;:&quot;0&quot;,&quot;credit&quot;:&quot;&quot;,&quot;camera&quot;:&quot;&quot;,&quot;caption&quot;:&quot;&quot;,&quot;created_timestamp&quot;:&quot;0&quot;,&quot;copyright&quot;:&quot;&quot;,&quot;focal_length&quot;:&quot;0&quot;,&quot;iso&quot;:&quot;0&quot;,&quot;shutter_speed&quot;:&quot;0&quot;,&quot;title&quot;:&quot;&quot;,&quot;orientation&quot;:&quot;1&quot;}\" data-image-title=\"L\u00e9gion d&amp;rsquo;honneur &amp;#8211; Officier (m\u00e9daille)_wp\" data-image-description=\"\" data-image-caption=\"\" data-medium-file=\"https:\/\/i0.wp.com\/lesgravereaux.marret.co\/wp-content\/uploads\/2016\/06\/L%C3%A9gion-dhonneur-Officier-m%C3%A9daille_wp.jpg?fit=123%2C300&amp;ssl=1\" data-large-file=\"https:\/\/i0.wp.com\/lesgravereaux.marret.co\/wp-content\/uploads\/2016\/06\/L%C3%A9gion-dhonneur-Officier-m%C3%A9daille_wp.jpg?fit=243%2C591&amp;ssl=1\" class=\"wp-image-3741 alignright\" src=\"https:\/\/i0.wp.com\/lesgravereaux.marret.co\/wp-content\/uploads\/2016\/06\/L%C3%A9gion-dhonneur-Officier-m%C3%A9daille_wp.jpg?resize=114%2C277&#038;ssl=1\" alt=\"L\u00e9gion d'honneur - Officier (m\u00e9daille)_wp\" width=\"114\" height=\"277\" data-wp-pid=\"3741\" srcset=\"https:\/\/i0.wp.com\/lesgravereaux.marret.co\/wp-content\/uploads\/2016\/06\/L%C3%A9gion-dhonneur-Officier-m%C3%A9daille_wp.jpg?w=243&amp;ssl=1 243w, https:\/\/i0.wp.com\/lesgravereaux.marret.co\/wp-content\/uploads\/2016\/06\/L%C3%A9gion-dhonneur-Officier-m%C3%A9daille_wp.jpg?resize=123%2C300&amp;ssl=1 123w\" sizes=\"auto, (max-width: 114px) 100vw, 114px\" \/><\/a><\/p>\n<p><strong>Officier de la L\u00e9gion d\u2019honneur<\/strong><\/p>\n<p><em>Par d\u00e9cret en date du 15 mai 1910, rendu sur la proposition du ministre de l&rsquo;Agriculture, vu la d\u00e9lib\u00e9ration du conseil de l&rsquo;ordre de la L\u00e9gion d&rsquo;honneur en date du 13 mai 1910, portant que les promotions et nominations qui font l&rsquo;objet du pr\u00e9sent d\u00e9cret sont faites en conformit\u00e9 des lois, d\u00e9crets et r\u00e8glements en vigueur, ainsi que de la loi du 16 avril 1910, les personnes ci-apr\u00e8s d\u00e9sign\u00e9es ont \u00e9t\u00e9 promues ou nomin\u00e9es dans l&rsquo;ordre national de la L\u00e9gion d&rsquo;honneur :<\/em><\/p>\n<p><strong><em>Au grade d&rsquo;officier<\/em><\/strong><\/p>\n<p style=\"padding-left: 30px;\"><em> M. Gravereaux (Jules), propri\u00e9taire rosi\u00e9riste \u00e0 l&rsquo;Hay (Seine) : pr\u00e9sident d&rsquo;honneur de la soci\u00e9t\u00e9 fran\u00e7aise des rosi\u00e9ristes. Laur\u00e9at (concours temporaires) de l&rsquo;exposition franco-britannique de Londres. Chevalier du 3 juin 1902.<\/em><\/p>\n<p style=\"text-align: right;\"><em>Journal officiel, 16\u00a0mai 1910, p.\u00a04319.<\/em><\/p>\n","protected":false},"excerpt":{"rendered":"<p>Chevalier de la L\u00e9gion d\u2019honneur Par d\u00e9crets du Pr\u00e9sident de la R\u00e9publique en date du 3 juin 1902, rendus sur la proposition du ministre de l&rsquo;Agriculture, apr\u00e8s d\u00e9claration du Conseil de l&rsquo;ordre national de la L\u00e9gion d&rsquo;honneur, en date du &hellip; <a href=\"https:\/\/lesgravereaux.marret.co\/index.php\/jules-gravereaux\/jules-gravereaux-honneurs-et-medailles\/jules-gravereaux-nomme-a-lordre-de-la-legion-dhonneur\/\">Continuer la lecture <span class=\"meta-nav\">&rarr;<\/span><\/a><\/p>\n","protected":false},"author":1,"featured_media":0,"parent":3720,"menu_order":0,"comment_status":"closed","ping_status":"closed","template":"","meta":{"ngg_post_thumbnail":0,"jetpack_post_was_ever_published":false,"footnotes":""},"class_list":["post-3745","page","type-page","status-publish","hentry"],"jetpack_sharing_enabled":true,"jetpack_shortlink":"https:\/\/wp.me\/P7ERyi-Yp","jetpack-related-posts":[{"id":801,"url":"https:\/\/lesgravereaux.marret.co\/index.php\/jules-gravereaux\/des-evenements-de-sa-vie\/","url_meta":{"origin":3745,"position":0},"title":"Des \u00e9v\u00e8nements de sa vie","author":"marretgravereaux","date":"10 mars 2016","format":false,"excerpt":"\u00a0 1er mai 1844\u00a0: Na\u00eet \u00e0 Vitry-sur-Seine. 16 mars 1856\u00a0: Commence son premier emploi, chez Mr Caillaut rue du Bac. 5 septembre 1864\u00a0: Entre au Bon March\u00e9. 20 f\u00e9vrier 1866\u00a0: Quitte volontairement le Bon March\u00e9 pour entrer au Louvre. 1870\u00a0: Fait son service militaire dans la Garde Nationale de la\u2026","rel":"","context":"Article similaire","block_context":{"text":"Article similaire","link":""},"img":{"alt_text":"Roses de Malmaison - p03_wp","src":"https:\/\/i0.wp.com\/marret.co\/wp-content\/uploads\/2016\/03\/Roses-de-Malmaison-p03_wp.jpg?resize=350%2C200","width":350,"height":200},"classes":[]},{"id":1270,"url":"https:\/\/lesgravereaux.marret.co\/index.php\/jules-gravereaux\/portraits-de-jules-gravereaux\/a-la-une\/","url_meta":{"origin":3745,"position":1},"title":"Jules Gravereaux \u00e0 la une","author":"marretgravereaux","date":"19 mars 2016","format":false,"excerpt":"Dans son\u00a0num\u00e9ro du 1er\u00a0juin 1907, la revue La Vie \u00e0 la Campagne affiche un portrait de Jules Gravereaux, \u00e0 la une de sa section informative\u2026 Elle le pr\u00e9sente dans son bas de vignette. JULES GRAVEREAUX. Chevalier de la L\u00e9gion d'Honneur, Officier du M\u00e9rite Agricole, propri\u00e9taire de la Roseraie de l'Hay\u2026","rel":"","context":"Article similaire","block_context":{"text":"Article similaire","link":""},"img":{"alt_text":"1907-06-01 La vie a la campagne a_wp","src":"https:\/\/i0.wp.com\/marret.co\/wp-content\/uploads\/2016\/03\/1907-06-01-La-vie-a-la-campagne-a_wp-726x1024.jpg?resize=350%2C200","width":350,"height":200},"classes":[]},{"id":3720,"url":"https:\/\/lesgravereaux.marret.co\/index.php\/jules-gravereaux\/jules-gravereaux-honneurs-et-medailles\/","url_meta":{"origin":3745,"position":2},"title":"Jules Gravereaux &#8211; Honneurs et m\u00e9dailles","author":"marretgravereaux","date":"19 juin 2016","format":false,"excerpt":"Jules Gravereaux a acquis la propri\u00e9t\u00e9 de L\u2019Ha\u00ff en 1892 et il commen\u00e7a \u00e0 y installer une collection de roses vers 1894. Mais ce n\u2019est qu\u2019en 1899 qu\u2019\u00c9douard Andr\u00e9, architecte-paysager reconnu cr\u00e9a la premi\u00e8re roseraie. Celle-ci acquit tr\u00e8s rapidement une notori\u00e9t\u00e9 internationale, la publication de l\u2019inventaire des collections et l\u2019article\u2026","rel":"","context":"Article similaire","block_context":{"text":"Article similaire","link":""},"img":{"alt_text":"Jules Gravereaux - OG053c","src":"https:\/\/i0.wp.com\/lesgravereaux.marret.co\/wp-content\/uploads\/2015\/10\/Jules-Gravereaux-OG053c-e1466353135600-649x1024.jpg?resize=350%2C200","width":350,"height":200},"classes":[]},{"id":715,"url":"https:\/\/lesgravereaux.marret.co\/index.php\/jules-gravereaux\/des-evenements-de-sa-vie\/jules-gravereaux-sa-naissance\/","url_meta":{"origin":3745,"position":3},"title":"Jules Gravereaux &#8211; sa naissance","author":"marretgravereaux","date":"8 mars 2016","format":false,"excerpt":"\u00a0 \u00ab\u00a0L'An mil huit cent quarante quatre, le deux mai, neuf heures du matin, pardevant nous, Sassey, (Dominique, Louis), chevalier de la l\u00e9gion d'honneur, adjoint au maire de Vitry, d\u00e9l\u00e9gu\u00e9 pour remplir les fonctions d'officier public de l'\u00c9tat civil, est comparu le Sr Gravereaux, (Jean, Narcisse), menuisier, \u00e2g\u00e9 de trente\u2026","rel":"","context":"Article similaire","block_context":{"text":"Article similaire","link":""},"img":{"alt_text":"1844-05-02 GRAVEREAUX, Jules - Naissance_wp","src":"https:\/\/i0.wp.com\/marret.co\/wp-content\/uploads\/2016\/03\/1844-05-02-GRAVEREAUX-Jules-Naissance_wp-1024x575.jpg?resize=350%2C200","width":350,"height":200},"classes":[]},{"id":3735,"url":"https:\/\/lesgravereaux.marret.co\/index.php\/jules-gravereaux\/jules-gravereaux-honneurs-et-medailles\/jules-gravereaux-decore-du-merite-agricole\/","url_meta":{"origin":3745,"position":4},"title":"Jules Gravereaux d\u00e9cor\u00e9 du M\u00e9rite agricole","author":"marretgravereaux","date":"20 juin 2016","format":false,"excerpt":"Chevalier du M\u00e9rite agricole Par d\u00e9cret en date du 13 juillet 1900, rendu sur la proposition du ministre de l'Agriculture et par arr\u00eat\u00e9 du ministre de l'Agriculture en date du m\u00eame jour, la d\u00e9coration du M\u00e9rite agricole a \u00e9t\u00e9 conf\u00e9r\u00e9e aux personnes ci-apr\u00e8s d\u00e9sign\u00e9es\u00a0: Grade de chevalier. Gravereaux (Jules-L\u00e9opold), rosi\u00e9riste\u2026","rel":"","context":"Article similaire","block_context":{"text":"Article similaire","link":""},"img":{"alt_text":"M\u00e9rite agricole - Chevalier (m\u00e9daille)_wp","src":"https:\/\/i0.wp.com\/lesgravereaux.marret.co\/wp-content\/uploads\/2016\/06\/M%C3%A9rite-agricole-Chevalier-m%C3%A9daille_wp.jpg?resize=350%2C200","width":350,"height":200},"classes":[]},{"id":845,"url":"https:\/\/lesgravereaux.marret.co\/index.php\/jules-gravereaux\/jules-gravereaux-ses-ancetres\/germain-sebastien-graverot\/le-deces-de-germain-sebastien-graverot\/","url_meta":{"origin":3745,"position":5},"title":"Le d\u00e9c\u00e8s de Germain S\u00e9bastien Gravereaux","author":"marretgravereaux","date":"11 mars 2016","format":false,"excerpt":"\u00ab\u00a0L'An mil huit cent cinquante six, le onze f\u00e9vrier onze heures du matin, acte de d\u00e9c\u00e8s de Germain, S\u00e9bastien, Gravereaux,\u00a0sans profession, ag\u00e9 de quatre vingt six ans, n\u00e9 \u00e0 Vitry-sur-Seine le sept f\u00e9vrier mil sept cent soixante dix, y d\u00e9c\u00e9d\u00e9, le onze \u00e0 dix heures du soir, en son domicile\u2026","rel":"","context":"Article similaire","block_context":{"text":"Article similaire","link":""},"img":{"alt_text":"1856-02-11 GRAVEREAUX, Germain Sebastien - Deces_wp","src":"https:\/\/i0.wp.com\/marret.co\/wp-content\/uploads\/2016\/03\/1856-02-11-GRAVEREAUX-Germain-Sebastien-Deces_wp-1024x912.jpg?resize=350%2C200","width":350,"height":200},"classes":[]}],"_links":{"self":[{"href":"https:\/\/lesgravereaux.marret.co\/index.php\/wp-json\/wp\/v2\/pages\/3745","targetHints":{"allow":["GET"]}}],"collection":[{"href":"https:\/\/lesgravereaux.marret.co\/index.php\/wp-json\/wp\/v2\/pages"}],"about":[{"href":"https:\/\/lesgravereaux.marret.co\/index.php\/wp-json\/wp\/v2\/types\/page"}],"author":[{"embeddable":true,"href":"https:\/\/lesgravereaux.marret.co\/index.php\/wp-json\/wp\/v2\/users\/1"}],"replies":[{"embeddable":true,"href":"https:\/\/lesgravereaux.marret.co\/index.php\/wp-json\/wp\/v2\/comments?post=3745"}],"version-history":[{"count":0,"href":"https:\/\/lesgravereaux.marret.co\/index.php\/wp-json\/wp\/v2\/pages\/3745\/revisions"}],"up":[{"embeddable":true,"href":"https:\/\/lesgravereaux.marret.co\/index.php\/wp-json\/wp\/v2\/pages\/3720"}],"wp:attachment":[{"href":"https:\/\/lesgravereaux.marret.co\/index.php\/wp-json\/wp\/v2\/media?parent=3745"}],"curies":[{"name":"wp","href":"https:\/\/api.w.org\/{rel}","templated":true}]}}