{"id":3720,"date":"2016-06-19T17:29:01","date_gmt":"2016-06-19T16:29:01","guid":{"rendered":"http:\/\/lesgravereaux.marret.co\/?page_id=3720"},"modified":"2017-08-14T22:48:48","modified_gmt":"2017-08-14T21:48:48","slug":"jules-gravereaux-honneurs-et-medailles","status":"publish","type":"page","link":"https:\/\/lesgravereaux.marret.co\/index.php\/jules-gravereaux\/jules-gravereaux-honneurs-et-medailles\/","title":{"rendered":"Jules Gravereaux &#8211; Honneurs et m\u00e9dailles"},"content":{"rendered":"<p><a href=\"https:\/\/i0.wp.com\/lesgravereaux.marret.co\/wp-content\/uploads\/2015\/10\/Jules-Gravereaux-OG053c-e1466353135600.jpg?ssl=1\"><img data-recalc-dims=\"1\" loading=\"lazy\" decoding=\"async\" data-attachment-id=\"43\" data-permalink=\"https:\/\/lesgravereaux.marret.co\/index.php\/lassociation-jules-gravereaux\/jules-gravereaux-og053c\/\" data-orig-file=\"https:\/\/i0.wp.com\/lesgravereaux.marret.co\/wp-content\/uploads\/2015\/10\/Jules-Gravereaux-OG053c-e1466353135600.jpg?fit=1564%2C2467&amp;ssl=1\" data-orig-size=\"1564,2467\" data-comments-opened=\"1\" data-image-meta=\"{&quot;aperture&quot;:&quot;0&quot;,&quot;credit&quot;:&quot;&quot;,&quot;camera&quot;:&quot;&quot;,&quot;caption&quot;:&quot;&quot;,&quot;created_timestamp&quot;:&quot;0&quot;,&quot;copyright&quot;:&quot;&quot;,&quot;focal_length&quot;:&quot;0&quot;,&quot;iso&quot;:&quot;0&quot;,&quot;shutter_speed&quot;:&quot;0&quot;,&quot;title&quot;:&quot;&quot;,&quot;orientation&quot;:&quot;1&quot;}\" data-image-title=\"Jules Gravereaux &amp;#8211; OG053c\" data-image-description=\"\" data-image-caption=\"\" data-medium-file=\"https:\/\/i0.wp.com\/lesgravereaux.marret.co\/wp-content\/uploads\/2015\/10\/Jules-Gravereaux-OG053c-e1466353135600.jpg?fit=190%2C300&amp;ssl=1\" data-large-file=\"https:\/\/i0.wp.com\/lesgravereaux.marret.co\/wp-content\/uploads\/2015\/10\/Jules-Gravereaux-OG053c-e1466353135600.jpg?fit=640%2C1010&amp;ssl=1\" width=\"190\" height=\"300\" class=\"wp-image-43 alignleft\" alt=\"Jules Gravereaux - OG053c\" src=\"https:\/\/i0.wp.com\/lesgravereaux.marret.co\/wp-content\/uploads\/2015\/10\/Jules-Gravereaux-OG053c-e1466353135600-649x1024.jpg?resize=190%2C300&#038;ssl=1\" data-wp-pid=\"43\" srcset=\"https:\/\/i0.wp.com\/lesgravereaux.marret.co\/wp-content\/uploads\/2015\/10\/Jules-Gravereaux-OG053c-e1466353135600.jpg?resize=649%2C1024&amp;ssl=1 649w, https:\/\/i0.wp.com\/lesgravereaux.marret.co\/wp-content\/uploads\/2015\/10\/Jules-Gravereaux-OG053c-e1466353135600.jpg?resize=190%2C300&amp;ssl=1 190w, https:\/\/i0.wp.com\/lesgravereaux.marret.co\/wp-content\/uploads\/2015\/10\/Jules-Gravereaux-OG053c-e1466353135600.jpg?resize=380%2C600&amp;ssl=1 380w, https:\/\/i0.wp.com\/lesgravereaux.marret.co\/wp-content\/uploads\/2015\/10\/Jules-Gravereaux-OG053c-e1466353135600.jpg?resize=761%2C1200&amp;ssl=1 761w, https:\/\/i0.wp.com\/lesgravereaux.marret.co\/wp-content\/uploads\/2015\/10\/Jules-Gravereaux-OG053c-e1466353135600.jpg?resize=768%2C1211&amp;ssl=1 768w, https:\/\/i0.wp.com\/lesgravereaux.marret.co\/wp-content\/uploads\/2015\/10\/Jules-Gravereaux-OG053c-e1466353135600.jpg?w=1564&amp;ssl=1 1564w, https:\/\/i0.wp.com\/lesgravereaux.marret.co\/wp-content\/uploads\/2015\/10\/Jules-Gravereaux-OG053c-e1466353135600.jpg?w=1280&amp;ssl=1 1280w\" sizes=\"auto, (max-width: 190px) 100vw, 190px\" \/><\/a>Jules Gravereaux a acquis la propri\u00e9t\u00e9 de L\u2019Ha\u00ff en 1892 et il commen\u00e7a \u00e0 y installer une collection de roses vers 1894. Mais ce n\u2019est qu\u2019en 1899 qu\u2019\u00c9douard Andr\u00e9, architecte-paysager reconnu cr\u00e9a la premi\u00e8re roseraie. Celle-ci acquit tr\u00e8s rapidement une notori\u00e9t\u00e9 internationale, la publication de l\u2019inventaire des collections et l\u2019article d\u2019\u00c9douard Andr\u00e9 dans la Revue horticole y contribuant largement.<\/p>\n<p>L\u2019ann\u00e9e suivante, Jules Gravereaux ouvrit la roseraie aux visiteurs et des p\u00e9riodiques fran\u00e7ais ou \u00e9trangers lui consacr\u00e8rent quelques articles. D\u00e8s lors, le travail de Jules Gravereaux fut reconnu et celui-ci re\u00e7ut plusieurs d\u00e9corations officielles, des prix horticoles ainsi que diverses distinctions :<\/p>\n<ul>\n<li><a href=\"https:\/\/lesgravereaux.marret.co\/index.php\/jules-gravereaux-decore-du-merite-agricole\/\">M\u00e9rite agricole<\/a><\/li>\n<li><a href=\"https:\/\/lesgravereaux.marret.co\/index.php\/jules-gravereaux-nomme-a-lordre-de-la-legion-dhonneur\/\">L\u00e9gion d&rsquo;honneur<\/a><\/li>\n<li><a href=\"https:\/\/lesgravereaux.marret.co\/index.php\/jules-gravereaux\/jules-gravereaux-honneurs-et-medailles\/jules-gravereaux-et-lordre-de-laigle-rouge\/\">M\u00e9daille de l&rsquo;Ordre de l&rsquo;Aigle rouge<\/a><\/li>\n<li><a href=\"https:\/\/lesgravereaux.marret.co\/index.php\/jules-gravereaux-honore-par-la-comtesse-chotek\/\">M\u00e9daille de la comtesse Chotek<\/a><\/li>\n<li><a href=\"https:\/\/lesgravereaux.marret.co\/index.php\/jules-gravereaux\/jules-gravereaux-honneurs-et-medailles\/la-medaille-dor-de-la-ville-de-paris-1909\/\">M\u00e9daille d&rsquo;or du Conseil municipal de Paris<\/a><\/li>\n<li><a href=\"https:\/\/lesgravereaux.marret.co\/index.php\/jules-gravereaux\/jules-gravereaux-honneurs-et-medailles\/jules-gravereaux-a-lexposition-universelle-de-1900\/\">M\u00e9daille du Congr\u00e8s &#8211; Exposition universelle,&nbsp;1900<\/a><br \/>\npour&nbsp;: <em>Vue \u00e0 vol d\u2019oiseau de la Roseraie de L\u2019Ha\u00ff<\/em>;<br \/>\net <em>Catalogue des esp\u00e8ces botaniques et des vari\u00e9t\u00e9s horticoles<br \/>\ndu genre Rosa cultiv\u00e9es dans la roseraie de L\u2019Ha\u00ff<\/em>.<\/li>\n<li>M\u00e9daille d&rsquo;argent &#8211; Congr\u00e8s de la Soci\u00e9t\u00e9 fran\u00e7aise des rosi\u00e9ristes (Nice), 9 avril 1901<\/li>\n<li>M\u00e9daille d&rsquo;or &#8211; Exposition d\u2019horticulture de Paris, mai 1902<br \/>\npour :&nbsp;<em>Collection de rosiers botaniques.<\/em><\/li>\n<li>M\u00e9daille d&rsquo;argent &#8211; Exposition d\u2019horticulture de Paris, mai 1902<br \/>\npour :&nbsp;<em>Herbier de rose<\/em><\/li>\n<li>Prix d&rsquo;honneur &#8211; Exposition d\u2019horticulture de Bourg-la-Reine, septembre 1902<\/li>\n<li><a href=\"https:\/\/lesgravereaux.marret.co\/index.php\/jules-gravereaux-honore-par-la-societe-nationale-dacclimatation\/\">Grande m\u00e9daille d\u2019argent<\/a>, hors classe (\u00e0 l\u2019effigie d\u2019Isidore-Geoffroy Saint-Hilaire)<br \/>\n&#8211; Soci\u00e9t\u00e9 nationale d\u2019acclimatation, janvier 1905<br \/>\npour&nbsp;: <em>Cr\u00e9ation et organisation de la collection de vari\u00e9t\u00e9s botaniques<br \/>\net horticoles de rosiers<\/em><\/li>\n<li>M\u00e9daille d&rsquo;argent &#8211; Soci\u00e9t\u00e9 nationale d\u2019horticulture de France, 13 d\u00e9cembre 1906<br \/>\npour : <em>ouvrage<\/em> \u00ab <em>Les Roses \u00e0 parfum de la Roseraie de L\u2019Ha\u00ff \u00bb<\/em><\/li>\n<li>M\u00e9daille d\u2019or (classe&nbsp;43) &#8211; Exposition de Londres, 1908<br \/>\npour :<em> publications rosicoles<\/em><\/li>\n<li>M\u00e9daille d&rsquo;or &#8211; Concours de roses de Bagatelle, 1915<br \/>\npour : <em>rose \u00ab Madame Raymond Poincar\u00e9 \u00bb<\/em><\/li>\n<\/ul>\n<p>En outre, plusieurs rosi\u00e9ristes&nbsp;ont voulu souligner sa contribution en donnant \u00e0 l\u2019une de leurs roses son nom ou celui d\u2019un membre de la famille Gravereaux :<\/p>\n<ul>\n<li><strong><a href=\"https:\/\/i0.wp.com\/lesgravereaux.marret.co\/wp-content\/uploads\/2016\/04\/1912-SNHF-Les-plus-belles-roses-p.-113A-2-Commandeur-Jules-Gravereaux_wp2.jpg?ssl=1\"><img data-recalc-dims=\"1\" loading=\"lazy\" decoding=\"async\" data-attachment-id=\"2095\" data-permalink=\"https:\/\/lesgravereaux.marret.co\/index.php\/jules-gravereaux\/jules-gravereaux-honneurs-et-medailles\/1912-snhf-les-plus-belles-roses-p-113a-2-commandeur-jules-gravereaux_wp2\/\" data-orig-file=\"https:\/\/i0.wp.com\/lesgravereaux.marret.co\/wp-content\/uploads\/2016\/04\/1912-SNHF-Les-plus-belles-roses-p.-113A-2-Commandeur-Jules-Gravereaux_wp2.jpg?fit=556%2C591&amp;ssl=1\" data-orig-size=\"556,591\" data-comments-opened=\"1\" data-image-meta=\"{&quot;aperture&quot;:&quot;0&quot;,&quot;credit&quot;:&quot;&quot;,&quot;camera&quot;:&quot;&quot;,&quot;caption&quot;:&quot;&quot;,&quot;created_timestamp&quot;:&quot;0&quot;,&quot;copyright&quot;:&quot;&quot;,&quot;focal_length&quot;:&quot;0&quot;,&quot;iso&quot;:&quot;0&quot;,&quot;shutter_speed&quot;:&quot;0&quot;,&quot;title&quot;:&quot;&quot;,&quot;orientation&quot;:&quot;1&quot;}\" data-image-title=\"Commandeur Jules Gravereaux (1912 SNHF ) 2_wp\" data-image-description=\"\" data-image-caption=\"\" data-medium-file=\"https:\/\/i0.wp.com\/lesgravereaux.marret.co\/wp-content\/uploads\/2016\/04\/1912-SNHF-Les-plus-belles-roses-p.-113A-2-Commandeur-Jules-Gravereaux_wp2.jpg?fit=282%2C300&amp;ssl=1\" data-large-file=\"https:\/\/i0.wp.com\/lesgravereaux.marret.co\/wp-content\/uploads\/2016\/04\/1912-SNHF-Les-plus-belles-roses-p.-113A-2-Commandeur-Jules-Gravereaux_wp2.jpg?fit=556%2C591&amp;ssl=1\" width=\"155\" height=\"165\" class=\"wp-image-2095 alignright\" alt=\"Commandeur Jules Gravereaux (1912 SNHF ) 2_wp\" src=\"https:\/\/i0.wp.com\/lesgravereaux.marret.co\/wp-content\/uploads\/2016\/04\/1912-SNHF-Les-plus-belles-roses-p.-113A-2-Commandeur-Jules-Gravereaux_wp2.jpg?resize=155%2C165&#038;ssl=1\" data-wp-pid=\"2095\" srcset=\"https:\/\/i0.wp.com\/lesgravereaux.marret.co\/wp-content\/uploads\/2016\/04\/1912-SNHF-Les-plus-belles-roses-p.-113A-2-Commandeur-Jules-Gravereaux_wp2.jpg?w=556&amp;ssl=1 556w, https:\/\/i0.wp.com\/lesgravereaux.marret.co\/wp-content\/uploads\/2016\/04\/1912-SNHF-Les-plus-belles-roses-p.-113A-2-Commandeur-Jules-Gravereaux_wp2.jpg?resize=282%2C300&amp;ssl=1 282w\" sizes=\"auto, (max-width: 155px) 100vw, 155px\" \/><\/a>Commandeur Jules Gravereaux<\/strong><\/li>\n<\/ul>\n<p style=\"padding-left: 30px;\">Hybride remontant; obtenue en 1908 par Jean B. Croibier et fils<\/p>\n<ul>\n<li><strong>Commandeur Jules Gravereaux cl<\/strong><\/li>\n<\/ul>\n<p style=\"padding-left: 30px;\">Hybride remontant; obtenue en 1925 par Jean-Jacquet Belouet<\/p>\n<ul>\n<li><strong>Rhodologue Jules Gravereaux<\/strong><\/li>\n<\/ul>\n<p style=\"padding-left: 30px;\">Th\u00e9; obtenue en 1908 par Joaquim Fontes<\/p>\n<ul>\n<li><strong>Rodophile Gravereaux<\/strong><\/li>\n<\/ul>\n<p style=\"padding-left: 30px;\">Hybride Lutea \u2014 Pernetiana; obtenue en 1900 par Joseph Pernet-Ducher<\/p>\n<ul>\n<li><strong><a href=\"https:\/\/i0.wp.com\/lesgravereaux.marret.co\/wp-content\/uploads\/2016\/04\/1994-DdVdM-M%C3%A9moires-de-Roses-p12-Rosomane-Gravereaux-Journal-des-Roses_wp.jpg?ssl=1\"><img data-recalc-dims=\"1\" loading=\"lazy\" decoding=\"async\" data-attachment-id=\"2096\" data-permalink=\"https:\/\/lesgravereaux.marret.co\/index.php\/jules-gravereaux\/jules-gravereaux-honneurs-et-medailles\/1994-ddvdm-memoires-de-roses-p12-rosomane-gravereaux-journal-des-roses_wp\/\" data-orig-file=\"https:\/\/i0.wp.com\/lesgravereaux.marret.co\/wp-content\/uploads\/2016\/04\/1994-DdVdM-M%C3%A9moires-de-Roses-p12-Rosomane-Gravereaux-Journal-des-Roses_wp.jpg?fit=886%2C786&amp;ssl=1\" data-orig-size=\"886,786\" data-comments-opened=\"1\" data-image-meta=\"{&quot;aperture&quot;:&quot;0&quot;,&quot;credit&quot;:&quot;&quot;,&quot;camera&quot;:&quot;&quot;,&quot;caption&quot;:&quot;&quot;,&quot;created_timestamp&quot;:&quot;0&quot;,&quot;copyright&quot;:&quot;&quot;,&quot;focal_length&quot;:&quot;0&quot;,&quot;iso&quot;:&quot;0&quot;,&quot;shutter_speed&quot;:&quot;0&quot;,&quot;title&quot;:&quot;&quot;,&quot;orientation&quot;:&quot;1&quot;}\" data-image-title=\"Rosomane Gravereaux (Journal des Roses)2_wp\" data-image-description=\"\" data-image-caption=\"\" data-medium-file=\"https:\/\/i0.wp.com\/lesgravereaux.marret.co\/wp-content\/uploads\/2016\/04\/1994-DdVdM-M%C3%A9moires-de-Roses-p12-Rosomane-Gravereaux-Journal-des-Roses_wp.jpg?fit=300%2C266&amp;ssl=1\" data-large-file=\"https:\/\/i0.wp.com\/lesgravereaux.marret.co\/wp-content\/uploads\/2016\/04\/1994-DdVdM-M%C3%A9moires-de-Roses-p12-Rosomane-Gravereaux-Journal-des-Roses_wp.jpg?fit=640%2C568&amp;ssl=1\" width=\"151\" height=\"134\" class=\"wp-image-2096 alignright\" alt=\"Rosomane Gravereaux (Journal des Roses)2_wp\" src=\"https:\/\/i0.wp.com\/lesgravereaux.marret.co\/wp-content\/uploads\/2016\/04\/1994-DdVdM-M%C3%A9moires-de-Roses-p12-Rosomane-Gravereaux-Journal-des-Roses_wp.jpg?resize=151%2C134&#038;ssl=1\" data-wp-pid=\"2096\" srcset=\"https:\/\/i0.wp.com\/lesgravereaux.marret.co\/wp-content\/uploads\/2016\/04\/1994-DdVdM-M%C3%A9moires-de-Roses-p12-Rosomane-Gravereaux-Journal-des-Roses_wp.jpg?w=886&amp;ssl=1 886w, https:\/\/i0.wp.com\/lesgravereaux.marret.co\/wp-content\/uploads\/2016\/04\/1994-DdVdM-M%C3%A9moires-de-Roses-p12-Rosomane-Gravereaux-Journal-des-Roses_wp.jpg?resize=300%2C266&amp;ssl=1 300w, https:\/\/i0.wp.com\/lesgravereaux.marret.co\/wp-content\/uploads\/2016\/04\/1994-DdVdM-M%C3%A9moires-de-Roses-p12-Rosomane-Gravereaux-Journal-des-Roses_wp.jpg?resize=768%2C681&amp;ssl=1 768w, https:\/\/i0.wp.com\/lesgravereaux.marret.co\/wp-content\/uploads\/2016\/04\/1994-DdVdM-M%C3%A9moires-de-Roses-p12-Rosomane-Gravereaux-Journal-des-Roses_wp.jpg?resize=800%2C710&amp;ssl=1 800w, https:\/\/i0.wp.com\/lesgravereaux.marret.co\/wp-content\/uploads\/2016\/04\/1994-DdVdM-M%C3%A9moires-de-Roses-p12-Rosomane-Gravereaux-Journal-des-Roses_wp.jpg?resize=600%2C532&amp;ssl=1 600w\" sizes=\"auto, (max-width: 151px) 100vw, 151px\" \/><\/a>Rosomane Gravereaux<\/strong><\/li>\n<\/ul>\n<p style=\"padding-left: 30px;\">Hybride de th\u00e9; obtenue en 1899 par Soupert et Notting (Luxembourg)<a name=\"_ftnref8\" href=\"#_ftn8\"><\/a><\/p>\n<ul>\n<li><strong>Rosomane Jules Gravereaux<\/strong><\/li>\n<\/ul>\n<p style=\"padding-left: 30px;\">Th\u00e9; obtenue en 1908 par Docteur Joaquim Fontes<a name=\"_ftnref9\" href=\"#_ftn9\"><\/a><\/p>\n<ul>\n<li><strong>R. Gravereauxiana<\/strong><\/li>\n<\/ul>\n<p style=\"padding-left: 30px;\">Hybride (R. gallica x micrantha); obtenue vers 1903 par Duffort<\/p>\n<ul>\n<li><strong><a href=\"https:\/\/i0.wp.com\/lesgravereaux.marret.co\/wp-content\/uploads\/2016\/05\/1912-SNHF-Les-plus-belles-roses-p.-116A-Roseraie-de-lHay_wp.jpg?ssl=1\"><img data-recalc-dims=\"1\" loading=\"lazy\" decoding=\"async\" data-attachment-id=\"2413\" data-permalink=\"https:\/\/lesgravereaux.marret.co\/index.php\/jules-gravereaux\/jules-gravereaux-honneurs-et-medailles\/1912-snhf-les-plus-belles-roses-p-116a-roseraie-de-lhay_wp\/\" data-orig-file=\"https:\/\/i0.wp.com\/lesgravereaux.marret.co\/wp-content\/uploads\/2016\/05\/1912-SNHF-Les-plus-belles-roses-p.-116A-Roseraie-de-lHay_wp.jpg?fit=756%2C1181&amp;ssl=1\" data-orig-size=\"756,1181\" data-comments-opened=\"1\" data-image-meta=\"{&quot;aperture&quot;:&quot;0&quot;,&quot;credit&quot;:&quot;&quot;,&quot;camera&quot;:&quot;&quot;,&quot;caption&quot;:&quot;&quot;,&quot;created_timestamp&quot;:&quot;0&quot;,&quot;copyright&quot;:&quot;&quot;,&quot;focal_length&quot;:&quot;0&quot;,&quot;iso&quot;:&quot;0&quot;,&quot;shutter_speed&quot;:&quot;0&quot;,&quot;title&quot;:&quot;&quot;,&quot;orientation&quot;:&quot;1&quot;}\" data-image-title=\"Roseraie de L&amp;rsquo;Hay (1912 SNHF)_wp\" data-image-description=\"\" data-image-caption=\"\" data-medium-file=\"https:\/\/i0.wp.com\/lesgravereaux.marret.co\/wp-content\/uploads\/2016\/05\/1912-SNHF-Les-plus-belles-roses-p.-116A-Roseraie-de-lHay_wp.jpg?fit=192%2C300&amp;ssl=1\" data-large-file=\"https:\/\/i0.wp.com\/lesgravereaux.marret.co\/wp-content\/uploads\/2016\/05\/1912-SNHF-Les-plus-belles-roses-p.-116A-Roseraie-de-lHay_wp.jpg?fit=640%2C1001&amp;ssl=1\" width=\"156\" height=\"244\" class=\"wp-image-2413 alignright\" alt=\"Roseraie de L'Hay (1912 SNHF)_wp\" src=\"https:\/\/i0.wp.com\/lesgravereaux.marret.co\/wp-content\/uploads\/2016\/05\/1912-SNHF-Les-plus-belles-roses-p.-116A-Roseraie-de-lHay_wp.jpg?resize=156%2C244&#038;ssl=1\" data-wp-pid=\"2413\" srcset=\"https:\/\/i0.wp.com\/lesgravereaux.marret.co\/wp-content\/uploads\/2016\/05\/1912-SNHF-Les-plus-belles-roses-p.-116A-Roseraie-de-lHay_wp.jpg?resize=655%2C1024&amp;ssl=1 655w, https:\/\/i0.wp.com\/lesgravereaux.marret.co\/wp-content\/uploads\/2016\/05\/1912-SNHF-Les-plus-belles-roses-p.-116A-Roseraie-de-lHay_wp.jpg?resize=192%2C300&amp;ssl=1 192w, https:\/\/i0.wp.com\/lesgravereaux.marret.co\/wp-content\/uploads\/2016\/05\/1912-SNHF-Les-plus-belles-roses-p.-116A-Roseraie-de-lHay_wp.jpg?resize=384%2C600&amp;ssl=1 384w, https:\/\/i0.wp.com\/lesgravereaux.marret.co\/wp-content\/uploads\/2016\/05\/1912-SNHF-Les-plus-belles-roses-p.-116A-Roseraie-de-lHay_wp.jpg?w=756&amp;ssl=1 756w\" sizes=\"auto, (max-width: 156px) 100vw, 156px\" \/><\/a>Roseraie de L\u2019Ha\u00ff<\/strong><\/li>\n<\/ul>\n<p style=\"padding-left: 30px;\">Rugosa; obtenue en 1901 par Cochet-Cochet<a name=\"_ftnref12\" href=\"#_ftn12\"><\/a><\/p>\n<ul>\n<li><strong>Madame Jules Gravereaux<\/strong><\/li>\n<\/ul>\n<p style=\"padding-left: 30px;\">Th\u00e9 sarmenteux; obtenue en 1900 par Soupert et Notting <a name=\"_ftnref16\" href=\"#_ftn16\"><\/a><\/p>\n<p>&nbsp;<\/p>\n","protected":false},"excerpt":{"rendered":"<p>Jules Gravereaux a acquis la propri\u00e9t\u00e9 de L\u2019Ha\u00ff en 1892 et il commen\u00e7a \u00e0 y installer une collection de roses vers 1894. Mais ce n\u2019est qu\u2019en 1899 qu\u2019\u00c9douard Andr\u00e9, architecte-paysager reconnu cr\u00e9a la premi\u00e8re roseraie. Celle-ci acquit tr\u00e8s rapidement une &hellip; <a href=\"https:\/\/lesgravereaux.marret.co\/index.php\/jules-gravereaux\/jules-gravereaux-honneurs-et-medailles\/\">Continuer la lecture <span class=\"meta-nav\">&rarr;<\/span><\/a><\/p>\n","protected":false},"author":1,"featured_media":0,"parent":566,"menu_order":0,"comment_status":"closed","ping_status":"closed","template":"","meta":{"ngg_post_thumbnail":0,"jetpack_post_was_ever_published":false,"footnotes":""},"class_list":["post-3720","page","type-page","status-publish","hentry"],"jetpack_sharing_enabled":true,"jetpack_shortlink":"https:\/\/wp.me\/P7ERyi-Y0","jetpack-related-posts":[{"id":2036,"url":"https:\/\/lesgravereaux.marret.co\/index.php\/des-roseraies\/","url_meta":{"origin":3720,"position":0},"title":"D&rsquo;autres roseraies","author":"marretgravereaux","date":"26 avril 2016","format":false,"excerpt":"Collectionneur de roses, Jules Gravereaux commence par en rassembler quelques-unes d\u00e8s 1894 dans son jardin de L\u2019Ha\u00ff; avec l\u2019aide du paysagiste \u00c9douard Andr\u00e9, il les installe une peu plus tard, dans ce qui est le 1er jardin \u00e0 leur \u00eatre exclusivement consacr\u00e9e, une roseraie \u2013 on parlait \u00e0 l\u2019\u00e9poque de\u2026","rel":"","context":"Article similaire","block_context":{"text":"Article similaire","link":""},"img":{"alt_text":"Jules Gravereaux - OG1332b","src":"https:\/\/i0.wp.com\/lesgravereaux.marret.co\/wp-content\/uploads\/2015\/10\/Jules-Gravereaux-OG1332b.jpg?resize=350%2C200","width":350,"height":200},"classes":[]},{"id":566,"url":"https:\/\/lesgravereaux.marret.co\/index.php\/jules-gravereaux\/","url_meta":{"origin":3720,"position":1},"title":"Jules Gravereaux","author":"marretgravereaux","date":"7 mars 2016","format":false,"excerpt":"Jules GRAVEREAUX voit le jour le mercredi 1er mai 1844 \u00e0 Vitry-sur-Seine; il est le troisi\u00e8me enfant de Jean Narcisse Mathurin Gravereaux et Marie Henriette Gervais. Il commence \u00e0 travailler \u00e0 l\u2019\u00e2ge de 12 ans, d\u00e9butant chez une merci\u00e8re de la rue du Bac, madame Caillaut. En 1864, Jules Gravereaux\u2026","rel":"","context":"Article similaire","block_context":{"text":"Article similaire","link":""},"img":{"alt_text":"Jules Gravereaux - JLM0071a","src":"https:\/\/i0.wp.com\/marret.co\/wp-content\/uploads\/2015\/10\/Jules-Gravereaux-JLM0071a-740x1024.jpg?resize=350%2C200","width":350,"height":200},"classes":[]},{"id":3684,"url":"https:\/\/lesgravereaux.marret.co\/index.php\/jules-gravereaux\/des-evenements-de-sa-vie\/biographie-de-jules-gravereaux-par-jean-luc-marret\/","url_meta":{"origin":3720,"position":2},"title":"Biographie de Jules Gravereaux (par Jean-Luc Marret)","author":"marretgravereaux","date":"17 juin 2016","format":false,"excerpt":"Discours d'hommage prononc\u00e9 par Jean-Luc Marret, son arri\u00e8re-petit-fils, le 23 mars 2016, au cimeti\u00e8re du Montparnasse, \u00e0 l'occasion d'une c\u00e9r\u00e9monie comm\u00e9morant le centi\u00e8me anniversaire de son d\u00e9c\u00e8s. Cadet de la famille, Jules Gravereaux na\u00eet le 1er mai 1844 \u00e0 Vitry-sur-Seine. Originaire du Bordelais, son arri\u00e8re-grand-p\u00e8re \u00e9tait venu s\u2019installer l\u00e0 un\u2026","rel":"","context":"Article similaire","block_context":{"text":"Article similaire","link":""},"img":{"alt_text":"2016-03-23 Cimeti\u00e8re Montparnasse RLM_1754a_wp","src":"https:\/\/i0.wp.com\/lesgravereaux.marret.co\/wp-content\/uploads\/2016\/06\/2016-03-23-Cimeti%C3%A8re-Montparnasse-RLM_1754a_wp.jpg?resize=350%2C200","width":350,"height":200},"classes":[]},{"id":577,"url":"https:\/\/lesgravereaux.marret.co\/index.php\/jules-gravereaux\/portraits-de-jules-gravereaux\/le-buste-de-jules-gravereaux\/","url_meta":{"origin":3720,"position":3},"title":"Le buste de Jules Gravereaux","author":"marretgravereaux","date":"7 mars 2016","format":false,"excerpt":"En 1914, le sculpteur Carillon ex\u00e9cutait un buste de Jules Gravereaux... Pr\u00e9sent\u00e9 au Salon des artistes fran\u00e7ais de cette ann\u00e9e-l\u00e0, il y fut remarqu\u00e9, comme le souligne Lucien Klotz, critique \u00e0 La Presse\u00a0: \u00ab\u00a0M. Carion a expos\u00e9 le buste de M. Gravereaux, propri\u00e9taire de la roseraie L'Hay, le plus beau\u2026","rel":"","context":"Article similaire","block_context":{"text":"Article similaire","link":""},"img":{"alt_text":"1914 Carillon, Rene - Buste de Jules Gravereaux 2_wp","src":"https:\/\/i0.wp.com\/marret.co\/wp-content\/uploads\/2016\/03\/1914-Carillon-Rene-Buste-de-Jules-Gravereaux-2_wp-846x1024.jpg?resize=350%2C200","width":350,"height":200},"classes":[]},{"id":3326,"url":"https:\/\/lesgravereaux.marret.co\/index.php\/571-2\/la-journee-de-jules-gravereaux\/","url_meta":{"origin":3720,"position":4},"title":"28 mai 2016 &#8211; La journ\u00e9e de Jules Gravereaux","author":"marretgravereaux","date":"10 juin 2016","format":false,"excerpt":"La ville de L'Ha\u00ff-les-Roses, les associations locales et la famille Gravereaux avaient d\u00e9cid\u00e9 de souligner le centenaire du d\u00e9c\u00e8s de Jules Gravereaux en organisant des activit\u00e9s le 18 mai 2016\u2026 Nathalie Ferrand, auteur du livre \u00ab\u00a0Cr\u00e9ateur de roses\u00a0\u00bb a prononc\u00e9 une conf\u00e9rence sur le th\u00e8me \u00ab\u00a0Rayonnement de Jules Gravereaux en\u2026","rel":"","context":"Dans &quot;Jules Gravereaux&quot;","block_context":{"text":"Jules Gravereaux","link":"https:\/\/lesgravereaux.marret.co\/index.php\/category\/jules-gravereaux\/"},"img":{"alt_text":"File0032a","src":"https:\/\/i0.wp.com\/lesgravereaux.marret.co\/wp-content\/uploads\/2015\/10\/File0032a.jpg?resize=350%2C200","width":350,"height":200},"classes":[]},{"id":5400,"url":"https:\/\/lesgravereaux.marret.co\/index.php\/jules-gravereaux\/jules-gravereaux-honneurs-et-medailles\/jules-gravereaux-a-lexposition-universelle-de-1900\/","url_meta":{"origin":3720,"position":5},"title":"Jules Gravereaux, \u00e0 l&rsquo;Exposition universelle de 1900","author":"marretgravereaux","date":"14 ao\u00fbt 2017","format":false,"excerpt":"En 1900, Jules Gravereaux a cr\u00e9\u00e9 la roseraie de L\u2019Ha\u00ff, r\u00e9uni dans celle-ci une imposante collection de roses et r\u00e9dig\u00e9 ses premi\u00e8res publications. Il d\u00e9cide de participer \u00e0 l\u2019Exposition Universelle Internationale et il s\u2019inscrit dans le groupe VIII destin\u00e9 \u00e0 l\u2019horticulture; plus pr\u00e9cis\u00e9ment, dans la classe 43 r\u00e9serv\u00e9e au Mat\u00e9riel\u2026","rel":"","context":"Article similaire","block_context":{"text":"Article similaire","link":""},"img":{"alt_text":"","src":"https:\/\/i0.wp.com\/lesgravereaux.marret.co\/wp-content\/uploads\/2017\/08\/Chaplain-Exposition-universelle-1900-63mm-24-2a_wp.jpg?resize=350%2C200","width":350,"height":200},"classes":[]}],"_links":{"self":[{"href":"https:\/\/lesgravereaux.marret.co\/index.php\/wp-json\/wp\/v2\/pages\/3720","targetHints":{"allow":["GET"]}}],"collection":[{"href":"https:\/\/lesgravereaux.marret.co\/index.php\/wp-json\/wp\/v2\/pages"}],"about":[{"href":"https:\/\/lesgravereaux.marret.co\/index.php\/wp-json\/wp\/v2\/types\/page"}],"author":[{"embeddable":true,"href":"https:\/\/lesgravereaux.marret.co\/index.php\/wp-json\/wp\/v2\/users\/1"}],"replies":[{"embeddable":true,"href":"https:\/\/lesgravereaux.marret.co\/index.php\/wp-json\/wp\/v2\/comments?post=3720"}],"version-history":[{"count":0,"href":"https:\/\/lesgravereaux.marret.co\/index.php\/wp-json\/wp\/v2\/pages\/3720\/revisions"}],"up":[{"embeddable":true,"href":"https:\/\/lesgravereaux.marret.co\/index.php\/wp-json\/wp\/v2\/pages\/566"}],"wp:attachment":[{"href":"https:\/\/lesgravereaux.marret.co\/index.php\/wp-json\/wp\/v2\/media?parent=3720"}],"curies":[{"name":"wp","href":"https:\/\/api.w.org\/{rel}","templated":true}]}}