{"id":3605,"date":"2016-06-14T00:38:00","date_gmt":"2016-06-13T23:38:00","guid":{"rendered":"http:\/\/lesgravereaux.marret.co\/?page_id=3605"},"modified":"2016-07-17T21:10:36","modified_gmt":"2016-07-17T20:10:36","slug":"la-roseraie-de-sangerhausen","status":"publish","type":"page","link":"https:\/\/lesgravereaux.marret.co\/index.php\/des-roseraies\/la-roseraie-de-sangerhausen\/","title":{"rendered":"La roseraie de Sangerhausen"},"content":{"rendered":"<p>Jules Gravereaux commence \u00e0 collectionner les roses vers 1894; d\u00e8s le d\u00e9but, il se met en contact avec les rosi\u00e9ristes et les rhodologues les plus r\u00e9put\u00e9s pour l\u2019aider dans cette t\u00e2che. C\u2019est ainsi qu\u2019il \u00e9tablit une correspondance r\u00e9guli\u00e8re avec Peter Lambert, rosi\u00e9riste, collectionneur et chercheur allemand. Lorsque celui-ci projette d\u2019\u00e9tablir une roseraie \u00e0 Sangerhausen, Jules Gravereaux l\u2019appuie et d\u00e9cide rapidement d\u2019y participer\u2026 Ce que ne manque pas de souligner, en 1899, Peter Lambert dans la revue <em>Rosen-Zeitung<\/em> dont il est le r\u00e9dacteur en chef.<\/p>\n<blockquote><p>\u00ab\u00a0Monsieur Jules Gravereaux, de la \u00ab\u00a0<strong>Roseraie de L&rsquo;Ha\u00ff<\/strong>\u00a0\u00bb a mis \u00e0 la disposition de la Roseraie de Sangerhausen l\u2019ensemble de sa collection. Nous l\u2019en remercions et esp\u00e9rons pouvoir lui rendre la pareille, pensant que les collections allemandes et fran\u00e7aises seront, \u00e0 l\u2019avenir, davantage compl\u00e9mentaires.\u00a0\u00bb<\/p><\/blockquote>\n<p>La roseraie de Sangerhausen est inaugur\u00e9e en 1903 et pendant plusieurs ann\u00e9es, les deux hommes maintiennent leurs relations, ils voyagent ensemble et Peter Lambert vient visiter la roseraie de L&rsquo;Ha\u00ff.<\/p>\n<p>On peut<span style=\"font-family: georgia,palatino,serif;\"> croire <\/span>\u00e9galement que Peter Lambert a concouru \u00e0 ce que Jules Gravereaux re\u00e7oive la <strong><span style=\"font-family: georgia,palatino,serif; font-size: 12pt;\">M\u00e9daille de 4<sup>e <\/sup><\/span><\/strong><span style=\"font-size: small;\"><span style=\"font-family: georgia,palatino,serif; font-size: 12pt;\"><strong>classe de <a href=\"https:\/\/lesgravereaux.marret.co\/index.php\/jules-gravereaux\/jules-gravereaux-honneurs-et-medailles\/jules-gravereaux-et-lordre-de-laigle-rouge\/\">l\u2019ordre de l\u2019Aigle Rouge<\/a><\/strong> qui lui a \u00e9t\u00e9 d\u00e9cern\u00e9<\/span><span style=\"font-size: medium;\"><span style=\"font-family: georgia,palatino,serif; font-size: 12pt;\">e par\u00a0<\/span>l&#8217;empereur d&rsquo;Allemagne en 1910, \u00ab\u00a0<em>\u00e0 titre rosicole\u00a0<\/em>\u00bb.<\/span><\/span><\/p>\n<p>La contribution de Jules Gravereaux \u00e0 la roseraie de Sangerhausen est toujours visible,\u00a0beaucoup de roses demeurant r\u00e9f\u00e9renc\u00e9es L\u2019Ha\u00ff-les-Roses\u2026<\/p>\n<p style=\"text-align: center;\"><div id=\"metaslider-id-3614\" style=\"max-width: 450px; margin: 0 auto;\" class=\"ml-slider-3-105-0 metaslider metaslider-flex metaslider-3614 ml-slider has-dots-nav ms-theme-default\" role=\"region\" aria-label=\"Sangerhausen\" data-height=\"300\" data-width=\"450\">\n    <div id=\"metaslider_container_3614\">\n        <div id=\"metaslider_3614\" class=\"flexslider\">\n            <ul class='slides'>\n                <li style=\"display: block; width: 100%;\" class=\"slide-3609 ms-image \" aria-roledescription=\"slide\" data-date=\"2016-06-14 00:23:32\" data-filename=\"Sangerhausen-Rosarium-6304760_wp-450x300.jpg\" data-slide-type=\"image\"><img data-recalc-dims=\"1\" loading=\"lazy\" decoding=\"async\" src=\"https:\/\/i0.wp.com\/lesgravereaux.marret.co\/wp-content\/uploads\/2016\/06\/Sangerhausen-Rosarium-6304760_wp.jpg?resize=450%2C300&#038;ssl=1\" height=\"300\" width=\"450\" alt=\"\" class=\"slider-3614 slide-3609 msDefaultImage\" \/><\/li>\n                <li style=\"display: none; width: 100%;\" class=\"slide-3613 ms-image \" aria-roledescription=\"slide\" data-date=\"2016-06-14 00:24:04\" data-filename=\"Sangerhausen-Rosarium-5802147_wp-450x300.jpg\" data-slide-type=\"image\"><img data-recalc-dims=\"1\" loading=\"lazy\" decoding=\"async\" src=\"https:\/\/i0.wp.com\/lesgravereaux.marret.co\/wp-content\/uploads\/2016\/06\/Sangerhausen-Rosarium-5802147_wp.jpg?resize=450%2C300&#038;ssl=1\" height=\"300\" width=\"450\" alt=\"\" class=\"slider-3614 slide-3613 msDefaultImage\" \/><\/li>\n                <li style=\"display: none; width: 100%;\" class=\"slide-3612 ms-image \" aria-roledescription=\"slide\" data-date=\"2016-06-14 00:23:56\" data-filename=\"Sangerhausen-Rosarium-4058693_wp-450x300.jpg\" data-slide-type=\"image\"><img data-recalc-dims=\"1\" loading=\"lazy\" decoding=\"async\" src=\"https:\/\/i0.wp.com\/lesgravereaux.marret.co\/wp-content\/uploads\/2016\/06\/Sangerhausen-Rosarium-4058693_wp.jpg?resize=450%2C300&#038;ssl=1\" height=\"300\" width=\"450\" alt=\"\" class=\"slider-3614 slide-3612 msDefaultImage\" \/><\/li>\n                <li style=\"display: none; width: 100%;\" class=\"slide-3611 ms-image \" aria-roledescription=\"slide\" data-date=\"2016-06-14 00:23:48\" data-filename=\"Sangerhausen-Rosarium-3820445_wp-450x300.jpg\" data-slide-type=\"image\"><img data-recalc-dims=\"1\" loading=\"lazy\" decoding=\"async\" src=\"https:\/\/i0.wp.com\/lesgravereaux.marret.co\/wp-content\/uploads\/2016\/06\/Sangerhausen-Rosarium-3820445_wp.jpg?resize=450%2C300&#038;ssl=1\" height=\"300\" width=\"450\" alt=\"\" class=\"slider-3614 slide-3611 msDefaultImage\" \/><\/li>\n                <li style=\"display: none; width: 100%;\" class=\"slide-3610 ms-image \" aria-roledescription=\"slide\" data-date=\"2016-06-14 00:23:40\" data-filename=\"Sangerhausen-Heide-R\u00f6schen-im-Rosarium-4058501_wp-450x300.jpg\" data-slide-type=\"image\"><img data-recalc-dims=\"1\" loading=\"lazy\" decoding=\"async\" src=\"https:\/\/i0.wp.com\/lesgravereaux.marret.co\/wp-content\/uploads\/2016\/06\/Sangerhausen-Heide-R%C3%B6schen-im-Rosarium-4058501_wp.jpg?resize=450%2C300&#038;ssl=1\" height=\"300\" width=\"450\" alt=\"\" class=\"slider-3614 slide-3610 msDefaultImage\" \/><\/li>\n            <\/ul>\n        <\/div>\n        \n    <\/div>\n<\/div><\/p>\n","protected":false},"excerpt":{"rendered":"<p>Jules Gravereaux commence \u00e0 collectionner les roses vers 1894; d\u00e8s le d\u00e9but, il se met en contact avec les rosi\u00e9ristes et les rhodologues les plus r\u00e9put\u00e9s pour l\u2019aider dans cette t\u00e2che. C\u2019est ainsi qu\u2019il \u00e9tablit une correspondance r\u00e9guli\u00e8re avec Peter &hellip; <a href=\"https:\/\/lesgravereaux.marret.co\/index.php\/des-roseraies\/la-roseraie-de-sangerhausen\/\">Continuer la lecture <span class=\"meta-nav\">&rarr;<\/span><\/a><\/p>\n","protected":false},"author":1,"featured_media":0,"parent":2036,"menu_order":0,"comment_status":"closed","ping_status":"closed","template":"","meta":{"ngg_post_thumbnail":0,"jetpack_post_was_ever_published":false,"footnotes":""},"class_list":["post-3605","page","type-page","status-publish","hentry"],"jetpack_sharing_enabled":true,"jetpack_shortlink":"https:\/\/wp.me\/P7ERyi-W9","jetpack-related-posts":[{"id":2036,"url":"https:\/\/lesgravereaux.marret.co\/index.php\/des-roseraies\/","url_meta":{"origin":3605,"position":0},"title":"D&rsquo;autres roseraies","author":"marretgravereaux","date":"26 avril 2016","format":false,"excerpt":"Collectionneur de roses, Jules Gravereaux commence par en rassembler quelques-unes d\u00e8s 1894 dans son jardin de L\u2019Ha\u00ff; avec l\u2019aide du paysagiste \u00c9douard Andr\u00e9, il les installe une peu plus tard, dans ce qui est le 1er jardin \u00e0 leur \u00eatre exclusivement consacr\u00e9e, une roseraie \u2013 on parlait \u00e0 l\u2019\u00e9poque de\u2026","rel":"","context":"Article similaire","block_context":{"text":"Article similaire","link":""},"img":{"alt_text":"Jules Gravereaux - OG1332b","src":"https:\/\/i0.wp.com\/lesgravereaux.marret.co\/wp-content\/uploads\/2015\/10\/Jules-Gravereaux-OG1332b.jpg?resize=350%2C200","width":350,"height":200},"classes":[]},{"id":4611,"url":"https:\/\/lesgravereaux.marret.co\/index.php\/jules-gravereaux\/jules-gravereaux-honneurs-et-medailles\/jules-gravereaux-et-lordre-de-laigle-rouge\/","url_meta":{"origin":3605,"position":1},"title":"Jules Gravereaux et l&rsquo;Ordre de l&rsquo;Aigle rouge","author":"marretgravereaux","date":"17 juillet 2016","format":false,"excerpt":"\u00a0 Pour cr\u00e9er et d\u00e9velopper la roseraie de L\u2019Ha\u00ff, Jules Gravereaux fait appel aux rosi\u00e9ristes et aux rodophiles de plusieurs pays; c\u2019est ainsi qu\u2019il d\u00e9veloppe des relations, en Prusse, avec Peter Lambert. Jules Gravereaux a avec lui bien plus que des \u00e9changes \u00e9pistolaires, puisqu\u2019ils se rencontrent \u00e0 plusieurs reprises, qu\u2019il\u2026","rel":"","context":"Article similaire","block_context":{"text":"Article similaire","link":""},"img":{"alt_text":"Ordre de l'Aigle touge - IV classe 1_wp","src":"https:\/\/i0.wp.com\/lesgravereaux.marret.co\/wp-content\/uploads\/2016\/07\/Ordre-de-lAigle-touge-IV-classe-1_wp.jpg?resize=350%2C200","width":350,"height":200},"classes":[]},{"id":3684,"url":"https:\/\/lesgravereaux.marret.co\/index.php\/jules-gravereaux\/des-evenements-de-sa-vie\/biographie-de-jules-gravereaux-par-jean-luc-marret\/","url_meta":{"origin":3605,"position":2},"title":"Biographie de Jules Gravereaux (par Jean-Luc Marret)","author":"marretgravereaux","date":"17 juin 2016","format":false,"excerpt":"Discours d'hommage prononc\u00e9 par Jean-Luc Marret, son arri\u00e8re-petit-fils, le 23 mars 2016, au cimeti\u00e8re du Montparnasse, \u00e0 l'occasion d'une c\u00e9r\u00e9monie comm\u00e9morant le centi\u00e8me anniversaire de son d\u00e9c\u00e8s. Cadet de la famille, Jules Gravereaux na\u00eet le 1er mai 1844 \u00e0 Vitry-sur-Seine. Originaire du Bordelais, son arri\u00e8re-grand-p\u00e8re \u00e9tait venu s\u2019installer l\u00e0 un\u2026","rel":"","context":"Article similaire","block_context":{"text":"Article similaire","link":""},"img":{"alt_text":"2016-03-23 Cimeti\u00e8re Montparnasse RLM_1754a_wp","src":"https:\/\/i0.wp.com\/lesgravereaux.marret.co\/wp-content\/uploads\/2016\/06\/2016-03-23-Cimeti%C3%A8re-Montparnasse-RLM_1754a_wp.jpg?resize=350%2C200","width":350,"height":200},"classes":[]},{"id":801,"url":"https:\/\/lesgravereaux.marret.co\/index.php\/jules-gravereaux\/des-evenements-de-sa-vie\/","url_meta":{"origin":3605,"position":3},"title":"Des \u00e9v\u00e8nements de sa vie","author":"marretgravereaux","date":"10 mars 2016","format":false,"excerpt":"\u00a0 1er mai 1844\u00a0: Na\u00eet \u00e0 Vitry-sur-Seine. 16 mars 1856\u00a0: Commence son premier emploi, chez Mr Caillaut rue du Bac. 5 septembre 1864\u00a0: Entre au Bon March\u00e9. 20 f\u00e9vrier 1866\u00a0: Quitte volontairement le Bon March\u00e9 pour entrer au Louvre. 1870\u00a0: Fait son service militaire dans la Garde Nationale de la\u2026","rel":"","context":"Article similaire","block_context":{"text":"Article similaire","link":""},"img":{"alt_text":"Roses de Malmaison - p03_wp","src":"https:\/\/i0.wp.com\/marret.co\/wp-content\/uploads\/2016\/03\/Roses-de-Malmaison-p03_wp.jpg?resize=350%2C200","width":350,"height":200},"classes":[]},{"id":5087,"url":"https:\/\/lesgravereaux.marret.co\/index.php\/des-roseraies\/korompa-dolna-krupa-et-marie-henriette-chotek\/","url_meta":{"origin":3605,"position":4},"title":"Korompa (Doln\u00e1 Krup\u00e1) et Marie Henriette Chotek","author":"marretgravereaux","date":"30 octobre 2016","format":false,"excerpt":"Doln\u00e1 Krup\u00e1 est aujourd'hui un petit village de Slovaquie, dans la r\u00e9gion de Trnava, \u00e0 70\u00a0km au nord-ouest de Bratislava. \u00c0 l\u2019\u00e9poque de l\u2019empire austro-hongrois, ce bourg portait le nom de Korompa et la famille Chotek y avait un ch\u00e2teau c\u00e9l\u00e8bre, dans les ann\u00e9es 1900, pour sa roseraie... Marie Henriette\u2026","rel":"","context":"Article similaire","block_context":{"text":"Article similaire","link":""},"img":{"alt_text":"marie_henriette_chotek-01_wp","src":"https:\/\/i0.wp.com\/lesgravereaux.marret.co\/wp-content\/uploads\/2016\/10\/Marie_Henriette_Chotek-01_wp.jpg?resize=350%2C200","width":350,"height":200},"classes":[]},{"id":5538,"url":"https:\/\/lesgravereaux.marret.co\/index.php\/jules-gravereaux\/des-evenements-de-sa-vie\/biographie-de-jules-gravereaux-francois-joyaux\/","url_meta":{"origin":3605,"position":5},"title":"Biographie de Jules Gravereaux (Fran\u00e7ois Joyaux)","author":"marretgravereaux","date":"22 janvier 2018","format":false,"excerpt":"Jules Gravereaux (1844-1916) Avec l'\u00e2ge, on a souvent tendance \u00e0 revenir dans son pays d'origine. Ce fut le cas de Jules Gravereaux, lorsqu'il ach\u00e8tera sa propri\u00e9t\u00e9 de L'Hay. En effet, il \u00e9tait n\u00e9 tout pr\u00e8s, \u00e0 Vitry, le 1er mai 1844, dans une famille modeste. Jules Gravereaux est parfois pr\u00e9sent\u00e9\u2026","rel":"","context":"Article similaire","block_context":{"text":"Article similaire","link":""},"img":{"alt_text":"","src":"https:\/\/i0.wp.com\/lesgravereaux.marret.co\/wp-content\/uploads\/2018\/01\/Renouard-Charles-Paul-47-J-245b_wp-674x1024.jpg?resize=350%2C200","width":350,"height":200},"classes":[]}],"_links":{"self":[{"href":"https:\/\/lesgravereaux.marret.co\/index.php\/wp-json\/wp\/v2\/pages\/3605","targetHints":{"allow":["GET"]}}],"collection":[{"href":"https:\/\/lesgravereaux.marret.co\/index.php\/wp-json\/wp\/v2\/pages"}],"about":[{"href":"https:\/\/lesgravereaux.marret.co\/index.php\/wp-json\/wp\/v2\/types\/page"}],"author":[{"embeddable":true,"href":"https:\/\/lesgravereaux.marret.co\/index.php\/wp-json\/wp\/v2\/users\/1"}],"replies":[{"embeddable":true,"href":"https:\/\/lesgravereaux.marret.co\/index.php\/wp-json\/wp\/v2\/comments?post=3605"}],"version-history":[{"count":0,"href":"https:\/\/lesgravereaux.marret.co\/index.php\/wp-json\/wp\/v2\/pages\/3605\/revisions"}],"up":[{"embeddable":true,"href":"https:\/\/lesgravereaux.marret.co\/index.php\/wp-json\/wp\/v2\/pages\/2036"}],"wp:attachment":[{"href":"https:\/\/lesgravereaux.marret.co\/index.php\/wp-json\/wp\/v2\/media?parent=3605"}],"curies":[{"name":"wp","href":"https:\/\/api.w.org\/{rel}","templated":true}]}}