{"id":3537,"date":"2016-06-12T00:54:48","date_gmt":"2016-06-11T23:54:48","guid":{"rendered":"http:\/\/lesgravereaux.marret.co\/?page_id=3537"},"modified":"2016-06-12T16:10:02","modified_gmt":"2016-06-12T15:10:02","slug":"lhay-photos-de-famille","status":"publish","type":"page","link":"https:\/\/lesgravereaux.marret.co\/index.php\/la-famille-gravereaux\/lhay-photos-de-famille\/","title":{"rendered":"L&rsquo;Ha\u00ff &#8211; Photos de famille"},"content":{"rendered":"<p>Jules Gravereaux aimait recevoir sa famille dans sa propri\u00e9t\u00e9 de L\u2019Ha\u00ff. Certains de ses enfants y avaient une r\u00e9sidence secondaire, d\u2019autres y passaient leurs vacances. Tous ses petits-enfants s\u2019y retrouvaient volontiers, entre cousins et cousines\u2026<\/p>\n<p style=\"text-align: center;\"><div id=\"metaslider-id-3536\" style=\"max-width: 900px; margin: 0 auto;\" class=\"ml-slider-3-105-0 metaslider metaslider-flex metaslider-3536 ml-slider has-dots-nav ms-theme-default\" role=\"region\" aria-label=\"L&amp;#039;Hay - Famille\" data-height=\"600\" data-width=\"900\">\n    <div id=\"metaslider_container_3536\">\n        <div id=\"metaslider_3536\">\n            <ul class='slides'>\n                <li style=\"display: block; width: 100%;\" class=\"slide-3522 ms-image \" aria-roledescription=\"slide\" data-date=\"2016-06-11 23:43:53\" data-filename=\"1911-07-LHay-YH051_dwp-900x600.jpg\" data-slide-type=\"image\"><img data-recalc-dims=\"1\" loading=\"lazy\" decoding=\"async\" src=\"https:\/\/i0.wp.com\/lesgravereaux.marret.co\/wp-content\/uploads\/2016\/06\/1911-07-LHay-YH051_dwp.jpg?resize=640%2C427&#038;ssl=1\" height=\"427\" width=\"640\" alt=\"\" class=\"slider-3536 slide-3522 msDefaultImage\" \/><div class=\"caption-wrap\"><div class=\"caption\">L'Ha\u00ff, 1911<\/div><\/div><\/li>\n                <li style=\"display: none; width: 100%;\" class=\"slide-3521 ms-image \" aria-roledescription=\"slide\" data-date=\"2016-06-11 23:43:47\" data-filename=\"1911-LHay-YH050_dwp-875x584.jpg\" data-slide-type=\"image\"><img data-recalc-dims=\"1\" loading=\"lazy\" decoding=\"async\" src=\"https:\/\/i0.wp.com\/lesgravereaux.marret.co\/wp-content\/uploads\/2016\/06\/1911-LHay-YH050_dwp.jpg?resize=640%2C427&#038;ssl=1\" height=\"427\" width=\"640\" alt=\"\" class=\"slider-3536 slide-3521 msDefaultImage\" \/><div class=\"caption-wrap\"><div class=\"caption\">L'Ha\u00ff, 1911 - Annette Gravereaux (Humbert) sur l\u2019\u00e2ne Rosette <\/div><\/div><\/li>\n                <li style=\"display: none; width: 100%;\" class=\"slide-3520 ms-image \" aria-roledescription=\"slide\" data-date=\"2016-06-11 23:43:43\" data-filename=\"1911-LHay-YH049_dwp.jpg\" data-slide-type=\"image\"><img data-recalc-dims=\"1\" loading=\"lazy\" decoding=\"async\" src=\"https:\/\/i0.wp.com\/lesgravereaux.marret.co\/wp-content\/uploads\/2016\/06\/1911-LHay-YH049_dwp.jpg?resize=640%2C427&#038;ssl=1\" height=\"427\" width=\"640\" alt=\"\" class=\"slider-3536 slide-3520 msDefaultImage\" \/><div class=\"caption-wrap\"><div class=\"caption\">L'Ha\u00ff, 1911 - Nicole Gravereaux (Drouet) sur l\u2019\u00e2ne Rosette <\/div><\/div><\/li>\n                <li style=\"display: none; width: 100%;\" class=\"slide-3519 ms-image \" aria-roledescription=\"slide\" data-date=\"2016-06-11 23:43:38\" data-filename=\"1911-LHay-YH047_dwp.jpg\" data-slide-type=\"image\"><img data-recalc-dims=\"1\" loading=\"lazy\" decoding=\"async\" src=\"https:\/\/i0.wp.com\/lesgravereaux.marret.co\/wp-content\/uploads\/2016\/06\/1911-LHay-YH047_dwp.jpg?resize=640%2C427&#038;ssl=1\" height=\"427\" width=\"640\" alt=\"\" class=\"slider-3536 slide-3519 msDefaultImage\" \/><div class=\"caption-wrap\"><div class=\"caption\">L'Ha\u00ff, 1911 - Marcel Villeminot sur l\u2019\u00e2ne Rosette <\/div><\/div><\/li>\n                <li style=\"display: none; width: 100%;\" class=\"slide-3523 ms-image \" aria-roledescription=\"slide\" data-date=\"2016-06-11 23:43:57\" data-filename=\"1912-LHay-GV030_dwp-820x546.jpg\" data-slide-type=\"image\"><img data-recalc-dims=\"1\" loading=\"lazy\" decoding=\"async\" src=\"https:\/\/i0.wp.com\/lesgravereaux.marret.co\/wp-content\/uploads\/2016\/06\/1912-LHay-GV030_dwp.jpg?resize=640%2C427&#038;ssl=1\" height=\"427\" width=\"640\" alt=\"\" class=\"slider-3536 slide-3523 msDefaultImage\" \/><div class=\"caption-wrap\"><div class=\"caption\">L'Ha\u00ff, 1912 - Les petits-enfants de Jules Gravereaux sur le perron de la maison<\/div><\/div><\/li>\n                <li style=\"display: none; width: 100%;\" class=\"slide-3518 ms-image \" aria-roledescription=\"slide\" data-date=\"2016-06-11 23:43:32\" data-filename=\"1910v-Gravereaux-La-Chronique-parisienne_dwp-900x600.jpg\" data-slide-type=\"image\"><img data-recalc-dims=\"1\" loading=\"lazy\" decoding=\"async\" src=\"https:\/\/i0.wp.com\/lesgravereaux.marret.co\/wp-content\/uploads\/2016\/06\/1910v-Gravereaux-La-Chronique-parisienne_dwp.jpg?resize=640%2C427&#038;ssl=1\" height=\"427\" width=\"640\" alt=\"\" class=\"slider-3536 slide-3518 msDefaultImage\" \/><div class=\"caption-wrap\"><div class=\"caption\">L'Ha\u00ff - Les Gravereaux jouant \u00e0 Colin-Maillard (paru dans Chronique parisienne)<\/div><\/div><\/li>\n                <li style=\"display: none; width: 100%;\" class=\"slide-3512 ms-image \" aria-roledescription=\"slide\" data-date=\"2016-06-11 23:43:03\" data-filename=\"19xx-LHay-YH032_dwp-900x600.jpg\" data-slide-type=\"image\"><img data-recalc-dims=\"1\" loading=\"lazy\" decoding=\"async\" src=\"https:\/\/i0.wp.com\/lesgravereaux.marret.co\/wp-content\/uploads\/2016\/06\/19xx-LHay-YH032_dwp.jpg?resize=640%2C427&#038;ssl=1\" height=\"427\" width=\"640\" alt=\"\" class=\"slider-3536 slide-3512 msDefaultImage\" \/><div class=\"caption-wrap\"><div class=\"caption\">L'Ha\u00ff - Jules Gravereaux entour\u00e9 de ses petits-enfants<\/div><\/div><\/li>\n                <li style=\"display: none; width: 100%;\" class=\"slide-3525 ms-image \" aria-roledescription=\"slide\" data-date=\"2016-06-11 23:44:07\" data-filename=\"1913-LHay-YH038_dwp-900x600.jpg\" data-slide-type=\"image\"><img data-recalc-dims=\"1\" loading=\"lazy\" decoding=\"async\" src=\"https:\/\/i0.wp.com\/lesgravereaux.marret.co\/wp-content\/uploads\/2016\/06\/1913-LHay-YH038_dwp.jpg?resize=640%2C427&#038;ssl=1\" height=\"427\" width=\"640\" alt=\"\" class=\"slider-3536 slide-3525 msDefaultImage\" \/><div class=\"caption-wrap\"><div class=\"caption\">L'Ha\u00ff, 1913 - Jules Gravereaux et Henri Gravereaux<\/div><\/div><\/li>\n                <li style=\"display: none; width: 100%;\" class=\"slide-3529 ms-image \" aria-roledescription=\"slide\" data-date=\"2016-06-11 23:44:30\" data-filename=\"1913-06-LHay-YH039_dwp-886x590.jpg\" data-slide-type=\"image\"><img data-recalc-dims=\"1\" loading=\"lazy\" decoding=\"async\" src=\"https:\/\/i0.wp.com\/lesgravereaux.marret.co\/wp-content\/uploads\/2016\/06\/1913-06-LHay-YH039_dwp.jpg?resize=640%2C427&#038;ssl=1\" height=\"427\" width=\"640\" alt=\"\" class=\"slider-3536 slide-3529 msDefaultImage\" \/><div class=\"caption-wrap\"><div class=\"caption\">L'Ha\u00ff, juin 1913 - Henri Gravereaux et Jeanne Laborie (Gravereaux) recevant des visiteurs<\/div><\/div><\/li>\n                <li style=\"display: none; width: 100%;\" class=\"slide-3528 ms-image \" aria-roledescription=\"slide\" data-date=\"2016-06-11 23:44:26\" data-filename=\"1913-06-LHay-YH037_dwp-814x542.jpg\" data-slide-type=\"image\"><img data-recalc-dims=\"1\" loading=\"lazy\" decoding=\"async\" src=\"https:\/\/i0.wp.com\/lesgravereaux.marret.co\/wp-content\/uploads\/2016\/06\/1913-06-LHay-YH037_dwp.jpg?resize=640%2C427&#038;ssl=1\" height=\"427\" width=\"640\" alt=\"\" class=\"slider-3536 slide-3528 msDefaultImage\" \/><div class=\"caption-wrap\"><div class=\"caption\">L'Ha\u00ff, juin 1913 - Annette Gravereaux (Humbert) et Nicole Gravereaux (Drouet)<\/div><\/div><\/li>\n                <li style=\"display: none; width: 100%;\" class=\"slide-3527 ms-image \" aria-roledescription=\"slide\" data-date=\"2016-06-11 23:44:21\" data-filename=\"1913-06-LHay-YH036_dwp-900x600.jpg\" data-slide-type=\"image\"><img data-recalc-dims=\"1\" loading=\"lazy\" decoding=\"async\" src=\"https:\/\/i0.wp.com\/lesgravereaux.marret.co\/wp-content\/uploads\/2016\/06\/1913-06-LHay-YH036_dwp.jpg?resize=640%2C427&#038;ssl=1\" height=\"427\" width=\"640\" alt=\"\" class=\"slider-3536 slide-3527 msDefaultImage\" \/><div class=\"caption-wrap\"><div class=\"caption\">L'Ha\u00ff, juin 1913 - Nicole Gravereaux (Drouet) et Annette Gravereaux (Humbert)<\/div><\/div><\/li>\n                <li style=\"display: none; width: 100%;\" class=\"slide-3516 ms-image \" aria-roledescription=\"slide\" data-date=\"2016-06-11 23:43:19\" data-filename=\"19xx-LHay-YH048_dwp.jpg\" data-slide-type=\"image\"><img data-recalc-dims=\"1\" loading=\"lazy\" decoding=\"async\" src=\"https:\/\/i0.wp.com\/lesgravereaux.marret.co\/wp-content\/uploads\/2016\/06\/19xx-LHay-YH048_dwp.jpg?resize=640%2C427&#038;ssl=1\" height=\"427\" width=\"640\" alt=\"\" class=\"slider-3536 slide-3516 msDefaultImage\" \/><div class=\"caption-wrap\"><div class=\"caption\">L'Ha\u00ff, vers 1913 - Henriette Villeminot (Borrom\u00e9e)<\/div><\/div><\/li>\n                <li style=\"display: none; width: 100%;\" class=\"slide-3526 ms-image \" aria-roledescription=\"slide\" data-date=\"2016-06-11 23:44:14\" data-filename=\"1913-06-LHay-YH022_dwp-869x580.jpg\" data-slide-type=\"image\"><img data-recalc-dims=\"1\" loading=\"lazy\" decoding=\"async\" src=\"https:\/\/i0.wp.com\/lesgravereaux.marret.co\/wp-content\/uploads\/2016\/06\/1913-06-LHay-YH022_dwp.jpg?resize=640%2C427&#038;ssl=1\" height=\"427\" width=\"640\" alt=\"\" class=\"slider-3536 slide-3526 msDefaultImage\" \/><div class=\"caption-wrap\"><div class=\"caption\">L'Ha\u00ff - Annette Gravereaux (Humbert) et Nicole Gravereaux (Drouet)]<\/div><\/div><\/li>\n                <li style=\"display: none; width: 100%;\" class=\"slide-3524 ms-image \" aria-roledescription=\"slide\" data-date=\"2016-06-11 23:44:01\" data-filename=\"1913-LHay-YH-017_dwp-880x586.jpg\" data-slide-type=\"image\"><img data-recalc-dims=\"1\" loading=\"lazy\" decoding=\"async\" src=\"https:\/\/i0.wp.com\/lesgravereaux.marret.co\/wp-content\/uploads\/2016\/06\/1913-LHay-YH-017_dwp.jpg?resize=640%2C427&#038;ssl=1\" height=\"427\" width=\"640\" alt=\"\" class=\"slider-3536 slide-3524 msDefaultImage\" \/><div class=\"caption-wrap\"><div class=\"caption\">L'Ha\u00ff, 1913 - Annette Gravereaux (Humbert) et Nicole Gravereaux (Drouet)<\/div><\/div><\/li>\n                <li style=\"display: none; width: 100%;\" class=\"slide-3510 ms-image \" aria-roledescription=\"slide\" data-date=\"2016-06-11 23:42:53\" data-filename=\"19xx-LHay-YH021_dwp-746x498.jpg\" data-slide-type=\"image\"><img data-recalc-dims=\"1\" loading=\"lazy\" decoding=\"async\" src=\"https:\/\/i0.wp.com\/lesgravereaux.marret.co\/wp-content\/uploads\/2016\/06\/19xx-LHay-YH021_dwp.jpg?resize=640%2C427&#038;ssl=1\" height=\"427\" width=\"640\" alt=\"\" class=\"slider-3536 slide-3510 msDefaultImage\" \/><div class=\"caption-wrap\"><div class=\"caption\">L'Ha\u00ff - En ligne sur la pelouse...<\/div><\/div><\/li>\n                <li style=\"display: none; width: 100%;\" class=\"slide-3515 ms-image \" aria-roledescription=\"slide\" data-date=\"2016-06-11 23:43:15\" data-filename=\"19xx-LHay-YH046_dwp-457x304.jpg\" data-slide-type=\"image\"><img data-recalc-dims=\"1\" loading=\"lazy\" decoding=\"async\" src=\"https:\/\/i0.wp.com\/lesgravereaux.marret.co\/wp-content\/uploads\/2016\/06\/19xx-LHay-YH046_dwp.jpg?resize=640%2C427&#038;ssl=1\" height=\"427\" width=\"640\" alt=\"\" class=\"slider-3536 slide-3515 msDefaultImage\" \/><div class=\"caption-wrap\"><div class=\"caption\">L'Ha\u00ff - Au bord du miroir d'eau<\/div><\/div><\/li>\n                <li style=\"display: none; width: 100%;\" class=\"slide-3514 ms-image \" aria-roledescription=\"slide\" data-date=\"2016-06-11 23:43:12\" data-filename=\"19xx-LHay-YH042_dwp-883x588.jpg\" data-slide-type=\"image\"><img data-recalc-dims=\"1\" loading=\"lazy\" decoding=\"async\" src=\"https:\/\/i0.wp.com\/lesgravereaux.marret.co\/wp-content\/uploads\/2016\/06\/19xx-LHay-YH042_dwp.jpg?resize=640%2C427&#038;ssl=1\" height=\"427\" width=\"640\" alt=\"\" class=\"slider-3536 slide-3514 msDefaultImage\" \/><div class=\"caption-wrap\"><div class=\"caption\">L'Ha\u00ff - Les petits-enfants de Jules Gravereaux en carriole<\/div><\/div><\/li>\n                <li style=\"display: none; width: 100%;\" class=\"slide-3513 ms-image \" aria-roledescription=\"slide\" data-date=\"2016-06-11 23:43:08\" data-filename=\"19xx-LHay-YH041_dwp-883x589.jpg\" data-slide-type=\"image\"><img data-recalc-dims=\"1\" loading=\"lazy\" decoding=\"async\" src=\"https:\/\/i0.wp.com\/lesgravereaux.marret.co\/wp-content\/uploads\/2016\/06\/19xx-LHay-YH041_dwp.jpg?resize=640%2C427&#038;ssl=1\" height=\"427\" width=\"640\" alt=\"\" class=\"slider-3536 slide-3513 msDefaultImage\" \/><div class=\"caption-wrap\"><div class=\"caption\">L'Ha\u00ff - Les petits-enfants de Jules Gravereaux en carriole<\/div><\/div><\/li>\n                <li style=\"display: none; width: 100%;\" class=\"slide-3531 ms-image \" aria-roledescription=\"slide\" data-date=\"2016-06-11 23:44:45\" data-filename=\"1913v-LHay-OG1294_dwp-900x600.jpg\" data-slide-type=\"image\"><img data-recalc-dims=\"1\" loading=\"lazy\" decoding=\"async\" src=\"https:\/\/i0.wp.com\/lesgravereaux.marret.co\/wp-content\/uploads\/2016\/06\/1913v-LHay-OG1294_dwp.jpg?resize=640%2C427&#038;ssl=1\" height=\"427\" width=\"640\" alt=\"\" class=\"slider-3536 slide-3531 msDefaultImage\" \/><div class=\"caption-wrap\"><div class=\"caption\">L'Ha\u00ff, vers 1913 - Marthe Ancelot (Gravereaux) et ses enfants<\/div><\/div><\/li>\n                <li style=\"display: none; width: 100%;\" class=\"slide-3530 ms-image \" aria-roledescription=\"slide\" data-date=\"2016-06-11 23:44:34\" data-filename=\"1913-10-LHay-YH040_dwp-769x513.jpg\" data-slide-type=\"image\"><img data-recalc-dims=\"1\" loading=\"lazy\" decoding=\"async\" src=\"https:\/\/i0.wp.com\/lesgravereaux.marret.co\/wp-content\/uploads\/2016\/06\/1913-10-LHay-YH040_dwp.jpg?resize=640%2C427&#038;ssl=1\" height=\"427\" width=\"640\" alt=\"\" class=\"slider-3536 slide-3530 msDefaultImage\" \/><div class=\"caption-wrap\"><div class=\"caption\">L'Ha\u00ff, octobre 1913 - Henri Gravereaux \u00e0 cheval <\/div><\/div><\/li>\n                <li style=\"display: none; width: 100%;\" class=\"slide-3517 ms-image \" aria-roledescription=\"slide\" data-date=\"2016-06-11 23:43:23\" data-filename=\"19xx-LHay-YH078_dwp.jpg\" data-slide-type=\"image\"><img data-recalc-dims=\"1\" loading=\"lazy\" decoding=\"async\" src=\"https:\/\/i0.wp.com\/lesgravereaux.marret.co\/wp-content\/uploads\/2016\/06\/19xx-LHay-YH078_dwp.jpg?resize=640%2C427&#038;ssl=1\" height=\"427\" width=\"640\" alt=\"\" class=\"slider-3536 slide-3517 msDefaultImage\" \/><div class=\"caption-wrap\"><div class=\"caption\">L'Ha\u00ff, vers 1913 - Henri Gravereaux entour\u00e9 de sa famille<\/div><\/div><\/li>\n                <li style=\"display: none; width: 100%;\" class=\"slide-3533 ms-image \" aria-roledescription=\"slide\" data-date=\"2016-06-11 23:44:57\" data-filename=\"1915-08-LHay-YH045_dwp-900x600.jpg\" data-slide-type=\"image\"><img data-recalc-dims=\"1\" loading=\"lazy\" decoding=\"async\" src=\"https:\/\/i0.wp.com\/lesgravereaux.marret.co\/wp-content\/uploads\/2016\/06\/1915-08-LHay-YH045_dwp.jpg?resize=640%2C427&#038;ssl=1\" height=\"427\" width=\"640\" alt=\"\" class=\"slider-3536 slide-3533 msDefaultImage\" \/><div class=\"caption-wrap\"><div class=\"caption\">L'Ha\u00ff, ao\u00fbt 1915 - Henri Gravereaux et son \u00e9pouse Jeanne Laborie (Gravereaux), avec, \u00e0 gauche, Annette Gravereaux (Humbert), et, \u00e0 droite,  Nicole Gravereaux (Drouet) <\/div><\/div><\/li>\n                <li style=\"display: none; width: 100%;\" class=\"slide-3532 ms-image \" aria-roledescription=\"slide\" data-date=\"2016-06-11 23:44:53\" data-filename=\"1915-LHay-YH044_dwp-733x489.jpg\" data-slide-type=\"image\"><img data-recalc-dims=\"1\" loading=\"lazy\" decoding=\"async\" src=\"https:\/\/i0.wp.com\/lesgravereaux.marret.co\/wp-content\/uploads\/2016\/06\/1915-LHay-YH044_dwp.jpg?resize=640%2C427&#038;ssl=1\" height=\"427\" width=\"640\" alt=\"\" class=\"slider-3536 slide-3532 msDefaultImage\" \/><div class=\"caption-wrap\"><div class=\"caption\">L'Ha\u00ff, 1915 - Jules Gravereaux et Laure Thuillier (Gravereaux)<\/div><\/div><\/li>\n                <li style=\"display: none; width: 100%;\" class=\"slide-3511 ms-image \" aria-roledescription=\"slide\" data-date=\"2016-06-11 23:42:56\" data-filename=\"19xx-LHay-YH024_dwp-757x504.jpg\" data-slide-type=\"image\"><img data-recalc-dims=\"1\" loading=\"lazy\" decoding=\"async\" src=\"https:\/\/i0.wp.com\/lesgravereaux.marret.co\/wp-content\/uploads\/2016\/06\/19xx-LHay-YH024_dwp.jpg?resize=640%2C427&#038;ssl=1\" height=\"427\" width=\"640\" alt=\"\" class=\"slider-3536 slide-3511 msDefaultImage\" \/><div class=\"caption-wrap\"><div class=\"caption\">L'Ha\u00ff - Devant la maison Empire<\/div><\/div><\/li>\n                <li style=\"display: none; width: 100%;\" class=\"slide-3509 ms-image \" aria-roledescription=\"slide\" data-date=\"2016-06-11 23:42:48\" data-filename=\"11-la-roseraie_dwp-900x600.jpg\" data-slide-type=\"image\"><img data-recalc-dims=\"1\" loading=\"lazy\" decoding=\"async\" src=\"https:\/\/i0.wp.com\/lesgravereaux.marret.co\/wp-content\/uploads\/2016\/06\/11-la-roseraie_dwp.jpg?resize=640%2C427&#038;ssl=1\" height=\"427\" width=\"640\" alt=\"\" class=\"slider-3536 slide-3509 msDefaultImage\" \/><\/li>\n                <li style=\"display: none; width: 100%;\" class=\"slide-3534 ms-image \" aria-roledescription=\"slide\" data-date=\"2016-06-11 23:45:02\" data-filename=\"1924-07-14-LHay-GV016_dwp-869x580.jpg\" data-slide-type=\"image\"><img data-recalc-dims=\"1\" loading=\"lazy\" decoding=\"async\" src=\"https:\/\/i0.wp.com\/lesgravereaux.marret.co\/wp-content\/uploads\/2016\/06\/1924-07-14-LHay-GV016_dwp.jpg?resize=640%2C427&#038;ssl=1\" height=\"427\" width=\"640\" alt=\"\" class=\"slider-3536 slide-3534 msDefaultImage\" \/><div class=\"caption-wrap\"><div class=\"caption\">L'Ha\u00ff, 14 juillet 1924<\/div><\/div><\/li>\n                <li style=\"display: none; width: 100%;\" class=\"slide-3535 ms-image \" aria-roledescription=\"slide\" data-date=\"2016-06-11 23:45:08\" data-filename=\"1927v-LHay-OG1700_dwp-880x586.jpg\" data-slide-type=\"image\"><img data-recalc-dims=\"1\" loading=\"lazy\" decoding=\"async\" src=\"https:\/\/i0.wp.com\/lesgravereaux.marret.co\/wp-content\/uploads\/2016\/06\/1927v-LHay-OG1700_dwp.jpg?resize=640%2C427&#038;ssl=1\" height=\"427\" width=\"640\" alt=\"\" class=\"slider-3536 slide-3535 msDefaultImage\" \/><div class=\"caption-wrap\"><div class=\"caption\">L'Ha\u00ff, vers 1927 - Ren\u00e9 Gravereaux, Henri Gravereaux, Laure Thuillier (Gravereaux) et Gustave Laborie<\/div><\/div><\/li>\n            <\/ul>\n        <\/div>\n        \n    <\/div>\n<\/div><\/p>\n","protected":false},"excerpt":{"rendered":"<p>Jules Gravereaux aimait recevoir sa famille dans sa propri\u00e9t\u00e9 de L\u2019Ha\u00ff. Certains de ses enfants y avaient une r\u00e9sidence secondaire, d\u2019autres y passaient leurs vacances. Tous ses petits-enfants s\u2019y retrouvaient volontiers, entre cousins et cousines\u2026<\/p>\n","protected":false},"author":1,"featured_media":0,"parent":645,"menu_order":0,"comment_status":"closed","ping_status":"closed","template":"","meta":{"ngg_post_thumbnail":0,"jetpack_post_was_ever_published":false,"footnotes":""},"class_list":["post-3537","page","type-page","status-publish","hentry"],"jetpack_sharing_enabled":true,"jetpack_shortlink":"https:\/\/wp.me\/P7ERyi-V3","jetpack-related-posts":[{"id":790,"url":"https:\/\/lesgravereaux.marret.co\/index.php\/la-roseraie-de-lhay\/souvenirs-de-lhay\/","url_meta":{"origin":3537,"position":0},"title":"Souvenirs de L&rsquo;Ha\u00ff","author":"marretgravereaux","date":"10 mars 2016","format":false,"excerpt":"Article publi\u00e9\u00a0 dans le Bulletin de l'Association des Amis du Vieux L'Ha\u00ff en juin 2011 Souvenirs de L'Ha\u00ff [1] [2] par H\u00e9l\u00e8ne Ballu, petite-fille de Jules Gravereaux. Un vieillard qui s\u2019\u00e9teint, c\u2019est une biblioth\u00e8que qui br\u00fble, dit-on. Comme il est encore temps, moi, H\u00e9l\u00e8ne Ballu, n\u00e9e le 11 juin 1910\u2026","rel":"","context":"Article similaire","block_context":{"text":"Article similaire","link":""},"img":{"alt_text":"GV018 - L'HAY MAISON PRINCIPALE_wp","src":"https:\/\/i0.wp.com\/marret.co\/wp-content\/uploads\/2016\/03\/GV018-LHAY-MAISON-PRINCIPALE_wp-1024x1012.jpg?resize=350%2C200","width":350,"height":200},"classes":[]},{"id":2957,"url":"https:\/\/lesgravereaux.marret.co\/index.php\/571-2\/3-juin-1994-cousinade-gravereaux\/","url_meta":{"origin":3537,"position":1},"title":"3 juin 1994 &#8211; Cousinade Gravereaux","author":"marretgravereaux","date":"22 mai 2016","format":false,"excerpt":"Ils \u00e9taient presque tous l\u00e0, les descendants du cr\u00e9ateur de la roseraie de L\u2019Ha\u00ff, des\u00a0arri\u00e8res petits-enfants avec leurs conjoints et leurs propres enfants\u2026 et ils entouraient les petits-enfants de Jules Gravereaux encore vivants\u00a0: H\u00e9l\u00e8ne Ballu, Marie-Th\u00e9r\u00e8se Ballu, Bernard Gravereaux, Jacqueline Gravereaux (Fanet), Jean-Ren\u00e9 Gravereaux, Nicole Gravereaux (Drouet) et Suzanne Gravereaux\u2026","rel":"","context":"Article similaire","block_context":{"text":"Article similaire","link":""},"img":{"alt_text":"1994-06-03 Cousinade Gravereaux (JLM0525v2)","src":"https:\/\/i0.wp.com\/lesgravereaux.marret.co\/wp-content\/uploads\/2016\/05\/1994-06-03-Cousinade-Gravereaux-JLM0525v2-1024x766.jpg?resize=350%2C200","width":350,"height":200,"srcset":"https:\/\/i0.wp.com\/lesgravereaux.marret.co\/wp-content\/uploads\/2016\/05\/1994-06-03-Cousinade-Gravereaux-JLM0525v2-1024x766.jpg?resize=350%2C200 1x, https:\/\/i0.wp.com\/lesgravereaux.marret.co\/wp-content\/uploads\/2016\/05\/1994-06-03-Cousinade-Gravereaux-JLM0525v2-1024x766.jpg?resize=525%2C300 1.5x"},"classes":[]},{"id":3326,"url":"https:\/\/lesgravereaux.marret.co\/index.php\/571-2\/la-journee-de-jules-gravereaux\/","url_meta":{"origin":3537,"position":2},"title":"28 mai 2016 &#8211; La journ\u00e9e de Jules Gravereaux","author":"marretgravereaux","date":"10 juin 2016","format":false,"excerpt":"La ville de L'Ha\u00ff-les-Roses, les associations locales et la famille Gravereaux avaient d\u00e9cid\u00e9 de souligner le centenaire du d\u00e9c\u00e8s de Jules Gravereaux en organisant des activit\u00e9s le 18 mai 2016\u2026 Nathalie Ferrand, auteur du livre \u00ab\u00a0Cr\u00e9ateur de roses\u00a0\u00bb a prononc\u00e9 une conf\u00e9rence sur le th\u00e8me \u00ab\u00a0Rayonnement de Jules Gravereaux en\u2026","rel":"","context":"Dans &quot;Jules Gravereaux&quot;","block_context":{"text":"Jules Gravereaux","link":"https:\/\/lesgravereaux.marret.co\/index.php\/category\/jules-gravereaux\/"},"img":{"alt_text":"File0032a","src":"https:\/\/i0.wp.com\/lesgravereaux.marret.co\/wp-content\/uploads\/2015\/10\/File0032a.jpg?resize=350%2C200","width":350,"height":200},"classes":[]},{"id":5176,"url":"https:\/\/lesgravereaux.marret.co\/index.php\/jules-gravereaux\/des-evenements-de-sa-vie\/biographie-de-jules-gravereaux-par-les-amis-des-roses\/","url_meta":{"origin":3537,"position":3},"title":"Biographie de Jules Gravereaux (par Les Amis des Roses)","author":"marretgravereaux","date":"13 f\u00e9vrier 2017","format":false,"excerpt":"Au moment o\u00f9 nous le pressentions le moins, alors que nous supposions notre Pr\u00e9sident d'honneur encore dans toute la force de sa robuste vieillesse, une fatale nouvelle nous parvint : M.\u00a0Jules Gravereaux \u00e9tait d\u00e9c\u00e9d\u00e9 le 23 mars en sein H\u00f4tel de l'avenue de Villars. Ce malheur nous fut connu trop\u2026","rel":"","context":"Article similaire","block_context":{"text":"Article similaire","link":""},"img":{"alt_text":"","src":"https:\/\/i0.wp.com\/lesgravereaux.marret.co\/wp-content\/uploads\/2017\/02\/1916-03-Les-amis-des-roses-LIII-p29_wp-667x1024.jpg?resize=350%2C200","width":350,"height":200},"classes":[]},{"id":612,"url":"https:\/\/lesgravereaux.marret.co\/index.php\/la-famille-gravereaux\/chronique-parisienne-les-gravereaux\/","url_meta":{"origin":3537,"position":4},"title":"Chronique parisienne : Les Gravereaux","author":"marretgravereaux","date":"7 mars 2016","format":false,"excerpt":"\u00a0 \u00a0 Un suppl\u00e9ment artistique de La Chronique parisienne pr\u00e9sente une photo de plusieurs enfants Gravereaux alors qu'ils jouent \u00e0 Colin-Maillard, devant la Maison normande, dans la propri\u00e9t\u00e9 de L'Ha\u00ff. Saurez-vous les identifier? Si tel est le cas, communiquez avec le responsable du site.","rel":"","context":"Article similaire","block_context":{"text":"Article similaire","link":""},"img":{"alt_text":"19xx La Chronique parisienne - Gravereaux 2a","src":"https:\/\/i0.wp.com\/marret.co\/wp-content\/uploads\/2015\/10\/19xx-La-Chronique-parisienne-Gravereaux-2a-804x1024.jpg?resize=350%2C200","width":350,"height":200},"classes":[]},{"id":1523,"url":"https:\/\/lesgravereaux.marret.co\/index.php\/liens-utiles\/","url_meta":{"origin":3537,"position":5},"title":"Liens utiles","author":"marretgravereaux","date":"10 avril 2016","format":false,"excerpt":"Les liens pour :\u00a0-\u00a0La famille Gravereaux -\u00a0Jules Gravereaux - Denis Gravereaux\u00a0-\u00a0Sylvie de Beco\u00a0-\u00a0Jean-Claude Pascal - La roseraie de l'Ha\u00ff -\u00a0Les \u00c9tablissements Gravereaux\u00a0-\u00a0Associations et organismes \u00a0 \u00a0Jules Gravereaux Wikipedia - Jules Gravereaux \u00a0\u00a0 La roseraie de l'Ha\u00ff La Roseraie du Val-de-Marne Wikipedia - La Roseraie du Val-de-Marne HelpMeFind - Roseraie du\u2026","rel":"","context":"Article similaire","block_context":{"text":"Article similaire","link":""},"img":{"alt_text":"Roses de Malmaison - p01b_wp","src":"https:\/\/i0.wp.com\/lesgravereaux.marret.co\/wp-content\/uploads\/2016\/03\/Roses-de-Malmaison-p01b_wp.jpg?resize=350%2C200","width":350,"height":200},"classes":[]}],"_links":{"self":[{"href":"https:\/\/lesgravereaux.marret.co\/index.php\/wp-json\/wp\/v2\/pages\/3537","targetHints":{"allow":["GET"]}}],"collection":[{"href":"https:\/\/lesgravereaux.marret.co\/index.php\/wp-json\/wp\/v2\/pages"}],"about":[{"href":"https:\/\/lesgravereaux.marret.co\/index.php\/wp-json\/wp\/v2\/types\/page"}],"author":[{"embeddable":true,"href":"https:\/\/lesgravereaux.marret.co\/index.php\/wp-json\/wp\/v2\/users\/1"}],"replies":[{"embeddable":true,"href":"https:\/\/lesgravereaux.marret.co\/index.php\/wp-json\/wp\/v2\/comments?post=3537"}],"version-history":[{"count":0,"href":"https:\/\/lesgravereaux.marret.co\/index.php\/wp-json\/wp\/v2\/pages\/3537\/revisions"}],"up":[{"embeddable":true,"href":"https:\/\/lesgravereaux.marret.co\/index.php\/wp-json\/wp\/v2\/pages\/645"}],"wp:attachment":[{"href":"https:\/\/lesgravereaux.marret.co\/index.php\/wp-json\/wp\/v2\/media?parent=3537"}],"curies":[{"name":"wp","href":"https:\/\/api.w.org\/{rel}","templated":true}]}}