{"id":3504,"date":"2016-06-11T04:13:51","date_gmt":"2016-06-11T03:13:51","guid":{"rendered":"http:\/\/lesgravereaux.marret.co\/?page_id=3504"},"modified":"2016-06-12T15:59:46","modified_gmt":"2016-06-12T14:59:46","slug":"gerard-gravereaux-quelques-oeuvres","status":"publish","type":"page","link":"https:\/\/lesgravereaux.marret.co\/index.php\/la-famille-gravereaux\/gerard-gravereaux\/gerard-gravereaux-quelques-oeuvres\/","title":{"rendered":"G\u00e9rard Gravereaux &#8211; Quelques oeuvres"},"content":{"rendered":"<div id=\"metaslider-id-3475\" style=\"max-width: 900px; margin: 0 auto;\" class=\"ml-slider-3-105-0 metaslider metaslider-flex metaslider-3475 ml-slider has-dots-nav ms-theme-default\" role=\"region\" aria-label=\"G\u00e9rard Gravereaux\" data-height=\"700\" data-width=\"900\">\n    <div id=\"metaslider_container_3475\">\n        <div id=\"metaslider_3475\">\n            <ul class='slides'>\n                <li style=\"display: block; width: 100%;\" class=\"slide-3488 ms-image \" aria-roledescription=\"slide\" data-date=\"2016-06-11 03:41:11\" data-filename=\"Gravereaux-G\u00e9rard-Antoine-Gravereaux-Les-saisons-1950-2013-06_006_wp-900x700.jpg\" data-slide-type=\"image\"><img data-recalc-dims=\"1\" loading=\"lazy\" decoding=\"async\" src=\"https:\/\/i0.wp.com\/lesgravereaux.marret.co\/wp-content\/uploads\/2016\/06\/Gravereaux-G%C3%A9rard-Antoine-Gravereaux-Les-saisons-1950-2013-06_006_wp.jpg?resize=640%2C498&#038;ssl=1\" height=\"498\" width=\"640\" alt=\"\" class=\"slider-3475 slide-3488 msDefaultImage\" \/><div class=\"caption-wrap\"><div class=\"caption\">Les saisons<\/div><\/div><\/li>\n                <li style=\"display: none; width: 100%;\" class=\"slide-3484 ms-image \" aria-roledescription=\"slide\" data-date=\"2016-06-11 03:40:17\" data-filename=\"Gravereaux-G\u00e9rard-Pierrot-pour-un-festival_wp-900x700.jpg\" data-slide-type=\"image\"><img data-recalc-dims=\"1\" loading=\"lazy\" decoding=\"async\" src=\"https:\/\/i0.wp.com\/lesgravereaux.marret.co\/wp-content\/uploads\/2016\/06\/Gravereaux-G%C3%A9rard-Pierrot-pour-un-festival_wp.jpg?resize=640%2C498&#038;ssl=1\" height=\"498\" width=\"640\" alt=\"\" class=\"slider-3475 slide-3484 msDefaultImage\" \/><div class=\"caption-wrap\"><div class=\"caption\">Pierrot pour un festival<\/div><\/div><\/li>\n                <li style=\"display: none; width: 100%;\" class=\"slide-3481 ms-image \" aria-roledescription=\"slide\" data-date=\"2016-06-11 03:39:23\" data-filename=\"Gravereaux-G\u00e9rard-Danseurs-de-flamenco-Robert-Gravereaux_wp-900x700.jpg\" data-slide-type=\"image\"><img data-recalc-dims=\"1\" loading=\"lazy\" decoding=\"async\" src=\"https:\/\/i0.wp.com\/lesgravereaux.marret.co\/wp-content\/uploads\/2016\/06\/Gravereaux-G%C3%A9rard-Danseurs-de-flamenco-Robert-Gravereaux_wp.jpg?resize=640%2C498&#038;ssl=1\" height=\"498\" width=\"640\" alt=\"\" class=\"slider-3475 slide-3481 msDefaultImage\" \/><div class=\"caption-wrap\"><div class=\"caption\">Les danseurs de flamenco<\/div><\/div><\/li>\n                <li style=\"display: none; width: 100%;\" class=\"slide-3486 ms-image \" aria-roledescription=\"slide\" data-date=\"2016-06-11 03:40:49\" data-filename=\"Gravereaux-G\u00e9rard-Anne-Gravereaux-2011-10_033_wp-900x700.jpg\" data-slide-type=\"image\"><img data-recalc-dims=\"1\" loading=\"lazy\" decoding=\"async\" src=\"https:\/\/i0.wp.com\/lesgravereaux.marret.co\/wp-content\/uploads\/2016\/06\/Gravereaux-G%C3%A9rard-Anne-Gravereaux-2011-10_033_wp.jpg?resize=640%2C498&#038;ssl=1\" height=\"498\" width=\"640\" alt=\"\" class=\"slider-3475 slide-3486 msDefaultImage\" \/><\/li>\n                <li style=\"display: none; width: 100%;\" class=\"slide-3497 ms-image \" aria-roledescription=\"slide\" data-date=\"2016-06-11 03:42:52\" data-filename=\"Gravereaux-G\u00e9rard-Jean-Luc-Marret_wp-900x700.jpg\" data-slide-type=\"image\"><img data-recalc-dims=\"1\" loading=\"lazy\" decoding=\"async\" src=\"https:\/\/i0.wp.com\/lesgravereaux.marret.co\/wp-content\/uploads\/2016\/06\/Gravereaux-G%C3%A9rard-Jean-Luc-Marret_wp.jpg?resize=640%2C498&#038;ssl=1\" height=\"498\" width=\"640\" alt=\"\" class=\"slider-3475 slide-3497 msDefaultImage\" \/><\/li>\n                <li style=\"display: none; width: 100%;\" class=\"slide-3499 ms-image \" aria-roledescription=\"slide\" data-date=\"2016-06-11 03:43:11\" data-filename=\"Gravereaux-G\u00e9rard-Jean-Ren\u00e9-Gravereaux-2011-10_023_wp-900x700.jpg\" data-slide-type=\"image\"><img data-recalc-dims=\"1\" loading=\"lazy\" decoding=\"async\" src=\"https:\/\/i0.wp.com\/lesgravereaux.marret.co\/wp-content\/uploads\/2016\/06\/Gravereaux-G%C3%A9rard-Jean-Ren%C3%A9-Gravereaux-2011-10_023_wp.jpg?resize=640%2C498&#038;ssl=1\" height=\"498\" width=\"640\" alt=\"\" class=\"slider-3475 slide-3499 msDefaultImage\" \/><\/li>\n                <li style=\"display: none; width: 100%;\" class=\"slide-3498 ms-image \" aria-roledescription=\"slide\" data-date=\"2016-06-11 03:43:01\" data-filename=\"Gravereaux-G\u00e9rard-Jean-Ren\u00e9-Gravereaux-2011-10_018_wp-900x700.jpg\" data-slide-type=\"image\"><img data-recalc-dims=\"1\" loading=\"lazy\" decoding=\"async\" src=\"https:\/\/i0.wp.com\/lesgravereaux.marret.co\/wp-content\/uploads\/2016\/06\/Gravereaux-G%C3%A9rard-Jean-Ren%C3%A9-Gravereaux-2011-10_018_wp.jpg?resize=640%2C498&#038;ssl=1\" height=\"498\" width=\"640\" alt=\"\" class=\"slider-3475 slide-3498 msDefaultImage\" \/><\/li>\n                <li style=\"display: none; width: 100%;\" class=\"slide-3496 ms-image \" aria-roledescription=\"slide\" data-date=\"2016-06-11 03:42:41\" data-filename=\"Gravereaux-G\u00e9rard-Herv\u00e9-Lesur-HL063_wp-900x700.jpg\" data-slide-type=\"image\"><img data-recalc-dims=\"1\" loading=\"lazy\" decoding=\"async\" src=\"https:\/\/i0.wp.com\/lesgravereaux.marret.co\/wp-content\/uploads\/2016\/06\/Gravereaux-G%C3%A9rard-Herv%C3%A9-Lesur-HL063_wp.jpg?resize=640%2C498&#038;ssl=1\" height=\"498\" width=\"640\" alt=\"\" class=\"slider-3475 slide-3496 msDefaultImage\" \/><\/li>\n                <li style=\"display: none; width: 100%;\" class=\"slide-3495 ms-image \" aria-roledescription=\"slide\" data-date=\"2016-06-11 03:42:31\" data-filename=\"Gravereaux-G\u00e9rard-Herv\u00e9-Lesur-HL062_wp-900x700.jpg\" data-slide-type=\"image\"><img data-recalc-dims=\"1\" loading=\"lazy\" decoding=\"async\" src=\"https:\/\/i0.wp.com\/lesgravereaux.marret.co\/wp-content\/uploads\/2016\/06\/Gravereaux-G%C3%A9rard-Herv%C3%A9-Lesur-HL062_wp.jpg?resize=640%2C498&#038;ssl=1\" height=\"498\" width=\"640\" alt=\"\" class=\"slider-3475 slide-3495 msDefaultImage\" \/><\/li>\n                <li style=\"display: none; width: 100%;\" class=\"slide-3491 ms-image \" aria-roledescription=\"slide\" data-date=\"2016-06-11 03:41:46\" data-filename=\"Gravereaux-G\u00e9rard-Antoine-Gravereaux-Nature-morte-1950-2013-06_002_wp-900x700.jpg\" data-slide-type=\"image\"><img data-recalc-dims=\"1\" loading=\"lazy\" decoding=\"async\" src=\"https:\/\/i0.wp.com\/lesgravereaux.marret.co\/wp-content\/uploads\/2016\/06\/Gravereaux-G%C3%A9rard-Antoine-Gravereaux-Nature-morte-1950-2013-06_002_wp.jpg?resize=640%2C498&#038;ssl=1\" height=\"498\" width=\"640\" alt=\"\" class=\"slider-3475 slide-3491 msDefaultImage\" \/><div class=\"caption-wrap\"><div class=\"caption\">Nature morte<\/div><\/div><\/li>\n                <li style=\"display: none; width: 100%;\" class=\"slide-3500 ms-image \" aria-roledescription=\"slide\" data-date=\"2016-06-11 03:43:23\" data-filename=\"Gravereaux-G\u00e9rard-Odile-Gravereaux_wp-900x700.jpg\" data-slide-type=\"image\"><img data-recalc-dims=\"1\" loading=\"lazy\" decoding=\"async\" src=\"https:\/\/i0.wp.com\/lesgravereaux.marret.co\/wp-content\/uploads\/2016\/06\/Gravereaux-G%C3%A9rard-Odile-Gravereaux_wp.jpg?resize=640%2C498&#038;ssl=1\" height=\"498\" width=\"640\" alt=\"\" class=\"slider-3475 slide-3500 msDefaultImage\" \/><\/li>\n                <li style=\"display: none; width: 100%;\" class=\"slide-3494 ms-image \" aria-roledescription=\"slide\" data-date=\"2016-06-11 03:42:23\" data-filename=\"Gravereaux-G\u00e9rard-Guillaume-Marret-2010-28_003_wp-900x700.jpg\" data-slide-type=\"image\"><img data-recalc-dims=\"1\" loading=\"lazy\" decoding=\"async\" src=\"https:\/\/i0.wp.com\/lesgravereaux.marret.co\/wp-content\/uploads\/2016\/06\/Gravereaux-G%C3%A9rard-Guillaume-Marret-2010-28_003_wp.jpg?resize=640%2C498&#038;ssl=1\" height=\"498\" width=\"640\" alt=\"\" class=\"slider-3475 slide-3494 msDefaultImage\" \/><div class=\"caption-wrap\"><div class=\"caption\">La corrida<\/div><\/div><\/li>\n                <li style=\"display: none; width: 100%;\" class=\"slide-3493 ms-image \" aria-roledescription=\"slide\" data-date=\"2016-06-11 03:42:10\" data-filename=\"Gravereaux-G\u00e9rard-Daniel-Marret-2011-12_036_wp-900x700.jpg\" data-slide-type=\"image\"><img data-recalc-dims=\"1\" loading=\"lazy\" decoding=\"async\" src=\"https:\/\/i0.wp.com\/lesgravereaux.marret.co\/wp-content\/uploads\/2016\/06\/Gravereaux-G%C3%A9rard-Daniel-Marret-2011-12_036_wp.jpg?resize=640%2C498&#038;ssl=1\" height=\"498\" width=\"640\" alt=\"\" class=\"slider-3475 slide-3493 msDefaultImage\" \/><\/li>\n                <li style=\"display: none; width: 100%;\" class=\"slide-3487 ms-image \" aria-roledescription=\"slide\" data-date=\"2016-06-11 03:41:01\" data-filename=\"Gravereaux-G\u00e9rard-Anne-Gravereaux-chez-Odile_wp-900x700.jpg\" data-slide-type=\"image\"><img data-recalc-dims=\"1\" loading=\"lazy\" decoding=\"async\" src=\"https:\/\/i0.wp.com\/lesgravereaux.marret.co\/wp-content\/uploads\/2016\/06\/Gravereaux-G%C3%A9rard-Anne-Gravereaux-chez-Odile_wp.jpg?resize=640%2C498&#038;ssl=1\" height=\"498\" width=\"640\" alt=\"\" class=\"slider-3475 slide-3487 msDefaultImage\" \/><\/li>\n                <li style=\"display: none; width: 100%;\" class=\"slide-3492 ms-image \" aria-roledescription=\"slide\" data-date=\"2016-06-11 03:41:58\" data-filename=\"Gravereaux-G\u00e9rard-Daniel-Marret-2011-12_032_wp-900x700.jpg\" data-slide-type=\"image\"><img data-recalc-dims=\"1\" loading=\"lazy\" decoding=\"async\" src=\"https:\/\/i0.wp.com\/lesgravereaux.marret.co\/wp-content\/uploads\/2016\/06\/Gravereaux-G%C3%A9rard-Daniel-Marret-2011-12_032_wp.jpg?resize=640%2C498&#038;ssl=1\" height=\"498\" width=\"640\" alt=\"\" class=\"slider-3475 slide-3492 msDefaultImage\" \/><\/li>\n            <\/ul>\n        <\/div>\n        \n    <\/div>\n<\/div>\n","protected":false},"excerpt":{"rendered":"","protected":false},"author":1,"featured_media":0,"parent":1159,"menu_order":0,"comment_status":"closed","ping_status":"closed","template":"","meta":{"ngg_post_thumbnail":0,"jetpack_post_was_ever_published":false,"footnotes":""},"class_list":["post-3504","page","type-page","status-publish","hentry"],"jetpack_sharing_enabled":true,"jetpack_shortlink":"https:\/\/wp.me\/P7ERyi-Uw","jetpack-related-posts":[{"id":1159,"url":"https:\/\/lesgravereaux.marret.co\/index.php\/la-famille-gravereaux\/gerard-gravereaux\/","url_meta":{"origin":3504,"position":0},"title":"G\u00e9rard Gravereaux","author":"marretgravereaux","date":"17 mars 2016","format":false,"excerpt":"Henry-G\u00e9rard Gravereaux na\u00eet le 31\u00a0octobre 1906. Apr\u00e8s un baccalaur\u00e9at \u00e8s lettres, il \u00e9tudie \u00e0 l\u2019\u00c9cole des Sciences politiques avant de rentrer aux \u00c9tablissements Gravereaux, l\u2019entreprise cr\u00e9\u00e9e par son p\u00e8re. \u00ab\u00a0G\u00e9rard, apr\u00e8s un court passage \u00e0 Sciences-Po, entrait comme apprenti patronnier chez Depond, achet\u00e9 en 1925, dans la petite usine de\u2026","rel":"","context":"Article similaire","block_context":{"text":"Article similaire","link":""},"img":{"alt_text":"Gerard gravereaux - OG1601_wp","src":"https:\/\/i0.wp.com\/marret.co\/wp-content\/uploads\/2016\/03\/Gerard-gravereaux-OG1601_wp-787x1024.jpg?resize=350%2C200","width":350,"height":200},"classes":[]},{"id":5938,"url":"https:\/\/lesgravereaux.marret.co\/index.php\/la-famille-gravereaux\/gerard-gravereaux\/henry-gerard-gravereaux-sexpose\/1951-henry-gerard-a-cannes\/","url_meta":{"origin":3504,"position":1},"title":"1951 &#8211; Henry-G\u00e9rard expose \u00e0 Cannes","author":"marretgravereaux","date":"24 d\u00e9cembre 2018","format":false,"excerpt":"Galerie Martin-Gruson, Cannes. 28\u00a0mars \u2013 11\u00a0avril 1951. Un extrait de la Critique parisienne\u00a0: L'un des m\u00e9rites d'Henry-G\u00e9rard est d'avoir voulu travailler en solitaire, loin de Paris, sans montrer \u00e0 personne le r\u00e9sultat de ses recherches. Aussi l'\u0153uvre qu'il expose est-elle proprement surprenante... Elle accuse encore et surtout un style, celui\u2026","rel":"","context":"Article similaire","block_context":{"text":"Article similaire","link":""},"img":{"alt_text":"","src":"https:\/\/i0.wp.com\/lesgravereaux.marret.co\/wp-content\/uploads\/2018\/12\/1951-03-28-Exposition-Henry-G%C3%A9rard-Vernissage-1_wp.jpg?resize=350%2C200&ssl=1","width":350,"height":200,"srcset":"https:\/\/i0.wp.com\/lesgravereaux.marret.co\/wp-content\/uploads\/2018\/12\/1951-03-28-Exposition-Henry-G%C3%A9rard-Vernissage-1_wp.jpg?resize=350%2C200&ssl=1 1x, https:\/\/i0.wp.com\/lesgravereaux.marret.co\/wp-content\/uploads\/2018\/12\/1951-03-28-Exposition-Henry-G%C3%A9rard-Vernissage-1_wp.jpg?resize=525%2C300&ssl=1 1.5x, https:\/\/i0.wp.com\/lesgravereaux.marret.co\/wp-content\/uploads\/2018\/12\/1951-03-28-Exposition-Henry-G%C3%A9rard-Vernissage-1_wp.jpg?resize=700%2C400&ssl=1 2x"},"classes":[]},{"id":2288,"url":"https:\/\/lesgravereaux.marret.co\/index.php\/la-famille-gravereaux\/gerard-gravereaux\/henry-gerard-gravereaux-sexpose\/vous-avez-dit-cubistes-cannes-1985\/","url_meta":{"origin":3504,"position":2},"title":"Vous avez dit cubistes ? (Cannes, 1985)","author":"marretgravereaux","date":"7 mai 2016","format":false,"excerpt":"La Malmaison, Cannes. \u00a013\u00a0juillet \u2013 22\u00a0septembre 1985. \u00ab\u00a0Vous avez dit cubistes\u00a0?\u00a0\u00bb. [Exposition de groupe] \u00a0 m m \u00abPeu de temps avant les ann\u00e9es 50, dans les \u0153uvres de Henry-G\u00e9rard GRAVEREAUX, mythologue et prolongateur des th\u00e8mes tournant autour de la repr\u00e9sentation de la femme mythique d'Eros, le peintre faisait rena\u00eetre par\u2026","rel":"","context":"Article similaire","block_context":{"text":"Article similaire","link":""},"img":{"alt_text":"1985 - Vous avez dit cubistes c0-2_wp","src":"https:\/\/i0.wp.com\/lesgravereaux.marret.co\/wp-content\/uploads\/2016\/03\/1985-Vous-avez-dit-cubistes-c0-2_wp-1024x986.jpg?resize=350%2C200","width":350,"height":200},"classes":[]},{"id":1344,"url":"https:\/\/lesgravereaux.marret.co\/index.php\/la-famille-gravereaux\/une-famille-dartistes\/","url_meta":{"origin":3504,"position":3},"title":"Une famille d&rsquo;artistes","author":"marretgravereaux","date":"12 juin 2016","format":false,"excerpt":"\u00a0 Ren\u00e9 Gravereaux (1875-1960) et Marthe Ancelot (1881-1972) ont eu dix enfants. On ne sait si leur grand-p\u00e8re, Jules Gravereaux (1844-1916) les a encourag\u00e9s ou s\u2019il les a inspir\u00e9s, mais ils ont, tous ou presque, d\u00e9montr\u00e9 des talents de dessinateurs! \u00a0 Philippe Gravereaux (1904-1987) aurait r\u00e9alis\u00e9 quelques dessins, dont celui\u2026","rel":"","context":"Article similaire","block_context":{"text":"Article similaire","link":""},"img":{"alt_text":"Gravereaux, Philippe (2011-12_012)_wp","src":"https:\/\/i0.wp.com\/lesgravereaux.marret.co\/wp-content\/uploads\/2016\/06\/Gravereaux-Philippe-2011-12_012_wp.jpg?resize=350%2C200","width":350,"height":200},"classes":[]},{"id":2309,"url":"https:\/\/lesgravereaux.marret.co\/index.php\/la-famille-gravereaux\/gerard-gravereaux\/henry-gerard-gravereaux-sexpose\/femmes-portraits-et-nus-cannes-1985-1986\/","url_meta":{"origin":3504,"position":4},"title":"Femmes, portraits et nus (Cannes, 1985-1986)","author":"marretgravereaux","date":"7 mai 2016","format":false,"excerpt":"La Malmaison, Cannes. 14\u00a0d\u00e9cembre 1985 \u00a0\u2013 9\u00a0f\u00e9vrier 1986. \u00ab\u00a0Femmes\u2026, portraits et nus\u00a0\u00bb. [Exposition de groupe] Henry-G\u00e9rard GRAVEREAUX . Paris 1906N\u00e9 \u00e0 Paris dans une famille d'industriels. Etudes secondaires, baccalaur\u00e9at \u00e8s lettres et Ecole des Sciences Politiques.Premi\u00e8res \u00e9tudes de dessin \u00e0 l'Acad\u00e9mie Julian de 1924 \u00e0 1925. En 1937, se consacre\u2026","rel":"","context":"Article similaire","block_context":{"text":"Article similaire","link":""},"img":{"alt_text":"","src":"https:\/\/i0.wp.com\/lesgravereaux.marret.co\/wp-content\/uploads\/2018\/12\/1985-1986-Femmes-Portraits-et-Nus-%C3%89tude_wp.jpg?resize=350%2C200&ssl=1","width":350,"height":200,"srcset":"https:\/\/i0.wp.com\/lesgravereaux.marret.co\/wp-content\/uploads\/2018\/12\/1985-1986-Femmes-Portraits-et-Nus-%C3%89tude_wp.jpg?resize=350%2C200&ssl=1 1x, https:\/\/i0.wp.com\/lesgravereaux.marret.co\/wp-content\/uploads\/2018\/12\/1985-1986-Femmes-Portraits-et-Nus-%C3%89tude_wp.jpg?resize=525%2C300&ssl=1 1.5x"},"classes":[]},{"id":5960,"url":"https:\/\/lesgravereaux.marret.co\/index.php\/la-famille-gravereaux\/gerard-gravereaux\/henry-gerard-gravereaux-sexpose\/1959-henry-gerard-gravereaux-expose-a-paris\/","url_meta":{"origin":3504,"position":5},"title":"1959 &#8211; Henry-G\u00e9rard Gravereaux expose \u00e0 Paris","author":"marretgravereaux","date":"26 d\u00e9cembre 2018","format":false,"excerpt":"Galerie Paul C\u00e9zanne, Paris. 12\u00a0mars \u2013 28\u00a0mars 1959.","rel":"","context":"Article similaire","block_context":{"text":"Article similaire","link":""},"img":{"alt_text":"","src":"https:\/\/i0.wp.com\/lesgravereaux.marret.co\/wp-content\/uploads\/2018\/12\/1959-03-12-Exposition-Henry-G%C3%A9rard-Gravereaux-Vernissage-2a_wp.jpg?resize=350%2C200&ssl=1","width":350,"height":200,"srcset":"https:\/\/i0.wp.com\/lesgravereaux.marret.co\/wp-content\/uploads\/2018\/12\/1959-03-12-Exposition-Henry-G%C3%A9rard-Gravereaux-Vernissage-2a_wp.jpg?resize=350%2C200&ssl=1 1x, https:\/\/i0.wp.com\/lesgravereaux.marret.co\/wp-content\/uploads\/2018\/12\/1959-03-12-Exposition-Henry-G%C3%A9rard-Gravereaux-Vernissage-2a_wp.jpg?resize=525%2C300&ssl=1 1.5x, https:\/\/i0.wp.com\/lesgravereaux.marret.co\/wp-content\/uploads\/2018\/12\/1959-03-12-Exposition-Henry-G%C3%A9rard-Gravereaux-Vernissage-2a_wp.jpg?resize=700%2C400&ssl=1 2x, https:\/\/i0.wp.com\/lesgravereaux.marret.co\/wp-content\/uploads\/2018\/12\/1959-03-12-Exposition-Henry-G%C3%A9rard-Gravereaux-Vernissage-2a_wp.jpg?resize=1050%2C600&ssl=1 3x, https:\/\/i0.wp.com\/lesgravereaux.marret.co\/wp-content\/uploads\/2018\/12\/1959-03-12-Exposition-Henry-G%C3%A9rard-Gravereaux-Vernissage-2a_wp.jpg?resize=1400%2C800&ssl=1 4x"},"classes":[]}],"_links":{"self":[{"href":"https:\/\/lesgravereaux.marret.co\/index.php\/wp-json\/wp\/v2\/pages\/3504","targetHints":{"allow":["GET"]}}],"collection":[{"href":"https:\/\/lesgravereaux.marret.co\/index.php\/wp-json\/wp\/v2\/pages"}],"about":[{"href":"https:\/\/lesgravereaux.marret.co\/index.php\/wp-json\/wp\/v2\/types\/page"}],"author":[{"embeddable":true,"href":"https:\/\/lesgravereaux.marret.co\/index.php\/wp-json\/wp\/v2\/users\/1"}],"replies":[{"embeddable":true,"href":"https:\/\/lesgravereaux.marret.co\/index.php\/wp-json\/wp\/v2\/comments?post=3504"}],"version-history":[{"count":0,"href":"https:\/\/lesgravereaux.marret.co\/index.php\/wp-json\/wp\/v2\/pages\/3504\/revisions"}],"up":[{"embeddable":true,"href":"https:\/\/lesgravereaux.marret.co\/index.php\/wp-json\/wp\/v2\/pages\/1159"}],"wp:attachment":[{"href":"https:\/\/lesgravereaux.marret.co\/index.php\/wp-json\/wp\/v2\/media?parent=3504"}],"curies":[{"name":"wp","href":"https:\/\/api.w.org\/{rel}","templated":true}]}}