{"id":3477,"date":"2016-06-11T03:20:56","date_gmt":"2016-06-11T02:20:56","guid":{"rendered":"http:\/\/lesgravereaux.marret.co\/?page_id=3477"},"modified":"2016-06-12T16:34:57","modified_gmt":"2016-06-12T15:34:57","slug":"3-juin-1994-photo-reportage","status":"publish","type":"page","link":"https:\/\/lesgravereaux.marret.co\/index.php\/571-2\/3-juin-1994-cousinade-gravereaux\/3-juin-1994-photo-reportage\/","title":{"rendered":"3 juin 1994 &#8211; Photo-reportage"},"content":{"rendered":"<div id=\"metaslider-id-3331\" style=\"max-width: 900px; margin: 0 auto;\" class=\"ml-slider-3-105-0 metaslider metaslider-flex metaslider-3331 ml-slider has-dots-nav ms-theme-default\" role=\"region\" aria-label=\"3 juin 1994\" data-height=\"600\" data-width=\"900\">\n    <div id=\"metaslider_container_3331\">\n        <div id=\"metaslider_3331\">\n            <ul class='slides'>\n                <li style=\"display: block; width: 100%;\" class=\"slide-3458 ms-image \" aria-roledescription=\"slide\" data-date=\"2016-06-11 02:52:46\" data-filename=\"1994-banni\u00e8res-OG1703_wp-631x420.jpg\" data-slide-type=\"image\"><img data-recalc-dims=\"1\" loading=\"lazy\" decoding=\"async\" src=\"https:\/\/i0.wp.com\/lesgravereaux.marret.co\/wp-content\/uploads\/2016\/06\/1994-banni%C3%A8res-OG1703_wp.jpg?resize=640%2C427&#038;ssl=1\" height=\"427\" width=\"640\" alt=\"\" class=\"slider-3331 slide-3458 msDefaultImage\" \/><div class=\"caption-wrap\"><div class=\"caption\">Banni\u00e8res<\/div><\/div><\/li>\n                <li style=\"display: none; width: 100%;\" class=\"slide-3461 ms-image \" aria-roledescription=\"slide\" data-date=\"2016-06-11 02:52:54\" data-filename=\"1994-Jacqueline-et-JRG-OG1706_wp-808x539.jpg\" data-slide-type=\"image\"><img data-recalc-dims=\"1\" loading=\"lazy\" decoding=\"async\" src=\"https:\/\/i0.wp.com\/lesgravereaux.marret.co\/wp-content\/uploads\/2016\/06\/1994-Jacqueline-et-JRG-OG1706_wp.jpg?resize=640%2C427&#038;ssl=1\" height=\"427\" width=\"640\" alt=\"\" class=\"slider-3331 slide-3461 msDefaultImage\" \/><div class=\"caption-wrap\"><div class=\"caption\">Jacqueline Gravereaux (Fanet) et Jean-Ren\u00e9 Gravereaux<\/div><\/div><\/li>\n                <li style=\"display: none; width: 100%;\" class=\"slide-3470 ms-image \" aria-roledescription=\"slide\" data-date=\"2016-06-11 02:53:19\" data-filename=\"1994-Puddy-OG1714_wp-829x553.jpg\" data-slide-type=\"image\"><img data-recalc-dims=\"1\" loading=\"lazy\" decoding=\"async\" src=\"https:\/\/i0.wp.com\/lesgravereaux.marret.co\/wp-content\/uploads\/2016\/06\/1994-Puddy-OG1714_wp.jpg?resize=640%2C427&#038;ssl=1\" height=\"427\" width=\"640\" alt=\"\" class=\"slider-3331 slide-3470 msDefaultImage\" \/><div class=\"caption-wrap\"><div class=\"caption\">Fran\u00e7oise \"Puddy\" Gravereaux (Lesur)<\/div><\/div><\/li>\n                <li style=\"display: none; width: 100%;\" class=\"slide-3471 ms-image \" aria-roledescription=\"slide\" data-date=\"2016-06-11 02:53:22\" data-filename=\"1994-Suzanne-OG1715_wp-542x361.jpg\" data-slide-type=\"image\"><img data-recalc-dims=\"1\" loading=\"lazy\" decoding=\"async\" src=\"https:\/\/i0.wp.com\/lesgravereaux.marret.co\/wp-content\/uploads\/2016\/06\/1994-Suzanne-OG1715_wp.jpg?resize=640%2C427&#038;ssl=1\" height=\"427\" width=\"640\" alt=\"\" class=\"slider-3331 slide-3471 msDefaultImage\" \/><div class=\"caption-wrap\"><div class=\"caption\">Marielle Gaultier (Marret) et Suzanne Gravereaux (Marret)<\/div><\/div><\/li>\n                <li style=\"display: none; width: 100%;\" class=\"slide-3462 ms-image \" aria-roledescription=\"slide\" data-date=\"2016-06-11 02:52:56\" data-filename=\"1994-Jacques-et-Solange-OG1707_wp-871x581.jpg\" data-slide-type=\"image\"><img data-recalc-dims=\"1\" loading=\"lazy\" decoding=\"async\" src=\"https:\/\/i0.wp.com\/lesgravereaux.marret.co\/wp-content\/uploads\/2016\/06\/1994-Jacques-et-Solange-OG1707_wp.jpg?resize=640%2C427&#038;ssl=1\" height=\"427\" width=\"640\" alt=\"\" class=\"slider-3331 slide-3462 msDefaultImage\" \/><div class=\"caption-wrap\"><div class=\"caption\">Jacques Fanet et Solange Lanier (Gravereaux)<\/div><\/div><\/li>\n                <li style=\"display: none; width: 100%;\" class=\"slide-3469 ms-image \" aria-roledescription=\"slide\" data-date=\"2016-06-11 02:53:16\" data-filename=\"1994-Marie-France-Isabelle-Puddy-OG1713_wp-875x584.jpg\" data-slide-type=\"image\"><img data-recalc-dims=\"1\" loading=\"lazy\" decoding=\"async\" src=\"https:\/\/i0.wp.com\/lesgravereaux.marret.co\/wp-content\/uploads\/2016\/06\/1994-Marie-France-Isabelle-Puddy-OG1713_wp.jpg?resize=640%2C427&#038;ssl=1\" height=\"427\" width=\"640\" alt=\"\" class=\"slider-3331 slide-3469 msDefaultImage\" \/><div class=\"caption-wrap\"><div class=\"caption\">Isabelle Lesur (Boespflug) et Fran\u00e7oise \"Puddy\" Gravereaux (Lesur)<\/div><\/div><\/li>\n                <li style=\"display: none; width: 100%;\" class=\"slide-3463 ms-image \" aria-roledescription=\"slide\" data-date=\"2016-06-11 02:52:59\" data-filename=\"1994-JRG-et-Solange-OG1708_wp-868x579.jpg\" data-slide-type=\"image\"><img data-recalc-dims=\"1\" loading=\"lazy\" decoding=\"async\" src=\"https:\/\/i0.wp.com\/lesgravereaux.marret.co\/wp-content\/uploads\/2016\/06\/1994-JRG-et-Solange-OG1708_wp.jpg?resize=640%2C427&#038;ssl=1\" height=\"427\" width=\"640\" alt=\"\" class=\"slider-3331 slide-3463 msDefaultImage\" \/><div class=\"caption-wrap\"><div class=\"caption\">Jean-Ren\u00e9 Gravereaux et Solange Lanier (Gravereaux)<\/div><\/div><\/li>\n                <li style=\"display: none; width: 100%;\" class=\"slide-3460 ms-image \" aria-roledescription=\"slide\" data-date=\"2016-06-11 02:52:52\" data-filename=\"1994-HeleneBallu-et-JRG-2-OG1704_wp-832x555.jpg\" data-slide-type=\"image\"><img data-recalc-dims=\"1\" loading=\"lazy\" decoding=\"async\" src=\"https:\/\/i0.wp.com\/lesgravereaux.marret.co\/wp-content\/uploads\/2016\/06\/1994-HeleneBallu-et-JRG-2-OG1704_wp.jpg?resize=640%2C427&#038;ssl=1\" height=\"427\" width=\"640\" alt=\"\" class=\"slider-3331 slide-3460 msDefaultImage\" \/><div class=\"caption-wrap\"><div class=\"caption\">H\u00e9l\u00e8ne Ballu et Jean-Ren\u00e9 Gravereaux<\/div><\/div><\/li>\n                <li style=\"display: none; width: 100%;\" class=\"slide-3459 ms-image \" aria-roledescription=\"slide\" data-date=\"2016-06-11 02:52:49\" data-filename=\"1994-HeleneBallu-et-JRG-OG1705_wp-811x541.jpg\" data-slide-type=\"image\"><img data-recalc-dims=\"1\" loading=\"lazy\" decoding=\"async\" src=\"https:\/\/i0.wp.com\/lesgravereaux.marret.co\/wp-content\/uploads\/2016\/06\/1994-HeleneBallu-et-JRG-OG1705_wp.jpg?resize=640%2C427&#038;ssl=1\" height=\"427\" width=\"640\" alt=\"\" class=\"slider-3331 slide-3459 msDefaultImage\" \/><div class=\"caption-wrap\"><div class=\"caption\">H\u00e9l\u00e8ne Ballu et Jean-Ren\u00e9 Gravereaux<\/div><\/div><\/li>\n                <li style=\"display: none; width: 100%;\" class=\"slide-3468 ms-image \" aria-roledescription=\"slide\" data-date=\"2016-06-11 02:53:13\" data-filename=\"1994-les-Raymond-OG1712_wp-886x590.jpg\" data-slide-type=\"image\"><img data-recalc-dims=\"1\" loading=\"lazy\" decoding=\"async\" src=\"https:\/\/i0.wp.com\/lesgravereaux.marret.co\/wp-content\/uploads\/2016\/06\/1994-les-Raymond-OG1712_wp.jpg?resize=640%2C427&#038;ssl=1\" height=\"427\" width=\"640\" alt=\"\" class=\"slider-3331 slide-3468 msDefaultImage\" \/><div class=\"caption-wrap\"><div class=\"caption\">La famille Gravereaux - Tourret<\/div><\/div><\/li>\n                <li style=\"display: none; width: 100%;\" class=\"slide-3465 ms-image \" aria-roledescription=\"slide\" data-date=\"2016-06-11 02:53:04\" data-filename=\"1994-les-Fanet-OG1710_wp-886x590.jpg\" data-slide-type=\"image\"><img data-recalc-dims=\"1\" loading=\"lazy\" decoding=\"async\" src=\"https:\/\/i0.wp.com\/lesgravereaux.marret.co\/wp-content\/uploads\/2016\/06\/1994-les-Fanet-OG1710_wp.jpg?resize=640%2C427&#038;ssl=1\" height=\"427\" width=\"640\" alt=\"\" class=\"slider-3331 slide-3465 msDefaultImage\" \/><div class=\"caption-wrap\"><div class=\"caption\">La famille Gravereaux - Fanet<\/div><\/div><\/li>\n                <li style=\"display: none; width: 100%;\" class=\"slide-3467 ms-image \" aria-roledescription=\"slide\" data-date=\"2016-06-11 02:53:10\" data-filename=\"1994-les-Lesur-OG1711_wp-869x580.jpg\" data-slide-type=\"image\"><img data-recalc-dims=\"1\" loading=\"lazy\" decoding=\"async\" src=\"https:\/\/i0.wp.com\/lesgravereaux.marret.co\/wp-content\/uploads\/2016\/06\/1994-les-Lesur-OG1711_wp.jpg?resize=640%2C427&#038;ssl=1\" height=\"427\" width=\"640\" alt=\"\" class=\"slider-3331 slide-3467 msDefaultImage\" \/><div class=\"caption-wrap\"><div class=\"caption\">La famille Gravereaux - Lesur<\/div><\/div><\/li>\n                <li style=\"display: none; width: 100%;\" class=\"slide-3466 ms-image \" aria-roledescription=\"slide\" data-date=\"2016-06-11 02:53:07\" data-filename=\"1994-les-JRG-3-OG1716_wp-793x529.jpg\" data-slide-type=\"image\"><img data-recalc-dims=\"1\" loading=\"lazy\" decoding=\"async\" src=\"https:\/\/i0.wp.com\/lesgravereaux.marret.co\/wp-content\/uploads\/2016\/06\/1994-les-JRG-3-OG1716_wp.jpg?resize=640%2C427&#038;ssl=1\" height=\"427\" width=\"640\" alt=\"\" class=\"slider-3331 slide-3466 msDefaultImage\" \/><div class=\"caption-wrap\"><div class=\"caption\">La famille Gravereaux - Lanier<\/div><\/div><\/li>\n                <li style=\"display: none; width: 100%;\" class=\"slide-3473 ms-image \" aria-roledescription=\"slide\" data-date=\"2016-06-11 02:53:27\" data-filename=\"lhay-interieur-3-OG1566_wp-835x557.jpg\" data-slide-type=\"image\"><img data-recalc-dims=\"1\" loading=\"lazy\" decoding=\"async\" src=\"https:\/\/i0.wp.com\/lesgravereaux.marret.co\/wp-content\/uploads\/2016\/06\/lhay-interieur-3-OG1566_wp.jpg?resize=640%2C427&#038;ssl=1\" height=\"427\" width=\"640\" alt=\"\" class=\"slider-3331 slide-3473 msDefaultImage\" \/><div class=\"caption-wrap\"><div class=\"caption\">Suzanne Gravereaux (Marret) et Jean-Ren\u00e9 Gravereaux<\/div><\/div><\/li>\n                <li style=\"display: none; width: 100%;\" class=\"slide-3474 ms-image \" aria-roledescription=\"slide\" data-date=\"2016-06-11 02:53:29\" data-filename=\"lhay-interieur-4-OG1567_wp-808x539.jpg\" data-slide-type=\"image\"><img data-recalc-dims=\"1\" loading=\"lazy\" decoding=\"async\" src=\"https:\/\/i0.wp.com\/lesgravereaux.marret.co\/wp-content\/uploads\/2016\/06\/lhay-interieur-4-OG1567_wp.jpg?resize=640%2C427&#038;ssl=1\" height=\"427\" width=\"640\" alt=\"\" class=\"slider-3331 slide-3474 msDefaultImage\" \/><div class=\"caption-wrap\"><div class=\"caption\">Suzanne Gravereaux (Marret) et Jean-Ren\u00e9 Gravereaux<\/div><\/div><\/li>\n                <li style=\"display: none; width: 100%;\" class=\"slide-3464 ms-image \" aria-roledescription=\"slide\" data-date=\"2016-06-11 02:53:02\" data-filename=\"1994-JRG-Jacques-Billy-OG1709_wp-849x566.jpg\" data-slide-type=\"image\"><img data-recalc-dims=\"1\" loading=\"lazy\" decoding=\"async\" src=\"https:\/\/i0.wp.com\/lesgravereaux.marret.co\/wp-content\/uploads\/2016\/06\/1994-JRG-Jacques-Billy-OG1709_wp.jpg?resize=640%2C427&#038;ssl=1\" height=\"427\" width=\"640\" alt=\"\" class=\"slider-3331 slide-3464 msDefaultImage\" \/><div class=\"caption-wrap\"><div class=\"caption\">Jean-Ren\u00e9 Gravereaux, Jacques Fanet et Bernard \"Billy\" Gravereaux<\/div><\/div><\/li>\n                <li style=\"display: none; width: 100%;\" class=\"slide-3472 ms-image \" aria-roledescription=\"slide\" data-date=\"2016-06-11 02:53:24\" data-filename=\"lhay-interieur-OG1568_wp-563x375.jpg\" data-slide-type=\"image\"><img data-recalc-dims=\"1\" loading=\"lazy\" decoding=\"async\" src=\"https:\/\/i0.wp.com\/lesgravereaux.marret.co\/wp-content\/uploads\/2016\/06\/lhay-interieur-OG1568_wp.jpg?resize=640%2C427&#038;ssl=1\" height=\"427\" width=\"640\" alt=\"\" class=\"slider-3331 slide-3472 msDefaultImage\" \/><div class=\"caption-wrap\"><div class=\"caption\">Fran\u00e7ois Gravereaux<\/div><\/div><\/li>\n                <li style=\"display: none; width: 100%;\" class=\"slide-3457 ms-image \" aria-roledescription=\"slide\" data-date=\"2016-06-11 02:52:43\" data-filename=\"1994-4-OG1702_wp-885x590.jpg\" data-slide-type=\"image\"><img data-recalc-dims=\"1\" loading=\"lazy\" decoding=\"async\" src=\"https:\/\/i0.wp.com\/lesgravereaux.marret.co\/wp-content\/uploads\/2016\/06\/1994-4-OG1702_wp.jpg?resize=640%2C427&#038;ssl=1\" height=\"427\" width=\"640\" alt=\"\" class=\"slider-3331 slide-3457 msDefaultImage\" \/><div class=\"caption-wrap\"><div class=\"caption\">Le g\u00e2teau<\/div><\/div><\/li>\n                <li style=\"display: none; width: 100%;\" class=\"slide-2961 ms-image \" aria-roledescription=\"slide\" data-date=\"2016-05-22 03:59:16\" data-filename=\"1994-JRG-discours_wp-544x362.jpg\" data-slide-type=\"image\"><img data-recalc-dims=\"1\" loading=\"lazy\" decoding=\"async\" src=\"https:\/\/i0.wp.com\/lesgravereaux.marret.co\/wp-content\/uploads\/2016\/05\/1994-JRG-discours_wp.jpg?resize=640%2C427&#038;ssl=1\" height=\"427\" width=\"640\" alt=\"\" class=\"slider-3331 slide-2961 msDefaultImage\" \/><div class=\"caption-wrap\"><div class=\"caption\">Jean-Ren\u00e9 Gravereaux<\/div><\/div><\/li>\n            <\/ul>\n        <\/div>\n        \n    <\/div>\n<\/div>\n","protected":false},"excerpt":{"rendered":"","protected":false},"author":1,"featured_media":0,"parent":2957,"menu_order":0,"comment_status":"closed","ping_status":"closed","template":"","meta":{"ngg_post_thumbnail":0,"jetpack_post_was_ever_published":false,"footnotes":""},"class_list":["post-3477","page","type-page","status-publish","hentry"],"jetpack_sharing_enabled":true,"jetpack_shortlink":"https:\/\/wp.me\/P7ERyi-U5","jetpack-related-posts":[{"id":2957,"url":"https:\/\/lesgravereaux.marret.co\/index.php\/571-2\/3-juin-1994-cousinade-gravereaux\/","url_meta":{"origin":3477,"position":0},"title":"3 juin 1994 &#8211; Cousinade Gravereaux","author":"marretgravereaux","date":"22 mai 2016","format":false,"excerpt":"Ils \u00e9taient presque tous l\u00e0, les descendants du cr\u00e9ateur de la roseraie de L\u2019Ha\u00ff, des\u00a0arri\u00e8res petits-enfants avec leurs conjoints et leurs propres enfants\u2026 et ils entouraient les petits-enfants de Jules Gravereaux encore vivants\u00a0: H\u00e9l\u00e8ne Ballu, Marie-Th\u00e9r\u00e8se Ballu, Bernard Gravereaux, Jacqueline Gravereaux (Fanet), Jean-Ren\u00e9 Gravereaux, Nicole Gravereaux (Drouet) et Suzanne Gravereaux\u2026","rel":"","context":"Article similaire","block_context":{"text":"Article similaire","link":""},"img":{"alt_text":"1994-06-03 Cousinade Gravereaux (JLM0525v2)","src":"https:\/\/i0.wp.com\/lesgravereaux.marret.co\/wp-content\/uploads\/2016\/05\/1994-06-03-Cousinade-Gravereaux-JLM0525v2-1024x766.jpg?resize=350%2C200","width":350,"height":200,"srcset":"https:\/\/i0.wp.com\/lesgravereaux.marret.co\/wp-content\/uploads\/2016\/05\/1994-06-03-Cousinade-Gravereaux-JLM0525v2-1024x766.jpg?resize=350%2C200 1x, https:\/\/i0.wp.com\/lesgravereaux.marret.co\/wp-content\/uploads\/2016\/05\/1994-06-03-Cousinade-Gravereaux-JLM0525v2-1024x766.jpg?resize=525%2C300 1.5x"},"classes":[]},{"id":571,"url":"https:\/\/lesgravereaux.marret.co\/index.php\/571-2\/","url_meta":{"origin":3477,"position":1},"title":"Les f\u00eates \u00e0 L&rsquo;Ha\u00ff","author":"marretgravereaux","date":"7 mars 2016","format":false,"excerpt":"Jules Gravereaux aimait recevoir, non seulement sa famille, mais aussi les membres de nombreuses associations auxquelles il ouvrit la porte du domaine de L'Ha\u00ff, pour une simple visite de la roseraie ou pour un spectacle au th\u00e9\u00e2tre de\u00a0verdure. Bien qu'incomplet, le calendrier ci-apr\u00e8s donne une id\u00e9e de ces r\u00e9ceptions qui\u2026","rel":"","context":"Article similaire","block_context":{"text":"Article similaire","link":""},"img":{"alt_text":"","src":"https:\/\/i0.wp.com\/lesgravereaux.marret.co\/wp-content\/uploads\/2016\/04\/LHay-Visite-de-la-roseraie-47-J-843_wp-1024x759.jpg?resize=350%2C200","width":350,"height":200,"srcset":"https:\/\/i0.wp.com\/lesgravereaux.marret.co\/wp-content\/uploads\/2016\/04\/LHay-Visite-de-la-roseraie-47-J-843_wp-1024x759.jpg?resize=350%2C200 1x, https:\/\/i0.wp.com\/lesgravereaux.marret.co\/wp-content\/uploads\/2016\/04\/LHay-Visite-de-la-roseraie-47-J-843_wp-1024x759.jpg?resize=525%2C300 1.5x"},"classes":[]},{"id":1042,"url":"https:\/\/lesgravereaux.marret.co\/index.php\/la-roseraie-de-lhay\/la-chapelle\/","url_meta":{"origin":3477,"position":2},"title":"La chapelle","author":"marretgravereaux","date":"13 mars 2016","format":false,"excerpt":"\u00c0 l\u2019origine, ce b\u00e2timent servait de grange, voire d\u2019appentis pour entreposer les outils de jardinage servant \u00e0 entretenir le jardin et le potager de la propri\u00e9t\u00e9. Jules Gravereaux a d\u00e9cid\u00e9 de le transformer et d\u2019en faire une chapelle, obtenant de l\u2019Archev\u00each\u00e9, en 1905, que des messes y soient dites\u2026 Apr\u00e8s\u2026","rel":"","context":"Article similaire","block_context":{"text":"Article similaire","link":""},"img":{"alt_text":"1905-01-16 Archeveche de Paris - Autorisation de celebration_wp","src":"https:\/\/i0.wp.com\/marret.co\/wp-content\/uploads\/2016\/03\/1905-01-16-Archeveche-de-Paris-Autorisation-de-celebration_wp-609x1024.jpg?resize=350%2C200","width":350,"height":200},"classes":[]},{"id":1595,"url":"https:\/\/lesgravereaux.marret.co\/index.php\/571-2\/17-juin-1906-la-fete-des-rosati\/","url_meta":{"origin":3477,"position":3},"title":"17 juin 1906 &#8211; La f\u00eate des Rosati","author":"marretgravereaux","date":"20 avril 2016","format":false,"excerpt":"En 1905, Jules Gravereaux rencontre les Rosati et se lie d\u2019amiti\u00e9 avec eux. Comme ceux-ci ne disposent pas de lieu de repr\u00e9sentation, il d\u00e9cide de faire construire un th\u00e9\u00e2tre de verdure dans la roseraie et de l\u2019inaugurer lors de leur f\u00eate annuelle. Le 17 juin 1906, les Rosati se retrouvent\u2026","rel":"","context":"Article similaire","block_context":{"text":"Article similaire","link":""},"img":{"alt_text":"Java Printing","src":"https:\/\/i0.wp.com\/lesgravereaux.marret.co\/wp-content\/uploads\/2016\/04\/1906-06-16-Le-Petit-Parisien_wp.jpg?resize=350%2C200","width":350,"height":200},"classes":[]},{"id":66,"url":"https:\/\/lesgravereaux.marret.co\/","url_meta":{"origin":3477,"position":4},"title":"Les Gravereaux","author":"marretgravereaux","date":"24 octobre 2015","format":false,"excerpt":"Ce site est d\u00e9di\u00e9 aux descendants de Jean Baptiste GRAVEREAU (GRAVEREAU, GRAVEROT ou GRAVEREAUX ) dont certains, tels Jules Gravereaux ou Jean-Claude Pascal, connurent la c\u00e9l\u00e9brit\u00e9\u2026 Exposition sur le Mus\u00e9e de la Rose En 2024, les Archives d\u00e9partementales du Val-de-Marne ont tenu une exposition \u00e0 la Roseraie du Val-de-Marne sous\u2026","rel":"","context":"Article similaire","block_context":{"text":"Article similaire","link":""},"img":{"alt_text":"Roses de Malmaison - p01b_wp","src":"https:\/\/i0.wp.com\/lesgravereaux.marret.co\/wp-content\/uploads\/2016\/03\/Roses-de-Malmaison-p01b_wp.jpg?resize=350%2C200","width":350,"height":200},"classes":[]},{"id":2129,"url":"https:\/\/lesgravereaux.marret.co\/index.php\/571-2\/pique-nique-a-la-roseraie-juin-2011\/","url_meta":{"origin":3477,"position":5},"title":"juin 2011 &#8211; Pique-nique \u00e0 la roseraie","author":"marretgravereaux","date":"1 mai 2016","format":false,"excerpt":"Le Parisien, 6 juin 2011","rel":"","context":"Article similaire","block_context":{"text":"Article similaire","link":""},"img":{"alt_text":"http:\/\/www.leparisien.fr\/imprimer.php?url=http%3A\/\/www.leparisi","src":"https:\/\/i0.wp.com\/lesgravereaux.marret.co\/wp-content\/uploads\/2016\/05\/2011-06-06-Le-Parisien_wp-1024x797.jpg?resize=350%2C200","width":350,"height":200,"srcset":"https:\/\/i0.wp.com\/lesgravereaux.marret.co\/wp-content\/uploads\/2016\/05\/2011-06-06-Le-Parisien_wp-1024x797.jpg?resize=350%2C200 1x, https:\/\/i0.wp.com\/lesgravereaux.marret.co\/wp-content\/uploads\/2016\/05\/2011-06-06-Le-Parisien_wp-1024x797.jpg?resize=525%2C300 1.5x"},"classes":[]}],"_links":{"self":[{"href":"https:\/\/lesgravereaux.marret.co\/index.php\/wp-json\/wp\/v2\/pages\/3477","targetHints":{"allow":["GET"]}}],"collection":[{"href":"https:\/\/lesgravereaux.marret.co\/index.php\/wp-json\/wp\/v2\/pages"}],"about":[{"href":"https:\/\/lesgravereaux.marret.co\/index.php\/wp-json\/wp\/v2\/types\/page"}],"author":[{"embeddable":true,"href":"https:\/\/lesgravereaux.marret.co\/index.php\/wp-json\/wp\/v2\/users\/1"}],"replies":[{"embeddable":true,"href":"https:\/\/lesgravereaux.marret.co\/index.php\/wp-json\/wp\/v2\/comments?post=3477"}],"version-history":[{"count":0,"href":"https:\/\/lesgravereaux.marret.co\/index.php\/wp-json\/wp\/v2\/pages\/3477\/revisions"}],"up":[{"embeddable":true,"href":"https:\/\/lesgravereaux.marret.co\/index.php\/wp-json\/wp\/v2\/pages\/2957"}],"wp:attachment":[{"href":"https:\/\/lesgravereaux.marret.co\/index.php\/wp-json\/wp\/v2\/media?parent=3477"}],"curies":[{"name":"wp","href":"https:\/\/api.w.org\/{rel}","templated":true}]}}