{"id":3131,"date":"2016-05-25T16:43:43","date_gmt":"2016-05-25T15:43:43","guid":{"rendered":"http:\/\/lesgravereaux.marret.co\/?page_id=3131"},"modified":"2017-04-20T17:30:13","modified_gmt":"2017-04-20T16:30:13","slug":"les-marques-gravereaux","status":"publish","type":"page","link":"https:\/\/lesgravereaux.marret.co\/index.php\/les-etablissements-gravereaux\/les-marques-gravereaux\/","title":{"rendered":"Les marques Gravereaux"},"content":{"rendered":"<p><a href=\"https:\/\/i0.wp.com\/lesgravereaux.marret.co\/wp-content\/uploads\/2016\/05\/R-Gravereaux-Lettre-re%C3%A7u-a_wp.jpg?ssl=1\"><img data-recalc-dims=\"1\" loading=\"lazy\" decoding=\"async\" data-attachment-id=\"2681\" data-permalink=\"https:\/\/lesgravereaux.marret.co\/index.php\/les-etablissements-gravereaux\/les-produits-des-etablissements-gravereaux\/les-cols-triplefil\/r-gravereaux-lettre-recu-a_wp\/\" data-orig-file=\"https:\/\/i0.wp.com\/lesgravereaux.marret.co\/wp-content\/uploads\/2016\/05\/R-Gravereaux-Lettre-re%C3%A7u-a_wp.jpg?fit=218%2C295&amp;ssl=1\" data-orig-size=\"218,295\" data-comments-opened=\"1\" data-image-meta=\"{&quot;aperture&quot;:&quot;0&quot;,&quot;credit&quot;:&quot;&quot;,&quot;camera&quot;:&quot;&quot;,&quot;caption&quot;:&quot;&quot;,&quot;created_timestamp&quot;:&quot;0&quot;,&quot;copyright&quot;:&quot;&quot;,&quot;focal_length&quot;:&quot;0&quot;,&quot;iso&quot;:&quot;0&quot;,&quot;shutter_speed&quot;:&quot;0&quot;,&quot;title&quot;:&quot;&quot;,&quot;orientation&quot;:&quot;1&quot;}\" data-image-title=\"R Gravereaux &amp;#8211; Lettre-re\u00e7u a_wp\" data-image-description=\"\" data-image-caption=\"\" data-medium-file=\"https:\/\/i0.wp.com\/lesgravereaux.marret.co\/wp-content\/uploads\/2016\/05\/R-Gravereaux-Lettre-re%C3%A7u-a_wp.jpg?fit=218%2C295&amp;ssl=1\" data-large-file=\"https:\/\/i0.wp.com\/lesgravereaux.marret.co\/wp-content\/uploads\/2016\/05\/R-Gravereaux-Lettre-re%C3%A7u-a_wp.jpg?fit=218%2C295&amp;ssl=1\" width=\"101\" height=\"137\" class=\"wp-image-2681 alignright\" alt=\"R Gravereaux - Lettre-re\u00e7u a_wp\" src=\"https:\/\/i0.wp.com\/lesgravereaux.marret.co\/wp-content\/uploads\/2016\/05\/R-Gravereaux-Lettre-re%C3%A7u-a_wp.jpg?resize=101%2C137&#038;ssl=1\" data-wp-pid=\"2681\"><\/a>Les \u00c9tablissements Gravereaux ont toujours accord\u00e9 beaucoup d\u2019importance aux marques de commerce; ils en ont donc d\u00e9pos\u00e9 un grand nombre aupr\u00e8s du Tribunal de commerce. Les deux plus importantes furent <strong>R.G.<\/strong> et <strong>Triplefil<\/strong> qui apparurent sur tous les articles, de la chemiserie aux v\u00eatements de nuit, pyjamas ou robes de chambre.<\/p>\n<p>Lors de la formation de la Soci\u00e9t\u00e9 \u00e0 responsabilit\u00e9 limit\u00e9e, en 1941, les statuts font \u00e9tat d\u2019une quinzaine de marques de fabrique d\u00e9pos\u00e9es :<\/p>\n<ul>\n<li><strong>Unis-France<\/strong> (1917)<\/li>\n<li><strong>R.G.<\/strong>, <strong>Arizona<\/strong>, <strong>Hoggar<\/strong>, <strong>Stand-Dup<\/strong> et <strong>Tougourt<\/strong> (1923)<\/li>\n<li><strong>Olympic<\/strong> et <strong>Venitienne&nbsp;<\/strong>(1924)<\/li>\n<li><strong>Charleston<\/strong> et <strong>Fitswell<\/strong> (1927)<\/li>\n<li><strong>Triplefil<\/strong> (1928)<\/li>\n<li><strong>?<\/strong>&nbsp;\u00ab&nbsp;Point d\u2019interrogation&nbsp;\u00bb (1930)<\/li>\n<li><strong>Simplex<\/strong> (1932)<\/li>\n<li><strong>In Salah<\/strong> (1933) et <strong>Pu<\/strong> (1934)<\/li>\n<\/ul>\n<p>Le <a href=\"https:\/\/lesgravereaux.marret.co\/index.php\/le-catalogue-rg-vers-1931\/\">catalogue <strong>RG<\/strong><\/a> publi\u00e9 vers 1933, fait \u00e9galement \u00e9tat des marques <em>Erg\u00e9<\/em>, <em>Fantaisie<\/em>, <em>Stady<\/em>, <em>Stock<\/em>; il montre clairement la diversit\u00e9 des produits fabriqu\u00e9s \u00e0 ce moment-l\u00e0 par les \u00c9tablissements Gravereaux.&nbsp;<\/p>\n<p><a href=\"https:\/\/i0.wp.com\/lesgravereaux.marret.co\/wp-content\/uploads\/2016\/05\/coll-Duris-bellafil-14-OG1684_wp.jpg?ssl=1\"><img data-recalc-dims=\"1\" loading=\"lazy\" decoding=\"async\" data-attachment-id=\"3134\" data-permalink=\"https:\/\/lesgravereaux.marret.co\/index.php\/les-etablissements-gravereaux\/les-marques-gravereaux\/coll-duris-bellafil-14-og1684_wp\/\" data-orig-file=\"https:\/\/i0.wp.com\/lesgravereaux.marret.co\/wp-content\/uploads\/2016\/05\/coll-Duris-bellafil-14-OG1684_wp.jpg?fit=591%2C251&amp;ssl=1\" data-orig-size=\"591,251\" data-comments-opened=\"1\" data-image-meta=\"{&quot;aperture&quot;:&quot;0&quot;,&quot;credit&quot;:&quot;&quot;,&quot;camera&quot;:&quot;&quot;,&quot;caption&quot;:&quot;&quot;,&quot;created_timestamp&quot;:&quot;1228694527&quot;,&quot;copyright&quot;:&quot;&quot;,&quot;focal_length&quot;:&quot;0&quot;,&quot;iso&quot;:&quot;0&quot;,&quot;shutter_speed&quot;:&quot;0&quot;,&quot;title&quot;:&quot;&quot;,&quot;orientation&quot;:&quot;1&quot;}\" data-image-title=\"coll Duris-bellafil  (14) &amp;#8211; OG1684_wp\" data-image-description=\"\" data-image-caption=\"\" data-medium-file=\"https:\/\/i0.wp.com\/lesgravereaux.marret.co\/wp-content\/uploads\/2016\/05\/coll-Duris-bellafil-14-OG1684_wp.jpg?fit=300%2C127&amp;ssl=1\" data-large-file=\"https:\/\/i0.wp.com\/lesgravereaux.marret.co\/wp-content\/uploads\/2016\/05\/coll-Duris-bellafil-14-OG1684_wp.jpg?fit=591%2C251&amp;ssl=1\" width=\"120\" height=\"51\" class=\"wp-image-3134 alignleft\" alt=\"coll Duris-bellafil (14) - OG1684_wp\" src=\"https:\/\/i0.wp.com\/lesgravereaux.marret.co\/wp-content\/uploads\/2016\/05\/coll-Duris-bellafil-14-OG1684_wp.jpg?resize=120%2C51&#038;ssl=1\" data-wp-pid=\"3134\" srcset=\"https:\/\/i0.wp.com\/lesgravereaux.marret.co\/wp-content\/uploads\/2016\/05\/coll-Duris-bellafil-14-OG1684_wp.jpg?w=591&amp;ssl=1 591w, https:\/\/i0.wp.com\/lesgravereaux.marret.co\/wp-content\/uploads\/2016\/05\/coll-Duris-bellafil-14-OG1684_wp.jpg?resize=300%2C127&amp;ssl=1 300w\" sizes=\"auto, (max-width: 120px) 100vw, 120px\" \/><\/a><a href=\"https:\/\/i0.wp.com\/lesgravereaux.marret.co\/wp-content\/uploads\/2016\/03\/Robe-fillette-1-2-2011-02_006_wp.jpg?ssl=1\"><img data-recalc-dims=\"1\" loading=\"lazy\" decoding=\"async\" data-attachment-id=\"508\" data-permalink=\"https:\/\/lesgravereaux.marret.co\/index.php\/les-etablissements-gravereaux\/les-marques-gravereaux\/robe-fillette-1-2-2011-02_006_wp\/\" data-orig-file=\"https:\/\/i0.wp.com\/lesgravereaux.marret.co\/wp-content\/uploads\/2016\/03\/Robe-fillette-1-2-2011-02_006_wp.jpg?fit=787%2C525&amp;ssl=1\" data-orig-size=\"787,525\" data-comments-opened=\"1\" data-image-meta=\"{&quot;aperture&quot;:&quot;5.6&quot;,&quot;credit&quot;:&quot;&quot;,&quot;camera&quot;:&quot;Canon EOS DIGITAL REBEL XSi&quot;,&quot;caption&quot;:&quot;&quot;,&quot;created_timestamp&quot;:&quot;1299322228&quot;,&quot;copyright&quot;:&quot;&quot;,&quot;focal_length&quot;:&quot;21&quot;,&quot;iso&quot;:&quot;400&quot;,&quot;shutter_speed&quot;:&quot;0.008&quot;,&quot;title&quot;:&quot;&quot;,&quot;orientation&quot;:&quot;1&quot;}\" data-image-title=\"Robe fillette 1-2 (2011-02_006)_wp\" data-image-description=\"\" data-image-caption=\"\" data-medium-file=\"https:\/\/i0.wp.com\/lesgravereaux.marret.co\/wp-content\/uploads\/2016\/03\/Robe-fillette-1-2-2011-02_006_wp.jpg?fit=300%2C200&amp;ssl=1\" data-large-file=\"https:\/\/i0.wp.com\/lesgravereaux.marret.co\/wp-content\/uploads\/2016\/03\/Robe-fillette-1-2-2011-02_006_wp.jpg?fit=640%2C427&amp;ssl=1\" width=\"148\" height=\"98\" class=\"wp-image-508 alignright\" alt=\"Robe fillette 1-2 (2011-02_006)_wp\" src=\"https:\/\/i0.wp.com\/lesgravereaux.marret.co\/wp-content\/uploads\/2016\/03\/Robe-fillette-1-2-2011-02_006_wp.jpg?resize=148%2C98&#038;ssl=1\" data-wp-pid=\"508\" srcset=\"https:\/\/i0.wp.com\/lesgravereaux.marret.co\/wp-content\/uploads\/2016\/03\/Robe-fillette-1-2-2011-02_006_wp.jpg?w=787&amp;ssl=1 787w, https:\/\/i0.wp.com\/lesgravereaux.marret.co\/wp-content\/uploads\/2016\/03\/Robe-fillette-1-2-2011-02_006_wp.jpg?resize=300%2C200&amp;ssl=1 300w, https:\/\/i0.wp.com\/lesgravereaux.marret.co\/wp-content\/uploads\/2016\/03\/Robe-fillette-1-2-2011-02_006_wp.jpg?resize=768%2C512&amp;ssl=1 768w, https:\/\/i0.wp.com\/lesgravereaux.marret.co\/wp-content\/uploads\/2016\/03\/Robe-fillette-1-2-2011-02_006_wp.jpg?resize=600%2C400&amp;ssl=1 600w\" sizes=\"auto, (max-width: 148px) 100vw, 148px\" \/><\/a>De nouvelles marques apparurent apr\u00e8s la Deuxi\u00e8me Guerre&nbsp;: <strong>Diane<\/strong>, en 1947, puis <strong>Babyfil<\/strong> et <strong>Bellafil<\/strong> en 1948, <strong>R\u00e9gence<\/strong> en 1960; il y aura aussi <span style=\"color: #000000;\"><strong>TipTop<\/strong>, <strong>Harryland<\/strong>&#8230;<\/span><\/p>\n<p>Dans l\u2019entreprise Gravereaux, chaque marque est initialement destin\u00e9e \u00e0 un certain nombre d\u2019articles&nbsp;:<\/p>\n<p><a href=\"https:\/\/i0.wp.com\/lesgravereaux.marret.co\/wp-content\/uploads\/2016\/05\/Triplefil-Chemise-4-2_wp.jpg?ssl=1\"><img data-recalc-dims=\"1\" loading=\"lazy\" decoding=\"async\" data-attachment-id=\"3139\" data-permalink=\"https:\/\/lesgravereaux.marret.co\/index.php\/les-etablissements-gravereaux\/les-marques-gravereaux\/triplefil-chemise-4-2_wp\/\" data-orig-file=\"https:\/\/i0.wp.com\/lesgravereaux.marret.co\/wp-content\/uploads\/2016\/05\/Triplefil-Chemise-4-2_wp.jpg?fit=1181%2C387&amp;ssl=1\" data-orig-size=\"1181,387\" data-comments-opened=\"1\" data-image-meta=\"{&quot;aperture&quot;:&quot;11&quot;,&quot;credit&quot;:&quot;&quot;,&quot;camera&quot;:&quot;Canon EOS DIGITAL REBEL XSi&quot;,&quot;caption&quot;:&quot;&quot;,&quot;created_timestamp&quot;:&quot;1396868211&quot;,&quot;copyright&quot;:&quot;&quot;,&quot;focal_length&quot;:&quot;28&quot;,&quot;iso&quot;:&quot;200&quot;,&quot;shutter_speed&quot;:&quot;0.004&quot;,&quot;title&quot;:&quot;&quot;,&quot;orientation&quot;:&quot;1&quot;}\" data-image-title=\"Triplefil, Chemise 4-2_wp\" data-image-description=\"\" data-image-caption=\"\" data-medium-file=\"https:\/\/i0.wp.com\/lesgravereaux.marret.co\/wp-content\/uploads\/2016\/05\/Triplefil-Chemise-4-2_wp.jpg?fit=300%2C98&amp;ssl=1\" data-large-file=\"https:\/\/i0.wp.com\/lesgravereaux.marret.co\/wp-content\/uploads\/2016\/05\/Triplefil-Chemise-4-2_wp.jpg?fit=640%2C210&amp;ssl=1\" width=\"159\" height=\"52\" class=\"wp-image-3139 alignleft\" alt=\"Triplefil, Chemise 4-2_wp\" src=\"https:\/\/i0.wp.com\/lesgravereaux.marret.co\/wp-content\/uploads\/2016\/05\/Triplefil-Chemise-4-2_wp.jpg?resize=159%2C52&#038;ssl=1\" data-wp-pid=\"3139\" srcset=\"https:\/\/i0.wp.com\/lesgravereaux.marret.co\/wp-content\/uploads\/2016\/05\/Triplefil-Chemise-4-2_wp.jpg?resize=1024%2C336&amp;ssl=1 1024w, https:\/\/i0.wp.com\/lesgravereaux.marret.co\/wp-content\/uploads\/2016\/05\/Triplefil-Chemise-4-2_wp.jpg?resize=300%2C98&amp;ssl=1 300w, https:\/\/i0.wp.com\/lesgravereaux.marret.co\/wp-content\/uploads\/2016\/05\/Triplefil-Chemise-4-2_wp.jpg?resize=768%2C252&amp;ssl=1 768w, https:\/\/i0.wp.com\/lesgravereaux.marret.co\/wp-content\/uploads\/2016\/05\/Triplefil-Chemise-4-2_wp.jpg?resize=800%2C262&amp;ssl=1 800w, https:\/\/i0.wp.com\/lesgravereaux.marret.co\/wp-content\/uploads\/2016\/05\/Triplefil-Chemise-4-2_wp.jpg?resize=600%2C197&amp;ssl=1 600w, https:\/\/i0.wp.com\/lesgravereaux.marret.co\/wp-content\/uploads\/2016\/05\/Triplefil-Chemise-4-2_wp.jpg?w=1181&amp;ssl=1 1181w\" sizes=\"auto, (max-width: 159px) 100vw, 159px\" \/><\/a>Pour l\u2019homme, <strong>Triplefil<\/strong> appara\u00eet sur les faux cols, les chemises, les pyjamas et les cale\u00e7ons; les vestes d\u2019\u00e9t\u00e9 et les robes de chambre portent la marque <strong>R\u00e9gence<\/strong>.<\/p>\n<p>Quant aux v\u00eatements d\u2019enfants, ils se nomment <strong>Babyfil&nbsp;<\/strong>: (articles pour enfant et layette),<strong>Triplefil junior<\/strong> (chemises, pyjamas, et robes de chambre), <strong>Tip-Top<\/strong> (pantalons, shorts et salopettes pour gar\u00e7ons), <strong>Bellafil<\/strong> et <strong>Diane<\/strong> (jupes, robes pour fillettes et jeune fille).<\/p>\n<p style=\"text-align: center;\"><a href=\"https:\/\/i0.wp.com\/lesgravereaux.marret.co\/wp-content\/uploads\/2016\/05\/EtsGrA-OGMdlC1626a_wp.jpg?ssl=1\"><img data-recalc-dims=\"1\" loading=\"lazy\" decoding=\"async\" data-attachment-id=\"3142\" data-permalink=\"https:\/\/lesgravereaux.marret.co\/index.php\/les-etablissements-gravereaux\/les-marques-gravereaux\/etsgra-ogmdlc1626a_wp\/\" data-orig-file=\"https:\/\/i0.wp.com\/lesgravereaux.marret.co\/wp-content\/uploads\/2016\/05\/EtsGrA-OGMdlC1626a_wp.jpg?fit=1181%2C438&amp;ssl=1\" data-orig-size=\"1181,438\" data-comments-opened=\"1\" data-image-meta=\"{&quot;aperture&quot;:&quot;0&quot;,&quot;credit&quot;:&quot;&quot;,&quot;camera&quot;:&quot;HP Scanjet djf300&quot;,&quot;caption&quot;:&quot;&quot;,&quot;created_timestamp&quot;:&quot;1171211169&quot;,&quot;copyright&quot;:&quot;&quot;,&quot;focal_length&quot;:&quot;0&quot;,&quot;iso&quot;:&quot;0&quot;,&quot;shutter_speed&quot;:&quot;0&quot;,&quot;title&quot;:&quot;&quot;,&quot;orientation&quot;:&quot;1&quot;}\" data-image-title=\"EtsGrA &amp;#8211; OG(MdlC)1626a_wp\" data-image-description=\"\" data-image-caption=\"\" data-medium-file=\"https:\/\/i0.wp.com\/lesgravereaux.marret.co\/wp-content\/uploads\/2016\/05\/EtsGrA-OGMdlC1626a_wp.jpg?fit=300%2C111&amp;ssl=1\" data-large-file=\"https:\/\/i0.wp.com\/lesgravereaux.marret.co\/wp-content\/uploads\/2016\/05\/EtsGrA-OGMdlC1626a_wp.jpg?fit=640%2C238&amp;ssl=1\" width=\"174\" height=\"52\" class=\"alignnone wp-image-3142\" alt=\"EtsGrA - OG(MdlC)1626a_wp\" src=\"https:\/\/i0.wp.com\/lesgravereaux.marret.co\/wp-content\/uploads\/2016\/05\/EtsGrA-OGMdlC1626a_wp.jpg?resize=174%2C52&#038;ssl=1\" data-wp-pid=\"3142\"><\/a> <a href=\"https:\/\/i0.wp.com\/lesgravereaux.marret.co\/wp-content\/uploads\/2016\/05\/EtsGrA-OGMdlC1625a_wp.jpg?ssl=1\"><img data-recalc-dims=\"1\" loading=\"lazy\" decoding=\"async\" data-attachment-id=\"3141\" data-permalink=\"https:\/\/lesgravereaux.marret.co\/index.php\/les-etablissements-gravereaux\/les-marques-gravereaux\/etsgra-ogmdlc1625a_wp\/\" data-orig-file=\"https:\/\/i0.wp.com\/lesgravereaux.marret.co\/wp-content\/uploads\/2016\/05\/EtsGrA-OGMdlC1625a_wp.jpg?fit=1181%2C429&amp;ssl=1\" data-orig-size=\"1181,429\" data-comments-opened=\"1\" data-image-meta=\"{&quot;aperture&quot;:&quot;0&quot;,&quot;credit&quot;:&quot;&quot;,&quot;camera&quot;:&quot;HP Scanjet djf300&quot;,&quot;caption&quot;:&quot;&quot;,&quot;created_timestamp&quot;:&quot;1171211071&quot;,&quot;copyright&quot;:&quot;&quot;,&quot;focal_length&quot;:&quot;0&quot;,&quot;iso&quot;:&quot;0&quot;,&quot;shutter_speed&quot;:&quot;0&quot;,&quot;title&quot;:&quot;&quot;,&quot;orientation&quot;:&quot;1&quot;}\" data-image-title=\"EtsGrA &amp;#8211; OG(MdlC)1625a_wp\" data-image-description=\"\" data-image-caption=\"\" data-medium-file=\"https:\/\/i0.wp.com\/lesgravereaux.marret.co\/wp-content\/uploads\/2016\/05\/EtsGrA-OGMdlC1625a_wp.jpg?fit=300%2C109&amp;ssl=1\" data-large-file=\"https:\/\/i0.wp.com\/lesgravereaux.marret.co\/wp-content\/uploads\/2016\/05\/EtsGrA-OGMdlC1625a_wp.jpg?fit=640%2C233&amp;ssl=1\" width=\"174\" height=\"52\" class=\"alignnone wp-image-3141\" alt=\"EtsGrA - OG(MdlC)1625a_wp\" src=\"https:\/\/i0.wp.com\/lesgravereaux.marret.co\/wp-content\/uploads\/2016\/05\/EtsGrA-OGMdlC1625a_wp.jpg?resize=174%2C52&#038;ssl=1\" data-wp-pid=\"3141\"><\/a> <a href=\"https:\/\/i0.wp.com\/lesgravereaux.marret.co\/wp-content\/uploads\/2016\/05\/EtsGrA-OGMdlC1623a_wp.jpg?ssl=1\"><img data-recalc-dims=\"1\" loading=\"lazy\" decoding=\"async\" data-attachment-id=\"3140\" data-permalink=\"https:\/\/lesgravereaux.marret.co\/index.php\/les-etablissements-gravereaux\/les-marques-gravereaux\/etsgra-ogmdlc1623a_wp\/\" data-orig-file=\"https:\/\/i0.wp.com\/lesgravereaux.marret.co\/wp-content\/uploads\/2016\/05\/EtsGrA-OGMdlC1623a_wp.jpg?fit=1181%2C353&amp;ssl=1\" data-orig-size=\"1181,353\" data-comments-opened=\"1\" data-image-meta=\"{&quot;aperture&quot;:&quot;0&quot;,&quot;credit&quot;:&quot;&quot;,&quot;camera&quot;:&quot;HP Scanjet djf300&quot;,&quot;caption&quot;:&quot;&quot;,&quot;created_timestamp&quot;:&quot;1171210871&quot;,&quot;copyright&quot;:&quot;&quot;,&quot;focal_length&quot;:&quot;0&quot;,&quot;iso&quot;:&quot;0&quot;,&quot;shutter_speed&quot;:&quot;0&quot;,&quot;title&quot;:&quot;&quot;,&quot;orientation&quot;:&quot;1&quot;}\" data-image-title=\"EtsGrA &amp;#8211; OG(MdlC)1623a_wp\" data-image-description=\"\" data-image-caption=\"\" data-medium-file=\"https:\/\/i0.wp.com\/lesgravereaux.marret.co\/wp-content\/uploads\/2016\/05\/EtsGrA-OGMdlC1623a_wp.jpg?fit=300%2C90&amp;ssl=1\" data-large-file=\"https:\/\/i0.wp.com\/lesgravereaux.marret.co\/wp-content\/uploads\/2016\/05\/EtsGrA-OGMdlC1623a_wp.jpg?fit=640%2C191&amp;ssl=1\" width=\"174\" height=\"52\" class=\"alignnone wp-image-3140\" alt=\"EtsGrA - OG(MdlC)1623a_wp\" src=\"https:\/\/i0.wp.com\/lesgravereaux.marret.co\/wp-content\/uploads\/2016\/05\/EtsGrA-OGMdlC1623a_wp.jpg?resize=174%2C52&#038;ssl=1\" data-wp-pid=\"3140\" srcset=\"https:\/\/i0.wp.com\/lesgravereaux.marret.co\/wp-content\/uploads\/2016\/05\/EtsGrA-OGMdlC1623a_wp.jpg?resize=1024%2C306&amp;ssl=1 1024w, https:\/\/i0.wp.com\/lesgravereaux.marret.co\/wp-content\/uploads\/2016\/05\/EtsGrA-OGMdlC1623a_wp.jpg?resize=300%2C90&amp;ssl=1 300w, https:\/\/i0.wp.com\/lesgravereaux.marret.co\/wp-content\/uploads\/2016\/05\/EtsGrA-OGMdlC1623a_wp.jpg?resize=768%2C230&amp;ssl=1 768w, https:\/\/i0.wp.com\/lesgravereaux.marret.co\/wp-content\/uploads\/2016\/05\/EtsGrA-OGMdlC1623a_wp.jpg?resize=800%2C239&amp;ssl=1 800w, https:\/\/i0.wp.com\/lesgravereaux.marret.co\/wp-content\/uploads\/2016\/05\/EtsGrA-OGMdlC1623a_wp.jpg?resize=600%2C179&amp;ssl=1 600w, https:\/\/i0.wp.com\/lesgravereaux.marret.co\/wp-content\/uploads\/2016\/05\/EtsGrA-OGMdlC1623a_wp.jpg?w=1181&amp;ssl=1 1181w\" sizes=\"auto, (max-width: 174px) 100vw, 174px\" \/><\/a><\/p>\n<p>En consultant divers documents d&rsquo;archives, on trouve \u00e9galement mention des marques <strong>Com\u00e8te<\/strong> et <strong>Triplise<\/strong>, d\u00e9pos\u00e9es par les \u00c9tablissements Gravereaux; mais il ne semble pas que celles-ci aient \u00e9t\u00e9 utilis\u00e9es.<\/p>\n","protected":false},"excerpt":{"rendered":"<p>Les \u00c9tablissements Gravereaux ont toujours accord\u00e9 beaucoup d\u2019importance aux marques de commerce; ils en ont donc d\u00e9pos\u00e9 un grand nombre aupr\u00e8s du Tribunal de commerce. Les deux plus importantes furent R.G. et Triplefil qui apparurent sur tous les articles, de &hellip; <a href=\"https:\/\/lesgravereaux.marret.co\/index.php\/les-etablissements-gravereaux\/les-marques-gravereaux\/\">Continuer la lecture <span class=\"meta-nav\">&rarr;<\/span><\/a><\/p>\n","protected":false},"author":1,"featured_media":0,"parent":615,"menu_order":0,"comment_status":"closed","ping_status":"closed","template":"","meta":{"ngg_post_thumbnail":0,"jetpack_post_was_ever_published":false,"footnotes":""},"class_list":["post-3131","page","type-page","status-publish","hentry"],"jetpack_sharing_enabled":true,"jetpack_shortlink":"https:\/\/wp.me\/P7ERyi-Ov","jetpack-related-posts":[{"id":5275,"url":"https:\/\/lesgravereaux.marret.co\/index.php\/les-etablissements-gravereaux\/les-produits-des-etablissements-gravereaux\/le-catalogue-rg-vers-1931\/","url_meta":{"origin":3131,"position":0},"title":"Le catalogue RG (vers 1933)","author":"marretgravereaux","date":"20 avril 2017","format":false,"excerpt":"Au d\u00e9but des ann\u00e9es 1930, les \u00c9tablissements Gravereaux connaissent une p\u00e9riode faste. Comptant plus de 250\u00a0employ\u00e9s, l\u2019usine de Boulogne se consacre \u00e0 la fabrication des articles de chemiserie et de lingerie, alors que la production des \u00e9quipements militaires et de protection a \u00e9t\u00e9 regroup\u00e9e dans le Puy-de-D\u00f4me, aux usines de\u2026","rel":"","context":"Article similaire","block_context":{"text":"Article similaire","link":""},"img":{"alt_text":"","src":"","width":0,"height":0},"classes":[]},{"id":2761,"url":"https:\/\/lesgravereaux.marret.co\/index.php\/les-etablissements-gravereaux\/les-produits-des-etablissements-gravereaux\/triplefil\/","url_meta":{"origin":3131,"position":1},"title":"Triplefil","author":"marretgravereaux","date":"19 mai 2016","format":false,"excerpt":"Au d\u00e9but de son existence, la Maison Gravereaux\u00a0commercialise sa production et \u00e9tablit sa r\u00e9putation par son seul nom de famille; dans son catalogue de 1910, la Manufacture de cols et manchettes R.\u00a0Gravereaux donne bien un nom \u00e0 ses divers produits (un col\u00a0Billy, des manchettes\u00a0Alvarez, un plastron Ruy Blas, etc.), mais\u2026","rel":"","context":"Article similaire","block_context":{"text":"Article similaire","link":""},"img":{"alt_text":"1910 EtsGr - Cat p07a_wp","src":"https:\/\/i0.wp.com\/lesgravereaux.marret.co\/wp-content\/uploads\/2016\/05\/1910-EtsGr-Cat-p07a_wp.jpg?resize=350%2C200","width":350,"height":200},"classes":[]},{"id":3116,"url":"https:\/\/lesgravereaux.marret.co\/index.php\/les-etablissements-gravereaux\/les-produits-des-etablissements-gravereaux\/","url_meta":{"origin":3131,"position":2},"title":"Les produits des \u00c9tablissements Gravereaux","author":"marretgravereaux","date":"25 mai 2016","format":false,"excerpt":"Lorsqu\u2019en 1910 Ren\u00e9 Gravereaux s\u2019associe avec Gaston Chastel, c\u2019est pour cr\u00e9er une Manufacture de cols et manchettes, avec, pour objet la fabrication, le commerce et le blanchissage \u00e0 neuf de ces articles La Premi\u00e8re Guerre mondiale am\u00e8ne la Maison Gravereaux \u00e0 se lancer dans la fabrication de masques \u00e0 gaz\u2026","rel":"","context":"Article similaire","block_context":{"text":"Article similaire","link":""},"img":{"alt_text":"1910 EtsGr - Cat p11a_wp","src":"https:\/\/i0.wp.com\/lesgravereaux.marret.co\/wp-content\/uploads\/2016\/05\/1910-EtsGr-Cat-p11a_wp.jpg?resize=350%2C200","width":350,"height":200},"classes":[]},{"id":4331,"url":"https:\/\/lesgravereaux.marret.co\/index.php\/les-etablissements-gravereaux\/les-produits-des-etablissements-gravereaux\/bellafil\/","url_meta":{"origin":3131,"position":3},"title":"Bellafil","author":"marretgravereaux","date":"7 juillet 2016","format":false,"excerpt":"Les \u00c9tablissements Gravereaux se sont d\u2019abord fait conna\u00eetre par leurs cols et leurs chemises pour hommes, la marque Triplefil faisant leur r\u00e9putation pendant pr\u00e8s d\u2019un demi-si\u00e8cle. Toutefois, d\u00e8s la fin des ann\u00e9es 1930, la Maison Gravereaux cherche \u00e0 diversifier sa production et elle commence \u00e0 fabriquer des v\u00eatements pour femmes,\u2026","rel":"","context":"Article similaire","block_context":{"text":"Article similaire","link":""},"img":{"alt_text":"1939-05 Adam Chemisier no76 p32-3p_wp","src":"https:\/\/i0.wp.com\/lesgravereaux.marret.co\/wp-content\/uploads\/2016\/07\/1939-05-Adam-Chemisier-no76-p32-3p_wp.jpg?resize=350%2C200","width":350,"height":200},"classes":[]},{"id":2922,"url":"https:\/\/lesgravereaux.marret.co\/index.php\/les-etablissements-gravereaux\/les-produits-des-etablissements-gravereaux\/babyfil\/babyfil-a-cholet\/","url_meta":{"origin":3131,"position":4},"title":"Babyfil&#8230; \u00e0 Cholet","author":"marretgravereaux","date":"21 mai 2016","format":false,"excerpt":"Le Mus\u00e9e du Textile de Cholet tenait, du 3\u00a0d\u00e9cembre 2011 au 18 mars 2012, une exposition sur la mode enfantine sous le th\u00e8me \u00ab\u00a0\u00c0 fleur de peau\u00a0\u00bb. \u00c0 cette occasion et en collaboration avec le Mus\u00e9e de la Chemiserie et de l'\u00c9l\u00e9gance masculine d\u2019Argenton-sur-Creuse, il pr\u00e9sentait quelques produits et documents\u2026","rel":"","context":"Article similaire","block_context":{"text":"Article similaire","link":""},"img":{"alt_text":"\u00c0 fleur de peau - carte exposition_wp","src":"https:\/\/i0.wp.com\/lesgravereaux.marret.co\/wp-content\/uploads\/2016\/05\/%C3%80-fleur-de-peau-carte-exposition_wp.jpg?resize=350%2C200","width":350,"height":200},"classes":[]},{"id":3326,"url":"https:\/\/lesgravereaux.marret.co\/index.php\/571-2\/la-journee-de-jules-gravereaux\/","url_meta":{"origin":3131,"position":5},"title":"28 mai 2016 &#8211; La journ\u00e9e de Jules Gravereaux","author":"marretgravereaux","date":"10 juin 2016","format":false,"excerpt":"La ville de L'Ha\u00ff-les-Roses, les associations locales et la famille Gravereaux avaient d\u00e9cid\u00e9 de souligner le centenaire du d\u00e9c\u00e8s de Jules Gravereaux en organisant des activit\u00e9s le 18 mai 2016\u2026 Nathalie Ferrand, auteur du livre \u00ab\u00a0Cr\u00e9ateur de roses\u00a0\u00bb a prononc\u00e9 une conf\u00e9rence sur le th\u00e8me \u00ab\u00a0Rayonnement de Jules Gravereaux en\u2026","rel":"","context":"Dans &quot;Jules Gravereaux&quot;","block_context":{"text":"Jules Gravereaux","link":"https:\/\/lesgravereaux.marret.co\/index.php\/category\/jules-gravereaux\/"},"img":{"alt_text":"File0032a","src":"https:\/\/i0.wp.com\/lesgravereaux.marret.co\/wp-content\/uploads\/2015\/10\/File0032a.jpg?resize=350%2C200","width":350,"height":200},"classes":[]}],"_links":{"self":[{"href":"https:\/\/lesgravereaux.marret.co\/index.php\/wp-json\/wp\/v2\/pages\/3131","targetHints":{"allow":["GET"]}}],"collection":[{"href":"https:\/\/lesgravereaux.marret.co\/index.php\/wp-json\/wp\/v2\/pages"}],"about":[{"href":"https:\/\/lesgravereaux.marret.co\/index.php\/wp-json\/wp\/v2\/types\/page"}],"author":[{"embeddable":true,"href":"https:\/\/lesgravereaux.marret.co\/index.php\/wp-json\/wp\/v2\/users\/1"}],"replies":[{"embeddable":true,"href":"https:\/\/lesgravereaux.marret.co\/index.php\/wp-json\/wp\/v2\/comments?post=3131"}],"version-history":[{"count":0,"href":"https:\/\/lesgravereaux.marret.co\/index.php\/wp-json\/wp\/v2\/pages\/3131\/revisions"}],"up":[{"embeddable":true,"href":"https:\/\/lesgravereaux.marret.co\/index.php\/wp-json\/wp\/v2\/pages\/615"}],"wp:attachment":[{"href":"https:\/\/lesgravereaux.marret.co\/index.php\/wp-json\/wp\/v2\/media?parent=3131"}],"curies":[{"name":"wp","href":"https:\/\/api.w.org\/{rel}","templated":true}]}}