{"id":3110,"date":"2016-05-24T18:03:37","date_gmt":"2016-05-24T17:03:37","guid":{"rendered":"http:\/\/lesgravereaux.marret.co\/?page_id=3110"},"modified":"2018-01-29T18:44:43","modified_gmt":"2018-01-29T17:44:43","slug":"petite-chronologie","status":"publish","type":"page","link":"https:\/\/lesgravereaux.marret.co\/index.php\/les-etablissements-gravereaux\/petite-chronologie\/","title":{"rendered":"Petite chronologie"},"content":{"rendered":"<p><a href=\"https:\/\/i0.wp.com\/lesgravereaux.marret.co\/wp-content\/uploads\/2016\/05\/R-Gravereaux-Lettre-re%C3%A7u-en-t%C3%AAte_wp.jpg?ssl=1\"><img data-recalc-dims=\"1\" loading=\"lazy\" decoding=\"async\" data-attachment-id=\"2734\" data-permalink=\"https:\/\/lesgravereaux.marret.co\/index.php\/les-etablissements-gravereaux\/les-produits-des-etablissements-gravereaux\/les-cols-van-heusen\/r-gravereaux-lettre-recu-en-tete_wp\/\" data-orig-file=\"https:\/\/i0.wp.com\/lesgravereaux.marret.co\/wp-content\/uploads\/2016\/05\/R-Gravereaux-Lettre-re%C3%A7u-en-t%C3%AAte_wp.jpg?fit=886%2C330&amp;ssl=1\" data-orig-size=\"886,330\" data-comments-opened=\"1\" data-image-meta=\"{&quot;aperture&quot;:&quot;0&quot;,&quot;credit&quot;:&quot;&quot;,&quot;camera&quot;:&quot;&quot;,&quot;caption&quot;:&quot;&quot;,&quot;created_timestamp&quot;:&quot;0&quot;,&quot;copyright&quot;:&quot;&quot;,&quot;focal_length&quot;:&quot;0&quot;,&quot;iso&quot;:&quot;0&quot;,&quot;shutter_speed&quot;:&quot;0&quot;,&quot;title&quot;:&quot;&quot;,&quot;orientation&quot;:&quot;1&quot;}\" data-image-title=\"R Gravereaux &amp;#8211; Lettre-re\u00e7u (en-t\u00eate)_wp\" data-image-description=\"\" data-image-caption=\"\" data-medium-file=\"https:\/\/i0.wp.com\/lesgravereaux.marret.co\/wp-content\/uploads\/2016\/05\/R-Gravereaux-Lettre-re%C3%A7u-en-t%C3%AAte_wp.jpg?fit=300%2C112&amp;ssl=1\" data-large-file=\"https:\/\/i0.wp.com\/lesgravereaux.marret.co\/wp-content\/uploads\/2016\/05\/R-Gravereaux-Lettre-re%C3%A7u-en-t%C3%AAte_wp.jpg?fit=640%2C238&amp;ssl=1\" width=\"452\" height=\"168\" class=\"wp-image-2734 aligncenter\" alt=\"R Gravereaux - Lettre-re\u00e7u (en-t\u00eate)_wp\" src=\"https:\/\/i0.wp.com\/lesgravereaux.marret.co\/wp-content\/uploads\/2016\/05\/R-Gravereaux-Lettre-re%C3%A7u-en-t%C3%AAte_wp.jpg?resize=452%2C168&#038;ssl=1\" data-wp-pid=\"2734\" srcset=\"https:\/\/i0.wp.com\/lesgravereaux.marret.co\/wp-content\/uploads\/2016\/05\/R-Gravereaux-Lettre-re%C3%A7u-en-t%C3%AAte_wp.jpg?w=886&amp;ssl=1 886w, https:\/\/i0.wp.com\/lesgravereaux.marret.co\/wp-content\/uploads\/2016\/05\/R-Gravereaux-Lettre-re%C3%A7u-en-t%C3%AAte_wp.jpg?resize=300%2C112&amp;ssl=1 300w, https:\/\/i0.wp.com\/lesgravereaux.marret.co\/wp-content\/uploads\/2016\/05\/R-Gravereaux-Lettre-re%C3%A7u-en-t%C3%AAte_wp.jpg?resize=768%2C286&amp;ssl=1 768w, https:\/\/i0.wp.com\/lesgravereaux.marret.co\/wp-content\/uploads\/2016\/05\/R-Gravereaux-Lettre-re%C3%A7u-en-t%C3%AAte_wp.jpg?resize=800%2C298&amp;ssl=1 800w, https:\/\/i0.wp.com\/lesgravereaux.marret.co\/wp-content\/uploads\/2016\/05\/R-Gravereaux-Lettre-re%C3%A7u-en-t%C3%AAte_wp.jpg?resize=600%2C223&amp;ssl=1 600w\" sizes=\"auto, (max-width: 452px) 100vw, 452px\" \/><\/a><\/p>\n<table width=\"803\">\n<tbody>\n<tr>\n<td width=\"158\">1910 (21 juin)<\/td>\n<td width=\"645\">Gaston Chastel et Ren\u00e9 Gravereaux cr\u00e9ent une soci\u00e9t\u00e9 en nom collectif. Ren\u00e9 Gravereaux apporte 150&nbsp;000&nbsp;francs et Gaston Chastel 370&nbsp;000&nbsp;francs.<\/p>\n<p style=\"padding-left: 30px;\">Cette entreprise &#8211; dont le si\u00e8ge social est situ\u00e9 rue du faubourg Poissonni\u00e8re &#8211; est sp\u00e9cialis\u00e9e dans la fabrication de faux-cols, manchettes, et autres articles de lingerie, ainsi que dans le blanchissage sp\u00e9cial \u00e0 neuf.<\/p>\n<\/td>\n<\/tr>\n<tr>\n<td width=\"158\">1913 (janvier)<\/td>\n<td width=\"645\">Ren\u00e9 Gravereaux devient majoritaire et la raison sociale devient \u00ab&nbsp;<strong>R.&nbsp;Gravereaux et C<sup>ie<\/sup><\/strong>&nbsp;\u00bb.<\/td>\n<\/tr>\n<tr>\n<td width=\"158\">1915 (ao\u00fbt)<\/td>\n<td width=\"645\">La soci\u00e9t\u00e9 en nom collectif est dissoute.<\/td>\n<\/tr>\n<tr>\n<td width=\"158\">1916<\/td>\n<td width=\"645\">Les \u00c9tablissements Gravereaux se lancent dans la fabrication de bonnettes pour masques \u00e0 gaz.<\/td>\n<\/tr>\n<tr>\n<td width=\"158\">1917 (septembre)<\/td>\n<td width=\"645\">Ren\u00e9 Gravereaux ach\u00e8te, par seing priv\u00e9, la fabrique appartenant \u00e0 Fran\u00e7ois Pons, situ\u00e9e rue des M\u00fbriers, avec un local rue Bachaumont. Celui-ci est fabricant de faux-cols et manchettes, vendant en gros et demi gros.<\/td>\n<\/tr>\n<tr>\n<td width=\"158\">1917 (ou 1918)<\/td>\n<td width=\"645\">Ren\u00e9 Gravereaux ach\u00e8te \u00e0 monsieur Cochon-Quinette une usine de v\u00eatements \u00e0 <a href=\"https:\/\/lesgravereaux.marret.co\/index.php\/brassac-les-mines\/\" target=\"_blank\" rel=\"noopener\">Brassac<\/a> (Puy-de-D\u00f4me).<\/td>\n<\/tr>\n<tr>\n<td width=\"158\">1919 (janvier)<\/td>\n<td width=\"645\">Ren\u00e9 Gravereaux ach\u00e8te \u00e0 Louis Lalanne un fonds de commerce de manufacture de lingerie pour hommes situ\u00e9 rue de Ch\u00e2teau-Landon.<\/td>\n<\/tr>\n<tr>\n<td width=\"158\">1919<\/td>\n<td width=\"645\">Ren\u00e9 Gravereaux fait l\u2019acquisition d\u2019une usine \u00e0 La Combelle (commune d\u2019Auzar-sur-Allier, Puy-de-D\u00f4me).<\/td>\n<\/tr>\n<tr>\n<td width=\"158\">1925 (novembre)<\/td>\n<td width=\"645\">Ren\u00e9 Gravereaux fait l\u2019acquisition, sous seing priv\u00e9, de l\u2019affaire de Armand Depond (local situ\u00e9 au 67, rue Montorgueil) sp\u00e9cialis\u00e9e dans la lingerie.<\/td>\n<\/tr>\n<tr>\n<td width=\"158\">1928 (novembre)<\/td>\n<td width=\"645\">Ren\u00e9 Gravereaux obtient un brevet d\u2019invention pour une bo\u00eete destin\u00e9e \u00e0 la pr\u00e9sentation d\u2019objets de lingerie, accord\u00e9 pour 15&nbsp;ans; celle-ci contribuera \u00e0 la renomm\u00e9e des \u00c9tablissements Gravereaux.<\/td>\n<\/tr>\n<tr>\n<td width=\"158\">1934<\/td>\n<td width=\"645\">Ren\u00e9 Gravereaux conclut un contrat pour la licence d\u2019exploitation des brevets Lemoine concernant des masques \u00e0 gaz.<\/td>\n<\/tr>\n<tr>\n<td width=\"158\">1934<\/td>\n<td width=\"645\">Ren\u00e9 Gravereaux entreprend la fabrication de <a href=\"https:\/\/lesgravereaux.marret.co\/index.php\/les-parachutes\/\" target=\"_blank\" rel=\"noopener\">parachutes<\/a>&nbsp;pour le minist\u00e8re de l\u2019Air. Il a achet\u00e9 pour cela le mat\u00e9riel et les brevets de la maison Salone et Lucas.<\/td>\n<\/tr>\n<tr>\n<td width=\"158\">1936 (d\u00e9cembre)<\/td>\n<td width=\"645\">Dans le cadre d\u2019une liquidation judiciaire, Ren\u00e9 Gravereaux signe un concordat avec les cr\u00e9anciers. Il abandonne tous les actifs reli\u00e9s \u00e0 la production de mat\u00e9riel militaire et de protection, mais conserve le Fonds de commerce de fabrication et de vente de cols et chemises situ\u00e9 \u00e0 Boulogne.<\/td>\n<\/tr>\n<tr>\n<td width=\"158\">1940 (mai)<\/td>\n<td width=\"645\">Avec l\u2019aide de ses enfants, Ren\u00e9 Gravereaux transf\u00e8re les tissus au Veurdre-sur-Allier, o\u00f9 sa belle-fille, Jeannine Lebrun poss\u00e8de une propri\u00e9t\u00e9.<\/td>\n<\/tr>\n<tr>\n<td width=\"158\">1940 (mai?)<\/td>\n<td width=\"645\">Ren\u00e9 Gravereaux conserve les machines dans une entreprise de chaussures, \u00e0 Brive-la-Gaillarde.<\/td>\n<\/tr>\n<tr>\n<td width=\"158\">1940 (juin)<\/td>\n<td width=\"645\">Ren\u00e9 Gravereaux ach\u00e8te un ancien fonds de commerce de chapellerie \u00e0 Argenton-sur-Creuse pour entreposer le stock de tissus.<\/td>\n<\/tr>\n<tr>\n<td width=\"158\">1941 (ao\u00fbt)<\/td>\n<td width=\"645\">Ren\u00e9 Gravereaux loue un local, rue Rosette, \u00e0 un n\u00e9gociant d\u2019Argenton, pour servir d\u2019usine de fabrication.<\/td>\n<\/tr>\n<tr>\n<td width=\"158\">1941 (d\u00e9cembre)<\/td>\n<td width=\"645\">Ren\u00e9 Gravereaux et certains de ses enfants (Philippe, Raymond, Fran\u00e7oise et Jean-Ren\u00e9) forment une Soci\u00e9t\u00e9 \u00e0 responsabilit\u00e9 limit\u00e9e sous le nom d\u2019\u00ab&nbsp;<strong>\u00c9tablissements R. Gravereaux<\/strong>&nbsp;\u00bb ayant pour objet la propri\u00e9t\u00e9 et l\u2019exploitation d\u2019un fonds de commerce de fabrication et vente de lingerie et articles s\u2019y rattachant.<\/td>\n<\/tr>\n<tr>\n<td width=\"158\">1960<\/td>\n<td width=\"645\">Les \u00c9tablissements Gravereaux signent un contrat de licence exclusive Pierre Cardin pour la fabrication de chemises.<\/td>\n<\/tr>\n<tr>\n<td width=\"158\">1964 (septembre)<\/td>\n<td width=\"645\">Les \u00c9tablissements Gravereaux <a href=\"https:\/\/lesgravereaux.marret.co\/index.php\/28-septembre-1964-inauguration-de-lusine-aux-baignettes\/\" target=\"_blank\" rel=\"noopener\">inaugurent une nouvelle usine<\/a> \u00e0 Argenton.<\/td>\n<\/tr>\n<tr>\n<td width=\"158\">1968<\/td>\n<td width=\"645\">Le groupe Boussac rach\u00e8te, pour un franc symbolique, les \u00c9tablissements Gravereaux.<\/td>\n<\/tr>\n<\/tbody>\n<\/table>\n<p>Cette chronologie a \u00e9t\u00e9 \u00e9tablie \u00e0 partir de diverses sources d&rsquo;information, mais, en premier lieu, de la th\u00e8se de doctorat, r\u00e9dig\u00e9e en 2001, mais non publi\u00e9e, de Fr\u00e9d\u00e9rique Landais-Courant&nbsp;: \u00ab&nbsp;<em>Entreprises et patronat de l\u2019industrie de la confection, de Paris \u00e0 Argenton-sur-Creuse (Indre) aux XIX<sup>e<\/sup>&nbsp;et XX<sup>e<\/sup>&nbsp;si\u00e8cles&nbsp;<\/em>\u00bb.<\/p>\n<p>Dans le cas o\u00f9 vous d<span style=\"font-size: 12pt;\">\u00e9c\u00e8leriez des inexactitudes ou des omissions, <a href=\"https:\/\/lesgravereaux.marret.co\/index.php\/contact-edimestre\/\" target=\"_blank\" rel=\"noopener\">communiquez avec l&rsquo;\u00e9dimestre<\/a> <span style=\"text-align: left; color: #444444; text-transform: none; line-height: 18px; text-indent: 0px; letter-spacing: normal; font-family: Georgia,'Bitstream Charter',serif; font-style: normal; font-variant: normal; font-weight: 400; text-decoration: none; word-spacing: 0px; display: inline !important; white-space: normal; cursor: text; orphans: 2; float: none; -webkit-text-stroke-width: 0px; background-color: transparent;\">responsable de ce site.<\/span><\/span><\/p>\n","protected":false},"excerpt":{"rendered":"<p>1910 (21 juin) Gaston Chastel et Ren\u00e9 Gravereaux cr\u00e9ent une soci\u00e9t\u00e9 en nom collectif. Ren\u00e9 Gravereaux apporte 150&nbsp;000&nbsp;francs et Gaston Chastel 370&nbsp;000&nbsp;francs. Cette entreprise &#8211; dont le si\u00e8ge social est situ\u00e9 rue du faubourg Poissonni\u00e8re &#8211; est sp\u00e9cialis\u00e9e dans la &hellip; <a href=\"https:\/\/lesgravereaux.marret.co\/index.php\/les-etablissements-gravereaux\/petite-chronologie\/\">Continuer la lecture <span class=\"meta-nav\">&rarr;<\/span><\/a><\/p>\n","protected":false},"author":1,"featured_media":0,"parent":615,"menu_order":0,"comment_status":"closed","ping_status":"closed","template":"","meta":{"ngg_post_thumbnail":0,"jetpack_post_was_ever_published":false,"footnotes":""},"class_list":["post-3110","page","type-page","status-publish","hentry"],"jetpack_sharing_enabled":true,"jetpack_shortlink":"https:\/\/wp.me\/P7ERyi-Oa","jetpack-related-posts":[{"id":2660,"url":"https:\/\/lesgravereaux.marret.co\/index.php\/les-etablissements-gravereaux\/les-produits-des-etablissements-gravereaux\/les-premiers-cols\/","url_meta":{"origin":3110,"position":0},"title":"Les premiers cols","author":"marretgravereaux","date":"15 mai 2016","format":false,"excerpt":"L\u2019histoire des \u00c9tablissements Gravereaux commence en 1910 alors que Ren\u00e9 Gravereaux s\u2019associe \u00e0 un fabricant de faux-cols, Gaston Chastel, dans une entreprise sp\u00e9cialis\u00e9e dans la fabrication de faux-cols, manchettes et autres articles de lingerie, ainsi que dans le blanchissage \u00e0 neuf. Comme pr\u00e9vu lors de la constitution de la soci\u00e9t\u00e9,\u2026","rel":"","context":"Article similaire","block_context":{"text":"Article similaire","link":""},"img":{"alt_text":"1910 EtsGr - Cat p02a_wp","src":"https:\/\/i0.wp.com\/lesgravereaux.marret.co\/wp-content\/uploads\/2016\/05\/1910-EtsGr-Cat-p02a_wp-1024x638.jpg?resize=350%2C200","width":350,"height":200},"classes":[]},{"id":3116,"url":"https:\/\/lesgravereaux.marret.co\/index.php\/les-etablissements-gravereaux\/les-produits-des-etablissements-gravereaux\/","url_meta":{"origin":3110,"position":1},"title":"Les produits des \u00c9tablissements Gravereaux","author":"marretgravereaux","date":"25 mai 2016","format":false,"excerpt":"Lorsqu\u2019en 1910 Ren\u00e9 Gravereaux s\u2019associe avec Gaston Chastel, c\u2019est pour cr\u00e9er une Manufacture de cols et manchettes, avec, pour objet la fabrication, le commerce et le blanchissage \u00e0 neuf de ces articles La Premi\u00e8re Guerre mondiale am\u00e8ne la Maison Gravereaux \u00e0 se lancer dans la fabrication de masques \u00e0 gaz\u2026","rel":"","context":"Article similaire","block_context":{"text":"Article similaire","link":""},"img":{"alt_text":"1910 EtsGr - Cat p11a_wp","src":"https:\/\/i0.wp.com\/lesgravereaux.marret.co\/wp-content\/uploads\/2016\/05\/1910-EtsGr-Cat-p11a_wp.jpg?resize=350%2C200","width":350,"height":200},"classes":[]},{"id":2832,"url":"https:\/\/lesgravereaux.marret.co\/index.php\/les-etablissements-gravereaux\/argenton-la-sogec\/","url_meta":{"origin":3110,"position":2},"title":"Argenton &#8211; La SOGEC","author":"marretgravereaux","date":"20 mai 2016","format":false,"excerpt":"ou les \u00c9tablissements Gravereaux dans la Creuse Les \u00c9tablissements Gravereaux faisaient affaire, d\u00e8s 1930, avec un fa\u00e7onnier, propri\u00e9taire de deux ateliers, \u00e0 Argenton et \u00e0 Levroux. En 1940, pr\u00e9voyant l\u2019arriv\u00e9e des Allemands en r\u00e9gion parisienne, Ren\u00e9 Gravereaux d\u00e9cide de transf\u00e9rer les produits finis et les tissus de l\u2019usine de Boulogne-sur-Seine\u2026","rel":"","context":"Article similaire","block_context":{"text":"Article similaire","link":""},"img":{"alt_text":"","src":"https:\/\/i0.wp.com\/lesgravereaux.marret.co\/wp-content\/uploads\/2017\/06\/Argenton-et-la-Creuse-01.jpg?resize=350%2C200","width":350,"height":200},"classes":[]},{"id":731,"url":"https:\/\/lesgravereaux.marret.co\/index.php\/jules-gravereaux\/jules-gravereaux-au-bon-marche\/","url_meta":{"origin":3110,"position":3},"title":"Jules Gravereaux au Bon March\u00e9","author":"marretgravereaux","date":"8 mars 2016","format":false,"excerpt":"Article \u00e9crit par Jean-Luc Marret, sous le titre de \u00ab Le Bon March\u00e9 de Jules Gravereaux \u00bb et publi\u00e9\u00a0dans le Bulletin de l'Association des Amis du Vieux L'Ha\u00ff en juin 2011 Cr\u00e9er la roseraie de L\u2019Ha\u00ff et l\u2019entretenir pendant pr\u00e8s d\u2019un quart de si\u00e8cle, comme l\u2019a fait Jules Gravereaux, n\u00e9cessite\u2026","rel":"","context":"Article similaire","block_context":{"text":"Article similaire","link":""},"img":{"alt_text":"Jules Gravereaux - OG1332b","src":"https:\/\/i0.wp.com\/marret.co\/wp-content\/uploads\/2015\/10\/Jules-Gravereaux-OG1332b.jpg?resize=350%2C200","width":350,"height":200},"classes":[]},{"id":615,"url":"https:\/\/lesgravereaux.marret.co\/index.php\/les-etablissements-gravereaux\/","url_meta":{"origin":3110,"position":4},"title":"Les \u00c9tablissements Gravereaux","author":"marretgravereaux","date":"7 mars 2016","format":false,"excerpt":"\u00a0 La \u00ab\u00a0Maison Gravereaux\u00a0\u00bb na\u00eet en 1910 alors que Ren\u00e9 Gravereaux s\u2019associe \u00e0 un fabricant de faux cols; la nouvelle soci\u00e9t\u00e9 a pour objet \u00ab\u00a0la fabrication et le commerce de faux cols, manchettes et autres articles similaires et le blanchissage sp\u00e9cial \u00e0 neuf\u00a0\u00bb. Au cours de la Premi\u00e8re Guerre mondiale,\u2026","rel":"","context":"Article similaire","block_context":{"text":"Article similaire","link":""},"img":{"alt_text":"1910 EtsGr - Cat c1a_wp","src":"https:\/\/i0.wp.com\/marret.co\/wp-content\/uploads\/2016\/03\/1910-EtsGr-Cat-c1a_wp-1-1024x729.jpg?resize=350%2C200","width":350,"height":200},"classes":[]},{"id":3102,"url":"https:\/\/lesgravereaux.marret.co\/index.php\/les-etablissements-gravereaux\/les-etablissements-gravereaux-a-la-foire-de-paris\/","url_meta":{"origin":3110,"position":5},"title":"Les \u00c9tablissements Gravereaux \u00e0 la Foire de Paris","author":"marretgravereaux","date":"24 mai 2016","format":false,"excerpt":"D\u00e8s la cr\u00e9ation de son entreprise, en 1910, Ren\u00e9 Gravereaux cherche \u00e0 fabriquer des cols et des manchettes de haute qualit\u00e9 qu'il destine\u00a0\u00e0 une\u00a0client\u00e8le qui saura l'appr\u00e9cier.\u00a0C'est dans cette perspective que\u00a0les \u00c9tablissements Gravereaux pr\u00e9sentent leurs produits \u00e0 la Foire de Paris, en 1917 et en 1919... les journalistes ne manquent\u2026","rel":"","context":"Article similaire","block_context":{"text":"Article similaire","link":""},"img":{"alt_text":"1917-05-17 Le Gaulois p2 (d\u00e9tail)_wp","src":"https:\/\/i0.wp.com\/lesgravereaux.marret.co\/wp-content\/uploads\/2016\/05\/1917-05-17-Le-Gaulois-p2-d%C3%A9tail_wp.jpg?resize=350%2C200","width":350,"height":200},"classes":[]}],"_links":{"self":[{"href":"https:\/\/lesgravereaux.marret.co\/index.php\/wp-json\/wp\/v2\/pages\/3110","targetHints":{"allow":["GET"]}}],"collection":[{"href":"https:\/\/lesgravereaux.marret.co\/index.php\/wp-json\/wp\/v2\/pages"}],"about":[{"href":"https:\/\/lesgravereaux.marret.co\/index.php\/wp-json\/wp\/v2\/types\/page"}],"author":[{"embeddable":true,"href":"https:\/\/lesgravereaux.marret.co\/index.php\/wp-json\/wp\/v2\/users\/1"}],"replies":[{"embeddable":true,"href":"https:\/\/lesgravereaux.marret.co\/index.php\/wp-json\/wp\/v2\/comments?post=3110"}],"version-history":[{"count":0,"href":"https:\/\/lesgravereaux.marret.co\/index.php\/wp-json\/wp\/v2\/pages\/3110\/revisions"}],"up":[{"embeddable":true,"href":"https:\/\/lesgravereaux.marret.co\/index.php\/wp-json\/wp\/v2\/pages\/615"}],"wp:attachment":[{"href":"https:\/\/lesgravereaux.marret.co\/index.php\/wp-json\/wp\/v2\/media?parent=3110"}],"curies":[{"name":"wp","href":"https:\/\/api.w.org\/{rel}","templated":true}]}}