{"id":3102,"date":"2016-05-24T04:07:25","date_gmt":"2016-05-24T03:07:25","guid":{"rendered":"http:\/\/lesgravereaux.marret.co\/?page_id=3102"},"modified":"2016-06-12T17:06:31","modified_gmt":"2016-06-12T16:06:31","slug":"les-etablissements-gravereaux-a-la-foire-de-paris","status":"publish","type":"page","link":"https:\/\/lesgravereaux.marret.co\/index.php\/les-etablissements-gravereaux\/les-etablissements-gravereaux-a-la-foire-de-paris\/","title":{"rendered":"Les \u00c9tablissements Gravereaux \u00e0 la Foire de Paris"},"content":{"rendered":"<p>D\u00e8s la cr\u00e9ation de son entreprise, en 1910, Ren\u00e9 Gravereaux cherche \u00e0 fabriquer des cols et des manchettes de haute qualit\u00e9 qu&rsquo;il destine\u00a0\u00e0 une\u00a0client\u00e8le qui saura l&rsquo;appr\u00e9cier.\u00a0C&rsquo;est dans cette perspective que\u00a0les \u00c9tablissements Gravereaux pr\u00e9sentent leurs produits \u00e0 la Foire de Paris, en 1917 et en 1919&#8230; les journalistes ne manquent pas de le remarquer.<\/p>\n<p><strong><a href=\"https:\/\/i0.wp.com\/lesgravereaux.marret.co\/wp-content\/uploads\/2016\/05\/1917-05-17-Le-Gaulois-p2-d%C3%A9tail_wp.jpg?ssl=1\"><img data-recalc-dims=\"1\" loading=\"lazy\" decoding=\"async\" data-attachment-id=\"3099\" data-permalink=\"https:\/\/lesgravereaux.marret.co\/index.php\/les-etablissements-gravereaux\/les-etablissements-gravereaux-a-la-foire-de-paris\/1917-05-17-le-gaulois-p2-detail_wp\/\" data-orig-file=\"https:\/\/i0.wp.com\/lesgravereaux.marret.co\/wp-content\/uploads\/2016\/05\/1917-05-17-Le-Gaulois-p2-d%C3%A9tail_wp.jpg?fit=431%2C886&amp;ssl=1\" data-orig-size=\"431,886\" data-comments-opened=\"1\" data-image-meta=\"{&quot;aperture&quot;:&quot;0&quot;,&quot;credit&quot;:&quot;&quot;,&quot;camera&quot;:&quot;&quot;,&quot;caption&quot;:&quot;&quot;,&quot;created_timestamp&quot;:&quot;0&quot;,&quot;copyright&quot;:&quot;&quot;,&quot;focal_length&quot;:&quot;0&quot;,&quot;iso&quot;:&quot;0&quot;,&quot;shutter_speed&quot;:&quot;0&quot;,&quot;title&quot;:&quot;&quot;,&quot;orientation&quot;:&quot;1&quot;}\" data-image-title=\"1917-05-17 Le Gaulois p2 (d\u00e9tail)_wp\" data-image-description=\"\" data-image-caption=\"\" data-medium-file=\"https:\/\/i0.wp.com\/lesgravereaux.marret.co\/wp-content\/uploads\/2016\/05\/1917-05-17-Le-Gaulois-p2-d%C3%A9tail_wp.jpg?fit=146%2C300&amp;ssl=1\" data-large-file=\"https:\/\/i0.wp.com\/lesgravereaux.marret.co\/wp-content\/uploads\/2016\/05\/1917-05-17-Le-Gaulois-p2-d%C3%A9tail_wp.jpg?fit=431%2C886&amp;ssl=1\" class=\"wp-image-3099 alignright\" src=\"https:\/\/i0.wp.com\/lesgravereaux.marret.co\/wp-content\/uploads\/2016\/05\/1917-05-17-Le-Gaulois-p2-d%C3%A9tail_wp.jpg?resize=250%2C514&#038;ssl=1\" alt=\"1917-05-17 Le Gaulois p2 (d\u00e9tail)_wp\" width=\"250\" height=\"514\" data-wp-pid=\"3099\" srcset=\"https:\/\/i0.wp.com\/lesgravereaux.marret.co\/wp-content\/uploads\/2016\/05\/1917-05-17-Le-Gaulois-p2-d%C3%A9tail_wp.jpg?w=431&amp;ssl=1 431w, https:\/\/i0.wp.com\/lesgravereaux.marret.co\/wp-content\/uploads\/2016\/05\/1917-05-17-Le-Gaulois-p2-d%C3%A9tail_wp.jpg?resize=146%2C300&amp;ssl=1 146w, https:\/\/i0.wp.com\/lesgravereaux.marret.co\/wp-content\/uploads\/2016\/05\/1917-05-17-Le-Gaulois-p2-d%C3%A9tail_wp.jpg?resize=292%2C600&amp;ssl=1 292w\" sizes=\"auto, (max-width: 250px) 100vw, 250px\" \/><\/a><\/strong><\/p>\n<p><strong>La Maison GRAVEREAUX<br \/>\n\u00e0 la Foire de Paris<\/strong><\/p>\n<p>Parmi les industriels qui ont tenu par leur participation \u00e0 rehausser l&rsquo;\u00e9clat de la foire de Paris, nous relevons le nom de la maison Ren\u00e9 Gravereaux, fabricant de cols et manchettes, 17, rue des Je\u00fbneurs, \u00e0 Paris.<\/p>\n<p>Nous avons visit\u00e9 l&rsquo;usine de fabrication de cet industriel \u00e0 Boulogne-sur-Seine, et nous n&rsquo;avons nullement \u00e9t\u00e9 surpris, devant une organisation pareille, de la place pr\u00e9pond\u00e9rante que cette maison occupe dans sa sp\u00e9cialit\u00e9. C&rsquo;est une usine mod\u00e8le. Tous les services, malgr\u00e9 les difficult\u00e9s actuelles, sont organis\u00e9s de telle fa\u00e7on que rien dans la confection ne laisse \u00e0 d\u00e9sirer.<\/p>\n<p>D&rsquo;autre part, quoique il soit tr\u00e8s difficile de se procurer en ce moment certaines mati\u00e8res premi\u00e8res entrant dans la confection des cols et manchettes, M.\u00a0Gravereaux pr\u00e9f\u00e8re s&rsquo;imposer des sacrifices et continue \u00e0 servir sa nombreuse client\u00e8le comme avant les hostilit\u00e9s, c&rsquo;est-\u00e0-dire en s&rsquo;attachant \u00e0 conserver au col ses qualit\u00e9s d&rsquo;\u00e9l\u00e9gance et de solidit\u00e9. C&rsquo;est ainsi que la confiance que lui t\u00e9moignait sa nombreuse client\u00e8le, soucieuse de la formule <em>\u00c9conomie par la qualit\u00e9<\/em>, n&rsquo;a fait que s\u2019accro\u00eetre.<\/p>\n<p>Les machines modernes, comportant les plus r\u00e9cents perfectionnements, l&rsquo;installation d&rsquo;appareils qui sont la propri\u00e9t\u00e9 exclusive de la maison, mettent hors de pair cette importante sp\u00e9cialit\u00e9 du genre. Nous reviendrons du reste sur cette installation unique.<\/p>\n<p>Puisque nous parlons de M.\u00a0Gravereaux, il nous sera permis de dire que cet industriel a dot\u00e9 l&rsquo;arm\u00e9e fran\u00e7aise d&rsquo;un masque contre les gaz asphyxiants, masque qui est en service depuis quinze mois d\u00e9j\u00e0 et qui a rendu les plus grands services \u00e0 nos braves poilus. \u00c0 ce titre, ajout\u00e9 \u00e0 celui de grand industriel de temps de paix, M.\u00a0Gravereaux a droit \u00e0 la reconnaissance de tous les bons Fran\u00e7ais.<\/p>\n<p style=\"text-align: right;\"><span style=\"font-size: 10pt;\"><em>Le Gaulois, 17 mai 1917<\/em><\/span><\/p>\n<p><strong><a href=\"https:\/\/i0.wp.com\/lesgravereaux.marret.co\/wp-content\/uploads\/2016\/05\/1917-05-20-Le-Matin-p4_wp.jpg?ssl=1\"><img data-recalc-dims=\"1\" loading=\"lazy\" decoding=\"async\" data-attachment-id=\"3100\" data-permalink=\"https:\/\/lesgravereaux.marret.co\/index.php\/les-etablissements-gravereaux\/les-etablissements-gravereaux-a-la-foire-de-paris\/1917-05-20-le-matin-p4_wp\/\" data-orig-file=\"https:\/\/i0.wp.com\/lesgravereaux.marret.co\/wp-content\/uploads\/2016\/05\/1917-05-20-Le-Matin-p4_wp.jpg?fit=636%2C886&amp;ssl=1\" data-orig-size=\"636,886\" data-comments-opened=\"1\" data-image-meta=\"{&quot;aperture&quot;:&quot;0&quot;,&quot;credit&quot;:&quot;&quot;,&quot;camera&quot;:&quot;&quot;,&quot;caption&quot;:&quot;&quot;,&quot;created_timestamp&quot;:&quot;0&quot;,&quot;copyright&quot;:&quot;&quot;,&quot;focal_length&quot;:&quot;0&quot;,&quot;iso&quot;:&quot;0&quot;,&quot;shutter_speed&quot;:&quot;0&quot;,&quot;title&quot;:&quot;&quot;,&quot;orientation&quot;:&quot;1&quot;}\" data-image-title=\"1917-05-20 Le Matin p4_wp\" data-image-description=\"\" data-image-caption=\"\" data-medium-file=\"https:\/\/i0.wp.com\/lesgravereaux.marret.co\/wp-content\/uploads\/2016\/05\/1917-05-20-Le-Matin-p4_wp.jpg?fit=215%2C300&amp;ssl=1\" data-large-file=\"https:\/\/i0.wp.com\/lesgravereaux.marret.co\/wp-content\/uploads\/2016\/05\/1917-05-20-Le-Matin-p4_wp.jpg?fit=636%2C886&amp;ssl=1\" class=\"wp-image-3100 alignleft\" src=\"https:\/\/i0.wp.com\/lesgravereaux.marret.co\/wp-content\/uploads\/2016\/05\/1917-05-20-Le-Matin-p4_wp.jpg?resize=225%2C313&#038;ssl=1\" alt=\"1917-05-20 Le Matin p4_wp\" width=\"225\" height=\"313\" data-wp-pid=\"3100\" srcset=\"https:\/\/i0.wp.com\/lesgravereaux.marret.co\/wp-content\/uploads\/2016\/05\/1917-05-20-Le-Matin-p4_wp.jpg?w=636&amp;ssl=1 636w, https:\/\/i0.wp.com\/lesgravereaux.marret.co\/wp-content\/uploads\/2016\/05\/1917-05-20-Le-Matin-p4_wp.jpg?resize=215%2C300&amp;ssl=1 215w, https:\/\/i0.wp.com\/lesgravereaux.marret.co\/wp-content\/uploads\/2016\/05\/1917-05-20-Le-Matin-p4_wp.jpg?resize=431%2C600&amp;ssl=1 431w\" sizes=\"auto, (max-width: 225px) 100vw, 225px\" \/><\/a><\/strong><\/p>\n<p><strong>La Maison Gravereaux<\/strong><\/p>\n<p>Parmi les grandes maisons dont la guerre n&rsquo;a pas amoindri l&rsquo;effort, il convient de faire une place \u00e0 part \u00e0 la Maison Ren\u00e9 Gravereaux, la grande, manufacture de cols et manchettes, 17, rue des Je\u00fbneurs, \u00e0 Paris, dont l&rsquo;usine de Boulogne-sur-Seine est une v\u00e9ritable merveille d&rsquo;organisation moderne et d&rsquo;outillage perfectionn\u00e9.<\/p>\n<p>M. Ren\u00e9 Gravereaux a tenu \u00e0 apporter \u00e0 la Foire de Paris le concours pr\u00e9cieux de sa participation, et, une fois de plus, les acheteurs et les visiteurs pourront admirer l&rsquo;\u00e9l\u00e9gance de ses mod\u00e8les, le chic incomparable de sa coupe et l&rsquo;exceptionnelle qualit\u00e9 de ses articles. Et pourtant il est peu de nos industriels dont l&rsquo;activit\u00e9 soit mise \u00e0 une aussi dure \u00e9preuve, car M.\u00a0Gravereaux a \u2014 d\u00e8s maintenant \u2014 compris la t\u00e2che immense qui s\u2019impose \u00e0 notre activit\u00e9 nationale et le devoir urgent qui consiste \u00e0 faire pr\u00e9dominer sur les march\u00e9s de l&rsquo;\u00e9tranger notre production nationale. Contre le voyageur de commerce allemand, dont la guerre n&rsquo;a pas arr\u00eat\u00e9 l&rsquo;effort, M.\u00a0Ren\u00e9 Gravereaux a maintenu ses agents et repr\u00e9sentants et a pu ainsi faire appr\u00e9cier la sup\u00e9riorit\u00e9 fran\u00e7aise.<\/p>\n<p>Telle est l&rsquo;\u0153uvre industrielle qu&rsquo;a fait ressortir le ministre du Commerce en pr\u00e9sentant M.\u00a0Gravereaux au Pr\u00e9sident de la R\u00e9publique, mais il a tenu \u00e9galement \u00e0 rappeler l&rsquo;\u0153uvre patriotique de M.\u00a0Ren\u00e9 Gravereaux, qui fournit \u00e0 l&rsquo;arm\u00e9e, depuis plus de quinze mois, un masque dont il est l&rsquo;inventeur et qui, en prot\u00e9geant nos soldats contre les gaz asphyxiants, a sauv\u00e9 des milliers d&rsquo;existences pr\u00e9cieuses.<\/p>\n<p style=\"text-align: right;\"><span style=\"font-size: 10pt;\"><em>Le Matin, 20 mai 1917<\/em><\/span><\/p>\n<hr \/>\n<p><strong><a href=\"https:\/\/i0.wp.com\/lesgravereaux.marret.co\/wp-content\/uploads\/2016\/05\/1919-05-10-Le-Gaulois-p2-d%C3%A9tail_wp.jpg?ssl=1\"><img data-recalc-dims=\"1\" loading=\"lazy\" decoding=\"async\" data-attachment-id=\"3101\" data-permalink=\"https:\/\/lesgravereaux.marret.co\/index.php\/les-etablissements-gravereaux\/les-etablissements-gravereaux-a-la-foire-de-paris\/1919-05-10-le-gaulois-p2-detail_wp\/\" data-orig-file=\"https:\/\/i0.wp.com\/lesgravereaux.marret.co\/wp-content\/uploads\/2016\/05\/1919-05-10-Le-Gaulois-p2-d%C3%A9tail_wp.jpg?fit=886%2C761&amp;ssl=1\" data-orig-size=\"886,761\" data-comments-opened=\"1\" data-image-meta=\"{&quot;aperture&quot;:&quot;0&quot;,&quot;credit&quot;:&quot;&quot;,&quot;camera&quot;:&quot;&quot;,&quot;caption&quot;:&quot;&quot;,&quot;created_timestamp&quot;:&quot;0&quot;,&quot;copyright&quot;:&quot;&quot;,&quot;focal_length&quot;:&quot;0&quot;,&quot;iso&quot;:&quot;0&quot;,&quot;shutter_speed&quot;:&quot;0&quot;,&quot;title&quot;:&quot;&quot;,&quot;orientation&quot;:&quot;1&quot;}\" data-image-title=\"1919-05-10 Le Gaulois p2 (d\u00e9tail)_wp\" data-image-description=\"\" data-image-caption=\"\" data-medium-file=\"https:\/\/i0.wp.com\/lesgravereaux.marret.co\/wp-content\/uploads\/2016\/05\/1919-05-10-Le-Gaulois-p2-d%C3%A9tail_wp.jpg?fit=300%2C258&amp;ssl=1\" data-large-file=\"https:\/\/i0.wp.com\/lesgravereaux.marret.co\/wp-content\/uploads\/2016\/05\/1919-05-10-Le-Gaulois-p2-d%C3%A9tail_wp.jpg?fit=640%2C550&amp;ssl=1\" class=\"wp-image-3101 alignright\" src=\"https:\/\/i0.wp.com\/lesgravereaux.marret.co\/wp-content\/uploads\/2016\/05\/1919-05-10-Le-Gaulois-p2-d%C3%A9tail_wp.jpg?resize=231%2C198&#038;ssl=1\" alt=\"1919-05-10 Le Gaulois p2 (d\u00e9tail)_wp\" width=\"231\" height=\"198\" data-wp-pid=\"3101\" srcset=\"https:\/\/i0.wp.com\/lesgravereaux.marret.co\/wp-content\/uploads\/2016\/05\/1919-05-10-Le-Gaulois-p2-d%C3%A9tail_wp.jpg?w=886&amp;ssl=1 886w, https:\/\/i0.wp.com\/lesgravereaux.marret.co\/wp-content\/uploads\/2016\/05\/1919-05-10-Le-Gaulois-p2-d%C3%A9tail_wp.jpg?resize=300%2C258&amp;ssl=1 300w, https:\/\/i0.wp.com\/lesgravereaux.marret.co\/wp-content\/uploads\/2016\/05\/1919-05-10-Le-Gaulois-p2-d%C3%A9tail_wp.jpg?resize=768%2C660&amp;ssl=1 768w, https:\/\/i0.wp.com\/lesgravereaux.marret.co\/wp-content\/uploads\/2016\/05\/1919-05-10-Le-Gaulois-p2-d%C3%A9tail_wp.jpg?resize=800%2C687&amp;ssl=1 800w, https:\/\/i0.wp.com\/lesgravereaux.marret.co\/wp-content\/uploads\/2016\/05\/1919-05-10-Le-Gaulois-p2-d%C3%A9tail_wp.jpg?resize=600%2C515&amp;ssl=1 600w\" sizes=\"auto, (max-width: 231px) 100vw, 231px\" \/><\/a><\/strong><\/p>\n<p><strong>La Maison Gravereaux<\/strong><\/p>\n<p>Mme\u00a0Poincar\u00e9 s&rsquo;est ensuite arr\u00eat\u00e9e \u00e0 divers stands et, notamment, \u00e0 celui de la maison Gravereaux.<\/p>\n<p>M. Gravereaux, qui a eu \u00e0 maintes reprises l&rsquo;honneur insigne de recevoir Mme\u00a0Poincar\u00e9 dans la symphonie rose de sa roseraie de l&rsquo;Hay, l&rsquo;a re\u00e7ue hier, plus modestement, dans l&rsquo;harmonie blanche de son stand de la Foire de Paris, o\u00f9 \u00e9clate la lumi\u00e8re des lingeries fines, des cols \u00e9blouissants et de tous les articles de chemiserie qui font la renomm\u00e9e de la maison de la rue des Je\u00fbneurs.<\/p>\n<p style=\"text-align: right;\"><span style=\"font-size: 10pt;\"><em>Jean d&rsquo;Yvelet. Le Gaulois, 10 mai 1919<\/em><\/span><\/p>\n<p>&nbsp;<\/p>\n<p>&nbsp;<\/p>\n","protected":false},"excerpt":{"rendered":"<p>D\u00e8s la cr\u00e9ation de son entreprise, en 1910, Ren\u00e9 Gravereaux cherche \u00e0 fabriquer des cols et des manchettes de haute qualit\u00e9 qu&rsquo;il destine\u00a0\u00e0 une\u00a0client\u00e8le qui saura l&rsquo;appr\u00e9cier.\u00a0C&rsquo;est dans cette perspective que\u00a0les \u00c9tablissements Gravereaux pr\u00e9sentent leurs produits \u00e0 la Foire de &hellip; <a href=\"https:\/\/lesgravereaux.marret.co\/index.php\/les-etablissements-gravereaux\/les-etablissements-gravereaux-a-la-foire-de-paris\/\">Continuer la lecture <span class=\"meta-nav\">&rarr;<\/span><\/a><\/p>\n","protected":false},"author":1,"featured_media":0,"parent":615,"menu_order":0,"comment_status":"closed","ping_status":"closed","template":"","meta":{"ngg_post_thumbnail":0,"jetpack_post_was_ever_published":false,"footnotes":""},"class_list":["post-3102","page","type-page","status-publish","hentry"],"jetpack_sharing_enabled":true,"jetpack_shortlink":"https:\/\/wp.me\/P7ERyi-O2","jetpack-related-posts":[{"id":2660,"url":"https:\/\/lesgravereaux.marret.co\/index.php\/les-etablissements-gravereaux\/les-produits-des-etablissements-gravereaux\/les-premiers-cols\/","url_meta":{"origin":3102,"position":0},"title":"Les premiers cols","author":"marretgravereaux","date":"15 mai 2016","format":false,"excerpt":"L\u2019histoire des \u00c9tablissements Gravereaux commence en 1910 alors que Ren\u00e9 Gravereaux s\u2019associe \u00e0 un fabricant de faux-cols, Gaston Chastel, dans une entreprise sp\u00e9cialis\u00e9e dans la fabrication de faux-cols, manchettes et autres articles de lingerie, ainsi que dans le blanchissage \u00e0 neuf. Comme pr\u00e9vu lors de la constitution de la soci\u00e9t\u00e9,\u2026","rel":"","context":"Article similaire","block_context":{"text":"Article similaire","link":""},"img":{"alt_text":"1910 EtsGr - Cat p02a_wp","src":"https:\/\/i0.wp.com\/lesgravereaux.marret.co\/wp-content\/uploads\/2016\/05\/1910-EtsGr-Cat-p02a_wp-1024x638.jpg?resize=350%2C200","width":350,"height":200},"classes":[]},{"id":3110,"url":"https:\/\/lesgravereaux.marret.co\/index.php\/les-etablissements-gravereaux\/petite-chronologie\/","url_meta":{"origin":3102,"position":1},"title":"Petite chronologie","author":"marretgravereaux","date":"24 mai 2016","format":false,"excerpt":"1910 (21 juin) Gaston Chastel et Ren\u00e9 Gravereaux cr\u00e9ent une soci\u00e9t\u00e9 en nom collectif. Ren\u00e9 Gravereaux apporte 150\u00a0000\u00a0francs et Gaston Chastel 370\u00a0000\u00a0francs. Cette entreprise - dont le si\u00e8ge social est situ\u00e9 rue du faubourg Poissonni\u00e8re - est sp\u00e9cialis\u00e9e dans la fabrication de faux-cols, manchettes, et autres articles de lingerie, ainsi\u2026","rel":"","context":"Article similaire","block_context":{"text":"Article similaire","link":""},"img":{"alt_text":"R Gravereaux - Lettre-re\u00e7u (en-t\u00eate)_wp","src":"https:\/\/i0.wp.com\/lesgravereaux.marret.co\/wp-content\/uploads\/2016\/05\/R-Gravereaux-Lettre-re%C3%A7u-en-t%C3%AAte_wp.jpg?resize=350%2C200","width":350,"height":200},"classes":[]},{"id":615,"url":"https:\/\/lesgravereaux.marret.co\/index.php\/les-etablissements-gravereaux\/","url_meta":{"origin":3102,"position":2},"title":"Les \u00c9tablissements Gravereaux","author":"marretgravereaux","date":"7 mars 2016","format":false,"excerpt":"\u00a0 La \u00ab\u00a0Maison Gravereaux\u00a0\u00bb na\u00eet en 1910 alors que Ren\u00e9 Gravereaux s\u2019associe \u00e0 un fabricant de faux cols; la nouvelle soci\u00e9t\u00e9 a pour objet \u00ab\u00a0la fabrication et le commerce de faux cols, manchettes et autres articles similaires et le blanchissage sp\u00e9cial \u00e0 neuf\u00a0\u00bb. Au cours de la Premi\u00e8re Guerre mondiale,\u2026","rel":"","context":"Article similaire","block_context":{"text":"Article similaire","link":""},"img":{"alt_text":"1910 EtsGr - Cat c1a_wp","src":"https:\/\/i0.wp.com\/marret.co\/wp-content\/uploads\/2016\/03\/1910-EtsGr-Cat-c1a_wp-1-1024x729.jpg?resize=350%2C200","width":350,"height":200},"classes":[]},{"id":3116,"url":"https:\/\/lesgravereaux.marret.co\/index.php\/les-etablissements-gravereaux\/les-produits-des-etablissements-gravereaux\/","url_meta":{"origin":3102,"position":3},"title":"Les produits des \u00c9tablissements Gravereaux","author":"marretgravereaux","date":"25 mai 2016","format":false,"excerpt":"Lorsqu\u2019en 1910 Ren\u00e9 Gravereaux s\u2019associe avec Gaston Chastel, c\u2019est pour cr\u00e9er une Manufacture de cols et manchettes, avec, pour objet la fabrication, le commerce et le blanchissage \u00e0 neuf de ces articles La Premi\u00e8re Guerre mondiale am\u00e8ne la Maison Gravereaux \u00e0 se lancer dans la fabrication de masques \u00e0 gaz\u2026","rel":"","context":"Article similaire","block_context":{"text":"Article similaire","link":""},"img":{"alt_text":"1910 EtsGr - Cat p11a_wp","src":"https:\/\/i0.wp.com\/lesgravereaux.marret.co\/wp-content\/uploads\/2016\/05\/1910-EtsGr-Cat-p11a_wp.jpg?resize=350%2C200","width":350,"height":200},"classes":[]},{"id":2693,"url":"https:\/\/lesgravereaux.marret.co\/index.php\/les-etablissements-gravereaux\/les-produits-des-etablissements-gravereaux\/les-cols-triplefil\/","url_meta":{"origin":3102,"position":4},"title":"Les cols Triplefil","author":"marretgravereaux","date":"16 mai 2016","format":false,"excerpt":"D\u00e8s le d\u00e9but de son existence, la Maison Gravereaux\u00a0attribue un nom \u00e0 ses produits; c\u2019est ainsi que l\u2019on trouve, dans son premier catalogue publi\u00e9 en\u00a01910, un faux-col dur Ren\u00e9, des manchettes Alvarez, un faux-col mou Match, un faux-col pour femme Josette, un faux-col pour enfant G\u00e9rard ou un plastron Marchand\u2026\u2026","rel":"","context":"Article similaire","block_context":{"text":"Article similaire","link":""},"img":{"alt_text":"1910 EtsGr - Cat p11a_wp","src":"https:\/\/i0.wp.com\/lesgravereaux.marret.co\/wp-content\/uploads\/2016\/05\/1910-EtsGr-Cat-p11a_wp.jpg?resize=350%2C200","width":350,"height":200},"classes":[]},{"id":2761,"url":"https:\/\/lesgravereaux.marret.co\/index.php\/les-etablissements-gravereaux\/les-produits-des-etablissements-gravereaux\/triplefil\/","url_meta":{"origin":3102,"position":5},"title":"Triplefil","author":"marretgravereaux","date":"19 mai 2016","format":false,"excerpt":"Au d\u00e9but de son existence, la Maison Gravereaux\u00a0commercialise sa production et \u00e9tablit sa r\u00e9putation par son seul nom de famille; dans son catalogue de 1910, la Manufacture de cols et manchettes R.\u00a0Gravereaux donne bien un nom \u00e0 ses divers produits (un col\u00a0Billy, des manchettes\u00a0Alvarez, un plastron Ruy Blas, etc.), mais\u2026","rel":"","context":"Article similaire","block_context":{"text":"Article similaire","link":""},"img":{"alt_text":"1910 EtsGr - Cat p07a_wp","src":"https:\/\/i0.wp.com\/lesgravereaux.marret.co\/wp-content\/uploads\/2016\/05\/1910-EtsGr-Cat-p07a_wp.jpg?resize=350%2C200","width":350,"height":200},"classes":[]}],"_links":{"self":[{"href":"https:\/\/lesgravereaux.marret.co\/index.php\/wp-json\/wp\/v2\/pages\/3102","targetHints":{"allow":["GET"]}}],"collection":[{"href":"https:\/\/lesgravereaux.marret.co\/index.php\/wp-json\/wp\/v2\/pages"}],"about":[{"href":"https:\/\/lesgravereaux.marret.co\/index.php\/wp-json\/wp\/v2\/types\/page"}],"author":[{"embeddable":true,"href":"https:\/\/lesgravereaux.marret.co\/index.php\/wp-json\/wp\/v2\/users\/1"}],"replies":[{"embeddable":true,"href":"https:\/\/lesgravereaux.marret.co\/index.php\/wp-json\/wp\/v2\/comments?post=3102"}],"version-history":[{"count":0,"href":"https:\/\/lesgravereaux.marret.co\/index.php\/wp-json\/wp\/v2\/pages\/3102\/revisions"}],"up":[{"embeddable":true,"href":"https:\/\/lesgravereaux.marret.co\/index.php\/wp-json\/wp\/v2\/pages\/615"}],"wp:attachment":[{"href":"https:\/\/lesgravereaux.marret.co\/index.php\/wp-json\/wp\/v2\/media?parent=3102"}],"curies":[{"name":"wp","href":"https:\/\/api.w.org\/{rel}","templated":true}]}}