{"id":3070,"date":"2016-05-23T23:59:59","date_gmt":"2016-05-23T22:59:59","guid":{"rendered":"http:\/\/lesgravereaux.marret.co\/?page_id=3070"},"modified":"2016-06-12T16:20:27","modified_gmt":"2016-06-12T15:20:27","slug":"mai-1912-les-gravereaux-a-argenton","status":"publish","type":"page","link":"https:\/\/lesgravereaux.marret.co\/index.php\/les-etablissements-gravereaux\/argenton-la-sogec\/mai-1912-les-gravereaux-a-argenton\/","title":{"rendered":"mai 2012 &#8211; Les Gravereaux \u00e0 Argenton"},"content":{"rendered":"<p><a href=\"https:\/\/i0.wp.com\/lesgravereaux.marret.co\/wp-content\/uploads\/2016\/05\/2012-05-12-Argenton-VF004a_wp.jpg?ssl=1\"><img data-recalc-dims=\"1\" loading=\"lazy\" decoding=\"async\" data-attachment-id=\"3072\" data-permalink=\"https:\/\/lesgravereaux.marret.co\/index.php\/les-etablissements-gravereaux\/argenton-la-sogec\/mai-1912-les-gravereaux-a-argenton\/2012-05-12-argenton-vf004a_wp\/\" data-orig-file=\"https:\/\/i0.wp.com\/lesgravereaux.marret.co\/wp-content\/uploads\/2016\/05\/2012-05-12-Argenton-VF004a_wp.jpg?fit=1181%2C886&amp;ssl=1\" data-orig-size=\"1181,886\" data-comments-opened=\"1\" data-image-meta=\"{&quot;aperture&quot;:&quot;4.8&quot;,&quot;credit&quot;:&quot;&quot;,&quot;camera&quot;:&quot;DMC-FS30&quot;,&quot;caption&quot;:&quot;&quot;,&quot;created_timestamp&quot;:&quot;1336865142&quot;,&quot;copyright&quot;:&quot;&quot;,&quot;focal_length&quot;:&quot;19.5&quot;,&quot;iso&quot;:&quot;320&quot;,&quot;shutter_speed&quot;:&quot;0.02&quot;,&quot;title&quot;:&quot;&quot;,&quot;orientation&quot;:&quot;1&quot;}\" data-image-title=\"2012-05-12 Argenton (VF004a)_wp\" data-image-description=\"\" data-image-caption=\"\" data-medium-file=\"https:\/\/i0.wp.com\/lesgravereaux.marret.co\/wp-content\/uploads\/2016\/05\/2012-05-12-Argenton-VF004a_wp.jpg?fit=300%2C225&amp;ssl=1\" data-large-file=\"https:\/\/i0.wp.com\/lesgravereaux.marret.co\/wp-content\/uploads\/2016\/05\/2012-05-12-Argenton-VF004a_wp.jpg?fit=640%2C480&amp;ssl=1\" class=\"wp-image-3072 alignright\" src=\"https:\/\/i0.wp.com\/lesgravereaux.marret.co\/wp-content\/uploads\/2016\/05\/2012-05-12-Argenton-VF004a_wp.jpg?resize=251%2C188&#038;ssl=1\" alt=\"2012-05-12 Argenton (VF004a)_wp\" width=\"251\" height=\"188\" data-wp-pid=\"3072\" srcset=\"https:\/\/i0.wp.com\/lesgravereaux.marret.co\/wp-content\/uploads\/2016\/05\/2012-05-12-Argenton-VF004a_wp.jpg?resize=1024%2C768&amp;ssl=1 1024w, https:\/\/i0.wp.com\/lesgravereaux.marret.co\/wp-content\/uploads\/2016\/05\/2012-05-12-Argenton-VF004a_wp.jpg?resize=300%2C225&amp;ssl=1 300w, https:\/\/i0.wp.com\/lesgravereaux.marret.co\/wp-content\/uploads\/2016\/05\/2012-05-12-Argenton-VF004a_wp.jpg?resize=768%2C576&amp;ssl=1 768w, https:\/\/i0.wp.com\/lesgravereaux.marret.co\/wp-content\/uploads\/2016\/05\/2012-05-12-Argenton-VF004a_wp.jpg?resize=800%2C600&amp;ssl=1 800w, https:\/\/i0.wp.com\/lesgravereaux.marret.co\/wp-content\/uploads\/2016\/05\/2012-05-12-Argenton-VF004a_wp.jpg?resize=600%2C450&amp;ssl=1 600w, https:\/\/i0.wp.com\/lesgravereaux.marret.co\/wp-content\/uploads\/2016\/05\/2012-05-12-Argenton-VF004a_wp.jpg?w=1181&amp;ssl=1 1181w\" sizes=\"auto, (max-width: 251px) 100vw, 251px\" \/><\/a>Les descendants de Ren\u00e9 Gravereaux \u2013 l\u2019industriel \u00e0 l\u2019origine des \u00c9tablissements Gravereaux \u2013 et de Jean-Ren\u00e9 Gravereaux \u2013 celui qui a implant\u00e9 l\u2019entreprise \u00e0 Argenton-sur-Creuse et qui en a \u00e9t\u00e9 l\u2019\u00e2me pendant plus d\u2019un quart de si\u00e8cle \u2013 se retrouvent\u2026 Ils en profitent pour visiter \u2014 certains pour la premi\u00e8re fois \u2014 le Mus\u00e9e de la Chemiserie et de l&rsquo;\u00c9l\u00e9gance masculine.<\/p>\n<p>&nbsp;<\/p>\n<p>&nbsp;<\/p>\n","protected":false},"excerpt":{"rendered":"<p>Les descendants de Ren\u00e9 Gravereaux \u2013 l\u2019industriel \u00e0 l\u2019origine des \u00c9tablissements Gravereaux \u2013 et de Jean-Ren\u00e9 Gravereaux \u2013 celui qui a implant\u00e9 l\u2019entreprise \u00e0 Argenton-sur-Creuse et qui en a \u00e9t\u00e9 l\u2019\u00e2me pendant plus d\u2019un quart de si\u00e8cle \u2013 se retrouvent\u2026 &hellip; <a href=\"https:\/\/lesgravereaux.marret.co\/index.php\/les-etablissements-gravereaux\/argenton-la-sogec\/mai-1912-les-gravereaux-a-argenton\/\">Continuer la lecture <span class=\"meta-nav\">&rarr;<\/span><\/a><\/p>\n","protected":false},"author":1,"featured_media":0,"parent":2832,"menu_order":0,"comment_status":"closed","ping_status":"closed","template":"","meta":{"ngg_post_thumbnail":0,"jetpack_post_was_ever_published":false,"footnotes":""},"class_list":["post-3070","page","type-page","status-publish","hentry"],"jetpack_sharing_enabled":true,"jetpack_shortlink":"https:\/\/wp.me\/P7ERyi-Nw","jetpack-related-posts":[{"id":2832,"url":"https:\/\/lesgravereaux.marret.co\/index.php\/les-etablissements-gravereaux\/argenton-la-sogec\/","url_meta":{"origin":3070,"position":0},"title":"Argenton &#8211; La SOGEC","author":"marretgravereaux","date":"20 mai 2016","format":false,"excerpt":"ou les \u00c9tablissements Gravereaux dans la Creuse Les \u00c9tablissements Gravereaux faisaient affaire, d\u00e8s 1930, avec un fa\u00e7onnier, propri\u00e9taire de deux ateliers, \u00e0 Argenton et \u00e0 Levroux. En 1940, pr\u00e9voyant l\u2019arriv\u00e9e des Allemands en r\u00e9gion parisienne, Ren\u00e9 Gravereaux d\u00e9cide de transf\u00e9rer les produits finis et les tissus de l\u2019usine de Boulogne-sur-Seine\u2026","rel":"","context":"Article similaire","block_context":{"text":"Article similaire","link":""},"img":{"alt_text":"","src":"https:\/\/i0.wp.com\/lesgravereaux.marret.co\/wp-content\/uploads\/2017\/06\/Argenton-et-la-Creuse-01.jpg?resize=350%2C200","width":350,"height":200},"classes":[]},{"id":3110,"url":"https:\/\/lesgravereaux.marret.co\/index.php\/les-etablissements-gravereaux\/petite-chronologie\/","url_meta":{"origin":3070,"position":1},"title":"Petite chronologie","author":"marretgravereaux","date":"24 mai 2016","format":false,"excerpt":"1910 (21 juin) Gaston Chastel et Ren\u00e9 Gravereaux cr\u00e9ent une soci\u00e9t\u00e9 en nom collectif. Ren\u00e9 Gravereaux apporte 150\u00a0000\u00a0francs et Gaston Chastel 370\u00a0000\u00a0francs. Cette entreprise - dont le si\u00e8ge social est situ\u00e9 rue du faubourg Poissonni\u00e8re - est sp\u00e9cialis\u00e9e dans la fabrication de faux-cols, manchettes, et autres articles de lingerie, ainsi\u2026","rel":"","context":"Article similaire","block_context":{"text":"Article similaire","link":""},"img":{"alt_text":"R Gravereaux - Lettre-re\u00e7u (en-t\u00eate)_wp","src":"https:\/\/i0.wp.com\/lesgravereaux.marret.co\/wp-content\/uploads\/2016\/05\/R-Gravereaux-Lettre-re%C3%A7u-en-t%C3%AAte_wp.jpg?resize=350%2C200","width":350,"height":200},"classes":[]},{"id":6107,"url":"https:\/\/lesgravereaux.marret.co\/index.php\/les-etablissements-gravereaux\/argenton-la-sogec\/argenton-la-nouvelle-usine-des-baignettes\/","url_meta":{"origin":3070,"position":2},"title":"Argenton &#8211; La nouvelle usine des Baignettes","author":"marretgravereaux","date":"4 mars 2019","format":false,"excerpt":"Une construction esth\u00e9tique et fonctionnelle L'usine des \u00c9tablissements GRAVEREAUX \u00e0 Argenton-sur-Creuse (Indre) \u00a0\u00a0 Architecte\u00a0: Michel BODIN Extrait d'article de revue La construction \u00e0 Argenton-sur-Creuse de la nouvelle usine des \u00c9tablissements GRAVEREAUX repr\u00e9sente une nouvelle \u00e9tape de l'expansion d'une firme ancienne qui, sp\u00e9cialis\u00e9e \u00e0 l'origine dans la fabrication des faux-cols, a\u2026","rel":"","context":"Article similaire","block_context":{"text":"Article similaire","link":""},"img":{"alt_text":"","src":"https:\/\/i0.wp.com\/lesgravereaux.marret.co\/wp-content\/uploads\/2019\/03\/Usine-des-Baignettes-Dessin-2a_wp.jpg?resize=350%2C200","width":350,"height":200},"classes":[]},{"id":3062,"url":"https:\/\/lesgravereaux.marret.co\/index.php\/les-etablissements-gravereaux\/argenton-la-sogec\/30-juillet-1967-depart-de-jean-rene-gravereaux\/","url_meta":{"origin":3070,"position":3},"title":"30 juillet 1967 &#8211; D\u00e9part de Jean-Ren\u00e9 Gravereaux","author":"marretgravereaux","date":"23 mai 2016","format":false,"excerpt":"Les \u00c9tablissements Gravereaux sont vendus \u2013 pour 1\u00a0franc symbolique \u2013 \u00e0 Boussac. La SOGEC dispara\u00eet et celui qui a \u00e9t\u00e9 l\u2019\u00e2me des deux \u00e0 Argenton s\u2019en va, apr\u00e8s plus d\u2019un quart de si\u00e8cle dans la vie locale\u2026 La presse est l\u00e0 pour ce dernier moment. Remise de d\u00e9corations et d\u00e9part\u2026","rel":"","context":"Article similaire","block_context":{"text":"Article similaire","link":""},"img":{"alt_text":"1967 La Nouvelle Republique_wp","src":"https:\/\/i0.wp.com\/lesgravereaux.marret.co\/wp-content\/uploads\/2016\/05\/1967-La-Nouvelle-Republique_wp-610x1024.jpg?resize=350%2C200","width":350,"height":200},"classes":[]},{"id":2990,"url":"https:\/\/lesgravereaux.marret.co\/index.php\/les-etablissements-gravereaux\/argenton-la-sogec\/28-septembre-1964-inauguration-de-lusine-aux-baignettes\/","url_meta":{"origin":3070,"position":4},"title":"28 septembre 1964 &#8211; Inauguration de l&rsquo;usine aux Baignettes","author":"marretgravereaux","date":"22 mai 2016","format":false,"excerpt":"En 1957, les \u00c9tablissements Gravereaux d\u00e9cident de regrouper leurs divers ateliers et projettent la construction d\u2019une nouvelle usine \u00e0 Argenton-sur-Creuse, dans le quartier des Baignettes. Mais ce n\u2019est qu\u2019en 1963-1964 que celle-ci sera b\u00e2tie. L\u2019inauguration, en grande pompe, est pr\u00e9vue pour le 28 septembre 1964. Plusieurs invit\u00e9s sp\u00e9ciaux doivent venir\u2026","rel":"","context":"Article similaire","block_context":{"text":"Article similaire","link":""},"img":{"alt_text":"1964-09-21 Ets Gr - Invitation_wp","src":"https:\/\/i0.wp.com\/lesgravereaux.marret.co\/wp-content\/uploads\/2016\/05\/1964-09-21-Ets-Gr-Invitation_wp-782x1024.jpg?resize=350%2C200","width":350,"height":200},"classes":[]},{"id":2922,"url":"https:\/\/lesgravereaux.marret.co\/index.php\/les-etablissements-gravereaux\/les-produits-des-etablissements-gravereaux\/babyfil\/babyfil-a-cholet\/","url_meta":{"origin":3070,"position":5},"title":"Babyfil&#8230; \u00e0 Cholet","author":"marretgravereaux","date":"21 mai 2016","format":false,"excerpt":"Le Mus\u00e9e du Textile de Cholet tenait, du 3\u00a0d\u00e9cembre 2011 au 18 mars 2012, une exposition sur la mode enfantine sous le th\u00e8me \u00ab\u00a0\u00c0 fleur de peau\u00a0\u00bb. \u00c0 cette occasion et en collaboration avec le Mus\u00e9e de la Chemiserie et de l'\u00c9l\u00e9gance masculine d\u2019Argenton-sur-Creuse, il pr\u00e9sentait quelques produits et documents\u2026","rel":"","context":"Article similaire","block_context":{"text":"Article similaire","link":""},"img":{"alt_text":"\u00c0 fleur de peau - carte exposition_wp","src":"https:\/\/i0.wp.com\/lesgravereaux.marret.co\/wp-content\/uploads\/2016\/05\/%C3%80-fleur-de-peau-carte-exposition_wp.jpg?resize=350%2C200","width":350,"height":200},"classes":[]}],"_links":{"self":[{"href":"https:\/\/lesgravereaux.marret.co\/index.php\/wp-json\/wp\/v2\/pages\/3070","targetHints":{"allow":["GET"]}}],"collection":[{"href":"https:\/\/lesgravereaux.marret.co\/index.php\/wp-json\/wp\/v2\/pages"}],"about":[{"href":"https:\/\/lesgravereaux.marret.co\/index.php\/wp-json\/wp\/v2\/types\/page"}],"author":[{"embeddable":true,"href":"https:\/\/lesgravereaux.marret.co\/index.php\/wp-json\/wp\/v2\/users\/1"}],"replies":[{"embeddable":true,"href":"https:\/\/lesgravereaux.marret.co\/index.php\/wp-json\/wp\/v2\/comments?post=3070"}],"version-history":[{"count":0,"href":"https:\/\/lesgravereaux.marret.co\/index.php\/wp-json\/wp\/v2\/pages\/3070\/revisions"}],"up":[{"embeddable":true,"href":"https:\/\/lesgravereaux.marret.co\/index.php\/wp-json\/wp\/v2\/pages\/2832"}],"wp:attachment":[{"href":"https:\/\/lesgravereaux.marret.co\/index.php\/wp-json\/wp\/v2\/media?parent=3070"}],"curies":[{"name":"wp","href":"https:\/\/api.w.org\/{rel}","templated":true}]}}