{"id":3062,"date":"2016-05-23T22:50:18","date_gmt":"2016-05-23T21:50:18","guid":{"rendered":"http:\/\/lesgravereaux.marret.co\/?page_id=3062"},"modified":"2016-06-12T15:20:06","modified_gmt":"2016-06-12T14:20:06","slug":"30-juillet-1967-depart-de-jean-rene-gravereaux","status":"publish","type":"page","link":"https:\/\/lesgravereaux.marret.co\/index.php\/les-etablissements-gravereaux\/argenton-la-sogec\/30-juillet-1967-depart-de-jean-rene-gravereaux\/","title":{"rendered":"30 juillet 1967 &#8211; D\u00e9part de Jean-Ren\u00e9 Gravereaux"},"content":{"rendered":"<p>Les \u00c9tablissements Gravereaux sont vendus \u2013 pour 1\u00a0franc symbolique \u2013 \u00e0 Boussac. La SOGEC dispara\u00eet et celui qui a \u00e9t\u00e9 l\u2019\u00e2me des deux \u00e0 Argenton s\u2019en va, apr\u00e8s plus d\u2019un quart de si\u00e8cle dans la vie locale\u2026 La presse est l\u00e0 pour ce dernier moment.<\/p>\n<p><a href=\"https:\/\/i0.wp.com\/lesgravereaux.marret.co\/wp-content\/uploads\/2016\/05\/1967-La-Nouvelle-Republique_wp.jpg?ssl=1\"><img data-recalc-dims=\"1\" loading=\"lazy\" decoding=\"async\" data-attachment-id=\"3061\" data-permalink=\"https:\/\/lesgravereaux.marret.co\/index.php\/les-etablissements-gravereaux\/argenton-la-sogec\/30-juillet-1967-depart-de-jean-rene-gravereaux\/1967-la-nouvelle-republique_wp\/\" data-orig-file=\"https:\/\/i0.wp.com\/lesgravereaux.marret.co\/wp-content\/uploads\/2016\/05\/1967-La-Nouvelle-Republique_wp.jpg?fit=703%2C1181&amp;ssl=1\" data-orig-size=\"703,1181\" data-comments-opened=\"1\" data-image-meta=\"{&quot;aperture&quot;:&quot;0&quot;,&quot;credit&quot;:&quot;&quot;,&quot;camera&quot;:&quot;&quot;,&quot;caption&quot;:&quot;&quot;,&quot;created_timestamp&quot;:&quot;0&quot;,&quot;copyright&quot;:&quot;&quot;,&quot;focal_length&quot;:&quot;0&quot;,&quot;iso&quot;:&quot;0&quot;,&quot;shutter_speed&quot;:&quot;0&quot;,&quot;title&quot;:&quot;&quot;,&quot;orientation&quot;:&quot;1&quot;}\" data-image-title=\"1967 La Nouvelle Republique_wp\" data-image-description=\"\" data-image-caption=\"\" data-medium-file=\"https:\/\/i0.wp.com\/lesgravereaux.marret.co\/wp-content\/uploads\/2016\/05\/1967-La-Nouvelle-Republique_wp.jpg?fit=179%2C300&amp;ssl=1\" data-large-file=\"https:\/\/i0.wp.com\/lesgravereaux.marret.co\/wp-content\/uploads\/2016\/05\/1967-La-Nouvelle-Republique_wp.jpg?fit=610%2C1024&amp;ssl=1\" class=\"wp-image-3061 alignright\" src=\"https:\/\/i0.wp.com\/lesgravereaux.marret.co\/wp-content\/uploads\/2016\/05\/1967-La-Nouvelle-Republique_wp.jpg?resize=270%2C453&#038;ssl=1\" alt=\"1967 La Nouvelle Republique_wp\" width=\"270\" height=\"453\" data-wp-pid=\"3061\" srcset=\"https:\/\/i0.wp.com\/lesgravereaux.marret.co\/wp-content\/uploads\/2016\/05\/1967-La-Nouvelle-Republique_wp.jpg?resize=610%2C1024&amp;ssl=1 610w, https:\/\/i0.wp.com\/lesgravereaux.marret.co\/wp-content\/uploads\/2016\/05\/1967-La-Nouvelle-Republique_wp.jpg?resize=179%2C300&amp;ssl=1 179w, https:\/\/i0.wp.com\/lesgravereaux.marret.co\/wp-content\/uploads\/2016\/05\/1967-La-Nouvelle-Republique_wp.jpg?resize=357%2C600&amp;ssl=1 357w, https:\/\/i0.wp.com\/lesgravereaux.marret.co\/wp-content\/uploads\/2016\/05\/1967-La-Nouvelle-Republique_wp.jpg?w=703&amp;ssl=1 703w\" sizes=\"auto, (max-width: 270px) 100vw, 270px\" \/><\/a><strong>Remise de d\u00e9corations et d\u00e9part de M. GRAVERAUX \u00e0 la SOGEC<\/strong><\/p>\n<p>Une touchante manifestation a marqu\u00e9, vendredi dernier, \u00e0 l&rsquo;usine de la Soci\u00e9t\u00e9 SOGEC, le d\u00e9part de M.\u00a0Jean-Ren\u00e9 Gravereaux, et la remise de dipl\u00f4mes et m\u00e9dailles aux ouvri\u00e8res d\u00e9cor\u00e9es de la m\u00e9daille d&rsquo;honneur du travail.<\/p>\n<p>Tout le personnel \u00e9tait r\u00e9uni, ainsi que les cadres, autour de M. et Mme Jean-Ren\u00e9 Gravereaux.<\/p>\n<p>Dans une <a href=\"https:\/\/lesgravereaux.marret.co\/index.php\/30-juillet-1967-discours-de-jean-rene-gravereaux\/\">allocution<\/a>, ce dernier a rappel\u00e9 les d\u00e9buts de cette industrie, en juillet 1940, dans un petit local, rue Grande, pr\u00e8s du Vieux Pont, et ensuite rue Rosette et rue Charles-Brillault, et voil\u00e0 quelques ann\u00e9es, aux Baignettes.<\/p>\n<p style=\"padding-left: 30px;\">\u00ab\u00a0D\u00e8s le d\u00e9but de 1967, je me suis rendu compte que ma famille ne pouvait rester \u00e0 la t\u00eate de cette affaire, mais qu&rsquo;il fallait que ce qui avait \u00e9t\u00e9 construit soit maintenu.<\/p>\n<p style=\"padding-left: 30px;\">\u00ab\u00a0J&rsquo;ai donc cherch\u00e9, en faisant abstraction de mes int\u00e9r\u00eats, \u00e0 en passer la direction \u00e0 une affaire puissante qui pourrait maintenir ce que nous pouvions continuer \u00e0 diriger.<\/p>\n<p style=\"padding-left: 30px;\">\u00ab\u00a0J&rsquo;ai lutt\u00e9 ainsi jour apr\u00e8s jour pour qu&rsquo;il en soit ainsi et je dois vous dire que si je suis terriblement triste aujourd&rsquo;hui en vous quittant, j&rsquo;ai la ferme conviction que la situation adopt\u00e9e et r\u00e9alis\u00e9e est la meilleure.<\/p>\n<p style=\"padding-left: 30px;\">\u00ab\u00a0Elle sauvegarde le travail dans cette usine, dans ce pays, et je ne regrette rien puisqu&rsquo;il ne pouvait y avoir une issue meilleure.\u00a0\u00bb<\/p>\n<p>Au nom du personnel, une ouvri\u00e8re a r\u00e9pondu en ces termes \u00e0 l&rsquo;allocution de M.\u00a0Gravereaux\u00a0:<\/p>\n<p style=\"padding-left: 30px;\">\u00ab\u00a0C&rsquo;est avec beaucoup d&rsquo;\u00e9motion que nous assistons ce soir \u00e0 cette r\u00e9union, c&rsquo;est une page de notre vie que nous tournons ensemble.<\/p>\n<p style=\"padding-left: 30px;\">\u00ab\u00a0Mais avant de nous s\u00e9parer, je veux souligner l&rsquo;\u00e9lan, l&rsquo;\u00e9largissement et la libert\u00e9 d&rsquo;esprit que vous avez inculqu\u00e9s dans cette maison ainsi que l&rsquo;\u00e9laboration des premi\u00e8res bases tendant \u00e0 affirmer notre profession.<\/p>\n<p style=\"padding-left: 30px;\">\u00ab\u00a0Je crois me faire l&rsquo;interpr\u00e8te du personnel pour vous dire combien nous regrettons votre d\u00e9part et nous vous remercions du souci que vous avez eu de la sauvegarde de notre avenir.\u00a0\u00bb<\/p>\n<p>Ce fut ensuite la remise des dipl\u00f4mes et m\u00e9dailles aux d\u00e9cor\u00e9es de la m\u00e9daille du travail.<\/p>\n<p>Les d\u00e9cor\u00e9es et retrait\u00e9es re\u00e7urent ensuite enveloppe et fleurs.<\/p>\n<p>Mlle\u00a0Vergne, au nom de tout le personnel, remit \u00e0 M.\u00a0Jean-Ren\u00e9 Gravereaux, un magnifique pr\u00e9sent, tandis que Mlle\u00a0Bruneau offrait \u00e0 Mme\u00a0Gravereaux des fleurs.<\/p>\n<p>Un vin d\u2019honneur cl\u00f4tura cette r\u00e9union.<\/p>\n","protected":false},"excerpt":{"rendered":"<p>Les \u00c9tablissements Gravereaux sont vendus \u2013 pour 1\u00a0franc symbolique \u2013 \u00e0 Boussac. La SOGEC dispara\u00eet et celui qui a \u00e9t\u00e9 l\u2019\u00e2me des deux \u00e0 Argenton s\u2019en va, apr\u00e8s plus d\u2019un quart de si\u00e8cle dans la vie locale\u2026 La presse est &hellip; <a href=\"https:\/\/lesgravereaux.marret.co\/index.php\/les-etablissements-gravereaux\/argenton-la-sogec\/30-juillet-1967-depart-de-jean-rene-gravereaux\/\">Continuer la lecture <span class=\"meta-nav\">&rarr;<\/span><\/a><\/p>\n","protected":false},"author":1,"featured_media":0,"parent":2832,"menu_order":0,"comment_status":"closed","ping_status":"closed","template":"","meta":{"ngg_post_thumbnail":0,"jetpack_post_was_ever_published":false,"footnotes":""},"class_list":["post-3062","page","type-page","status-publish","hentry"],"jetpack_sharing_enabled":true,"jetpack_shortlink":"https:\/\/wp.me\/P7ERyi-No","jetpack-related-posts":[{"id":2832,"url":"https:\/\/lesgravereaux.marret.co\/index.php\/les-etablissements-gravereaux\/argenton-la-sogec\/","url_meta":{"origin":3062,"position":0},"title":"Argenton &#8211; La SOGEC","author":"marretgravereaux","date":"20 mai 2016","format":false,"excerpt":"ou les \u00c9tablissements Gravereaux dans la Creuse Les \u00c9tablissements Gravereaux faisaient affaire, d\u00e8s 1930, avec un fa\u00e7onnier, propri\u00e9taire de deux ateliers, \u00e0 Argenton et \u00e0 Levroux. En 1940, pr\u00e9voyant l\u2019arriv\u00e9e des Allemands en r\u00e9gion parisienne, Ren\u00e9 Gravereaux d\u00e9cide de transf\u00e9rer les produits finis et les tissus de l\u2019usine de Boulogne-sur-Seine\u2026","rel":"","context":"Article similaire","block_context":{"text":"Article similaire","link":""},"img":{"alt_text":"","src":"https:\/\/i0.wp.com\/lesgravereaux.marret.co\/wp-content\/uploads\/2017\/06\/Argenton-et-la-Creuse-01.jpg?resize=350%2C200","width":350,"height":200},"classes":[]},{"id":3070,"url":"https:\/\/lesgravereaux.marret.co\/index.php\/les-etablissements-gravereaux\/argenton-la-sogec\/mai-1912-les-gravereaux-a-argenton\/","url_meta":{"origin":3062,"position":1},"title":"mai 2012 &#8211; Les Gravereaux \u00e0 Argenton","author":"marretgravereaux","date":"23 mai 2016","format":false,"excerpt":"Les descendants de Ren\u00e9 Gravereaux \u2013 l\u2019industriel \u00e0 l\u2019origine des \u00c9tablissements Gravereaux \u2013 et de Jean-Ren\u00e9 Gravereaux \u2013 celui qui a implant\u00e9 l\u2019entreprise \u00e0 Argenton-sur-Creuse et qui en a \u00e9t\u00e9 l\u2019\u00e2me pendant plus d\u2019un quart de si\u00e8cle \u2013 se retrouvent\u2026 Ils en profitent pour visiter \u2014 certains pour la premi\u00e8re\u2026","rel":"","context":"Article similaire","block_context":{"text":"Article similaire","link":""},"img":{"alt_text":"2012-05-12 Argenton (VF004a)_wp","src":"https:\/\/i0.wp.com\/lesgravereaux.marret.co\/wp-content\/uploads\/2016\/05\/2012-05-12-Argenton-VF004a_wp-1024x768.jpg?resize=350%2C200","width":350,"height":200},"classes":[]},{"id":2990,"url":"https:\/\/lesgravereaux.marret.co\/index.php\/les-etablissements-gravereaux\/argenton-la-sogec\/28-septembre-1964-inauguration-de-lusine-aux-baignettes\/","url_meta":{"origin":3062,"position":2},"title":"28 septembre 1964 &#8211; Inauguration de l&rsquo;usine aux Baignettes","author":"marretgravereaux","date":"22 mai 2016","format":false,"excerpt":"En 1957, les \u00c9tablissements Gravereaux d\u00e9cident de regrouper leurs divers ateliers et projettent la construction d\u2019une nouvelle usine \u00e0 Argenton-sur-Creuse, dans le quartier des Baignettes. Mais ce n\u2019est qu\u2019en 1963-1964 que celle-ci sera b\u00e2tie. L\u2019inauguration, en grande pompe, est pr\u00e9vue pour le 28 septembre 1964. Plusieurs invit\u00e9s sp\u00e9ciaux doivent venir\u2026","rel":"","context":"Article similaire","block_context":{"text":"Article similaire","link":""},"img":{"alt_text":"1964-09-21 Ets Gr - Invitation_wp","src":"https:\/\/i0.wp.com\/lesgravereaux.marret.co\/wp-content\/uploads\/2016\/05\/1964-09-21-Ets-Gr-Invitation_wp-782x1024.jpg?resize=350%2C200","width":350,"height":200},"classes":[]},{"id":1204,"url":"https:\/\/lesgravereaux.marret.co\/index.php\/les-etablissements-gravereaux\/les-produits-des-etablissements-gravereaux\/babyfil\/une-exposition-babyfil\/","url_meta":{"origin":3062,"position":3},"title":"Une exposition Babyfil","author":"marretgravereaux","date":"18 mars 2016","format":false,"excerpt":"En 2013, le Mus\u00e9e de la Chemiserie et de l'\u00c9l\u00e9gance masculine d'Argenton-sur-Creuse a mis \u00e0 l'honneur les produits Babyfil - la principale marque de mode enfantine des \u00c9tablissements Gravereaux \u2013 en y tenant une exposition. Babyfil, une mode enfantine argentonnaise La SOGEC, entreprise de confection dirig\u00e9e par Jean-Ren\u00e9 Gravereaux, est\u2026","rel":"","context":"Dans &quot;Les \u00c9tablissements Gravereaux&quot;","block_context":{"text":"Les \u00c9tablissements Gravereaux","link":"https:\/\/lesgravereaux.marret.co\/index.php\/category\/les-etablissements-gravereaux\/"},"img":{"alt_text":"Babyfil affiche-3_wp","src":"https:\/\/i0.wp.com\/lesgravereaux.marret.co\/wp-content\/uploads\/2016\/07\/Babyfil-affiche-3_wp-692x1024.jpg?resize=350%2C200","width":350,"height":200},"classes":[]},{"id":3008,"url":"https:\/\/lesgravereaux.marret.co\/index.php\/les-etablissements-gravereaux\/argenton-la-sogec\/sogec-le-livret-dentreprise\/","url_meta":{"origin":3062,"position":4},"title":"SOGEC &#8211; Le livret d&rsquo;entreprise","author":"marretgravereaux","date":"22 mai 2016","format":false,"excerpt":"Dans les ann\u00e9es 1960, la SOGEC distribuait aux nouveaux employ\u00e9s un livret qui leur pr\u00e9sentait l\u2019entreprise, leur fournissait de multiples informations sur le fonctionnement de celle-ci et les services dont ils pourraient disposer. Les diff\u00e9rentes t\u00eates de chapitre du fascicule\u00a0Livret Votre entreprise (Sogec)\u00a0donnent une id\u00e9e du mode de gestion des\u2026","rel":"","context":"Article similaire","block_context":{"text":"Article similaire","link":""},"img":{"alt_text":"SOGEC Votre entreprise c00 - OG1535_wp","src":"https:\/\/i0.wp.com\/lesgravereaux.marret.co\/wp-content\/uploads\/2016\/05\/SOGEC-Votre-entreprise-c00-OG1535_wp-1024x642.jpg?resize=350%2C200","width":350,"height":200},"classes":[]},{"id":3909,"url":"https:\/\/lesgravereaux.marret.co\/index.php\/les-etablissements-gravereaux\/argenton-la-sogec\/avril-1958-promotion-a-argenton\/","url_meta":{"origin":3062,"position":5},"title":"avril 1958 &#8211; Promotion \u00e0 Argenton","author":"marretgravereaux","date":"22 juin 2016","format":false,"excerpt":"En avril 1958, les \u00c9tablissements Gravereaux organisent une journ\u00e9e de promotion dans leur usine d\u2019Argenton. Celle-ci se d\u00e9roule autour de six activit\u00e9s : L'accueil, propice \u00e0 des\u00a0rencontres Une\u00a0visite\u00a0de l\u2019usine La promotion des produits des \u00c9tablissements Gravereaux Leur pr\u00e9sentation Un\u00a0d\u00e9fil\u00e9\u00a0de mode Des\u00a0repas Les photos pr\u00e9sent\u00e9es ici proviennent, pour la plupart, des\u2026","rel":"","context":"Article similaire","block_context":{"text":"Article similaire","link":""},"img":{"alt_text":"EtsGrA-OG(MdlC)1629w_wp","src":"https:\/\/i0.wp.com\/lesgravereaux.marret.co\/wp-content\/uploads\/2016\/05\/EtsGrA-OGMdlC1629w_wp.jpg?resize=350%2C200","width":350,"height":200},"classes":[]}],"_links":{"self":[{"href":"https:\/\/lesgravereaux.marret.co\/index.php\/wp-json\/wp\/v2\/pages\/3062","targetHints":{"allow":["GET"]}}],"collection":[{"href":"https:\/\/lesgravereaux.marret.co\/index.php\/wp-json\/wp\/v2\/pages"}],"about":[{"href":"https:\/\/lesgravereaux.marret.co\/index.php\/wp-json\/wp\/v2\/types\/page"}],"author":[{"embeddable":true,"href":"https:\/\/lesgravereaux.marret.co\/index.php\/wp-json\/wp\/v2\/users\/1"}],"replies":[{"embeddable":true,"href":"https:\/\/lesgravereaux.marret.co\/index.php\/wp-json\/wp\/v2\/comments?post=3062"}],"version-history":[{"count":0,"href":"https:\/\/lesgravereaux.marret.co\/index.php\/wp-json\/wp\/v2\/pages\/3062\/revisions"}],"up":[{"embeddable":true,"href":"https:\/\/lesgravereaux.marret.co\/index.php\/wp-json\/wp\/v2\/pages\/2832"}],"wp:attachment":[{"href":"https:\/\/lesgravereaux.marret.co\/index.php\/wp-json\/wp\/v2\/media?parent=3062"}],"curies":[{"name":"wp","href":"https:\/\/api.w.org\/{rel}","templated":true}]}}