{"id":3038,"date":"2016-05-23T15:39:35","date_gmt":"2016-05-23T14:39:35","guid":{"rendered":"http:\/\/lesgravereaux.marret.co\/?page_id=3038"},"modified":"2024-04-24T16:44:40","modified_gmt":"2024-04-24T15:44:40","slug":"documents-promotionnels","status":"publish","type":"page","link":"https:\/\/lesgravereaux.marret.co\/index.php\/les-etablissements-gravereaux\/documents-promotionnels\/","title":{"rendered":"Documents promotionnels"},"content":{"rendered":"<p>L\u2019inauguration d\u2019une nouvelle usine \u00e2 Argenton, dans le quartier des Baignettes, marque une nouvelle \u00e9tape pour la Maison Gravereaux. \u00c0 cette occasion, ils&nbsp;publient et diffusent deux nouveaux documents promotionnels&nbsp;:<\/p>\n<p><a href=\"https:\/\/i0.wp.com\/lesgravereaux.marret.co\/wp-content\/uploads\/2016\/03\/1964-EtsGr-Broch-c1-OG1222v2_wp.jpg?ssl=1\"><img data-recalc-dims=\"1\" loading=\"lazy\" decoding=\"async\" data-attachment-id=\"515\" data-permalink=\"https:\/\/lesgravereaux.marret.co\/index.php\/les-etablissements-gravereaux\/documents-promotionnels\/1964-etsgr-broch-c1-og1222v2_wp\/\" data-orig-file=\"https:\/\/i0.wp.com\/lesgravereaux.marret.co\/wp-content\/uploads\/2016\/03\/1964-EtsGr-Broch-c1-OG1222v2_wp.jpg?fit=1575%2C1911&amp;ssl=1\" data-orig-size=\"1575,1911\" data-comments-opened=\"1\" data-image-meta=\"{&quot;aperture&quot;:&quot;0&quot;,&quot;credit&quot;:&quot;&quot;,&quot;camera&quot;:&quot;&quot;,&quot;caption&quot;:&quot;&quot;,&quot;created_timestamp&quot;:&quot;0&quot;,&quot;copyright&quot;:&quot;&quot;,&quot;focal_length&quot;:&quot;0&quot;,&quot;iso&quot;:&quot;0&quot;,&quot;shutter_speed&quot;:&quot;0&quot;,&quot;title&quot;:&quot;&quot;,&quot;orientation&quot;:&quot;1&quot;}\" data-image-title=\"1964 EtsGr &amp;#8211; Broch c1 &amp;#8211; OG1222v2_wp\" data-image-description=\"\" data-image-caption=\"\" data-medium-file=\"https:\/\/i0.wp.com\/lesgravereaux.marret.co\/wp-content\/uploads\/2016\/03\/1964-EtsGr-Broch-c1-OG1222v2_wp.jpg?fit=247%2C300&amp;ssl=1\" data-large-file=\"https:\/\/i0.wp.com\/lesgravereaux.marret.co\/wp-content\/uploads\/2016\/03\/1964-EtsGr-Broch-c1-OG1222v2_wp.jpg?fit=640%2C776&amp;ssl=1\" class=\"wp-image-515 alignright\" src=\"https:\/\/i0.wp.com\/lesgravereaux.marret.co\/wp-content\/uploads\/2016\/03\/1964-EtsGr-Broch-c1-OG1222v2_wp.jpg?resize=150%2C182&#038;ssl=1\" alt=\"1964 EtsGr - Broch c1 - OG1222v2_wp\" width=\"150\" height=\"182\" data-wp-pid=\"515\" srcset=\"https:\/\/i0.wp.com\/lesgravereaux.marret.co\/wp-content\/uploads\/2016\/03\/1964-EtsGr-Broch-c1-OG1222v2_wp.jpg?resize=844%2C1024&amp;ssl=1 844w, https:\/\/i0.wp.com\/lesgravereaux.marret.co\/wp-content\/uploads\/2016\/03\/1964-EtsGr-Broch-c1-OG1222v2_wp.jpg?resize=247%2C300&amp;ssl=1 247w, https:\/\/i0.wp.com\/lesgravereaux.marret.co\/wp-content\/uploads\/2016\/03\/1964-EtsGr-Broch-c1-OG1222v2_wp.jpg?resize=768%2C932&amp;ssl=1 768w, https:\/\/i0.wp.com\/lesgravereaux.marret.co\/wp-content\/uploads\/2016\/03\/1964-EtsGr-Broch-c1-OG1222v2_wp.jpg?resize=800%2C971&amp;ssl=1 800w, https:\/\/i0.wp.com\/lesgravereaux.marret.co\/wp-content\/uploads\/2016\/03\/1964-EtsGr-Broch-c1-OG1222v2_wp.jpg?resize=495%2C600&amp;ssl=1 495w, https:\/\/i0.wp.com\/lesgravereaux.marret.co\/wp-content\/uploads\/2016\/03\/1964-EtsGr-Broch-c1-OG1222v2_wp.jpg?w=1575&amp;ssl=1 1575w, https:\/\/i0.wp.com\/lesgravereaux.marret.co\/wp-content\/uploads\/2016\/03\/1964-EtsGr-Broch-c1-OG1222v2_wp.jpg?w=1280&amp;ssl=1 1280w\" sizes=\"auto, (max-width: 150px) 100vw, 150px\" \/><\/a><\/p>\n<p>Une brochure g\u00e9n\u00e9rale sur <a href=\"https:\/\/lesgravereaux.marret.co\/wp-content\/uploads\/2016\/05\/1964-Ets-Gravereaux-Brochure-promotionnelle.pdf\">Les \u00c9tablissements R. Gravereaux<\/a>, montrant son histoire, son \u00e9volution depuis 1910 et son adaptation au contexte moderne.<br \/>\n<a href=\"https:\/\/i0.wp.com\/lesgravereaux.marret.co\/wp-content\/uploads\/2016\/05\/Triplefil-Histoire-dune-chemise-p1_wp.jpg?ssl=1\"><img data-recalc-dims=\"1\" loading=\"lazy\" decoding=\"async\" data-attachment-id=\"3030\" data-permalink=\"https:\/\/lesgravereaux.marret.co\/index.php\/les-etablissements-gravereaux\/documents-promotionnels\/triplefil-histoire-dune-chemise-p1_wp\/\" data-orig-file=\"https:\/\/i0.wp.com\/lesgravereaux.marret.co\/wp-content\/uploads\/2016\/05\/Triplefil-Histoire-dune-chemise-p1_wp.jpg?fit=886%2C1004&amp;ssl=1\" data-orig-size=\"886,1004\" data-comments-opened=\"1\" data-image-meta=\"{&quot;aperture&quot;:&quot;0&quot;,&quot;credit&quot;:&quot;&quot;,&quot;camera&quot;:&quot;&quot;,&quot;caption&quot;:&quot;&quot;,&quot;created_timestamp&quot;:&quot;0&quot;,&quot;copyright&quot;:&quot;&quot;,&quot;focal_length&quot;:&quot;0&quot;,&quot;iso&quot;:&quot;0&quot;,&quot;shutter_speed&quot;:&quot;0&quot;,&quot;title&quot;:&quot;&quot;,&quot;orientation&quot;:&quot;1&quot;}\" data-image-title=\"Triplefil &amp;#8211; Histoire d&amp;rsquo;une chemise p1_wp\" data-image-description=\"\" data-image-caption=\"\" data-medium-file=\"https:\/\/i0.wp.com\/lesgravereaux.marret.co\/wp-content\/uploads\/2016\/05\/Triplefil-Histoire-dune-chemise-p1_wp.jpg?fit=265%2C300&amp;ssl=1\" data-large-file=\"https:\/\/i0.wp.com\/lesgravereaux.marret.co\/wp-content\/uploads\/2016\/05\/Triplefil-Histoire-dune-chemise-p1_wp.jpg?fit=640%2C725&amp;ssl=1\" class=\"wp-image-3030 alignleft\" src=\"https:\/\/i0.wp.com\/lesgravereaux.marret.co\/wp-content\/uploads\/2016\/05\/Triplefil-Histoire-dune-chemise-p1_wp.jpg?resize=150%2C182&#038;ssl=1\" alt=\"Triplefil - Histoire d'une chemise p1_wp\" width=\"150\" height=\"182\" data-wp-pid=\"3030\"><\/a><\/p>\n<p>Un d\u00e9pliant promotionnel <a href=\"https:\/\/lesgravereaux.marret.co\/wp-content\/uploads\/2016\/05\/1964v-Histoire-dune-chemise.pdf\">L&rsquo;histoire d&rsquo;une chemise<\/a> pr\u00e9sentant la chemise Triplefil, en tissu Rilsan, et les moyens mis en \u0153uvre pour sa commercialisation. Cette brochure s\u2019adresse principalement aux d\u00e9taillants.<\/p>\n","protected":false},"excerpt":{"rendered":"<p>L\u2019inauguration d\u2019une nouvelle usine \u00e2 Argenton, dans le quartier des Baignettes, marque une nouvelle \u00e9tape pour la Maison Gravereaux. \u00c0 cette occasion, ils&nbsp;publient et diffusent deux nouveaux documents promotionnels&nbsp;: Une brochure g\u00e9n\u00e9rale sur Les \u00c9tablissements R. Gravereaux, montrant son histoire, &hellip; <a href=\"https:\/\/lesgravereaux.marret.co\/index.php\/les-etablissements-gravereaux\/documents-promotionnels\/\">Continuer la lecture <span class=\"meta-nav\">&rarr;<\/span><\/a><\/p>\n","protected":false},"author":1,"featured_media":0,"parent":615,"menu_order":0,"comment_status":"closed","ping_status":"closed","template":"","meta":{"ngg_post_thumbnail":0,"jetpack_post_was_ever_published":false,"footnotes":""},"class_list":["post-3038","page","type-page","status-publish","hentry"],"jetpack_sharing_enabled":true,"jetpack_shortlink":"https:\/\/wp.me\/P7ERyi-N0","jetpack-related-posts":[{"id":3149,"url":"https:\/\/lesgravereaux.marret.co\/index.php\/les-etablissements-gravereaux\/les-objets-promotionnels\/","url_meta":{"origin":3038,"position":0},"title":"Les objets promotionnels","author":"marretgravereaux","date":"12 juin 2016","format":false,"excerpt":"Au fil des ans, les \u00c9tablissements Gravereaux font fabriquer et distribuer divers objets promotionnels. Une grande partie d'entre\u00a0 eux sont\u00a0distribu\u00e9s aux\u00a0clients eux-m\u00eames et\u00a0choisis alors selon la client\u00e8le vis\u00e9e... Les produits des \u00c9tablissements Gravereaux concernent\u00a0d'abord les hommes et l'on ne s'\u00e9tonnera pas que, dans les ann\u00e9es 1950-1960,\u00a0plusieurs objets s'adressent aux fumeurs\u2026","rel":"","context":"Article similaire","block_context":{"text":"Article similaire","link":""},"img":{"alt_text":"Triplefil, Marque-pages 1_wp","src":"https:\/\/i0.wp.com\/lesgravereaux.marret.co\/wp-content\/uploads\/2016\/05\/Triplefil-Marque-pages-1_wp.jpg?resize=350%2C200","width":350,"height":200},"classes":[]},{"id":2761,"url":"https:\/\/lesgravereaux.marret.co\/index.php\/les-etablissements-gravereaux\/les-produits-des-etablissements-gravereaux\/triplefil\/","url_meta":{"origin":3038,"position":1},"title":"Triplefil","author":"marretgravereaux","date":"19 mai 2016","format":false,"excerpt":"Au d\u00e9but de son existence, la Maison Gravereaux\u00a0commercialise sa production et \u00e9tablit sa r\u00e9putation par son seul nom de famille; dans son catalogue de 1910, la Manufacture de cols et manchettes R.\u00a0Gravereaux donne bien un nom \u00e0 ses divers produits (un col\u00a0Billy, des manchettes\u00a0Alvarez, un plastron Ruy Blas, etc.), mais\u2026","rel":"","context":"Article similaire","block_context":{"text":"Article similaire","link":""},"img":{"alt_text":"1910 EtsGr - Cat p07a_wp","src":"https:\/\/i0.wp.com\/lesgravereaux.marret.co\/wp-content\/uploads\/2016\/05\/1910-EtsGr-Cat-p07a_wp.jpg?resize=350%2C200","width":350,"height":200},"classes":[]},{"id":1211,"url":"https:\/\/lesgravereaux.marret.co\/index.php\/jules-gravereaux\/jules-gravereaux-et-lhay-documents-et-references\/","url_meta":{"origin":3038,"position":2},"title":"Jules Gravereaux et l&rsquo;Ha\u00ff &#8211; Documents et r\u00e9f\u00e9rences","author":"marretgravereaux","date":"18 mars 2016","format":false,"excerpt":"S\u2019il ne fallait mentionner qu\u2019un ouvrage \u00e0 lire pour conna\u00eetre l\u2019histoire de Jules Gravereaux et de la roseraie de L\u2019Ha\u00ff, ce serait certainement celui de Nadine Villalobos\u00a0: Floril\u00e8ge, la roseraie du Val-de-Marne \u00e0 L\u2019Ha\u00ff-les-Roses. Villa-Lobos, Nadine et B\u00e9atrice Pichon-Clarisse. Floril\u00e8ge \u00e0 L'Ha\u00ff-les-Roses - La roseraie du Val-de-Marne. Imprimerie Nationale, 2006.\u2026","rel":"","context":"Article similaire","block_context":{"text":"Article similaire","link":""},"img":{"alt_text":"Florilege c0_wp","src":"https:\/\/i0.wp.com\/marret.co\/wp-content\/uploads\/2016\/03\/Florilege-c0_wp-899x1024.jpg?resize=350%2C200","width":350,"height":200},"classes":[]},{"id":2832,"url":"https:\/\/lesgravereaux.marret.co\/index.php\/les-etablissements-gravereaux\/argenton-la-sogec\/","url_meta":{"origin":3038,"position":3},"title":"Argenton &#8211; La SOGEC","author":"marretgravereaux","date":"20 mai 2016","format":false,"excerpt":"ou les \u00c9tablissements Gravereaux dans la Creuse Les \u00c9tablissements Gravereaux faisaient affaire, d\u00e8s 1930, avec un fa\u00e7onnier, propri\u00e9taire de deux ateliers, \u00e0 Argenton et \u00e0 Levroux. En 1940, pr\u00e9voyant l\u2019arriv\u00e9e des Allemands en r\u00e9gion parisienne, Ren\u00e9 Gravereaux d\u00e9cide de transf\u00e9rer les produits finis et les tissus de l\u2019usine de Boulogne-sur-Seine\u2026","rel":"","context":"Article similaire","block_context":{"text":"Article similaire","link":""},"img":{"alt_text":"","src":"https:\/\/i0.wp.com\/lesgravereaux.marret.co\/wp-content\/uploads\/2017\/06\/Argenton-et-la-Creuse-01.jpg?resize=350%2C200","width":350,"height":200},"classes":[]},{"id":6107,"url":"https:\/\/lesgravereaux.marret.co\/index.php\/les-etablissements-gravereaux\/argenton-la-sogec\/argenton-la-nouvelle-usine-des-baignettes\/","url_meta":{"origin":3038,"position":4},"title":"Argenton &#8211; La nouvelle usine des Baignettes","author":"marretgravereaux","date":"4 mars 2019","format":false,"excerpt":"Une construction esth\u00e9tique et fonctionnelle L'usine des \u00c9tablissements GRAVEREAUX \u00e0 Argenton-sur-Creuse (Indre) \u00a0\u00a0 Architecte\u00a0: Michel BODIN Extrait d'article de revue La construction \u00e0 Argenton-sur-Creuse de la nouvelle usine des \u00c9tablissements GRAVEREAUX repr\u00e9sente une nouvelle \u00e9tape de l'expansion d'une firme ancienne qui, sp\u00e9cialis\u00e9e \u00e0 l'origine dans la fabrication des faux-cols, a\u2026","rel":"","context":"Article similaire","block_context":{"text":"Article similaire","link":""},"img":{"alt_text":"","src":"https:\/\/i0.wp.com\/lesgravereaux.marret.co\/wp-content\/uploads\/2019\/03\/Usine-des-Baignettes-Dessin-2a_wp.jpg?resize=350%2C200","width":350,"height":200},"classes":[]},{"id":2309,"url":"https:\/\/lesgravereaux.marret.co\/index.php\/la-famille-gravereaux\/gerard-gravereaux\/henry-gerard-gravereaux-sexpose\/femmes-portraits-et-nus-cannes-1985-1986\/","url_meta":{"origin":3038,"position":5},"title":"Femmes, portraits et nus (Cannes, 1985-1986)","author":"marretgravereaux","date":"7 mai 2016","format":false,"excerpt":"La Malmaison, Cannes. 14\u00a0d\u00e9cembre 1985 \u00a0\u2013 9\u00a0f\u00e9vrier 1986. \u00ab\u00a0Femmes\u2026, portraits et nus\u00a0\u00bb. [Exposition de groupe] Henry-G\u00e9rard GRAVEREAUX . Paris 1906N\u00e9 \u00e0 Paris dans une famille d'industriels. Etudes secondaires, baccalaur\u00e9at \u00e8s lettres et Ecole des Sciences Politiques.Premi\u00e8res \u00e9tudes de dessin \u00e0 l'Acad\u00e9mie Julian de 1924 \u00e0 1925. En 1937, se consacre\u2026","rel":"","context":"Article similaire","block_context":{"text":"Article similaire","link":""},"img":{"alt_text":"","src":"https:\/\/i0.wp.com\/lesgravereaux.marret.co\/wp-content\/uploads\/2018\/12\/1985-1986-Femmes-Portraits-et-Nus-%C3%89tude_wp.jpg?resize=350%2C200&ssl=1","width":350,"height":200,"srcset":"https:\/\/i0.wp.com\/lesgravereaux.marret.co\/wp-content\/uploads\/2018\/12\/1985-1986-Femmes-Portraits-et-Nus-%C3%89tude_wp.jpg?resize=350%2C200&ssl=1 1x, https:\/\/i0.wp.com\/lesgravereaux.marret.co\/wp-content\/uploads\/2018\/12\/1985-1986-Femmes-Portraits-et-Nus-%C3%89tude_wp.jpg?resize=525%2C300&ssl=1 1.5x"},"classes":[]}],"_links":{"self":[{"href":"https:\/\/lesgravereaux.marret.co\/index.php\/wp-json\/wp\/v2\/pages\/3038","targetHints":{"allow":["GET"]}}],"collection":[{"href":"https:\/\/lesgravereaux.marret.co\/index.php\/wp-json\/wp\/v2\/pages"}],"about":[{"href":"https:\/\/lesgravereaux.marret.co\/index.php\/wp-json\/wp\/v2\/types\/page"}],"author":[{"embeddable":true,"href":"https:\/\/lesgravereaux.marret.co\/index.php\/wp-json\/wp\/v2\/users\/1"}],"replies":[{"embeddable":true,"href":"https:\/\/lesgravereaux.marret.co\/index.php\/wp-json\/wp\/v2\/comments?post=3038"}],"version-history":[{"count":1,"href":"https:\/\/lesgravereaux.marret.co\/index.php\/wp-json\/wp\/v2\/pages\/3038\/revisions"}],"predecessor-version":[{"id":23129,"href":"https:\/\/lesgravereaux.marret.co\/index.php\/wp-json\/wp\/v2\/pages\/3038\/revisions\/23129"}],"up":[{"embeddable":true,"href":"https:\/\/lesgravereaux.marret.co\/index.php\/wp-json\/wp\/v2\/pages\/615"}],"wp:attachment":[{"href":"https:\/\/lesgravereaux.marret.co\/index.php\/wp-json\/wp\/v2\/media?parent=3038"}],"curies":[{"name":"wp","href":"https:\/\/api.w.org\/{rel}","templated":true}]}}