{"id":3008,"date":"2016-05-22T23:38:13","date_gmt":"2016-05-22T22:38:13","guid":{"rendered":"http:\/\/lesgravereaux.marret.co\/?page_id=3008"},"modified":"2016-06-12T16:21:36","modified_gmt":"2016-06-12T15:21:36","slug":"sogec-le-livret-dentreprise","status":"publish","type":"page","link":"https:\/\/lesgravereaux.marret.co\/index.php\/les-etablissements-gravereaux\/argenton-la-sogec\/sogec-le-livret-dentreprise\/","title":{"rendered":"SOGEC &#8211; Le livret d&rsquo;entreprise"},"content":{"rendered":"<p><a href=\"https:\/\/i0.wp.com\/lesgravereaux.marret.co\/wp-content\/uploads\/2016\/05\/SOGEC-Votre-entreprise-c00-OG1535_wp.jpg?ssl=1\"><img data-recalc-dims=\"1\" loading=\"lazy\" decoding=\"async\" data-attachment-id=\"3011\" data-permalink=\"https:\/\/lesgravereaux.marret.co\/index.php\/les-etablissements-gravereaux\/argenton-la-sogec\/sogec-le-livret-dentreprise\/sogec-votre-entreprise-c00-og1535_wp\/\" data-orig-file=\"https:\/\/i0.wp.com\/lesgravereaux.marret.co\/wp-content\/uploads\/2016\/05\/SOGEC-Votre-entreprise-c00-OG1535_wp.jpg?fit=1181%2C740&amp;ssl=1\" data-orig-size=\"1181,740\" data-comments-opened=\"1\" data-image-meta=\"{&quot;aperture&quot;:&quot;0&quot;,&quot;credit&quot;:&quot;&quot;,&quot;camera&quot;:&quot;&quot;,&quot;caption&quot;:&quot;&quot;,&quot;created_timestamp&quot;:&quot;0&quot;,&quot;copyright&quot;:&quot;&quot;,&quot;focal_length&quot;:&quot;0&quot;,&quot;iso&quot;:&quot;0&quot;,&quot;shutter_speed&quot;:&quot;0&quot;,&quot;title&quot;:&quot;&quot;,&quot;orientation&quot;:&quot;1&quot;}\" data-image-title=\"SOGEC Votre entreprise c00 &amp;#8211; OG1535_wp\" data-image-description=\"\" data-image-caption=\"\" data-medium-file=\"https:\/\/i0.wp.com\/lesgravereaux.marret.co\/wp-content\/uploads\/2016\/05\/SOGEC-Votre-entreprise-c00-OG1535_wp.jpg?fit=300%2C188&amp;ssl=1\" data-large-file=\"https:\/\/i0.wp.com\/lesgravereaux.marret.co\/wp-content\/uploads\/2016\/05\/SOGEC-Votre-entreprise-c00-OG1535_wp.jpg?fit=640%2C401&amp;ssl=1\" class=\"wp-image-3011 alignright\" src=\"https:\/\/i0.wp.com\/lesgravereaux.marret.co\/wp-content\/uploads\/2016\/05\/SOGEC-Votre-entreprise-c00-OG1535_wp.jpg?resize=350%2C219&#038;ssl=1\" alt=\"SOGEC Votre entreprise c00 - OG1535_wp\" width=\"350\" height=\"219\" data-wp-pid=\"3011\" srcset=\"https:\/\/i0.wp.com\/lesgravereaux.marret.co\/wp-content\/uploads\/2016\/05\/SOGEC-Votre-entreprise-c00-OG1535_wp.jpg?resize=1024%2C642&amp;ssl=1 1024w, https:\/\/i0.wp.com\/lesgravereaux.marret.co\/wp-content\/uploads\/2016\/05\/SOGEC-Votre-entreprise-c00-OG1535_wp.jpg?resize=300%2C188&amp;ssl=1 300w, https:\/\/i0.wp.com\/lesgravereaux.marret.co\/wp-content\/uploads\/2016\/05\/SOGEC-Votre-entreprise-c00-OG1535_wp.jpg?resize=768%2C481&amp;ssl=1 768w, https:\/\/i0.wp.com\/lesgravereaux.marret.co\/wp-content\/uploads\/2016\/05\/SOGEC-Votre-entreprise-c00-OG1535_wp.jpg?resize=800%2C501&amp;ssl=1 800w, https:\/\/i0.wp.com\/lesgravereaux.marret.co\/wp-content\/uploads\/2016\/05\/SOGEC-Votre-entreprise-c00-OG1535_wp.jpg?resize=600%2C376&amp;ssl=1 600w, https:\/\/i0.wp.com\/lesgravereaux.marret.co\/wp-content\/uploads\/2016\/05\/SOGEC-Votre-entreprise-c00-OG1535_wp.jpg?w=1181&amp;ssl=1 1181w\" sizes=\"auto, (max-width: 350px) 100vw, 350px\" \/><\/a>Dans les ann\u00e9es 1960, la SOGEC distribuait aux nouveaux employ\u00e9s un livret qui leur pr\u00e9sentait l\u2019entreprise, leur fournissait de multiples informations sur le fonctionnement de celle-ci et les services dont ils pourraient disposer. Les diff\u00e9rentes t\u00eates de chapitre du fascicule\u00a0<a href=\"https:\/\/lesgravereaux.marret.co\/wp-content\/uploads\/2016\/05\/SOGEC-Livret-Votre-entreprise.pdf\">Livret Votre entreprise (Sogec)<\/a>\u00a0donnent une id\u00e9e du mode de gestion des dirigeants et de la relation qu\u2019ils voulaient entretenir avec le personnel\u2026<\/p>\n<ul>\n<li>Historique<\/li>\n<li>Votre entreprise<\/li>\n<li>Quelques conseils<\/li>\n<li>Votre salaire<\/li>\n<li>L\u2019esprit de votre entreprise<\/li>\n<li>Suggestions<\/li>\n<li>D\u00e9l\u00e9gu\u00e9s du personnel<\/li>\n<li>Hygi\u00e8ne et s\u00e9curit\u00e9<\/li>\n<li>Service m\u00e9dical<\/li>\n<li>Service social<\/li>\n<li>S\u00e9curit\u00e9 sociale<\/li>\n<li>Pr\u00e9voyance<\/li>\n<li>Caisse chirurgicale mutualiste du Cher<\/li>\n<li>Caisse de Pr\u00e9voyance pour le ch\u00f4mage partiel<\/li>\n<li>Cong\u00e9s exceptionnels<\/li>\n<li>Logement<\/li>\n<li>\u00c0 votre service<\/li>\n<li>Entr\u2019aide \u2013 Retraite<\/li>\n<li>Loisirs<\/li>\n<\/ul>\n","protected":false},"excerpt":{"rendered":"<p>Dans les ann\u00e9es 1960, la SOGEC distribuait aux nouveaux employ\u00e9s un livret qui leur pr\u00e9sentait l\u2019entreprise, leur fournissait de multiples informations sur le fonctionnement de celle-ci et les services dont ils pourraient disposer. Les diff\u00e9rentes t\u00eates de chapitre du fascicule\u00a0Livret &hellip; <a href=\"https:\/\/lesgravereaux.marret.co\/index.php\/les-etablissements-gravereaux\/argenton-la-sogec\/sogec-le-livret-dentreprise\/\">Continuer la lecture <span class=\"meta-nav\">&rarr;<\/span><\/a><\/p>\n","protected":false},"author":1,"featured_media":0,"parent":2832,"menu_order":0,"comment_status":"closed","ping_status":"closed","template":"","meta":{"ngg_post_thumbnail":0,"jetpack_post_was_ever_published":false,"footnotes":""},"class_list":["post-3008","page","type-page","status-publish","hentry"],"jetpack_sharing_enabled":true,"jetpack_shortlink":"https:\/\/wp.me\/P7ERyi-Mw","jetpack-related-posts":[{"id":4533,"url":"https:\/\/lesgravereaux.marret.co\/index.php\/les-etablissements-gravereaux\/argenton-la-sogec\/la-sogec-a-argenton\/","url_meta":{"origin":3008,"position":0},"title":"La Sogec \u00e0 Argenton","author":"marretgravereaux","date":"13 juillet 2016","format":false,"excerpt":"Les journalistes de la revue Techniques de l'habillement\u00a0viennent \u00e0 Argenton en 1962. Ils effectuent une visite compl\u00e8te de l'usine de la rue Charles-Brillaud et font \u00e9tat de ce qu'ils remarquent en suivant les diff\u00e9rentes op\u00e9rations de fabrication : la coupe, le piquage, le repassage, l'emballage et l'exp\u00e9dition. \u00a0 L'article complet,\u2026","rel":"","context":"Article similaire","block_context":{"text":"Article similaire","link":""},"img":{"alt_text":"","src":"https:\/\/i0.wp.com\/lesgravereaux.marret.co\/wp-content\/uploads\/2017\/03\/1962-05-Techniques-de-lhabillement-p35_wp-666x1024.jpg?resize=350%2C200","width":350,"height":200},"classes":[]},{"id":3909,"url":"https:\/\/lesgravereaux.marret.co\/index.php\/les-etablissements-gravereaux\/argenton-la-sogec\/avril-1958-promotion-a-argenton\/","url_meta":{"origin":3008,"position":1},"title":"avril 1958 &#8211; Promotion \u00e0 Argenton","author":"marretgravereaux","date":"22 juin 2016","format":false,"excerpt":"En avril 1958, les \u00c9tablissements Gravereaux organisent une journ\u00e9e de promotion dans leur usine d\u2019Argenton. Celle-ci se d\u00e9roule autour de six activit\u00e9s : L'accueil, propice \u00e0 des\u00a0rencontres Une\u00a0visite\u00a0de l\u2019usine La promotion des produits des \u00c9tablissements Gravereaux Leur pr\u00e9sentation Un\u00a0d\u00e9fil\u00e9\u00a0de mode Des\u00a0repas Les photos pr\u00e9sent\u00e9es ici proviennent, pour la plupart, des\u2026","rel":"","context":"Article similaire","block_context":{"text":"Article similaire","link":""},"img":{"alt_text":"EtsGrA-OG(MdlC)1629w_wp","src":"https:\/\/i0.wp.com\/lesgravereaux.marret.co\/wp-content\/uploads\/2016\/05\/EtsGrA-OGMdlC1629w_wp.jpg?resize=350%2C200","width":350,"height":200},"classes":[]},{"id":3062,"url":"https:\/\/lesgravereaux.marret.co\/index.php\/les-etablissements-gravereaux\/argenton-la-sogec\/30-juillet-1967-depart-de-jean-rene-gravereaux\/","url_meta":{"origin":3008,"position":2},"title":"30 juillet 1967 &#8211; D\u00e9part de Jean-Ren\u00e9 Gravereaux","author":"marretgravereaux","date":"23 mai 2016","format":false,"excerpt":"Les \u00c9tablissements Gravereaux sont vendus \u2013 pour 1\u00a0franc symbolique \u2013 \u00e0 Boussac. La SOGEC dispara\u00eet et celui qui a \u00e9t\u00e9 l\u2019\u00e2me des deux \u00e0 Argenton s\u2019en va, apr\u00e8s plus d\u2019un quart de si\u00e8cle dans la vie locale\u2026 La presse est l\u00e0 pour ce dernier moment. Remise de d\u00e9corations et d\u00e9part\u2026","rel":"","context":"Article similaire","block_context":{"text":"Article similaire","link":""},"img":{"alt_text":"1967 La Nouvelle Republique_wp","src":"https:\/\/i0.wp.com\/lesgravereaux.marret.co\/wp-content\/uploads\/2016\/05\/1967-La-Nouvelle-Republique_wp-610x1024.jpg?resize=350%2C200","width":350,"height":200},"classes":[]},{"id":4488,"url":"https:\/\/lesgravereaux.marret.co\/index.php\/les-etablissements-gravereaux\/argenton-la-sogec\/1948-inauguration-de-la-nouvelle-usine-dargenton\/","url_meta":{"origin":3008,"position":3},"title":"1948 &#8211; Inauguration de la nouvelle usine d&rsquo;Argenton","author":"marretgravereaux","date":"11 juillet 2016","format":false,"excerpt":"En 1944, la famille Gravereaux ach\u00e8te\u00a0avec\u00a0la SOGEC (Soci\u00e9t\u00e9 G\u00e9n\u00e9rale d\u2019\u00c9quipement et de Confection) et, avec elle, le b\u00e2timent de\u00a0la manufacture Brillaud-Lemelle, au c\u0153ur de la\u00a0ville d'Argenton-sur-Creuse. R\u00e9am\u00e9nag\u00e9, celui-ci\u00a0devient\u00a0le centre des activit\u00e9s des \u00c9tablissements Gravereaux dans la Creuse. L'usine est officiellement inaugur\u00e9e en\u00a01948; la revue du CETIH (Centre d\u2019\u00c9tudes Techniques des\u2026","rel":"","context":"Article similaire","block_context":{"text":"Article similaire","link":""},"img":{"alt_text":"1948-05 Revue du CETIH - Inauguration_wp","src":"https:\/\/i0.wp.com\/lesgravereaux.marret.co\/wp-content\/uploads\/2016\/07\/1948-05-Revue-du-CETIH-Inauguration_wp-752x1024.jpg?resize=350%2C200","width":350,"height":200,"srcset":"https:\/\/i0.wp.com\/lesgravereaux.marret.co\/wp-content\/uploads\/2016\/07\/1948-05-Revue-du-CETIH-Inauguration_wp-752x1024.jpg?resize=350%2C200 1x, https:\/\/i0.wp.com\/lesgravereaux.marret.co\/wp-content\/uploads\/2016\/07\/1948-05-Revue-du-CETIH-Inauguration_wp-752x1024.jpg?resize=525%2C300 1.5x"},"classes":[]},{"id":2832,"url":"https:\/\/lesgravereaux.marret.co\/index.php\/les-etablissements-gravereaux\/argenton-la-sogec\/","url_meta":{"origin":3008,"position":4},"title":"Argenton &#8211; La SOGEC","author":"marretgravereaux","date":"20 mai 2016","format":false,"excerpt":"ou les \u00c9tablissements Gravereaux dans la Creuse Les \u00c9tablissements Gravereaux faisaient affaire, d\u00e8s 1930, avec un fa\u00e7onnier, propri\u00e9taire de deux ateliers, \u00e0 Argenton et \u00e0 Levroux. En 1940, pr\u00e9voyant l\u2019arriv\u00e9e des Allemands en r\u00e9gion parisienne, Ren\u00e9 Gravereaux d\u00e9cide de transf\u00e9rer les produits finis et les tissus de l\u2019usine de Boulogne-sur-Seine\u2026","rel":"","context":"Article similaire","block_context":{"text":"Article similaire","link":""},"img":{"alt_text":"","src":"https:\/\/i0.wp.com\/lesgravereaux.marret.co\/wp-content\/uploads\/2017\/06\/Argenton-et-la-Creuse-01.jpg?resize=350%2C200","width":350,"height":200},"classes":[]},{"id":6107,"url":"https:\/\/lesgravereaux.marret.co\/index.php\/les-etablissements-gravereaux\/argenton-la-sogec\/argenton-la-nouvelle-usine-des-baignettes\/","url_meta":{"origin":3008,"position":5},"title":"Argenton &#8211; La nouvelle usine des Baignettes","author":"marretgravereaux","date":"4 mars 2019","format":false,"excerpt":"Une construction esth\u00e9tique et fonctionnelle L'usine des \u00c9tablissements GRAVEREAUX \u00e0 Argenton-sur-Creuse (Indre) \u00a0\u00a0 Architecte\u00a0: Michel BODIN Extrait d'article de revue La construction \u00e0 Argenton-sur-Creuse de la nouvelle usine des \u00c9tablissements GRAVEREAUX repr\u00e9sente une nouvelle \u00e9tape de l'expansion d'une firme ancienne qui, sp\u00e9cialis\u00e9e \u00e0 l'origine dans la fabrication des faux-cols, a\u2026","rel":"","context":"Article similaire","block_context":{"text":"Article similaire","link":""},"img":{"alt_text":"","src":"https:\/\/i0.wp.com\/lesgravereaux.marret.co\/wp-content\/uploads\/2019\/03\/Usine-des-Baignettes-Dessin-2a_wp.jpg?resize=350%2C200","width":350,"height":200},"classes":[]}],"_links":{"self":[{"href":"https:\/\/lesgravereaux.marret.co\/index.php\/wp-json\/wp\/v2\/pages\/3008","targetHints":{"allow":["GET"]}}],"collection":[{"href":"https:\/\/lesgravereaux.marret.co\/index.php\/wp-json\/wp\/v2\/pages"}],"about":[{"href":"https:\/\/lesgravereaux.marret.co\/index.php\/wp-json\/wp\/v2\/types\/page"}],"author":[{"embeddable":true,"href":"https:\/\/lesgravereaux.marret.co\/index.php\/wp-json\/wp\/v2\/users\/1"}],"replies":[{"embeddable":true,"href":"https:\/\/lesgravereaux.marret.co\/index.php\/wp-json\/wp\/v2\/comments?post=3008"}],"version-history":[{"count":0,"href":"https:\/\/lesgravereaux.marret.co\/index.php\/wp-json\/wp\/v2\/pages\/3008\/revisions"}],"up":[{"embeddable":true,"href":"https:\/\/lesgravereaux.marret.co\/index.php\/wp-json\/wp\/v2\/pages\/2832"}],"wp:attachment":[{"href":"https:\/\/lesgravereaux.marret.co\/index.php\/wp-json\/wp\/v2\/media?parent=3008"}],"curies":[{"name":"wp","href":"https:\/\/api.w.org\/{rel}","templated":true}]}}