{"id":2957,"date":"2016-05-22T04:16:37","date_gmt":"2016-05-22T03:16:37","guid":{"rendered":"http:\/\/lesgravereaux.marret.co\/?page_id=2957"},"modified":"2016-06-12T15:18:37","modified_gmt":"2016-06-12T14:18:37","slug":"3-juin-1994-cousinade-gravereaux","status":"publish","type":"page","link":"https:\/\/lesgravereaux.marret.co\/index.php\/571-2\/3-juin-1994-cousinade-gravereaux\/","title":{"rendered":"3 juin 1994 &#8211; Cousinade Gravereaux"},"content":{"rendered":"<p>Ils \u00e9taient presque tous l\u00e0, les descendants du cr\u00e9ateur de la roseraie de L\u2019Ha\u00ff, des\u00a0arri\u00e8res petits-enfants avec leurs conjoints et leurs propres enfants\u2026 et ils entouraient les petits-enfants de Jules Gravereaux encore vivants\u00a0: H\u00e9l\u00e8ne Ballu, Marie-Th\u00e9r\u00e8se Ballu, Bernard Gravereaux, Jacqueline Gravereaux (Fanet), Jean-Ren\u00e9 Gravereaux, Nicole Gravereaux (Drouet) et Suzanne Gravereaux (Marret).<a href=\"https:\/\/lesgravereaux.marret.co\/index.php\/3-juin-1994-photo-reportage\/\"> <strong>Photo-reportage\u00bb\u00bb\u00bb<\/strong><\/a><\/p>\n<p><a href=\"https:\/\/i0.wp.com\/lesgravereaux.marret.co\/wp-content\/uploads\/2016\/05\/1994-06-03-Cousinade-Gravereaux-JLM0525v2.jpg?ssl=1\"><img data-recalc-dims=\"1\" loading=\"lazy\" decoding=\"async\" data-attachment-id=\"2965\" data-permalink=\"https:\/\/lesgravereaux.marret.co\/index.php\/571-2\/3-juin-1994-cousinade-gravereaux\/1994-06-03-cousinade-gravereaux-jlm0525v2\/\" data-orig-file=\"https:\/\/i0.wp.com\/lesgravereaux.marret.co\/wp-content\/uploads\/2016\/05\/1994-06-03-Cousinade-Gravereaux-JLM0525v2.jpg?fit=2000%2C1496&amp;ssl=1\" data-orig-size=\"2000,1496\" data-comments-opened=\"1\" data-image-meta=\"{&quot;aperture&quot;:&quot;0&quot;,&quot;credit&quot;:&quot;&quot;,&quot;camera&quot;:&quot;&quot;,&quot;caption&quot;:&quot;&quot;,&quot;created_timestamp&quot;:&quot;0&quot;,&quot;copyright&quot;:&quot;&quot;,&quot;focal_length&quot;:&quot;0&quot;,&quot;iso&quot;:&quot;0&quot;,&quot;shutter_speed&quot;:&quot;0&quot;,&quot;title&quot;:&quot;&quot;,&quot;orientation&quot;:&quot;1&quot;}\" data-image-title=\"1994-06-03 Cousinade Gravereaux (JLM0525v2)\" data-image-description=\"\" data-image-caption=\"\" data-medium-file=\"https:\/\/i0.wp.com\/lesgravereaux.marret.co\/wp-content\/uploads\/2016\/05\/1994-06-03-Cousinade-Gravereaux-JLM0525v2.jpg?fit=300%2C224&amp;ssl=1\" data-large-file=\"https:\/\/i0.wp.com\/lesgravereaux.marret.co\/wp-content\/uploads\/2016\/05\/1994-06-03-Cousinade-Gravereaux-JLM0525v2.jpg?fit=640%2C479&amp;ssl=1\" class=\"size-large wp-image-2965 aligncenter\" src=\"https:\/\/i0.wp.com\/lesgravereaux.marret.co\/wp-content\/uploads\/2016\/05\/1994-06-03-Cousinade-Gravereaux-JLM0525v2.jpg?resize=640%2C479&#038;ssl=1\" alt=\"1994-06-03 Cousinade Gravereaux (JLM0525v2)\" width=\"640\" height=\"479\" data-wp-pid=\"2965\" srcset=\"https:\/\/i0.wp.com\/lesgravereaux.marret.co\/wp-content\/uploads\/2016\/05\/1994-06-03-Cousinade-Gravereaux-JLM0525v2.jpg?resize=1024%2C766&amp;ssl=1 1024w, https:\/\/i0.wp.com\/lesgravereaux.marret.co\/wp-content\/uploads\/2016\/05\/1994-06-03-Cousinade-Gravereaux-JLM0525v2.jpg?resize=300%2C224&amp;ssl=1 300w, https:\/\/i0.wp.com\/lesgravereaux.marret.co\/wp-content\/uploads\/2016\/05\/1994-06-03-Cousinade-Gravereaux-JLM0525v2.jpg?resize=768%2C574&amp;ssl=1 768w, https:\/\/i0.wp.com\/lesgravereaux.marret.co\/wp-content\/uploads\/2016\/05\/1994-06-03-Cousinade-Gravereaux-JLM0525v2.jpg?resize=800%2C598&amp;ssl=1 800w, https:\/\/i0.wp.com\/lesgravereaux.marret.co\/wp-content\/uploads\/2016\/05\/1994-06-03-Cousinade-Gravereaux-JLM0525v2.jpg?resize=600%2C449&amp;ssl=1 600w, https:\/\/i0.wp.com\/lesgravereaux.marret.co\/wp-content\/uploads\/2016\/05\/1994-06-03-Cousinade-Gravereaux-JLM0525v2.jpg?w=1200&amp;ssl=1 1200w, https:\/\/i0.wp.com\/lesgravereaux.marret.co\/wp-content\/uploads\/2016\/05\/1994-06-03-Cousinade-Gravereaux-JLM0525v2.jpg?w=2000&amp;ssl=1 2000w, https:\/\/i0.wp.com\/lesgravereaux.marret.co\/wp-content\/uploads\/2016\/05\/1994-06-03-Cousinade-Gravereaux-JLM0525v2.jpg?w=1280&amp;ssl=1 1280w, https:\/\/i0.wp.com\/lesgravereaux.marret.co\/wp-content\/uploads\/2016\/05\/1994-06-03-Cousinade-Gravereaux-JLM0525v2.jpg?w=1920&amp;ssl=1 1920w\" sizes=\"auto, (max-width: 640px) 100vw, 640px\" \/><\/a><img data-recalc-dims=\"1\" loading=\"lazy\" decoding=\"async\" data-attachment-id=\"2959\" data-permalink=\"https:\/\/lesgravereaux.marret.co\/index.php\/571-2\/3-juin-1994-cousinade-gravereaux\/1994-06-03-gravereaux-famille-jules-jlm0525\/\" data-orig-file=\"https:\/\/i0.wp.com\/lesgravereaux.marret.co\/wp-content\/uploads\/2016\/05\/1994-06-03-Gravereaux-Famille-Jules-JLM0525.jpg?fit=%2C&amp;ssl=1\" data-orig-size=\"\" data-comments-opened=\"1\" data-image-meta=\"[]\" data-image-title=\"1994-06-03 Gravereaux, Famille Jules &amp;#8211; JLM0525\" data-image-description=\"\" data-image-caption=\"\" data-medium-file=\"https:\/\/i0.wp.com\/lesgravereaux.marret.co\/wp-content\/uploads\/2016\/05\/1994-06-03-Gravereaux-Famille-Jules-JLM0525.jpg?fit=300%2C300&amp;ssl=1\" data-large-file=\"https:\/\/i0.wp.com\/lesgravereaux.marret.co\/wp-content\/uploads\/2016\/05\/1994-06-03-Gravereaux-Famille-Jules-JLM0525.jpg?fit=1024%2C1024&amp;ssl=1\" class=\"alignnone size-large wp-image-2959\" src=\"https:\/\/i0.wp.com\/lesgravereaux.marret.co\/wp-content\/uploads\/2016\/05\/1994-06-03-Gravereaux-Famille-Jules-JLM0525.jpg?resize=1%2C1&#038;ssl=1\" alt=\"1994-06-03 Gravereaux, Famille Jules - JLM0525\" width=\"1\" height=\"1\" data-wp-pid=\"2959\" \/>Pour savoir qui est sur la photo, consulter <strong><a href=\"https:\/\/lesgravereaux.marret.co\/wp-content\/uploads\/2016\/05\/1994-06-03-Les-participants.pdf\">Participants \u00e0 la cousinade (3 juin 1994)<\/a>&#8230;<\/strong><\/p>\n<p>\u00c0 cette occasion, Jean-Ren\u00e9 Gravereaux pronon\u00e7ait le discours suivant :<\/p>\n<p style=\"padding-left: 30px;\"><a href=\"https:\/\/i0.wp.com\/lesgravereaux.marret.co\/wp-content\/uploads\/2016\/05\/1994-JRG-discours_wp.jpg?ssl=1\"><img data-recalc-dims=\"1\" loading=\"lazy\" decoding=\"async\" data-attachment-id=\"2961\" data-permalink=\"https:\/\/lesgravereaux.marret.co\/index.php\/571-2\/3-juin-1994-cousinade-gravereaux\/1994-jrg-discours_wp\/\" data-orig-file=\"https:\/\/i0.wp.com\/lesgravereaux.marret.co\/wp-content\/uploads\/2016\/05\/1994-JRG-discours_wp.jpg?fit=544%2C591&amp;ssl=1\" data-orig-size=\"544,591\" data-comments-opened=\"1\" data-image-meta=\"{&quot;aperture&quot;:&quot;0&quot;,&quot;credit&quot;:&quot;&quot;,&quot;camera&quot;:&quot;&quot;,&quot;caption&quot;:&quot;&quot;,&quot;created_timestamp&quot;:&quot;0&quot;,&quot;copyright&quot;:&quot;&quot;,&quot;focal_length&quot;:&quot;0&quot;,&quot;iso&quot;:&quot;0&quot;,&quot;shutter_speed&quot;:&quot;0&quot;,&quot;title&quot;:&quot;&quot;,&quot;orientation&quot;:&quot;1&quot;}\" data-image-title=\"1994&amp;#8211;JRG-discours_wp\" data-image-description=\"\" data-image-caption=\"&lt;p&gt;Jean-Ren\u00e9 Gravereaux&lt;\/p&gt;\n\" data-medium-file=\"https:\/\/i0.wp.com\/lesgravereaux.marret.co\/wp-content\/uploads\/2016\/05\/1994-JRG-discours_wp.jpg?fit=276%2C300&amp;ssl=1\" data-large-file=\"https:\/\/i0.wp.com\/lesgravereaux.marret.co\/wp-content\/uploads\/2016\/05\/1994-JRG-discours_wp.jpg?fit=544%2C591&amp;ssl=1\" class=\"wp-image-2961 alignright\" src=\"https:\/\/i0.wp.com\/lesgravereaux.marret.co\/wp-content\/uploads\/2016\/05\/1994-JRG-discours_wp.jpg?resize=250%2C271&#038;ssl=1\" alt=\"1994--JRG-discours_wp\" width=\"250\" height=\"271\" data-wp-pid=\"2961\" srcset=\"https:\/\/i0.wp.com\/lesgravereaux.marret.co\/wp-content\/uploads\/2016\/05\/1994-JRG-discours_wp.jpg?w=544&amp;ssl=1 544w, https:\/\/i0.wp.com\/lesgravereaux.marret.co\/wp-content\/uploads\/2016\/05\/1994-JRG-discours_wp.jpg?resize=276%2C300&amp;ssl=1 276w\" sizes=\"auto, (max-width: 250px) 100vw, 250px\" \/><\/a><em>Ayant le triste privil\u00e8ge d&rsquo;\u00eatre le doyen des descendants de Jules Gravereaux portant le nom, il me revient le difficile honneur de dire quelques mots \u00e0 l&rsquo;occasion de cette belle r\u00e9union de famille.<\/em><\/p>\n<p style=\"padding-left: 30px;\"><em>Nous connaissions tous Jules Gravereaux, notre a\u00efeul, comme rosi\u00e9riste distingu\u00e9\u00a0: \u00ab\u00a0Rosi\u00e9riste\u00a0: celui qui aime les roses, qui cultive les rosiers\u00a0\u00bb. Or, comme vous probablement, j\u2019ai appris, en visitant l&rsquo;exposition du Centenaire, qu&rsquo;il \u00e9tait connu comme\u00a0Rhodologue\u00a0: \u00ab\u00a0celui qui \u00e9tudie et fait des recherches sur la rose\u00a0\u00bb.<\/em><\/p>\n<p style=\"padding-left: 30px;\"><em>Aujourd&rsquo;hui m\u00eame, \u00e0 l&rsquo;auditorium de L&rsquo;Ha\u00ff, des rhodologues du monde entier se sont r\u00e9unis en colloque sur le th\u00e8me de l\u2019\u00ab\u00a0Avanc\u00e9e de la rose\u00a0\u00bb. Vous avez pu croiser quelques-uns de ces chercheurs, visitant comme vous la roseraie et l&rsquo;exposition.<br \/>\nJean-Luc Marret, fils de Suzanne, a particip\u00e9 \u00e0 ces travaux, \u00e9tant lui-m\u00eame en recherche sur les cr\u00e9ations faites \u00e0 L&rsquo;Ha\u00ff.<\/em><\/p>\n<p style=\"padding-left: 30px;\"><em>Je ne me sens gu\u00e8re qualifi\u00e9 pour parler de Jules Gravereaux en tant que rhodologue; l&rsquo;exposition que vous avez visit\u00e9e le relate tr\u00e8s bien. J&rsquo;ajouterai simplement tout l&rsquo;int\u00e9r\u00eat et la sympathie que portent les organisateurs du Centenaire de la roseraie \u00e0 celui qu&rsquo;ils appellent Gravereaux comme on le fait pour les hommes importants.<\/em><\/p>\n<p style=\"padding-left: 30px;\"><em>La roseraie de L&rsquo;Ha\u00ff est maintenant consid\u00e9r\u00e9e comme un bien national, comme le mus\u00e9e vivant de la rose, dans ce cadre merveilleux, voulu et dessin\u00e9 par notre anc\u00eatre et par \u00c9douard Andr\u00e9. Un mus\u00e9e a pour t\u00e2che premi\u00e8re &#8211; et j&rsquo;en sais quelque chose &#8211; la conservation des collections. C&rsquo;est difficile lorsqu&rsquo;il s&rsquo;agit d&rsquo;un mus\u00e9e de plantes qui vivent et meurent, et ce, particuli\u00e8rement dans le domaine de la rose o\u00f9 il se cr\u00e9e chaque ann\u00e9e de nouvelles esp\u00e8ces.<\/em><\/p>\n<p style=\"padding-left: 30px;\"><em>\u00c0 L&rsquo;Ha\u00ff, on conserve et on conservera toujours les roses anciennes dans leur cadre consid\u00e9r\u00e9 comme le sanctuaire de la rose. En compl\u00e9ment de L&rsquo;Ha\u00ff, le Conseil g\u00e9n\u00e9ral du Val-de-Marne va cr\u00e9er une nouvelle et vaste roseraie \u00e0 Vitry, qui sera consacr\u00e9e aux roses nouvelles (\u00e0 Vitry o\u00f9 est n\u00e9 Jules Gravereaux et o\u00f9 sont inhum\u00e9s ses parents).<\/em><\/p>\n<p style=\"padding-left: 30px;\"><em>Le parc de L&rsquo;Ha\u00ff a presque doubl\u00e9 depuis l&rsquo;acquisition de dix hectares d&rsquo;un parc mitoyen; il est tenu impeccablement dans le style un peu anglais qui fait pendant au dessin classique de la roseraie. L&rsquo;ancienne maison de notre famille, dite maintenant \u00ab\u00a0Maison Empire\u00a0\u00bb, est la demeure du sous-pr\u00e9fet du Val-de-Marne qui a bien voulu nous y accueillir aujourd&rsquo;hui.<\/em><\/p>\n<p style=\"padding-left: 30px;\"><em>La m\u00e9moire de Jules Gravereaux est pieusement conserv\u00e9e aux archives du Val-de-Marne. Il serait souhaitable que des membres de notre famille y fassent des apports de documents, de photos, d&rsquo;objets dans le m\u00eame esprit qu\u2019a \u00e9t\u00e9 fait don par Guy Villeminot des films conserv\u00e9s par son p\u00e8re, Marcel Villeminot.<\/em><\/p>\n<p style=\"padding-left: 30px;\"><em>Nous pouvons \u00eatre fiers de l&rsquo;\u0153uvre de notre a\u00efeul et, \u00e0 mon sens, tr\u00e8s satisfaits d&rsquo;une conservation si impeccablement r\u00e9alis\u00e9e par le d\u00e9partement du Val de Marne qui y consacre des sommes tr\u00e8s importantes et envisage m\u00eame de reconstituer \u00e0 l&rsquo;identique le th\u00e9\u00e2tre de la rose.<\/em><\/p>\n<p style=\"padding-left: 30px;\"><em>Je voudrais \u00e9voquer ceux qui ont \u00e9t\u00e9 marqu\u00e9s par L&rsquo;Ha\u00ff et particuli\u00e8rement mon oncle, le colonel Henri Gravereaux, \u00e0 qui nous devons probablement le maintien de la roseraie. Hubert Gravereaux, son fils, s&rsquo;est employ\u00e9 \u00e0 ce que le nom de Jules Gravereaux soit r\u00e9guli\u00e8rement rappel\u00e9 \u00e0 une \u00e9poque o\u00f9 ce n&rsquo;\u00e9tait pas le cas. J&rsquo;ai recueilli de lui, par hasard, un petit livre de po\u00e8mes o\u00f9 il est question de la rose. Je ne peux m&#8217;emp\u00eacher de vous en lire la d\u00e9dicace\u00a0: \u00ab\u00a0Pour Jean-Claude Pascal, ce petit livre, dans lequel j&rsquo;ai mis le cri d\u00e9chirant d&rsquo;un homme face \u00e0 sa solitude\u00a0\u00bb.<\/em><\/p>\n<p style=\"padding-left: 30px;\"><em>II faut ajouter le remarquable travail sur la g\u00e9n\u00e9alogie de la famille qu\u2019a fait H\u00e9l\u00e8ne Ballu il y a quelques ann\u00e9es et qui, depuis sa parution, a \u00e9t\u00e9 le livre essentiel de r\u00e9f\u00e9rence pour chacun de nous.<\/em><\/p>\n<p style=\"padding-left: 30px;\"><em>J&rsquo;en finirai avec ce sujet de la rose en faisant appel \u00e0 ceux qui poss\u00e8dent un coin de terre, pour qu\u2019ils r\u00e9servent une place privil\u00e9gi\u00e9e \u00e0 la rose. Que dans la r\u00e9gion parisienne, en Berry, en G\u00e2tinais, au Pays Basque, en Touraine, ou ailleurs en France ou \u00e0 l&rsquo;\u00e9tranger, il soit cr\u00e9\u00e9 de petites roseraies en hommage \u00e0 notre anc\u00eatre. Au Canada, c&rsquo;est bien amorc\u00e9, malgr\u00e9 la difficult\u00e9 d&rsquo;adaptation au grand froid, par Ken Calder et Jean-Luc Marret.<\/em><\/p>\n<p style=\"padding-left: 30px;\"><em>Tout cela, cette roseraie, ce parc ont pu \u00eatre cr\u00e9\u00e9s gr\u00e2ce \u00e0 une fortune faite rapidement comme cela \u00e9tait fr\u00e9quent au 19e si\u00e8cle. Aux \u00ab\u00a0\u0153uvres\u00a0\u00bb du Bon March\u00e9, il faudrait, \u00e0 mon sens, ajouter celle indirecte, de la roseraie de L&rsquo;Ha\u00ff, o\u00f9 notre anc\u00eatre a d\u00e9pens\u00e9 une partie de sa fortune. Les r\u00e9ceptions souvent fastueuses comme celle du roi de Bulgarie qui a fait l&rsquo;objet de la couverture de l&rsquo;Illustration de janvier 1910, ou les spectacles donn\u00e9s au th\u00e9\u00e2tre de la rose n&rsquo;\u00e9taient pas destin\u00e9s au prestige de Jules Gravereaux ou de sa famille, mais \u00e0 la promotion de la rose. C&rsquo;est dans ce m\u00eame esprit qu&rsquo;il a particip\u00e9 \u00e0 la cr\u00e9ation de la roseraie de Bagatelle et de celle de Malmaison.<\/em><\/p>\n<p style=\"padding-left: 30px;\"><em>Dans un petit livret de notes qu&rsquo;il tenait, Jules se r\u00e9v\u00e8le \u00eatre un homme simple, bon, affectueux et attentif envers ses enfants. Quelle joie donc pour cet homme de voir aujourd&rsquo;hui sa descendance, les tout-petits, les jeunes, les moins jeunes, r\u00e9unis autour de son souvenir et de son \u0153uvre.<\/em><\/p>\n<p style=\"padding-left: 30px;\"><em>Ce soir nous pensons \u00e0 toi. Grand-p\u00e8re Jules, avec beaucoup d\u2019\u00e9motion&#8230;<\/em><\/p>\n","protected":false},"excerpt":{"rendered":"<p>Ils \u00e9taient presque tous l\u00e0, les descendants du cr\u00e9ateur de la roseraie de L\u2019Ha\u00ff, des\u00a0arri\u00e8res petits-enfants avec leurs conjoints et leurs propres enfants\u2026 et ils entouraient les petits-enfants de Jules Gravereaux encore vivants\u00a0: H\u00e9l\u00e8ne Ballu, Marie-Th\u00e9r\u00e8se Ballu, Bernard Gravereaux, Jacqueline &hellip; <a href=\"https:\/\/lesgravereaux.marret.co\/index.php\/571-2\/3-juin-1994-cousinade-gravereaux\/\">Continuer la lecture <span class=\"meta-nav\">&rarr;<\/span><\/a><\/p>\n","protected":false},"author":1,"featured_media":0,"parent":571,"menu_order":0,"comment_status":"closed","ping_status":"closed","template":"","meta":{"ngg_post_thumbnail":0,"jetpack_post_was_ever_published":false,"footnotes":""},"class_list":["post-2957","page","type-page","status-publish","hentry"],"jetpack_sharing_enabled":true,"jetpack_shortlink":"https:\/\/wp.me\/P7ERyi-LH","jetpack-related-posts":[{"id":606,"url":"https:\/\/lesgravereaux.marret.co\/index.php\/la-famille-gravereaux\/la-ronde-des-enfants\/","url_meta":{"origin":2957,"position":0},"title":"La ronde des enfants","author":"marretgravereaux","date":"7 mars 2016","format":false,"excerpt":"\u00c9poux de Blanche Gravereaux, Carlos Alvarez del Campo avait plusieurs talents, dont le dessin\u2026 Le 18 f\u00e9vrier 1912 (selon l\u2019indication port\u00e9e \u00e0 c\u00f4t\u00e9 de la signature \u00ab\u00a0Solray\u00a0\u00bb), il aurait dessin\u00e9 La ronde des enfants, d\u00e9diant celle-ci \u00e0 plusieurs de ses neveux et ses ni\u00e8ces. Quatre versions de cette ronde sont\u2026","rel":"","context":"Article similaire","block_context":{"text":"Article similaire","link":""},"img":{"alt_text":"GV044-2 - la ronde 1912b_wp","src":"https:\/\/i0.wp.com\/marret.co\/wp-content\/uploads\/2016\/03\/GV044-2-la-ronde-1912b_wp-1024x806.jpg?resize=350%2C200","width":350,"height":200,"srcset":"https:\/\/i0.wp.com\/marret.co\/wp-content\/uploads\/2016\/03\/GV044-2-la-ronde-1912b_wp-1024x806.jpg?resize=350%2C200 1x, https:\/\/i0.wp.com\/marret.co\/wp-content\/uploads\/2016\/03\/GV044-2-la-ronde-1912b_wp-1024x806.jpg?resize=525%2C300 1.5x"},"classes":[]},{"id":1536,"url":"https:\/\/lesgravereaux.marret.co\/index.php\/571-2\/1910-le-19-juin\/","url_meta":{"origin":2957,"position":1},"title":"19 juin 1910 &#8211; Bapt\u00eames familiaux","author":"marretgravereaux","date":"10 avril 2016","format":false,"excerpt":"Le 19 juin 1910, le cardinal L\u00e9on-Adolphe Amette, archev\u00eaque de Paris, c\u00e9l\u00e9brait dans la chapelle de L'Ha\u00ff, le bapt\u00eame d\u2019H\u00e9l\u00e8ne Ballu (n\u00e9e \u00e0 L\u2019Ha\u00ff le 11\u00a0juin\u00a01910) et de Suzanne Gravereaux (n\u00e9e \u00e0 Paris VIIe le 22\u00a0novembre\u00a01909). Une r\u00e9ception familiale a suivi la c\u00e9r\u00e9monie religieuse. \u00a0 \u00a0 \u00a0 \u00a0 \u00a0 Source\u00a0:\u2026","rel":"","context":"Article similaire","block_context":{"text":"Article similaire","link":""},"img":{"alt_text":"1910-06-19 Gravereaux, Suzanne - JLM0285N_wp","src":"https:\/\/i0.wp.com\/lesgravereaux.marret.co\/wp-content\/uploads\/2016\/03\/1910-06-19-Gravereaux-Suzanne-JLM0285N_wp-1024x721.jpg?resize=350%2C200","width":350,"height":200},"classes":[]},{"id":2377,"url":"https:\/\/lesgravereaux.marret.co\/index.php\/la-famille-gravereaux\/la-famille-gravereaux-au-theatre\/","url_meta":{"origin":2957,"position":2},"title":"La famille Gravereaux au th\u00e9\u00e2tre","author":"marretgravereaux","date":"9 mai 2016","format":false,"excerpt":"En se mariant avec Laure Thuillier, Jules Gravereaux entrait dans une famille au talent artistique ind\u00e9niable. Sa belle-s\u0153ur, Louise Victoire Thuillier avait remport\u00e9 un premier prix de piano et un 1er prix de solf\u00e8ge au Conservatoire; elle fit d\u2019ailleurs carri\u00e8re \u00e0 l\u2019Op\u00e9ra-Comique et \u00e0 la Gait\u00e9 Lyrique, o\u00f9 elle cr\u00e9a\u2026","rel":"","context":"Article similaire","block_context":{"text":"Article similaire","link":""},"img":{"alt_text":"1903-03-30 Gravereaux, Jules - Spectacle (Journal des debats) 2_wp","src":"https:\/\/i0.wp.com\/lesgravereaux.marret.co\/wp-content\/uploads\/2016\/05\/1903-03-30-Gravereaux-Jules-Spectacle-Journal-des-debats-2_wp-1024x683.jpg?resize=350%2C200","width":350,"height":200},"classes":[]},{"id":946,"url":"https:\/\/lesgravereaux.marret.co\/index.php\/jules-gravereaux\/4-avenue-de-villars\/","url_meta":{"origin":2957,"position":3},"title":"4, avenue de Villars","author":"marretgravereaux","date":"13 mars 2016","format":false,"excerpt":"Le 25 novembre 1894, Jules Gravereaux ach\u00e8te l\u2019immeuble \u00ab\u00a0de Monsieur Guillaume Grohe, fabricant de meubles, et Madame-Emilie Anna Prehy, son \u00e9pouse, demeurant ensemble \u00e0 Paris, Avenue de Villars num\u00e9ro 4. Suivant proc\u00e8s-verbal d'adjudication dress\u00e9 le vingt cinq novembre mil huit cent quatre vingt quatre par Me Meighein, Notaire \u00e0 Paris\u2026","rel":"","context":"Article similaire","block_context":{"text":"Article similaire","link":""},"img":{"alt_text":"4 Av de Villars - YH020_wp","src":"https:\/\/i0.wp.com\/marret.co\/wp-content\/uploads\/2016\/03\/4-Av-de-Villars-YH020_wp-644x1024.jpg?resize=350%2C200","width":350,"height":200},"classes":[]},{"id":2108,"url":"https:\/\/lesgravereaux.marret.co\/index.php\/la-famille-gravereaux\/1983-la-famille-gravereaux-h-ballu\/","url_meta":{"origin":2957,"position":4},"title":"1983 &#8211; La famille Gravereaux  (H. Ballu)","author":"marretgravereaux","date":"1 mai 2016","format":false,"excerpt":"La famille de Jules Gravereaux et Laure Thuillier\u00a0en 1983 \u00a0 En 1983, H\u00e9l\u00e8ne Ballu fait \u00e9diter, \u00e0 compte d'auteur, une brochure sur la famille Gravereaux qu'elle distribue \u00e0 tous les descendants de Jules Gravereaux ainsi qu'\u00e0 quelques collat\u00e9raux.\u00a0Henri Gravereaux - son oncle -\u00a0avait r\u00e9dig\u00e9 des notes g\u00e9n\u00e9alogiques en 1943; H\u00e9l\u00e8ne\u2026","rel":"","context":"Article similaire","block_context":{"text":"Article similaire","link":""},"img":{"alt_text":"1983 Ballu, H\u00e9l\u00e8ne - Brochure c0","src":"https:\/\/i0.wp.com\/lesgravereaux.marret.co\/wp-content\/uploads\/2016\/05\/1983-Ballu-H%C3%A9l%C3%A8ne-Brochure-c0.jpg?resize=350%2C200","width":350,"height":200},"classes":[]},{"id":645,"url":"https:\/\/lesgravereaux.marret.co\/index.php\/la-famille-gravereaux\/","url_meta":{"origin":2957,"position":5},"title":"La famille Gravereaux","author":"marretgravereaux","date":"7 mars 2016","format":false,"excerpt":"Les origines de Gravereaux \u2013et de ses ascendants \u2013 ne sont pas encore connues. On sait seulement que son arri\u00e8re grand-p\u00e8re, Jean Baptiste GRAVEREAU est probablement n\u00e9 dans le Libournais (peut-\u00eatre \u00e0 Prignac-et-Marcamps) en 1733 et qu\u2019il se serait install\u00e9 vers 1750 \u00e0 Vitry-sur-Seine, y travaillant comme menuisier. Si les\u2026","rel":"","context":"Article similaire","block_context":{"text":"Article similaire","link":""},"img":{"alt_text":"Album Jules Gravereaux - pA-02 (Vitry 1889) _wp","src":"https:\/\/i0.wp.com\/marret.co\/wp-content\/uploads\/2016\/03\/Album-Jules-Gravereaux-pA-02-Vitry-1889-_wp.jpg?resize=350%2C200","width":350,"height":200},"classes":[]}],"_links":{"self":[{"href":"https:\/\/lesgravereaux.marret.co\/index.php\/wp-json\/wp\/v2\/pages\/2957","targetHints":{"allow":["GET"]}}],"collection":[{"href":"https:\/\/lesgravereaux.marret.co\/index.php\/wp-json\/wp\/v2\/pages"}],"about":[{"href":"https:\/\/lesgravereaux.marret.co\/index.php\/wp-json\/wp\/v2\/types\/page"}],"author":[{"embeddable":true,"href":"https:\/\/lesgravereaux.marret.co\/index.php\/wp-json\/wp\/v2\/users\/1"}],"replies":[{"embeddable":true,"href":"https:\/\/lesgravereaux.marret.co\/index.php\/wp-json\/wp\/v2\/comments?post=2957"}],"version-history":[{"count":0,"href":"https:\/\/lesgravereaux.marret.co\/index.php\/wp-json\/wp\/v2\/pages\/2957\/revisions"}],"up":[{"embeddable":true,"href":"https:\/\/lesgravereaux.marret.co\/index.php\/wp-json\/wp\/v2\/pages\/571"}],"wp:attachment":[{"href":"https:\/\/lesgravereaux.marret.co\/index.php\/wp-json\/wp\/v2\/media?parent=2957"}],"curies":[{"name":"wp","href":"https:\/\/api.w.org\/{rel}","templated":true}]}}